{"id":48620,"date":"2025-01-21T08:45:44","date_gmt":"2025-01-21T08:45:44","guid":{"rendered":"https:\/\/unhz.eu\/fakulteti-i-agrobiznesit\/?page_id=48620"},"modified":"2026-02-03T12:38:21","modified_gmt":"2026-02-03T12:38:21","slug":"agromjedis-dhe-agroekologji-2022-2025","status":"publish","type":"page","link":"https:\/\/unhz.eu\/fakulteti-i-agrobiznesit\/en\/agromjedis-dhe-agroekologji-2022-2025\/","title":{"rendered":"AGROMJEDIS DHE AGROEKOLOGJI 2022-2025"},"content":{"rendered":"<p>PROGRAMI I STUDIMIT&nbsp; \u2013 BACHELOR \u2013 AGROMJEDIS DHE AGROEKOLOGJI 2022-2025<\/p>\n\n\n\n<figure class=\"wp-block-table\"><table class=\"has-fixed-layout\"><tbody><tr><td colspan=\"5\">&nbsp;<\/td><td colspan=\"3\">Viti I<\/td><\/tr><tr><td colspan=\"5\">Semestri I<\/td><td colspan=\"3\">Or\u00eb\/jav\u00eb<\/td><\/tr><tr><td>Nr<\/td><td colspan=\"2\">O<\/td><td colspan=\"2\">L\u00ebnd\u00ebt<\/td><td>L<\/td><td>U<\/td><td>ECTS<\/td><\/tr><tr><td>1<\/td><td colspan=\"2\">O<\/td><td colspan=\"2\">Kimi e p\u00ebrgjithshme dhe inorganike<\/td><td>3<\/td><td>2<\/td><td>6<\/td><\/tr><tr><td>2<\/td><td colspan=\"2\">O<\/td><td colspan=\"2\">Botanik\u00eb e p\u00ebrgjithshme<\/td><td>3<\/td><td>2<\/td><td>6<\/td><\/tr><tr><td>3<\/td><td colspan=\"2\">O<\/td><td colspan=\"2\">Matematik\u00eb<\/td><td>2<\/td><td>2<\/td><td>5<\/td><\/tr><tr><td>4<\/td><td colspan=\"2\">O<\/td><td colspan=\"2\">Agrometereologji me bazat e fizik\u00ebs<\/td><td>2<\/td><td>2<\/td><td>5<\/td><\/tr><tr><td>5<\/td><td colspan=\"2\">O<\/td><td colspan=\"2\">Gjuh\u00ebn angleze<\/td><td>2<\/td><td>0<\/td><td>4<\/td><\/tr><tr><td><strong>6.<\/strong><\/td><td colspan=\"2\">O<\/td><td colspan=\"2\">Informatik\u00eb e aplikuar n\u00eb bujq\u00ebsi<\/td><td>2<\/td><td>0<\/td><td>4<\/td><\/tr><tr><td colspan=\"5\">&nbsp;<\/td><td colspan=\"3\">Viti I<\/td><\/tr><tr><td colspan=\"5\">Semestri II<\/td><td colspan=\"3\">Or\u00eb\/jav\u00eb<\/td><\/tr><tr><td>Nr.<\/td><td colspan=\"3\">O\/Z<\/td><td>L\u00ebnd\u00ebt<\/td><td>L<\/td><td>U<\/td><td>ECTS<\/td><\/tr><tr><td>1<\/td><td colspan=\"3\">O<\/td><td>Bazat e prodhimit bimor<\/td><td>3<\/td><td>2<\/td><td>6<\/td><\/tr><tr><td>2<\/td><td colspan=\"3\">O<\/td><td>Pedologjia<\/td><td>2<\/td><td>2<\/td><td>5<\/td><\/tr><tr><td>3<\/td><td colspan=\"3\">O<\/td><td>Kimia Organike<\/td><td>2<\/td><td>2<\/td><td>5<\/td><\/tr><tr><td>4<\/td><td colspan=\"3\">O<\/td><td>Ekologjia&nbsp; Bujq\u00ebsore<\/td><td>2<\/td><td>2<\/td><td>5<\/td><\/tr><tr><td>5<\/td><td colspan=\"3\">O<\/td><td>Botanik\u00eb Sistematike<\/td><td>2<\/td><td>2<\/td><td>5<\/td><\/tr><tr><td>6<\/td><td colspan=\"3\">Z<\/td><td>Bim\u00ebt foragjere<\/td><td>2<\/td><td>1<\/td><td>4<\/td><\/tr><tr><td>7<\/td><td colspan=\"3\">Z<\/td><td>Bar\u00ebrat e k\u00ebqija<\/td><td>2<\/td><td>1<\/td><td>4<\/td><\/tr><tr><td colspan=\"5\">&nbsp;<\/td><td colspan=\"3\">Viti II<\/td><\/tr><tr><td colspan=\"5\">Semestri III<\/td><td colspan=\"3\">Or\u00eb\/jav\u00eb<\/td><\/tr><tr><td>Nr.<\/td><td colspan=\"3\">O\/Z<\/td><td>L\u00ebnd\u00ebt<\/td><td>L<\/td><td>U<\/td><td>ECTS<\/td><\/tr><tr><td>1.<\/td><td colspan=\"3\">O<\/td><td>Biokimia<\/td><td>3<\/td><td>2<\/td><td>6<\/td><\/tr><tr><td>2.<\/td><td colspan=\"3\">O<\/td><td>Fiziologjia e bim\u00ebve<\/td><td>2<\/td><td>2<\/td><td>5<\/td><\/tr><tr><td>3.<\/td><td colspan=\"3\">O<\/td><td>Bazat e agroekonomis\u00eb<\/td><td>2<\/td><td>2<\/td><td>5<\/td><\/tr><tr><td>4.<\/td><td colspan=\"3\">O<\/td><td>Ekologjia I dhe II<\/td><td>2<\/td><td>2<\/td><td>5<\/td><\/tr><tr><td>5.<\/td><td colspan=\"3\">O<\/td><td>Gjenetik\u00eb<\/td><td>3<\/td><td>2<\/td><td>6<\/td><\/tr><tr><td>6.<\/td><td colspan=\"3\">Z<\/td><td>Fara dhe prodhimi i fidaneve<\/td><td>2<\/td><td>1<\/td><td>4<\/td><\/tr><tr><td><strong>7.<\/strong><\/td><td colspan=\"3\">Z<\/td><td>Kimia e mjedisit<\/td><td>2<\/td><td>1<\/td><td>4<\/td><\/tr><tr><td>8.<\/td><td colspan=\"3\">Z<\/td><td>Bazat e pem\u00ebtaris\u00eb<\/td><td>2<\/td><td>1<\/td><td>4<\/td><\/tr><tr><td colspan=\"5\">&nbsp;<\/td><td colspan=\"3\">Viti II<\/td><\/tr><tr><td colspan=\"5\">Semestri IV<\/td><td colspan=\"3\">Or\u00eb\/jav\u00eb<\/td><\/tr><tr><td>Nr.<\/td><td colspan=\"3\">O\/Z<\/td><td>L\u00ebnd\u00ebt<\/td><td>L<\/td><td>U<\/td><td>ECTS<\/td><\/tr><tr><td>1<\/td><td colspan=\"3\">O<\/td><td>P\u00ebrmir\u00ebsimi gjenetik<\/td><td>2<\/td><td>2<\/td><td>5<\/td><\/tr><tr><td>2<\/td><td colspan=\"3\">O<\/td><td>Ndotja e mjedisit<\/td><td>2<\/td><td>2<\/td><td>5<\/td><\/tr><tr><td>3<\/td><td colspan=\"3\">O<\/td><td>Zoologji<\/td><td>2<\/td><td>2<\/td><td>5<\/td><\/tr><tr><td>4<\/td><td colspan=\"3\">O<\/td><td>Mikrobiologji<\/td><td>2<\/td><td>2<\/td><td>5<\/td><\/tr><tr><td>5<\/td><td colspan=\"3\">O<\/td><td>Hidrologji dhe hidroteknik\u00eb<\/td><td>2<\/td><td>2<\/td><td>5<\/td><\/tr><tr><td>6<\/td><td colspan=\"3\">Z<\/td><td>Industria ushqimore dhe mjedisi<\/td><td>2<\/td><td>1<\/td><td>4<\/td><\/tr><tr><td>7<\/td><td colspan=\"3\">Z<\/td><td>Bazat e shkencave animale<\/td><td>2<\/td><td>1<\/td><td>4<\/td><\/tr><tr><td>8<\/td><td colspan=\"3\">Z<\/td><td>Melorime bujq\u00ebsore<\/td><td>2<\/td><td>1<\/td><td>4<\/td><\/tr><tr><td colspan=\"5\">&nbsp;<\/td><td colspan=\"3\">Viti III<\/td><\/tr><tr><td colspan=\"5\">Semestri V<\/td><td colspan=\"3\">Or\u00eb\/jav\u00eb<\/td><\/tr><tr><td>Nr.<\/td><td colspan=\"3\">O\/Z<\/td><td>L\u00ebnd\u00ebt<\/td><td>L<\/td><td>U<\/td><td>ECTS<\/td><\/tr><tr><td>1.<\/td><td colspan=\"3\">O<\/td><td>Mbrojtja e bim\u00ebve<\/td><td>2<\/td><td>2<\/td><td>5<\/td><\/tr><tr><td>2.<\/td><td colspan=\"3\">O<\/td><td>Menaxhimi i cil\u00ebsis\u00eb s\u00eb ujrave<\/td><td>3<\/td><td>2<\/td><td>6<\/td><\/tr><tr><td>3.<\/td><td colspan=\"3\">O<\/td><td>Vler\u00ebsimi i ndikimit n\u00eb mjedis<\/td><td>2<\/td><td>2<\/td><td>5<\/td><\/tr><tr><td>4.<\/td><td colspan=\"3\">O<\/td><td>T\u00eb ushqyerit e bim\u00ebve<\/td><td>3<\/td><td>2<\/td><td>6<\/td><\/tr><tr><td>5.<\/td><td colspan=\"3\">O<\/td><td>Administrim dhe menaxhim toke<\/td><td>2<\/td><td>2<\/td><td>4<\/td><\/tr><tr><td colspan=\"2\">6.<\/td><td colspan=\"2\">Z<\/td><td>Degradimi i tok\u00ebs<\/td><td>2<\/td><td>1<\/td><td>4<\/td><\/tr><tr><td colspan=\"2\"><strong>7.<\/strong><\/td><td colspan=\"2\">Z<\/td><td>Erozioni dhe mbrojtja e tok\u00ebs<\/td><td>2<\/td><td>1<\/td><td>4<\/td><\/tr><tr><td colspan=\"5\">&nbsp;<\/td><td colspan=\"3\">Viti III<\/td><\/tr><tr><td colspan=\"5\">Semestri VI<\/td><td colspan=\"3\">Or\u00eb\/jav\u00eb<\/td><\/tr><tr><td colspan=\"2\">Nr.<\/td><td colspan=\"2\">O\/Z<\/td><td>L\u00ebnd\u00ebt<\/td><td>L<\/td><td>U<\/td><td>ECTS<\/td><\/tr><tr><td colspan=\"2\">1.<\/td><td colspan=\"2\">O<\/td><td>Teknologjia e kultivimit<\/td><td>2<\/td><td>2<\/td><td>5<\/td><\/tr><tr><td colspan=\"2\">2.<\/td><td colspan=\"2\">O<\/td><td>Trajtimi i tok\u00ebs dhe mbetjeve<\/td><td>2<\/td><td>2<\/td><td>4<\/td><\/tr><tr><td colspan=\"2\">3.<\/td><td colspan=\"2\">O<\/td><td>Ekologjia e resurseve natyrore<\/td><td>2<\/td><td>2<\/td><td>4<\/td><\/tr><tr><td colspan=\"2\">4.<\/td><td colspan=\"2\">O<\/td><td>Teknologjia e pasvjelj\u00ebs<\/td><td>2<\/td><td>2<\/td><td>4<\/td><\/tr><tr><td colspan=\"2\">5.<\/td><td colspan=\"2\">Z<\/td><td>Bim\u00ebt e arave<\/td><td>2<\/td><td>1<\/td><td>3<\/td><\/tr><tr><td colspan=\"2\">6.<\/td><td colspan=\"2\">Z<\/td><td>Bim\u00eb aromatike<\/td><td>2<\/td><td>1<\/td><td>3<\/td><\/tr><tr><td colspan=\"2\">7.<\/td><td colspan=\"2\">O<\/td><td>Punim diplome<\/td><td>&nbsp;<\/td><td>&nbsp;<\/td><td>10<\/td><\/tr><\/tbody><\/table><\/figure>","protected":false},"excerpt":{"rendered":"<p>PROGRAMI I STUDIMIT&nbsp; \u2013 BACHELOR \u2013 AGROMJEDIS DHE AGROEKOLOGJI 2022-2025 &nbsp; Viti I Semestri I Or\u00eb\/jav\u00eb Nr O L\u00ebnd\u00ebt L U ECTS 1 O Kimi e p\u00ebrgjithshme dhe inorganike 3&hellip;<\/p>","protected":false},"author":1,"featured_media":0,"parent":0,"menu_order":0,"comment_status":"closed","ping_status":"closed","template":"","meta":{"footnotes":""},"class_list":["post-48620","page","type-page","status-publish","hentry"],"yoast_head":"<!-- This site is optimized with the Yoast SEO Premium plugin v27.2 (Yoast SEO v27.2) - https:\/\/yoast.com\/product\/yoast-seo-premium-wordpress\/ -->\n<title>AGROMJEDIS DHE AGROEKOLOGJI 2022-2025 - Fakulteti i Agrobiznesit<\/title>\n<meta name=\"description\" content=\"Zbuloni kurrikul\u00ebn e programit t\u00eb studimit Agromjedis dhe Agroekologji 2022\u20112025 n\u00eb Fakultetin e Agrobiznesit t\u00eb Universitetit \u201cHaxhi Zeka\u201d, me l\u00ebnd\u00ebt dhe struktur\u00ebn semestrale.\" \/>\n<meta name=\"robots\" content=\"index, follow, max-snippet:-1, max-image-preview:large, max-video-preview:-1\" \/>\n<link rel=\"canonical\" href=\"https:\/\/unhz.eu\/fakulteti-i-agrobiznesit\/en\/agromjedis-dhe-agroekologji-2022-2025\/\" \/>\n<meta property=\"og:locale\" content=\"en_US\" \/>\n<meta property=\"og:type\" content=\"article\" \/>\n<meta property=\"og:title\" content=\"AGROMJEDIS DHE AGROEKOLOGJI 2022-2025\" \/>\n<meta property=\"og:description\" content=\"Zbuloni kurrikul\u00ebn e programit t\u00eb studimit Agromjedis dhe Agroekologji 2022\u20112025 n\u00eb Fakultetin e Agrobiznesit t\u00eb Universitetit \u201cHaxhi Zeka\u201d, me l\u00ebnd\u00ebt dhe struktur\u00ebn semestrale.\" \/>\n<meta property=\"og:url\" content=\"https:\/\/unhz.eu\/fakulteti-i-agrobiznesit\/en\/agromjedis-dhe-agroekologji-2022-2025\/\" \/>\n<meta property=\"og:site_name\" content=\"Fakulteti i Agrobiznesit\" \/>\n<meta property=\"article:modified_time\" content=\"2026-02-03T12:38:21+00:00\" \/>\n<meta name=\"twitter:card\" content=\"summary_large_image\" \/>\n<meta name=\"twitter:label1\" content=\"Est. reading time\" \/>\n\t<meta name=\"twitter:data1\" content=\"3 minutes\" \/>\n<script type=\"application\/ld+json\" class=\"yoast-schema-graph\">{\"@context\":\"https:\/\/schema.org\",\"@graph\":[{\"@type\":\"WebPage\",\"@id\":\"https:\/\/unhz.eu\/fakulteti-i-agrobiznesit\/agromjedis-dhe-agroekologji-2022-2025\/\",\"url\":\"https:\/\/unhz.eu\/fakulteti-i-agrobiznesit\/agromjedis-dhe-agroekologji-2022-2025\/\",\"name\":\"AGROMJEDIS DHE AGROEKOLOGJI 2022-2025 - Fakulteti i Agrobiznesit\",\"isPartOf\":{\"@id\":\"https:\/\/unhz.eu\/fakulteti-i-agrobiznesit\/#website\"},\"datePublished\":\"2025-01-21T08:45:44+00:00\",\"dateModified\":\"2026-02-03T12:38:21+00:00\",\"description\":\"Zbuloni kurrikul\u00ebn e programit t\u00eb studimit Agromjedis dhe Agroekologji 2022\u20112025 n\u00eb Fakultetin e Agrobiznesit t\u00eb Universitetit \u201cHaxhi Zeka\u201d, me l\u00ebnd\u00ebt dhe struktur\u00ebn semestrale.\",\"breadcrumb\":{\"@id\":\"https:\/\/unhz.eu\/fakulteti-i-agrobiznesit\/agromjedis-dhe-agroekologji-2022-2025\/#breadcrumb\"},\"inLanguage\":\"en-US\",\"potentialAction\":[{\"@type\":\"ReadAction\",\"target\":[\"https:\/\/unhz.eu\/fakulteti-i-agrobiznesit\/agromjedis-dhe-agroekologji-2022-2025\/\"]}]},{\"@type\":\"BreadcrumbList\",\"@id\":\"https:\/\/unhz.eu\/fakulteti-i-agrobiznesit\/agromjedis-dhe-agroekologji-2022-2025\/#breadcrumb\",\"itemListElement\":[{\"@type\":\"ListItem\",\"position\":1,\"name\":\"Home\",\"item\":\"https:\/\/unhz.eu\/fakulteti-i-agrobiznesit\/\"},{\"@type\":\"ListItem\",\"position\":2,\"name\":\"AGROMJEDIS DHE AGROEKOLOGJI 2022-2025\"}]},{\"@type\":\"WebSite\",\"@id\":\"https:\/\/unhz.eu\/fakulteti-i-agrobiznesit\/#website\",\"url\":\"https:\/\/unhz.eu\/fakulteti-i-agrobiznesit\/\",\"name\":\"Fakulteti i Agrobiznesit\",\"description\":\"I dedikuar p\u00ebr cil\u00ebsi standarde dhe suksese\",\"publisher\":{\"@id\":\"https:\/\/unhz.eu\/fakulteti-i-agrobiznesit\/#organization\"},\"potentialAction\":[{\"@type\":\"SearchAction\",\"target\":{\"@type\":\"EntryPoint\",\"urlTemplate\":\"https:\/\/unhz.eu\/fakulteti-i-agrobiznesit\/?s={search_term_string}\"},\"query-input\":{\"@type\":\"PropertyValueSpecification\",\"valueRequired\":true,\"valueName\":\"search_term_string\"}}],\"inLanguage\":\"en-US\"},{\"@type\":\"Organization\",\"@id\":\"https:\/\/unhz.eu\/fakulteti-i-agrobiznesit\/#organization\",\"name\":\"Fakulteti i Agrobiznesit\",\"url\":\"https:\/\/unhz.eu\/fakulteti-i-agrobiznesit\/\",\"logo\":{\"@type\":\"ImageObject\",\"inLanguage\":\"en-US\",\"@id\":\"https:\/\/unhz.eu\/fakulteti-i-agrobiznesit\/#\/schema\/logo\/image\/\",\"url\":\"https:\/\/unhz.eu\/fakulteti-i-agrobiznesit\/wp-content\/uploads\/sites\/11\/2024\/02\/cropped-logo-1-1-e1713527702695.png\",\"contentUrl\":\"https:\/\/unhz.eu\/fakulteti-i-agrobiznesit\/wp-content\/uploads\/sites\/11\/2024\/02\/cropped-logo-1-1-e1713527702695.png\",\"width\":100,\"height\":100,\"caption\":\"Fakulteti i Agrobiznesit\"},\"image\":{\"@id\":\"https:\/\/unhz.eu\/fakulteti-i-agrobiznesit\/#\/schema\/logo\/image\/\"}}]}<\/script>\n<!-- \/ Yoast SEO Premium plugin. -->","yoast_head_json":{"title":"AGROMJEDIS DHE AGROEKOLOGJI 2022-2025 - Fakulteti i Agrobiznesit","description":"Zbuloni kurrikul\u00ebn e programit t\u00eb studimit Agromjedis dhe Agroekologji 2022\u20112025 n\u00eb Fakultetin e Agrobiznesit t\u00eb Universitetit \u201cHaxhi Zeka\u201d, me l\u00ebnd\u00ebt dhe struktur\u00ebn semestrale.","robots":{"index":"index","follow":"follow","max-snippet":"max-snippet:-1","max-image-preview":"max-image-preview:large","max-video-preview":"max-video-preview:-1"},"canonical":"https:\/\/unhz.eu\/fakulteti-i-agrobiznesit\/en\/agromjedis-dhe-agroekologji-2022-2025\/","og_locale":"en_US","og_type":"article","og_title":"AGROMJEDIS DHE AGROEKOLOGJI 2022-2025","og_description":"Zbuloni kurrikul\u00ebn e programit t\u00eb studimit Agromjedis dhe Agroekologji 2022\u20112025 n\u00eb Fakultetin e Agrobiznesit t\u00eb Universitetit \u201cHaxhi Zeka\u201d, me l\u00ebnd\u00ebt dhe struktur\u00ebn semestrale.","og_url":"https:\/\/unhz.eu\/fakulteti-i-agrobiznesit\/en\/agromjedis-dhe-agroekologji-2022-2025\/","og_site_name":"Fakulteti i Agrobiznesit","article_modified_time":"2026-02-03T12:38:21+00:00","twitter_card":"summary_large_image","twitter_misc":{"Est. reading time":"3 minutes"},"schema":{"@context":"https:\/\/schema.org","@graph":[{"@type":"WebPage","@id":"https:\/\/unhz.eu\/fakulteti-i-agrobiznesit\/agromjedis-dhe-agroekologji-2022-2025\/","url":"https:\/\/unhz.eu\/fakulteti-i-agrobiznesit\/agromjedis-dhe-agroekologji-2022-2025\/","name":"AGROMJEDIS DHE AGROEKOLOGJI 2022-2025 - Fakulteti i Agrobiznesit","isPartOf":{"@id":"https:\/\/unhz.eu\/fakulteti-i-agrobiznesit\/#website"},"datePublished":"2025-01-21T08:45:44+00:00","dateModified":"2026-02-03T12:38:21+00:00","description":"Zbuloni kurrikul\u00ebn e programit t\u00eb studimit Agromjedis dhe Agroekologji 2022\u20112025 n\u00eb Fakultetin e Agrobiznesit t\u00eb Universitetit \u201cHaxhi Zeka\u201d, me l\u00ebnd\u00ebt dhe struktur\u00ebn semestrale.","breadcrumb":{"@id":"https:\/\/unhz.eu\/fakulteti-i-agrobiznesit\/agromjedis-dhe-agroekologji-2022-2025\/#breadcrumb"},"inLanguage":"en-US","potentialAction":[{"@type":"ReadAction","target":["https:\/\/unhz.eu\/fakulteti-i-agrobiznesit\/agromjedis-dhe-agroekologji-2022-2025\/"]}]},{"@type":"BreadcrumbList","@id":"https:\/\/unhz.eu\/fakulteti-i-agrobiznesit\/agromjedis-dhe-agroekologji-2022-2025\/#breadcrumb","itemListElement":[{"@type":"ListItem","position":1,"name":"Home","item":"https:\/\/unhz.eu\/fakulteti-i-agrobiznesit\/"},{"@type":"ListItem","position":2,"name":"AGROMJEDIS DHE AGROEKOLOGJI 2022-2025"}]},{"@type":"WebSite","@id":"https:\/\/unhz.eu\/fakulteti-i-agrobiznesit\/#website","url":"https:\/\/unhz.eu\/fakulteti-i-agrobiznesit\/","name":"Faculty of Agribussines","description":"Dedicated to standard quality and success","publisher":{"@id":"https:\/\/unhz.eu\/fakulteti-i-agrobiznesit\/#organization"},"potentialAction":[{"@type":"SearchAction","target":{"@type":"EntryPoint","urlTemplate":"https:\/\/unhz.eu\/fakulteti-i-agrobiznesit\/?s={search_term_string}"},"query-input":{"@type":"PropertyValueSpecification","valueRequired":true,"valueName":"search_term_string"}}],"inLanguage":"en-US"},{"@type":"Organization","@id":"https:\/\/unhz.eu\/fakulteti-i-agrobiznesit\/#organization","name":"Faculty of Agribussines","url":"https:\/\/unhz.eu\/fakulteti-i-agrobiznesit\/","logo":{"@type":"ImageObject","inLanguage":"en-US","@id":"https:\/\/unhz.eu\/fakulteti-i-agrobiznesit\/#\/schema\/logo\/image\/","url":"https:\/\/unhz.eu\/fakulteti-i-agrobiznesit\/wp-content\/uploads\/sites\/11\/2024\/02\/cropped-logo-1-1-e1713527702695.png","contentUrl":"https:\/\/unhz.eu\/fakulteti-i-agrobiznesit\/wp-content\/uploads\/sites\/11\/2024\/02\/cropped-logo-1-1-e1713527702695.png","width":100,"height":100,"caption":"Fakulteti i Agrobiznesit"},"image":{"@id":"https:\/\/unhz.eu\/fakulteti-i-agrobiznesit\/#\/schema\/logo\/image\/"}}]}},"_links":{"self":[{"href":"https:\/\/unhz.eu\/fakulteti-i-agrobiznesit\/en\/wp-json\/wp\/v2\/pages\/48620","targetHints":{"allow":["GET"]}}],"collection":[{"href":"https:\/\/unhz.eu\/fakulteti-i-agrobiznesit\/en\/wp-json\/wp\/v2\/pages"}],"about":[{"href":"https:\/\/unhz.eu\/fakulteti-i-agrobiznesit\/en\/wp-json\/wp\/v2\/types\/page"}],"author":[{"embeddable":true,"href":"https:\/\/unhz.eu\/fakulteti-i-agrobiznesit\/en\/wp-json\/wp\/v2\/users\/1"}],"replies":[{"embeddable":true,"href":"https:\/\/unhz.eu\/fakulteti-i-agrobiznesit\/en\/wp-json\/wp\/v2\/comments?post=48620"}],"version-history":[{"count":1,"href":"https:\/\/unhz.eu\/fakulteti-i-agrobiznesit\/en\/wp-json\/wp\/v2\/pages\/48620\/revisions"}],"predecessor-version":[{"id":49492,"href":"https:\/\/unhz.eu\/fakulteti-i-agrobiznesit\/en\/wp-json\/wp\/v2\/pages\/48620\/revisions\/49492"}],"wp:attachment":[{"href":"https:\/\/unhz.eu\/fakulteti-i-agrobiznesit\/en\/wp-json\/wp\/v2\/media?parent=48620"}],"curies":[{"name":"wp","href":"https:\/\/api.w.org\/{rel}","templated":true}]}}