{"id":48616,"date":"2025-01-21T08:43:37","date_gmt":"2025-01-21T08:43:37","guid":{"rendered":"https:\/\/unhz.eu\/fakulteti-i-agrobiznesit\/?page_id=48616"},"modified":"2026-02-03T12:36:07","modified_gmt":"2026-02-03T12:36:07","slug":"agromjedis-agroekologji-2016-2019","status":"publish","type":"page","link":"https:\/\/unhz.eu\/fakulteti-i-agrobiznesit\/en\/agromjedis-agroekologji-2016-2019\/","title":{"rendered":"AGROMJEDIS &amp; AGROEKOLOGJI \u2013 2016-2019"},"content":{"rendered":"<h5 class=\"wp-block-heading\"><strong>PROGRAMI I STUDIMIT DEPARTAMENTI &nbsp;AGROMJEDIS &amp; AGROEKOLOGJI \u2013 BACHELOR 2016-2019<br><\/strong><\/h5>\n\n\n\n<p><strong>Viti Par\u00eb \u2013 Semestri i par\u00eb dhe i dyt\u00eb<\/strong><\/p>\n\n\n\n<figure class=\"wp-block-table\"><table class=\"has-fixed-layout\"><tbody><tr><td colspan=\"5\"><strong>Viti i Par\u00eb \u2013 Semestri i I<\/strong><\/td><\/tr><tr><td><strong>Nr<\/strong><\/td><td><strong>L\u00ebnda<\/strong><\/td><td><strong>Fondi<\/strong><\/td><td><strong>ECTS<\/strong><\/td><td><strong>O\/Z<\/strong><\/td><\/tr><tr><td>1<\/td><td><a href=\"https:\/\/drive.google.com\/file\/d\/1ESTucsCCGCh3ENCpdtIu9IQgjtkwtXZA\/view?usp=sharing\">Bazat e prodhimit bimor<\/a><\/td><td>3+2<\/td><td>6<\/td><td>O<\/td><\/tr><tr><td>2<\/td><td><a href=\"https:\/\/drive.google.com\/file\/d\/1K9pJTaIXgg4DBWk6IvNw_1ZnUA9gpHOv\/view?usp=sharing\">Kimia e p\u00ebrgjithshme dhe inorganike<\/a><\/td><td>3+2<\/td><td>6<\/td><td>O<\/td><\/tr><tr><td>3<\/td><td><a href=\"https:\/\/drive.google.com\/file\/d\/1mS-un2xL3ZCgdr5FxbKHoqVxoC3pOkvl\/view?usp=sharing\">Matematik\u00eb<\/a><\/td><td>2+2<\/td><td>5<\/td><td>O<\/td><\/tr><tr><td>4<\/td><td><a href=\"https:\/\/drive.google.com\/file\/d\/1vPnsaqMmfDykcDHM7ylWf1mv3tTMmY00\/view?usp=sharing\">Agrometeorologji<\/a><\/td><td>2+2<\/td><td>5<\/td><td>O<\/td><\/tr><tr><td>5<\/td><td><a href=\"https:\/\/drive.google.com\/file\/d\/1KguxlGelTjdPzNSOD8FqDzfKSBt2kcqC\/view?usp=sharing\">Gjuh\u00ebn angleze<\/a><\/td><td>2+1<\/td><td>4<\/td><td>O<\/td><\/tr><tr><td>6<\/td><td><a href=\"https:\/\/drive.google.com\/file\/d\/1LwpyrQE5O1NSqD0Ss2Qqm_gbIHbeyaDb\/view?usp=sharing\">Informatik\u00eb e aplikuar<\/a><\/td><td>2+1<\/td><td>4<\/td><td>Z<\/td><\/tr><tr><td>7<\/td><td><a href=\"https:\/\/drive.google.com\/file\/d\/15eQzxrPSUTOopvwplzfjUr1JVtdOELI4\/view?usp=sharing\">Pyjet dhe peisazhet<\/a><\/td><td>2+1<\/td><td>4<\/td><td>Z<\/td><\/tr><tr><td><\/td><td><strong>Total<\/strong><\/td><td><strong>14\/10<\/strong><\/td><td><strong>30<\/strong><\/td><td><strong>5\/1<\/strong><\/td><\/tr><tr><td colspan=\"5\"><strong>Semestri i II<\/strong><\/td><\/tr><tr><td><strong>Nr<\/strong><\/td><td><strong>L\u00ebnda<\/strong><\/td><td><strong>Fondi<\/strong><\/td><td><strong>ECTS<\/strong><\/td><td><strong>O\/Z<\/strong><\/td><\/tr><tr><td>1<\/td><td><a href=\"https:\/\/drive.google.com\/file\/d\/1unTcNpm8pR0EtpK5d2F61fzPvThIFHnM\/view?usp=sharing\">Zoologji<\/a><\/td><td>3+2<\/td><td>6<\/td><td>O<\/td><\/tr><tr><td>2<\/td><td><a href=\"https:\/\/drive.google.com\/file\/d\/1IETK16u2R2UIYYsSW9sfdrJif2COLFFc\/view?usp=sharing\">Bazat e&nbsp; ekonomis\u00eb<\/a><\/td><td>2+2<\/td><td>5<\/td><td>O<\/td><\/tr><tr><td>3<\/td><td><a href=\"https:\/\/drive.google.com\/file\/d\/1cDD1JsyvxH_dJabU0OopHUFjgqRJm4lp\/view?usp=sharing\">Kimia Organike<\/a><\/td><td>2+2<\/td><td>5<\/td><td>O<\/td><\/tr><tr><td>4<\/td><td><a href=\"https:\/\/drive.google.com\/file\/d\/1wrqfAR_cxPVSnGLSbUdL8EpsRZ0efxjc\/view?usp=sharing\">Kultivimi i fidan\u00ebve ne fush\u00eb t\u00eb hapur<\/a><\/td><td>2+2<\/td><td>5<\/td><td>O<\/td><\/tr><tr><td>5<\/td><td><a href=\"https:\/\/drive.google.com\/file\/d\/1rkDFbj-fhe_xQhzZMm6-6ngwGaia-4Te\/view?usp=sharing\">Botanik\u00eb p\u00ebrgjithshme<\/a><\/td><td>2+2<\/td><td>5<\/td><td>O<\/td><\/tr><tr><td>6<\/td><td><a href=\"https:\/\/drive.google.com\/file\/d\/1gDjVmLFC_lO1wWmwN5qTQ_VwZtSPhqyA\/view?usp=sharing\">Bimet Aromatike<\/a><\/td><td>2+1<\/td><td>4<\/td><td>Z<\/td><\/tr><tr><td>7<\/td><td><a href=\"https:\/\/drive.google.com\/file\/d\/1U4U1hcJabsrXKNoEddb-ppNkgnBqn5aV\/view?usp=sharing\">Industria Ushqimore&nbsp; dhe Mjedisi I<\/a><\/td><td>2+1<\/td><td>4<\/td><td>Z<\/td><\/tr><tr><td><\/td><td><strong>Total<\/strong><\/td><td><strong>13\/11<\/strong><\/td><td><strong>30<\/strong><\/td><td><strong>5\/1<\/strong><\/td><\/tr><\/tbody><\/table><\/figure>\n\n\n\n<p><strong>Viti i dyt\u00eb \u2013 Semestri i tret\u00eb dhe i kat\u00ebrt<\/strong><\/p>\n\n\n\n<figure class=\"wp-block-table\"><table class=\"has-fixed-layout\"><tbody><tr><td colspan=\"5\"><strong>Viti i Dyt\u00eb \u2013 Semestri i III<\/strong><\/td><\/tr><tr><td><strong>Nr<\/strong><\/td><td><strong>L\u00ebnda<\/strong><\/td><td><strong>Fondi<\/strong><\/td><td><strong>ECTS<\/strong><\/td><td><strong>O\/Z<\/strong><\/td><\/tr><tr><td>1<\/td><td><a href=\"https:\/\/drive.google.com\/file\/d\/12SnmK2bpZuR1XxPJ0niR6sMyL9t7g3Zi\/view?usp=sharing\">Biokimia<\/a><\/td><td>3+2<\/td><td>6<\/td><td>O<\/td><\/tr><tr><td>2<\/td><td><a href=\"https:\/\/drive.google.com\/file\/d\/1iWXKAZbZ0kxDAyLwWkQA5RS5eDHCfxWB\/view?usp=sharing\">Fiziologji<\/a><\/td><td>3+2<\/td><td>6<\/td><td>O<\/td><\/tr><tr><td>3<\/td><td><a href=\"https:\/\/drive.google.com\/file\/d\/1D7gQi4P-y_JhY4o0tQb9kNcTTDgkO1Ro\/view?usp=sharing\">Ekologjia I dhe II<\/a><\/td><td>2+2<\/td><td>5<\/td><td>O<\/td><\/tr><tr><td>4<\/td><td><a href=\"https:\/\/drive.google.com\/file\/d\/1K9UxDMMokKc1n6afA-wY-1BYcfpqT7MD\/view?usp=sharing\">Hidrologji dhe hidrioteknik<\/a><\/td><td>2+1<\/td><td>4<\/td><td>O<\/td><\/tr><tr><td>5<\/td><td><a href=\"https:\/\/drive.google.com\/file\/d\/1K0xVCy9LE6AXM1nwjbW5C29aaEJY8KUE\/view?usp=sharing\">Hyrje n\u00eb shkenc\u00eb tok\u00eb<\/a><\/td><td>2+2<\/td><td>5<\/td><td>O<\/td><\/tr><tr><td>6<\/td><td><a href=\"https:\/\/drive.google.com\/file\/d\/1J6bpjxH2UfOmrSGtUAKW6ynRG7HyvETa\/view?usp=sharing\">Gjeodezi dhe sistemim<\/a><\/td><td>2+1<\/td><td>4<\/td><td>Z<\/td><\/tr><tr><td>7<\/td><td><a href=\"https:\/\/drive.google.com\/file\/d\/1yRYT7FSOLDxFxJaCOaokwPZPyRWrGp-T\/view?usp=sharing\">Ekologjia Mjedisore<\/a><\/td><td>2+1<\/td><td>4<\/td><td>Z<\/td><\/tr><tr><td>8<\/td><td><a href=\"https:\/\/drive.google.com\/file\/d\/1qM77pwCRK_Jt7s4BtkOJHr25VsqOmJvS\/view?usp=sharing\">Hartografi dhe jogji GIS<\/a><\/td><td>2+1<\/td><td>4<\/td><td>Z<\/td><\/tr><tr><td><\/td><td><strong>Total<\/strong><\/td><td><strong>14\/10<\/strong><\/td><td><strong>30<\/strong><\/td><td><strong>5\/1<\/strong><\/td><\/tr><tr><td colspan=\"5\"><strong>Semestri i IV<\/strong><\/td><\/tr><tr><td><strong>Nr<\/strong><\/td><td><strong>L\u00ebnda<\/strong><\/td><td><strong>Fondi<\/strong><\/td><td><strong>ECTS<\/strong><\/td><td><strong>O\/Z<\/strong><\/td><\/tr><tr><td>1<\/td><td><a href=\"https:\/\/drive.google.com\/file\/d\/1qcvWoi4pojWQSFwc9TTPeo_vDe_-3C7W\/view?usp=sharing\">Gjenetik\u00eb<\/a><\/td><td>3+2<\/td><td>6<\/td><td>O<\/td><\/tr><tr><td>2<\/td><td><a href=\"https:\/\/drive.google.com\/file\/d\/1xICdwfUSvOnkeKA7MR0EXs8E7fvNPwve\/view?usp=sharing\">Ndotja e Mjedisit<\/a><\/td><td>2+2<\/td><td>5<\/td><td>O<\/td><\/tr><tr><td>3<\/td><td><a href=\"https:\/\/drive.google.com\/file\/d\/160_yEgKMAmZYPgCLr_F58LGKmvXw8SAH\/view?usp=sharing\">Bim\u00ebt foragjere<\/a><\/td><td>2+2<\/td><td>5<\/td><td>O<\/td><\/tr><tr><td>4<\/td><td><a href=\"https:\/\/drive.google.com\/file\/d\/1bh4qeniOM8HwQqBJvH2NUAzFH8t8Pr6l\/view?usp=sharing\">Mikrobiologji<\/a><\/td><td>2+2<\/td><td>5<\/td><td>O<\/td><\/tr><tr><td>5<\/td><td><a href=\"https:\/\/drive.google.com\/file\/d\/1Llag-kG0WiauiAOLAvM6d4R4CTyiGHBI\/view?usp=sharing\">Gjeneza dhe klasifikimit i tokave<\/a><\/td><td>2+2<\/td><td>5<\/td><td>O<\/td><\/tr><tr><td>6<\/td><td>Prodhimi shtazor<\/td><td>2+1<\/td><td>4<\/td><td>Z<\/td><\/tr><tr><td>7<\/td><td><a href=\"https:\/\/drive.google.com\/file\/d\/1U07BLm2n2DZk3k1CivImY0aisCHMrAsq\/view?usp=sharing\">Mjediset e mbrojtura dhe Lultaria<\/a><\/td><td>2+1<\/td><td>4<\/td><td>Z<\/td><\/tr><tr><td>8<\/td><td><a href=\"https:\/\/drive.google.com\/file\/d\/1unawTR1_FuNiLyFF4HZJbNbLw2ewVNKP\/view?usp=sharing\">Ekonomi menaxheriale<\/a><\/td><td>2+1<\/td><td>4<\/td><td>Z<\/td><\/tr><tr><td><\/td><td><strong>Total<\/strong><\/td><td><strong>13\/11<\/strong><\/td><td><strong>30<\/strong><\/td><td><strong>5\/1<\/strong><\/td><\/tr><\/tbody><\/table><\/figure>\n\n\n\n<p><strong>Viti i tret\u00eb \u2013 Semestri i pest\u00eb dhe gjasht\u00eb<\/strong><\/p>\n\n\n\n<figure class=\"wp-block-table\"><table class=\"has-fixed-layout\"><tbody><tr><td colspan=\"5\"><strong>Viti i Tret\u00eb \u2013 Semestri i V<\/strong><\/td><\/tr><tr><td><strong>Nr<\/strong><\/td><td><strong>L\u00ebnda<\/strong><\/td><td><strong>Fondi<\/strong><\/td><td><strong>ECTS<\/strong><\/td><td><strong>O\/Z<\/strong><\/td><\/tr><tr><td>1<\/td><td><a href=\"https:\/\/drive.google.com\/file\/d\/1dWt75OXpaVyeUqvJGX4a7SK-3qc2cAQN\/view?usp=sharing\">Mbrojta e bimeve<\/a><\/td><td>3+2<\/td><td>6<\/td><td>O<\/td><\/tr><tr><td>2<\/td><td><a href=\"https:\/\/drive.google.com\/file\/d\/1zJFwB6KX0xOPiNQgtw8Pxi4WtYOZN25h\/view?usp=sharing\">Menaxhimi i cil\u00ebsis\u00eb s\u00eb ujrave<\/a><\/td><td>2+2<\/td><td>5<\/td><td>O<\/td><\/tr><tr><td>3<\/td><td><a href=\"https:\/\/drive.google.com\/file\/d\/1ekxOft8j_XqN0Ho54LsSVK_mSTadjqT0\/view?usp=sharing\">Vler\u00ebsimi i pasojave n\u00eb mjedis\u00eb<\/a><\/td><td>2+2<\/td><td>5<\/td><td>O<\/td><\/tr><tr><td>4<\/td><td><a href=\"https:\/\/drive.google.com\/file\/d\/1c_Vhv_5Cw8lE0-9JhMs2n811BCyt0FIB\/view?usp=sharing\">T\u00eb ushqyerit e bim\u00ebve<\/a><\/td><td>3+2<\/td><td>6<\/td><td>O<\/td><\/tr><tr><td>5<\/td><td><a href=\"https:\/\/drive.google.com\/file\/d\/1HvmJRH781heB4W4ENWfk-AvtH3DsFYWs\/view?usp=sharing\">Administrimi dhe menaxhimi i&nbsp; tok\u00ebs<\/a><\/td><td>2+1<\/td><td>4<\/td><td>O<\/td><\/tr><tr><td>6<\/td><td><a href=\"https:\/\/drive.google.com\/file\/d\/1-5Rf3iERqHm8nncY1sGu9vwlj0b5buoJ\/view?usp=sharing\">Degradimi i tok\u00ebs<\/a><\/td><td>2+1<\/td><td>4<\/td><td>Z<\/td><\/tr><tr><td>7<\/td><td><a href=\"https:\/\/drive.google.com\/file\/d\/1p48TGqpnCuLYrG3vfJ2VJhQt8_bivYIR\/view?usp=sharing\">Burimet natyrore dhe sistemet bujq\u00ebsore<\/a><\/td><td>2+1<\/td><td>4<\/td><td>Z<\/td><\/tr><tr><td>8<\/td><td><a href=\"https:\/\/drive.google.com\/file\/d\/1gSs-HO1jt-haV0KfrFBZhTKbw8n_fpC-\/view?usp=sharing\">Standardet mjedisore<\/a><\/td><td>2+1<\/td><td>4<\/td><td>Z<\/td><\/tr><tr><td><\/td><td><strong>Total<\/strong><\/td><td><strong>13\/12<\/strong><\/td><td><strong>30<\/strong><\/td><td><strong>5\/1<\/strong><\/td><\/tr><tr><td colspan=\"5\"><strong>Semestri i VI<\/strong><\/td><\/tr><tr><td><strong>Nr<\/strong><\/td><td><strong>L\u00ebnda<\/strong><\/td><td><strong>Fondi<\/strong><\/td><td><strong>ECTS<\/strong><\/td><td><strong>O\/Z<\/strong><\/td><\/tr><tr><td>1<\/td><td><a href=\"https:\/\/drive.google.com\/file\/d\/1Is7GaYVZXpsABpRFqseUgpXIHg4x0nSA\/view?usp=sharing\">Teknologjia e Kultivimit<\/a><\/td><td>2+2<\/td><td>5<\/td><td>O<\/td><\/tr><tr><td>2<\/td><td><a href=\"https:\/\/drive.google.com\/file\/d\/1c3yxWBR0zJzGuhLL7CcThn6nFVPQTSE3\/view?usp=sharing\">Trajtimi i Tokes dhe Mbetjeve<\/a><\/td><td>2+1<\/td><td>4<\/td><td>O<\/td><\/tr><tr><td>3<\/td><td><a href=\"https:\/\/drive.google.com\/file\/d\/1eRq3-3JnG4kR0731ne0_zTCI0Ze8kRum\/view?usp=sharing\">Ekologjia e Resurseve Natyrore<\/a><\/td><td>2+2<\/td><td>5<\/td><td>O<\/td><\/tr><tr><td>4<\/td><td><a href=\"https:\/\/drive.google.com\/file\/d\/1kPKBZw9hu_qA-1llGr-tKfenstjIMgz0\/view?usp=sharing\">Industria Ushqimore&nbsp; dhe Mjedisi II<\/a><\/td><td>2+1<\/td><td>4<\/td><td>Z<\/td><\/tr><tr><td>5<\/td><td><a href=\"https:\/\/drive.google.com\/file\/d\/1O7_cBTMcBBcx3TwOdqNa3qAdqlYm3Dzn\/view?usp=sharing\">Bim\u00ebt industriale<\/a><\/td><td>2+1<\/td><td>4<\/td><td>Z<\/td><\/tr><tr><td>6<\/td><td>Punim diplome<\/td><td><\/td><td>12<\/td><td>O<\/td><\/tr><tr><td><\/td><td><strong>Total<\/strong><\/td><td><strong>10\/6<\/strong><\/td><td><strong>30<\/strong><\/td><td><strong>4\/1<\/strong><\/td><\/tr><\/tbody><\/table><\/figure>","protected":false},"excerpt":{"rendered":"<p>PROGRAMI I STUDIMIT DEPARTAMENTI &nbsp;AGROMJEDIS &amp; AGROEKOLOGJI \u2013 BACHELOR 2016-2019 Viti Par\u00eb \u2013 Semestri i par\u00eb dhe i dyt\u00eb Viti i Par\u00eb \u2013 Semestri i I Nr L\u00ebnda Fondi ECTS&hellip;<\/p>","protected":false},"author":1,"featured_media":0,"parent":0,"menu_order":0,"comment_status":"closed","ping_status":"closed","template":"","meta":{"footnotes":""},"class_list":["post-48616","page","type-page","status-publish","hentry"],"yoast_head":"<!-- This site is optimized with the Yoast SEO Premium plugin v27.2 (Yoast SEO v27.2) - https:\/\/yoast.com\/product\/yoast-seo-premium-wordpress\/ -->\n<title>AGROMJEDIS &amp; AGROEKOLOGJI \u2013 2016-2019 - Fakulteti i Agrobiznesit<\/title>\n<meta name=\"description\" content=\"Shiko struktur\u00ebn e programit t\u00eb studimit Agromjedis dhe Agroekologji p\u00ebr vitet 2016\u20112019 n\u00eb Fakultetin e Agrobiznesit, me l\u00ebnd\u00eb semestrale dhe ECTS sipas kurrikul\u00ebs.\" \/>\n<meta name=\"robots\" content=\"index, follow, max-snippet:-1, max-image-preview:large, max-video-preview:-1\" \/>\n<link rel=\"canonical\" href=\"https:\/\/unhz.eu\/fakulteti-i-agrobiznesit\/en\/agromjedis-agroekologji-2016-2019\/\" \/>\n<meta property=\"og:locale\" content=\"en_US\" \/>\n<meta property=\"og:type\" content=\"article\" \/>\n<meta property=\"og:title\" content=\"AGROMJEDIS &amp; AGROEKOLOGJI \u2013 2016-2019\" \/>\n<meta property=\"og:description\" content=\"Shiko struktur\u00ebn e programit t\u00eb studimit Agromjedis dhe Agroekologji p\u00ebr vitet 2016\u20112019 n\u00eb Fakultetin e Agrobiznesit, me l\u00ebnd\u00eb semestrale dhe ECTS sipas kurrikul\u00ebs.\" \/>\n<meta property=\"og:url\" content=\"https:\/\/unhz.eu\/fakulteti-i-agrobiznesit\/en\/agromjedis-agroekologji-2016-2019\/\" \/>\n<meta property=\"og:site_name\" content=\"Fakulteti i Agrobiznesit\" \/>\n<meta property=\"article:modified_time\" content=\"2026-02-03T12:36:07+00:00\" \/>\n<meta name=\"twitter:card\" content=\"summary_large_image\" \/>\n<meta name=\"twitter:label1\" content=\"Est. reading time\" \/>\n\t<meta name=\"twitter:data1\" content=\"3 minutes\" \/>\n<script type=\"application\/ld+json\" class=\"yoast-schema-graph\">{\"@context\":\"https:\/\/schema.org\",\"@graph\":[{\"@type\":\"WebPage\",\"@id\":\"https:\/\/unhz.eu\/fakulteti-i-agrobiznesit\/agromjedis-agroekologji-2016-2019\/\",\"url\":\"https:\/\/unhz.eu\/fakulteti-i-agrobiznesit\/agromjedis-agroekologji-2016-2019\/\",\"name\":\"AGROMJEDIS &amp; AGROEKOLOGJI \u2013 2016-2019 - Fakulteti i Agrobiznesit\",\"isPartOf\":{\"@id\":\"https:\/\/unhz.eu\/fakulteti-i-agrobiznesit\/#website\"},\"datePublished\":\"2025-01-21T08:43:37+00:00\",\"dateModified\":\"2026-02-03T12:36:07+00:00\",\"description\":\"Shiko struktur\u00ebn e programit t\u00eb studimit Agromjedis dhe Agroekologji p\u00ebr vitet 2016\u20112019 n\u00eb Fakultetin e Agrobiznesit, me l\u00ebnd\u00eb semestrale dhe ECTS sipas kurrikul\u00ebs.\",\"breadcrumb\":{\"@id\":\"https:\/\/unhz.eu\/fakulteti-i-agrobiznesit\/agromjedis-agroekologji-2016-2019\/#breadcrumb\"},\"inLanguage\":\"en-US\",\"potentialAction\":[{\"@type\":\"ReadAction\",\"target\":[\"https:\/\/unhz.eu\/fakulteti-i-agrobiznesit\/agromjedis-agroekologji-2016-2019\/\"]}]},{\"@type\":\"BreadcrumbList\",\"@id\":\"https:\/\/unhz.eu\/fakulteti-i-agrobiznesit\/agromjedis-agroekologji-2016-2019\/#breadcrumb\",\"itemListElement\":[{\"@type\":\"ListItem\",\"position\":1,\"name\":\"Home\",\"item\":\"https:\/\/unhz.eu\/fakulteti-i-agrobiznesit\/\"},{\"@type\":\"ListItem\",\"position\":2,\"name\":\"AGROMJEDIS &amp; AGROEKOLOGJI \u2013 2016-2019\"}]},{\"@type\":\"WebSite\",\"@id\":\"https:\/\/unhz.eu\/fakulteti-i-agrobiznesit\/#website\",\"url\":\"https:\/\/unhz.eu\/fakulteti-i-agrobiznesit\/\",\"name\":\"Fakulteti i Agrobiznesit\",\"description\":\"I dedikuar p\u00ebr cil\u00ebsi standarde dhe suksese\",\"publisher\":{\"@id\":\"https:\/\/unhz.eu\/fakulteti-i-agrobiznesit\/#organization\"},\"potentialAction\":[{\"@type\":\"SearchAction\",\"target\":{\"@type\":\"EntryPoint\",\"urlTemplate\":\"https:\/\/unhz.eu\/fakulteti-i-agrobiznesit\/?s={search_term_string}\"},\"query-input\":{\"@type\":\"PropertyValueSpecification\",\"valueRequired\":true,\"valueName\":\"search_term_string\"}}],\"inLanguage\":\"en-US\"},{\"@type\":\"Organization\",\"@id\":\"https:\/\/unhz.eu\/fakulteti-i-agrobiznesit\/#organization\",\"name\":\"Fakulteti i Agrobiznesit\",\"url\":\"https:\/\/unhz.eu\/fakulteti-i-agrobiznesit\/\",\"logo\":{\"@type\":\"ImageObject\",\"inLanguage\":\"en-US\",\"@id\":\"https:\/\/unhz.eu\/fakulteti-i-agrobiznesit\/#\/schema\/logo\/image\/\",\"url\":\"https:\/\/unhz.eu\/fakulteti-i-agrobiznesit\/wp-content\/uploads\/sites\/11\/2024\/02\/cropped-logo-1-1-e1713527702695.png\",\"contentUrl\":\"https:\/\/unhz.eu\/fakulteti-i-agrobiznesit\/wp-content\/uploads\/sites\/11\/2024\/02\/cropped-logo-1-1-e1713527702695.png\",\"width\":100,\"height\":100,\"caption\":\"Fakulteti i Agrobiznesit\"},\"image\":{\"@id\":\"https:\/\/unhz.eu\/fakulteti-i-agrobiznesit\/#\/schema\/logo\/image\/\"}}]}<\/script>\n<!-- \/ Yoast SEO Premium plugin. -->","yoast_head_json":{"title":"AGROMJEDIS &amp; AGROEKOLOGJI \u2013 2016-2019 - Fakulteti i Agrobiznesit","description":"Shiko struktur\u00ebn e programit t\u00eb studimit Agromjedis dhe Agroekologji p\u00ebr vitet 2016\u20112019 n\u00eb Fakultetin e Agrobiznesit, me l\u00ebnd\u00eb semestrale dhe ECTS sipas kurrikul\u00ebs.","robots":{"index":"index","follow":"follow","max-snippet":"max-snippet:-1","max-image-preview":"max-image-preview:large","max-video-preview":"max-video-preview:-1"},"canonical":"https:\/\/unhz.eu\/fakulteti-i-agrobiznesit\/en\/agromjedis-agroekologji-2016-2019\/","og_locale":"en_US","og_type":"article","og_title":"AGROMJEDIS &amp; AGROEKOLOGJI \u2013 2016-2019","og_description":"Shiko struktur\u00ebn e programit t\u00eb studimit Agromjedis dhe Agroekologji p\u00ebr vitet 2016\u20112019 n\u00eb Fakultetin e Agrobiznesit, me l\u00ebnd\u00eb semestrale dhe ECTS sipas kurrikul\u00ebs.","og_url":"https:\/\/unhz.eu\/fakulteti-i-agrobiznesit\/en\/agromjedis-agroekologji-2016-2019\/","og_site_name":"Fakulteti i Agrobiznesit","article_modified_time":"2026-02-03T12:36:07+00:00","twitter_card":"summary_large_image","twitter_misc":{"Est. reading time":"3 minutes"},"schema":{"@context":"https:\/\/schema.org","@graph":[{"@type":"WebPage","@id":"https:\/\/unhz.eu\/fakulteti-i-agrobiznesit\/agromjedis-agroekologji-2016-2019\/","url":"https:\/\/unhz.eu\/fakulteti-i-agrobiznesit\/agromjedis-agroekologji-2016-2019\/","name":"AGROMJEDIS &amp; AGROEKOLOGJI \u2013 2016-2019 - Fakulteti i Agrobiznesit","isPartOf":{"@id":"https:\/\/unhz.eu\/fakulteti-i-agrobiznesit\/#website"},"datePublished":"2025-01-21T08:43:37+00:00","dateModified":"2026-02-03T12:36:07+00:00","description":"Shiko struktur\u00ebn e programit t\u00eb studimit Agromjedis dhe Agroekologji p\u00ebr vitet 2016\u20112019 n\u00eb Fakultetin e Agrobiznesit, me l\u00ebnd\u00eb semestrale dhe ECTS sipas kurrikul\u00ebs.","breadcrumb":{"@id":"https:\/\/unhz.eu\/fakulteti-i-agrobiznesit\/agromjedis-agroekologji-2016-2019\/#breadcrumb"},"inLanguage":"en-US","potentialAction":[{"@type":"ReadAction","target":["https:\/\/unhz.eu\/fakulteti-i-agrobiznesit\/agromjedis-agroekologji-2016-2019\/"]}]},{"@type":"BreadcrumbList","@id":"https:\/\/unhz.eu\/fakulteti-i-agrobiznesit\/agromjedis-agroekologji-2016-2019\/#breadcrumb","itemListElement":[{"@type":"ListItem","position":1,"name":"Home","item":"https:\/\/unhz.eu\/fakulteti-i-agrobiznesit\/"},{"@type":"ListItem","position":2,"name":"AGROMJEDIS &amp; AGROEKOLOGJI \u2013 2016-2019"}]},{"@type":"WebSite","@id":"https:\/\/unhz.eu\/fakulteti-i-agrobiznesit\/#website","url":"https:\/\/unhz.eu\/fakulteti-i-agrobiznesit\/","name":"Faculty of Agribussines","description":"Dedicated to standard quality and success","publisher":{"@id":"https:\/\/unhz.eu\/fakulteti-i-agrobiznesit\/#organization"},"potentialAction":[{"@type":"SearchAction","target":{"@type":"EntryPoint","urlTemplate":"https:\/\/unhz.eu\/fakulteti-i-agrobiznesit\/?s={search_term_string}"},"query-input":{"@type":"PropertyValueSpecification","valueRequired":true,"valueName":"search_term_string"}}],"inLanguage":"en-US"},{"@type":"Organization","@id":"https:\/\/unhz.eu\/fakulteti-i-agrobiznesit\/#organization","name":"Faculty of Agribussines","url":"https:\/\/unhz.eu\/fakulteti-i-agrobiznesit\/","logo":{"@type":"ImageObject","inLanguage":"en-US","@id":"https:\/\/unhz.eu\/fakulteti-i-agrobiznesit\/#\/schema\/logo\/image\/","url":"https:\/\/unhz.eu\/fakulteti-i-agrobiznesit\/wp-content\/uploads\/sites\/11\/2024\/02\/cropped-logo-1-1-e1713527702695.png","contentUrl":"https:\/\/unhz.eu\/fakulteti-i-agrobiznesit\/wp-content\/uploads\/sites\/11\/2024\/02\/cropped-logo-1-1-e1713527702695.png","width":100,"height":100,"caption":"Fakulteti i Agrobiznesit"},"image":{"@id":"https:\/\/unhz.eu\/fakulteti-i-agrobiznesit\/#\/schema\/logo\/image\/"}}]}},"_links":{"self":[{"href":"https:\/\/unhz.eu\/fakulteti-i-agrobiznesit\/en\/wp-json\/wp\/v2\/pages\/48616","targetHints":{"allow":["GET"]}}],"collection":[{"href":"https:\/\/unhz.eu\/fakulteti-i-agrobiznesit\/en\/wp-json\/wp\/v2\/pages"}],"about":[{"href":"https:\/\/unhz.eu\/fakulteti-i-agrobiznesit\/en\/wp-json\/wp\/v2\/types\/page"}],"author":[{"embeddable":true,"href":"https:\/\/unhz.eu\/fakulteti-i-agrobiznesit\/en\/wp-json\/wp\/v2\/users\/1"}],"replies":[{"embeddable":true,"href":"https:\/\/unhz.eu\/fakulteti-i-agrobiznesit\/en\/wp-json\/wp\/v2\/comments?post=48616"}],"version-history":[{"count":1,"href":"https:\/\/unhz.eu\/fakulteti-i-agrobiznesit\/en\/wp-json\/wp\/v2\/pages\/48616\/revisions"}],"predecessor-version":[{"id":49490,"href":"https:\/\/unhz.eu\/fakulteti-i-agrobiznesit\/en\/wp-json\/wp\/v2\/pages\/48616\/revisions\/49490"}],"wp:attachment":[{"href":"https:\/\/unhz.eu\/fakulteti-i-agrobiznesit\/en\/wp-json\/wp\/v2\/media?parent=48616"}],"curies":[{"name":"wp","href":"https:\/\/api.w.org\/{rel}","templated":true}]}}