{"id":22564,"date":"2024-05-03T09:22:14","date_gmt":"2024-05-03T09:22:14","guid":{"rendered":"https:\/\/unhz.eu\/fakulteti-i-agrobiznesit\/?page_id=22564"},"modified":"2026-02-06T12:27:42","modified_gmt":"2026-02-06T12:27:42","slug":"rezultate","status":"publish","type":"page","link":"https:\/\/unhz.eu\/fakulteti-i-agrobiznesit\/en\/rezultate\/","title":{"rendered":"Results"},"content":{"rendered":"<div data-elementor-type=\"wp-page\" data-elementor-id=\"22564\" class=\"elementor elementor-22564\" data-elementor-post-type=\"page\">\n\t\t\t\t\t\t<section class=\"elementor-section elementor-top-section elementor-element elementor-element-30d3403 elementor-section-boxed elementor-section-height-default elementor-section-height-default sc_fly_static\" data-id=\"30d3403\" data-element_type=\"section\" data-e-type=\"section\">\n\t\t\t\t\t\t<div class=\"elementor-container elementor-column-gap-extended\">\n\t\t\t\t\t<div class=\"elementor-column elementor-col-100 elementor-top-column elementor-element elementor-element-5aa1947 sc_content_align_inherit sc_layouts_column_icons_position_left sc_fly_static\" data-id=\"5aa1947\" data-element_type=\"column\" data-e-type=\"column\">\n\t\t\t<div class=\"elementor-widget-wrap elementor-element-populated\">\n\t\t\t\t\t\t<div class=\"elementor-element elementor-element-172ea0f sc_fly_static elementor-widget elementor-widget-trx_sc_title\" data-id=\"172ea0f\" data-element_type=\"widget\" data-e-type=\"widget\" data-widget_type=\"trx_sc_title.default\">\n\t\t\t\t<div class=\"elementor-widget-container\">\n\t\t\t\t\t<div\t\tclass=\"sc_title sc_title_default\" ><span class=\"sc_item_subtitle sc_title_subtitle sc_item_subtitle_above sc_item_title_style_default\">About<\/span><h4 class=\"sc_item_title sc_title_title sc_item_title_style_default sc_item_title_tag\"\n\t\t\t><span class=\"sc_item_title_text\">Evaluation results<\/span><\/h4><\/div>\t\t\t\t<\/div>\n\t\t\t\t<\/div>\n\t\t\t\t<div class=\"elementor-element elementor-element-5a82a22 sc_fly_static elementor-widget elementor-widget-spacer\" data-id=\"5a82a22\" data-element_type=\"widget\" data-e-type=\"widget\" data-widget_type=\"spacer.default\">\n\t\t\t\t<div class=\"elementor-widget-container\">\n\t\t\t\t\t\t\t<div class=\"elementor-spacer\">\n\t\t\t<div class=\"elementor-spacer-inner\"><\/div>\n\t\t<\/div>\n\t\t\t\t\t\t<\/div>\n\t\t\t\t<\/div>\n\t\t\t\t<div class=\"elementor-element elementor-element-7df097a sc_fly_static elementor-widget elementor-widget-trx_widget_custom_links\" data-id=\"7df097a\" data-element_type=\"widget\" data-e-type=\"widget\" data-widget_type=\"trx_widget_custom_links.default\">\n\t\t\t\t<div class=\"elementor-widget-container\">\n\t\t\t\t\t<div class=\"widget_area sc_widget_custom_links\"><aside class=\"widget widget_custom_links\"><ul class=\"custom_links_list\"><li class=\"custom_links_list_item with_icon\"><a class=\"custom_links_list_item_link\" href=\"https:\/\/drive.google.com\/file\/d\/1VbQYNDPgwq_eVsxBcKsqMggxDq8Bc1qx\/view\" target=\"_blank\"><span\t\t\t\t\t\t\tclass=\"custom_links_list_item_icon sc_icon_type_icons icon-file-pdf\"\n\t\t\t\t\t\t><\/span><span class=\"custom_links_list_item_title\">Plant Production Technology<\/span><\/a><span class=\"custom_links_list_item_description\">Evaluation results\n<\/span><\/li><li class=\"custom_links_list_item with_icon\"><a class=\"custom_links_list_item_link\" href=\"https:\/\/drive.google.com\/drive\/folders\/12UrIvyyCvLD-wtlZh6kY-ThLxWMqmU98\" target=\"_blank\"><span\t\t\t\t\t\t\tclass=\"custom_links_list_item_icon sc_icon_type_icons icon-file-pdf\"\n\t\t\t\t\t\t><\/span><span class=\"custom_links_list_item_title\">Plant Production Technology<\/span><\/a><span class=\"custom_links_list_item_description\">TPB Exam Results - First Year<\/span><\/li><li class=\"custom_links_list_item with_icon\"><a class=\"custom_links_list_item_link\" href=\"https:\/\/drive.google.com\/drive\/folders\/1zwAvfKp80w1ziJ-fzQCprGd2RtT2pHrV\" target=\"_blank\"><span\t\t\t\t\t\t\tclass=\"custom_links_list_item_icon sc_icon_type_icons icon-file-pdf\"\n\t\t\t\t\t\t><\/span><span class=\"custom_links_list_item_title\">Plant Production Technology<\/span><\/a><span class=\"custom_links_list_item_description\">TPB Exam Results - Second Year<\/span><\/li><li class=\"custom_links_list_item with_icon\"><a class=\"custom_links_list_item_link\" href=\"https:\/\/drive.google.com\/drive\/folders\/1yKPEmLOOjF9shv8MZdpd-1JlI3YvZj0L\" target=\"_blank\"><span\t\t\t\t\t\t\tclass=\"custom_links_list_item_icon sc_icon_type_icons icon-file-pdf\"\n\t\t\t\t\t\t><\/span><span class=\"custom_links_list_item_title\">Plant Production Technology<\/span><\/a><span class=\"custom_links_list_item_description\">TPB Exam Results - Third Year<\/span><\/li><li class=\"custom_links_list_item with_icon\"><a class=\"custom_links_list_item_link\" href=\"https:\/\/drive.google.com\/drive\/folders\/1iAYyUzn3uRFLchuXZH9D6BYBmkFonpeJ\" target=\"_blank\"><span\t\t\t\t\t\t\tclass=\"custom_links_list_item_icon sc_icon_type_icons icon-file-pdf\"\n\t\t\t\t\t\t><\/span><span class=\"custom_links_list_item_title\">Plant Production Technology<\/span><\/a><span class=\"custom_links_list_item_description\">Results of Colloquia - First Year - First Semester<\/span><\/li><li class=\"custom_links_list_item with_icon\"><a class=\"custom_links_list_item_link\" href=\"https:\/\/drive.google.com\/drive\/folders\/10tPqDicfNvV3nTrRh-4z8Dh_p-MI6BO6\" target=\"_blank\"><span\t\t\t\t\t\t\tclass=\"custom_links_list_item_icon sc_icon_type_icons icon-file-pdf\"\n\t\t\t\t\t\t><\/span><span class=\"custom_links_list_item_title\">Plant Production Technology<\/span><\/a><span class=\"custom_links_list_item_description\">Results of Colloquia - First Year - Second Semester<\/span><\/li><li class=\"custom_links_list_item with_icon\"><a class=\"custom_links_list_item_link\" href=\"https:\/\/drive.google.com\/drive\/folders\/1iAYyUzn3uRFLchuXZH9D6BYBmkFonpeJ\" target=\"_blank\"><span\t\t\t\t\t\t\tclass=\"custom_links_list_item_icon sc_icon_type_icons icon-file-pdf\"\n\t\t\t\t\t\t><\/span><span class=\"custom_links_list_item_title\">Plant Production Technology<\/span><\/a><span class=\"custom_links_list_item_description\">Results of Colloquia - Second Year - Third Semester<\/span><\/li><li class=\"custom_links_list_item with_icon\"><a class=\"custom_links_list_item_link\" href=\"#\" target=\"_blank\"><span\t\t\t\t\t\t\tclass=\"custom_links_list_item_icon sc_icon_type_icons icon-file-pdf\"\n\t\t\t\t\t\t><\/span><span class=\"custom_links_list_item_title\">Plant Production Technology<\/span><\/a><span class=\"custom_links_list_item_description\">Results of Colloquia - Second Year - Fourth Semester<\/span><\/li><li class=\"custom_links_list_item with_icon\"><a class=\"custom_links_list_item_link\" href=\"https:\/\/drive.google.com\/drive\/folders\/1OAqPLncHFsMauUmhRbfxc6lTGKtWgeCi\" target=\"_blank\"><span\t\t\t\t\t\t\tclass=\"custom_links_list_item_icon sc_icon_type_icons icon-file-pdf\"\n\t\t\t\t\t\t><\/span><span class=\"custom_links_list_item_title\">Plant Production Technology<\/span><\/a><span class=\"custom_links_list_item_description\">Results of Colloquia - Third Year - Fifth Semester<\/span><\/li><li class=\"custom_links_list_item with_icon\"><a class=\"custom_links_list_item_link\" href=\"#\" target=\"_blank\"><span\t\t\t\t\t\t\tclass=\"custom_links_list_item_icon sc_icon_type_icons icon-file-pdf\"\n\t\t\t\t\t\t><\/span><span class=\"custom_links_list_item_title\">Plant Production Technology<\/span><\/a><span class=\"custom_links_list_item_description\">Results of Colloquia - Third Year - Sixth Semester<\/span><\/li><li class=\"custom_links_list_item with_icon\"><a class=\"custom_links_list_item_link\" href=\"https:\/\/drive.google.com\/file\/d\/1Wbd5oVgRErExLziS5jIP9rcovhC5hTeh\/view\" target=\"_blank\"><span\t\t\t\t\t\t\tclass=\"custom_links_list_item_icon sc_icon_type_icons icon-file-pdf\"\n\t\t\t\t\t\t><\/span><span class=\"custom_links_list_item_title\">Agri-environment and Agroecology<\/span><\/a><span class=\"custom_links_list_item_description\">Evaluation results<\/span><\/li><li class=\"custom_links_list_item with_icon\"><a class=\"custom_links_list_item_link\" href=\"https:\/\/drive.google.com\/drive\/folders\/15LxtshqRNenV3CXnolH3dBwyUi4Rscp-\" target=\"_blank\"><span\t\t\t\t\t\t\tclass=\"custom_links_list_item_icon sc_icon_type_icons icon-file-pdf\"\n\t\t\t\t\t\t><\/span><span class=\"custom_links_list_item_title\">Agri-environment and Agroecology<\/span><\/a><span class=\"custom_links_list_item_description\">Exam results - First year<\/span><\/li><li class=\"custom_links_list_item with_icon\"><a class=\"custom_links_list_item_link\" href=\"https:\/\/drive.google.com\/drive\/folders\/1dU5AqsB6NIOKZHcJYygS7ipTaxdU0LEE\" target=\"_blank\"><span\t\t\t\t\t\t\tclass=\"custom_links_list_item_icon sc_icon_type_icons icon-file-pdf\"\n\t\t\t\t\t\t><\/span><span class=\"custom_links_list_item_title\">Agri-environment and Agroecology<\/span><\/a><span class=\"custom_links_list_item_description\">Exam results - Second year<\/span><\/li><li class=\"custom_links_list_item with_icon\"><a class=\"custom_links_list_item_link\" href=\"https:\/\/drive.google.com\/drive\/folders\/1Ek8d3soJ3wuDnB0J_28yjF6LjrkLlkiz\" target=\"_blank\"><span\t\t\t\t\t\t\tclass=\"custom_links_list_item_icon sc_icon_type_icons icon-file-pdf\"\n\t\t\t\t\t\t><\/span><span class=\"custom_links_list_item_title\">Agri-environment and Agroecology<\/span><\/a><span class=\"custom_links_list_item_description\">Exam results - Third year<\/span><\/li><li class=\"custom_links_list_item with_icon\"><a class=\"custom_links_list_item_link\" href=\"https:\/\/drive.google.com\/file\/d\/1w8XNoknt0GE3bWcYfnoR2SDA_toTuF6_\/view\" target=\"_blank\"><span\t\t\t\t\t\t\tclass=\"custom_links_list_item_icon sc_icon_type_icons icon-file-pdf\"\n\t\t\t\t\t\t><\/span><span class=\"custom_links_list_item_title\">Food Technology<\/span><\/a><span class=\"custom_links_list_item_description\">Evaluation results<\/span><\/li><li class=\"custom_links_list_item with_icon\"><a class=\"custom_links_list_item_link\" href=\"https:\/\/drive.google.com\/drive\/folders\/15rOX3uq_DfUftT0MSz79g6RWelKUGB8B\" target=\"_blank\"><span\t\t\t\t\t\t\tclass=\"custom_links_list_item_icon sc_icon_type_icons icon-file-pdf\"\n\t\t\t\t\t\t><\/span><span class=\"custom_links_list_item_title\">Food Technology<\/span><\/a><span class=\"custom_links_list_item_description\">Exam results 2021 - First year<\/span><\/li><li class=\"custom_links_list_item with_icon\"><a class=\"custom_links_list_item_link\" href=\"https:\/\/drive.google.com\/drive\/folders\/17qUuc1GcfE7SLXrXq1oB1juPwWAXqNsu\" target=\"_blank\"><span\t\t\t\t\t\t\tclass=\"custom_links_list_item_icon sc_icon_type_icons icon-file-pdf\"\n\t\t\t\t\t\t><\/span><span class=\"custom_links_list_item_title\">Food Technology<\/span><\/a><span class=\"custom_links_list_item_description\">Exam results 2021 - Second year<\/span><\/li><li class=\"custom_links_list_item with_icon\"><a class=\"custom_links_list_item_link\" href=\"https:\/\/unhz.eu\/fakulteti-i-agrobiznesit\/wp-content\/uploads\/sites\/11\/2024\/05\/Raport-i-vleresimit-periodik-per-program-studimit-SQPU.pdf\" target=\"_blank\"><span\t\t\t\t\t\t\tclass=\"custom_links_list_item_icon sc_icon_type_icons icon-file-pdf\"\n\t\t\t\t\t\t><\/span><span class=\"custom_links_list_item_title\">Food Technology<\/span><\/a><span class=\"custom_links_list_item_description\">Evaluation results<\/span><\/li><\/ul><\/aside><\/div>\t\t\t\t<\/div>\n\t\t\t\t<\/div>\n\t\t\t\t\t<\/div>\n\t\t<\/div>\n\t\t\t\t\t<\/div>\n\t\t<\/section>\n\t\t\t\t<\/div>","protected":false},"excerpt":{"rendered":"<p>Rreth Rezultateve t\u00eb vler\u00ebsimit Teknologjia e Prodhimit BimorRezultatet e vler\u00ebsimit Teknologjia e Prodhimit BimorRezultatet e Provimit TPB &#8211; Viti i par\u00eb Teknologjia e Prodhimit BimorRezultatet e Provimit TPB &#8211; Viti&hellip;<\/p>","protected":false},"author":1,"featured_media":0,"parent":0,"menu_order":0,"comment_status":"closed","ping_status":"closed","template":"","meta":{"footnotes":""},"class_list":["post-22564","page","type-page","status-publish","hentry"],"yoast_head":"<!-- This site is optimized with the Yoast SEO Premium plugin v27.2 (Yoast SEO v27.2) - https:\/\/yoast.com\/product\/yoast-seo-premium-wordpress\/ -->\n<title>Rezultate Provimesh &amp; Vler\u00ebsimesh \u2013 Fakulteti i Agrobiznesit |<\/title>\n<meta name=\"description\" content=\"Shiko rezultatet e provimeve dhe vler\u00ebsimeve p\u00ebr programet e Fakultetit t\u00eb Agrobiznesit n\u00eb UNHZ \u2014 lista e rezultateve sipas l\u00ebnd\u00ebve, viteve dhe semestrave t\u00eb studimit.\" \/>\n<meta name=\"robots\" content=\"index, follow, max-snippet:-1, max-image-preview:large, max-video-preview:-1\" \/>\n<link rel=\"canonical\" href=\"https:\/\/unhz.eu\/fakulteti-i-agrobiznesit\/en\/rezultate\/\" \/>\n<meta property=\"og:locale\" content=\"en_US\" \/>\n<meta property=\"og:type\" content=\"article\" \/>\n<meta property=\"og:title\" content=\"Rezultate\" \/>\n<meta property=\"og:description\" content=\"Shiko rezultatet e provimeve dhe vler\u00ebsimeve p\u00ebr programet e Fakultetit t\u00eb Agrobiznesit n\u00eb UNHZ \u2014 lista e rezultateve sipas l\u00ebnd\u00ebve, viteve dhe semestrave t\u00eb studimit.\" \/>\n<meta property=\"og:url\" content=\"https:\/\/unhz.eu\/fakulteti-i-agrobiznesit\/en\/rezultate\/\" \/>\n<meta property=\"og:site_name\" content=\"Fakulteti i Agrobiznesit\" \/>\n<meta property=\"article:modified_time\" content=\"2026-02-06T12:27:42+00:00\" \/>\n<meta name=\"twitter:card\" content=\"summary_large_image\" \/>\n<meta name=\"twitter:label1\" content=\"Est. reading time\" \/>\n\t<meta name=\"twitter:data1\" content=\"1 minute\" \/>\n<script type=\"application\/ld+json\" class=\"yoast-schema-graph\">{\"@context\":\"https:\/\/schema.org\",\"@graph\":[{\"@type\":\"WebPage\",\"@id\":\"https:\/\/unhz.eu\/fakulteti-i-agrobiznesit\/rezultate\/\",\"url\":\"https:\/\/unhz.eu\/fakulteti-i-agrobiznesit\/rezultate\/\",\"name\":\"Rezultate Provimesh & Vler\u00ebsimesh \u2013 Fakulteti i Agrobiznesit |\",\"isPartOf\":{\"@id\":\"https:\/\/unhz.eu\/fakulteti-i-agrobiznesit\/#website\"},\"datePublished\":\"2024-05-03T09:22:14+00:00\",\"dateModified\":\"2026-02-06T12:27:42+00:00\",\"description\":\"Shiko rezultatet e provimeve dhe vler\u00ebsimeve p\u00ebr programet e Fakultetit t\u00eb Agrobiznesit n\u00eb UNHZ \u2014 lista e rezultateve sipas l\u00ebnd\u00ebve, viteve dhe semestrave t\u00eb studimit.\",\"breadcrumb\":{\"@id\":\"https:\/\/unhz.eu\/fakulteti-i-agrobiznesit\/rezultate\/#breadcrumb\"},\"inLanguage\":\"en-US\",\"potentialAction\":[{\"@type\":\"ReadAction\",\"target\":[\"https:\/\/unhz.eu\/fakulteti-i-agrobiznesit\/rezultate\/\"]}]},{\"@type\":\"BreadcrumbList\",\"@id\":\"https:\/\/unhz.eu\/fakulteti-i-agrobiznesit\/rezultate\/#breadcrumb\",\"itemListElement\":[{\"@type\":\"ListItem\",\"position\":1,\"name\":\"Home\",\"item\":\"https:\/\/unhz.eu\/fakulteti-i-agrobiznesit\/\"},{\"@type\":\"ListItem\",\"position\":2,\"name\":\"Rezultate\"}]},{\"@type\":\"WebSite\",\"@id\":\"https:\/\/unhz.eu\/fakulteti-i-agrobiznesit\/#website\",\"url\":\"https:\/\/unhz.eu\/fakulteti-i-agrobiznesit\/\",\"name\":\"Fakulteti i Agrobiznesit\",\"description\":\"I dedikuar p\u00ebr cil\u00ebsi standarde dhe suksese\",\"publisher\":{\"@id\":\"https:\/\/unhz.eu\/fakulteti-i-agrobiznesit\/#organization\"},\"potentialAction\":[{\"@type\":\"SearchAction\",\"target\":{\"@type\":\"EntryPoint\",\"urlTemplate\":\"https:\/\/unhz.eu\/fakulteti-i-agrobiznesit\/?s={search_term_string}\"},\"query-input\":{\"@type\":\"PropertyValueSpecification\",\"valueRequired\":true,\"valueName\":\"search_term_string\"}}],\"inLanguage\":\"en-US\"},{\"@type\":\"Organization\",\"@id\":\"https:\/\/unhz.eu\/fakulteti-i-agrobiznesit\/#organization\",\"name\":\"Fakulteti i Agrobiznesit\",\"url\":\"https:\/\/unhz.eu\/fakulteti-i-agrobiznesit\/\",\"logo\":{\"@type\":\"ImageObject\",\"inLanguage\":\"en-US\",\"@id\":\"https:\/\/unhz.eu\/fakulteti-i-agrobiznesit\/#\/schema\/logo\/image\/\",\"url\":\"https:\/\/unhz.eu\/fakulteti-i-agrobiznesit\/wp-content\/uploads\/sites\/11\/2024\/02\/cropped-logo-1-1-e1713527702695.png\",\"contentUrl\":\"https:\/\/unhz.eu\/fakulteti-i-agrobiznesit\/wp-content\/uploads\/sites\/11\/2024\/02\/cropped-logo-1-1-e1713527702695.png\",\"width\":100,\"height\":100,\"caption\":\"Fakulteti i Agrobiznesit\"},\"image\":{\"@id\":\"https:\/\/unhz.eu\/fakulteti-i-agrobiznesit\/#\/schema\/logo\/image\/\"}}]}<\/script>\n<!-- \/ Yoast SEO Premium plugin. -->","yoast_head_json":{"title":"Rezultate Provimesh & Vler\u00ebsimesh \u2013 Fakulteti i Agrobiznesit |","description":"Shiko rezultatet e provimeve dhe vler\u00ebsimeve p\u00ebr programet e Fakultetit t\u00eb Agrobiznesit n\u00eb UNHZ \u2014 lista e rezultateve sipas l\u00ebnd\u00ebve, viteve dhe semestrave t\u00eb studimit.","robots":{"index":"index","follow":"follow","max-snippet":"max-snippet:-1","max-image-preview":"max-image-preview:large","max-video-preview":"max-video-preview:-1"},"canonical":"https:\/\/unhz.eu\/fakulteti-i-agrobiznesit\/en\/rezultate\/","og_locale":"en_US","og_type":"article","og_title":"Rezultate","og_description":"Shiko rezultatet e provimeve dhe vler\u00ebsimeve p\u00ebr programet e Fakultetit t\u00eb Agrobiznesit n\u00eb UNHZ \u2014 lista e rezultateve sipas l\u00ebnd\u00ebve, viteve dhe semestrave t\u00eb studimit.","og_url":"https:\/\/unhz.eu\/fakulteti-i-agrobiznesit\/en\/rezultate\/","og_site_name":"Fakulteti i Agrobiznesit","article_modified_time":"2026-02-06T12:27:42+00:00","twitter_card":"summary_large_image","twitter_misc":{"Est. reading time":"1 minute"},"schema":{"@context":"https:\/\/schema.org","@graph":[{"@type":"WebPage","@id":"https:\/\/unhz.eu\/fakulteti-i-agrobiznesit\/rezultate\/","url":"https:\/\/unhz.eu\/fakulteti-i-agrobiznesit\/rezultate\/","name":"Rezultate Provimesh & Vler\u00ebsimesh \u2013 Fakulteti i Agrobiznesit |","isPartOf":{"@id":"https:\/\/unhz.eu\/fakulteti-i-agrobiznesit\/#website"},"datePublished":"2024-05-03T09:22:14+00:00","dateModified":"2026-02-06T12:27:42+00:00","description":"Shiko rezultatet e provimeve dhe vler\u00ebsimeve p\u00ebr programet e Fakultetit t\u00eb Agrobiznesit n\u00eb UNHZ \u2014 lista e rezultateve sipas l\u00ebnd\u00ebve, viteve dhe semestrave t\u00eb studimit.","breadcrumb":{"@id":"https:\/\/unhz.eu\/fakulteti-i-agrobiznesit\/rezultate\/#breadcrumb"},"inLanguage":"en-US","potentialAction":[{"@type":"ReadAction","target":["https:\/\/unhz.eu\/fakulteti-i-agrobiznesit\/rezultate\/"]}]},{"@type":"BreadcrumbList","@id":"https:\/\/unhz.eu\/fakulteti-i-agrobiznesit\/rezultate\/#breadcrumb","itemListElement":[{"@type":"ListItem","position":1,"name":"Home","item":"https:\/\/unhz.eu\/fakulteti-i-agrobiznesit\/"},{"@type":"ListItem","position":2,"name":"Rezultate"}]},{"@type":"WebSite","@id":"https:\/\/unhz.eu\/fakulteti-i-agrobiznesit\/#website","url":"https:\/\/unhz.eu\/fakulteti-i-agrobiznesit\/","name":"Faculty of Agribussines","description":"Dedicated to standard quality and success","publisher":{"@id":"https:\/\/unhz.eu\/fakulteti-i-agrobiznesit\/#organization"},"potentialAction":[{"@type":"SearchAction","target":{"@type":"EntryPoint","urlTemplate":"https:\/\/unhz.eu\/fakulteti-i-agrobiznesit\/?s={search_term_string}"},"query-input":{"@type":"PropertyValueSpecification","valueRequired":true,"valueName":"search_term_string"}}],"inLanguage":"en-US"},{"@type":"Organization","@id":"https:\/\/unhz.eu\/fakulteti-i-agrobiznesit\/#organization","name":"Faculty of Agribussines","url":"https:\/\/unhz.eu\/fakulteti-i-agrobiznesit\/","logo":{"@type":"ImageObject","inLanguage":"en-US","@id":"https:\/\/unhz.eu\/fakulteti-i-agrobiznesit\/#\/schema\/logo\/image\/","url":"https:\/\/unhz.eu\/fakulteti-i-agrobiznesit\/wp-content\/uploads\/sites\/11\/2024\/02\/cropped-logo-1-1-e1713527702695.png","contentUrl":"https:\/\/unhz.eu\/fakulteti-i-agrobiznesit\/wp-content\/uploads\/sites\/11\/2024\/02\/cropped-logo-1-1-e1713527702695.png","width":100,"height":100,"caption":"Fakulteti i Agrobiznesit"},"image":{"@id":"https:\/\/unhz.eu\/fakulteti-i-agrobiznesit\/#\/schema\/logo\/image\/"}}]}},"_links":{"self":[{"href":"https:\/\/unhz.eu\/fakulteti-i-agrobiznesit\/en\/wp-json\/wp\/v2\/pages\/22564","targetHints":{"allow":["GET"]}}],"collection":[{"href":"https:\/\/unhz.eu\/fakulteti-i-agrobiznesit\/en\/wp-json\/wp\/v2\/pages"}],"about":[{"href":"https:\/\/unhz.eu\/fakulteti-i-agrobiznesit\/en\/wp-json\/wp\/v2\/types\/page"}],"author":[{"embeddable":true,"href":"https:\/\/unhz.eu\/fakulteti-i-agrobiznesit\/en\/wp-json\/wp\/v2\/users\/1"}],"replies":[{"embeddable":true,"href":"https:\/\/unhz.eu\/fakulteti-i-agrobiznesit\/en\/wp-json\/wp\/v2\/comments?post=22564"}],"version-history":[{"count":1,"href":"https:\/\/unhz.eu\/fakulteti-i-agrobiznesit\/en\/wp-json\/wp\/v2\/pages\/22564\/revisions"}],"predecessor-version":[{"id":49542,"href":"https:\/\/unhz.eu\/fakulteti-i-agrobiznesit\/en\/wp-json\/wp\/v2\/pages\/22564\/revisions\/49542"}],"wp:attachment":[{"href":"https:\/\/unhz.eu\/fakulteti-i-agrobiznesit\/en\/wp-json\/wp\/v2\/media?parent=22564"}],"curies":[{"name":"wp","href":"https:\/\/api.w.org\/{rel}","templated":true}]}}