{"id":21557,"date":"2024-02-29T10:40:02","date_gmt":"2024-02-29T10:40:02","guid":{"rendered":"http:\/\/unhz.local\/fakulteti-i-biznesit\/?page_id=21557"},"modified":"2026-02-06T10:37:03","modified_gmt":"2026-02-06T10:37:03","slug":"orari-i-konsultimeve-me-studentet-e-fakultetit-te-biznesit-stafi-i-angazhuar","status":"publish","type":"page","link":"https:\/\/unhz.eu\/fakulteti-i-agrobiznesit\/en\/orari-i-konsultimeve-me-studentet-e-fakultetit-te-biznesit-stafi-i-angazhuar\/","title":{"rendered":"ORARI I KONSULTIMEVE ME STUDENT\u00cbT E FAKULTETIT T\u00cb BIZNESIT \u2013 STAFI I ANGAZHUAR"},"content":{"rendered":"<h2 class=\"wp-block-post-title\">ORARI I KONSULTIMEVE ME STUDENT\u00cbT E FAKULTETIT T\u00cb BIZNESIT \u2013 STAFI I ANGAZHUAR<\/h2>\n\n\n<div style=\"height:100px\" aria-hidden=\"true\" class=\"wp-block-spacer sc_height_medium\"><\/div>","protected":false},"excerpt":{"rendered":"","protected":false},"author":1,"featured_media":0,"parent":0,"menu_order":0,"comment_status":"closed","ping_status":"closed","template":"","meta":{"footnotes":""},"class_list":["post-21557","page","type-page","status-publish","hentry"],"yoast_head":"<!-- This site is optimized with the Yoast SEO Premium plugin v27.2 (Yoast SEO v27.2) - https:\/\/yoast.com\/product\/yoast-seo-premium-wordpress\/ -->\n<title>Orari i Konsultimeve me Student\u00ebt \u2013 Agrobiznes | UNHZ<\/title>\n<meta name=\"description\" content=\"Shiko orarin e konsultimeve me student\u00ebt t\u00eb stafit t\u00eb angazhuar n\u00eb Fakultetin e Agrobiznesit, Universiteti \u201cHaxhi Zeka\u201d \u2014 dit\u00ebt dhe oraret p\u00ebr takime m\u00ebsimore.\" \/>\n<meta name=\"robots\" content=\"index, follow, max-snippet:-1, max-image-preview:large, max-video-preview:-1\" \/>\n<link rel=\"canonical\" href=\"https:\/\/unhz.eu\/fakulteti-i-agrobiznesit\/en\/orari-i-konsultimeve-me-studentet-e-fakultetit-te-biznesit-stafi-i-angazhuar\/\" \/>\n<meta property=\"og:locale\" content=\"en_US\" \/>\n<meta property=\"og:type\" content=\"article\" \/>\n<meta property=\"og:title\" content=\"ORARI I KONSULTIMEVE ME STUDENT\u00cbT E FAKULTETIT T\u00cb BIZNESIT \u2013 STAFI I ANGAZHUAR\" \/>\n<meta property=\"og:description\" content=\"Shiko orarin e konsultimeve me student\u00ebt t\u00eb stafit t\u00eb angazhuar n\u00eb Fakultetin e Agrobiznesit, Universiteti \u201cHaxhi Zeka\u201d \u2014 dit\u00ebt dhe oraret p\u00ebr takime m\u00ebsimore.\" \/>\n<meta property=\"og:url\" content=\"https:\/\/unhz.eu\/fakulteti-i-agrobiznesit\/en\/orari-i-konsultimeve-me-studentet-e-fakultetit-te-biznesit-stafi-i-angazhuar\/\" \/>\n<meta property=\"og:site_name\" content=\"Fakulteti i Agrobiznesit\" \/>\n<meta property=\"article:modified_time\" content=\"2026-02-06T10:37:03+00:00\" \/>\n<meta name=\"twitter:card\" content=\"summary_large_image\" \/>\n<script type=\"application\/ld+json\" class=\"yoast-schema-graph\">{\"@context\":\"https:\/\/schema.org\",\"@graph\":[{\"@type\":\"WebPage\",\"@id\":\"https:\/\/unhz.eu\/fakulteti-i-agrobiznesit\/orari-i-konsultimeve-me-studentet-e-fakultetit-te-biznesit-stafi-i-angazhuar\/\",\"url\":\"https:\/\/unhz.eu\/fakulteti-i-agrobiznesit\/orari-i-konsultimeve-me-studentet-e-fakultetit-te-biznesit-stafi-i-angazhuar\/\",\"name\":\"Orari i Konsultimeve me Student\u00ebt \u2013 Agrobiznes | UNHZ\",\"isPartOf\":{\"@id\":\"https:\/\/unhz.eu\/fakulteti-i-agrobiznesit\/#website\"},\"datePublished\":\"2024-02-29T10:40:02+00:00\",\"dateModified\":\"2026-02-06T10:37:03+00:00\",\"description\":\"Shiko orarin e konsultimeve me student\u00ebt t\u00eb stafit t\u00eb angazhuar n\u00eb Fakultetin e Agrobiznesit, Universiteti \u201cHaxhi Zeka\u201d \u2014 dit\u00ebt dhe oraret p\u00ebr takime m\u00ebsimore.\",\"breadcrumb\":{\"@id\":\"https:\/\/unhz.eu\/fakulteti-i-agrobiznesit\/orari-i-konsultimeve-me-studentet-e-fakultetit-te-biznesit-stafi-i-angazhuar\/#breadcrumb\"},\"inLanguage\":\"en-US\",\"potentialAction\":[{\"@type\":\"ReadAction\",\"target\":[\"https:\/\/unhz.eu\/fakulteti-i-agrobiznesit\/orari-i-konsultimeve-me-studentet-e-fakultetit-te-biznesit-stafi-i-angazhuar\/\"]}]},{\"@type\":\"BreadcrumbList\",\"@id\":\"https:\/\/unhz.eu\/fakulteti-i-agrobiznesit\/orari-i-konsultimeve-me-studentet-e-fakultetit-te-biznesit-stafi-i-angazhuar\/#breadcrumb\",\"itemListElement\":[{\"@type\":\"ListItem\",\"position\":1,\"name\":\"Home\",\"item\":\"https:\/\/unhz.eu\/fakulteti-i-agrobiznesit\/\"},{\"@type\":\"ListItem\",\"position\":2,\"name\":\"ORARI I KONSULTIMEVE ME STUDENT\u00cbT E FAKULTETIT T\u00cb BIZNESIT \u2013 STAFI I ANGAZHUAR\"}]},{\"@type\":\"WebSite\",\"@id\":\"https:\/\/unhz.eu\/fakulteti-i-agrobiznesit\/#website\",\"url\":\"https:\/\/unhz.eu\/fakulteti-i-agrobiznesit\/\",\"name\":\"Fakulteti i Agrobiznesit\",\"description\":\"I dedikuar p\u00ebr cil\u00ebsi standarde dhe suksese\",\"publisher\":{\"@id\":\"https:\/\/unhz.eu\/fakulteti-i-agrobiznesit\/#organization\"},\"potentialAction\":[{\"@type\":\"SearchAction\",\"target\":{\"@type\":\"EntryPoint\",\"urlTemplate\":\"https:\/\/unhz.eu\/fakulteti-i-agrobiznesit\/?s={search_term_string}\"},\"query-input\":{\"@type\":\"PropertyValueSpecification\",\"valueRequired\":true,\"valueName\":\"search_term_string\"}}],\"inLanguage\":\"en-US\"},{\"@type\":\"Organization\",\"@id\":\"https:\/\/unhz.eu\/fakulteti-i-agrobiznesit\/#organization\",\"name\":\"Fakulteti i Agrobiznesit\",\"url\":\"https:\/\/unhz.eu\/fakulteti-i-agrobiznesit\/\",\"logo\":{\"@type\":\"ImageObject\",\"inLanguage\":\"en-US\",\"@id\":\"https:\/\/unhz.eu\/fakulteti-i-agrobiznesit\/#\/schema\/logo\/image\/\",\"url\":\"https:\/\/unhz.eu\/fakulteti-i-agrobiznesit\/wp-content\/uploads\/sites\/11\/2024\/02\/cropped-logo-1-1-e1713527702695.png\",\"contentUrl\":\"https:\/\/unhz.eu\/fakulteti-i-agrobiznesit\/wp-content\/uploads\/sites\/11\/2024\/02\/cropped-logo-1-1-e1713527702695.png\",\"width\":100,\"height\":100,\"caption\":\"Fakulteti i Agrobiznesit\"},\"image\":{\"@id\":\"https:\/\/unhz.eu\/fakulteti-i-agrobiznesit\/#\/schema\/logo\/image\/\"}}]}<\/script>\n<!-- \/ Yoast SEO Premium plugin. -->","yoast_head_json":{"title":"Orari i Konsultimeve me Student\u00ebt \u2013 Agrobiznes | UNHZ","description":"Shiko orarin e konsultimeve me student\u00ebt t\u00eb stafit t\u00eb angazhuar n\u00eb Fakultetin e Agrobiznesit, Universiteti \u201cHaxhi Zeka\u201d \u2014 dit\u00ebt dhe oraret p\u00ebr takime m\u00ebsimore.","robots":{"index":"index","follow":"follow","max-snippet":"max-snippet:-1","max-image-preview":"max-image-preview:large","max-video-preview":"max-video-preview:-1"},"canonical":"https:\/\/unhz.eu\/fakulteti-i-agrobiznesit\/en\/orari-i-konsultimeve-me-studentet-e-fakultetit-te-biznesit-stafi-i-angazhuar\/","og_locale":"en_US","og_type":"article","og_title":"ORARI I KONSULTIMEVE ME STUDENT\u00cbT E FAKULTETIT T\u00cb BIZNESIT \u2013 STAFI I ANGAZHUAR","og_description":"Shiko orarin e konsultimeve me student\u00ebt t\u00eb stafit t\u00eb angazhuar n\u00eb Fakultetin e Agrobiznesit, Universiteti \u201cHaxhi Zeka\u201d \u2014 dit\u00ebt dhe oraret p\u00ebr takime m\u00ebsimore.","og_url":"https:\/\/unhz.eu\/fakulteti-i-agrobiznesit\/en\/orari-i-konsultimeve-me-studentet-e-fakultetit-te-biznesit-stafi-i-angazhuar\/","og_site_name":"Fakulteti i Agrobiznesit","article_modified_time":"2026-02-06T10:37:03+00:00","twitter_card":"summary_large_image","schema":{"@context":"https:\/\/schema.org","@graph":[{"@type":"WebPage","@id":"https:\/\/unhz.eu\/fakulteti-i-agrobiznesit\/orari-i-konsultimeve-me-studentet-e-fakultetit-te-biznesit-stafi-i-angazhuar\/","url":"https:\/\/unhz.eu\/fakulteti-i-agrobiznesit\/orari-i-konsultimeve-me-studentet-e-fakultetit-te-biznesit-stafi-i-angazhuar\/","name":"Orari i Konsultimeve me Student\u00ebt \u2013 Agrobiznes | UNHZ","isPartOf":{"@id":"https:\/\/unhz.eu\/fakulteti-i-agrobiznesit\/#website"},"datePublished":"2024-02-29T10:40:02+00:00","dateModified":"2026-02-06T10:37:03+00:00","description":"Shiko orarin e konsultimeve me student\u00ebt t\u00eb stafit t\u00eb angazhuar n\u00eb Fakultetin e Agrobiznesit, Universiteti \u201cHaxhi Zeka\u201d \u2014 dit\u00ebt dhe oraret p\u00ebr takime m\u00ebsimore.","breadcrumb":{"@id":"https:\/\/unhz.eu\/fakulteti-i-agrobiznesit\/orari-i-konsultimeve-me-studentet-e-fakultetit-te-biznesit-stafi-i-angazhuar\/#breadcrumb"},"inLanguage":"en-US","potentialAction":[{"@type":"ReadAction","target":["https:\/\/unhz.eu\/fakulteti-i-agrobiznesit\/orari-i-konsultimeve-me-studentet-e-fakultetit-te-biznesit-stafi-i-angazhuar\/"]}]},{"@type":"BreadcrumbList","@id":"https:\/\/unhz.eu\/fakulteti-i-agrobiznesit\/orari-i-konsultimeve-me-studentet-e-fakultetit-te-biznesit-stafi-i-angazhuar\/#breadcrumb","itemListElement":[{"@type":"ListItem","position":1,"name":"Home","item":"https:\/\/unhz.eu\/fakulteti-i-agrobiznesit\/"},{"@type":"ListItem","position":2,"name":"ORARI I KONSULTIMEVE ME STUDENT\u00cbT E FAKULTETIT T\u00cb BIZNESIT \u2013 STAFI I ANGAZHUAR"}]},{"@type":"WebSite","@id":"https:\/\/unhz.eu\/fakulteti-i-agrobiznesit\/#website","url":"https:\/\/unhz.eu\/fakulteti-i-agrobiznesit\/","name":"Faculty of Agribussines","description":"Dedicated to standard quality and success","publisher":{"@id":"https:\/\/unhz.eu\/fakulteti-i-agrobiznesit\/#organization"},"potentialAction":[{"@type":"SearchAction","target":{"@type":"EntryPoint","urlTemplate":"https:\/\/unhz.eu\/fakulteti-i-agrobiznesit\/?s={search_term_string}"},"query-input":{"@type":"PropertyValueSpecification","valueRequired":true,"valueName":"search_term_string"}}],"inLanguage":"en-US"},{"@type":"Organization","@id":"https:\/\/unhz.eu\/fakulteti-i-agrobiznesit\/#organization","name":"Faculty of Agribussines","url":"https:\/\/unhz.eu\/fakulteti-i-agrobiznesit\/","logo":{"@type":"ImageObject","inLanguage":"en-US","@id":"https:\/\/unhz.eu\/fakulteti-i-agrobiznesit\/#\/schema\/logo\/image\/","url":"https:\/\/unhz.eu\/fakulteti-i-agrobiznesit\/wp-content\/uploads\/sites\/11\/2024\/02\/cropped-logo-1-1-e1713527702695.png","contentUrl":"https:\/\/unhz.eu\/fakulteti-i-agrobiznesit\/wp-content\/uploads\/sites\/11\/2024\/02\/cropped-logo-1-1-e1713527702695.png","width":100,"height":100,"caption":"Fakulteti i Agrobiznesit"},"image":{"@id":"https:\/\/unhz.eu\/fakulteti-i-agrobiznesit\/#\/schema\/logo\/image\/"}}]}},"_links":{"self":[{"href":"https:\/\/unhz.eu\/fakulteti-i-agrobiznesit\/en\/wp-json\/wp\/v2\/pages\/21557","targetHints":{"allow":["GET"]}}],"collection":[{"href":"https:\/\/unhz.eu\/fakulteti-i-agrobiznesit\/en\/wp-json\/wp\/v2\/pages"}],"about":[{"href":"https:\/\/unhz.eu\/fakulteti-i-agrobiznesit\/en\/wp-json\/wp\/v2\/types\/page"}],"author":[{"embeddable":true,"href":"https:\/\/unhz.eu\/fakulteti-i-agrobiznesit\/en\/wp-json\/wp\/v2\/users\/1"}],"replies":[{"embeddable":true,"href":"https:\/\/unhz.eu\/fakulteti-i-agrobiznesit\/en\/wp-json\/wp\/v2\/comments?post=21557"}],"version-history":[{"count":1,"href":"https:\/\/unhz.eu\/fakulteti-i-agrobiznesit\/en\/wp-json\/wp\/v2\/pages\/21557\/revisions"}],"predecessor-version":[{"id":49527,"href":"https:\/\/unhz.eu\/fakulteti-i-agrobiznesit\/en\/wp-json\/wp\/v2\/pages\/21557\/revisions\/49527"}],"wp:attachment":[{"href":"https:\/\/unhz.eu\/fakulteti-i-agrobiznesit\/en\/wp-json\/wp\/v2\/media?parent=21557"}],"curies":[{"name":"wp","href":"https:\/\/api.w.org\/{rel}","templated":true}]}}