{"id":21550,"date":"2024-02-29T10:30:40","date_gmt":"2024-02-29T10:30:40","guid":{"rendered":"http:\/\/unhz.local\/fakulteti-i-biznesit\/?page_id=21550"},"modified":"2026-02-06T10:38:02","modified_gmt":"2026-02-06T10:38:02","slug":"orari-i-konsultimeve","status":"publish","type":"page","link":"https:\/\/unhz.eu\/fakulteti-i-agrobiznesit\/en\/orari-i-konsultimeve\/","title":{"rendered":"Orari i konsultimeve p\u00ebr stafin akademik t\u00eb rregullt"},"content":{"rendered":"<div data-elementor-type=\"wp-page\" data-elementor-id=\"21550\" class=\"elementor elementor-21550\" data-elementor-post-type=\"page\">\n\t\t\t\t\t\t<section class=\"elementor-section elementor-top-section elementor-element elementor-element-eb11eea elementor-section-boxed elementor-section-height-default elementor-section-height-default sc_fly_static\" data-id=\"eb11eea\" data-element_type=\"section\" data-e-type=\"section\">\n\t\t\t\t\t\t<div class=\"elementor-container elementor-column-gap-extended\">\n\t\t\t\t\t<div class=\"elementor-column elementor-col-100 elementor-top-column elementor-element elementor-element-459c85f2 sc_content_align_inherit sc_layouts_column_icons_position_left sc_fly_static\" data-id=\"459c85f2\" data-element_type=\"column\" data-e-type=\"column\">\n\t\t\t<div class=\"elementor-widget-wrap elementor-element-populated\">\n\t\t\t\t\t\t<div class=\"elementor-element elementor-element-b2f0843 sc_fly_static elementor-widget elementor-widget-heading\" data-id=\"b2f0843\" data-element_type=\"widget\" data-e-type=\"widget\" data-widget_type=\"heading.default\">\n\t\t\t\t<div class=\"elementor-widget-container\">\n\t\t\t\t\t<h2 class=\"elementor-heading-title elementor-size-default\">ORARI I KONSULTIMEVE<\/h2>\t\t\t\t<\/div>\n\t\t\t\t<\/div>\n\t\t\t\t<div class=\"elementor-element elementor-element-629d024 sc_fly_static elementor-widget elementor-widget-spacer\" data-id=\"629d024\" data-element_type=\"widget\" data-e-type=\"widget\" data-widget_type=\"spacer.default\">\n\t\t\t\t<div class=\"elementor-widget-container\">\n\t\t\t\t\t\t\t<div class=\"elementor-spacer\">\n\t\t\t<div class=\"elementor-spacer-inner\"><\/div>\n\t\t<\/div>\n\t\t\t\t\t\t<\/div>\n\t\t\t\t<\/div>\n\t\t\t\t<div class=\"elementor-element elementor-element-2bb5a5c9 sc_fly_static elementor-widget elementor-widget-text-editor\" data-id=\"2bb5a5c9\" data-element_type=\"widget\" data-e-type=\"widget\" data-widget_type=\"text-editor.default\">\n\t\t\t\t<div class=\"elementor-widget-container\">\n\t\t\t\t\t\t\t\t\t\n<p><strong>FAKULTETI I BIZNESIT<\/strong><\/p>\n\n\n\n<p><strong>ORARI I KONSULTIMEVE T\u00cb STAFIT AKADEMIK T\u00cb RREGULLT<\/strong><\/p>\n\n\n\n<p><strong>FAKULTETI I BIZNESIT<\/strong><\/p>\n\n\n\n<p>Orari i konsultimeve t\u00eb stafit akademik t\u00eb rregullt, p\u00ebr vitin akademik&nbsp;<strong>2022\/2023<\/strong><\/p>\n\n\n\n<figure class=\"wp-block-table\"><table><tbody><tr><td><strong>Nr.<\/strong><\/td><td><strong>Emri dhe mbiemri<\/strong><\/td><td><strong>E h\u00ebn\u00eb<\/strong><\/td><td><strong>E mart\u00eb<\/strong><\/td><td><strong>E merkur\u00eb<\/strong><\/td><td><strong>E enjt\u00eb<\/strong><\/td><td><strong>E premte<\/strong><\/td><\/tr><tr><td>1<\/td><td>Prof. dr. Halit Shabani<\/td><td>&nbsp;<\/td><td>11:00 \u2013 12:00<\/td><td>&nbsp;<\/td><td>11:00 \u2013 12:00<\/td><td>&nbsp;<\/td><\/tr><tr><td>2<\/td><td>Prof. dr. Edmond Beqiri<\/td><td>&nbsp;<\/td><td>15:00 \u2013 16:00<\/td><td>15:00 \u2013 16:00<\/td><td>&nbsp;<\/td><td>&nbsp;<\/td><\/tr><tr><td>3<\/td><td>Prof. dr. Husnija Bibuljica<\/td><td>11:00 \u2013 12:00<\/td><td>&nbsp;<\/td><td>09:00 \u2013 10:00<\/td><td>&nbsp;<\/td><td>&nbsp;<\/td><\/tr><tr><td>4<\/td><td>Prof. dr. Ibish Mazreku<\/td><td>&nbsp;<\/td><td>11:00 \u2013 12:00<\/td><td>&nbsp;<\/td><td>11:00 \u2013 12:00<\/td><td>&nbsp;<\/td><\/tr><tr><td>5<\/td><td>Prof. asoc. dr. Bedri Statovci<\/td><td>09:00 \u2013 09:45<\/td><td>09:00 \u2013 09:45<\/td><td>09:00 \u2013 09:45<\/td><td>&nbsp;<\/td><td>&nbsp;<\/td><\/tr><tr><td>6<\/td><td>Prof. asoc. dr. Theranda Beqiri<\/td><td>15:00 \u2013 16:00<\/td><td>15:00 \u2013 16:00<\/td><td>&nbsp;<\/td><td>&nbsp;<\/td><td>&nbsp;<\/td><\/tr><tr><td>7<\/td><td>Prof. asoc. dr. Vehbi Miftari<\/td><td>&nbsp;<\/td><td>&nbsp;<\/td><td>&nbsp;<\/td><td>13:00 \u2013 14:00<\/td><td>13:00 \u2013 14:00<\/td><\/tr><tr><td>8<\/td><td>Prof. asoc. dr. Vehbi Ramaj<\/td><td>&nbsp;<\/td><td>12:00 \u2013 13:00<\/td><td>12:00 \u2013 13:00<\/td><td>&nbsp;<\/td><td>&nbsp;<\/td><\/tr><tr><td>9<\/td><td>Prof. ass. dr. Alma Shehu<\/td><td>&nbsp;<\/td><td>14:30 \u2013 15:30<\/td><td>&nbsp;<\/td><td>08:30 \u2013 09:30<\/td><td>&nbsp;<\/td><\/tr><tr><td>10<\/td><td>Prof. ass. dr. Anita Cucovic<\/td><td>&nbsp;<\/td><td>&nbsp;<\/td><td>13:00 \u2013 14:00<\/td><td>12:00 \u2013 13:00<\/td><td>&nbsp;<\/td><\/tr><tr><td>11<\/td><td>Prof. ass. dr. Bashkim Nurboja<\/td><td>12:10 \u2013 13:10<\/td><td>&nbsp;<\/td><td>12:10 \u2013 13:10<\/td><td>&nbsp;<\/td><td>&nbsp;<\/td><\/tr><tr><td>12<\/td><td>Prof. ass. dr. Donjeta Morina<\/td><td>&nbsp;<\/td><td>13:00 \u2013 14:00<\/td><td>13:00 \u2013 14:00<\/td><td>&nbsp;<\/td><td>&nbsp;<\/td><\/tr><tr><td>13<\/td><td>Prof. ass. dr. Driton Sylqa<\/td><td>14.30 \u2013 15.30<\/td><td>&nbsp;<\/td><td>&nbsp;<\/td><td>12.00 \u2013 13.00<\/td><td>&nbsp;<\/td><\/tr><tr><td>14<\/td><td>Prof. ass. dr. Elvis Elezaj<\/td><td>&nbsp;<\/td><td>10:00 \u2013 11:00<\/td><td>10:00 \u2013 11:00<\/td><td>&nbsp;<\/td><td>&nbsp;<\/td><\/tr><tr><td>15<\/td><td>Prof. ass. dr. Emin Neziraj<\/td><td>&nbsp;<\/td><td>12:30 \u2013 13:30<\/td><td>10:00 \u2013 11:00<\/td><td>&nbsp;<\/td><td>&nbsp;<\/td><\/tr><tr><td>16<\/td><td>Prof. ass. dr. Fisnik Morina<\/td><td>09:00 \u2013 10:00<\/td><td>14:00 \u2013 15:00<\/td><td>&nbsp;<\/td><td>&nbsp;<\/td><td>&nbsp;<\/td><\/tr><tr><td>17<\/td><td>Prof. ass. dr. Ibrahim Krasniqi<\/td><td>&nbsp;09:00 \u2013 09:45<\/td><td>09:00 \u2013 09:45<\/td><td>&nbsp;<\/td><td>15:30 \u2013 16:00<\/td><td>&nbsp;<\/td><\/tr><tr><td>18<\/td><td>Prof. ass. dr. Mersiha Kalac<\/td><td>&nbsp;<\/td><td>13:00-14:00<\/td><td>14:15-15:15<\/td><td>&nbsp;<\/td><td>&nbsp;<\/td><\/tr><tr><td>19<\/td><td>Prof. ass. dr. Suada Ajdarpasic<\/td><td>&nbsp;<\/td><td>&nbsp;<\/td><td>14:00 \u2013 15:00<\/td><td>&nbsp;<\/td><td>14:00 \u2013 15:00<\/td><\/tr><tr><td>20<\/td><td>Prof. ass. dr. Suada Dzogovic<\/td><td><strong>09:00-10:00<\/strong><\/td><td>&nbsp;<\/td><td><strong>10:00-11:00<\/strong><\/td><td>&nbsp;<\/td><td>&nbsp;<\/td><\/tr><tr><td>21<\/td><td>Prof. ass. dr. Valdrin Misiri<\/td><td>&nbsp;<\/td><td>13:00 \u2013 14:00&nbsp;<\/td><td>13:00 \u2013 14:00&nbsp;<\/td><td>&nbsp;<\/td><td>&nbsp;<\/td><\/tr><tr><td>22<\/td><td>Prof. ass. dr. Vjosa Hajdari<\/td><td>&nbsp;<\/td><td>14:30 \u2013 15:30<\/td><td>&nbsp;<\/td><td>08:30 \u2013 09:30<\/td><td>&nbsp;<\/td><\/tr><tr><td>23<\/td><td>Prof. ass. dr. Vlora Berisha<\/td><td>&nbsp;<\/td><td>&nbsp;<\/td><td>&nbsp;<\/td><td>&nbsp;<\/td><td>&nbsp;<\/td><\/tr><tr><td>24<\/td><td>Prof. ass. dr. Ylber Januzaj<\/td><td>&nbsp;<\/td><td>11:00 \u2013 12:00<\/td><td>&nbsp;<\/td><td>&nbsp;<\/td><td>15:00 \u2013 16:00<\/td><\/tr><tr><td>25<\/td><td>MSc. Albulena Avdili<\/td><td>08:45 \u2013 09:45<\/td><td>&nbsp;<\/td><td>09:30 \u2013 10:30<\/td><td>&nbsp;<\/td><td>&nbsp;<\/td><\/tr><tr><td>26<\/td><td>MSc. Besfort Ahmeti<\/td><td>11:00-12:00<\/td><td>11:00-12:00<\/td><td>&nbsp;<\/td><td>&nbsp;<\/td><td>&nbsp;<\/td><\/tr><tr><td>27<\/td><td>MSc. Edona Draga<\/td><td>&nbsp;<\/td><td>13:30 \u2013 14:30<\/td><td>&nbsp;<\/td><td>11:00 \u2013 12:00<\/td><td>&nbsp;<\/td><\/tr><tr><td>28<\/td><td>MSc. Leonita Mazrekaj<\/td><td>&nbsp;<\/td><td>&nbsp;<\/td><td>&nbsp;<\/td><td>&nbsp;<\/td><td>&nbsp;<\/td><\/tr><tr><td>29<\/td><td>MSc. Shk\u00eblqesa Smajli<\/td><td>&nbsp;<\/td><td>&nbsp;<\/td><td>&nbsp;<\/td><td>&nbsp;<\/td><td>&nbsp;<\/td><\/tr><tr><td>30<\/td><td>MSc. Venera Kelmendi<\/td><td>&nbsp;<\/td><td>10:30 \u2013 11:30<\/td><td>&nbsp;<\/td><td>&nbsp;<\/td><td>11:00 \u2013 12:00<\/td><\/tr><tr><td>31<\/td><td>MSc. Zijad Sabotic<\/td><td>&nbsp;<\/td><td>11:00 \u2013 12:00<\/td><td>&nbsp;<\/td><td>08:00 \u2013 09:00<\/td><td>&nbsp;<\/td><\/tr><\/tbody><\/table><\/figure>\n\t\t\t\t\t\t\t\t<\/div>\n\t\t\t\t<\/div>\n\t\t\t\t\t<\/div>\n\t\t<\/div>\n\t\t\t\t\t<\/div>\n\t\t<\/section>\n\t\t\t\t<section class=\"elementor-section elementor-top-section elementor-element elementor-element-d14936c elementor-section-boxed elementor-section-height-default elementor-section-height-default sc_fly_static\" data-id=\"d14936c\" data-element_type=\"section\" data-e-type=\"section\">\n\t\t\t\t\t\t<div class=\"elementor-container elementor-column-gap-extended\">\n\t\t\t\t\t<div class=\"elementor-column elementor-col-100 elementor-top-column elementor-element elementor-element-3ef85b6 sc_content_align_inherit sc_layouts_column_icons_position_left sc_fly_static\" data-id=\"3ef85b6\" data-element_type=\"column\" data-e-type=\"column\">\n\t\t\t<div class=\"elementor-widget-wrap\">\n\t\t\t\t\t\t\t<\/div>\n\t\t<\/div>\n\t\t\t\t\t<\/div>\n\t\t<\/section>\n\t\t\t\t<\/div>","protected":false},"excerpt":{"rendered":"<p>ORARI I KONSULTIMEVE FAKULTETI I BIZNESIT ORARI I KONSULTIMEVE T\u00cb STAFIT AKADEMIK T\u00cb RREGULLT FAKULTETI I BIZNESIT Orari i konsultimeve t\u00eb stafit akademik t\u00eb rregullt, p\u00ebr vitin akademik&nbsp;2022\/2023 Nr. Emri&hellip;<\/p>","protected":false},"author":1,"featured_media":0,"parent":0,"menu_order":0,"comment_status":"closed","ping_status":"closed","template":"","meta":{"footnotes":""},"class_list":["post-21550","page","type-page","status-publish","hentry"],"yoast_head":"<!-- This site is optimized with the Yoast SEO Premium plugin v27.2 (Yoast SEO v27.2) - https:\/\/yoast.com\/product\/yoast-seo-premium-wordpress\/ -->\n<title>Orari i Konsultimeve \u2013 Fakulteti i Agrobiznesit | UNHZ<\/title>\n<meta name=\"description\" content=\"Shiko oraret e konsultimeve t\u00eb stafit akademik t\u00eb Fakultetit t\u00eb Agrobiznesit n\u00eb Universitetin \u201cHaxhi Zeka\u201d \u2014 dit\u00ebt dhe oraret p\u00ebr takime me profesor\u00eb dhe asistent\u00eb.\" \/>\n<meta name=\"robots\" content=\"index, follow, max-snippet:-1, max-image-preview:large, max-video-preview:-1\" \/>\n<link rel=\"canonical\" href=\"https:\/\/unhz.eu\/fakulteti-i-agrobiznesit\/en\/orari-i-konsultimeve\/\" \/>\n<meta property=\"og:locale\" content=\"en_US\" \/>\n<meta property=\"og:type\" content=\"article\" \/>\n<meta property=\"og:title\" content=\"Orari i konsultimeve p\u00ebr stafin akademik t\u00eb rregullt\" \/>\n<meta property=\"og:description\" content=\"Shiko oraret e konsultimeve t\u00eb stafit akademik t\u00eb Fakultetit t\u00eb Agrobiznesit n\u00eb Universitetin \u201cHaxhi Zeka\u201d \u2014 dit\u00ebt dhe oraret p\u00ebr takime me profesor\u00eb dhe asistent\u00eb.\" \/>\n<meta property=\"og:url\" content=\"https:\/\/unhz.eu\/fakulteti-i-agrobiznesit\/en\/orari-i-konsultimeve\/\" \/>\n<meta property=\"og:site_name\" content=\"Fakulteti i Agrobiznesit\" \/>\n<meta property=\"article:modified_time\" content=\"2026-02-06T10:38:02+00:00\" \/>\n<meta name=\"twitter:card\" content=\"summary_large_image\" \/>\n<meta name=\"twitter:label1\" content=\"Est. reading time\" \/>\n\t<meta name=\"twitter:data1\" content=\"2 minutes\" \/>\n<script type=\"application\/ld+json\" class=\"yoast-schema-graph\">{\"@context\":\"https:\/\/schema.org\",\"@graph\":[{\"@type\":\"WebPage\",\"@id\":\"https:\/\/unhz.eu\/fakulteti-i-agrobiznesit\/orari-i-konsultimeve\/\",\"url\":\"https:\/\/unhz.eu\/fakulteti-i-agrobiznesit\/orari-i-konsultimeve\/\",\"name\":\"Orari i Konsultimeve \u2013 Fakulteti i Agrobiznesit | UNHZ\",\"isPartOf\":{\"@id\":\"https:\/\/unhz.eu\/fakulteti-i-agrobiznesit\/#website\"},\"datePublished\":\"2024-02-29T10:30:40+00:00\",\"dateModified\":\"2026-02-06T10:38:02+00:00\",\"description\":\"Shiko oraret e konsultimeve t\u00eb stafit akademik t\u00eb Fakultetit t\u00eb Agrobiznesit n\u00eb Universitetin \u201cHaxhi Zeka\u201d \u2014 dit\u00ebt dhe oraret p\u00ebr takime me profesor\u00eb dhe asistent\u00eb.\",\"breadcrumb\":{\"@id\":\"https:\/\/unhz.eu\/fakulteti-i-agrobiznesit\/orari-i-konsultimeve\/#breadcrumb\"},\"inLanguage\":\"en-US\",\"potentialAction\":[{\"@type\":\"ReadAction\",\"target\":[\"https:\/\/unhz.eu\/fakulteti-i-agrobiznesit\/orari-i-konsultimeve\/\"]}]},{\"@type\":\"BreadcrumbList\",\"@id\":\"https:\/\/unhz.eu\/fakulteti-i-agrobiznesit\/orari-i-konsultimeve\/#breadcrumb\",\"itemListElement\":[{\"@type\":\"ListItem\",\"position\":1,\"name\":\"Home\",\"item\":\"https:\/\/unhz.eu\/fakulteti-i-agrobiznesit\/\"},{\"@type\":\"ListItem\",\"position\":2,\"name\":\"Orari i konsultimeve p\u00ebr stafin akademik t\u00eb rregullt\"}]},{\"@type\":\"WebSite\",\"@id\":\"https:\/\/unhz.eu\/fakulteti-i-agrobiznesit\/#website\",\"url\":\"https:\/\/unhz.eu\/fakulteti-i-agrobiznesit\/\",\"name\":\"Fakulteti i Agrobiznesit\",\"description\":\"I dedikuar p\u00ebr cil\u00ebsi standarde dhe suksese\",\"publisher\":{\"@id\":\"https:\/\/unhz.eu\/fakulteti-i-agrobiznesit\/#organization\"},\"potentialAction\":[{\"@type\":\"SearchAction\",\"target\":{\"@type\":\"EntryPoint\",\"urlTemplate\":\"https:\/\/unhz.eu\/fakulteti-i-agrobiznesit\/?s={search_term_string}\"},\"query-input\":{\"@type\":\"PropertyValueSpecification\",\"valueRequired\":true,\"valueName\":\"search_term_string\"}}],\"inLanguage\":\"en-US\"},{\"@type\":\"Organization\",\"@id\":\"https:\/\/unhz.eu\/fakulteti-i-agrobiznesit\/#organization\",\"name\":\"Fakulteti i Agrobiznesit\",\"url\":\"https:\/\/unhz.eu\/fakulteti-i-agrobiznesit\/\",\"logo\":{\"@type\":\"ImageObject\",\"inLanguage\":\"en-US\",\"@id\":\"https:\/\/unhz.eu\/fakulteti-i-agrobiznesit\/#\/schema\/logo\/image\/\",\"url\":\"https:\/\/unhz.eu\/fakulteti-i-agrobiznesit\/wp-content\/uploads\/sites\/11\/2024\/02\/cropped-logo-1-1-e1713527702695.png\",\"contentUrl\":\"https:\/\/unhz.eu\/fakulteti-i-agrobiznesit\/wp-content\/uploads\/sites\/11\/2024\/02\/cropped-logo-1-1-e1713527702695.png\",\"width\":100,\"height\":100,\"caption\":\"Fakulteti i Agrobiznesit\"},\"image\":{\"@id\":\"https:\/\/unhz.eu\/fakulteti-i-agrobiznesit\/#\/schema\/logo\/image\/\"}}]}<\/script>\n<!-- \/ Yoast SEO Premium plugin. -->","yoast_head_json":{"title":"Orari i Konsultimeve \u2013 Fakulteti i Agrobiznesit | UNHZ","description":"Shiko oraret e konsultimeve t\u00eb stafit akademik t\u00eb Fakultetit t\u00eb Agrobiznesit n\u00eb Universitetin \u201cHaxhi Zeka\u201d \u2014 dit\u00ebt dhe oraret p\u00ebr takime me profesor\u00eb dhe asistent\u00eb.","robots":{"index":"index","follow":"follow","max-snippet":"max-snippet:-1","max-image-preview":"max-image-preview:large","max-video-preview":"max-video-preview:-1"},"canonical":"https:\/\/unhz.eu\/fakulteti-i-agrobiznesit\/en\/orari-i-konsultimeve\/","og_locale":"en_US","og_type":"article","og_title":"Orari i konsultimeve p\u00ebr stafin akademik t\u00eb rregullt","og_description":"Shiko oraret e konsultimeve t\u00eb stafit akademik t\u00eb Fakultetit t\u00eb Agrobiznesit n\u00eb Universitetin \u201cHaxhi Zeka\u201d \u2014 dit\u00ebt dhe oraret p\u00ebr takime me profesor\u00eb dhe asistent\u00eb.","og_url":"https:\/\/unhz.eu\/fakulteti-i-agrobiznesit\/en\/orari-i-konsultimeve\/","og_site_name":"Fakulteti i Agrobiznesit","article_modified_time":"2026-02-06T10:38:02+00:00","twitter_card":"summary_large_image","twitter_misc":{"Est. reading time":"2 minutes"},"schema":{"@context":"https:\/\/schema.org","@graph":[{"@type":"WebPage","@id":"https:\/\/unhz.eu\/fakulteti-i-agrobiznesit\/orari-i-konsultimeve\/","url":"https:\/\/unhz.eu\/fakulteti-i-agrobiznesit\/orari-i-konsultimeve\/","name":"Orari i Konsultimeve \u2013 Fakulteti i Agrobiznesit | UNHZ","isPartOf":{"@id":"https:\/\/unhz.eu\/fakulteti-i-agrobiznesit\/#website"},"datePublished":"2024-02-29T10:30:40+00:00","dateModified":"2026-02-06T10:38:02+00:00","description":"Shiko oraret e konsultimeve t\u00eb stafit akademik t\u00eb Fakultetit t\u00eb Agrobiznesit n\u00eb Universitetin \u201cHaxhi Zeka\u201d \u2014 dit\u00ebt dhe oraret p\u00ebr takime me profesor\u00eb dhe asistent\u00eb.","breadcrumb":{"@id":"https:\/\/unhz.eu\/fakulteti-i-agrobiznesit\/orari-i-konsultimeve\/#breadcrumb"},"inLanguage":"en-US","potentialAction":[{"@type":"ReadAction","target":["https:\/\/unhz.eu\/fakulteti-i-agrobiznesit\/orari-i-konsultimeve\/"]}]},{"@type":"BreadcrumbList","@id":"https:\/\/unhz.eu\/fakulteti-i-agrobiznesit\/orari-i-konsultimeve\/#breadcrumb","itemListElement":[{"@type":"ListItem","position":1,"name":"Home","item":"https:\/\/unhz.eu\/fakulteti-i-agrobiznesit\/"},{"@type":"ListItem","position":2,"name":"Orari i konsultimeve p\u00ebr stafin akademik t\u00eb rregullt"}]},{"@type":"WebSite","@id":"https:\/\/unhz.eu\/fakulteti-i-agrobiznesit\/#website","url":"https:\/\/unhz.eu\/fakulteti-i-agrobiznesit\/","name":"Faculty of Agribussines","description":"Dedicated to standard quality and success","publisher":{"@id":"https:\/\/unhz.eu\/fakulteti-i-agrobiznesit\/#organization"},"potentialAction":[{"@type":"SearchAction","target":{"@type":"EntryPoint","urlTemplate":"https:\/\/unhz.eu\/fakulteti-i-agrobiznesit\/?s={search_term_string}"},"query-input":{"@type":"PropertyValueSpecification","valueRequired":true,"valueName":"search_term_string"}}],"inLanguage":"en-US"},{"@type":"Organization","@id":"https:\/\/unhz.eu\/fakulteti-i-agrobiznesit\/#organization","name":"Faculty of Agribussines","url":"https:\/\/unhz.eu\/fakulteti-i-agrobiznesit\/","logo":{"@type":"ImageObject","inLanguage":"en-US","@id":"https:\/\/unhz.eu\/fakulteti-i-agrobiznesit\/#\/schema\/logo\/image\/","url":"https:\/\/unhz.eu\/fakulteti-i-agrobiznesit\/wp-content\/uploads\/sites\/11\/2024\/02\/cropped-logo-1-1-e1713527702695.png","contentUrl":"https:\/\/unhz.eu\/fakulteti-i-agrobiznesit\/wp-content\/uploads\/sites\/11\/2024\/02\/cropped-logo-1-1-e1713527702695.png","width":100,"height":100,"caption":"Fakulteti i Agrobiznesit"},"image":{"@id":"https:\/\/unhz.eu\/fakulteti-i-agrobiznesit\/#\/schema\/logo\/image\/"}}]}},"_links":{"self":[{"href":"https:\/\/unhz.eu\/fakulteti-i-agrobiznesit\/en\/wp-json\/wp\/v2\/pages\/21550","targetHints":{"allow":["GET"]}}],"collection":[{"href":"https:\/\/unhz.eu\/fakulteti-i-agrobiznesit\/en\/wp-json\/wp\/v2\/pages"}],"about":[{"href":"https:\/\/unhz.eu\/fakulteti-i-agrobiznesit\/en\/wp-json\/wp\/v2\/types\/page"}],"author":[{"embeddable":true,"href":"https:\/\/unhz.eu\/fakulteti-i-agrobiznesit\/en\/wp-json\/wp\/v2\/users\/1"}],"replies":[{"embeddable":true,"href":"https:\/\/unhz.eu\/fakulteti-i-agrobiznesit\/en\/wp-json\/wp\/v2\/comments?post=21550"}],"version-history":[{"count":1,"href":"https:\/\/unhz.eu\/fakulteti-i-agrobiznesit\/en\/wp-json\/wp\/v2\/pages\/21550\/revisions"}],"predecessor-version":[{"id":49528,"href":"https:\/\/unhz.eu\/fakulteti-i-agrobiznesit\/en\/wp-json\/wp\/v2\/pages\/21550\/revisions\/49528"}],"wp:attachment":[{"href":"https:\/\/unhz.eu\/fakulteti-i-agrobiznesit\/en\/wp-json\/wp\/v2\/media?parent=21550"}],"curies":[{"name":"wp","href":"https:\/\/api.w.org\/{rel}","templated":true}]}}