{"id":60554,"date":"2026-03-25T11:04:24","date_gmt":"2026-03-25T09:04:24","guid":{"rendered":"https:\/\/unhz.eu\/?page_id=60554"},"modified":"2026-03-25T11:20:27","modified_gmt":"2026-03-25T09:20:27","slug":"unisum-uniwin-university-bulletin","status":"publish","type":"page","link":"https:\/\/unhz.eu\/en\/unisum-uniwin-university-bulletin\/","title":{"rendered":"Buletin &#8211; Unisum &amp; Uniwin University"},"content":{"rendered":"<div data-elementor-type=\"wp-page\" data-elementor-id=\"60554\" class=\"elementor elementor-60554\" data-elementor-post-type=\"page\">\n\t\t\t\t<div class=\"elementor-element elementor-element-7a7009f e-flex e-con-boxed sc_layouts_column_icons_position_left e-con e-parent\" data-id=\"7a7009f\" data-element_type=\"container\" data-e-type=\"container\">\n\t\t\t\t\t<div class=\"e-con-inner\">\n\t\t\t\t<div class=\"elementor-element elementor-element-b076f8a sc_fly_static elementor-widget elementor-widget-text-editor\" data-id=\"b076f8a\" data-element_type=\"widget\" data-e-type=\"widget\" data-widget_type=\"text-editor.default\">\n\t\t\t\t<div class=\"elementor-widget-container\">\n\t\t\t\t\t\t\t\t\t<table width=\"100%\"><tbody><tr><td width=\"27%\"><p>Description<\/p><\/td><td width=\"24%\"><p>year<\/p><\/td><td width=\"23%\"><p>Shqip<\/p><\/td><td width=\"23%\"><p>Anglisht<\/p><\/td><\/tr><tr><td width=\"27%\"><p>Buletin \u2013 Universiteti i tret\u00eb Dim\u00ebror nd\u00ebrkomb\u00ebtar\u00eb (UNIWIN)<\/p><\/td><td width=\"24%\"><p>2026<\/p><\/td><td width=\"23%\"><p><a href=\"https:\/\/unhz.eu\/wp-content\/uploads\/2026\/03\/Buletini-UNIWIN-2026-alb_opt.pdf\">Shqip<\/a><\/p><\/td><td width=\"23%\"><p><a href=\"https:\/\/unhz.eu\/wp-content\/uploads\/2026\/03\/Buletini-UNIWIN-2026-eng_opt.pdf\">Anglisht<\/a><\/p><\/td><\/tr><tr><td width=\"27%\"><p>Buletin \u2013 Universiteti i kat\u00ebrt Dim\u00ebror nd\u00ebrkomb\u00ebtar\u00eb (UNISUM)<\/p><\/td><td width=\"24%\"><p>2025<\/p><\/td><td width=\"23%\"><p>Shqip<\/p><\/td><td width=\"23%\"><p>Anglisht<\/p><\/td><\/tr><tr><td width=\"27%\"><p>Buletin \u2013 Universiteti i dyt\u00eb Dim\u00ebror nd\u00ebrkomb\u00ebtar\u00eb (UNIWIN)<\/p><\/td><td width=\"24%\"><p>2025<\/p><\/td><td width=\"23%\"><p>Shqip<\/p><\/td><td width=\"23%\"><p>Anglisht<\/p><\/td><\/tr><tr><td width=\"27%\"><p>Buletin \u2013 Universiteti i tret\u00eb Dim\u00ebror nd\u00ebrkomb\u00ebtar\u00eb (UNISUM)<\/p><\/td><td width=\"24%\"><p>2024<\/p><\/td><td width=\"23%\"><p>Shqip<\/p><\/td><td width=\"23%\"><p>Anglisht<\/p><\/td><\/tr><tr><td width=\"27%\"><p>Buletin \u2013 Universiteti i par\u00eb Dim\u00ebror nd\u00ebrkomb\u00ebtar\u00eb (UNIWIN)<\/p><\/td><td width=\"24%\"><p>2024<\/p><\/td><td width=\"23%\"><p>Shqip<\/p><\/td><td width=\"23%\"><p>Anglisht<\/p><\/td><\/tr><tr><td width=\"27%\"><p>Buletin \u2013 Universiteti i dyt\u00eb Dim\u00ebror nd\u00ebrkomb\u00ebtar\u00eb (UNISUM)<\/p><\/td><td width=\"24%\"><p>2023<\/p><\/td><td width=\"23%\"><p>Shqip<\/p><\/td><td width=\"23%\"><p>Anglisht<\/p><\/td><\/tr><tr><td width=\"27%\"><p>Buletin \u2013 Universiteti i par\u00eb Dim\u00ebror nd\u00ebrkomb\u00ebtar\u00eb (UNISUM)<\/p><\/td><td width=\"24%\"><p>2022<\/p><\/td><td width=\"23%\"><p>Shqip<\/p><\/td><td width=\"23%\"><p>Anglisht<\/p><\/td><\/tr><\/tbody><\/table>\t\t\t\t\t\t\t\t<\/div>\n\t\t\t\t<\/div>\n\t\t\t\t\t<\/div>\n\t\t\t\t<\/div>\n\t\t\t\t<\/div>","protected":false},"excerpt":{"rendered":"<p>P\u00ebrshkrimi Viti Shqip Anglisht Buletin \u2013 Universiteti i tret\u00eb Dim\u00ebror nd\u00ebrkomb\u00ebtar\u00eb (UNIWIN) 2026 Shqip Anglisht&hellip;<\/p>","protected":false},"author":1,"featured_media":0,"parent":0,"menu_order":0,"comment_status":"closed","ping_status":"closed","template":"","meta":{"_acf_changed":false,"footnotes":""},"class_list":["post-60554","page","type-page","status-publish","hentry"],"yoast_head":"<!-- This site is optimized with the Yoast SEO Premium plugin v27.2 (Yoast SEO v27.2) - https:\/\/yoast.com\/product\/yoast-seo-premium-wordpress\/ -->\n<title>UNISUM &amp; UNIWIN University Bulletin | Universiteti \u201cHaxhi Zeka\u201d<\/title>\n<meta name=\"description\" content=\"Explore the UNISUM and UNIWIN University Bulletin of the University \u201cHaxhi Zeka\u201d, featuring academic updates, research insights and institutional developments.\" \/>\n<meta name=\"robots\" content=\"index, follow, max-snippet:-1, max-image-preview:large, max-video-preview:-1\" \/>\n<link rel=\"canonical\" href=\"https:\/\/unhz.eu\/en\/unisum-uniwin-university-bulletin\/\" \/>\n<meta property=\"og:locale\" content=\"en_US\" \/>\n<meta property=\"og:type\" content=\"article\" \/>\n<meta property=\"og:title\" content=\"Buletin - Unisum &amp; Uniwin University\" \/>\n<meta property=\"og:description\" content=\"Explore the UNISUM and UNIWIN University Bulletin of the University \u201cHaxhi Zeka\u201d, featuring academic updates, research insights and institutional developments.\" \/>\n<meta property=\"og:url\" content=\"https:\/\/unhz.eu\/en\/unisum-uniwin-university-bulletin\/\" \/>\n<meta property=\"og:site_name\" content=\"University Haxhi Zeka\" \/>\n<meta property=\"article:publisher\" content=\"https:\/\/www.facebook.com\/uni.haxhizeka\" \/>\n<meta property=\"article:modified_time\" content=\"2026-03-25T09:20:27+00:00\" \/>\n<meta name=\"twitter:card\" content=\"summary_large_image\" \/>\n<meta name=\"twitter:site\" content=\"@uni_haxhizeka\" \/>\n<meta name=\"twitter:label1\" content=\"Est. reading time\" \/>\n\t<meta name=\"twitter:data1\" content=\"1 minute\" \/>\n<script type=\"application\/ld+json\" class=\"yoast-schema-graph\">{\"@context\":\"https:\/\/schema.org\",\"@graph\":[{\"@type\":\"WebPage\",\"@id\":\"https:\/\/unhz.eu\/unisum-uniwin-university-bulletin\/\",\"url\":\"https:\/\/unhz.eu\/unisum-uniwin-university-bulletin\/\",\"name\":\"UNISUM & UNIWIN University Bulletin | Universiteti \u201cHaxhi Zeka\u201d\",\"isPartOf\":{\"@id\":\"https:\/\/unhz.eu\/#website\"},\"datePublished\":\"2026-03-25T09:04:24+00:00\",\"dateModified\":\"2026-03-25T09:20:27+00:00\",\"description\":\"Explore the UNISUM and UNIWIN University Bulletin of the University \u201cHaxhi Zeka\u201d, featuring academic updates, research insights and institutional developments.\",\"breadcrumb\":{\"@id\":\"https:\/\/unhz.eu\/unisum-uniwin-university-bulletin\/#breadcrumb\"},\"inLanguage\":\"en-US\",\"potentialAction\":[{\"@type\":\"ReadAction\",\"target\":[\"https:\/\/unhz.eu\/unisum-uniwin-university-bulletin\/\"]}]},{\"@type\":\"BreadcrumbList\",\"@id\":\"https:\/\/unhz.eu\/unisum-uniwin-university-bulletin\/#breadcrumb\",\"itemListElement\":[{\"@type\":\"ListItem\",\"position\":1,\"name\":\"Home\",\"item\":\"https:\/\/unhz.eu\/\"},{\"@type\":\"ListItem\",\"position\":2,\"name\":\"Buletin &#8211; Unisum &amp; Uniwin University\"}]},{\"@type\":\"WebSite\",\"@id\":\"https:\/\/unhz.eu\/#website\",\"url\":\"https:\/\/unhz.eu\/\",\"name\":\"Universiteti \u201cHaxhi Zeka\u201d\",\"description\":\"I dedikuar p\u00ebr cil\u00ebsi, standarde dhe suksese\",\"publisher\":{\"@id\":\"https:\/\/unhz.eu\/#organization\"},\"alternateName\":\"Universiteti Haxhi Zeka\",\"potentialAction\":[{\"@type\":\"SearchAction\",\"target\":{\"@type\":\"EntryPoint\",\"urlTemplate\":\"https:\/\/unhz.eu\/?s={search_term_string}\"},\"query-input\":{\"@type\":\"PropertyValueSpecification\",\"valueRequired\":true,\"valueName\":\"search_term_string\"}}],\"inLanguage\":\"en-US\"},{\"@type\":\"Organization\",\"@id\":\"https:\/\/unhz.eu\/#organization\",\"name\":\"Universiteti \u201cHaxhi Zeka\u201d\",\"alternateName\":\"Universiteti Haxhi Zeka\",\"url\":\"https:\/\/unhz.eu\/\",\"logo\":{\"@type\":\"ImageObject\",\"inLanguage\":\"en-US\",\"@id\":\"https:\/\/unhz.eu\/#\/schema\/logo\/image\/\",\"url\":\"https:\/\/unhz.eu\/wp-content\/uploads\/2025\/04\/logo-unhz.webp\",\"contentUrl\":\"https:\/\/unhz.eu\/wp-content\/uploads\/2025\/04\/logo-unhz.webp\",\"width\":1024,\"height\":260,\"caption\":\"Universiteti \u201cHaxhi Zeka\u201d\"},\"image\":{\"@id\":\"https:\/\/unhz.eu\/#\/schema\/logo\/image\/\"},\"sameAs\":[\"https:\/\/www.facebook.com\/uni.haxhizeka\",\"https:\/\/x.com\/uni_haxhizeka\",\"https:\/\/www.linkedin.com\/school\/haxhi-zeka-university\",\"https:\/\/www.instagram.com\/uni_haxhizeka\/\"],\"description\":\"Universiteti \u201cHaxhi Zeka\u201d n\u00eb Pej\u00eb \u00ebsht\u00eb institucion publik i arsimit t\u00eb lart\u00eb, q\u00eb ofron studime bachelor, master dhe doktorat\u00eb n\u00eb fusha t\u00eb ndryshme si menaxhimi, turizmi, ekonomia, bujq\u00ebsia, arti dhe drejt\u00ebsia. Universiteti synon zhvillimin akademik, hulumtimin shkencor dhe kontributin n\u00eb komunitet.\",\"email\":\"info@unhz.eu\",\"telephone\":\"+38339410970\",\"legalName\":\"Universiteti \u201cHaxhi Zeka\u201d n\u00eb Pej\u00eb\",\"foundingDate\":\"2011-11-14\",\"numberOfEmployees\":{\"@type\":\"QuantitativeValue\",\"minValue\":\"201\",\"maxValue\":\"500\"}}]}<\/script>\n<!-- \/ Yoast SEO Premium plugin. -->","yoast_head_json":{"title":"UNISUM & UNIWIN University Bulletin | Universiteti \u201cHaxhi Zeka\u201d","description":"Explore the UNISUM and UNIWIN University Bulletin of the University \u201cHaxhi Zeka\u201d, featuring academic updates, research insights and institutional developments.","robots":{"index":"index","follow":"follow","max-snippet":"max-snippet:-1","max-image-preview":"max-image-preview:large","max-video-preview":"max-video-preview:-1"},"canonical":"https:\/\/unhz.eu\/en\/unisum-uniwin-university-bulletin\/","og_locale":"en_US","og_type":"article","og_title":"Buletin - Unisum &amp; Uniwin University","og_description":"Explore the UNISUM and UNIWIN University Bulletin of the University \u201cHaxhi Zeka\u201d, featuring academic updates, research insights and institutional developments.","og_url":"https:\/\/unhz.eu\/en\/unisum-uniwin-university-bulletin\/","og_site_name":"University Haxhi Zeka","article_publisher":"https:\/\/www.facebook.com\/uni.haxhizeka","article_modified_time":"2026-03-25T09:20:27+00:00","twitter_card":"summary_large_image","twitter_site":"@uni_haxhizeka","twitter_misc":{"Est. reading time":"1 minute"},"schema":{"@context":"https:\/\/schema.org","@graph":[{"@type":"WebPage","@id":"https:\/\/unhz.eu\/unisum-uniwin-university-bulletin\/","url":"https:\/\/unhz.eu\/unisum-uniwin-university-bulletin\/","name":"UNISUM & UNIWIN University Bulletin | Universiteti \u201cHaxhi Zeka\u201d","isPartOf":{"@id":"https:\/\/unhz.eu\/#website"},"datePublished":"2026-03-25T09:04:24+00:00","dateModified":"2026-03-25T09:20:27+00:00","description":"Explore the UNISUM and UNIWIN University Bulletin of the University \u201cHaxhi Zeka\u201d, featuring academic updates, research insights and institutional developments.","breadcrumb":{"@id":"https:\/\/unhz.eu\/unisum-uniwin-university-bulletin\/#breadcrumb"},"inLanguage":"en-US","potentialAction":[{"@type":"ReadAction","target":["https:\/\/unhz.eu\/unisum-uniwin-university-bulletin\/"]}]},{"@type":"BreadcrumbList","@id":"https:\/\/unhz.eu\/unisum-uniwin-university-bulletin\/#breadcrumb","itemListElement":[{"@type":"ListItem","position":1,"name":"Home","item":"https:\/\/unhz.eu\/"},{"@type":"ListItem","position":2,"name":"Buletin &#8211; Unisum &amp; Uniwin University"}]},{"@type":"WebSite","@id":"https:\/\/unhz.eu\/#website","url":"https:\/\/unhz.eu\/","name":"&quot;Haxhi Zeka&quot; University\u201c","description":"Dedicated to quality, standards and success","publisher":{"@id":"https:\/\/unhz.eu\/#organization"},"alternateName":"Universiteti Haxhi Zeka","potentialAction":[{"@type":"SearchAction","target":{"@type":"EntryPoint","urlTemplate":"https:\/\/unhz.eu\/?s={search_term_string}"},"query-input":{"@type":"PropertyValueSpecification","valueRequired":true,"valueName":"search_term_string"}}],"inLanguage":"en-US"},{"@type":"Organization","@id":"https:\/\/unhz.eu\/#organization","name":"&quot;Haxhi Zeka&quot; University\u201c","alternateName":"Universiteti Haxhi Zeka","url":"https:\/\/unhz.eu\/","logo":{"@type":"ImageObject","inLanguage":"en-US","@id":"https:\/\/unhz.eu\/#\/schema\/logo\/image\/","url":"https:\/\/unhz.eu\/wp-content\/uploads\/2025\/04\/logo-unhz.webp","contentUrl":"https:\/\/unhz.eu\/wp-content\/uploads\/2025\/04\/logo-unhz.webp","width":1024,"height":260,"caption":"Universiteti \u201cHaxhi Zeka\u201d"},"image":{"@id":"https:\/\/unhz.eu\/#\/schema\/logo\/image\/"},"sameAs":["https:\/\/www.facebook.com\/uni.haxhizeka","https:\/\/x.com\/uni_haxhizeka","https:\/\/www.linkedin.com\/school\/haxhi-zeka-university","https:\/\/www.instagram.com\/uni_haxhizeka\/"],"description":"&quot;Haxhi Zeka&quot; University in Peja is a public institution of higher education, offering bachelor&#039;s, master&#039;s and doctoral studies in various fields such as management, tourism, economics, agriculture, art and law. The university aims at academic development, scientific research and contribution to the community.","email":"info@unhz.eu","telephone":"+38339410970","legalName":"Universiteti \u201cHaxhi Zeka\u201d n\u00eb Pej\u00eb","foundingDate":"2011-11-14","numberOfEmployees":{"@type":"QuantitativeValue","minValue":"201","maxValue":"500"}}]}},"acf":[],"_links":{"self":[{"href":"https:\/\/unhz.eu\/en\/wp-json\/wp\/v2\/pages\/60554","targetHints":{"allow":["GET"]}}],"collection":[{"href":"https:\/\/unhz.eu\/en\/wp-json\/wp\/v2\/pages"}],"about":[{"href":"https:\/\/unhz.eu\/en\/wp-json\/wp\/v2\/types\/page"}],"author":[{"embeddable":true,"href":"https:\/\/unhz.eu\/en\/wp-json\/wp\/v2\/users\/1"}],"replies":[{"embeddable":true,"href":"https:\/\/unhz.eu\/en\/wp-json\/wp\/v2\/comments?post=60554"}],"version-history":[{"count":4,"href":"https:\/\/unhz.eu\/en\/wp-json\/wp\/v2\/pages\/60554\/revisions"}],"predecessor-version":[{"id":60561,"href":"https:\/\/unhz.eu\/en\/wp-json\/wp\/v2\/pages\/60554\/revisions\/60561"}],"wp:attachment":[{"href":"https:\/\/unhz.eu\/en\/wp-json\/wp\/v2\/media?parent=60554"}],"curies":[{"name":"wp","href":"https:\/\/api.w.org\/{rel}","templated":true}]}}