{"id":59990,"date":"2026-01-21T12:15:08","date_gmt":"2026-01-21T10:15:08","guid":{"rendered":"https:\/\/unhz.eu\/?page_id=59990"},"modified":"2026-01-22T14:45:44","modified_gmt":"2026-01-22T12:45:44","slug":"the-impact-of-artificial-intelligence-on-teaching-and-learning-in-higher-education-in-kosovo","status":"publish","type":"page","link":"https:\/\/unhz.eu\/en\/the-impact-of-artificial-intelligence-on-teaching-and-learning-in-higher-education-in-kosovo\/","title":{"rendered":"The Impact of Artificial Intelligence on Teaching and Learning in Higher Education in Kosovo"},"content":{"rendered":"<figure class=\"wp-block-table\"><table><tbody><tr><td>Project name<\/td><td>The Impact of artificial Intelligence on teaching and learning in higher education in Kosovo<\/td><\/tr><tr><td>Project acronym<\/td><td>AI-HE<\/td><\/tr><tr><td>Financed by<\/td><td>Ministry of Education, Science, Technology and Innovation (MASHTI)<\/td><\/tr><tr><td>Overall project budget<\/td><td>Not publicly specified<\/td><\/tr><tr><td>Main project objective<\/td><td>To evaluate the role of AI tools in improving teaching quality and learning outcomes<\/td><\/tr><tr><td>Main project activities<\/td><td>Pedagogical analysis, AI tool testing, staff training, curriculum modernization<\/td><\/tr><tr><td>Project web page<\/td><td>Not available<\/td><\/tr><tr><td>Responsible project officer (Coordinator)<\/td><td>Prof. Assoc. Dr. Fisnik Morina<\/td><\/tr><tr><td>Project team<\/td><td>Valdrin Misiri, <br>Besfort Ahmeti,<br>Shk\u00eblqesa Smajli.<\/td><\/tr><tr><td>Year of implementation (Duration)<\/td><td>2024 &#8211; 2025<\/td><\/tr><\/tbody><\/table><\/figure>","protected":false},"excerpt":{"rendered":"<p>Project name The Impact of artificial Intelligence on teaching and learning in higher education in&hellip;<\/p>","protected":false},"author":14,"featured_media":0,"parent":0,"menu_order":0,"comment_status":"closed","ping_status":"closed","template":"","meta":{"_acf_changed":false,"footnotes":""},"class_list":["post-59990","page","type-page","status-publish","hentry"],"yoast_head":"<!-- This site is optimized with the Yoast SEO Premium plugin v27.2 (Yoast SEO v27.2) - https:\/\/yoast.com\/product\/yoast-seo-premium-wordpress\/ -->\n<title>The Impact of Artificial Intelligence on Teaching and Learning in Higher Education in Kosovo - University Haxhi Zeka<\/title>\n<meta name=\"robots\" content=\"index, follow, max-snippet:-1, max-image-preview:large, max-video-preview:-1\" \/>\n<link rel=\"canonical\" href=\"https:\/\/unhz.eu\/en\/the-impact-of-artificial-intelligence-on-teaching-and-learning-in-higher-education-in-kosovo\/\" \/>\n<meta property=\"og:locale\" content=\"en_US\" \/>\n<meta property=\"og:type\" content=\"article\" \/>\n<meta property=\"og:title\" content=\"The Impact of Artificial Intelligence on Teaching and Learning in Higher Education in Kosovo\" \/>\n<meta property=\"og:description\" content=\"Project name The Impact of artificial Intelligence on teaching and learning in higher education in&hellip;\" \/>\n<meta property=\"og:url\" content=\"https:\/\/unhz.eu\/en\/the-impact-of-artificial-intelligence-on-teaching-and-learning-in-higher-education-in-kosovo\/\" \/>\n<meta property=\"og:site_name\" content=\"University Haxhi Zeka\" \/>\n<meta property=\"article:publisher\" content=\"https:\/\/www.facebook.com\/uni.haxhizeka\" \/>\n<meta property=\"article:modified_time\" content=\"2026-01-22T12:45:44+00:00\" \/>\n<meta name=\"twitter:card\" content=\"summary_large_image\" \/>\n<meta name=\"twitter:site\" content=\"@uni_haxhizeka\" \/>\n<meta name=\"twitter:label1\" content=\"Est. reading time\" \/>\n\t<meta name=\"twitter:data1\" content=\"1 minute\" \/>\n<script type=\"application\/ld+json\" class=\"yoast-schema-graph\">{\"@context\":\"https:\/\/schema.org\",\"@graph\":[{\"@type\":\"WebPage\",\"@id\":\"https:\/\/unhz.eu\/the-impact-of-artificial-intelligence-on-teaching-and-learning-in-higher-education-in-kosovo\/\",\"url\":\"https:\/\/unhz.eu\/the-impact-of-artificial-intelligence-on-teaching-and-learning-in-higher-education-in-kosovo\/\",\"name\":\"The Impact of Artificial Intelligence on Teaching and Learning in Higher Education in Kosovo - University Haxhi Zeka\",\"isPartOf\":{\"@id\":\"https:\/\/unhz.eu\/#website\"},\"datePublished\":\"2026-01-21T10:15:08+00:00\",\"dateModified\":\"2026-01-22T12:45:44+00:00\",\"breadcrumb\":{\"@id\":\"https:\/\/unhz.eu\/the-impact-of-artificial-intelligence-on-teaching-and-learning-in-higher-education-in-kosovo\/#breadcrumb\"},\"inLanguage\":\"en-US\",\"potentialAction\":[{\"@type\":\"ReadAction\",\"target\":[\"https:\/\/unhz.eu\/the-impact-of-artificial-intelligence-on-teaching-and-learning-in-higher-education-in-kosovo\/\"]}]},{\"@type\":\"BreadcrumbList\",\"@id\":\"https:\/\/unhz.eu\/the-impact-of-artificial-intelligence-on-teaching-and-learning-in-higher-education-in-kosovo\/#breadcrumb\",\"itemListElement\":[{\"@type\":\"ListItem\",\"position\":1,\"name\":\"Home\",\"item\":\"https:\/\/unhz.eu\/\"},{\"@type\":\"ListItem\",\"position\":2,\"name\":\"The Impact of Artificial Intelligence on Teaching and Learning in Higher Education in Kosovo\"}]},{\"@type\":\"WebSite\",\"@id\":\"https:\/\/unhz.eu\/#website\",\"url\":\"https:\/\/unhz.eu\/\",\"name\":\"Universiteti \u201cHaxhi Zeka\u201d\",\"description\":\"I dedikuar p\u00ebr cil\u00ebsi, standarde dhe suksese\",\"publisher\":{\"@id\":\"https:\/\/unhz.eu\/#organization\"},\"alternateName\":\"Universiteti Haxhi Zeka\",\"potentialAction\":[{\"@type\":\"SearchAction\",\"target\":{\"@type\":\"EntryPoint\",\"urlTemplate\":\"https:\/\/unhz.eu\/?s={search_term_string}\"},\"query-input\":{\"@type\":\"PropertyValueSpecification\",\"valueRequired\":true,\"valueName\":\"search_term_string\"}}],\"inLanguage\":\"en-US\"},{\"@type\":\"Organization\",\"@id\":\"https:\/\/unhz.eu\/#organization\",\"name\":\"Universiteti \u201cHaxhi Zeka\u201d\",\"alternateName\":\"Universiteti Haxhi Zeka\",\"url\":\"https:\/\/unhz.eu\/\",\"logo\":{\"@type\":\"ImageObject\",\"inLanguage\":\"en-US\",\"@id\":\"https:\/\/unhz.eu\/#\/schema\/logo\/image\/\",\"url\":\"https:\/\/unhz.eu\/wp-content\/uploads\/2025\/04\/logo-unhz.webp\",\"contentUrl\":\"https:\/\/unhz.eu\/wp-content\/uploads\/2025\/04\/logo-unhz.webp\",\"width\":1024,\"height\":260,\"caption\":\"Universiteti \u201cHaxhi Zeka\u201d\"},\"image\":{\"@id\":\"https:\/\/unhz.eu\/#\/schema\/logo\/image\/\"},\"sameAs\":[\"https:\/\/www.facebook.com\/uni.haxhizeka\",\"https:\/\/x.com\/uni_haxhizeka\",\"https:\/\/www.linkedin.com\/school\/haxhi-zeka-university\",\"https:\/\/www.instagram.com\/uni_haxhizeka\/\"],\"description\":\"Universiteti \u201cHaxhi Zeka\u201d n\u00eb Pej\u00eb \u00ebsht\u00eb institucion publik i arsimit t\u00eb lart\u00eb, q\u00eb ofron studime bachelor, master dhe doktorat\u00eb n\u00eb fusha t\u00eb ndryshme si menaxhimi, turizmi, ekonomia, bujq\u00ebsia, arti dhe drejt\u00ebsia. Universiteti synon zhvillimin akademik, hulumtimin shkencor dhe kontributin n\u00eb komunitet.\",\"email\":\"info@unhz.eu\",\"telephone\":\"+38339410970\",\"legalName\":\"Universiteti \u201cHaxhi Zeka\u201d n\u00eb Pej\u00eb\",\"foundingDate\":\"2011-11-14\",\"numberOfEmployees\":{\"@type\":\"QuantitativeValue\",\"minValue\":\"201\",\"maxValue\":\"500\"}}]}<\/script>\n<!-- \/ Yoast SEO Premium plugin. -->","yoast_head_json":{"title":"The Impact of Artificial Intelligence on Teaching and Learning in Higher Education in Kosovo - University Haxhi Zeka","robots":{"index":"index","follow":"follow","max-snippet":"max-snippet:-1","max-image-preview":"max-image-preview:large","max-video-preview":"max-video-preview:-1"},"canonical":"https:\/\/unhz.eu\/en\/the-impact-of-artificial-intelligence-on-teaching-and-learning-in-higher-education-in-kosovo\/","og_locale":"en_US","og_type":"article","og_title":"The Impact of Artificial Intelligence on Teaching and Learning in Higher Education in Kosovo","og_description":"Project name The Impact of artificial Intelligence on teaching and learning in higher education in&hellip;","og_url":"https:\/\/unhz.eu\/en\/the-impact-of-artificial-intelligence-on-teaching-and-learning-in-higher-education-in-kosovo\/","og_site_name":"University Haxhi Zeka","article_publisher":"https:\/\/www.facebook.com\/uni.haxhizeka","article_modified_time":"2026-01-22T12:45:44+00:00","twitter_card":"summary_large_image","twitter_site":"@uni_haxhizeka","twitter_misc":{"Est. reading time":"1 minute"},"schema":{"@context":"https:\/\/schema.org","@graph":[{"@type":"WebPage","@id":"https:\/\/unhz.eu\/the-impact-of-artificial-intelligence-on-teaching-and-learning-in-higher-education-in-kosovo\/","url":"https:\/\/unhz.eu\/the-impact-of-artificial-intelligence-on-teaching-and-learning-in-higher-education-in-kosovo\/","name":"The Impact of Artificial Intelligence on Teaching and Learning in Higher Education in Kosovo - University Haxhi Zeka","isPartOf":{"@id":"https:\/\/unhz.eu\/#website"},"datePublished":"2026-01-21T10:15:08+00:00","dateModified":"2026-01-22T12:45:44+00:00","breadcrumb":{"@id":"https:\/\/unhz.eu\/the-impact-of-artificial-intelligence-on-teaching-and-learning-in-higher-education-in-kosovo\/#breadcrumb"},"inLanguage":"en-US","potentialAction":[{"@type":"ReadAction","target":["https:\/\/unhz.eu\/the-impact-of-artificial-intelligence-on-teaching-and-learning-in-higher-education-in-kosovo\/"]}]},{"@type":"BreadcrumbList","@id":"https:\/\/unhz.eu\/the-impact-of-artificial-intelligence-on-teaching-and-learning-in-higher-education-in-kosovo\/#breadcrumb","itemListElement":[{"@type":"ListItem","position":1,"name":"Home","item":"https:\/\/unhz.eu\/"},{"@type":"ListItem","position":2,"name":"The Impact of Artificial Intelligence on Teaching and Learning in Higher Education in Kosovo"}]},{"@type":"WebSite","@id":"https:\/\/unhz.eu\/#website","url":"https:\/\/unhz.eu\/","name":"&quot;Haxhi Zeka&quot; University\u201c","description":"Dedicated to quality, standards and success","publisher":{"@id":"https:\/\/unhz.eu\/#organization"},"alternateName":"Universiteti Haxhi Zeka","potentialAction":[{"@type":"SearchAction","target":{"@type":"EntryPoint","urlTemplate":"https:\/\/unhz.eu\/?s={search_term_string}"},"query-input":{"@type":"PropertyValueSpecification","valueRequired":true,"valueName":"search_term_string"}}],"inLanguage":"en-US"},{"@type":"Organization","@id":"https:\/\/unhz.eu\/#organization","name":"&quot;Haxhi Zeka&quot; University\u201c","alternateName":"Universiteti Haxhi Zeka","url":"https:\/\/unhz.eu\/","logo":{"@type":"ImageObject","inLanguage":"en-US","@id":"https:\/\/unhz.eu\/#\/schema\/logo\/image\/","url":"https:\/\/unhz.eu\/wp-content\/uploads\/2025\/04\/logo-unhz.webp","contentUrl":"https:\/\/unhz.eu\/wp-content\/uploads\/2025\/04\/logo-unhz.webp","width":1024,"height":260,"caption":"Universiteti \u201cHaxhi Zeka\u201d"},"image":{"@id":"https:\/\/unhz.eu\/#\/schema\/logo\/image\/"},"sameAs":["https:\/\/www.facebook.com\/uni.haxhizeka","https:\/\/x.com\/uni_haxhizeka","https:\/\/www.linkedin.com\/school\/haxhi-zeka-university","https:\/\/www.instagram.com\/uni_haxhizeka\/"],"description":"&quot;Haxhi Zeka&quot; University in Peja is a public institution of higher education, offering bachelor&#039;s, master&#039;s and doctoral studies in various fields such as management, tourism, economics, agriculture, art and law. The university aims at academic development, scientific research and contribution to the community.","email":"info@unhz.eu","telephone":"+38339410970","legalName":"Universiteti \u201cHaxhi Zeka\u201d n\u00eb Pej\u00eb","foundingDate":"2011-11-14","numberOfEmployees":{"@type":"QuantitativeValue","minValue":"201","maxValue":"500"}}]}},"acf":[],"_links":{"self":[{"href":"https:\/\/unhz.eu\/en\/wp-json\/wp\/v2\/pages\/59990","targetHints":{"allow":["GET"]}}],"collection":[{"href":"https:\/\/unhz.eu\/en\/wp-json\/wp\/v2\/pages"}],"about":[{"href":"https:\/\/unhz.eu\/en\/wp-json\/wp\/v2\/types\/page"}],"author":[{"embeddable":true,"href":"https:\/\/unhz.eu\/en\/wp-json\/wp\/v2\/users\/14"}],"replies":[{"embeddable":true,"href":"https:\/\/unhz.eu\/en\/wp-json\/wp\/v2\/comments?post=59990"}],"version-history":[{"count":2,"href":"https:\/\/unhz.eu\/en\/wp-json\/wp\/v2\/pages\/59990\/revisions"}],"predecessor-version":[{"id":60090,"href":"https:\/\/unhz.eu\/en\/wp-json\/wp\/v2\/pages\/59990\/revisions\/60090"}],"wp:attachment":[{"href":"https:\/\/unhz.eu\/en\/wp-json\/wp\/v2\/media?parent=59990"}],"curies":[{"name":"wp","href":"https:\/\/api.w.org\/{rel}","templated":true}]}}