{"id":53101,"date":"2025-06-11T13:56:30","date_gmt":"2025-06-11T11:56:30","guid":{"rendered":"https:\/\/unhz.eu\/?page_id=53101"},"modified":"2025-11-03T16:33:18","modified_gmt":"2025-11-03T14:33:18","slug":"doctoral-studies","status":"publish","type":"page","link":"https:\/\/unhz.eu\/en\/doctoral-studies\/","title":{"rendered":"Doctoral Studies"},"content":{"rendered":"<p>Doctoral Studies<\/p>\n\n\n\n<figure class=\"wp-block-table\"><table class=\"has-fixed-layout\"><tbody><tr><td>Description<\/td><td>Albanian<\/td><td>English<\/td><\/tr><tr><td>University Statutes<\/td><td><a href=\"https:\/\/unhz.eu\/Dokumente\/Statuti%20i%20UHZ-se\/Statuti-i-UHZ.pdf\">PDF<\/a><\/td><td><a href=\"https:\/\/unhz.eu\/Dokumente\/Statuti%20i%20UHZ-se\/Statute%20of%20University.pdf\">PDF<\/a><\/td><\/tr><tr><td>Doctoral Studies Regulation<\/td><td><a href=\"https:\/\/old.unhz.eu\/wp-content\/uploads\/2024\/11\/3021-Vendim-i-Senatit-Miratohet-Rregullorja-per-Studimet-e-Doktorates.pdf\">PDF<\/a><\/td><td><a href=\"https:\/\/old.unhz.eu\/wp-content\/uploads\/2024\/11\/3021-Vendim-i-Senatit-Miratohet-Rregullorja-per-Studimet-e-Doktorates-eng.pdf\">PDF<\/a><\/td><\/tr><tr><td>CODE OF ETHICS AND INTEGRITY IN SCIENTIFIC RESEARCH<\/td><td><a href=\"https:\/\/unhz.eu\/Dokumente\/Rregullore\/0001%20KODI%20P%c3%8bR%20ETIK%20DHE%20INTEGRITET%20N%c3%8b%20K%c3%8bRKIME%20SHKENCORE.pdf-1.PDF\">PDF<\/a><\/td><td><a href=\"https:\/\/unhz.eu\/Dokumente\/Rregullore\/0001%20CODE%20OF%20ETHICS%20AND%20INTEGRITY%20IN%20SCIENTIFIC%20RESEARCH.pdf.PDF\">PDF<\/a><\/td><\/tr><\/tbody><\/table><\/figure>\n\n\n\n<p>Doctoral Studies Regulation Forms<\/p>\n\n\n\n<figure class=\"wp-block-table\"><table class=\"has-fixed-layout\"><tbody><tr><td>Description<\/td><td>Albanian<\/td><td>English<\/td><\/tr><tr><td>1. Doctoral Thesis Submission Form<\/td><td><a href=\"https:\/\/unhz.eu\/wp-content\/uploads\/2025\/06\/1.-Formulari-per-paraqitjen-e-tezes-se-doktorates.docx\">Doc<\/a>.<\/td><td><a href=\"https:\/\/unhz.eu\/wp-content\/uploads\/2025\/06\/1.-Doctoral-Thesis-Submission-Form.docx\">Assoc. Prof.<\/a><\/td><\/tr><tr><td>2. MENTOR REPORT_Individual research_I<\/td><td><a href=\"https:\/\/unhz.eu\/wp-content\/uploads\/2025\/06\/2.-Raporti-i-Mentorit-Kerkimi-individual_I.docx\">Assoc. Prof.<\/a><\/td><td><a href=\"https:\/\/unhz.eu\/wp-content\/uploads\/2025\/06\/2.-MENTOR-REPORT_Individual-research_I.docx\">Assoc. Prof.<\/a><\/td><\/tr><tr><td>3. MENTOR REPORT_Individual research_II<\/td><td><a href=\"https:\/\/unhz.eu\/wp-content\/uploads\/2025\/06\/3.-Raporti-i-Mentorit-Kerkimi-individual_II.docx\">Assoc. Prof.<\/a><\/td><td><a href=\"https:\/\/unhz.eu\/wp-content\/uploads\/2025\/06\/3.-MENTOR-REPORT_Individual-research_II.docx\">Assoc. Prof.<\/a><\/td><\/tr><tr><td>4. MENTOR REPORT_Participation and presentation in international conference<\/td><td><a href=\"https:\/\/unhz.eu\/wp-content\/uploads\/2025\/06\/4.-Raporti-i-Mentorit-Pjesemarrja-ne-Konference-Nderkombetare.docx\">Assoc. Prof.<\/a><\/td><td><a href=\"https:\/\/unhz.eu\/wp-content\/uploads\/2025\/06\/4.-MENTOR-REPORT_Participation-and-presentation-in-international-conference.docx\">Assoc. Prof.<\/a><\/td><\/tr><tr><td>5. DOCTORAL STUDENT MOBILITY FORM TO A FOREIGN UNIVERSITY INSTITUTE<\/td><td><a href=\"https:\/\/unhz.eu\/wp-content\/uploads\/2025\/06\/5.-Formulari-i-Mobilitetit.docx\">Assoc. Prof.<\/a><\/td><td><a href=\"https:\/\/unhz.eu\/wp-content\/uploads\/2025\/06\/5.-DOCTORAL-STUDENT-MOBILITY-FORM-TO-A-FOREIGN-UNIVERSITYINSTITUTE.docx\">Assoc. Prof.<\/a><\/td><\/tr><tr><td>6. ANNUAL DOCTORAL STUDENT PROGRESS REPORT<\/td><td><a href=\"https:\/\/unhz.eu\/wp-content\/uploads\/2025\/06\/6.-Formulari-i-Raportimit-Vjetor-te-Doktorantit.docx\">Assoc. Prof.<\/a><\/td><td><a href=\"https:\/\/unhz.eu\/wp-content\/uploads\/2025\/06\/6.-ANNUAL-DOCTORAL-STUDENT-PROGRESS-REPORT.docx\">Assoc. Prof.<\/a><\/td><\/tr><tr><td>7. DOCTORAL DISSERTATION PROGRESS FORM (I)<\/td><td><a href=\"https:\/\/unhz.eu\/wp-content\/uploads\/2025\/06\/7.-Formulari-i-Progresit-ne-Disertacionin-e-Doktorates-I.docx\">Assoc. Prof.<\/a><\/td><td><a href=\"https:\/\/unhz.eu\/wp-content\/uploads\/2025\/06\/7.-DOCTORAL-DISSERTATION-PROGRESS-FORM-I.docx\">Assoc. Prof.<\/a><\/td><\/tr><tr><td>8. SUPERVISOR&#039;S REPORT ON DISSERTATION PROGRESS (I)<\/td><td><a href=\"https:\/\/unhz.eu\/wp-content\/uploads\/2025\/06\/8.-RAPORT-MENTORIAL-PER-PROGRESIN-NE-DISERTACIONIN-E-DOKTORATES-I.docx\">Assoc. Prof.<\/a><\/td><td><a href=\"https:\/\/unhz.eu\/wp-content\/uploads\/2025\/06\/8.-SUPERVISORS-REPORT-ON-DISSERTATION-PROGRESS-I.docx\">Assoc. Prof.<\/a><\/td><\/tr><tr><td>9. DOCTORAL DISSERTATION PROGRESS FORM (II)<\/td><td><a href=\"https:\/\/unhz.eu\/wp-content\/uploads\/2025\/06\/9.-Formulari-i-Progresit-ne-Disertacionin-e-Doktorates-II.docx\">Assoc. Prof.<\/a><\/td><td><a href=\"https:\/\/unhz.eu\/wp-content\/uploads\/2025\/06\/9.-DOCTORAL-DISSERTATION-PROGRESS-FORM-II.docx\">Assoc. Prof.<\/a><\/td><\/tr><tr><td>10. REPORT OF THE EVALUATION COMMITTEE FOR THE DOCTORAL DISSERTATION<\/td><td><a href=\"https:\/\/unhz.eu\/wp-content\/uploads\/2025\/06\/10.-RAPORT-I-KOMISIONIT-VLERESUES-PER-DISERTACIONIN-E-DOKTORATES.docx\">Assoc. Prof.<\/a><\/td><td><a href=\"https:\/\/unhz.eu\/wp-content\/uploads\/2025\/06\/10.-REPORT-OF-THE-EVALUATION-COMMITTEE-FOR-THE-DOCTORAL-DISSERTATION.docx\">Assoc. Prof.<\/a><\/td><\/tr><\/tbody><\/table><\/figure>","protected":false},"excerpt":{"rendered":"<p>Doctoral Studies Description Albanian English Statute of University PDF PDF Doctoral Studies Regulation PDF PDF&hellip;<\/p>","protected":false},"author":1,"featured_media":50754,"parent":0,"menu_order":0,"comment_status":"closed","ping_status":"closed","template":"","meta":{"_acf_changed":false,"footnotes":""},"class_list":["post-53101","page","type-page","status-publish","has-post-thumbnail","hentry"],"yoast_head":"<!-- This site is optimized with the Yoast SEO Premium plugin v27.2 (Yoast SEO v27.2) - https:\/\/yoast.com\/product\/yoast-seo-premium-wordpress\/ -->\n<title>Doctoral Studies - University Haxhi Zeka<\/title>\n<meta name=\"description\" content=\"Informohuni p\u00ebr programet dhe rregulloret e studimeve doktorale n\u00eb UHZ, p\u00ebrfshir\u00eb dokumentet si Statuti, Rregullorja e Studimeve Doktorale dhe Kodi i Etik\u00ebs.\" \/>\n<meta name=\"robots\" content=\"index, follow, max-snippet:-1, max-image-preview:large, max-video-preview:-1\" \/>\n<link rel=\"canonical\" href=\"https:\/\/unhz.eu\/en\/doctoral-studies\/\" \/>\n<meta property=\"og:locale\" content=\"en_US\" \/>\n<meta property=\"og:type\" content=\"article\" \/>\n<meta property=\"og:title\" content=\"Doctoral Studies\" \/>\n<meta property=\"og:description\" content=\"Informohuni p\u00ebr programet dhe rregulloret e studimeve doktorale n\u00eb UHZ, p\u00ebrfshir\u00eb dokumentet si Statuti, Rregullorja e Studimeve Doktorale dhe Kodi i Etik\u00ebs.\" \/>\n<meta property=\"og:url\" content=\"https:\/\/unhz.eu\/en\/doctoral-studies\/\" \/>\n<meta property=\"og:site_name\" content=\"University Haxhi Zeka\" \/>\n<meta property=\"article:publisher\" content=\"https:\/\/www.facebook.com\/uni.haxhizeka\" \/>\n<meta property=\"article:modified_time\" content=\"2025-11-03T14:33:18+00:00\" \/>\n<meta property=\"og:image\" content=\"https:\/\/unhz.eu\/wp-content\/uploads\/2025\/04\/Dizajn-me-logo-te-UHZ.webp\" \/>\n\t<meta property=\"og:image:width\" content=\"1000\" \/>\n\t<meta property=\"og:image:height\" content=\"1000\" \/>\n\t<meta property=\"og:image:type\" content=\"image\/webp\" \/>\n<meta name=\"twitter:card\" content=\"summary_large_image\" \/>\n<meta name=\"twitter:site\" content=\"@uni_haxhizeka\" \/>\n<meta name=\"twitter:label1\" content=\"Est. reading time\" \/>\n\t<meta name=\"twitter:data1\" content=\"1 minute\" \/>\n<script type=\"application\/ld+json\" class=\"yoast-schema-graph\">{\"@context\":\"https:\/\/schema.org\",\"@graph\":[{\"@type\":\"WebPage\",\"@id\":\"https:\/\/unhz.eu\/doctoral-studies\/\",\"url\":\"https:\/\/unhz.eu\/doctoral-studies\/\",\"name\":\"Doctoral Studies - University Haxhi Zeka\",\"isPartOf\":{\"@id\":\"https:\/\/unhz.eu\/#website\"},\"primaryImageOfPage\":{\"@id\":\"https:\/\/unhz.eu\/doctoral-studies\/#primaryimage\"},\"image\":{\"@id\":\"https:\/\/unhz.eu\/doctoral-studies\/#primaryimage\"},\"thumbnailUrl\":\"https:\/\/unhz.eu\/wp-content\/uploads\/2025\/04\/Dizajn-me-logo-te-UHZ.webp\",\"datePublished\":\"2025-06-11T11:56:30+00:00\",\"dateModified\":\"2025-11-03T14:33:18+00:00\",\"description\":\"Informohuni p\u00ebr programet dhe rregulloret e studimeve doktorale n\u00eb UHZ, p\u00ebrfshir\u00eb dokumentet si Statuti, Rregullorja e Studimeve Doktorale dhe Kodi i Etik\u00ebs.\",\"breadcrumb\":{\"@id\":\"https:\/\/unhz.eu\/doctoral-studies\/#breadcrumb\"},\"inLanguage\":\"en-US\",\"potentialAction\":[{\"@type\":\"ReadAction\",\"target\":[\"https:\/\/unhz.eu\/doctoral-studies\/\"]}]},{\"@type\":\"ImageObject\",\"inLanguage\":\"en-US\",\"@id\":\"https:\/\/unhz.eu\/doctoral-studies\/#primaryimage\",\"url\":\"https:\/\/unhz.eu\/wp-content\/uploads\/2025\/04\/Dizajn-me-logo-te-UHZ.webp\",\"contentUrl\":\"https:\/\/unhz.eu\/wp-content\/uploads\/2025\/04\/Dizajn-me-logo-te-UHZ.webp\",\"width\":1000,\"height\":1000,\"caption\":\"Universiteti Haxhi Zeka, UHZ logo me background te kuq\"},{\"@type\":\"BreadcrumbList\",\"@id\":\"https:\/\/unhz.eu\/doctoral-studies\/#breadcrumb\",\"itemListElement\":[{\"@type\":\"ListItem\",\"position\":1,\"name\":\"Home\",\"item\":\"https:\/\/unhz.eu\/\"},{\"@type\":\"ListItem\",\"position\":2,\"name\":\"Doctoral Studies\"}]},{\"@type\":\"WebSite\",\"@id\":\"https:\/\/unhz.eu\/#website\",\"url\":\"https:\/\/unhz.eu\/\",\"name\":\"Universiteti \u201cHaxhi Zeka\u201d\",\"description\":\"I dedikuar p\u00ebr cil\u00ebsi, standarde dhe suksese\",\"publisher\":{\"@id\":\"https:\/\/unhz.eu\/#organization\"},\"alternateName\":\"Universiteti Haxhi Zeka\",\"potentialAction\":[{\"@type\":\"SearchAction\",\"target\":{\"@type\":\"EntryPoint\",\"urlTemplate\":\"https:\/\/unhz.eu\/?s={search_term_string}\"},\"query-input\":{\"@type\":\"PropertyValueSpecification\",\"valueRequired\":true,\"valueName\":\"search_term_string\"}}],\"inLanguage\":\"en-US\"},{\"@type\":\"Organization\",\"@id\":\"https:\/\/unhz.eu\/#organization\",\"name\":\"Universiteti \u201cHaxhi Zeka\u201d\",\"alternateName\":\"Universiteti Haxhi Zeka\",\"url\":\"https:\/\/unhz.eu\/\",\"logo\":{\"@type\":\"ImageObject\",\"inLanguage\":\"en-US\",\"@id\":\"https:\/\/unhz.eu\/#\/schema\/logo\/image\/\",\"url\":\"https:\/\/unhz.eu\/wp-content\/uploads\/2025\/04\/logo-unhz.webp\",\"contentUrl\":\"https:\/\/unhz.eu\/wp-content\/uploads\/2025\/04\/logo-unhz.webp\",\"width\":1024,\"height\":260,\"caption\":\"Universiteti \u201cHaxhi Zeka\u201d\"},\"image\":{\"@id\":\"https:\/\/unhz.eu\/#\/schema\/logo\/image\/\"},\"sameAs\":[\"https:\/\/www.facebook.com\/uni.haxhizeka\",\"https:\/\/x.com\/uni_haxhizeka\",\"https:\/\/www.linkedin.com\/school\/haxhi-zeka-university\",\"https:\/\/www.instagram.com\/uni_haxhizeka\/\"],\"description\":\"Universiteti \u201cHaxhi Zeka\u201d n\u00eb Pej\u00eb \u00ebsht\u00eb institucion publik i arsimit t\u00eb lart\u00eb, q\u00eb ofron studime bachelor, master dhe doktorat\u00eb n\u00eb fusha t\u00eb ndryshme si menaxhimi, turizmi, ekonomia, bujq\u00ebsia, arti dhe drejt\u00ebsia. Universiteti synon zhvillimin akademik, hulumtimin shkencor dhe kontributin n\u00eb komunitet.\",\"email\":\"info@unhz.eu\",\"telephone\":\"+38339410970\",\"legalName\":\"Universiteti \u201cHaxhi Zeka\u201d n\u00eb Pej\u00eb\",\"foundingDate\":\"2011-11-14\",\"numberOfEmployees\":{\"@type\":\"QuantitativeValue\",\"minValue\":\"201\",\"maxValue\":\"500\"}}]}<\/script>\n<!-- \/ Yoast SEO Premium plugin. -->","yoast_head_json":{"title":"Doctoral Studies - Haxhi Zeka University","description":"Find out about the doctoral study programs and regulations at UHZ, including documents such as the Statute, Doctoral Studies Regulations, and Code of Ethics.","robots":{"index":"index","follow":"follow","max-snippet":"max-snippet:-1","max-image-preview":"max-image-preview:large","max-video-preview":"max-video-preview:-1"},"canonical":"https:\/\/unhz.eu\/en\/doctoral-studies\/","og_locale":"en_US","og_type":"article","og_title":"Doctoral Studies","og_description":"Informohuni p\u00ebr programet dhe rregulloret e studimeve doktorale n\u00eb UHZ, p\u00ebrfshir\u00eb dokumentet si Statuti, Rregullorja e Studimeve Doktorale dhe Kodi i Etik\u00ebs.","og_url":"https:\/\/unhz.eu\/en\/doctoral-studies\/","og_site_name":"University Haxhi Zeka","article_publisher":"https:\/\/www.facebook.com\/uni.haxhizeka","article_modified_time":"2025-11-03T14:33:18+00:00","og_image":[{"width":1000,"height":1000,"url":"https:\/\/unhz.eu\/wp-content\/uploads\/2025\/04\/Dizajn-me-logo-te-UHZ.webp","type":"image\/webp"}],"twitter_card":"summary_large_image","twitter_site":"@uni_haxhizeka","twitter_misc":{"Est. reading time":"1 minute"},"schema":{"@context":"https:\/\/schema.org","@graph":[{"@type":"WebPage","@id":"https:\/\/unhz.eu\/doctoral-studies\/","url":"https:\/\/unhz.eu\/doctoral-studies\/","name":"Doctoral Studies - Haxhi Zeka University","isPartOf":{"@id":"https:\/\/unhz.eu\/#website"},"primaryImageOfPage":{"@id":"https:\/\/unhz.eu\/doctoral-studies\/#primaryimage"},"image":{"@id":"https:\/\/unhz.eu\/doctoral-studies\/#primaryimage"},"thumbnailUrl":"https:\/\/unhz.eu\/wp-content\/uploads\/2025\/04\/Dizajn-me-logo-te-UHZ.webp","datePublished":"2025-06-11T11:56:30+00:00","dateModified":"2025-11-03T14:33:18+00:00","description":"Find out about the doctoral study programs and regulations at UHZ, including documents such as the Statute, Doctoral Studies Regulations, and Code of Ethics.","breadcrumb":{"@id":"https:\/\/unhz.eu\/doctoral-studies\/#breadcrumb"},"inLanguage":"en-US","potentialAction":[{"@type":"ReadAction","target":["https:\/\/unhz.eu\/doctoral-studies\/"]}]},{"@type":"ImageObject","inLanguage":"en-US","@id":"https:\/\/unhz.eu\/doctoral-studies\/#primaryimage","url":"https:\/\/unhz.eu\/wp-content\/uploads\/2025\/04\/Dizajn-me-logo-te-UHZ.webp","contentUrl":"https:\/\/unhz.eu\/wp-content\/uploads\/2025\/04\/Dizajn-me-logo-te-UHZ.webp","width":1000,"height":1000,"caption":"Universiteti Haxhi Zeka, UHZ logo me background te kuq"},{"@type":"BreadcrumbList","@id":"https:\/\/unhz.eu\/doctoral-studies\/#breadcrumb","itemListElement":[{"@type":"ListItem","position":1,"name":"Home","item":"https:\/\/unhz.eu\/"},{"@type":"ListItem","position":2,"name":"Doctoral Studies"}]},{"@type":"WebSite","@id":"https:\/\/unhz.eu\/#website","url":"https:\/\/unhz.eu\/","name":"&quot;Haxhi Zeka&quot; University\u201c","description":"Dedicated to quality, standards and success","publisher":{"@id":"https:\/\/unhz.eu\/#organization"},"alternateName":"Universiteti Haxhi Zeka","potentialAction":[{"@type":"SearchAction","target":{"@type":"EntryPoint","urlTemplate":"https:\/\/unhz.eu\/?s={search_term_string}"},"query-input":{"@type":"PropertyValueSpecification","valueRequired":true,"valueName":"search_term_string"}}],"inLanguage":"en-US"},{"@type":"Organization","@id":"https:\/\/unhz.eu\/#organization","name":"&quot;Haxhi Zeka&quot; University\u201c","alternateName":"Universiteti Haxhi Zeka","url":"https:\/\/unhz.eu\/","logo":{"@type":"ImageObject","inLanguage":"en-US","@id":"https:\/\/unhz.eu\/#\/schema\/logo\/image\/","url":"https:\/\/unhz.eu\/wp-content\/uploads\/2025\/04\/logo-unhz.webp","contentUrl":"https:\/\/unhz.eu\/wp-content\/uploads\/2025\/04\/logo-unhz.webp","width":1024,"height":260,"caption":"Universiteti \u201cHaxhi Zeka\u201d"},"image":{"@id":"https:\/\/unhz.eu\/#\/schema\/logo\/image\/"},"sameAs":["https:\/\/www.facebook.com\/uni.haxhizeka","https:\/\/x.com\/uni_haxhizeka","https:\/\/www.linkedin.com\/school\/haxhi-zeka-university","https:\/\/www.instagram.com\/uni_haxhizeka\/"],"description":"&quot;Haxhi Zeka&quot; University in Peja is a public institution of higher education, offering bachelor&#039;s, master&#039;s and doctoral studies in various fields such as management, tourism, economics, agriculture, art and law. The university aims at academic development, scientific research and contribution to the community.","email":"info@unhz.eu","telephone":"+38339410970","legalName":"Universiteti \u201cHaxhi Zeka\u201d n\u00eb Pej\u00eb","foundingDate":"2011-11-14","numberOfEmployees":{"@type":"QuantitativeValue","minValue":"201","maxValue":"500"}}]}},"acf":[],"_links":{"self":[{"href":"https:\/\/unhz.eu\/en\/wp-json\/wp\/v2\/pages\/53101","targetHints":{"allow":["GET"]}}],"collection":[{"href":"https:\/\/unhz.eu\/en\/wp-json\/wp\/v2\/pages"}],"about":[{"href":"https:\/\/unhz.eu\/en\/wp-json\/wp\/v2\/types\/page"}],"author":[{"embeddable":true,"href":"https:\/\/unhz.eu\/en\/wp-json\/wp\/v2\/users\/1"}],"replies":[{"embeddable":true,"href":"https:\/\/unhz.eu\/en\/wp-json\/wp\/v2\/comments?post=53101"}],"version-history":[{"count":2,"href":"https:\/\/unhz.eu\/en\/wp-json\/wp\/v2\/pages\/53101\/revisions"}],"predecessor-version":[{"id":58551,"href":"https:\/\/unhz.eu\/en\/wp-json\/wp\/v2\/pages\/53101\/revisions\/58551"}],"wp:featuredmedia":[{"embeddable":true,"href":"https:\/\/unhz.eu\/en\/wp-json\/wp\/v2\/media\/50754"}],"wp:attachment":[{"href":"https:\/\/unhz.eu\/en\/wp-json\/wp\/v2\/media?parent=53101"}],"curies":[{"name":"wp","href":"https:\/\/api.w.org\/{rel}","templated":true}]}}