{"id":50088,"date":"2025-03-14T08:12:59","date_gmt":"2025-03-14T08:12:59","guid":{"rendered":"https:\/\/unhz.eu\/?page_id=50088"},"modified":"2026-03-17T09:41:42","modified_gmt":"2026-03-17T07:41:42","slug":"pranimi-dhe-trajtimi-i-rasteve-te-sinjalizimit","status":"publish","type":"page","link":"https:\/\/unhz.eu\/en\/pranimi-dhe-trajtimi-i-rasteve-te-sinjalizimit\/","title":{"rendered":"Receiving and handling whistleblowing cases"},"content":{"rendered":"<p><a href=\"https:\/\/old.unhz.eu\/wp-content\/uploads\/2024\/09\/LIGJI_NR._06_L-085___PER_MBROJTJEN_E_SINJALIZUESVE.pdf\">LIGJI Nr. 06\/L -085 P\u00cbR MBROJTJEN E SINJALIZUESVE<\/a><\/p>\n\n\n\n<p><a href=\"https:\/\/old.unhz.eu\/wp-content\/uploads\/2024\/09\/RREGULLORE_QRK_-_Nr._03_2021_PER_PERCAKTIMIN_E_PROCEDURES__PER_PRANIMIN_DHE_TRAJTIMIN_E_RASTEVE_TE_SINJALIZIMIT.pdf\">RREGULLORE (QRK) \u201303\/2021 P\u00cbR P\u00cbRCAKTIMIN E PROCEDUR\u00cbS P\u00cbR PRANIMIN DHE TRAJTIMIN E RASTEVE T\u00cb SINJALIZIMIT<\/a><\/p>\n\n\n\n<p>Afrodita Gashi<br>Personi p\u00ebrgjegj\u00ebs p\u00ebr pranimin dhe trajtimin e rasteve t\u00eb sinjalizimit<br>afrodita.gashi@unhz.eu<\/p>","protected":false},"excerpt":{"rendered":"<p>LIGJI Nr. 06\/L -085 P\u00cbR MBROJTJEN E SINJALIZUESVE RREGULLORE (QRK) \u201303\/2021 P\u00cbR P\u00cbRCAKTIMIN E PROCEDUR\u00cbS&hellip;<\/p>","protected":false},"author":1,"featured_media":0,"parent":0,"menu_order":0,"comment_status":"closed","ping_status":"closed","template":"","meta":{"_acf_changed":false,"footnotes":""},"class_list":["post-50088","page","type-page","status-publish","hentry"],"yoast_head":"<!-- This site is optimized with the Yoast SEO Premium plugin v27.2 (Yoast SEO v27.2) - https:\/\/yoast.com\/product\/yoast-seo-premium-wordpress\/ -->\n<title>Pranimi dhe trajtimi i rasteve t\u00eb sinjalizimit - University Haxhi Zeka<\/title>\n<meta name=\"robots\" content=\"index, follow, max-snippet:-1, max-image-preview:large, max-video-preview:-1\" \/>\n<link rel=\"canonical\" href=\"https:\/\/unhz.eu\/en\/pranimi-dhe-trajtimi-i-rasteve-te-sinjalizimit\/\" \/>\n<meta property=\"og:locale\" content=\"en_US\" \/>\n<meta property=\"og:type\" content=\"article\" \/>\n<meta property=\"og:title\" content=\"Pranimi dhe trajtimi i rasteve t\u00eb sinjalizimit\" \/>\n<meta property=\"og:description\" content=\"LIGJI Nr. 06\/L -085 P\u00cbR MBROJTJEN E SINJALIZUESVE RREGULLORE (QRK) \u201303\/2021 P\u00cbR P\u00cbRCAKTIMIN E PROCEDUR\u00cbS&hellip;\" \/>\n<meta property=\"og:url\" content=\"https:\/\/unhz.eu\/en\/pranimi-dhe-trajtimi-i-rasteve-te-sinjalizimit\/\" \/>\n<meta property=\"og:site_name\" content=\"University Haxhi Zeka\" \/>\n<meta property=\"article:publisher\" content=\"https:\/\/www.facebook.com\/uni.haxhizeka\" \/>\n<meta property=\"article:modified_time\" content=\"2026-03-17T07:41:42+00:00\" \/>\n<meta name=\"twitter:card\" content=\"summary_large_image\" \/>\n<meta name=\"twitter:site\" content=\"@uni_haxhizeka\" \/>\n<meta name=\"twitter:label1\" content=\"Est. reading time\" \/>\n\t<meta name=\"twitter:data1\" content=\"1 minute\" \/>\n<script type=\"application\/ld+json\" class=\"yoast-schema-graph\">{\"@context\":\"https:\/\/schema.org\",\"@graph\":[{\"@type\":\"WebPage\",\"@id\":\"https:\/\/unhz.eu\/pranimi-dhe-trajtimi-i-rasteve-te-sinjalizimit\/\",\"url\":\"https:\/\/unhz.eu\/pranimi-dhe-trajtimi-i-rasteve-te-sinjalizimit\/\",\"name\":\"Pranimi dhe trajtimi i rasteve t\u00eb sinjalizimit - University Haxhi Zeka\",\"isPartOf\":{\"@id\":\"https:\/\/unhz.eu\/#website\"},\"datePublished\":\"2025-03-14T08:12:59+00:00\",\"dateModified\":\"2026-03-17T07:41:42+00:00\",\"breadcrumb\":{\"@id\":\"https:\/\/unhz.eu\/pranimi-dhe-trajtimi-i-rasteve-te-sinjalizimit\/#breadcrumb\"},\"inLanguage\":\"en-US\",\"potentialAction\":[{\"@type\":\"ReadAction\",\"target\":[\"https:\/\/unhz.eu\/pranimi-dhe-trajtimi-i-rasteve-te-sinjalizimit\/\"]}]},{\"@type\":\"BreadcrumbList\",\"@id\":\"https:\/\/unhz.eu\/pranimi-dhe-trajtimi-i-rasteve-te-sinjalizimit\/#breadcrumb\",\"itemListElement\":[{\"@type\":\"ListItem\",\"position\":1,\"name\":\"Home\",\"item\":\"https:\/\/unhz.eu\/\"},{\"@type\":\"ListItem\",\"position\":2,\"name\":\"Pranimi dhe trajtimi i rasteve t\u00eb sinjalizimit\"}]},{\"@type\":\"WebSite\",\"@id\":\"https:\/\/unhz.eu\/#website\",\"url\":\"https:\/\/unhz.eu\/\",\"name\":\"Universiteti \u201cHaxhi Zeka\u201d\",\"description\":\"I dedikuar p\u00ebr cil\u00ebsi, standarde dhe suksese\",\"publisher\":{\"@id\":\"https:\/\/unhz.eu\/#organization\"},\"alternateName\":\"Universiteti Haxhi Zeka\",\"potentialAction\":[{\"@type\":\"SearchAction\",\"target\":{\"@type\":\"EntryPoint\",\"urlTemplate\":\"https:\/\/unhz.eu\/?s={search_term_string}\"},\"query-input\":{\"@type\":\"PropertyValueSpecification\",\"valueRequired\":true,\"valueName\":\"search_term_string\"}}],\"inLanguage\":\"en-US\"},{\"@type\":\"Organization\",\"@id\":\"https:\/\/unhz.eu\/#organization\",\"name\":\"Universiteti \u201cHaxhi Zeka\u201d\",\"alternateName\":\"Universiteti Haxhi Zeka\",\"url\":\"https:\/\/unhz.eu\/\",\"logo\":{\"@type\":\"ImageObject\",\"inLanguage\":\"en-US\",\"@id\":\"https:\/\/unhz.eu\/#\/schema\/logo\/image\/\",\"url\":\"https:\/\/unhz.eu\/wp-content\/uploads\/2025\/04\/logo-unhz.webp\",\"contentUrl\":\"https:\/\/unhz.eu\/wp-content\/uploads\/2025\/04\/logo-unhz.webp\",\"width\":1024,\"height\":260,\"caption\":\"Universiteti \u201cHaxhi Zeka\u201d\"},\"image\":{\"@id\":\"https:\/\/unhz.eu\/#\/schema\/logo\/image\/\"},\"sameAs\":[\"https:\/\/www.facebook.com\/uni.haxhizeka\",\"https:\/\/x.com\/uni_haxhizeka\",\"https:\/\/www.linkedin.com\/school\/haxhi-zeka-university\",\"https:\/\/www.instagram.com\/uni_haxhizeka\/\"],\"description\":\"Universiteti \u201cHaxhi Zeka\u201d n\u00eb Pej\u00eb \u00ebsht\u00eb institucion publik i arsimit t\u00eb lart\u00eb, q\u00eb ofron studime bachelor, master dhe doktorat\u00eb n\u00eb fusha t\u00eb ndryshme si menaxhimi, turizmi, ekonomia, bujq\u00ebsia, arti dhe drejt\u00ebsia. Universiteti synon zhvillimin akademik, hulumtimin shkencor dhe kontributin n\u00eb komunitet.\",\"email\":\"info@unhz.eu\",\"telephone\":\"+38339410970\",\"legalName\":\"Universiteti \u201cHaxhi Zeka\u201d n\u00eb Pej\u00eb\",\"foundingDate\":\"2011-11-14\",\"numberOfEmployees\":{\"@type\":\"QuantitativeValue\",\"minValue\":\"201\",\"maxValue\":\"500\"}}]}<\/script>\n<!-- \/ Yoast SEO Premium plugin. -->","yoast_head_json":{"title":"Pranimi dhe trajtimi i rasteve t\u00eb sinjalizimit - University Haxhi Zeka","robots":{"index":"index","follow":"follow","max-snippet":"max-snippet:-1","max-image-preview":"max-image-preview:large","max-video-preview":"max-video-preview:-1"},"canonical":"https:\/\/unhz.eu\/en\/pranimi-dhe-trajtimi-i-rasteve-te-sinjalizimit\/","og_locale":"en_US","og_type":"article","og_title":"Pranimi dhe trajtimi i rasteve t\u00eb sinjalizimit","og_description":"LIGJI Nr. 06\/L -085 P\u00cbR MBROJTJEN E SINJALIZUESVE RREGULLORE (QRK) \u201303\/2021 P\u00cbR P\u00cbRCAKTIMIN E PROCEDUR\u00cbS&hellip;","og_url":"https:\/\/unhz.eu\/en\/pranimi-dhe-trajtimi-i-rasteve-te-sinjalizimit\/","og_site_name":"University Haxhi Zeka","article_publisher":"https:\/\/www.facebook.com\/uni.haxhizeka","article_modified_time":"2026-03-17T07:41:42+00:00","twitter_card":"summary_large_image","twitter_site":"@uni_haxhizeka","twitter_misc":{"Est. reading time":"1 minute"},"schema":{"@context":"https:\/\/schema.org","@graph":[{"@type":"WebPage","@id":"https:\/\/unhz.eu\/pranimi-dhe-trajtimi-i-rasteve-te-sinjalizimit\/","url":"https:\/\/unhz.eu\/pranimi-dhe-trajtimi-i-rasteve-te-sinjalizimit\/","name":"Pranimi dhe trajtimi i rasteve t\u00eb sinjalizimit - University Haxhi Zeka","isPartOf":{"@id":"https:\/\/unhz.eu\/#website"},"datePublished":"2025-03-14T08:12:59+00:00","dateModified":"2026-03-17T07:41:42+00:00","breadcrumb":{"@id":"https:\/\/unhz.eu\/pranimi-dhe-trajtimi-i-rasteve-te-sinjalizimit\/#breadcrumb"},"inLanguage":"en-US","potentialAction":[{"@type":"ReadAction","target":["https:\/\/unhz.eu\/pranimi-dhe-trajtimi-i-rasteve-te-sinjalizimit\/"]}]},{"@type":"BreadcrumbList","@id":"https:\/\/unhz.eu\/pranimi-dhe-trajtimi-i-rasteve-te-sinjalizimit\/#breadcrumb","itemListElement":[{"@type":"ListItem","position":1,"name":"Home","item":"https:\/\/unhz.eu\/"},{"@type":"ListItem","position":2,"name":"Pranimi dhe trajtimi i rasteve t\u00eb sinjalizimit"}]},{"@type":"WebSite","@id":"https:\/\/unhz.eu\/#website","url":"https:\/\/unhz.eu\/","name":"&quot;Haxhi Zeka&quot; University\u201c","description":"Dedicated to quality, standards and success","publisher":{"@id":"https:\/\/unhz.eu\/#organization"},"alternateName":"Universiteti Haxhi Zeka","potentialAction":[{"@type":"SearchAction","target":{"@type":"EntryPoint","urlTemplate":"https:\/\/unhz.eu\/?s={search_term_string}"},"query-input":{"@type":"PropertyValueSpecification","valueRequired":true,"valueName":"search_term_string"}}],"inLanguage":"en-US"},{"@type":"Organization","@id":"https:\/\/unhz.eu\/#organization","name":"&quot;Haxhi Zeka&quot; University\u201c","alternateName":"Universiteti Haxhi Zeka","url":"https:\/\/unhz.eu\/","logo":{"@type":"ImageObject","inLanguage":"en-US","@id":"https:\/\/unhz.eu\/#\/schema\/logo\/image\/","url":"https:\/\/unhz.eu\/wp-content\/uploads\/2025\/04\/logo-unhz.webp","contentUrl":"https:\/\/unhz.eu\/wp-content\/uploads\/2025\/04\/logo-unhz.webp","width":1024,"height":260,"caption":"Universiteti \u201cHaxhi Zeka\u201d"},"image":{"@id":"https:\/\/unhz.eu\/#\/schema\/logo\/image\/"},"sameAs":["https:\/\/www.facebook.com\/uni.haxhizeka","https:\/\/x.com\/uni_haxhizeka","https:\/\/www.linkedin.com\/school\/haxhi-zeka-university","https:\/\/www.instagram.com\/uni_haxhizeka\/"],"description":"&quot;Haxhi Zeka&quot; University in Peja is a public institution of higher education, offering bachelor&#039;s, master&#039;s and doctoral studies in various fields such as management, tourism, economics, agriculture, art and law. The university aims at academic development, scientific research and contribution to the community.","email":"info@unhz.eu","telephone":"+38339410970","legalName":"Universiteti \u201cHaxhi Zeka\u201d n\u00eb Pej\u00eb","foundingDate":"2011-11-14","numberOfEmployees":{"@type":"QuantitativeValue","minValue":"201","maxValue":"500"}}]}},"acf":[],"_links":{"self":[{"href":"https:\/\/unhz.eu\/en\/wp-json\/wp\/v2\/pages\/50088","targetHints":{"allow":["GET"]}}],"collection":[{"href":"https:\/\/unhz.eu\/en\/wp-json\/wp\/v2\/pages"}],"about":[{"href":"https:\/\/unhz.eu\/en\/wp-json\/wp\/v2\/types\/page"}],"author":[{"embeddable":true,"href":"https:\/\/unhz.eu\/en\/wp-json\/wp\/v2\/users\/1"}],"replies":[{"embeddable":true,"href":"https:\/\/unhz.eu\/en\/wp-json\/wp\/v2\/comments?post=50088"}],"version-history":[{"count":2,"href":"https:\/\/unhz.eu\/en\/wp-json\/wp\/v2\/pages\/50088\/revisions"}],"predecessor-version":[{"id":60503,"href":"https:\/\/unhz.eu\/en\/wp-json\/wp\/v2\/pages\/50088\/revisions\/60503"}],"wp:attachment":[{"href":"https:\/\/unhz.eu\/en\/wp-json\/wp\/v2\/media?parent=50088"}],"curies":[{"name":"wp","href":"https:\/\/api.w.org\/{rel}","templated":true}]}}