{"id":50049,"date":"2025-03-11T13:05:56","date_gmt":"2025-03-11T13:05:56","guid":{"rendered":"https:\/\/unhz.eu\/?page_id=50049"},"modified":"2025-03-12T08:12:13","modified_gmt":"2025-03-12T08:12:13","slug":"raporte","status":"publish","type":"page","link":"https:\/\/unhz.eu\/en\/raporte\/","title":{"rendered":"Reports"},"content":{"rendered":"<div data-elementor-type=\"wp-page\" data-elementor-id=\"50049\" class=\"elementor elementor-50049\" data-elementor-post-type=\"page\">\n\t\t\t\t\t\t<section class=\"elementor-section elementor-top-section elementor-element elementor-element-b4d540b elementor-section-boxed elementor-section-height-default elementor-section-height-default sc_fly_static\" data-id=\"b4d540b\" data-element_type=\"section\" data-e-type=\"section\">\n\t\t\t\t\t\t<div class=\"elementor-container elementor-column-gap-extended\">\n\t\t\t\t\t<div class=\"elementor-column elementor-col-100 elementor-top-column elementor-element elementor-element-f9431f7 sc_content_align_inherit sc_layouts_column_icons_position_left sc_fly_static\" data-id=\"f9431f7\" data-element_type=\"column\" data-e-type=\"column\">\n\t\t\t<div class=\"elementor-widget-wrap elementor-element-populated\">\n\t\t\t\t\t\t<div class=\"elementor-element elementor-element-2c273b3 sc_fly_static elementor-widget elementor-widget-toggle\" data-id=\"2c273b3\" data-element_type=\"widget\" data-e-type=\"widget\" data-widget_type=\"toggle.default\">\n\t\t\t\t<div class=\"elementor-widget-container\">\n\t\t\t\t\t\t\t<div class=\"elementor-toggle\">\n\t\t\t\t\t\t\t<div class=\"elementor-toggle-item\">\n\t\t\t\t\t<div id=\"elementor-tab-title-4621\" class=\"elementor-tab-title\" data-tab=\"1\" role=\"button\" aria-controls=\"elementor-tab-content-4621\" aria-expanded=\"false\">\n\t\t\t\t\t\t\t\t\t\t\t\t<span class=\"elementor-toggle-icon elementor-toggle-icon-left\" aria-hidden=\"true\">\n\t\t\t\t\t\t\t\t\t\t\t\t\t\t\t<span class=\"elementor-toggle-icon-closed\"><svg class=\"e-font-icon-svg e-fas-caret-right\" viewbox=\"0 0 192 512\" xmlns=\"http:\/\/www.w3.org\/2000\/svg\"><path d=\"M0 384.662V127.338c0-17.818 21.543-26.741 34.142-14.142l128.662 128.662c7.81 7.81 7.81 20.474 0 28.284L34.142 398.804C21.543 411.404 0 402.48 0 384.662z\"><\/path><\/svg><\/span>\n\t\t\t\t\t\t\t\t<span class=\"elementor-toggle-icon-opened\"><svg class=\"elementor-toggle-icon-opened e-font-icon-svg e-fas-caret-up\" viewbox=\"0 0 320 512\" xmlns=\"http:\/\/www.w3.org\/2000\/svg\"><path d=\"M288.662 352H31.338c-17.818 0-26.741-21.543-14.142-34.142l128.662-128.662c7.81-7.81 20.474-7.81 28.284 0l128.662 128.662c12.6 12.599 3.676 34.142-14.142 34.142z\"><\/path><\/svg><\/span>\n\t\t\t\t\t\t\t\t\t\t\t\t\t<\/span>\n\t\t\t\t\t\t\t\t\t\t\t\t<a class=\"elementor-toggle-title\" tabindex=\"0\">Steering Council<\/a>\n\t\t\t\t\t<\/div>\n\n\t\t\t\t\t<div id=\"elementor-tab-content-4621\" class=\"elementor-tab-content elementor-clearfix\" data-tab=\"1\" role=\"region\" aria-labelledby=\"elementor-tab-title-4621\"><table width=\"100%\"><tbody><tr><td width=\"99%\"><p>Description<\/p><\/td><\/tr><tr><td width=\"99%\"><p><a href=\"https:\/\/unhz.eu\/wp-content\/uploads\/2025\/03\/233-Vendim-i-KD-se-Miratohet-Raporti-vjetor-i-buxhetit-i-UHZ-se-per-vitin-2024-Emine-Abdyli.pdf\">Raporti vjetor i buxhetit t\u00eb UHZ-s\u00eb p\u00ebr vitin 2024<\/a><\/p><\/td><\/tr><tr><td width=\"99%\"><p><a href=\"https:\/\/old.unhz.eu\/wp-content\/uploads\/2024\/10\/1119-Vendim-i-KD-se-Miratohet-Raporti-i-buxhetit-te-UHZ-se-per-periudhen-Janar-Mars-2024-Majlinda-Belegu.pdf\">Raporti i buxhetit t\u00eb UHZ-s\u00eb p\u00ebr periudh\u00ebn Janar-Mars 2024<\/a><\/p><\/td><\/tr><tr><td width=\"99%\"><p><a href=\"https:\/\/old.unhz.eu\/Dokumente\/Raportet\/235-%20Vendim%20i%20KD-s%C3%AB-%20Miratohet%20Raporti%20vjetor%20i%20buxhetit%20t%C3%AB%20UHZ-s%C3%AB%20p%C3%ABr%20vitin%202023-%20Majlinda%20Belegu.PDF\">Raport vjetor i buxhetit 2023<\/a><\/p><\/td><\/tr><tr><td width=\"99%\"><p><a href=\"https:\/\/drive.google.com\/file\/d\/1qIfMvDKbqppoMXvbcsZ2gFLSIiHrO_nU\/view?usp=sharing\">Raport vjetor 2022<\/a><\/p><\/td><\/tr><tr><td width=\"99%\"><p><a href=\"https:\/\/old.unhz.eu\/wp-content\/uploads\/2024\/10\/3204-Vendim-i-KD-se-Miratohet-Raporti-vjetor-i-buxhetit-te-UHZ-se-Janar-Nentor-2022-Majlinda-Belegu.pdf\">Raporti vjetor i buxhetit t\u00eb UHZ-s\u00eb Janar-N\u00ebntor 2022<\/a><\/p><\/td><\/tr><tr><td width=\"99%\"><p><a href=\"https:\/\/drive.google.com\/file\/d\/1pjns5CTcvPmteU3gIwJzyHvq8iDzhBSc\/view?usp=sharing\">Raport vjetor 2021<\/a><\/p><\/td><\/tr><tr><td width=\"99%\"><p><a href=\"https:\/\/drive.google.com\/file\/d\/19gKLeGGc4XDE3MnqxPL0mw0IYxGrWf-t\/view\">Raport vjetor 2020<\/a><\/p><\/td><\/tr><tr><td width=\"99%\"><p><a href=\"https:\/\/drive.google.com\/file\/d\/1MjPdx3Ejd1fUSEUJUTTKPTJgu3NbyumS\/view\">Raport vjetor 2019<\/a><\/p><\/td><\/tr><\/tbody><\/table><p>\u00a0<\/p><\/div>\n\t\t\t\t<\/div>\n\t\t\t\t\t\t\t<div class=\"elementor-toggle-item\">\n\t\t\t\t\t<div id=\"elementor-tab-title-4622\" class=\"elementor-tab-title\" data-tab=\"2\" role=\"button\" aria-controls=\"elementor-tab-content-4622\" aria-expanded=\"false\">\n\t\t\t\t\t\t\t\t\t\t\t\t<span class=\"elementor-toggle-icon elementor-toggle-icon-left\" aria-hidden=\"true\">\n\t\t\t\t\t\t\t\t\t\t\t\t\t\t\t<span class=\"elementor-toggle-icon-closed\"><svg class=\"e-font-icon-svg e-fas-caret-right\" viewbox=\"0 0 192 512\" xmlns=\"http:\/\/www.w3.org\/2000\/svg\"><path d=\"M0 384.662V127.338c0-17.818 21.543-26.741 34.142-14.142l128.662 128.662c7.81 7.81 7.81 20.474 0 28.284L34.142 398.804C21.543 411.404 0 402.48 0 384.662z\"><\/path><\/svg><\/span>\n\t\t\t\t\t\t\t\t<span class=\"elementor-toggle-icon-opened\"><svg class=\"elementor-toggle-icon-opened e-font-icon-svg e-fas-caret-up\" viewbox=\"0 0 320 512\" xmlns=\"http:\/\/www.w3.org\/2000\/svg\"><path d=\"M288.662 352H31.338c-17.818 0-26.741-21.543-14.142-34.142l128.662-128.662c7.81-7.81 20.474-7.81 28.284 0l128.662 128.662c12.6 12.599 3.676 34.142-14.142 34.142z\"><\/path><\/svg><\/span>\n\t\t\t\t\t\t\t\t\t\t\t\t\t<\/span>\n\t\t\t\t\t\t\t\t\t\t\t\t<a class=\"elementor-toggle-title\" tabindex=\"0\">Sekretari i p\u00ebrgjithsh\u00ebm<\/a>\n\t\t\t\t\t<\/div>\n\n\t\t\t\t\t<div id=\"elementor-tab-content-4622\" class=\"elementor-tab-content elementor-clearfix\" data-tab=\"2\" role=\"region\" aria-labelledby=\"elementor-tab-title-4622\"><table width=\"100%\"><tbody><tr><td width=\"50%\">Description<\/td><td width=\"50%\">year<\/td><\/tr><tr><td width=\"50%\">Raporti vjetor<\/td><td width=\"50%\"><a href=\"https:\/\/old.unhz.eu\/Dokumente\/Raportet-vjetore\/134-%20Raport%20nj%C3%AB%20(1)%20vje%C3%A7ar%20i%20pun%C3%ABs%20janar-dhjetor%20p%C3%ABr%20vitin%202023%20Administrata%20e%20UHZ-s%C3%AB.pdf\">2023<\/a><\/td><\/tr><tr><td width=\"50%\"><a href=\"https:\/\/drive.google.com\/file\/d\/11acPdwAUqhEHAxAZeuWhv7_g5aCD6BAK\/view?usp=sharing\">Raporti n\u00ebnt\u00eb mujor<\/a><\/td><td width=\"50%\">janar \u2013 n\u00ebntor 2022<\/td><\/tr><tr><td width=\"50%\"><a href=\"https:\/\/drive.google.com\/file\/d\/1ROyOCt_-6ledPyv8ab3KTSP-7PBxx6r2\/view?usp=sharing\">Raporti gjashte mujor<\/a><\/td><td width=\"50%\">janar \u2013 qershor 2022<\/td><\/tr><tr><td width=\"50%\"><a href=\"https:\/\/drive.google.com\/file\/d\/1ElPtHh-ONqiXhgqz0Y1udW7hdjGzrflO\/view?usp=sharing\">Raport tre mujor<\/a><\/td><td width=\"50%\">janar \u2013 mars 2022<\/td><\/tr><tr><td width=\"50%\"><a href=\"https:\/\/drive.google.com\/file\/d\/1xqnj3VttlJiAgAJDqZzVtOgQy_14Syf-\/view\">Raport vjetor<\/a><\/td><td width=\"50%\">2021<\/td><\/tr><tr><td width=\"50%\">Raport vjetor<\/td><td width=\"50%\">2020<\/td><\/tr><tr><td width=\"50%\">Raport vjetor<\/td><td width=\"50%\"><a href=\"https:\/\/drive.google.com\/file\/d\/1ElPtHh-ONqiXhgqz0Y1udW7hdjGzrflO\/view?usp=sharing\">2019<\/a><\/td><\/tr><\/tbody><\/table><\/div>\n\t\t\t\t<\/div>\n\t\t\t\t\t\t\t\t<\/div>\n\t\t\t\t\t\t<\/div>\n\t\t\t\t<\/div>\n\t\t\t\t\t<\/div>\n\t\t<\/div>\n\t\t\t\t\t<\/div>\n\t\t<\/section>\n\t\t\t\t<\/div>","protected":false},"excerpt":{"rendered":"<p>K\u00ebshilli Drejtues P\u00ebrshkrimi Raporti vjetor i buxhetit t\u00eb UHZ-s\u00eb p\u00ebr vitin 2024 Raporti i buxhetit&hellip;<\/p>","protected":false},"author":1,"featured_media":0,"parent":0,"menu_order":0,"comment_status":"closed","ping_status":"closed","template":"","meta":{"_acf_changed":false,"footnotes":""},"class_list":["post-50049","page","type-page","status-publish","hentry"],"yoast_head":"<!-- This site is optimized with the Yoast SEO Premium plugin v27.2 (Yoast SEO v27.2) - https:\/\/yoast.com\/product\/yoast-seo-premium-wordpress\/ -->\n<title>Raporte - University Haxhi Zeka<\/title>\n<meta name=\"robots\" content=\"index, follow, max-snippet:-1, max-image-preview:large, max-video-preview:-1\" \/>\n<link rel=\"canonical\" href=\"https:\/\/unhz.eu\/en\/raporte\/\" \/>\n<meta property=\"og:locale\" content=\"en_US\" \/>\n<meta property=\"og:type\" content=\"article\" \/>\n<meta property=\"og:title\" content=\"Raporte\" \/>\n<meta property=\"og:description\" content=\"K\u00ebshilli Drejtues P\u00ebrshkrimi Raporti vjetor i buxhetit t\u00eb UHZ-s\u00eb p\u00ebr vitin 2024 Raporti i buxhetit&hellip;\" \/>\n<meta property=\"og:url\" content=\"https:\/\/unhz.eu\/en\/raporte\/\" \/>\n<meta property=\"og:site_name\" content=\"University Haxhi Zeka\" \/>\n<meta property=\"article:publisher\" content=\"https:\/\/www.facebook.com\/uni.haxhizeka\" \/>\n<meta property=\"article:modified_time\" content=\"2025-03-12T08:12:13+00:00\" \/>\n<meta name=\"twitter:card\" content=\"summary_large_image\" \/>\n<meta name=\"twitter:site\" content=\"@uni_haxhizeka\" \/>\n<meta name=\"twitter:label1\" content=\"Est. reading time\" \/>\n\t<meta name=\"twitter:data1\" content=\"1 minute\" \/>\n<script type=\"application\/ld+json\" class=\"yoast-schema-graph\">{\"@context\":\"https:\/\/schema.org\",\"@graph\":[{\"@type\":\"WebPage\",\"@id\":\"https:\/\/unhz.eu\/raporte\/\",\"url\":\"https:\/\/unhz.eu\/raporte\/\",\"name\":\"Raporte - University Haxhi Zeka\",\"isPartOf\":{\"@id\":\"https:\/\/unhz.eu\/#website\"},\"datePublished\":\"2025-03-11T13:05:56+00:00\",\"dateModified\":\"2025-03-12T08:12:13+00:00\",\"breadcrumb\":{\"@id\":\"https:\/\/unhz.eu\/raporte\/#breadcrumb\"},\"inLanguage\":\"en-US\",\"potentialAction\":[{\"@type\":\"ReadAction\",\"target\":[\"https:\/\/unhz.eu\/raporte\/\"]}]},{\"@type\":\"BreadcrumbList\",\"@id\":\"https:\/\/unhz.eu\/raporte\/#breadcrumb\",\"itemListElement\":[{\"@type\":\"ListItem\",\"position\":1,\"name\":\"Home\",\"item\":\"https:\/\/unhz.eu\/\"},{\"@type\":\"ListItem\",\"position\":2,\"name\":\"Raporte\"}]},{\"@type\":\"WebSite\",\"@id\":\"https:\/\/unhz.eu\/#website\",\"url\":\"https:\/\/unhz.eu\/\",\"name\":\"Universiteti \u201cHaxhi Zeka\u201d\",\"description\":\"I dedikuar p\u00ebr cil\u00ebsi, standarde dhe suksese\",\"publisher\":{\"@id\":\"https:\/\/unhz.eu\/#organization\"},\"alternateName\":\"Universiteti Haxhi Zeka\",\"potentialAction\":[{\"@type\":\"SearchAction\",\"target\":{\"@type\":\"EntryPoint\",\"urlTemplate\":\"https:\/\/unhz.eu\/?s={search_term_string}\"},\"query-input\":{\"@type\":\"PropertyValueSpecification\",\"valueRequired\":true,\"valueName\":\"search_term_string\"}}],\"inLanguage\":\"en-US\"},{\"@type\":\"Organization\",\"@id\":\"https:\/\/unhz.eu\/#organization\",\"name\":\"Universiteti \u201cHaxhi Zeka\u201d\",\"alternateName\":\"Universiteti Haxhi Zeka\",\"url\":\"https:\/\/unhz.eu\/\",\"logo\":{\"@type\":\"ImageObject\",\"inLanguage\":\"en-US\",\"@id\":\"https:\/\/unhz.eu\/#\/schema\/logo\/image\/\",\"url\":\"https:\/\/unhz.eu\/wp-content\/uploads\/2025\/04\/logo-unhz.webp\",\"contentUrl\":\"https:\/\/unhz.eu\/wp-content\/uploads\/2025\/04\/logo-unhz.webp\",\"width\":1024,\"height\":260,\"caption\":\"Universiteti \u201cHaxhi Zeka\u201d\"},\"image\":{\"@id\":\"https:\/\/unhz.eu\/#\/schema\/logo\/image\/\"},\"sameAs\":[\"https:\/\/www.facebook.com\/uni.haxhizeka\",\"https:\/\/x.com\/uni_haxhizeka\",\"https:\/\/www.linkedin.com\/school\/haxhi-zeka-university\",\"https:\/\/www.instagram.com\/uni_haxhizeka\/\"],\"description\":\"Universiteti \u201cHaxhi Zeka\u201d n\u00eb Pej\u00eb \u00ebsht\u00eb institucion publik i arsimit t\u00eb lart\u00eb, q\u00eb ofron studime bachelor, master dhe doktorat\u00eb n\u00eb fusha t\u00eb ndryshme si menaxhimi, turizmi, ekonomia, bujq\u00ebsia, arti dhe drejt\u00ebsia. Universiteti synon zhvillimin akademik, hulumtimin shkencor dhe kontributin n\u00eb komunitet.\",\"email\":\"info@unhz.eu\",\"telephone\":\"+38339410970\",\"legalName\":\"Universiteti \u201cHaxhi Zeka\u201d n\u00eb Pej\u00eb\",\"foundingDate\":\"2011-11-14\",\"numberOfEmployees\":{\"@type\":\"QuantitativeValue\",\"minValue\":\"201\",\"maxValue\":\"500\"}}]}<\/script>\n<!-- \/ Yoast SEO Premium plugin. -->","yoast_head_json":{"title":"Raporte - University Haxhi Zeka","robots":{"index":"index","follow":"follow","max-snippet":"max-snippet:-1","max-image-preview":"max-image-preview:large","max-video-preview":"max-video-preview:-1"},"canonical":"https:\/\/unhz.eu\/en\/raporte\/","og_locale":"en_US","og_type":"article","og_title":"Raporte","og_description":"K\u00ebshilli Drejtues P\u00ebrshkrimi Raporti vjetor i buxhetit t\u00eb UHZ-s\u00eb p\u00ebr vitin 2024 Raporti i buxhetit&hellip;","og_url":"https:\/\/unhz.eu\/en\/raporte\/","og_site_name":"University Haxhi Zeka","article_publisher":"https:\/\/www.facebook.com\/uni.haxhizeka","article_modified_time":"2025-03-12T08:12:13+00:00","twitter_card":"summary_large_image","twitter_site":"@uni_haxhizeka","twitter_misc":{"Est. reading time":"1 minute"},"schema":{"@context":"https:\/\/schema.org","@graph":[{"@type":"WebPage","@id":"https:\/\/unhz.eu\/raporte\/","url":"https:\/\/unhz.eu\/raporte\/","name":"Raporte - University Haxhi Zeka","isPartOf":{"@id":"https:\/\/unhz.eu\/#website"},"datePublished":"2025-03-11T13:05:56+00:00","dateModified":"2025-03-12T08:12:13+00:00","breadcrumb":{"@id":"https:\/\/unhz.eu\/raporte\/#breadcrumb"},"inLanguage":"en-US","potentialAction":[{"@type":"ReadAction","target":["https:\/\/unhz.eu\/raporte\/"]}]},{"@type":"BreadcrumbList","@id":"https:\/\/unhz.eu\/raporte\/#breadcrumb","itemListElement":[{"@type":"ListItem","position":1,"name":"Home","item":"https:\/\/unhz.eu\/"},{"@type":"ListItem","position":2,"name":"Raporte"}]},{"@type":"WebSite","@id":"https:\/\/unhz.eu\/#website","url":"https:\/\/unhz.eu\/","name":"&quot;Haxhi Zeka&quot; University\u201c","description":"Dedicated to quality, standards and success","publisher":{"@id":"https:\/\/unhz.eu\/#organization"},"alternateName":"Universiteti Haxhi Zeka","potentialAction":[{"@type":"SearchAction","target":{"@type":"EntryPoint","urlTemplate":"https:\/\/unhz.eu\/?s={search_term_string}"},"query-input":{"@type":"PropertyValueSpecification","valueRequired":true,"valueName":"search_term_string"}}],"inLanguage":"en-US"},{"@type":"Organization","@id":"https:\/\/unhz.eu\/#organization","name":"&quot;Haxhi Zeka&quot; University\u201c","alternateName":"Universiteti Haxhi Zeka","url":"https:\/\/unhz.eu\/","logo":{"@type":"ImageObject","inLanguage":"en-US","@id":"https:\/\/unhz.eu\/#\/schema\/logo\/image\/","url":"https:\/\/unhz.eu\/wp-content\/uploads\/2025\/04\/logo-unhz.webp","contentUrl":"https:\/\/unhz.eu\/wp-content\/uploads\/2025\/04\/logo-unhz.webp","width":1024,"height":260,"caption":"Universiteti \u201cHaxhi Zeka\u201d"},"image":{"@id":"https:\/\/unhz.eu\/#\/schema\/logo\/image\/"},"sameAs":["https:\/\/www.facebook.com\/uni.haxhizeka","https:\/\/x.com\/uni_haxhizeka","https:\/\/www.linkedin.com\/school\/haxhi-zeka-university","https:\/\/www.instagram.com\/uni_haxhizeka\/"],"description":"&quot;Haxhi Zeka&quot; University in Peja is a public institution of higher education, offering bachelor&#039;s, master&#039;s and doctoral studies in various fields such as management, tourism, economics, agriculture, art and law. The university aims at academic development, scientific research and contribution to the community.","email":"info@unhz.eu","telephone":"+38339410970","legalName":"Universiteti \u201cHaxhi Zeka\u201d n\u00eb Pej\u00eb","foundingDate":"2011-11-14","numberOfEmployees":{"@type":"QuantitativeValue","minValue":"201","maxValue":"500"}}]}},"acf":[],"_links":{"self":[{"href":"https:\/\/unhz.eu\/en\/wp-json\/wp\/v2\/pages\/50049","targetHints":{"allow":["GET"]}}],"collection":[{"href":"https:\/\/unhz.eu\/en\/wp-json\/wp\/v2\/pages"}],"about":[{"href":"https:\/\/unhz.eu\/en\/wp-json\/wp\/v2\/types\/page"}],"author":[{"embeddable":true,"href":"https:\/\/unhz.eu\/en\/wp-json\/wp\/v2\/users\/1"}],"replies":[{"embeddable":true,"href":"https:\/\/unhz.eu\/en\/wp-json\/wp\/v2\/comments?post=50049"}],"version-history":[{"count":7,"href":"https:\/\/unhz.eu\/en\/wp-json\/wp\/v2\/pages\/50049\/revisions"}],"predecessor-version":[{"id":50064,"href":"https:\/\/unhz.eu\/en\/wp-json\/wp\/v2\/pages\/50049\/revisions\/50064"}],"wp:attachment":[{"href":"https:\/\/unhz.eu\/en\/wp-json\/wp\/v2\/media?parent=50049"}],"curies":[{"name":"wp","href":"https:\/\/api.w.org\/{rel}","templated":true}]}}