{"id":49371,"date":"2025-01-08T09:03:11","date_gmt":"2025-01-08T09:03:11","guid":{"rendered":"https:\/\/unhz.eu\/?page_id=49371"},"modified":"2025-11-24T12:42:51","modified_gmt":"2025-11-24T10:42:51","slug":"dokumente-4","status":"publish","type":"page","link":"https:\/\/unhz.eu\/en\/dokumente-4\/","title":{"rendered":"DECISIONS"},"content":{"rendered":"<div data-elementor-type=\"wp-page\" data-elementor-id=\"49371\" class=\"elementor elementor-49371\" data-elementor-post-type=\"page\">\n\t\t\t\t\t\t<section class=\"elementor-section elementor-top-section elementor-element elementor-element-5c50137 elementor-section-boxed elementor-section-height-default elementor-section-height-default sc_fly_static\" data-id=\"5c50137\" data-element_type=\"section\" data-e-type=\"section\">\n\t\t\t\t\t\t<div class=\"elementor-container elementor-column-gap-default\">\n\t\t\t\t\t<div class=\"elementor-column elementor-col-100 elementor-top-column elementor-element elementor-element-89557ed sc_content_align_inherit sc_layouts_column_icons_position_left sc_fly_static\" data-id=\"89557ed\" data-element_type=\"column\" data-e-type=\"column\">\n\t\t\t<div class=\"elementor-widget-wrap elementor-element-populated\">\n\t\t\t\t\t\t<div class=\"elementor-element elementor-element-536e335 elementor-tabs-view-horizontal sc_tabs_icon_position_left sc_fly_static elementor-widget elementor-widget-tabs\" data-id=\"536e335\" data-element_type=\"widget\" data-e-type=\"widget\" data-widget_type=\"tabs.default\">\n\t\t\t\t<div class=\"elementor-widget-container\">\n\t\t\t\t\t\t\t<div class=\"elementor-tabs\">\n\t\t\t<div class=\"elementor-tabs-wrapper\" role=\"tablist\" >\n\t\t\t\t\t\t\t\t\t<div id=\"elementor-tab-title-8741\" class=\"elementor-tab-title elementor-tab-desktop-title\" aria-selected=\"true\" data-tab=\"1\" role=\"tab\" tabindex=\"0\" aria-controls=\"elementor-tab-content-8741\" aria-expanded=\"false\">Steering Council<\/div>\n\t\t\t\t\t\t\t\t\t<div id=\"elementor-tab-title-8742\" class=\"elementor-tab-title elementor-tab-desktop-title\" aria-selected=\"false\" data-tab=\"2\" role=\"tab\" tabindex=\"-1\" aria-controls=\"elementor-tab-content-8742\" aria-expanded=\"false\">Senate<\/div>\n\t\t\t\t\t\t\t\t\t<div id=\"elementor-tab-title-8743\" class=\"elementor-tab-title elementor-tab-desktop-title\" aria-selected=\"false\" data-tab=\"3\" role=\"tab\" tabindex=\"-1\" aria-controls=\"elementor-tab-content-8743\" aria-expanded=\"false\">Rector<\/div>\n\t\t\t\t\t\t\t\t\t<div id=\"elementor-tab-title-8744\" class=\"elementor-tab-title elementor-tab-desktop-title\" aria-selected=\"false\" data-tab=\"4\" role=\"tab\" tabindex=\"-1\" aria-controls=\"elementor-tab-content-8744\" aria-expanded=\"false\">Secretary General<\/div>\n\t\t\t\t\t\t\t<\/div>\n\t\t\t<div class=\"elementor-tabs-content-wrapper\" role=\"tablist\" aria-orientation=\"vertical\">\n\t\t\t\t\t\t\t\t\t<div class=\"elementor-tab-title elementor-tab-mobile-title\" aria-selected=\"true\" data-tab=\"1\" role=\"tab\" tabindex=\"0\" aria-controls=\"elementor-tab-content-8741\" aria-expanded=\"false\">Steering Council<\/div>\n\t\t\t\t\t<div id=\"elementor-tab-content-8741\" class=\"elementor-tab-content elementor-clearfix\" data-tab=\"1\" role=\"tabpanel\" aria-labelledby=\"elementor-tab-title-8741\" tabindex=\"0\" hidden=\"false\"><iframe src=\"https:\/\/unhz.eu\/doc\/v\/KD\/\" width=\"100%\" height=\"1500\" frameborder=\"1\" scrolling=\"no\"><span style=\"display: inline-block; width: 0px; overflow: hidden; line-height: 0;\" data-mce-type=\"bookmark\" class=\"mce_SELRES_start\"><\/span><span style=\"display: inline-block; width: 0px; overflow: hidden; line-height: 0;\" data-mce-type=\"bookmark\" class=\"mce_SELRES_start\"><\/span><span style=\"display: inline-block; width: 0px; overflow: hidden; line-height: 0;\" data-mce-type=\"bookmark\" class=\"mce_SELRES_start\"><\/span><span style=\"display: inline-block; width: 0px; overflow: hidden; line-height: 0;\" data-mce-type=\"bookmark\" class=\"mce_SELRES_start\"><\/span><span style=\"display: inline-block; width: 0px; overflow: hidden; line-height: 0;\" data-mce-type=\"bookmark\" class=\"mce_SELRES_start\"><\/span>\n<\/iframe><\/div>\n\t\t\t\t\t\t\t\t\t<div class=\"elementor-tab-title elementor-tab-mobile-title\" aria-selected=\"false\" data-tab=\"2\" role=\"tab\" tabindex=\"-1\" aria-controls=\"elementor-tab-content-8742\" aria-expanded=\"false\">Senate<\/div>\n\t\t\t\t\t<div id=\"elementor-tab-content-8742\" class=\"elementor-tab-content elementor-clearfix\" data-tab=\"2\" role=\"tabpanel\" aria-labelledby=\"elementor-tab-title-8742\" tabindex=\"0\" hidden=\"hidden\"><iframe src=\"https:\/\/unhz.eu\/doc\/v\/SENATI\/\" width=\"100%\" height=\"1500\" frameborder=\"1\" scrolling=\"no\"><span style=\"display: inline-block; width: 0px; overflow: hidden; line-height: 0;\" data-mce-type=\"bookmark\" class=\"mce_SELRES_start\"><\/span><span style=\"display: inline-block; width: 0px; overflow: hidden; line-height: 0;\" data-mce-type=\"bookmark\" class=\"mce_SELRES_start\"><\/span><span style=\"display: inline-block; width: 0px; overflow: hidden; line-height: 0;\" data-mce-type=\"bookmark\" class=\"mce_SELRES_start\"><\/span><span style=\"display: inline-block; width: 0px; overflow: hidden; line-height: 0;\" data-mce-type=\"bookmark\" class=\"mce_SELRES_start\"><\/span><span style=\"display: inline-block; width: 0px; overflow: hidden; line-height: 0;\" data-mce-type=\"bookmark\" class=\"mce_SELRES_start\"><\/span>\n<\/iframe><\/div>\n\t\t\t\t\t\t\t\t\t<div class=\"elementor-tab-title elementor-tab-mobile-title\" aria-selected=\"false\" data-tab=\"3\" role=\"tab\" tabindex=\"-1\" aria-controls=\"elementor-tab-content-8743\" aria-expanded=\"false\">Rector<\/div>\n\t\t\t\t\t<div id=\"elementor-tab-content-8743\" class=\"elementor-tab-content elementor-clearfix\" data-tab=\"3\" role=\"tabpanel\" aria-labelledby=\"elementor-tab-title-8743\" tabindex=\"0\" hidden=\"hidden\"><table width=\"100%\">\n<tbody>\n<tr>\n<td width=\"71%\">Description<\/td>\n<td width=\"9%\">year<\/td>\n<td width=\"16%\">Pdf<\/td>\n<\/tr>\n<tr>\n<td width=\"71%\">Rector&#039;s decisions<\/td>\n<td width=\"9%\">2024\/2<\/td>\n<td width=\"16%\"><a href=\"https:\/\/unhz.eu\/wp-content\/uploads\/2025\/03\/Vendimet-e-Rektorit-2024-2.pdf\">Download<\/a><\/td>\n<\/tr>\n<tr>\n<td width=\"71%\">Rector&#039;s decisions<\/td>\n<td width=\"9%\">2024\/1<\/td>\n<td width=\"16%\"><a href=\"https:\/\/unhz.eu\/wp-content\/uploads\/2025\/03\/Vendimet-e-Rektorit-2024-1.pdf\">Download<\/a><\/td>\n<\/tr>\n<tr>\n<td width=\"71%\">Rector&#039;s decisions<\/td>\n<td width=\"9%\">2023<\/td>\n<td width=\"16%\">Download<\/td>\n<\/tr>\n<tr>\n<td width=\"71%\">Rector&#039;s decisions<\/td>\n<td width=\"9%\">2022<\/td>\n<td width=\"16%\">Download<\/td>\n<\/tr>\n<tr>\n<td width=\"71%\"><\/td>\n<td width=\"9%\"><\/td>\n<td width=\"16%\"><\/td>\n<\/tr>\n<\/tbody>\n<\/table><\/div>\n\t\t\t\t\t\t\t\t\t<div class=\"elementor-tab-title elementor-tab-mobile-title\" aria-selected=\"false\" data-tab=\"4\" role=\"tab\" tabindex=\"-1\" aria-controls=\"elementor-tab-content-8744\" aria-expanded=\"false\">Secretary General<\/div>\n\t\t\t\t\t<div id=\"elementor-tab-content-8744\" class=\"elementor-tab-content elementor-clearfix\" data-tab=\"4\" role=\"tabpanel\" aria-labelledby=\"elementor-tab-title-8744\" tabindex=\"0\" hidden=\"hidden\"><table width=\"100%\"><tbody><tr><td width=\"71%\">Description<\/td><td width=\"9%\">year<\/td><td width=\"16%\">Pdf<\/td><\/tr><tr><td width=\"71%\">Decisions of the Secretary General<\/td><td width=\"9%\">2024<\/td><td width=\"16%\"><a href=\"https:\/\/old.unhz.eu\/wp-content\/uploads\/2024\/10\/Vendimet-e-Sekretarit-20244.pdf\">Download<\/a><\/td><\/tr><tr><td width=\"71%\">Decisions of the Secretary General<\/td><td width=\"9%\">2023<\/td><td width=\"16%\"><a href=\"https:\/\/old.unhz.eu\/wp-content\/uploads\/2024\/10\/Vendimet-e-Sekretarit-2023.pdf\">Download<\/a><\/td><\/tr><tr><td width=\"71%\">Decisions of the Secretary General<\/td><td width=\"9%\">2022<\/td><td width=\"16%\"><a href=\"https:\/\/old.unhz.eu\/wp-content\/uploads\/2024\/10\/Vendimet-e-Sekretarit-2022.pdf\">Download<\/a><\/td><\/tr><tr><td width=\"71%\">Decisions of the Secretary General<\/td><td width=\"9%\">2021<\/td><td width=\"16%\"><a href=\"https:\/\/old.unhz.eu\/wp-content\/uploads\/2024\/10\/Vendimet-e-Sekretarit-2021.pdf\">Download<\/a><\/td><\/tr><\/tbody><\/table><\/div>\n\t\t\t\t\t\t\t<\/div>\n\t\t<\/div>\n\t\t\t\t\t\t<\/div>\n\t\t\t\t<\/div>\n\t\t\t\t\t<\/div>\n\t\t<\/div>\n\t\t\t\t\t<\/div>\n\t\t<\/section>\n\t\t\t\t<\/div>","protected":false},"excerpt":{"rendered":"<p>K\u00ebshilli Drejtues Senati Rektori Sekretari i P\u00ebrgjithsh\u00ebm K\u00ebshilli Drejtues \ufeff\ufeff\ufeff\ufeff\ufeff Senati \ufeff\ufeff\ufeff\ufeff\ufeff Rektori P\u00ebrshkrimi Viti&hellip;<\/p>","protected":false},"author":1,"featured_media":0,"parent":0,"menu_order":0,"comment_status":"closed","ping_status":"closed","template":"","meta":{"_acf_changed":false,"footnotes":""},"class_list":["post-49371","page","type-page","status-publish","hentry"],"yoast_head":"<!-- This site is optimized with the Yoast SEO Premium plugin v27.2 (Yoast SEO v27.2) - https:\/\/yoast.com\/product\/yoast-seo-premium-wordpress\/ -->\n<title>Vendimet - University Haxhi Zeka<\/title>\n<meta name=\"robots\" content=\"index, follow, max-snippet:-1, max-image-preview:large, max-video-preview:-1\" \/>\n<link rel=\"canonical\" href=\"https:\/\/unhz.eu\/en\/dokumente-4\/\" \/>\n<meta property=\"og:locale\" content=\"en_US\" \/>\n<meta property=\"og:type\" content=\"article\" \/>\n<meta property=\"og:title\" content=\"Vendimet\" \/>\n<meta property=\"og:description\" content=\"K\u00ebshilli Drejtues Senati Rektori Sekretari i P\u00ebrgjithsh\u00ebm K\u00ebshilli Drejtues \ufeff\ufeff\ufeff\ufeff\ufeff Senati \ufeff\ufeff\ufeff\ufeff\ufeff Rektori P\u00ebrshkrimi Viti&hellip;\" \/>\n<meta property=\"og:url\" content=\"https:\/\/unhz.eu\/en\/dokumente-4\/\" \/>\n<meta property=\"og:site_name\" content=\"University Haxhi Zeka\" \/>\n<meta property=\"article:publisher\" content=\"https:\/\/www.facebook.com\/uni.haxhizeka\" \/>\n<meta property=\"article:modified_time\" content=\"2025-11-24T10:42:51+00:00\" \/>\n<meta name=\"twitter:card\" content=\"summary_large_image\" \/>\n<meta name=\"twitter:site\" content=\"@uni_haxhizeka\" \/>\n<meta name=\"twitter:label1\" content=\"Est. reading time\" \/>\n\t<meta name=\"twitter:data1\" content=\"1 minute\" \/>\n<script type=\"application\/ld+json\" class=\"yoast-schema-graph\">{\"@context\":\"https:\/\/schema.org\",\"@graph\":[{\"@type\":\"WebPage\",\"@id\":\"https:\/\/unhz.eu\/dokumente-4\/\",\"url\":\"https:\/\/unhz.eu\/dokumente-4\/\",\"name\":\"Vendimet - University Haxhi Zeka\",\"isPartOf\":{\"@id\":\"https:\/\/unhz.eu\/#website\"},\"datePublished\":\"2025-01-08T09:03:11+00:00\",\"dateModified\":\"2025-11-24T10:42:51+00:00\",\"breadcrumb\":{\"@id\":\"https:\/\/unhz.eu\/dokumente-4\/#breadcrumb\"},\"inLanguage\":\"en-US\",\"potentialAction\":[{\"@type\":\"ReadAction\",\"target\":[\"https:\/\/unhz.eu\/dokumente-4\/\"]}]},{\"@type\":\"BreadcrumbList\",\"@id\":\"https:\/\/unhz.eu\/dokumente-4\/#breadcrumb\",\"itemListElement\":[{\"@type\":\"ListItem\",\"position\":1,\"name\":\"Home\",\"item\":\"https:\/\/unhz.eu\/\"},{\"@type\":\"ListItem\",\"position\":2,\"name\":\"Vendimet\"}]},{\"@type\":\"WebSite\",\"@id\":\"https:\/\/unhz.eu\/#website\",\"url\":\"https:\/\/unhz.eu\/\",\"name\":\"Universiteti \u201cHaxhi Zeka\u201d\",\"description\":\"I dedikuar p\u00ebr cil\u00ebsi, standarde dhe suksese\",\"publisher\":{\"@id\":\"https:\/\/unhz.eu\/#organization\"},\"alternateName\":\"Universiteti Haxhi Zeka\",\"potentialAction\":[{\"@type\":\"SearchAction\",\"target\":{\"@type\":\"EntryPoint\",\"urlTemplate\":\"https:\/\/unhz.eu\/?s={search_term_string}\"},\"query-input\":{\"@type\":\"PropertyValueSpecification\",\"valueRequired\":true,\"valueName\":\"search_term_string\"}}],\"inLanguage\":\"en-US\"},{\"@type\":\"Organization\",\"@id\":\"https:\/\/unhz.eu\/#organization\",\"name\":\"Universiteti \u201cHaxhi Zeka\u201d\",\"alternateName\":\"Universiteti Haxhi Zeka\",\"url\":\"https:\/\/unhz.eu\/\",\"logo\":{\"@type\":\"ImageObject\",\"inLanguage\":\"en-US\",\"@id\":\"https:\/\/unhz.eu\/#\/schema\/logo\/image\/\",\"url\":\"https:\/\/unhz.eu\/wp-content\/uploads\/2025\/04\/logo-unhz.webp\",\"contentUrl\":\"https:\/\/unhz.eu\/wp-content\/uploads\/2025\/04\/logo-unhz.webp\",\"width\":1024,\"height\":260,\"caption\":\"Universiteti \u201cHaxhi Zeka\u201d\"},\"image\":{\"@id\":\"https:\/\/unhz.eu\/#\/schema\/logo\/image\/\"},\"sameAs\":[\"https:\/\/www.facebook.com\/uni.haxhizeka\",\"https:\/\/x.com\/uni_haxhizeka\",\"https:\/\/www.linkedin.com\/school\/haxhi-zeka-university\",\"https:\/\/www.instagram.com\/uni_haxhizeka\/\"],\"description\":\"Universiteti \u201cHaxhi Zeka\u201d n\u00eb Pej\u00eb \u00ebsht\u00eb institucion publik i arsimit t\u00eb lart\u00eb, q\u00eb ofron studime bachelor, master dhe doktorat\u00eb n\u00eb fusha t\u00eb ndryshme si menaxhimi, turizmi, ekonomia, bujq\u00ebsia, arti dhe drejt\u00ebsia. Universiteti synon zhvillimin akademik, hulumtimin shkencor dhe kontributin n\u00eb komunitet.\",\"email\":\"info@unhz.eu\",\"telephone\":\"+38339410970\",\"legalName\":\"Universiteti \u201cHaxhi Zeka\u201d n\u00eb Pej\u00eb\",\"foundingDate\":\"2011-11-14\",\"numberOfEmployees\":{\"@type\":\"QuantitativeValue\",\"minValue\":\"201\",\"maxValue\":\"500\"}}]}<\/script>\n<!-- \/ Yoast SEO Premium plugin. -->","yoast_head_json":{"title":"Decisions - Haxhi Zeka University","robots":{"index":"index","follow":"follow","max-snippet":"max-snippet:-1","max-image-preview":"max-image-preview:large","max-video-preview":"max-video-preview:-1"},"canonical":"https:\/\/unhz.eu\/en\/dokumente-4\/","og_locale":"en_US","og_type":"article","og_title":"Vendimet","og_description":"K\u00ebshilli Drejtues Senati Rektori Sekretari i P\u00ebrgjithsh\u00ebm K\u00ebshilli Drejtues \ufeff\ufeff\ufeff\ufeff\ufeff Senati \ufeff\ufeff\ufeff\ufeff\ufeff Rektori P\u00ebrshkrimi Viti&hellip;","og_url":"https:\/\/unhz.eu\/en\/dokumente-4\/","og_site_name":"University Haxhi Zeka","article_publisher":"https:\/\/www.facebook.com\/uni.haxhizeka","article_modified_time":"2025-11-24T10:42:51+00:00","twitter_card":"summary_large_image","twitter_site":"@uni_haxhizeka","twitter_misc":{"Est. reading time":"1 minute"},"schema":{"@context":"https:\/\/schema.org","@graph":[{"@type":"WebPage","@id":"https:\/\/unhz.eu\/dokumente-4\/","url":"https:\/\/unhz.eu\/dokumente-4\/","name":"Decisions - Haxhi Zeka University","isPartOf":{"@id":"https:\/\/unhz.eu\/#website"},"datePublished":"2025-01-08T09:03:11+00:00","dateModified":"2025-11-24T10:42:51+00:00","breadcrumb":{"@id":"https:\/\/unhz.eu\/dokumente-4\/#breadcrumb"},"inLanguage":"en-US","potentialAction":[{"@type":"ReadAction","target":["https:\/\/unhz.eu\/dokumente-4\/"]}]},{"@type":"BreadcrumbList","@id":"https:\/\/unhz.eu\/dokumente-4\/#breadcrumb","itemListElement":[{"@type":"ListItem","position":1,"name":"Home","item":"https:\/\/unhz.eu\/"},{"@type":"ListItem","position":2,"name":"Vendimet"}]},{"@type":"WebSite","@id":"https:\/\/unhz.eu\/#website","url":"https:\/\/unhz.eu\/","name":"&quot;Haxhi Zeka&quot; University\u201c","description":"Dedicated to quality, standards and success","publisher":{"@id":"https:\/\/unhz.eu\/#organization"},"alternateName":"Universiteti Haxhi Zeka","potentialAction":[{"@type":"SearchAction","target":{"@type":"EntryPoint","urlTemplate":"https:\/\/unhz.eu\/?s={search_term_string}"},"query-input":{"@type":"PropertyValueSpecification","valueRequired":true,"valueName":"search_term_string"}}],"inLanguage":"en-US"},{"@type":"Organization","@id":"https:\/\/unhz.eu\/#organization","name":"&quot;Haxhi Zeka&quot; University\u201c","alternateName":"Universiteti Haxhi Zeka","url":"https:\/\/unhz.eu\/","logo":{"@type":"ImageObject","inLanguage":"en-US","@id":"https:\/\/unhz.eu\/#\/schema\/logo\/image\/","url":"https:\/\/unhz.eu\/wp-content\/uploads\/2025\/04\/logo-unhz.webp","contentUrl":"https:\/\/unhz.eu\/wp-content\/uploads\/2025\/04\/logo-unhz.webp","width":1024,"height":260,"caption":"Universiteti \u201cHaxhi Zeka\u201d"},"image":{"@id":"https:\/\/unhz.eu\/#\/schema\/logo\/image\/"},"sameAs":["https:\/\/www.facebook.com\/uni.haxhizeka","https:\/\/x.com\/uni_haxhizeka","https:\/\/www.linkedin.com\/school\/haxhi-zeka-university","https:\/\/www.instagram.com\/uni_haxhizeka\/"],"description":"&quot;Haxhi Zeka&quot; University in Peja is a public institution of higher education, offering bachelor&#039;s, master&#039;s and doctoral studies in various fields such as management, tourism, economics, agriculture, art and law. The university aims at academic development, scientific research and contribution to the community.","email":"info@unhz.eu","telephone":"+38339410970","legalName":"Universiteti \u201cHaxhi Zeka\u201d n\u00eb Pej\u00eb","foundingDate":"2011-11-14","numberOfEmployees":{"@type":"QuantitativeValue","minValue":"201","maxValue":"500"}}]}},"acf":[],"_links":{"self":[{"href":"https:\/\/unhz.eu\/en\/wp-json\/wp\/v2\/pages\/49371","targetHints":{"allow":["GET"]}}],"collection":[{"href":"https:\/\/unhz.eu\/en\/wp-json\/wp\/v2\/pages"}],"about":[{"href":"https:\/\/unhz.eu\/en\/wp-json\/wp\/v2\/types\/page"}],"author":[{"embeddable":true,"href":"https:\/\/unhz.eu\/en\/wp-json\/wp\/v2\/users\/1"}],"replies":[{"embeddable":true,"href":"https:\/\/unhz.eu\/en\/wp-json\/wp\/v2\/comments?post=49371"}],"version-history":[{"count":5,"href":"https:\/\/unhz.eu\/en\/wp-json\/wp\/v2\/pages\/49371\/revisions"}],"predecessor-version":[{"id":58954,"href":"https:\/\/unhz.eu\/en\/wp-json\/wp\/v2\/pages\/49371\/revisions\/58954"}],"wp:attachment":[{"href":"https:\/\/unhz.eu\/en\/wp-json\/wp\/v2\/media?parent=49371"}],"curies":[{"name":"wp","href":"https:\/\/api.w.org\/{rel}","templated":true}]}}