{"id":24187,"date":"2024-04-30T08:49:21","date_gmt":"2024-04-30T08:49:21","guid":{"rendered":"https:\/\/unhz.eu\/?page_id=24187"},"modified":"2025-07-18T10:21:49","modified_gmt":"2025-07-18T08:21:49","slug":"kerkime-shkencore","status":"publish","type":"page","link":"https:\/\/unhz.eu\/en\/kerkime-shkencore\/","title":{"rendered":"Scientific Research"},"content":{"rendered":"<p><img decoding=\"async\" src=\"https:\/\/unhz.eu\/wp-content\/uploads\/2024\/04\/Logo-1-150x150-1.png\" alt=\"\" width=\"150\" height=\"150\" \/><\/p>\n<p><strong>&quot;HAXHI ZEKA&quot; UNIVERSITY<\/strong><\/p>\n<p><strong>OFFICE P<\/strong><strong>\u00cb<\/strong><strong>RK<\/strong><strong>\u00cb<\/strong><strong>SCIENTIFIC OBJECTIVES<\/strong><\/p>\n<p>Within the framework of the numerous activities that \u201cHaxhi Zeka\u201d University carries out, one of the main activities is the functionalization of the Office for Scientific Research. The main purpose of this office is to identify the requirements and encourage academic staff for scientific research. Also, through the activities of this office, the aim is to promote quality in scientific work and encourage career advancement and reward the efforts and dedication of scientific researchers.<\/p>\n<p>The Office for Scientific Research is responsible for:<\/p>\n<ol type=\"1\">\n<li style=\"text-align: left\">Organizing and coordinating the work of the Scientific Research Office;<\/li>\n<li style=\"text-align: left\">Supporting the professional development of academic staff;<\/li>\n<li style=\"text-align: left\">Coordination of the work of publishing university textbooks according to the Publications Regulation;<\/li>\n<li style=\"text-align: left\">Supporting applications for small local research projects;<\/li>\n<li style=\"text-align: left\">Overseeing the administration and monitoring of small local research projects;<\/li>\n<li style=\"text-align: left\">Supporting applications for financial support for the publication of scientific papers in international journals indexed in Web of Science and SCOPUS;<\/li>\n<li style=\"text-align: left\">Supporting applications for financial support for participation in international scientific conferences;<\/li>\n<li style=\"text-align: left\">Maintaining the research section on the institution&#039;s official website;<\/li>\n<li style=\"text-align: left\">Maintaining the database for scientific activities;<\/li>\n<li style=\"text-align: left\">Management and organization of the &quot;Best Paper of the Year&quot; award, in collaboration with the Scientific Research Group;<\/li>\n<li style=\"text-align: left\">Management and organization of the &quot;Researcher of the Year&quot; award, in collaboration with the Scientific Research Group;<\/li>\n<li style=\"text-align: left\">Drafting and updating the database of scientific activities of the academic staff of the institution;<\/li>\n<li style=\"text-align: left\">Compilation of information, analyses and various statistical reports for the needs of the institution, related to the scientific activities of the academic staff;<\/li>\n<li style=\"text-align: left\">The Coordinator of the Office for Scientific Research reports operationally to the Secretary General, while for professional matters related to work duties, he reports and coordinates work with the Vice-Rector for Teaching, Student Affairs and Scientific Research.<\/li>\n<\/ol>\n<p>With the systematization of jobs, the Scientific Research Office currently consists of the Scientific Research Coordinator.<\/p>\n<p>The bodies responsible for scientific research activities are:<\/p>\n<p><img fetchpriority=\"high\" decoding=\"async\" src=\"https:\/\/unhz.eu\/wp-content\/uploads\/2024\/04\/KSh.png\" alt=\"\" width=\"712\" height=\"105\" \/><\/p>","protected":false},"excerpt":{"rendered":"<p>UNIVERSITETI \u201cHAXHI ZEKA ZYRA P\u00cbR K\u00cbRKIME SHKENCORE N\u00eb kuad\u00ebr t\u00eb aktiviteteve t\u00eb shumta q\u00eb Universiteti&hellip;<\/p>","protected":false},"author":1,"featured_media":0,"parent":0,"menu_order":0,"comment_status":"closed","ping_status":"closed","template":"","meta":{"_acf_changed":false,"footnotes":""},"class_list":["post-24187","page","type-page","status-publish","hentry"],"yoast_head":"<!-- This site is optimized with the Yoast SEO Premium plugin v27.2 (Yoast SEO v27.2) - https:\/\/yoast.com\/product\/yoast-seo-premium-wordpress\/ -->\n<title>Kerkime Shkencore - University Haxhi Zeka<\/title>\n<meta name=\"description\" content=\"UHZ mb\u00ebshtet dhe promovon k\u00ebrkimet shkencore t\u00eb stafit akademik: mbledh raporte, publikime, projekte dhe pjes\u00ebmarrje n\u00eb konferenca.\" \/>\n<meta name=\"robots\" content=\"index, follow, max-snippet:-1, max-image-preview:large, max-video-preview:-1\" \/>\n<link rel=\"canonical\" href=\"https:\/\/unhz.eu\/en\/kerkime-shkencore\/\" \/>\n<meta property=\"og:locale\" content=\"en_US\" \/>\n<meta property=\"og:type\" content=\"article\" \/>\n<meta property=\"og:title\" content=\"Kerkime Shkencore\" \/>\n<meta property=\"og:description\" content=\"UHZ mb\u00ebshtet dhe promovon k\u00ebrkimet shkencore t\u00eb stafit akademik: mbledh raporte, publikime, projekte dhe pjes\u00ebmarrje n\u00eb konferenca.\" \/>\n<meta property=\"og:url\" content=\"https:\/\/unhz.eu\/en\/kerkime-shkencore\/\" \/>\n<meta property=\"og:site_name\" content=\"University Haxhi Zeka\" \/>\n<meta property=\"article:publisher\" content=\"https:\/\/www.facebook.com\/uni.haxhizeka\" \/>\n<meta property=\"article:modified_time\" content=\"2025-07-18T08:21:49+00:00\" \/>\n<meta property=\"og:image\" content=\"https:\/\/unhz.eu\/wp-content\/uploads\/2024\/04\/Logo-1-150x150-1.png\" \/>\n<meta name=\"twitter:card\" content=\"summary_large_image\" \/>\n<meta name=\"twitter:site\" content=\"@uni_haxhizeka\" \/>\n<meta name=\"twitter:label1\" content=\"Est. reading time\" \/>\n\t<meta name=\"twitter:data1\" content=\"2 minutes\" \/>\n<script type=\"application\/ld+json\" class=\"yoast-schema-graph\">{\"@context\":\"https:\/\/schema.org\",\"@graph\":[{\"@type\":\"WebPage\",\"@id\":\"https:\/\/unhz.eu\/kerkime-shkencore\/\",\"url\":\"https:\/\/unhz.eu\/kerkime-shkencore\/\",\"name\":\"Kerkime Shkencore - University Haxhi Zeka\",\"isPartOf\":{\"@id\":\"https:\/\/unhz.eu\/#website\"},\"primaryImageOfPage\":{\"@id\":\"https:\/\/unhz.eu\/kerkime-shkencore\/#primaryimage\"},\"image\":{\"@id\":\"https:\/\/unhz.eu\/kerkime-shkencore\/#primaryimage\"},\"thumbnailUrl\":\"https:\/\/unhz.eu\/wp-content\/uploads\/2024\/04\/Logo-1-150x150-1.png\",\"datePublished\":\"2024-04-30T08:49:21+00:00\",\"dateModified\":\"2025-07-18T08:21:49+00:00\",\"description\":\"UHZ mb\u00ebshtet dhe promovon k\u00ebrkimet shkencore t\u00eb stafit akademik: mbledh raporte, publikime, projekte dhe pjes\u00ebmarrje n\u00eb konferenca.\",\"breadcrumb\":{\"@id\":\"https:\/\/unhz.eu\/kerkime-shkencore\/#breadcrumb\"},\"inLanguage\":\"en-US\",\"potentialAction\":[{\"@type\":\"ReadAction\",\"target\":[\"https:\/\/unhz.eu\/kerkime-shkencore\/\"]}]},{\"@type\":\"ImageObject\",\"inLanguage\":\"en-US\",\"@id\":\"https:\/\/unhz.eu\/kerkime-shkencore\/#primaryimage\",\"url\":\"https:\/\/unhz.eu\/wp-content\/uploads\/2024\/04\/Logo-1-150x150-1.png\",\"contentUrl\":\"https:\/\/unhz.eu\/wp-content\/uploads\/2024\/04\/Logo-1-150x150-1.png\"},{\"@type\":\"BreadcrumbList\",\"@id\":\"https:\/\/unhz.eu\/kerkime-shkencore\/#breadcrumb\",\"itemListElement\":[{\"@type\":\"ListItem\",\"position\":1,\"name\":\"Home\",\"item\":\"https:\/\/unhz.eu\/\"},{\"@type\":\"ListItem\",\"position\":2,\"name\":\"Kerkime Shkencore\"}]},{\"@type\":\"WebSite\",\"@id\":\"https:\/\/unhz.eu\/#website\",\"url\":\"https:\/\/unhz.eu\/\",\"name\":\"Universiteti \u201cHaxhi Zeka\u201d\",\"description\":\"I dedikuar p\u00ebr cil\u00ebsi, standarde dhe suksese\",\"publisher\":{\"@id\":\"https:\/\/unhz.eu\/#organization\"},\"alternateName\":\"Universiteti Haxhi Zeka\",\"potentialAction\":[{\"@type\":\"SearchAction\",\"target\":{\"@type\":\"EntryPoint\",\"urlTemplate\":\"https:\/\/unhz.eu\/?s={search_term_string}\"},\"query-input\":{\"@type\":\"PropertyValueSpecification\",\"valueRequired\":true,\"valueName\":\"search_term_string\"}}],\"inLanguage\":\"en-US\"},{\"@type\":\"Organization\",\"@id\":\"https:\/\/unhz.eu\/#organization\",\"name\":\"Universiteti \u201cHaxhi Zeka\u201d\",\"alternateName\":\"Universiteti Haxhi Zeka\",\"url\":\"https:\/\/unhz.eu\/\",\"logo\":{\"@type\":\"ImageObject\",\"inLanguage\":\"en-US\",\"@id\":\"https:\/\/unhz.eu\/#\/schema\/logo\/image\/\",\"url\":\"https:\/\/unhz.eu\/wp-content\/uploads\/2025\/04\/logo-unhz.webp\",\"contentUrl\":\"https:\/\/unhz.eu\/wp-content\/uploads\/2025\/04\/logo-unhz.webp\",\"width\":1024,\"height\":260,\"caption\":\"Universiteti \u201cHaxhi Zeka\u201d\"},\"image\":{\"@id\":\"https:\/\/unhz.eu\/#\/schema\/logo\/image\/\"},\"sameAs\":[\"https:\/\/www.facebook.com\/uni.haxhizeka\",\"https:\/\/x.com\/uni_haxhizeka\",\"https:\/\/www.linkedin.com\/school\/haxhi-zeka-university\",\"https:\/\/www.instagram.com\/uni_haxhizeka\/\"],\"description\":\"Universiteti \u201cHaxhi Zeka\u201d n\u00eb Pej\u00eb \u00ebsht\u00eb institucion publik i arsimit t\u00eb lart\u00eb, q\u00eb ofron studime bachelor, master dhe doktorat\u00eb n\u00eb fusha t\u00eb ndryshme si menaxhimi, turizmi, ekonomia, bujq\u00ebsia, arti dhe drejt\u00ebsia. Universiteti synon zhvillimin akademik, hulumtimin shkencor dhe kontributin n\u00eb komunitet.\",\"email\":\"info@unhz.eu\",\"telephone\":\"+38339410970\",\"legalName\":\"Universiteti \u201cHaxhi Zeka\u201d n\u00eb Pej\u00eb\",\"foundingDate\":\"2011-11-14\",\"numberOfEmployees\":{\"@type\":\"QuantitativeValue\",\"minValue\":\"201\",\"maxValue\":\"500\"}}]}<\/script>\n<!-- \/ Yoast SEO Premium plugin. -->","yoast_head_json":{"title":"Scientific Research - Haxhi Zeka University","description":"UHZ supports and promotes the scientific research of academic staff: collects reports, publications, projects and participation in conferences.","robots":{"index":"index","follow":"follow","max-snippet":"max-snippet:-1","max-image-preview":"max-image-preview:large","max-video-preview":"max-video-preview:-1"},"canonical":"https:\/\/unhz.eu\/en\/kerkime-shkencore\/","og_locale":"en_US","og_type":"article","og_title":"Kerkime Shkencore","og_description":"UHZ mb\u00ebshtet dhe promovon k\u00ebrkimet shkencore t\u00eb stafit akademik: mbledh raporte, publikime, projekte dhe pjes\u00ebmarrje n\u00eb konferenca.","og_url":"https:\/\/unhz.eu\/en\/kerkime-shkencore\/","og_site_name":"University Haxhi Zeka","article_publisher":"https:\/\/www.facebook.com\/uni.haxhizeka","article_modified_time":"2025-07-18T08:21:49+00:00","og_image":[{"url":"https:\/\/unhz.eu\/wp-content\/uploads\/2024\/04\/Logo-1-150x150-1.png","type":"","width":"","height":""}],"twitter_card":"summary_large_image","twitter_site":"@uni_haxhizeka","twitter_misc":{"Est. reading time":"2 minutes"},"schema":{"@context":"https:\/\/schema.org","@graph":[{"@type":"WebPage","@id":"https:\/\/unhz.eu\/kerkime-shkencore\/","url":"https:\/\/unhz.eu\/kerkime-shkencore\/","name":"Scientific Research - Haxhi Zeka University","isPartOf":{"@id":"https:\/\/unhz.eu\/#website"},"primaryImageOfPage":{"@id":"https:\/\/unhz.eu\/kerkime-shkencore\/#primaryimage"},"image":{"@id":"https:\/\/unhz.eu\/kerkime-shkencore\/#primaryimage"},"thumbnailUrl":"https:\/\/unhz.eu\/wp-content\/uploads\/2024\/04\/Logo-1-150x150-1.png","datePublished":"2024-04-30T08:49:21+00:00","dateModified":"2025-07-18T08:21:49+00:00","description":"UHZ supports and promotes the scientific research of academic staff: collects reports, publications, projects and participation in conferences.","breadcrumb":{"@id":"https:\/\/unhz.eu\/kerkime-shkencore\/#breadcrumb"},"inLanguage":"en-US","potentialAction":[{"@type":"ReadAction","target":["https:\/\/unhz.eu\/kerkime-shkencore\/"]}]},{"@type":"ImageObject","inLanguage":"en-US","@id":"https:\/\/unhz.eu\/kerkime-shkencore\/#primaryimage","url":"https:\/\/unhz.eu\/wp-content\/uploads\/2024\/04\/Logo-1-150x150-1.png","contentUrl":"https:\/\/unhz.eu\/wp-content\/uploads\/2024\/04\/Logo-1-150x150-1.png"},{"@type":"BreadcrumbList","@id":"https:\/\/unhz.eu\/kerkime-shkencore\/#breadcrumb","itemListElement":[{"@type":"ListItem","position":1,"name":"Home","item":"https:\/\/unhz.eu\/"},{"@type":"ListItem","position":2,"name":"Kerkime Shkencore"}]},{"@type":"WebSite","@id":"https:\/\/unhz.eu\/#website","url":"https:\/\/unhz.eu\/","name":"&quot;Haxhi Zeka&quot; University\u201c","description":"Dedicated to quality, standards and success","publisher":{"@id":"https:\/\/unhz.eu\/#organization"},"alternateName":"Universiteti Haxhi Zeka","potentialAction":[{"@type":"SearchAction","target":{"@type":"EntryPoint","urlTemplate":"https:\/\/unhz.eu\/?s={search_term_string}"},"query-input":{"@type":"PropertyValueSpecification","valueRequired":true,"valueName":"search_term_string"}}],"inLanguage":"en-US"},{"@type":"Organization","@id":"https:\/\/unhz.eu\/#organization","name":"&quot;Haxhi Zeka&quot; University\u201c","alternateName":"Universiteti Haxhi Zeka","url":"https:\/\/unhz.eu\/","logo":{"@type":"ImageObject","inLanguage":"en-US","@id":"https:\/\/unhz.eu\/#\/schema\/logo\/image\/","url":"https:\/\/unhz.eu\/wp-content\/uploads\/2025\/04\/logo-unhz.webp","contentUrl":"https:\/\/unhz.eu\/wp-content\/uploads\/2025\/04\/logo-unhz.webp","width":1024,"height":260,"caption":"Universiteti \u201cHaxhi Zeka\u201d"},"image":{"@id":"https:\/\/unhz.eu\/#\/schema\/logo\/image\/"},"sameAs":["https:\/\/www.facebook.com\/uni.haxhizeka","https:\/\/x.com\/uni_haxhizeka","https:\/\/www.linkedin.com\/school\/haxhi-zeka-university","https:\/\/www.instagram.com\/uni_haxhizeka\/"],"description":"&quot;Haxhi Zeka&quot; University in Peja is a public institution of higher education, offering bachelor&#039;s, master&#039;s and doctoral studies in various fields such as management, tourism, economics, agriculture, art and law. The university aims at academic development, scientific research and contribution to the community.","email":"info@unhz.eu","telephone":"+38339410970","legalName":"Universiteti \u201cHaxhi Zeka\u201d n\u00eb Pej\u00eb","foundingDate":"2011-11-14","numberOfEmployees":{"@type":"QuantitativeValue","minValue":"201","maxValue":"500"}}]}},"acf":[],"_links":{"self":[{"href":"https:\/\/unhz.eu\/en\/wp-json\/wp\/v2\/pages\/24187","targetHints":{"allow":["GET"]}}],"collection":[{"href":"https:\/\/unhz.eu\/en\/wp-json\/wp\/v2\/pages"}],"about":[{"href":"https:\/\/unhz.eu\/en\/wp-json\/wp\/v2\/types\/page"}],"author":[{"embeddable":true,"href":"https:\/\/unhz.eu\/en\/wp-json\/wp\/v2\/users\/1"}],"replies":[{"embeddable":true,"href":"https:\/\/unhz.eu\/en\/wp-json\/wp\/v2\/comments?post=24187"}],"version-history":[{"count":1,"href":"https:\/\/unhz.eu\/en\/wp-json\/wp\/v2\/pages\/24187\/revisions"}],"predecessor-version":[{"id":56755,"href":"https:\/\/unhz.eu\/en\/wp-json\/wp\/v2\/pages\/24187\/revisions\/56755"}],"wp:attachment":[{"href":"https:\/\/unhz.eu\/en\/wp-json\/wp\/v2\/media?parent=24187"}],"curies":[{"name":"wp","href":"https:\/\/api.w.org\/{rel}","templated":true}]}}