{"id":23886,"date":"2024-04-29T11:30:31","date_gmt":"2024-04-29T11:30:31","guid":{"rendered":"https:\/\/unhz.eu\/?page_id=23886"},"modified":"2025-07-29T10:41:24","modified_gmt":"2025-07-29T08:41:24","slug":"mbeshtetja-e-internacionalizimit-te-sistemit-te-arsimit-te-larte-nepermjet-krijimit-te-unionit-studentor-te-kosoves-siheksu","status":"publish","type":"page","link":"https:\/\/unhz.eu\/en\/mbeshtetja-e-internacionalizimit-te-sistemit-te-arsimit-te-larte-nepermjet-krijimit-te-unionit-studentor-te-kosoves-siheksu\/","title":{"rendered":"Supporting the Internationalization of the Higher Education System through the creation of the Kosovo Student Union (SIHEKSU)"},"content":{"rendered":"<div data-elementor-type=\"wp-page\" data-elementor-id=\"23886\" class=\"elementor elementor-23886\" data-elementor-post-type=\"page\">\n\t\t\t\t\t\t<section class=\"elementor-section elementor-top-section elementor-element elementor-element-34c40e6 elementor-section-boxed elementor-section-height-default elementor-section-height-default sc_fly_static\" data-id=\"34c40e6\" data-element_type=\"section\" data-e-type=\"section\">\n\t\t\t\t\t\t<div class=\"elementor-container elementor-column-gap-extended\">\n\t\t\t\t\t<div class=\"elementor-column elementor-col-100 elementor-top-column elementor-element elementor-element-9e7dafe sc_content_align_inherit sc_layouts_column_icons_position_left sc_fly_static\" data-id=\"9e7dafe\" data-element_type=\"column\" data-e-type=\"column\">\n\t\t\t<div class=\"elementor-widget-wrap elementor-element-populated\">\n\t\t\t\t\t\t<div class=\"elementor-element elementor-element-564643f sc_fly_static elementor-widget elementor-widget-trx_sc_title\" data-id=\"564643f\" data-element_type=\"widget\" data-e-type=\"widget\" data-widget_type=\"trx_sc_title.default\">\n\t\t\t\t<div class=\"elementor-widget-container\">\n\t\t\t\t\t<div\t\tclass=\"sc_title sc_title_default\" ><span class=\"sc_item_subtitle sc_title_subtitle sc_item_subtitle_above sc_item_title_style_default\">About<\/span><h4 class=\"sc_item_title sc_title_title sc_item_title_style_default sc_item_title_tag\"\n\t\t\t><span class=\"sc_item_title_text\">ZHVILLIMIT CIL\u00cbSOR T\u00cb BASHK\u00cbPUNIMIT ND\u00cbRKOMB\u00cbTAR DHE MENAXHIMIT T\u00cb PROJEKTIT<\/span><\/h4><\/div>\t\t\t\t<\/div>\n\t\t\t\t<\/div>\n\t\t\t\t<div class=\"elementor-element elementor-element-1872cfa sc_fly_static elementor-widget elementor-widget-spacer\" data-id=\"1872cfa\" data-element_type=\"widget\" data-e-type=\"widget\" data-widget_type=\"spacer.default\">\n\t\t\t\t<div class=\"elementor-widget-container\">\n\t\t\t\t\t\t\t<div class=\"elementor-spacer\">\n\t\t\t<div class=\"elementor-spacer-inner\"><\/div>\n\t\t<\/div>\n\t\t\t\t\t\t<\/div>\n\t\t\t\t<\/div>\n\t\t\t\t\t<\/div>\n\t\t<\/div>\n\t\t\t\t\t<\/div>\n\t\t<\/section>\n\t\t\t\t<section class=\"elementor-section elementor-top-section elementor-element elementor-element-dca6913 elementor-section-boxed elementor-section-height-default elementor-section-height-default sc_fly_static\" data-id=\"dca6913\" data-element_type=\"section\" data-e-type=\"section\">\n\t\t\t\t\t\t<div class=\"elementor-container elementor-column-gap-extended\">\n\t\t\t\t\t<div class=\"elementor-column elementor-col-100 elementor-top-column elementor-element elementor-element-8067aec sc_content_align_inherit sc_layouts_column_icons_position_left sc_fly_static\" data-id=\"8067aec\" data-element_type=\"column\" data-e-type=\"column\">\n\t\t\t<div class=\"elementor-widget-wrap elementor-element-populated\">\n\t\t\t\t\t\t<div class=\"elementor-element elementor-element-ab805e0 sc_fly_static elementor-widget elementor-widget-text-editor\" data-id=\"ab805e0\" data-element_type=\"widget\" data-e-type=\"widget\" data-widget_type=\"text-editor.default\">\n\t\t\t\t<div class=\"elementor-widget-container\">\n\t\t\t\t\t\t\t\t\t<p><strong>Mb\u00ebshtetja e Internacionalizimit t\u00eb Sistemit t\u00eb Arsimit t\u00eb Lart\u00eb n\u00ebp\u00ebrmjet krijimit t\u00eb Unionit Studentor t\u00eb Kosov\u00ebs \u2013 (SIHEKSU)<\/strong><\/p><p>Koh\u00ebzgjatja e projektit : 36 muaj<\/p><p>Numri i Projektit: 544357-TEMPUS-1-2013-1-AT-TEMPUS-SMGR<\/p><p>Fillimi i projektit: 1 dhjetor, 2013 \u2013 30 n\u00ebntor 2016<\/p><p>Partneret e projektit:<\/p><p>1. Universiteti Paris- London i Salzburg-ut, Austria (mbajt\u00ebs i grantit)<br \/>2. Universiteti i Edinburg-ut, UK<br \/>3. Universiteti i Alicante-s, Spanj\u00eb<br \/>4. Unioni studentor I Skocis\u00eb<br \/>5. Unioni i Student\u00ebve Austri<br \/>6. Ministria e Arsimit Shkenc\u00ebs dhe Teknologjis\u00eb e Republik\u00ebs s\u00eb Kosov\u00ebs (MASHT),<br \/>7. K-CIRT,<br \/>8. WUS Kosova<br \/>9. Agjencia e Akreditimit t\u00eb Kosov\u00ebs<br \/>10. Universiteti i Prishtin\u00ebs,<br \/>11. Universiteti i Pej\u00ebs,<br \/>12. Universiteti i Prizrenit,<br \/>13. Unioni Studentor Evropian,<\/p><p>Q\u00ebllimi i projektit :<\/p><p>Q\u00ebllimi i gjer\u00eb i projektit \u00ebsht\u00eb q\u00eb t\u00eb ndihmoj n\u00eb internacionalizimin e Sistemit t\u00eb Arsimit t\u00eb Lart\u00eb n\u00eb Kosove p\u00ebrmes themelimit te Unionit Kosovar te studenteve. Pra, ky projekt do t\u00eb fokusohet n\u00eb zhvillimin e korniz\u00ebs ligjore, krijimin e Unioneve Studentore Kosovare dhe mb\u00ebshtetjen e tyre p\u00ebr an\u00ebtar\u00ebsim n\u00eb Unionin Studentor Evropian.<br \/>Pra, projekti p\u00ebrkrah\u00eb universitetin n\u00eb arritjen e objektivave t\u00eb procesit t\u00eb Bolonj\u00ebs, strategjis\u00eb p\u00ebr Arsim t\u00eb Lart\u00eb t\u00eb Kosov\u00ebs p\u00ebr periudh\u00ebn 2005-2015, Planit Strategjik t\u00eb Arsimit t\u00eb Kosov\u00ebs p\u00ebr periudh\u00ebn 2011-2016, strategjis\u00eb Evropa 2020, Strategjis\u00eb s\u00eb korniz\u00ebs p\u00ebr Bashk\u00ebpunim Evropian n\u00eb edukim dhe trajnim (ET 2020) n\u00eb fushat e nj\u00ebjta, n\u00eb m\u00ebnyr\u00eb q\u00eb t\u00eb leht\u00ebsoj\u00eb integrimin e Kosov\u00ebs n\u00eb aren\u00ebn e Arsimit t\u00eb Lart\u00eb Evropian.<\/p><p>Objektivat specifike te projektit jane:<\/p><p>Projekti \u00ebsht\u00eb i p\u00ebrb\u00ebr\u00eb nga objektivat specifike vijuese:<br \/>\u2022 Zhvillimi i korniz\u00ebs ligjore n\u00eb krijimin e Unionit Studentor t\u00eb Kosov\u00ebs,<br \/>\u2022 T\u00eb ndihmoj\u00eb n\u00eb zgjedhjet e student\u00ebve p\u00ebr krijimin e Unionit Studentor t\u00eb Kosov\u00ebs;<br \/>\u2022 Krijimin e Zyr\u00ebs s\u00eb Unionit Studentor t\u00eb Kosov\u00ebs dhe t\u00eb zhvilloj\u00eb rregullore\u00a0administrative dhe udh\u00ebzimeve p\u00ebr zhvillim t\u00eb q\u00ebndruesh\u00ebm.<\/p><p>Projekti financohet nga: Komisioni Evropian p\u00ebrmes projektit TEMPUS<\/p>\t\t\t\t\t\t\t\t<\/div>\n\t\t\t\t<\/div>\n\t\t\t\t\t<\/div>\n\t\t<\/div>\n\t\t\t\t\t<\/div>\n\t\t<\/section>\n\t\t\t\t<\/div>","protected":false},"excerpt":{"rendered":"<p>Rreth ZHVILLIMIT CIL\u00cbSOR T\u00cb BASHK\u00cbPUNIMIT ND\u00cbRKOMB\u00cbTAR DHE MENAXHIMIT T\u00cb PROJEKTIT Mb\u00ebshtetja e Internacionalizimit t\u00eb Sistemit&hellip;<\/p>","protected":false},"author":1,"featured_media":50754,"parent":0,"menu_order":0,"comment_status":"closed","ping_status":"closed","template":"","meta":{"_acf_changed":false,"footnotes":""},"class_list":["post-23886","page","type-page","status-publish","has-post-thumbnail","hentry"],"yoast_head":"<!-- This site is optimized with the Yoast SEO Premium plugin v27.2 (Yoast SEO v27.2) - https:\/\/yoast.com\/product\/yoast-seo-premium-wordpress\/ -->\n<title>Mb\u00ebshtetje p\u00ebr Internacionalizimin e Arsimit t\u00eb Lart\u00eb \u2013 UHZ<\/title>\n<meta name=\"description\" content=\"Projekti SIHEKSU mb\u00ebshtet internacionalizimin e arsimit t\u00eb lart\u00eb n\u00eb Kosov\u00eb p\u00ebrmes krijimit t\u00eb Unionit Studentor t\u00eb Kosov\u00ebs, duke forcuar bashk\u00ebpunimin nd\u00ebrkomb\u00ebtar.\" \/>\n<meta name=\"robots\" content=\"index, follow, max-snippet:-1, max-image-preview:large, max-video-preview:-1\" \/>\n<link rel=\"canonical\" href=\"https:\/\/unhz.eu\/en\/mbeshtetja-e-internacionalizimit-te-sistemit-te-arsimit-te-larte-nepermjet-krijimit-te-unionit-studentor-te-kosoves-siheksu\/\" \/>\n<meta property=\"og:locale\" content=\"en_US\" \/>\n<meta property=\"og:type\" content=\"article\" \/>\n<meta property=\"og:title\" content=\"Mb\u00ebshtetja e Internacionalizimit t\u00eb Sistemit t\u00eb Arsimit t\u00eb Lart\u00eb n\u00ebp\u00ebrmjet krijimit t\u00eb Unionit Studentor t\u00eb Kosov\u00ebs- (SIHEKSU)\" \/>\n<meta property=\"og:description\" content=\"Projekti SIHEKSU mb\u00ebshtet internacionalizimin e arsimit t\u00eb lart\u00eb n\u00eb Kosov\u00eb p\u00ebrmes krijimit t\u00eb Unionit Studentor t\u00eb Kosov\u00ebs, duke forcuar bashk\u00ebpunimin nd\u00ebrkomb\u00ebtar.\" \/>\n<meta property=\"og:url\" content=\"https:\/\/unhz.eu\/en\/mbeshtetja-e-internacionalizimit-te-sistemit-te-arsimit-te-larte-nepermjet-krijimit-te-unionit-studentor-te-kosoves-siheksu\/\" \/>\n<meta property=\"og:site_name\" content=\"University Haxhi Zeka\" \/>\n<meta property=\"article:publisher\" content=\"https:\/\/www.facebook.com\/uni.haxhizeka\" \/>\n<meta property=\"article:modified_time\" content=\"2025-07-29T08:41:24+00:00\" \/>\n<meta property=\"og:image\" content=\"https:\/\/unhz.eu\/wp-content\/uploads\/2025\/04\/Dizajn-me-logo-te-UHZ.webp\" \/>\n\t<meta property=\"og:image:width\" content=\"1000\" \/>\n\t<meta property=\"og:image:height\" content=\"1000\" \/>\n\t<meta property=\"og:image:type\" content=\"image\/webp\" \/>\n<meta name=\"twitter:card\" content=\"summary_large_image\" \/>\n<meta name=\"twitter:site\" content=\"@uni_haxhizeka\" \/>\n<meta name=\"twitter:label1\" content=\"Est. reading time\" \/>\n\t<meta name=\"twitter:data1\" content=\"2 minutes\" \/>\n<script type=\"application\/ld+json\" class=\"yoast-schema-graph\">{\"@context\":\"https:\/\/schema.org\",\"@graph\":[{\"@type\":\"WebPage\",\"@id\":\"https:\/\/unhz.eu\/mbeshtetja-e-internacionalizimit-te-sistemit-te-arsimit-te-larte-nepermjet-krijimit-te-unionit-studentor-te-kosoves-siheksu\/\",\"url\":\"https:\/\/unhz.eu\/mbeshtetja-e-internacionalizimit-te-sistemit-te-arsimit-te-larte-nepermjet-krijimit-te-unionit-studentor-te-kosoves-siheksu\/\",\"name\":\"Mb\u00ebshtetje p\u00ebr Internacionalizimin e Arsimit t\u00eb Lart\u00eb \u2013 UHZ\",\"isPartOf\":{\"@id\":\"https:\/\/unhz.eu\/#website\"},\"primaryImageOfPage\":{\"@id\":\"https:\/\/unhz.eu\/mbeshtetja-e-internacionalizimit-te-sistemit-te-arsimit-te-larte-nepermjet-krijimit-te-unionit-studentor-te-kosoves-siheksu\/#primaryimage\"},\"image\":{\"@id\":\"https:\/\/unhz.eu\/mbeshtetja-e-internacionalizimit-te-sistemit-te-arsimit-te-larte-nepermjet-krijimit-te-unionit-studentor-te-kosoves-siheksu\/#primaryimage\"},\"thumbnailUrl\":\"https:\/\/unhz.eu\/wp-content\/uploads\/2025\/04\/Dizajn-me-logo-te-UHZ.webp\",\"datePublished\":\"2024-04-29T11:30:31+00:00\",\"dateModified\":\"2025-07-29T08:41:24+00:00\",\"description\":\"Projekti SIHEKSU mb\u00ebshtet internacionalizimin e arsimit t\u00eb lart\u00eb n\u00eb Kosov\u00eb p\u00ebrmes krijimit t\u00eb Unionit Studentor t\u00eb Kosov\u00ebs, duke forcuar bashk\u00ebpunimin nd\u00ebrkomb\u00ebtar.\",\"breadcrumb\":{\"@id\":\"https:\/\/unhz.eu\/mbeshtetja-e-internacionalizimit-te-sistemit-te-arsimit-te-larte-nepermjet-krijimit-te-unionit-studentor-te-kosoves-siheksu\/#breadcrumb\"},\"inLanguage\":\"en-US\",\"potentialAction\":[{\"@type\":\"ReadAction\",\"target\":[\"https:\/\/unhz.eu\/mbeshtetja-e-internacionalizimit-te-sistemit-te-arsimit-te-larte-nepermjet-krijimit-te-unionit-studentor-te-kosoves-siheksu\/\"]}]},{\"@type\":\"ImageObject\",\"inLanguage\":\"en-US\",\"@id\":\"https:\/\/unhz.eu\/mbeshtetja-e-internacionalizimit-te-sistemit-te-arsimit-te-larte-nepermjet-krijimit-te-unionit-studentor-te-kosoves-siheksu\/#primaryimage\",\"url\":\"https:\/\/unhz.eu\/wp-content\/uploads\/2025\/04\/Dizajn-me-logo-te-UHZ.webp\",\"contentUrl\":\"https:\/\/unhz.eu\/wp-content\/uploads\/2025\/04\/Dizajn-me-logo-te-UHZ.webp\",\"width\":1000,\"height\":1000,\"caption\":\"Universiteti Haxhi Zeka, UHZ logo me background te kuq\"},{\"@type\":\"BreadcrumbList\",\"@id\":\"https:\/\/unhz.eu\/mbeshtetja-e-internacionalizimit-te-sistemit-te-arsimit-te-larte-nepermjet-krijimit-te-unionit-studentor-te-kosoves-siheksu\/#breadcrumb\",\"itemListElement\":[{\"@type\":\"ListItem\",\"position\":1,\"name\":\"Home\",\"item\":\"https:\/\/unhz.eu\/\"},{\"@type\":\"ListItem\",\"position\":2,\"name\":\"Mb\u00ebshtetja e Internacionalizimit t\u00eb Sistemit t\u00eb Arsimit t\u00eb Lart\u00eb n\u00ebp\u00ebrmjet krijimit t\u00eb Unionit Studentor t\u00eb Kosov\u00ebs- (SIHEKSU)\"}]},{\"@type\":\"WebSite\",\"@id\":\"https:\/\/unhz.eu\/#website\",\"url\":\"https:\/\/unhz.eu\/\",\"name\":\"Universiteti \u201cHaxhi Zeka\u201d\",\"description\":\"I dedikuar p\u00ebr cil\u00ebsi, standarde dhe suksese\",\"publisher\":{\"@id\":\"https:\/\/unhz.eu\/#organization\"},\"alternateName\":\"Universiteti Haxhi Zeka\",\"potentialAction\":[{\"@type\":\"SearchAction\",\"target\":{\"@type\":\"EntryPoint\",\"urlTemplate\":\"https:\/\/unhz.eu\/?s={search_term_string}\"},\"query-input\":{\"@type\":\"PropertyValueSpecification\",\"valueRequired\":true,\"valueName\":\"search_term_string\"}}],\"inLanguage\":\"en-US\"},{\"@type\":\"Organization\",\"@id\":\"https:\/\/unhz.eu\/#organization\",\"name\":\"Universiteti \u201cHaxhi Zeka\u201d\",\"alternateName\":\"Universiteti Haxhi Zeka\",\"url\":\"https:\/\/unhz.eu\/\",\"logo\":{\"@type\":\"ImageObject\",\"inLanguage\":\"en-US\",\"@id\":\"https:\/\/unhz.eu\/#\/schema\/logo\/image\/\",\"url\":\"https:\/\/unhz.eu\/wp-content\/uploads\/2025\/04\/logo-unhz.webp\",\"contentUrl\":\"https:\/\/unhz.eu\/wp-content\/uploads\/2025\/04\/logo-unhz.webp\",\"width\":1024,\"height\":260,\"caption\":\"Universiteti \u201cHaxhi Zeka\u201d\"},\"image\":{\"@id\":\"https:\/\/unhz.eu\/#\/schema\/logo\/image\/\"},\"sameAs\":[\"https:\/\/www.facebook.com\/uni.haxhizeka\",\"https:\/\/x.com\/uni_haxhizeka\",\"https:\/\/www.linkedin.com\/school\/haxhi-zeka-university\",\"https:\/\/www.instagram.com\/uni_haxhizeka\/\"],\"description\":\"Universiteti \u201cHaxhi Zeka\u201d n\u00eb Pej\u00eb \u00ebsht\u00eb institucion publik i arsimit t\u00eb lart\u00eb, q\u00eb ofron studime bachelor, master dhe doktorat\u00eb n\u00eb fusha t\u00eb ndryshme si menaxhimi, turizmi, ekonomia, bujq\u00ebsia, arti dhe drejt\u00ebsia. Universiteti synon zhvillimin akademik, hulumtimin shkencor dhe kontributin n\u00eb komunitet.\",\"email\":\"info@unhz.eu\",\"telephone\":\"+38339410970\",\"legalName\":\"Universiteti \u201cHaxhi Zeka\u201d n\u00eb Pej\u00eb\",\"foundingDate\":\"2011-11-14\",\"numberOfEmployees\":{\"@type\":\"QuantitativeValue\",\"minValue\":\"201\",\"maxValue\":\"500\"}}]}<\/script>\n<!-- \/ Yoast SEO Premium plugin. -->","yoast_head_json":{"title":"Mb\u00ebshtetje p\u00ebr Internacionalizimin e Arsimit t\u00eb Lart\u00eb \u2013 UHZ","description":"Projekti SIHEKSU mb\u00ebshtet internacionalizimin e arsimit t\u00eb lart\u00eb n\u00eb Kosov\u00eb p\u00ebrmes krijimit t\u00eb Unionit Studentor t\u00eb Kosov\u00ebs, duke forcuar bashk\u00ebpunimin nd\u00ebrkomb\u00ebtar.","robots":{"index":"index","follow":"follow","max-snippet":"max-snippet:-1","max-image-preview":"max-image-preview:large","max-video-preview":"max-video-preview:-1"},"canonical":"https:\/\/unhz.eu\/en\/mbeshtetja-e-internacionalizimit-te-sistemit-te-arsimit-te-larte-nepermjet-krijimit-te-unionit-studentor-te-kosoves-siheksu\/","og_locale":"en_US","og_type":"article","og_title":"Mb\u00ebshtetja e Internacionalizimit t\u00eb Sistemit t\u00eb Arsimit t\u00eb Lart\u00eb n\u00ebp\u00ebrmjet krijimit t\u00eb Unionit Studentor t\u00eb Kosov\u00ebs- (SIHEKSU)","og_description":"Projekti SIHEKSU mb\u00ebshtet internacionalizimin e arsimit t\u00eb lart\u00eb n\u00eb Kosov\u00eb p\u00ebrmes krijimit t\u00eb Unionit Studentor t\u00eb Kosov\u00ebs, duke forcuar bashk\u00ebpunimin nd\u00ebrkomb\u00ebtar.","og_url":"https:\/\/unhz.eu\/en\/mbeshtetja-e-internacionalizimit-te-sistemit-te-arsimit-te-larte-nepermjet-krijimit-te-unionit-studentor-te-kosoves-siheksu\/","og_site_name":"University Haxhi Zeka","article_publisher":"https:\/\/www.facebook.com\/uni.haxhizeka","article_modified_time":"2025-07-29T08:41:24+00:00","og_image":[{"width":1000,"height":1000,"url":"https:\/\/unhz.eu\/wp-content\/uploads\/2025\/04\/Dizajn-me-logo-te-UHZ.webp","type":"image\/webp"}],"twitter_card":"summary_large_image","twitter_site":"@uni_haxhizeka","twitter_misc":{"Est. reading time":"2 minutes"},"schema":{"@context":"https:\/\/schema.org","@graph":[{"@type":"WebPage","@id":"https:\/\/unhz.eu\/mbeshtetja-e-internacionalizimit-te-sistemit-te-arsimit-te-larte-nepermjet-krijimit-te-unionit-studentor-te-kosoves-siheksu\/","url":"https:\/\/unhz.eu\/mbeshtetja-e-internacionalizimit-te-sistemit-te-arsimit-te-larte-nepermjet-krijimit-te-unionit-studentor-te-kosoves-siheksu\/","name":"Mb\u00ebshtetje p\u00ebr Internacionalizimin e Arsimit t\u00eb Lart\u00eb \u2013 UHZ","isPartOf":{"@id":"https:\/\/unhz.eu\/#website"},"primaryImageOfPage":{"@id":"https:\/\/unhz.eu\/mbeshtetja-e-internacionalizimit-te-sistemit-te-arsimit-te-larte-nepermjet-krijimit-te-unionit-studentor-te-kosoves-siheksu\/#primaryimage"},"image":{"@id":"https:\/\/unhz.eu\/mbeshtetja-e-internacionalizimit-te-sistemit-te-arsimit-te-larte-nepermjet-krijimit-te-unionit-studentor-te-kosoves-siheksu\/#primaryimage"},"thumbnailUrl":"https:\/\/unhz.eu\/wp-content\/uploads\/2025\/04\/Dizajn-me-logo-te-UHZ.webp","datePublished":"2024-04-29T11:30:31+00:00","dateModified":"2025-07-29T08:41:24+00:00","description":"Projekti SIHEKSU mb\u00ebshtet internacionalizimin e arsimit t\u00eb lart\u00eb n\u00eb Kosov\u00eb p\u00ebrmes krijimit t\u00eb Unionit Studentor t\u00eb Kosov\u00ebs, duke forcuar bashk\u00ebpunimin nd\u00ebrkomb\u00ebtar.","breadcrumb":{"@id":"https:\/\/unhz.eu\/mbeshtetja-e-internacionalizimit-te-sistemit-te-arsimit-te-larte-nepermjet-krijimit-te-unionit-studentor-te-kosoves-siheksu\/#breadcrumb"},"inLanguage":"en-US","potentialAction":[{"@type":"ReadAction","target":["https:\/\/unhz.eu\/mbeshtetja-e-internacionalizimit-te-sistemit-te-arsimit-te-larte-nepermjet-krijimit-te-unionit-studentor-te-kosoves-siheksu\/"]}]},{"@type":"ImageObject","inLanguage":"en-US","@id":"https:\/\/unhz.eu\/mbeshtetja-e-internacionalizimit-te-sistemit-te-arsimit-te-larte-nepermjet-krijimit-te-unionit-studentor-te-kosoves-siheksu\/#primaryimage","url":"https:\/\/unhz.eu\/wp-content\/uploads\/2025\/04\/Dizajn-me-logo-te-UHZ.webp","contentUrl":"https:\/\/unhz.eu\/wp-content\/uploads\/2025\/04\/Dizajn-me-logo-te-UHZ.webp","width":1000,"height":1000,"caption":"Universiteti Haxhi Zeka, UHZ logo me background te kuq"},{"@type":"BreadcrumbList","@id":"https:\/\/unhz.eu\/mbeshtetja-e-internacionalizimit-te-sistemit-te-arsimit-te-larte-nepermjet-krijimit-te-unionit-studentor-te-kosoves-siheksu\/#breadcrumb","itemListElement":[{"@type":"ListItem","position":1,"name":"Home","item":"https:\/\/unhz.eu\/"},{"@type":"ListItem","position":2,"name":"Mb\u00ebshtetja e Internacionalizimit t\u00eb Sistemit t\u00eb Arsimit t\u00eb Lart\u00eb n\u00ebp\u00ebrmjet krijimit t\u00eb Unionit Studentor t\u00eb Kosov\u00ebs- (SIHEKSU)"}]},{"@type":"WebSite","@id":"https:\/\/unhz.eu\/#website","url":"https:\/\/unhz.eu\/","name":"&quot;Haxhi Zeka&quot; University\u201c","description":"Dedicated to quality, standards and success","publisher":{"@id":"https:\/\/unhz.eu\/#organization"},"alternateName":"Universiteti Haxhi Zeka","potentialAction":[{"@type":"SearchAction","target":{"@type":"EntryPoint","urlTemplate":"https:\/\/unhz.eu\/?s={search_term_string}"},"query-input":{"@type":"PropertyValueSpecification","valueRequired":true,"valueName":"search_term_string"}}],"inLanguage":"en-US"},{"@type":"Organization","@id":"https:\/\/unhz.eu\/#organization","name":"&quot;Haxhi Zeka&quot; University\u201c","alternateName":"Universiteti Haxhi Zeka","url":"https:\/\/unhz.eu\/","logo":{"@type":"ImageObject","inLanguage":"en-US","@id":"https:\/\/unhz.eu\/#\/schema\/logo\/image\/","url":"https:\/\/unhz.eu\/wp-content\/uploads\/2025\/04\/logo-unhz.webp","contentUrl":"https:\/\/unhz.eu\/wp-content\/uploads\/2025\/04\/logo-unhz.webp","width":1024,"height":260,"caption":"Universiteti \u201cHaxhi Zeka\u201d"},"image":{"@id":"https:\/\/unhz.eu\/#\/schema\/logo\/image\/"},"sameAs":["https:\/\/www.facebook.com\/uni.haxhizeka","https:\/\/x.com\/uni_haxhizeka","https:\/\/www.linkedin.com\/school\/haxhi-zeka-university","https:\/\/www.instagram.com\/uni_haxhizeka\/"],"description":"&quot;Haxhi Zeka&quot; University in Peja is a public institution of higher education, offering bachelor&#039;s, master&#039;s and doctoral studies in various fields such as management, tourism, economics, agriculture, art and law. The university aims at academic development, scientific research and contribution to the community.","email":"info@unhz.eu","telephone":"+38339410970","legalName":"Universiteti \u201cHaxhi Zeka\u201d n\u00eb Pej\u00eb","foundingDate":"2011-11-14","numberOfEmployees":{"@type":"QuantitativeValue","minValue":"201","maxValue":"500"}}]}},"acf":[],"_links":{"self":[{"href":"https:\/\/unhz.eu\/en\/wp-json\/wp\/v2\/pages\/23886","targetHints":{"allow":["GET"]}}],"collection":[{"href":"https:\/\/unhz.eu\/en\/wp-json\/wp\/v2\/pages"}],"about":[{"href":"https:\/\/unhz.eu\/en\/wp-json\/wp\/v2\/types\/page"}],"author":[{"embeddable":true,"href":"https:\/\/unhz.eu\/en\/wp-json\/wp\/v2\/users\/1"}],"replies":[{"embeddable":true,"href":"https:\/\/unhz.eu\/en\/wp-json\/wp\/v2\/comments?post=23886"}],"version-history":[{"count":2,"href":"https:\/\/unhz.eu\/en\/wp-json\/wp\/v2\/pages\/23886\/revisions"}],"predecessor-version":[{"id":57064,"href":"https:\/\/unhz.eu\/en\/wp-json\/wp\/v2\/pages\/23886\/revisions\/57064"}],"wp:featuredmedia":[{"embeddable":true,"href":"https:\/\/unhz.eu\/en\/wp-json\/wp\/v2\/media\/50754"}],"wp:attachment":[{"href":"https:\/\/unhz.eu\/en\/wp-json\/wp\/v2\/media?parent=23886"}],"curies":[{"name":"wp","href":"https:\/\/api.w.org\/{rel}","templated":true}]}}