{"id":23876,"date":"2024-04-29T11:29:02","date_gmt":"2024-04-29T11:29:02","guid":{"rendered":"https:\/\/unhz.eu\/?page_id=23876"},"modified":"2025-07-29T10:39:57","modified_gmt":"2025-07-29T08:39:57","slug":"master-ne-sisteme-te-qendrueshme-te-prodhimit-te-ushqimit","status":"publish","type":"page","link":"https:\/\/unhz.eu\/en\/master-ne-sisteme-te-qendrueshme-te-prodhimit-te-ushqimit\/","title":{"rendered":"Master in Sustainable Food Production Systems"},"content":{"rendered":"<div data-elementor-type=\"wp-page\" data-elementor-id=\"23876\" class=\"elementor elementor-23876\" data-elementor-post-type=\"page\">\n\t\t\t\t\t\t<section class=\"elementor-section elementor-top-section elementor-element elementor-element-5b9ddb3 elementor-section-boxed elementor-section-height-default elementor-section-height-default sc_fly_static\" data-id=\"5b9ddb3\" data-element_type=\"section\" data-e-type=\"section\">\n\t\t\t\t\t\t<div class=\"elementor-container elementor-column-gap-extended\">\n\t\t\t\t\t<div class=\"elementor-column elementor-col-100 elementor-top-column elementor-element elementor-element-810a1c3 sc_content_align_inherit sc_layouts_column_icons_position_left sc_fly_static\" data-id=\"810a1c3\" data-element_type=\"column\" data-e-type=\"column\">\n\t\t\t<div class=\"elementor-widget-wrap elementor-element-populated\">\n\t\t\t\t\t\t<div class=\"elementor-element elementor-element-e0a1027 sc_fly_static elementor-widget elementor-widget-trx_sc_title\" data-id=\"e0a1027\" data-element_type=\"widget\" data-e-type=\"widget\" data-widget_type=\"trx_sc_title.default\">\n\t\t\t\t<div class=\"elementor-widget-container\">\n\t\t\t\t\t<div\t\tclass=\"sc_title sc_title_default\" ><span class=\"sc_item_subtitle sc_title_subtitle sc_item_subtitle_above sc_item_title_style_default\">About<\/span><h4 class=\"sc_item_title sc_title_title sc_item_title_style_default sc_item_title_tag\"\n\t\t\t><span class=\"sc_item_title_text\"> SISTEMEVE T\u00cb Q\u00cbNDRUESHME T\u00cb PRODHIMIT T\u00cb USHQIMIT\u00cb Q\u00cbNDRUESHME T\u00cb PRODHIMIT T\u00cb USHQIMIT<\/span><\/h4><\/div>\t\t\t\t<\/div>\n\t\t\t\t<\/div>\n\t\t\t\t<div class=\"elementor-element elementor-element-e8e5b71 sc_fly_static elementor-widget elementor-widget-spacer\" data-id=\"e8e5b71\" data-element_type=\"widget\" data-e-type=\"widget\" data-widget_type=\"spacer.default\">\n\t\t\t\t<div class=\"elementor-widget-container\">\n\t\t\t\t\t\t\t<div class=\"elementor-spacer\">\n\t\t\t<div class=\"elementor-spacer-inner\"><\/div>\n\t\t<\/div>\n\t\t\t\t\t\t<\/div>\n\t\t\t\t<\/div>\n\t\t\t\t\t<\/div>\n\t\t<\/div>\n\t\t\t\t\t<\/div>\n\t\t<\/section>\n\t\t\t\t<section class=\"elementor-section elementor-top-section elementor-element elementor-element-3de84e7 elementor-section-boxed elementor-section-height-default elementor-section-height-default sc_fly_static\" data-id=\"3de84e7\" data-element_type=\"section\" data-e-type=\"section\">\n\t\t\t\t\t\t<div class=\"elementor-container elementor-column-gap-extended\">\n\t\t\t\t\t<div class=\"elementor-column elementor-col-100 elementor-top-column elementor-element elementor-element-fbc58b8 sc_content_align_inherit sc_layouts_column_icons_position_left sc_fly_static\" data-id=\"fbc58b8\" data-element_type=\"column\" data-e-type=\"column\">\n\t\t\t<div class=\"elementor-widget-wrap elementor-element-populated\">\n\t\t\t\t\t\t<div class=\"elementor-element elementor-element-ab50568 sc_fly_static elementor-widget elementor-widget-text-editor\" data-id=\"ab50568\" data-element_type=\"widget\" data-e-type=\"widget\" data-widget_type=\"text-editor.default\">\n\t\t\t\t<div class=\"elementor-widget-container\">\n\t\t\t\t\t\t\t\t\t<p><strong>Titulli i Projektit:\u00a0<\/strong>Master in Sustainable Food Production Systems<\/p><p><strong>Titulli i shkurt\u00ebr dhe numri:<\/strong>\u00a0STEPS, 598963-EPP-1-2018-1-AL-EPPKA2-CBHE-JP<\/p><p><strong>Periudha e zbatimit:\u00a0<\/strong>2019-2022<\/p><p><strong>Q\u00ebllimi i projektit:\u00a0<\/strong>Q\u00ebllimi i projektit STEPS \u00ebsht\u00eb t\u00eb implementoj\u00eb nj\u00eb program modern MSc mbi ankes\u00ebn \u201cSistemet e prodhimit t\u00eb q\u00ebndruesh\u00ebm t\u00eb ushqimit\u201d p\u00ebr konvent\u00ebn e Bolonj\u00ebs. Objektivi i p\u00ebrgjithsh\u00ebm \u00ebsht\u00eb t\u00eb siguroj\u00eb sfondin dhe t\u00eb mb\u00ebshtes\u00eb hartimin e programit STEPS n\u00eb m\u00ebnyr\u00eb q\u00eb t\u00eb p\u00ebrmbush\u00eb nevojat dhe pritjet e tregut t\u00eb pun\u00ebs dhe shoq\u00ebris\u00eb.<\/p><p><strong>\u00a0Partneret:\u00a0<\/strong>Universiteti Bujq\u00ebsor i Tiran\u00ebs, Universiteti Evropian i Tiran\u00ebs, Universiteti \u201cHaxhi Zeka\u201d n\u00eb Pej\u00eb, Kolegji Universum, Universiteti i Biha\u00e7it, Universiteti i Sarajev\u00ebs, Ministria e Arsimit, Shkenc\u00ebs, Kultur\u00ebs dhe Sportit e Kantonit Una-Sana, Universiteti Ofek i Shkencave t\u00eb Jet\u00ebs Prag\u00eb , Universiteta De Stiinte Agronomice Si Medicina Veterinara Din Bucuresti, Technologiko Ekpedeftiko Idrima Stereas Elladas, Inovacioni i K\u00ebrkimit dhe Laboratori i Nd\u00ebrmarrjeve Private.<\/p>\t\t\t\t\t\t\t\t<\/div>\n\t\t\t\t<\/div>\n\t\t\t\t\t<\/div>\n\t\t<\/div>\n\t\t\t\t\t<\/div>\n\t\t<\/section>\n\t\t\t\t<\/div>","protected":false},"excerpt":{"rendered":"<p>Rreth SISTEMEVE T\u00cb Q\u00cbNDRUESHME T\u00cb PRODHIMIT T\u00cb USHQIMIT\u00cb Q\u00cbNDRUESHME T\u00cb PRODHIMIT T\u00cb USHQIMIT Titulli i&hellip;<\/p>","protected":false},"author":1,"featured_media":50754,"parent":0,"menu_order":0,"comment_status":"closed","ping_status":"closed","template":"","meta":{"_acf_changed":false,"footnotes":""},"class_list":["post-23876","page","type-page","status-publish","has-post-thumbnail","hentry"],"yoast_head":"<!-- This site is optimized with the Yoast SEO Premium plugin v27.2 (Yoast SEO v27.2) - https:\/\/yoast.com\/product\/yoast-seo-premium-wordpress\/ -->\n<title>Master n\u00eb sisteme t\u00eb q\u00ebndrueshme t\u00eb prodhimit t\u00eb ushqimit - University Haxhi Zeka<\/title>\n<meta name=\"description\" content=\"Programi i Masterit n\u00eb Sisteme t\u00eb Q\u00ebndrueshme t\u00eb Prodhimit t\u00eb Ushqimit ofron dije dhe aft\u00ebsi p\u00ebr zhvillimin e sistemeve ushqimore ekologjikisht t\u00eb q\u00ebndrueshme dhe t\u00eb sigurt.\" \/>\n<meta name=\"robots\" content=\"index, follow, max-snippet:-1, max-image-preview:large, max-video-preview:-1\" \/>\n<link rel=\"canonical\" href=\"https:\/\/unhz.eu\/en\/master-ne-sisteme-te-qendrueshme-te-prodhimit-te-ushqimit\/\" \/>\n<meta property=\"og:locale\" content=\"en_US\" \/>\n<meta property=\"og:type\" content=\"article\" \/>\n<meta property=\"og:title\" content=\"Master n\u00eb sisteme t\u00eb q\u00ebndrueshme t\u00eb prodhimit t\u00eb ushqimit\" \/>\n<meta property=\"og:description\" content=\"Programi i Masterit n\u00eb Sisteme t\u00eb Q\u00ebndrueshme t\u00eb Prodhimit t\u00eb Ushqimit ofron dije dhe aft\u00ebsi p\u00ebr zhvillimin e sistemeve ushqimore ekologjikisht t\u00eb q\u00ebndrueshme dhe t\u00eb sigurt.\" \/>\n<meta property=\"og:url\" content=\"https:\/\/unhz.eu\/en\/master-ne-sisteme-te-qendrueshme-te-prodhimit-te-ushqimit\/\" \/>\n<meta property=\"og:site_name\" content=\"University Haxhi Zeka\" \/>\n<meta property=\"article:publisher\" content=\"https:\/\/www.facebook.com\/uni.haxhizeka\" \/>\n<meta property=\"article:modified_time\" content=\"2025-07-29T08:39:57+00:00\" \/>\n<meta property=\"og:image\" content=\"https:\/\/unhz.eu\/wp-content\/uploads\/2025\/04\/Dizajn-me-logo-te-UHZ.webp\" \/>\n\t<meta property=\"og:image:width\" content=\"1000\" \/>\n\t<meta property=\"og:image:height\" content=\"1000\" \/>\n\t<meta property=\"og:image:type\" content=\"image\/webp\" \/>\n<meta name=\"twitter:card\" content=\"summary_large_image\" \/>\n<meta name=\"twitter:site\" content=\"@uni_haxhizeka\" \/>\n<meta name=\"twitter:label1\" content=\"Est. reading time\" \/>\n\t<meta name=\"twitter:data1\" content=\"1 minute\" \/>\n<script type=\"application\/ld+json\" class=\"yoast-schema-graph\">{\"@context\":\"https:\/\/schema.org\",\"@graph\":[{\"@type\":\"WebPage\",\"@id\":\"https:\/\/unhz.eu\/master-ne-sisteme-te-qendrueshme-te-prodhimit-te-ushqimit\/\",\"url\":\"https:\/\/unhz.eu\/master-ne-sisteme-te-qendrueshme-te-prodhimit-te-ushqimit\/\",\"name\":\"Master n\u00eb sisteme t\u00eb q\u00ebndrueshme t\u00eb prodhimit t\u00eb ushqimit - University Haxhi Zeka\",\"isPartOf\":{\"@id\":\"https:\/\/unhz.eu\/#website\"},\"primaryImageOfPage\":{\"@id\":\"https:\/\/unhz.eu\/master-ne-sisteme-te-qendrueshme-te-prodhimit-te-ushqimit\/#primaryimage\"},\"image\":{\"@id\":\"https:\/\/unhz.eu\/master-ne-sisteme-te-qendrueshme-te-prodhimit-te-ushqimit\/#primaryimage\"},\"thumbnailUrl\":\"https:\/\/unhz.eu\/wp-content\/uploads\/2025\/04\/Dizajn-me-logo-te-UHZ.webp\",\"datePublished\":\"2024-04-29T11:29:02+00:00\",\"dateModified\":\"2025-07-29T08:39:57+00:00\",\"description\":\"Programi i Masterit n\u00eb Sisteme t\u00eb Q\u00ebndrueshme t\u00eb Prodhimit t\u00eb Ushqimit ofron dije dhe aft\u00ebsi p\u00ebr zhvillimin e sistemeve ushqimore ekologjikisht t\u00eb q\u00ebndrueshme dhe t\u00eb sigurt.\",\"breadcrumb\":{\"@id\":\"https:\/\/unhz.eu\/master-ne-sisteme-te-qendrueshme-te-prodhimit-te-ushqimit\/#breadcrumb\"},\"inLanguage\":\"en-US\",\"potentialAction\":[{\"@type\":\"ReadAction\",\"target\":[\"https:\/\/unhz.eu\/master-ne-sisteme-te-qendrueshme-te-prodhimit-te-ushqimit\/\"]}]},{\"@type\":\"ImageObject\",\"inLanguage\":\"en-US\",\"@id\":\"https:\/\/unhz.eu\/master-ne-sisteme-te-qendrueshme-te-prodhimit-te-ushqimit\/#primaryimage\",\"url\":\"https:\/\/unhz.eu\/wp-content\/uploads\/2025\/04\/Dizajn-me-logo-te-UHZ.webp\",\"contentUrl\":\"https:\/\/unhz.eu\/wp-content\/uploads\/2025\/04\/Dizajn-me-logo-te-UHZ.webp\",\"width\":1000,\"height\":1000,\"caption\":\"Universiteti Haxhi Zeka, UHZ logo me background te kuq\"},{\"@type\":\"BreadcrumbList\",\"@id\":\"https:\/\/unhz.eu\/master-ne-sisteme-te-qendrueshme-te-prodhimit-te-ushqimit\/#breadcrumb\",\"itemListElement\":[{\"@type\":\"ListItem\",\"position\":1,\"name\":\"Home\",\"item\":\"https:\/\/unhz.eu\/\"},{\"@type\":\"ListItem\",\"position\":2,\"name\":\"Master n\u00eb sisteme t\u00eb q\u00ebndrueshme t\u00eb prodhimit t\u00eb ushqimit\"}]},{\"@type\":\"WebSite\",\"@id\":\"https:\/\/unhz.eu\/#website\",\"url\":\"https:\/\/unhz.eu\/\",\"name\":\"Universiteti \u201cHaxhi Zeka\u201d\",\"description\":\"I dedikuar p\u00ebr cil\u00ebsi, standarde dhe suksese\",\"publisher\":{\"@id\":\"https:\/\/unhz.eu\/#organization\"},\"alternateName\":\"Universiteti Haxhi Zeka\",\"potentialAction\":[{\"@type\":\"SearchAction\",\"target\":{\"@type\":\"EntryPoint\",\"urlTemplate\":\"https:\/\/unhz.eu\/?s={search_term_string}\"},\"query-input\":{\"@type\":\"PropertyValueSpecification\",\"valueRequired\":true,\"valueName\":\"search_term_string\"}}],\"inLanguage\":\"en-US\"},{\"@type\":\"Organization\",\"@id\":\"https:\/\/unhz.eu\/#organization\",\"name\":\"Universiteti \u201cHaxhi Zeka\u201d\",\"alternateName\":\"Universiteti Haxhi Zeka\",\"url\":\"https:\/\/unhz.eu\/\",\"logo\":{\"@type\":\"ImageObject\",\"inLanguage\":\"en-US\",\"@id\":\"https:\/\/unhz.eu\/#\/schema\/logo\/image\/\",\"url\":\"https:\/\/unhz.eu\/wp-content\/uploads\/2025\/04\/logo-unhz.webp\",\"contentUrl\":\"https:\/\/unhz.eu\/wp-content\/uploads\/2025\/04\/logo-unhz.webp\",\"width\":1024,\"height\":260,\"caption\":\"Universiteti \u201cHaxhi Zeka\u201d\"},\"image\":{\"@id\":\"https:\/\/unhz.eu\/#\/schema\/logo\/image\/\"},\"sameAs\":[\"https:\/\/www.facebook.com\/uni.haxhizeka\",\"https:\/\/x.com\/uni_haxhizeka\",\"https:\/\/www.linkedin.com\/school\/haxhi-zeka-university\",\"https:\/\/www.instagram.com\/uni_haxhizeka\/\"],\"description\":\"Universiteti \u201cHaxhi Zeka\u201d n\u00eb Pej\u00eb \u00ebsht\u00eb institucion publik i arsimit t\u00eb lart\u00eb, q\u00eb ofron studime bachelor, master dhe doktorat\u00eb n\u00eb fusha t\u00eb ndryshme si menaxhimi, turizmi, ekonomia, bujq\u00ebsia, arti dhe drejt\u00ebsia. Universiteti synon zhvillimin akademik, hulumtimin shkencor dhe kontributin n\u00eb komunitet.\",\"email\":\"info@unhz.eu\",\"telephone\":\"+38339410970\",\"legalName\":\"Universiteti \u201cHaxhi Zeka\u201d n\u00eb Pej\u00eb\",\"foundingDate\":\"2011-11-14\",\"numberOfEmployees\":{\"@type\":\"QuantitativeValue\",\"minValue\":\"201\",\"maxValue\":\"500\"}}]}<\/script>\n<!-- \/ Yoast SEO Premium plugin. -->","yoast_head_json":{"title":"Master n\u00eb sisteme t\u00eb q\u00ebndrueshme t\u00eb prodhimit t\u00eb ushqimit - University Haxhi Zeka","description":"Programi i Masterit n\u00eb Sisteme t\u00eb Q\u00ebndrueshme t\u00eb Prodhimit t\u00eb Ushqimit ofron dije dhe aft\u00ebsi p\u00ebr zhvillimin e sistemeve ushqimore ekologjikisht t\u00eb q\u00ebndrueshme dhe t\u00eb sigurt.","robots":{"index":"index","follow":"follow","max-snippet":"max-snippet:-1","max-image-preview":"max-image-preview:large","max-video-preview":"max-video-preview:-1"},"canonical":"https:\/\/unhz.eu\/en\/master-ne-sisteme-te-qendrueshme-te-prodhimit-te-ushqimit\/","og_locale":"en_US","og_type":"article","og_title":"Master n\u00eb sisteme t\u00eb q\u00ebndrueshme t\u00eb prodhimit t\u00eb ushqimit","og_description":"Programi i Masterit n\u00eb Sisteme t\u00eb Q\u00ebndrueshme t\u00eb Prodhimit t\u00eb Ushqimit ofron dije dhe aft\u00ebsi p\u00ebr zhvillimin e sistemeve ushqimore ekologjikisht t\u00eb q\u00ebndrueshme dhe t\u00eb sigurt.","og_url":"https:\/\/unhz.eu\/en\/master-ne-sisteme-te-qendrueshme-te-prodhimit-te-ushqimit\/","og_site_name":"University Haxhi Zeka","article_publisher":"https:\/\/www.facebook.com\/uni.haxhizeka","article_modified_time":"2025-07-29T08:39:57+00:00","og_image":[{"width":1000,"height":1000,"url":"https:\/\/unhz.eu\/wp-content\/uploads\/2025\/04\/Dizajn-me-logo-te-UHZ.webp","type":"image\/webp"}],"twitter_card":"summary_large_image","twitter_site":"@uni_haxhizeka","twitter_misc":{"Est. reading time":"1 minute"},"schema":{"@context":"https:\/\/schema.org","@graph":[{"@type":"WebPage","@id":"https:\/\/unhz.eu\/master-ne-sisteme-te-qendrueshme-te-prodhimit-te-ushqimit\/","url":"https:\/\/unhz.eu\/master-ne-sisteme-te-qendrueshme-te-prodhimit-te-ushqimit\/","name":"Master n\u00eb sisteme t\u00eb q\u00ebndrueshme t\u00eb prodhimit t\u00eb ushqimit - University Haxhi Zeka","isPartOf":{"@id":"https:\/\/unhz.eu\/#website"},"primaryImageOfPage":{"@id":"https:\/\/unhz.eu\/master-ne-sisteme-te-qendrueshme-te-prodhimit-te-ushqimit\/#primaryimage"},"image":{"@id":"https:\/\/unhz.eu\/master-ne-sisteme-te-qendrueshme-te-prodhimit-te-ushqimit\/#primaryimage"},"thumbnailUrl":"https:\/\/unhz.eu\/wp-content\/uploads\/2025\/04\/Dizajn-me-logo-te-UHZ.webp","datePublished":"2024-04-29T11:29:02+00:00","dateModified":"2025-07-29T08:39:57+00:00","description":"Programi i Masterit n\u00eb Sisteme t\u00eb Q\u00ebndrueshme t\u00eb Prodhimit t\u00eb Ushqimit ofron dije dhe aft\u00ebsi p\u00ebr zhvillimin e sistemeve ushqimore ekologjikisht t\u00eb q\u00ebndrueshme dhe t\u00eb sigurt.","breadcrumb":{"@id":"https:\/\/unhz.eu\/master-ne-sisteme-te-qendrueshme-te-prodhimit-te-ushqimit\/#breadcrumb"},"inLanguage":"en-US","potentialAction":[{"@type":"ReadAction","target":["https:\/\/unhz.eu\/master-ne-sisteme-te-qendrueshme-te-prodhimit-te-ushqimit\/"]}]},{"@type":"ImageObject","inLanguage":"en-US","@id":"https:\/\/unhz.eu\/master-ne-sisteme-te-qendrueshme-te-prodhimit-te-ushqimit\/#primaryimage","url":"https:\/\/unhz.eu\/wp-content\/uploads\/2025\/04\/Dizajn-me-logo-te-UHZ.webp","contentUrl":"https:\/\/unhz.eu\/wp-content\/uploads\/2025\/04\/Dizajn-me-logo-te-UHZ.webp","width":1000,"height":1000,"caption":"Universiteti Haxhi Zeka, UHZ logo me background te kuq"},{"@type":"BreadcrumbList","@id":"https:\/\/unhz.eu\/master-ne-sisteme-te-qendrueshme-te-prodhimit-te-ushqimit\/#breadcrumb","itemListElement":[{"@type":"ListItem","position":1,"name":"Home","item":"https:\/\/unhz.eu\/"},{"@type":"ListItem","position":2,"name":"Master n\u00eb sisteme t\u00eb q\u00ebndrueshme t\u00eb prodhimit t\u00eb ushqimit"}]},{"@type":"WebSite","@id":"https:\/\/unhz.eu\/#website","url":"https:\/\/unhz.eu\/","name":"&quot;Haxhi Zeka&quot; University\u201c","description":"Dedicated to quality, standards and success","publisher":{"@id":"https:\/\/unhz.eu\/#organization"},"alternateName":"Universiteti Haxhi Zeka","potentialAction":[{"@type":"SearchAction","target":{"@type":"EntryPoint","urlTemplate":"https:\/\/unhz.eu\/?s={search_term_string}"},"query-input":{"@type":"PropertyValueSpecification","valueRequired":true,"valueName":"search_term_string"}}],"inLanguage":"en-US"},{"@type":"Organization","@id":"https:\/\/unhz.eu\/#organization","name":"&quot;Haxhi Zeka&quot; University\u201c","alternateName":"Universiteti Haxhi Zeka","url":"https:\/\/unhz.eu\/","logo":{"@type":"ImageObject","inLanguage":"en-US","@id":"https:\/\/unhz.eu\/#\/schema\/logo\/image\/","url":"https:\/\/unhz.eu\/wp-content\/uploads\/2025\/04\/logo-unhz.webp","contentUrl":"https:\/\/unhz.eu\/wp-content\/uploads\/2025\/04\/logo-unhz.webp","width":1024,"height":260,"caption":"Universiteti \u201cHaxhi Zeka\u201d"},"image":{"@id":"https:\/\/unhz.eu\/#\/schema\/logo\/image\/"},"sameAs":["https:\/\/www.facebook.com\/uni.haxhizeka","https:\/\/x.com\/uni_haxhizeka","https:\/\/www.linkedin.com\/school\/haxhi-zeka-university","https:\/\/www.instagram.com\/uni_haxhizeka\/"],"description":"&quot;Haxhi Zeka&quot; University in Peja is a public institution of higher education, offering bachelor&#039;s, master&#039;s and doctoral studies in various fields such as management, tourism, economics, agriculture, art and law. The university aims at academic development, scientific research and contribution to the community.","email":"info@unhz.eu","telephone":"+38339410970","legalName":"Universiteti \u201cHaxhi Zeka\u201d n\u00eb Pej\u00eb","foundingDate":"2011-11-14","numberOfEmployees":{"@type":"QuantitativeValue","minValue":"201","maxValue":"500"}}]}},"acf":[],"_links":{"self":[{"href":"https:\/\/unhz.eu\/en\/wp-json\/wp\/v2\/pages\/23876","targetHints":{"allow":["GET"]}}],"collection":[{"href":"https:\/\/unhz.eu\/en\/wp-json\/wp\/v2\/pages"}],"about":[{"href":"https:\/\/unhz.eu\/en\/wp-json\/wp\/v2\/types\/page"}],"author":[{"embeddable":true,"href":"https:\/\/unhz.eu\/en\/wp-json\/wp\/v2\/users\/1"}],"replies":[{"embeddable":true,"href":"https:\/\/unhz.eu\/en\/wp-json\/wp\/v2\/comments?post=23876"}],"version-history":[{"count":2,"href":"https:\/\/unhz.eu\/en\/wp-json\/wp\/v2\/pages\/23876\/revisions"}],"predecessor-version":[{"id":57063,"href":"https:\/\/unhz.eu\/en\/wp-json\/wp\/v2\/pages\/23876\/revisions\/57063"}],"wp:featuredmedia":[{"embeddable":true,"href":"https:\/\/unhz.eu\/en\/wp-json\/wp\/v2\/media\/50754"}],"wp:attachment":[{"href":"https:\/\/unhz.eu\/en\/wp-json\/wp\/v2\/media?parent=23876"}],"curies":[{"name":"wp","href":"https:\/\/api.w.org\/{rel}","templated":true}]}}