{"id":23643,"date":"2024-04-25T08:50:05","date_gmt":"2024-04-25T08:50:05","guid":{"rendered":"https:\/\/unhz.eu\/?page_id=23643"},"modified":"2025-07-29T10:21:59","modified_gmt":"2025-07-29T08:21:59","slug":"koordinatoret-per-sigurim-te-cilesise-dhe-vleresim","status":"publish","type":"page","link":"https:\/\/unhz.eu\/en\/koordinatoret-per-sigurim-te-cilesise-dhe-vleresim\/","title":{"rendered":"Quality Assurance and Evaluation Coordinators"},"content":{"rendered":"<div data-elementor-type=\"wp-page\" data-elementor-id=\"23643\" class=\"elementor elementor-23643\" data-elementor-post-type=\"page\">\n\t\t\t\t\t\t<section class=\"elementor-section elementor-top-section elementor-element elementor-element-c159ca8 elementor-section-boxed elementor-section-height-default elementor-section-height-default sc_fly_static\" data-id=\"c159ca8\" data-element_type=\"section\" data-e-type=\"section\">\n\t\t\t\t\t\t<div class=\"elementor-container elementor-column-gap-extended\">\n\t\t\t\t\t<div class=\"elementor-column elementor-col-100 elementor-top-column elementor-element elementor-element-c921bc8 sc_content_align_inherit sc_layouts_column_icons_position_left sc_fly_static\" data-id=\"c921bc8\" data-element_type=\"column\" data-e-type=\"column\">\n\t\t\t<div class=\"elementor-widget-wrap elementor-element-populated\">\n\t\t\t\t\t\t<div class=\"elementor-element elementor-element-69c883f sc_fly_static elementor-widget elementor-widget-trx_sc_title\" data-id=\"69c883f\" data-element_type=\"widget\" data-e-type=\"widget\" data-widget_type=\"trx_sc_title.default\">\n\t\t\t\t<div class=\"elementor-widget-container\">\n\t\t\t\t\t<div\t\tclass=\"sc_title sc_title_default\" ><span class=\"sc_item_subtitle sc_title_subtitle sc_item_subtitle_above sc_item_title_style_default\">About<\/span><h5 class=\"sc_item_title sc_title_title sc_item_title_style_default sc_item_title_tag\"\n\t\t\t><span class=\"sc_item_title_text\">Detyrave t\u00eb pun\u00ebs p\u00ebr KC<\/span><\/h5><\/div>\t\t\t\t<\/div>\n\t\t\t\t<\/div>\n\t\t\t\t<div class=\"elementor-element elementor-element-eaab1c6 sc_fly_static elementor-widget elementor-widget-spacer\" data-id=\"eaab1c6\" data-element_type=\"widget\" data-e-type=\"widget\" data-widget_type=\"spacer.default\">\n\t\t\t\t<div class=\"elementor-widget-container\">\n\t\t\t\t\t\t\t<div class=\"elementor-spacer\">\n\t\t\t<div class=\"elementor-spacer-inner\"><\/div>\n\t\t<\/div>\n\t\t\t\t\t\t<\/div>\n\t\t\t\t<\/div>\n\t\t\t\t<div class=\"elementor-element elementor-element-30f68bb sc_fly_static elementor-widget elementor-widget-text-editor\" data-id=\"30f68bb\" data-element_type=\"widget\" data-e-type=\"widget\" data-widget_type=\"text-editor.default\">\n\t\t\t\t<div class=\"elementor-widget-container\">\n\t\t\t\t\t\t\t\t\t<ul>\n<li>Implementojn\u00eb planin e aktiviteteve t\u00eb sigurimit t\u00eb cil\u00ebsis\u00eb;<\/li>\n<li>Mb\u00ebshtesin Zyr\u00ebn Qendrore t\u00eb Sigurimit t\u00eb Cil\u00ebsis\u00eb n\u00eb lidhje me gjitha aktivitetet dhe proceset e sigurimit t\u00eb cil\u00ebsis\u00eb;<\/li>\n<li>&nbsp;Mbledhin informacione p\u00ebr cil\u00ebsi dhe vler\u00ebsim nga t\u00eb gjith\u00eb akter\u00ebt e sistemit brenda nj\u00ebsis\u00eb akademike;<\/li>\n<li>&nbsp;Mb\u00ebshtesin KMCV-n\u00eb dhe Zyr\u00ebn p\u00ebr Sigurim t\u00eb Cil\u00ebsis\u00eb dhe Vler\u00ebsim n\u00eb organizimin e procesit t\u00eb vler\u00ebsimit t\u00eb brendsh\u00ebm sipas Rregullores dhe Manualit p\u00ebr Sigurim t\u00eb Cil\u00ebsis\u00eb, p\u00ebrmes pyet\u00ebsor\u00ebve dhe instrumenteve t\u00eb tjera t\u00eb parapara n\u00eb Manual;<\/li>\n<li>&nbsp;Mb\u00ebshtesin Zyr\u00ebn e Cil\u00ebsis\u00eb p\u00ebr shp\u00ebrndarjen e pyet\u00ebsor\u00ebve, mbledhjen, p\u00ebrpunimin dhe vler\u00ebsimin e t\u00eb dh\u00ebnave nga fushat e vler\u00ebsuara n\u00eb nj\u00ebsin\u00eb akademike;<\/li>\n<li>&nbsp;Ofrojn\u00eb mb\u00ebshtetje p\u00ebr Komsionet Ad Hoc n\u00eb procesin e vler\u00ebsimit t\u00eb ndryshimeve dhe plot\u00ebsimeve n\u00eb programet ekzistuese t\u00eb studimit t\u00eb nj\u00ebsis\u00eb akademike;<\/li>\n<li>Ofrojn\u00eb mb\u00ebshtetje administrative n\u00eb procedurat e vler\u00ebsimit t\u00eb brendsh\u00ebm t\u00eb sistemit t\u00eb sigurimit t\u00eb cil\u00ebsis\u00eb s\u00eb nj\u00ebsis\u00eb akademike;<\/li>\n<li>&nbsp;Mbledhin, p\u00ebrpunojn\u00eb dhe analizojn\u00eb t\u00eb dh\u00ebnat e nevojshme p\u00ebr p\u00ebrpilimin e raportit vjetor t\u00eb pun\u00ebs t\u00eb nj\u00ebsis\u00eb p\u00ebrkat\u00ebse akademike;<\/li>\n<li>&nbsp;Mb\u00ebshtesin Zyr\u00ebn Qendrore t\u00eb Cil\u00ebsis\u00eb si dhe KMCV-n\u00eb p\u00ebr procesin e Ri\/Akreditimit t\u00eb programeve t\u00eb studimit t\u00eb nj\u00ebsis\u00eb p\u00ebrkat\u00ebse akademike<\/li>\n<li>&nbsp;T\u00eb gjitha k\u00ebto aktivitete i b\u00ebn n\u00eb koordinim edhe me Dekanin e nj\u00ebsis\u00eb akademike.<\/li>\n<\/ul>\t\t\t\t\t\t\t\t<\/div>\n\t\t\t\t<\/div>\n\t\t\t\t<div class=\"elementor-element elementor-element-61b9b8d sc_fly_static elementor-widget elementor-widget-spacer\" data-id=\"61b9b8d\" data-element_type=\"widget\" data-e-type=\"widget\" data-widget_type=\"spacer.default\">\n\t\t\t\t<div class=\"elementor-widget-container\">\n\t\t\t\t\t\t\t<div class=\"elementor-spacer\">\n\t\t\t<div class=\"elementor-spacer-inner\"><\/div>\n\t\t<\/div>\n\t\t\t\t\t\t<\/div>\n\t\t\t\t<\/div>\n\t\t\t\t\t<\/div>\n\t\t<\/div>\n\t\t\t\t\t<\/div>\n\t\t<\/section>\n\t\t\t\t<section class=\"elementor-section elementor-top-section elementor-element elementor-element-ce3e580 elementor-section-boxed elementor-section-height-default elementor-section-height-default sc_fly_static\" data-id=\"ce3e580\" data-element_type=\"section\" data-e-type=\"section\">\n\t\t\t\t\t\t<div class=\"elementor-container elementor-column-gap-extended\">\n\t\t\t\t\t<div class=\"elementor-column elementor-col-100 elementor-top-column elementor-element elementor-element-c6566d4 sc_content_align_inherit sc_layouts_column_icons_position_left sc_fly_static\" data-id=\"c6566d4\" data-element_type=\"column\" data-e-type=\"column\">\n\t\t\t<div class=\"elementor-widget-wrap elementor-element-populated\">\n\t\t\t\t\t\t<div class=\"elementor-element elementor-element-c97742d sc_fly_static elementor-widget elementor-widget-trx_sc_title\" data-id=\"c97742d\" data-element_type=\"widget\" data-e-type=\"widget\" data-widget_type=\"trx_sc_title.default\">\n\t\t\t\t<div class=\"elementor-widget-container\">\n\t\t\t\t\t<div\t\tclass=\"sc_title sc_title_default\" ><span class=\"sc_item_subtitle sc_title_subtitle sc_item_subtitle_above sc_item_title_style_default\">About<\/span><h5 class=\"sc_item_title sc_title_title sc_item_title_style_default sc_item_title_tag\"\n\t\t\t><span class=\"sc_item_title_text\">Koordinator\u00ebve<\/span><\/h5><\/div>\t\t\t\t<\/div>\n\t\t\t\t<\/div>\n\t\t\t\t<div class=\"elementor-element elementor-element-dd1eee6 sc_fly_static elementor-widget elementor-widget-spacer\" data-id=\"dd1eee6\" data-element_type=\"widget\" data-e-type=\"widget\" data-widget_type=\"spacer.default\">\n\t\t\t\t<div class=\"elementor-widget-container\">\n\t\t\t\t\t\t\t<div class=\"elementor-spacer\">\n\t\t\t<div class=\"elementor-spacer-inner\"><\/div>\n\t\t<\/div>\n\t\t\t\t\t\t<\/div>\n\t\t\t\t<\/div>\n\t\t\t\t<div class=\"elementor-element elementor-element-6b9cc95 sc_fly_static elementor-widget elementor-widget-text-editor\" data-id=\"6b9cc95\" data-element_type=\"widget\" data-e-type=\"widget\" data-widget_type=\"text-editor.default\">\n\t\t\t\t<div class=\"elementor-widget-container\">\n\t\t\t\t\t\t\t\t\t<div>Fakulteti i Biznesit:<\/div><div>Koordinator: Prof. Ass. Dr. Donjeta Morina<\/div><div>Zyrtar: Agron Halitaj<\/div><div>\u00a0<\/div><div>Fakulteti MTHM:<\/div><div>Koordinator: Prof. Ass. Dr. Osman Sejfijaj<\/div><div>Zyrtar: Armend Fetahaj<\/div><div>\u00a0<\/div><div>Fakulteti Juridik:<\/div><div>Koordinator: Prof. Asoc. Dr. Gani Asllani<\/div><div>Zyrtar: Albana Belegu<\/div><div>\u00a0<\/div><div>Fakulteti i Agrobiznesit:<\/div><div>Koordinator: Prof. Asoc. Dr. Arsim Elshani<\/div><div>Zyrtar: Florjana Zogaj<\/div><div>\u00a0<\/div><div>Fakulteti i Arteve:<\/div><div>Koordinator: Prof. Ass. Mr. Adelina Paloja<\/div><div>Zyrtar: Kushtrim Agaj<\/div>\t\t\t\t\t\t\t\t<\/div>\n\t\t\t\t<\/div>\n\t\t\t\t\t<\/div>\n\t\t<\/div>\n\t\t\t\t\t<\/div>\n\t\t<\/section>\n\t\t\t\t<\/div>","protected":false},"excerpt":{"rendered":"<p>Rreth Detyrave t\u00eb pun\u00ebs p\u00ebr KC Implementojn\u00eb planin e aktiviteteve t\u00eb sigurimit t\u00eb cil\u00ebsis\u00eb; Mb\u00ebshtesin&hellip;<\/p>","protected":false},"author":1,"featured_media":50754,"parent":0,"menu_order":0,"comment_status":"closed","ping_status":"closed","template":"","meta":{"_acf_changed":false,"footnotes":""},"class_list":["post-23643","page","type-page","status-publish","has-post-thumbnail","hentry"],"yoast_head":"<!-- This site is optimized with the Yoast SEO Premium plugin v27.2 (Yoast SEO v27.2) - https:\/\/yoast.com\/product\/yoast-seo-premium-wordpress\/ -->\n<title>Koordinator\u00ebt p\u00ebr Sigurim t\u00eb Cil\u00ebsis\u00eb dhe Vler\u00ebsim - University Haxhi Zeka<\/title>\n<meta name=\"description\" content=\"Koordinator\u00ebt p\u00ebr Sigurim t\u00eb Cil\u00ebsis\u00eb dhe Vler\u00ebsim n\u00eb UHZ mb\u00ebshtesin implementimin e aktiviteteve p\u00ebr sigurimin e cil\u00ebsis\u00eb.\" \/>\n<meta name=\"robots\" content=\"index, follow, max-snippet:-1, max-image-preview:large, max-video-preview:-1\" \/>\n<link rel=\"canonical\" href=\"https:\/\/unhz.eu\/en\/koordinatoret-per-sigurim-te-cilesise-dhe-vleresim\/\" \/>\n<meta property=\"og:locale\" content=\"en_US\" \/>\n<meta property=\"og:type\" content=\"article\" \/>\n<meta property=\"og:title\" content=\"Koordinator\u00ebt p\u00ebr Sigurim t\u00eb Cil\u00ebsis\u00eb dhe Vler\u00ebsim\" \/>\n<meta property=\"og:description\" content=\"Koordinator\u00ebt p\u00ebr Sigurim t\u00eb Cil\u00ebsis\u00eb dhe Vler\u00ebsim n\u00eb UHZ mb\u00ebshtesin implementimin e aktiviteteve p\u00ebr sigurimin e cil\u00ebsis\u00eb.\" \/>\n<meta property=\"og:url\" content=\"https:\/\/unhz.eu\/en\/koordinatoret-per-sigurim-te-cilesise-dhe-vleresim\/\" \/>\n<meta property=\"og:site_name\" content=\"University Haxhi Zeka\" \/>\n<meta property=\"article:publisher\" content=\"https:\/\/www.facebook.com\/uni.haxhizeka\" \/>\n<meta property=\"article:modified_time\" content=\"2025-07-29T08:21:59+00:00\" \/>\n<meta property=\"og:image\" content=\"https:\/\/unhz.eu\/wp-content\/uploads\/2025\/04\/Dizajn-me-logo-te-UHZ.webp\" \/>\n\t<meta property=\"og:image:width\" content=\"1000\" \/>\n\t<meta property=\"og:image:height\" content=\"1000\" \/>\n\t<meta property=\"og:image:type\" content=\"image\/webp\" \/>\n<meta name=\"twitter:card\" content=\"summary_large_image\" \/>\n<meta name=\"twitter:site\" content=\"@uni_haxhizeka\" \/>\n<meta name=\"twitter:label1\" content=\"Est. reading time\" \/>\n\t<meta name=\"twitter:data1\" content=\"2 minutes\" \/>\n<script type=\"application\/ld+json\" class=\"yoast-schema-graph\">{\"@context\":\"https:\/\/schema.org\",\"@graph\":[{\"@type\":\"WebPage\",\"@id\":\"https:\/\/unhz.eu\/koordinatoret-per-sigurim-te-cilesise-dhe-vleresim\/\",\"url\":\"https:\/\/unhz.eu\/koordinatoret-per-sigurim-te-cilesise-dhe-vleresim\/\",\"name\":\"Koordinator\u00ebt p\u00ebr Sigurim t\u00eb Cil\u00ebsis\u00eb dhe Vler\u00ebsim - University Haxhi Zeka\",\"isPartOf\":{\"@id\":\"https:\/\/unhz.eu\/#website\"},\"primaryImageOfPage\":{\"@id\":\"https:\/\/unhz.eu\/koordinatoret-per-sigurim-te-cilesise-dhe-vleresim\/#primaryimage\"},\"image\":{\"@id\":\"https:\/\/unhz.eu\/koordinatoret-per-sigurim-te-cilesise-dhe-vleresim\/#primaryimage\"},\"thumbnailUrl\":\"https:\/\/unhz.eu\/wp-content\/uploads\/2025\/04\/Dizajn-me-logo-te-UHZ.webp\",\"datePublished\":\"2024-04-25T08:50:05+00:00\",\"dateModified\":\"2025-07-29T08:21:59+00:00\",\"description\":\"Koordinator\u00ebt p\u00ebr Sigurim t\u00eb Cil\u00ebsis\u00eb dhe Vler\u00ebsim n\u00eb UHZ mb\u00ebshtesin implementimin e aktiviteteve p\u00ebr sigurimin e cil\u00ebsis\u00eb.\",\"breadcrumb\":{\"@id\":\"https:\/\/unhz.eu\/koordinatoret-per-sigurim-te-cilesise-dhe-vleresim\/#breadcrumb\"},\"inLanguage\":\"en-US\",\"potentialAction\":[{\"@type\":\"ReadAction\",\"target\":[\"https:\/\/unhz.eu\/koordinatoret-per-sigurim-te-cilesise-dhe-vleresim\/\"]}]},{\"@type\":\"ImageObject\",\"inLanguage\":\"en-US\",\"@id\":\"https:\/\/unhz.eu\/koordinatoret-per-sigurim-te-cilesise-dhe-vleresim\/#primaryimage\",\"url\":\"https:\/\/unhz.eu\/wp-content\/uploads\/2025\/04\/Dizajn-me-logo-te-UHZ.webp\",\"contentUrl\":\"https:\/\/unhz.eu\/wp-content\/uploads\/2025\/04\/Dizajn-me-logo-te-UHZ.webp\",\"width\":1000,\"height\":1000,\"caption\":\"Universiteti Haxhi Zeka, UHZ logo me background te kuq\"},{\"@type\":\"BreadcrumbList\",\"@id\":\"https:\/\/unhz.eu\/koordinatoret-per-sigurim-te-cilesise-dhe-vleresim\/#breadcrumb\",\"itemListElement\":[{\"@type\":\"ListItem\",\"position\":1,\"name\":\"Home\",\"item\":\"https:\/\/unhz.eu\/\"},{\"@type\":\"ListItem\",\"position\":2,\"name\":\"Koordinator\u00ebt p\u00ebr Sigurim t\u00eb Cil\u00ebsis\u00eb dhe Vler\u00ebsim\"}]},{\"@type\":\"WebSite\",\"@id\":\"https:\/\/unhz.eu\/#website\",\"url\":\"https:\/\/unhz.eu\/\",\"name\":\"Universiteti \u201cHaxhi Zeka\u201d\",\"description\":\"I dedikuar p\u00ebr cil\u00ebsi, standarde dhe suksese\",\"publisher\":{\"@id\":\"https:\/\/unhz.eu\/#organization\"},\"alternateName\":\"Universiteti Haxhi Zeka\",\"potentialAction\":[{\"@type\":\"SearchAction\",\"target\":{\"@type\":\"EntryPoint\",\"urlTemplate\":\"https:\/\/unhz.eu\/?s={search_term_string}\"},\"query-input\":{\"@type\":\"PropertyValueSpecification\",\"valueRequired\":true,\"valueName\":\"search_term_string\"}}],\"inLanguage\":\"en-US\"},{\"@type\":\"Organization\",\"@id\":\"https:\/\/unhz.eu\/#organization\",\"name\":\"Universiteti \u201cHaxhi Zeka\u201d\",\"alternateName\":\"Universiteti Haxhi Zeka\",\"url\":\"https:\/\/unhz.eu\/\",\"logo\":{\"@type\":\"ImageObject\",\"inLanguage\":\"en-US\",\"@id\":\"https:\/\/unhz.eu\/#\/schema\/logo\/image\/\",\"url\":\"https:\/\/unhz.eu\/wp-content\/uploads\/2025\/04\/logo-unhz.webp\",\"contentUrl\":\"https:\/\/unhz.eu\/wp-content\/uploads\/2025\/04\/logo-unhz.webp\",\"width\":1024,\"height\":260,\"caption\":\"Universiteti \u201cHaxhi Zeka\u201d\"},\"image\":{\"@id\":\"https:\/\/unhz.eu\/#\/schema\/logo\/image\/\"},\"sameAs\":[\"https:\/\/www.facebook.com\/uni.haxhizeka\",\"https:\/\/x.com\/uni_haxhizeka\",\"https:\/\/www.linkedin.com\/school\/haxhi-zeka-university\",\"https:\/\/www.instagram.com\/uni_haxhizeka\/\"],\"description\":\"Universiteti \u201cHaxhi Zeka\u201d n\u00eb Pej\u00eb \u00ebsht\u00eb institucion publik i arsimit t\u00eb lart\u00eb, q\u00eb ofron studime bachelor, master dhe doktorat\u00eb n\u00eb fusha t\u00eb ndryshme si menaxhimi, turizmi, ekonomia, bujq\u00ebsia, arti dhe drejt\u00ebsia. Universiteti synon zhvillimin akademik, hulumtimin shkencor dhe kontributin n\u00eb komunitet.\",\"email\":\"info@unhz.eu\",\"telephone\":\"+38339410970\",\"legalName\":\"Universiteti \u201cHaxhi Zeka\u201d n\u00eb Pej\u00eb\",\"foundingDate\":\"2011-11-14\",\"numberOfEmployees\":{\"@type\":\"QuantitativeValue\",\"minValue\":\"201\",\"maxValue\":\"500\"}}]}<\/script>\n<!-- \/ Yoast SEO Premium plugin. -->","yoast_head_json":{"title":"Koordinator\u00ebt p\u00ebr Sigurim t\u00eb Cil\u00ebsis\u00eb dhe Vler\u00ebsim - University Haxhi Zeka","description":"Koordinator\u00ebt p\u00ebr Sigurim t\u00eb Cil\u00ebsis\u00eb dhe Vler\u00ebsim n\u00eb UHZ mb\u00ebshtesin implementimin e aktiviteteve p\u00ebr sigurimin e cil\u00ebsis\u00eb.","robots":{"index":"index","follow":"follow","max-snippet":"max-snippet:-1","max-image-preview":"max-image-preview:large","max-video-preview":"max-video-preview:-1"},"canonical":"https:\/\/unhz.eu\/en\/koordinatoret-per-sigurim-te-cilesise-dhe-vleresim\/","og_locale":"en_US","og_type":"article","og_title":"Koordinator\u00ebt p\u00ebr Sigurim t\u00eb Cil\u00ebsis\u00eb dhe Vler\u00ebsim","og_description":"Koordinator\u00ebt p\u00ebr Sigurim t\u00eb Cil\u00ebsis\u00eb dhe Vler\u00ebsim n\u00eb UHZ mb\u00ebshtesin implementimin e aktiviteteve p\u00ebr sigurimin e cil\u00ebsis\u00eb.","og_url":"https:\/\/unhz.eu\/en\/koordinatoret-per-sigurim-te-cilesise-dhe-vleresim\/","og_site_name":"University Haxhi Zeka","article_publisher":"https:\/\/www.facebook.com\/uni.haxhizeka","article_modified_time":"2025-07-29T08:21:59+00:00","og_image":[{"width":1000,"height":1000,"url":"https:\/\/unhz.eu\/wp-content\/uploads\/2025\/04\/Dizajn-me-logo-te-UHZ.webp","type":"image\/webp"}],"twitter_card":"summary_large_image","twitter_site":"@uni_haxhizeka","twitter_misc":{"Est. reading time":"2 minutes"},"schema":{"@context":"https:\/\/schema.org","@graph":[{"@type":"WebPage","@id":"https:\/\/unhz.eu\/koordinatoret-per-sigurim-te-cilesise-dhe-vleresim\/","url":"https:\/\/unhz.eu\/koordinatoret-per-sigurim-te-cilesise-dhe-vleresim\/","name":"Koordinator\u00ebt p\u00ebr Sigurim t\u00eb Cil\u00ebsis\u00eb dhe Vler\u00ebsim - University Haxhi Zeka","isPartOf":{"@id":"https:\/\/unhz.eu\/#website"},"primaryImageOfPage":{"@id":"https:\/\/unhz.eu\/koordinatoret-per-sigurim-te-cilesise-dhe-vleresim\/#primaryimage"},"image":{"@id":"https:\/\/unhz.eu\/koordinatoret-per-sigurim-te-cilesise-dhe-vleresim\/#primaryimage"},"thumbnailUrl":"https:\/\/unhz.eu\/wp-content\/uploads\/2025\/04\/Dizajn-me-logo-te-UHZ.webp","datePublished":"2024-04-25T08:50:05+00:00","dateModified":"2025-07-29T08:21:59+00:00","description":"Koordinator\u00ebt p\u00ebr Sigurim t\u00eb Cil\u00ebsis\u00eb dhe Vler\u00ebsim n\u00eb UHZ mb\u00ebshtesin implementimin e aktiviteteve p\u00ebr sigurimin e cil\u00ebsis\u00eb.","breadcrumb":{"@id":"https:\/\/unhz.eu\/koordinatoret-per-sigurim-te-cilesise-dhe-vleresim\/#breadcrumb"},"inLanguage":"en-US","potentialAction":[{"@type":"ReadAction","target":["https:\/\/unhz.eu\/koordinatoret-per-sigurim-te-cilesise-dhe-vleresim\/"]}]},{"@type":"ImageObject","inLanguage":"en-US","@id":"https:\/\/unhz.eu\/koordinatoret-per-sigurim-te-cilesise-dhe-vleresim\/#primaryimage","url":"https:\/\/unhz.eu\/wp-content\/uploads\/2025\/04\/Dizajn-me-logo-te-UHZ.webp","contentUrl":"https:\/\/unhz.eu\/wp-content\/uploads\/2025\/04\/Dizajn-me-logo-te-UHZ.webp","width":1000,"height":1000,"caption":"Universiteti Haxhi Zeka, UHZ logo me background te kuq"},{"@type":"BreadcrumbList","@id":"https:\/\/unhz.eu\/koordinatoret-per-sigurim-te-cilesise-dhe-vleresim\/#breadcrumb","itemListElement":[{"@type":"ListItem","position":1,"name":"Home","item":"https:\/\/unhz.eu\/"},{"@type":"ListItem","position":2,"name":"Koordinator\u00ebt p\u00ebr Sigurim t\u00eb Cil\u00ebsis\u00eb dhe Vler\u00ebsim"}]},{"@type":"WebSite","@id":"https:\/\/unhz.eu\/#website","url":"https:\/\/unhz.eu\/","name":"&quot;Haxhi Zeka&quot; University\u201c","description":"Dedicated to quality, standards and success","publisher":{"@id":"https:\/\/unhz.eu\/#organization"},"alternateName":"Universiteti Haxhi Zeka","potentialAction":[{"@type":"SearchAction","target":{"@type":"EntryPoint","urlTemplate":"https:\/\/unhz.eu\/?s={search_term_string}"},"query-input":{"@type":"PropertyValueSpecification","valueRequired":true,"valueName":"search_term_string"}}],"inLanguage":"en-US"},{"@type":"Organization","@id":"https:\/\/unhz.eu\/#organization","name":"&quot;Haxhi Zeka&quot; University\u201c","alternateName":"Universiteti Haxhi Zeka","url":"https:\/\/unhz.eu\/","logo":{"@type":"ImageObject","inLanguage":"en-US","@id":"https:\/\/unhz.eu\/#\/schema\/logo\/image\/","url":"https:\/\/unhz.eu\/wp-content\/uploads\/2025\/04\/logo-unhz.webp","contentUrl":"https:\/\/unhz.eu\/wp-content\/uploads\/2025\/04\/logo-unhz.webp","width":1024,"height":260,"caption":"Universiteti \u201cHaxhi Zeka\u201d"},"image":{"@id":"https:\/\/unhz.eu\/#\/schema\/logo\/image\/"},"sameAs":["https:\/\/www.facebook.com\/uni.haxhizeka","https:\/\/x.com\/uni_haxhizeka","https:\/\/www.linkedin.com\/school\/haxhi-zeka-university","https:\/\/www.instagram.com\/uni_haxhizeka\/"],"description":"&quot;Haxhi Zeka&quot; University in Peja is a public institution of higher education, offering bachelor&#039;s, master&#039;s and doctoral studies in various fields such as management, tourism, economics, agriculture, art and law. The university aims at academic development, scientific research and contribution to the community.","email":"info@unhz.eu","telephone":"+38339410970","legalName":"Universiteti \u201cHaxhi Zeka\u201d n\u00eb Pej\u00eb","foundingDate":"2011-11-14","numberOfEmployees":{"@type":"QuantitativeValue","minValue":"201","maxValue":"500"}}]}},"acf":[],"_links":{"self":[{"href":"https:\/\/unhz.eu\/en\/wp-json\/wp\/v2\/pages\/23643","targetHints":{"allow":["GET"]}}],"collection":[{"href":"https:\/\/unhz.eu\/en\/wp-json\/wp\/v2\/pages"}],"about":[{"href":"https:\/\/unhz.eu\/en\/wp-json\/wp\/v2\/types\/page"}],"author":[{"embeddable":true,"href":"https:\/\/unhz.eu\/en\/wp-json\/wp\/v2\/users\/1"}],"replies":[{"embeddable":true,"href":"https:\/\/unhz.eu\/en\/wp-json\/wp\/v2\/comments?post=23643"}],"version-history":[{"count":2,"href":"https:\/\/unhz.eu\/en\/wp-json\/wp\/v2\/pages\/23643\/revisions"}],"predecessor-version":[{"id":57057,"href":"https:\/\/unhz.eu\/en\/wp-json\/wp\/v2\/pages\/23643\/revisions\/57057"}],"wp:featuredmedia":[{"embeddable":true,"href":"https:\/\/unhz.eu\/en\/wp-json\/wp\/v2\/media\/50754"}],"wp:attachment":[{"href":"https:\/\/unhz.eu\/en\/wp-json\/wp\/v2\/media?parent=23643"}],"curies":[{"name":"wp","href":"https:\/\/api.w.org\/{rel}","templated":true}]}}