{"id":23629,"date":"2024-04-25T08:34:15","date_gmt":"2024-04-25T08:34:15","guid":{"rendered":"https:\/\/unhz.eu\/?page_id=23629"},"modified":"2026-02-18T12:08:32","modified_gmt":"2026-02-18T10:08:32","slug":"raportet-e-vleresimit","status":"publish","type":"page","link":"https:\/\/unhz.eu\/en\/raportet-e-vleresimit\/","title":{"rendered":"Evaluation Reports"},"content":{"rendered":"<div data-elementor-type=\"wp-page\" data-elementor-id=\"23629\" class=\"elementor elementor-23629\" data-elementor-post-type=\"page\">\n\t\t\t\t\t\t<section class=\"elementor-section elementor-top-section elementor-element elementor-element-29d70eb elementor-section-boxed elementor-section-height-default elementor-section-height-default sc_fly_static\" data-id=\"29d70eb\" data-element_type=\"section\" data-e-type=\"section\">\n\t\t\t\t\t\t<div class=\"elementor-container elementor-column-gap-extended\">\n\t\t\t\t\t<div class=\"elementor-column elementor-col-100 elementor-top-column elementor-element elementor-element-0471a85 sc_content_align_inherit sc_layouts_column_icons_position_left sc_fly_static\" data-id=\"0471a85\" data-element_type=\"column\" data-e-type=\"column\">\n\t\t\t<div class=\"elementor-widget-wrap elementor-element-populated\">\n\t\t\t\t\t\t<div class=\"elementor-element elementor-element-9927a0d sc_fly_static elementor-widget elementor-widget-trx_sc_title\" data-id=\"9927a0d\" data-element_type=\"widget\" data-e-type=\"widget\" data-widget_type=\"trx_sc_title.default\">\n\t\t\t\t<div class=\"elementor-widget-container\">\n\t\t\t\t\t<div\t\tclass=\"sc_title sc_title_default\" ><span class=\"sc_item_subtitle sc_title_subtitle sc_item_subtitle_above sc_item_title_style_default\">About<\/span><h4 class=\"sc_item_title sc_title_title sc_item_title_style_default sc_item_title_tag\"\n\t\t\t><span class=\"sc_item_title_text\">RAPORTEVE  TE VLER\u00cbSIMIT<\/span><\/h4><\/div>\t\t\t\t<\/div>\n\t\t\t\t<\/div>\n\t\t\t\t<div class=\"elementor-element elementor-element-1704657 sc_fly_static elementor-widget elementor-widget-spacer\" data-id=\"1704657\" data-element_type=\"widget\" data-e-type=\"widget\" data-widget_type=\"spacer.default\">\n\t\t\t\t<div class=\"elementor-widget-container\">\n\t\t\t\t\t\t\t<div class=\"elementor-spacer\">\n\t\t\t<div class=\"elementor-spacer-inner\"><\/div>\n\t\t<\/div>\n\t\t\t\t\t\t<\/div>\n\t\t\t\t<\/div>\n\t\t\t\t<div class=\"elementor-element elementor-element-0a2a97e sc_fly_static elementor-widget elementor-widget-text-editor\" data-id=\"0a2a97e\" data-element_type=\"widget\" data-e-type=\"widget\" data-widget_type=\"text-editor.default\">\n\t\t\t\t<div class=\"elementor-widget-container\">\n\t\t\t\t\t\t\t\t\t<div class=\"mtr-cell-content\"><p><strong>Description<\/strong><\/p><\/div><div class=\"mtr-cell-content\"><p><strong>Gjuh\u00eb shqipe<\/strong><\/p><\/div><div class=\"mtr-cell-content\"><p><strong>Gjuh\u00eb angleze<\/strong><\/p><p><a href=\"https:\/\/unhz.eu\/wp-content\/uploads\/2025\/12\/Raport-permbledhes-me-rezultate-te-vleresimit-nga-pyetesori-Per-Administrate-2024-2025.pdf\">Raport p\u00ebrmbledh\u00ebs me rezultate t\u00eb vler\u00ebsimit nga pyet\u00ebsori &#8221;P\u00ebr Administrat\u00eb&#8221;, 2024-2025<\/a><\/p><p><a href=\"https:\/\/unhz.eu\/wp-content\/uploads\/2025\/12\/Raporti-permbledhes-i-vleresimit-nga-pyetesori-Vetevleresimi-i-Stafit-Akademik-viti-akademik-2024-2025.pdf\">Raporti p\u00ebrmbledh\u00ebs i vler\u00ebsimit nga pyet\u00ebsori &#8221;Vet\u00ebvler\u00ebsimi i Stafit Akademik&#8221;, viti akademik 2024-2025<\/a><\/p><p><a href=\"https:\/\/unhz.eu\/wp-content\/uploads\/2025\/12\/Raport-permbledhes-i-rezultateve-te-vleresimit-nga-pyetesori-Studenti-Administraten-semestri-veror-2024-25.pdf\">Raport p\u00ebrmbledh\u00ebs i rezultateve t\u00eb vler\u00ebsimit nga pyet\u00ebsori &#8221;Studenti Administrat\u00ebn&#8221;, semestri veror 2024-25<\/a><\/p><\/div><p><a href=\"https:\/\/unhz.eu\/wp-content\/uploads\/2025\/12\/Raport-permbledhes-i-rezultateve-te-vleresimit-nga-pyetesori-Studenti-Mesimdhenisin-semestri-veror-2024-25.pdf\">Raport p\u00ebrmbledh\u00ebs i rezultateve t\u00eb vler\u00ebsimit nga pyet\u00ebsori &#8221;Studenti M\u00ebsimdh\u00ebnisin&#8221;, semestri veror 2024-25<\/a><\/p><p><a href=\"https:\/\/unhz.eu\/wp-content\/uploads\/2025\/12\/Raport-permbledhes-i-vleresimit-ad-hoc-te-UNISUM-2025.pdf\">Raport p\u00ebrmbledh\u00ebs i vler\u00ebsimit ad-hoc t\u00eb UNISUM, 2025<\/a><\/p><p><a href=\"https:\/\/unhz.eu\/wp-content\/uploads\/2025\/12\/Raporti-permbledhes-i-vleresimit-Kolegu-Kolegun-ne-nivel-universiteti-viti-akademik-2024-2025.pdf\">Raporti p\u00ebrmbledh\u00ebs i vleresimit &#8221;Kolegu &#8211; Kolegun&#8221;, n\u00eb nivel universiteti, viti akademik 2024-2025<\/a><\/p><p><a href=\"https:\/\/unhz.eu\/wp-content\/uploads\/2025\/12\/Raporti-permbledhes-i-vleresimit-nga-pyetesori-Dekani-Mesimdhenesin-viti-akademik-2024-2025.pdf\">Raporti p\u00ebrmbledh\u00ebs i vleresimit nga pyet\u00ebsori &#8221;Dekani &#8211; Mesimdhenesin&#8221;, viti akademik 2024-2025<\/a><\/p><div class=\"mtr-cell-content\"><p><a href=\"https:\/\/unhz.eu\/wp-content\/uploads\/2025\/05\/Raport-permbledhes-i-rezultateve-te-vleresimit-nga-pyetesori-Studenti-Administraten-semestri-dimeror-2024-25.pdf\"><strong>Raport p\u00ebrmbledh\u00ebs i rezultateve t\u00eb vler\u00ebsimit nga pyet\u00ebsori &#8221;Studenti Administrat\u00ebn&#8221;, semestri dim\u00ebror 2024-25<\/strong><\/a><\/p><p><a href=\"https:\/\/unhz.eu\/wp-content\/uploads\/2025\/05\/Raport-permbledhes-i-rezultateve-te-vleresimit-nga-pyetesori-Studenti-Mesimdhenisin-semestri-dimeror-2024-25.pdf\">Raport p\u00ebrmbledh\u00ebs i rezultateve t\u00eb vler\u00ebsimit nga pyet\u00ebsori &#8221;Studenti M\u00ebsimdh\u00ebnisin&#8221;, semestri dim\u00ebror 2024-25<\/a><\/p><p><a href=\"https:\/\/unhz.eu\/wp-content\/uploads\/2026\/02\/Raport-permbledhes-i-rezultateve-te-vleresimit-nga-pyetesori-Studenti-Mesimdhenisin-semestri-dimeror-2024-25.pdf\">Raport p\u00ebrmbledh\u00ebs i rezultateve t\u00eb vler\u00ebsimit nga pyet\u00ebsori &#8221;Studenti M\u00ebsimdh\u00ebnisin&#8221;, semestri dim\u00ebror 2024-25<\/a><\/p><p><a href=\"https:\/\/unhz.eu\/wp-content\/uploads\/2026\/02\/Raport-permbledhes-i-rezultateve-te-vleresimit-nga-pyetesori-Studenti-Administraten-semestri-dimeror-2024-25.pdf\">Raport p\u00ebrmbledh\u00ebs i rezultateve t\u00eb vler\u00ebsimit nga pyet\u00ebsori &#8221;Studenti Administrat\u00ebn&#8221;, semestri dim\u00ebror 2024-25<\/a><\/p><p><a href=\"https:\/\/unhz.eu\/wp-content\/uploads\/2026\/02\/Raport-permbledhes-i-rezultateve-te-vleresimit-Studenti-Administraten-semestri-dimeror-2023-24.pdf\">Raport p\u00ebrmbledh\u00ebs i rezultateve t\u00eb vler\u00ebsimit &#8221;Studenti &#8211; Administrat\u00ebn&#8221;, semestri dim\u00ebror 2023-24<\/a><\/p><p><a href=\"https:\/\/unhz.eu\/wp-content\/uploads\/2026\/02\/Raport-me-rezultatet-te-vleresimit-nga-pyetesori-studenti-mesimdhenesin-semsestri-dimeror.-2023-24.pdf\">Raport me rezultatet t\u00eb vler\u00ebsimit nga pyet\u00ebsori &#8221;studenti mesimdhenesin&#8221;, semsestri dim\u00ebror. 2023-24<\/a><\/p><p><a href=\"https:\/\/unhz.eu\/wp-content\/uploads\/2026\/02\/Raporti-me-rezultate-te-vleresimit-nga-pyetesori-Administrate-2023-2024.pdf\">Raporti me rezultate t\u00eb vler\u00ebsimit nga pyet\u00ebsori Administrat\u00eb, 2023-2024<\/a><\/p><p><a href=\"https:\/\/unhz.eu\/wp-content\/uploads\/2026\/02\/Raport-me-rezultatet-te-vleresimit-nga-pyetesori-Studenti-Mesimdhenesin-semsestri-veror-2023-24.pdf\">Raport me rezultatet t\u00eb vler\u00ebsimit nga pyet\u00ebsori &#8221;Studenti M\u00ebsimdh\u00ebn\u00ebsin&#8221;, semsestri veror, 2023-24<\/a><\/p><\/div><div class=\"mtr-cell-content\"><p>Raport statistikor, nga rezultatet e vler\u00ebsimit, t\u00eb semestrit veror 2020-2021<\/p><\/div><div class=\"mtr-cell-content\"><p><a href=\"https:\/\/drive.google.com\/file\/d\/1gBAYcxx5BLOHhjh1M8BZ1Csp6iix2tbC\/view?usp=sharing\">Download<\/a><\/p><\/div><div class=\"mtr-cell-content\"><p><a href=\"https:\/\/drive.google.com\/file\/d\/1imd-o9OTGEtfZuANC2OmLZlgP4-Uzp9e\/view?usp=sharing\">Download<\/a><\/p><\/div><div class=\"mtr-cell-content\"><p>Raporti i rezultateve t\u00eb vler\u00ebsimit,- Janar 2020<\/p><\/div><div class=\"mtr-cell-content\"><p><a href=\"https:\/\/drive.google.com\/file\/d\/1NehVc4gBg1giuD6DWNcdImMtV_v54_6z\/view?usp=sharing\">Download<\/a><\/p><\/div><div class=\"mtr-cell-content\"><p><a href=\"https:\/\/drive.google.com\/file\/d\/1rlrDJvt4jg7Sd5Y0twICN1YFZX4V1Vfe\/view?usp=sharing\">Download<\/a><\/p><\/div><div class=\"mtr-cell-content\"><p>Raport i hulumtimit p\u00ebr p\u00ebrfshirjen e stafit akademik t\u00eb UHZ-s\u00eb n\u00eb m\u00ebsimin n\u00eb distanc\u00eb (Online)<\/p><\/div><div class=\"mtr-cell-content\"><p><a href=\"https:\/\/drive.google.com\/file\/d\/1ExsmTIirv-20nV3LIZzpW6Tumk_MMFQp\/view?usp=sharing\">Download<\/a><\/p><\/div><div class=\"mtr-cell-content\"><p><a href=\"https:\/\/drive.google.com\/file\/d\/1SS6OKJoJ11NXq-kcuLwCY7lVZzY6Xzyu\/view?usp=sharing\">Download<\/a><\/p><\/div><div class=\"mtr-cell-content\"><p>Raport i hulumtimit p\u00ebr p\u00ebrfshirjen e student\u00ebve t\u00eb UHZ-s\u00eb n\u00eb m\u00ebsimin n\u00eb distanc\u00eb (Online)<\/p><\/div><div class=\"mtr-cell-content\"><p><a href=\"https:\/\/drive.google.com\/file\/d\/16nlLhaGszXXOlPIhTlpPB62pMPxsU0Yi\/view?usp=sharing\">Download<\/a><\/p><\/div><div class=\"mtr-cell-content\"><p><a href=\"https:\/\/drive.google.com\/file\/d\/1xbXQDfjAOrr9AI9BkGbR3clgOfnZV7cK\/view?usp=sharing\">Download<\/a><\/p><\/div><div class=\"mtr-cell-content\"><p>Raporti i rezultateve t\u00eb vler\u00ebsimit, nga pyet\u00ebsor\u00ebt Studenti M\u00ebsimdh\u00ebn\u00ebsin dhe Studenti Administrat\u00ebn- Shtator 2020<\/p><\/div><div class=\"mtr-cell-content\"><p><a href=\"https:\/\/drive.google.com\/file\/d\/1cVZQVhcSNS8nkB3v8_X8P6vlxGwbEVEl\/view?usp=sharing\">Download<\/a><\/p><\/div><div class=\"mtr-cell-content\"><p><a href=\"https:\/\/drive.google.com\/file\/d\/1wRB6LdNmA0cKaSvca9NT0iNDEAkcVfGn\/view?usp=sharing\">Download<\/a><\/p><\/div><div class=\"mtr-cell-content\"><p>Raporti i rezultateve t\u00eb vler\u00ebsimit, nga pyet\u00ebsor\u00ebt Studenti M\u00ebsimdh\u00ebn\u00ebsin dhe Studenti Administrat\u00ebn<\/p><\/div><div class=\"mtr-cell-content\"><p><a href=\"https:\/\/drive.google.com\/file\/d\/1t-LePgyguUmyaZgYREN_f-vIizysfsyA\/view?usp=sharing\">Download<\/a><\/p><\/div><div class=\"mtr-cell-content\"><p><a href=\"https:\/\/drive.google.com\/file\/d\/1DGMGXRQOb3ABqaFBnRUvesvvLhJrngv4\/view?usp=sharing\">Download<\/a><\/p><\/div><div class=\"mtr-cell-content\"><p>Rezultatet e vler\u00ebsimit, \u201dStudenti M\u00ebsimdh\u00ebn\u00ebsin\u201d, semestri dim\u00ebror 2021\/2022<\/p><\/div><div class=\"mtr-cell-content\"><p><a href=\"https:\/\/drive.google.com\/file\/d\/14M29BiGLaWuF3vDRXK7SfiUNzM46rNdE\/view?usp=sharing\">Download<\/a><\/p><\/div><div class=\"mtr-cell-content\"><p><a href=\"https:\/\/drive.google.com\/file\/d\/1jF-_iJVIrZzPYCuwLoetoFYfNGu8g3_r\/view?usp=sharing\">Download<\/a><\/p><\/div><div class=\"mtr-cell-content\"><p>Rezultatet e vler\u00ebsimit, \u201dStudenti Administrat\u00ebn\u201d, semestri dim\u00ebror 2021\/2022<\/p><\/div><div class=\"mtr-cell-content\"><p><a href=\"https:\/\/drive.google.com\/file\/d\/1kcWEShYxLFFJjgPqRUwiRHNNaxY-3cCm\/view?usp=sharing\">Download<\/a><\/p><\/div><div class=\"mtr-cell-content\"><p><a href=\"https:\/\/drive.google.com\/file\/d\/1x_fMLyT9Z5_pomXQ1QMtcLAKgo4ahPRe\/view?usp=sharing\">Download<\/a><\/p><\/div><div class=\"mtr-cell-content\"><p>Raport p\u00ebrmbledh\u00ebs nga rezultatet e vler\u00ebsimit, nga pyet\u00ebsori \u201dDekani M\u00ebsimdh\u00ebn\u00ebsin, p\u00ebr vitin akademik 2021\/2022<\/p><\/div><div class=\"mtr-cell-content\"><p><a href=\"https:\/\/drive.google.com\/file\/d\/1h8hBqA6BYTvnzeeTAQyUaxbL0F4oaoyy\/view?usp=sharing\">Download<\/a><\/p><\/div><div class=\"mtr-cell-content\"><p><a href=\"https:\/\/drive.google.com\/file\/d\/1ktoA85oVoCjUNM7Fqu-HTyEBe2aKE_w3\/view?usp=sharing\">Download<\/a><\/p><\/div><div class=\"mtr-cell-content\"><p>Raport p\u00ebrmbledh\u00ebs i rezultateve t\u00eb vler\u00ebsimit, nga pyet\u00ebsori \u201dStudenti M\u00ebsimdh\u00ebn\u00ebsin\u201d, semestri veror 2021\/2022<\/p><\/div><div class=\"mtr-cell-content\"><p><a href=\"https:\/\/drive.google.com\/file\/d\/1DGsHNO5ASi6uDm9HwSlv9cuvzSQZDivx\/view?usp=sharing\">Download<\/a><\/p><\/div><div class=\"mtr-cell-content\"><p><a href=\"https:\/\/drive.google.com\/file\/d\/17rmT5PDjnQrmUQZB_x2jhCdhWkOWoQZa\/view?usp=sharing\">Download<\/a><\/p><\/div><div class=\"mtr-cell-content\"><p>Raport p\u00ebrmbledh\u00ebs nga rezultatet e vler\u00ebsimit, nga pyet\u00ebsori \u201dVet\u00ebvler\u00ebsimi i stafit Akademik\u201d, p\u00ebr vitin akademik 2021\/2022<\/p><\/div><div class=\"mtr-cell-content\"><p><a href=\"https:\/\/drive.google.com\/file\/d\/1vm4PWQx0T1qXPvL75uTlOIUb8pVfXoss\/view?usp=sharing\">Download<\/a><\/p><\/div><div class=\"mtr-cell-content\"><p><a href=\"https:\/\/drive.google.com\/file\/d\/1xxoGmahHnAagHNaNhWQr9Fh81keeC_Li\/view?usp=sharing\">Download<\/a><\/p><\/div><div class=\"mtr-cell-content\"><p>Raportet p\u00ebrmbledh\u00ebse t\u00eb rezultateve t\u00eb vler\u00ebsimit nga pyet\u00ebsor\u00ebt \u201dStudenti M\u00ebsimdh\u00ebn\u00ebsin\u201d. 2022\/2023<\/p><\/div><div class=\"mtr-cell-content\"><p><a href=\"https:\/\/drive.google.com\/file\/d\/1ZlHqnbeVPG_0XhbRmtA7a1E5X2zmsyL3\/view?usp=sharing\">Download<\/a><\/p><\/div><div class=\"mtr-cell-content\"><p>Downloiad<\/p><\/div><div class=\"mtr-cell-content\"><p>Raportet p\u00ebrmbledh\u00ebse t\u00eb rezultateve t\u00eb vler\u00ebsimit nga pyet\u00ebsor\u00ebt \u201dStudenti Administrat\u00ebn\u201d. 2022\/2023<\/p><\/div><div class=\"mtr-cell-content\"><p><a href=\"https:\/\/drive.google.com\/file\/d\/1gk08O2RBOPERdnGhCCNk28znsyUOb2Dh\/view?usp=sharing\">Download<\/a><\/p><\/div><div class=\"mtr-cell-content\"><p>Downloiad<\/p><\/div>\t\t\t\t\t\t\t\t<\/div>\n\t\t\t\t<\/div>\n\t\t\t\t\t<\/div>\n\t\t<\/div>\n\t\t\t\t\t<\/div>\n\t\t<\/section>\n\t\t\t\t<\/div>","protected":false},"excerpt":{"rendered":"<p>Rreth RAPORTEVE TE VLER\u00cbSIMIT P\u00ebrshkrimi Gjuh\u00eb shqipe Gjuh\u00eb angleze Raport p\u00ebrmbledh\u00ebs me rezultate t\u00eb vler\u00ebsimit&hellip;<\/p>","protected":false},"author":1,"featured_media":0,"parent":0,"menu_order":0,"comment_status":"closed","ping_status":"closed","template":"","meta":{"_acf_changed":false,"footnotes":""},"class_list":["post-23629","page","type-page","status-publish","hentry"],"yoast_head":"<!-- This site is optimized with the Yoast SEO Premium plugin v27.2 (Yoast SEO v27.2) - https:\/\/yoast.com\/product\/yoast-seo-premium-wordpress\/ -->\n<title>Raportet e Vler\u00ebsimit - University Haxhi Zeka<\/title>\n<meta name=\"robots\" content=\"index, follow, max-snippet:-1, max-image-preview:large, max-video-preview:-1\" \/>\n<link rel=\"canonical\" href=\"https:\/\/unhz.eu\/en\/raportet-e-vleresimit\/\" \/>\n<meta property=\"og:locale\" content=\"en_US\" \/>\n<meta property=\"og:type\" content=\"article\" \/>\n<meta property=\"og:title\" content=\"Raportet e Vler\u00ebsimit\" \/>\n<meta property=\"og:description\" content=\"Rreth RAPORTEVE TE VLER\u00cbSIMIT P\u00ebrshkrimi Gjuh\u00eb shqipe Gjuh\u00eb angleze Raport p\u00ebrmbledh\u00ebs me rezultate t\u00eb vler\u00ebsimit&hellip;\" \/>\n<meta property=\"og:url\" content=\"https:\/\/unhz.eu\/en\/raportet-e-vleresimit\/\" \/>\n<meta property=\"og:site_name\" content=\"University Haxhi Zeka\" \/>\n<meta property=\"article:publisher\" content=\"https:\/\/www.facebook.com\/uni.haxhizeka\" \/>\n<meta property=\"article:modified_time\" content=\"2026-02-18T10:08:32+00:00\" \/>\n<meta name=\"twitter:card\" content=\"summary_large_image\" \/>\n<meta name=\"twitter:site\" content=\"@uni_haxhizeka\" \/>\n<meta name=\"twitter:label1\" content=\"Est. reading time\" \/>\n\t<meta name=\"twitter:data1\" content=\"2 minutes\" \/>\n<script type=\"application\/ld+json\" class=\"yoast-schema-graph\">{\"@context\":\"https:\/\/schema.org\",\"@graph\":[{\"@type\":\"WebPage\",\"@id\":\"https:\/\/unhz.eu\/raportet-e-vleresimit\/\",\"url\":\"https:\/\/unhz.eu\/raportet-e-vleresimit\/\",\"name\":\"Raportet e Vler\u00ebsimit - University Haxhi Zeka\",\"isPartOf\":{\"@id\":\"https:\/\/unhz.eu\/#website\"},\"datePublished\":\"2024-04-25T08:34:15+00:00\",\"dateModified\":\"2026-02-18T10:08:32+00:00\",\"breadcrumb\":{\"@id\":\"https:\/\/unhz.eu\/raportet-e-vleresimit\/#breadcrumb\"},\"inLanguage\":\"en-US\",\"potentialAction\":[{\"@type\":\"ReadAction\",\"target\":[\"https:\/\/unhz.eu\/raportet-e-vleresimit\/\"]}]},{\"@type\":\"BreadcrumbList\",\"@id\":\"https:\/\/unhz.eu\/raportet-e-vleresimit\/#breadcrumb\",\"itemListElement\":[{\"@type\":\"ListItem\",\"position\":1,\"name\":\"Home\",\"item\":\"https:\/\/unhz.eu\/\"},{\"@type\":\"ListItem\",\"position\":2,\"name\":\"Raportet e Vler\u00ebsimit\"}]},{\"@type\":\"WebSite\",\"@id\":\"https:\/\/unhz.eu\/#website\",\"url\":\"https:\/\/unhz.eu\/\",\"name\":\"Universiteti \u201cHaxhi Zeka\u201d\",\"description\":\"I dedikuar p\u00ebr cil\u00ebsi, standarde dhe suksese\",\"publisher\":{\"@id\":\"https:\/\/unhz.eu\/#organization\"},\"alternateName\":\"Universiteti Haxhi Zeka\",\"potentialAction\":[{\"@type\":\"SearchAction\",\"target\":{\"@type\":\"EntryPoint\",\"urlTemplate\":\"https:\/\/unhz.eu\/?s={search_term_string}\"},\"query-input\":{\"@type\":\"PropertyValueSpecification\",\"valueRequired\":true,\"valueName\":\"search_term_string\"}}],\"inLanguage\":\"en-US\"},{\"@type\":\"Organization\",\"@id\":\"https:\/\/unhz.eu\/#organization\",\"name\":\"Universiteti \u201cHaxhi Zeka\u201d\",\"alternateName\":\"Universiteti Haxhi Zeka\",\"url\":\"https:\/\/unhz.eu\/\",\"logo\":{\"@type\":\"ImageObject\",\"inLanguage\":\"en-US\",\"@id\":\"https:\/\/unhz.eu\/#\/schema\/logo\/image\/\",\"url\":\"https:\/\/unhz.eu\/wp-content\/uploads\/2025\/04\/logo-unhz.webp\",\"contentUrl\":\"https:\/\/unhz.eu\/wp-content\/uploads\/2025\/04\/logo-unhz.webp\",\"width\":1024,\"height\":260,\"caption\":\"Universiteti \u201cHaxhi Zeka\u201d\"},\"image\":{\"@id\":\"https:\/\/unhz.eu\/#\/schema\/logo\/image\/\"},\"sameAs\":[\"https:\/\/www.facebook.com\/uni.haxhizeka\",\"https:\/\/x.com\/uni_haxhizeka\",\"https:\/\/www.linkedin.com\/school\/haxhi-zeka-university\",\"https:\/\/www.instagram.com\/uni_haxhizeka\/\"],\"description\":\"Universiteti \u201cHaxhi Zeka\u201d n\u00eb Pej\u00eb \u00ebsht\u00eb institucion publik i arsimit t\u00eb lart\u00eb, q\u00eb ofron studime bachelor, master dhe doktorat\u00eb n\u00eb fusha t\u00eb ndryshme si menaxhimi, turizmi, ekonomia, bujq\u00ebsia, arti dhe drejt\u00ebsia. Universiteti synon zhvillimin akademik, hulumtimin shkencor dhe kontributin n\u00eb komunitet.\",\"email\":\"info@unhz.eu\",\"telephone\":\"+38339410970\",\"legalName\":\"Universiteti \u201cHaxhi Zeka\u201d n\u00eb Pej\u00eb\",\"foundingDate\":\"2011-11-14\",\"numberOfEmployees\":{\"@type\":\"QuantitativeValue\",\"minValue\":\"201\",\"maxValue\":\"500\"}}]}<\/script>\n<!-- \/ Yoast SEO Premium plugin. -->","yoast_head_json":{"title":"Raportet e Vler\u00ebsimit - University Haxhi Zeka","robots":{"index":"index","follow":"follow","max-snippet":"max-snippet:-1","max-image-preview":"max-image-preview:large","max-video-preview":"max-video-preview:-1"},"canonical":"https:\/\/unhz.eu\/en\/raportet-e-vleresimit\/","og_locale":"en_US","og_type":"article","og_title":"Raportet e Vler\u00ebsimit","og_description":"Rreth RAPORTEVE TE VLER\u00cbSIMIT P\u00ebrshkrimi Gjuh\u00eb shqipe Gjuh\u00eb angleze Raport p\u00ebrmbledh\u00ebs me rezultate t\u00eb vler\u00ebsimit&hellip;","og_url":"https:\/\/unhz.eu\/en\/raportet-e-vleresimit\/","og_site_name":"University Haxhi Zeka","article_publisher":"https:\/\/www.facebook.com\/uni.haxhizeka","article_modified_time":"2026-02-18T10:08:32+00:00","twitter_card":"summary_large_image","twitter_site":"@uni_haxhizeka","twitter_misc":{"Est. reading time":"2 minutes"},"schema":{"@context":"https:\/\/schema.org","@graph":[{"@type":"WebPage","@id":"https:\/\/unhz.eu\/raportet-e-vleresimit\/","url":"https:\/\/unhz.eu\/raportet-e-vleresimit\/","name":"Raportet e Vler\u00ebsimit - University Haxhi Zeka","isPartOf":{"@id":"https:\/\/unhz.eu\/#website"},"datePublished":"2024-04-25T08:34:15+00:00","dateModified":"2026-02-18T10:08:32+00:00","breadcrumb":{"@id":"https:\/\/unhz.eu\/raportet-e-vleresimit\/#breadcrumb"},"inLanguage":"en-US","potentialAction":[{"@type":"ReadAction","target":["https:\/\/unhz.eu\/raportet-e-vleresimit\/"]}]},{"@type":"BreadcrumbList","@id":"https:\/\/unhz.eu\/raportet-e-vleresimit\/#breadcrumb","itemListElement":[{"@type":"ListItem","position":1,"name":"Home","item":"https:\/\/unhz.eu\/"},{"@type":"ListItem","position":2,"name":"Raportet e Vler\u00ebsimit"}]},{"@type":"WebSite","@id":"https:\/\/unhz.eu\/#website","url":"https:\/\/unhz.eu\/","name":"&quot;Haxhi Zeka&quot; University\u201c","description":"Dedicated to quality, standards and success","publisher":{"@id":"https:\/\/unhz.eu\/#organization"},"alternateName":"Universiteti Haxhi Zeka","potentialAction":[{"@type":"SearchAction","target":{"@type":"EntryPoint","urlTemplate":"https:\/\/unhz.eu\/?s={search_term_string}"},"query-input":{"@type":"PropertyValueSpecification","valueRequired":true,"valueName":"search_term_string"}}],"inLanguage":"en-US"},{"@type":"Organization","@id":"https:\/\/unhz.eu\/#organization","name":"&quot;Haxhi Zeka&quot; University\u201c","alternateName":"Universiteti Haxhi Zeka","url":"https:\/\/unhz.eu\/","logo":{"@type":"ImageObject","inLanguage":"en-US","@id":"https:\/\/unhz.eu\/#\/schema\/logo\/image\/","url":"https:\/\/unhz.eu\/wp-content\/uploads\/2025\/04\/logo-unhz.webp","contentUrl":"https:\/\/unhz.eu\/wp-content\/uploads\/2025\/04\/logo-unhz.webp","width":1024,"height":260,"caption":"Universiteti \u201cHaxhi Zeka\u201d"},"image":{"@id":"https:\/\/unhz.eu\/#\/schema\/logo\/image\/"},"sameAs":["https:\/\/www.facebook.com\/uni.haxhizeka","https:\/\/x.com\/uni_haxhizeka","https:\/\/www.linkedin.com\/school\/haxhi-zeka-university","https:\/\/www.instagram.com\/uni_haxhizeka\/"],"description":"&quot;Haxhi Zeka&quot; University in Peja is a public institution of higher education, offering bachelor&#039;s, master&#039;s and doctoral studies in various fields such as management, tourism, economics, agriculture, art and law. The university aims at academic development, scientific research and contribution to the community.","email":"info@unhz.eu","telephone":"+38339410970","legalName":"Universiteti \u201cHaxhi Zeka\u201d n\u00eb Pej\u00eb","foundingDate":"2011-11-14","numberOfEmployees":{"@type":"QuantitativeValue","minValue":"201","maxValue":"500"}}]}},"acf":[],"_links":{"self":[{"href":"https:\/\/unhz.eu\/en\/wp-json\/wp\/v2\/pages\/23629","targetHints":{"allow":["GET"]}}],"collection":[{"href":"https:\/\/unhz.eu\/en\/wp-json\/wp\/v2\/pages"}],"about":[{"href":"https:\/\/unhz.eu\/en\/wp-json\/wp\/v2\/types\/page"}],"author":[{"embeddable":true,"href":"https:\/\/unhz.eu\/en\/wp-json\/wp\/v2\/users\/1"}],"replies":[{"embeddable":true,"href":"https:\/\/unhz.eu\/en\/wp-json\/wp\/v2\/comments?post=23629"}],"version-history":[{"count":5,"href":"https:\/\/unhz.eu\/en\/wp-json\/wp\/v2\/pages\/23629\/revisions"}],"predecessor-version":[{"id":60345,"href":"https:\/\/unhz.eu\/en\/wp-json\/wp\/v2\/pages\/23629\/revisions\/60345"}],"wp:attachment":[{"href":"https:\/\/unhz.eu\/en\/wp-json\/wp\/v2\/media?parent=23629"}],"curies":[{"name":"wp","href":"https:\/\/api.w.org\/{rel}","templated":true}]}}