{"id":23363,"date":"2024-04-24T08:10:46","date_gmt":"2024-04-24T08:10:46","guid":{"rendered":"https:\/\/unhz.eu\/?page_id=23363"},"modified":"2025-07-29T11:46:33","modified_gmt":"2025-07-29T09:46:33","slug":"punimi-me-i-mire-i-vitit-vepra-me-e-mira-artistike-e-vitit_2023-2","status":"publish","type":"page","link":"https:\/\/unhz.eu\/en\/punimi-me-i-mire-i-vitit-vepra-me-e-mira-artistike-e-vitit_2023-2\/","title":{"rendered":"BEST WORK OF THE YEAR &amp; BEST ARTISTIC WORK OF THE YEAR_2023"},"content":{"rendered":"<div data-elementor-type=\"wp-page\" data-elementor-id=\"23363\" class=\"elementor elementor-23363\" data-elementor-post-type=\"page\">\n\t\t\t\t\t\t<section class=\"elementor-section elementor-top-section elementor-element elementor-element-abfd949 elementor-section-boxed elementor-section-height-default elementor-section-height-default sc_fly_static\" data-id=\"abfd949\" data-element_type=\"section\" data-e-type=\"section\">\n\t\t\t\t\t\t<div class=\"elementor-container elementor-column-gap-extended\">\n\t\t\t\t\t<div class=\"elementor-column elementor-col-100 elementor-top-column elementor-element elementor-element-af6d747 sc_content_align_inherit sc_layouts_column_icons_position_left sc_fly_static\" data-id=\"af6d747\" data-element_type=\"column\" data-e-type=\"column\">\n\t\t\t<div class=\"elementor-widget-wrap elementor-element-populated\">\n\t\t\t\t\t\t<div class=\"elementor-element elementor-element-a8e8c83 sc_fly_static elementor-widget elementor-widget-trx_sc_title\" data-id=\"a8e8c83\" data-element_type=\"widget\" data-e-type=\"widget\" data-widget_type=\"trx_sc_title.default\">\n\t\t\t\t<div class=\"elementor-widget-container\">\n\t\t\t\t\t<div\t\tclass=\"sc_title sc_title_default\" ><span class=\"sc_item_subtitle sc_title_subtitle sc_item_subtitle_above sc_item_title_style_default\">About<\/span><h4 class=\"sc_item_title sc_title_title sc_item_title_style_default sc_item_title_tag\"\n\t\t\t><span class=\"sc_item_title_text\">Cmimeve t\u00eb Fituara Gjat\u00eb Vitit 2023<\/span><\/h4><\/div>\t\t\t\t<\/div>\n\t\t\t\t<\/div>\n\t\t\t\t\t<\/div>\n\t\t<\/div>\n\t\t\t\t\t<\/div>\n\t\t<\/section>\n\t\t\t\t<section class=\"elementor-section elementor-top-section elementor-element elementor-element-9e1e8b9 elementor-section-boxed elementor-section-height-default elementor-section-height-default sc_fly_static\" data-id=\"9e1e8b9\" data-element_type=\"section\" data-e-type=\"section\">\n\t\t\t\t\t\t<div class=\"elementor-container elementor-column-gap-extended\">\n\t\t\t\t\t<div class=\"elementor-column elementor-col-100 elementor-top-column elementor-element elementor-element-f83ea47 sc_content_align_inherit sc_layouts_column_icons_position_left sc_fly_static\" data-id=\"f83ea47\" data-element_type=\"column\" data-e-type=\"column\">\n\t\t\t<div class=\"elementor-widget-wrap elementor-element-populated\">\n\t\t\t\t\t\t<div class=\"elementor-element elementor-element-aaef53c sc_fly_static elementor-widget elementor-widget-spacer\" data-id=\"aaef53c\" data-element_type=\"widget\" data-e-type=\"widget\" data-widget_type=\"spacer.default\">\n\t\t\t\t<div class=\"elementor-widget-container\">\n\t\t\t\t\t\t\t<div class=\"elementor-spacer\">\n\t\t\t<div class=\"elementor-spacer-inner\"><\/div>\n\t\t<\/div>\n\t\t\t\t\t\t<\/div>\n\t\t\t\t<\/div>\n\t\t\t\t\t<\/div>\n\t\t<\/div>\n\t\t\t\t\t<\/div>\n\t\t<\/section>\n\t\t\t\t<section class=\"elementor-section elementor-top-section elementor-element elementor-element-4b1552d elementor-section-boxed elementor-section-height-default elementor-section-height-default sc_fly_static\" data-id=\"4b1552d\" data-element_type=\"section\" data-e-type=\"section\">\n\t\t\t\t\t\t<div class=\"elementor-container elementor-column-gap-extended\">\n\t\t\t\t\t<div class=\"elementor-column elementor-col-100 elementor-top-column elementor-element elementor-element-8394ea2 sc_content_align_inherit sc_layouts_column_icons_position_left sc_fly_static\" data-id=\"8394ea2\" data-element_type=\"column\" data-e-type=\"column\">\n\t\t\t<div class=\"elementor-widget-wrap elementor-element-populated\">\n\t\t\t\t\t\t<div class=\"elementor-element elementor-element-74ec131 sc_fly_static elementor-widget elementor-widget-text-editor\" data-id=\"74ec131\" data-element_type=\"widget\" data-e-type=\"widget\" data-widget_type=\"text-editor.default\">\n\t\t\t\t<div class=\"elementor-widget-container\">\n\t\t\t\t\t\t\t\t\t<p><a href=\"https:\/\/unhz.eu\/wp-content\/uploads\/2024\/04\/BPY_BAWY_2023.pdf\" target=\"_blank\" rel=\"noopener\">PDF<\/a><\/p><p><a href=\"https:\/\/unhz.eu\/wp-content\/uploads\/2024\/04\/BPY_BAWY_2023.pdf\" class=\"pdfemb-viewer\" style=\"\" data-width=\"max\" data-height=\"max\" data-toolbar=\"bottom\" data-toolbar-fixed=\"off\">BPY_BAWY_2023<\/a><\/p>\t\t\t\t\t\t\t\t<\/div>\n\t\t\t\t<\/div>\n\t\t\t\t\t<\/div>\n\t\t<\/div>\n\t\t\t\t\t<\/div>\n\t\t<\/section>\n\t\t\t\t<\/div>","protected":false},"excerpt":{"rendered":"<p>Rreth Cmimeve t\u00eb Fituara Gjat\u00eb Vitit 2023 PDF<\/p>","protected":false},"author":1,"featured_media":50754,"parent":0,"menu_order":0,"comment_status":"closed","ping_status":"closed","template":"","meta":{"_acf_changed":false,"footnotes":""},"class_list":["post-23363","page","type-page","status-publish","has-post-thumbnail","hentry"],"yoast_head":"<!-- This site is optimized with the Yoast SEO Premium plugin v27.2 (Yoast SEO v27.2) - https:\/\/yoast.com\/product\/yoast-seo-premium-wordpress\/ -->\n<title>PUNIMI M\u00cb I MIR\u00cb I VITIT &amp; VEPRA M\u00cb E MIRA ARTISTIKE E VITIT_2023 - University Haxhi Zeka<\/title>\n<meta name=\"description\" content=\"\u00c7mimet \u201cPunimi m\u00eb i mir\u00eb i vitit\u201d dhe \u201cVepra m\u00eb e mira artistike e vitit\u201d i ndahen nj\u00eb an\u00ebtari t\u00eb personelit nga secila nj\u00ebsi akademike (200 euro), n\u00ebse d\u00ebshmohen rezultate t\u00eb larta n\u00eb punimet e publikuara\" \/>\n<meta name=\"robots\" content=\"index, follow, max-snippet:-1, max-image-preview:large, max-video-preview:-1\" \/>\n<link rel=\"canonical\" href=\"https:\/\/unhz.eu\/en\/punimi-me-i-mire-i-vitit-vepra-me-e-mira-artistike-e-vitit_2023-2\/\" \/>\n<meta property=\"og:locale\" content=\"en_US\" \/>\n<meta property=\"og:type\" content=\"article\" \/>\n<meta property=\"og:title\" content=\"PUNIMI M\u00cb I MIR\u00cb I VITIT &amp; VEPRA M\u00cb E MIRA ARTISTIKE E VITIT_2023\" \/>\n<meta property=\"og:description\" content=\"\u00c7mimet \u201cPunimi m\u00eb i mir\u00eb i vitit\u201d dhe \u201cVepra m\u00eb e mira artistike e vitit\u201d i ndahen nj\u00eb an\u00ebtari t\u00eb personelit nga secila nj\u00ebsi akademike (200 euro), n\u00ebse d\u00ebshmohen rezultate t\u00eb larta n\u00eb punimet e publikuara\" \/>\n<meta property=\"og:url\" content=\"https:\/\/unhz.eu\/en\/punimi-me-i-mire-i-vitit-vepra-me-e-mira-artistike-e-vitit_2023-2\/\" \/>\n<meta property=\"og:site_name\" content=\"University Haxhi Zeka\" \/>\n<meta property=\"article:publisher\" content=\"https:\/\/www.facebook.com\/uni.haxhizeka\" \/>\n<meta property=\"article:modified_time\" content=\"2025-07-29T09:46:33+00:00\" \/>\n<meta property=\"og:image\" content=\"https:\/\/unhz.eu\/wp-content\/uploads\/2025\/04\/Dizajn-me-logo-te-UHZ.webp\" \/>\n\t<meta property=\"og:image:width\" content=\"1000\" \/>\n\t<meta property=\"og:image:height\" content=\"1000\" \/>\n\t<meta property=\"og:image:type\" content=\"image\/webp\" \/>\n<meta name=\"twitter:card\" content=\"summary_large_image\" \/>\n<meta name=\"twitter:site\" content=\"@uni_haxhizeka\" \/>\n<meta name=\"twitter:label1\" content=\"Est. reading time\" \/>\n\t<meta name=\"twitter:data1\" content=\"1 minute\" \/>\n<script type=\"application\/ld+json\" class=\"yoast-schema-graph\">{\"@context\":\"https:\/\/schema.org\",\"@graph\":[{\"@type\":\"WebPage\",\"@id\":\"https:\/\/unhz.eu\/punimi-me-i-mire-i-vitit-vepra-me-e-mira-artistike-e-vitit_2023-2\/\",\"url\":\"https:\/\/unhz.eu\/punimi-me-i-mire-i-vitit-vepra-me-e-mira-artistike-e-vitit_2023-2\/\",\"name\":\"PUNIMI M\u00cb I MIR\u00cb I VITIT &amp; VEPRA M\u00cb E MIRA ARTISTIKE E VITIT_2023 - University Haxhi Zeka\",\"isPartOf\":{\"@id\":\"https:\/\/unhz.eu\/#website\"},\"primaryImageOfPage\":{\"@id\":\"https:\/\/unhz.eu\/punimi-me-i-mire-i-vitit-vepra-me-e-mira-artistike-e-vitit_2023-2\/#primaryimage\"},\"image\":{\"@id\":\"https:\/\/unhz.eu\/punimi-me-i-mire-i-vitit-vepra-me-e-mira-artistike-e-vitit_2023-2\/#primaryimage\"},\"thumbnailUrl\":\"https:\/\/unhz.eu\/wp-content\/uploads\/2025\/04\/Dizajn-me-logo-te-UHZ.webp\",\"datePublished\":\"2024-04-24T08:10:46+00:00\",\"dateModified\":\"2025-07-29T09:46:33+00:00\",\"description\":\"\u00c7mimet \u201cPunimi m\u00eb i mir\u00eb i vitit\u201d dhe \u201cVepra m\u00eb e mira artistike e vitit\u201d i ndahen nj\u00eb an\u00ebtari t\u00eb personelit nga secila nj\u00ebsi akademike (200 euro), n\u00ebse d\u00ebshmohen rezultate t\u00eb larta n\u00eb punimet e publikuara\",\"breadcrumb\":{\"@id\":\"https:\/\/unhz.eu\/punimi-me-i-mire-i-vitit-vepra-me-e-mira-artistike-e-vitit_2023-2\/#breadcrumb\"},\"inLanguage\":\"en-US\",\"potentialAction\":[{\"@type\":\"ReadAction\",\"target\":[\"https:\/\/unhz.eu\/punimi-me-i-mire-i-vitit-vepra-me-e-mira-artistike-e-vitit_2023-2\/\"]}]},{\"@type\":\"ImageObject\",\"inLanguage\":\"en-US\",\"@id\":\"https:\/\/unhz.eu\/punimi-me-i-mire-i-vitit-vepra-me-e-mira-artistike-e-vitit_2023-2\/#primaryimage\",\"url\":\"https:\/\/unhz.eu\/wp-content\/uploads\/2025\/04\/Dizajn-me-logo-te-UHZ.webp\",\"contentUrl\":\"https:\/\/unhz.eu\/wp-content\/uploads\/2025\/04\/Dizajn-me-logo-te-UHZ.webp\",\"width\":1000,\"height\":1000,\"caption\":\"Universiteti Haxhi Zeka, UHZ logo me background te kuq\"},{\"@type\":\"BreadcrumbList\",\"@id\":\"https:\/\/unhz.eu\/punimi-me-i-mire-i-vitit-vepra-me-e-mira-artistike-e-vitit_2023-2\/#breadcrumb\",\"itemListElement\":[{\"@type\":\"ListItem\",\"position\":1,\"name\":\"Home\",\"item\":\"https:\/\/unhz.eu\/\"},{\"@type\":\"ListItem\",\"position\":2,\"name\":\"PUNIMI M\u00cb I MIR\u00cb I VITIT &amp; VEPRA M\u00cb E MIRA ARTISTIKE E VITIT_2023\"}]},{\"@type\":\"WebSite\",\"@id\":\"https:\/\/unhz.eu\/#website\",\"url\":\"https:\/\/unhz.eu\/\",\"name\":\"Universiteti \u201cHaxhi Zeka\u201d\",\"description\":\"I dedikuar p\u00ebr cil\u00ebsi, standarde dhe suksese\",\"publisher\":{\"@id\":\"https:\/\/unhz.eu\/#organization\"},\"alternateName\":\"Universiteti Haxhi Zeka\",\"potentialAction\":[{\"@type\":\"SearchAction\",\"target\":{\"@type\":\"EntryPoint\",\"urlTemplate\":\"https:\/\/unhz.eu\/?s={search_term_string}\"},\"query-input\":{\"@type\":\"PropertyValueSpecification\",\"valueRequired\":true,\"valueName\":\"search_term_string\"}}],\"inLanguage\":\"en-US\"},{\"@type\":\"Organization\",\"@id\":\"https:\/\/unhz.eu\/#organization\",\"name\":\"Universiteti \u201cHaxhi Zeka\u201d\",\"alternateName\":\"Universiteti Haxhi Zeka\",\"url\":\"https:\/\/unhz.eu\/\",\"logo\":{\"@type\":\"ImageObject\",\"inLanguage\":\"en-US\",\"@id\":\"https:\/\/unhz.eu\/#\/schema\/logo\/image\/\",\"url\":\"https:\/\/unhz.eu\/wp-content\/uploads\/2025\/04\/logo-unhz.webp\",\"contentUrl\":\"https:\/\/unhz.eu\/wp-content\/uploads\/2025\/04\/logo-unhz.webp\",\"width\":1024,\"height\":260,\"caption\":\"Universiteti \u201cHaxhi Zeka\u201d\"},\"image\":{\"@id\":\"https:\/\/unhz.eu\/#\/schema\/logo\/image\/\"},\"sameAs\":[\"https:\/\/www.facebook.com\/uni.haxhizeka\",\"https:\/\/x.com\/uni_haxhizeka\",\"https:\/\/www.linkedin.com\/school\/haxhi-zeka-university\",\"https:\/\/www.instagram.com\/uni_haxhizeka\/\"],\"description\":\"Universiteti \u201cHaxhi Zeka\u201d n\u00eb Pej\u00eb \u00ebsht\u00eb institucion publik i arsimit t\u00eb lart\u00eb, q\u00eb ofron studime bachelor, master dhe doktorat\u00eb n\u00eb fusha t\u00eb ndryshme si menaxhimi, turizmi, ekonomia, bujq\u00ebsia, arti dhe drejt\u00ebsia. Universiteti synon zhvillimin akademik, hulumtimin shkencor dhe kontributin n\u00eb komunitet.\",\"email\":\"info@unhz.eu\",\"telephone\":\"+38339410970\",\"legalName\":\"Universiteti \u201cHaxhi Zeka\u201d n\u00eb Pej\u00eb\",\"foundingDate\":\"2011-11-14\",\"numberOfEmployees\":{\"@type\":\"QuantitativeValue\",\"minValue\":\"201\",\"maxValue\":\"500\"}}]}<\/script>\n<!-- \/ Yoast SEO Premium plugin. -->","yoast_head_json":{"title":"PUNIMI M\u00cb I MIR\u00cb I VITIT &amp; VEPRA M\u00cb E MIRA ARTISTIKE E VITIT_2023 - University Haxhi Zeka","description":"\u00c7mimet \u201cPunimi m\u00eb i mir\u00eb i vitit\u201d dhe \u201cVepra m\u00eb e mira artistike e vitit\u201d i ndahen nj\u00eb an\u00ebtari t\u00eb personelit nga secila nj\u00ebsi akademike (200 euro), n\u00ebse d\u00ebshmohen rezultate t\u00eb larta n\u00eb punimet e publikuara","robots":{"index":"index","follow":"follow","max-snippet":"max-snippet:-1","max-image-preview":"max-image-preview:large","max-video-preview":"max-video-preview:-1"},"canonical":"https:\/\/unhz.eu\/en\/punimi-me-i-mire-i-vitit-vepra-me-e-mira-artistike-e-vitit_2023-2\/","og_locale":"en_US","og_type":"article","og_title":"PUNIMI M\u00cb I MIR\u00cb I VITIT &amp; VEPRA M\u00cb E MIRA ARTISTIKE E VITIT_2023","og_description":"\u00c7mimet \u201cPunimi m\u00eb i mir\u00eb i vitit\u201d dhe \u201cVepra m\u00eb e mira artistike e vitit\u201d i ndahen nj\u00eb an\u00ebtari t\u00eb personelit nga secila nj\u00ebsi akademike (200 euro), n\u00ebse d\u00ebshmohen rezultate t\u00eb larta n\u00eb punimet e publikuara","og_url":"https:\/\/unhz.eu\/en\/punimi-me-i-mire-i-vitit-vepra-me-e-mira-artistike-e-vitit_2023-2\/","og_site_name":"University Haxhi Zeka","article_publisher":"https:\/\/www.facebook.com\/uni.haxhizeka","article_modified_time":"2025-07-29T09:46:33+00:00","og_image":[{"width":1000,"height":1000,"url":"https:\/\/unhz.eu\/wp-content\/uploads\/2025\/04\/Dizajn-me-logo-te-UHZ.webp","type":"image\/webp"}],"twitter_card":"summary_large_image","twitter_site":"@uni_haxhizeka","twitter_misc":{"Est. reading time":"1 minute"},"schema":{"@context":"https:\/\/schema.org","@graph":[{"@type":"WebPage","@id":"https:\/\/unhz.eu\/punimi-me-i-mire-i-vitit-vepra-me-e-mira-artistike-e-vitit_2023-2\/","url":"https:\/\/unhz.eu\/punimi-me-i-mire-i-vitit-vepra-me-e-mira-artistike-e-vitit_2023-2\/","name":"PUNIMI M\u00cb I MIR\u00cb I VITIT &amp; VEPRA M\u00cb E MIRA ARTISTIKE E VITIT_2023 - University Haxhi Zeka","isPartOf":{"@id":"https:\/\/unhz.eu\/#website"},"primaryImageOfPage":{"@id":"https:\/\/unhz.eu\/punimi-me-i-mire-i-vitit-vepra-me-e-mira-artistike-e-vitit_2023-2\/#primaryimage"},"image":{"@id":"https:\/\/unhz.eu\/punimi-me-i-mire-i-vitit-vepra-me-e-mira-artistike-e-vitit_2023-2\/#primaryimage"},"thumbnailUrl":"https:\/\/unhz.eu\/wp-content\/uploads\/2025\/04\/Dizajn-me-logo-te-UHZ.webp","datePublished":"2024-04-24T08:10:46+00:00","dateModified":"2025-07-29T09:46:33+00:00","description":"\u00c7mimet \u201cPunimi m\u00eb i mir\u00eb i vitit\u201d dhe \u201cVepra m\u00eb e mira artistike e vitit\u201d i ndahen nj\u00eb an\u00ebtari t\u00eb personelit nga secila nj\u00ebsi akademike (200 euro), n\u00ebse d\u00ebshmohen rezultate t\u00eb larta n\u00eb punimet e publikuara","breadcrumb":{"@id":"https:\/\/unhz.eu\/punimi-me-i-mire-i-vitit-vepra-me-e-mira-artistike-e-vitit_2023-2\/#breadcrumb"},"inLanguage":"en-US","potentialAction":[{"@type":"ReadAction","target":["https:\/\/unhz.eu\/punimi-me-i-mire-i-vitit-vepra-me-e-mira-artistike-e-vitit_2023-2\/"]}]},{"@type":"ImageObject","inLanguage":"en-US","@id":"https:\/\/unhz.eu\/punimi-me-i-mire-i-vitit-vepra-me-e-mira-artistike-e-vitit_2023-2\/#primaryimage","url":"https:\/\/unhz.eu\/wp-content\/uploads\/2025\/04\/Dizajn-me-logo-te-UHZ.webp","contentUrl":"https:\/\/unhz.eu\/wp-content\/uploads\/2025\/04\/Dizajn-me-logo-te-UHZ.webp","width":1000,"height":1000,"caption":"Universiteti Haxhi Zeka, UHZ logo me background te kuq"},{"@type":"BreadcrumbList","@id":"https:\/\/unhz.eu\/punimi-me-i-mire-i-vitit-vepra-me-e-mira-artistike-e-vitit_2023-2\/#breadcrumb","itemListElement":[{"@type":"ListItem","position":1,"name":"Home","item":"https:\/\/unhz.eu\/"},{"@type":"ListItem","position":2,"name":"PUNIMI M\u00cb I MIR\u00cb I VITIT &amp; VEPRA M\u00cb E MIRA ARTISTIKE E VITIT_2023"}]},{"@type":"WebSite","@id":"https:\/\/unhz.eu\/#website","url":"https:\/\/unhz.eu\/","name":"&quot;Haxhi Zeka&quot; University\u201c","description":"Dedicated to quality, standards and success","publisher":{"@id":"https:\/\/unhz.eu\/#organization"},"alternateName":"Universiteti Haxhi Zeka","potentialAction":[{"@type":"SearchAction","target":{"@type":"EntryPoint","urlTemplate":"https:\/\/unhz.eu\/?s={search_term_string}"},"query-input":{"@type":"PropertyValueSpecification","valueRequired":true,"valueName":"search_term_string"}}],"inLanguage":"en-US"},{"@type":"Organization","@id":"https:\/\/unhz.eu\/#organization","name":"&quot;Haxhi Zeka&quot; University\u201c","alternateName":"Universiteti Haxhi Zeka","url":"https:\/\/unhz.eu\/","logo":{"@type":"ImageObject","inLanguage":"en-US","@id":"https:\/\/unhz.eu\/#\/schema\/logo\/image\/","url":"https:\/\/unhz.eu\/wp-content\/uploads\/2025\/04\/logo-unhz.webp","contentUrl":"https:\/\/unhz.eu\/wp-content\/uploads\/2025\/04\/logo-unhz.webp","width":1024,"height":260,"caption":"Universiteti \u201cHaxhi Zeka\u201d"},"image":{"@id":"https:\/\/unhz.eu\/#\/schema\/logo\/image\/"},"sameAs":["https:\/\/www.facebook.com\/uni.haxhizeka","https:\/\/x.com\/uni_haxhizeka","https:\/\/www.linkedin.com\/school\/haxhi-zeka-university","https:\/\/www.instagram.com\/uni_haxhizeka\/"],"description":"&quot;Haxhi Zeka&quot; University in Peja is a public institution of higher education, offering bachelor&#039;s, master&#039;s and doctoral studies in various fields such as management, tourism, economics, agriculture, art and law. The university aims at academic development, scientific research and contribution to the community.","email":"info@unhz.eu","telephone":"+38339410970","legalName":"Universiteti \u201cHaxhi Zeka\u201d n\u00eb Pej\u00eb","foundingDate":"2011-11-14","numberOfEmployees":{"@type":"QuantitativeValue","minValue":"201","maxValue":"500"}}]}},"acf":[],"_links":{"self":[{"href":"https:\/\/unhz.eu\/en\/wp-json\/wp\/v2\/pages\/23363","targetHints":{"allow":["GET"]}}],"collection":[{"href":"https:\/\/unhz.eu\/en\/wp-json\/wp\/v2\/pages"}],"about":[{"href":"https:\/\/unhz.eu\/en\/wp-json\/wp\/v2\/types\/page"}],"author":[{"embeddable":true,"href":"https:\/\/unhz.eu\/en\/wp-json\/wp\/v2\/users\/1"}],"replies":[{"embeddable":true,"href":"https:\/\/unhz.eu\/en\/wp-json\/wp\/v2\/comments?post=23363"}],"version-history":[{"count":5,"href":"https:\/\/unhz.eu\/en\/wp-json\/wp\/v2\/pages\/23363\/revisions"}],"predecessor-version":[{"id":57082,"href":"https:\/\/unhz.eu\/en\/wp-json\/wp\/v2\/pages\/23363\/revisions\/57082"}],"wp:featuredmedia":[{"embeddable":true,"href":"https:\/\/unhz.eu\/en\/wp-json\/wp\/v2\/media\/50754"}],"wp:attachment":[{"href":"https:\/\/unhz.eu\/en\/wp-json\/wp\/v2\/media?parent=23363"}],"curies":[{"name":"wp","href":"https:\/\/api.w.org\/{rel}","templated":true}]}}