{"id":23338,"date":"2024-04-24T08:03:41","date_gmt":"2024-04-24T08:03:41","guid":{"rendered":"https:\/\/unhz.eu\/?page_id=23338"},"modified":"2025-07-17T09:11:38","modified_gmt":"2025-07-17T07:11:38","slug":"aktivitetet-shkencore-te-stafit-akademik-ne-kontinuitet","status":"publish","type":"page","link":"https:\/\/unhz.eu\/en\/aktivitetet-shkencore-te-stafit-akademik-ne-kontinuitet\/","title":{"rendered":"Scientific activities of academic staff in continuity"},"content":{"rendered":"<div data-elementor-type=\"wp-page\" data-elementor-id=\"23338\" class=\"elementor elementor-23338\" data-elementor-post-type=\"page\">\n\t\t\t\t\t\t<section class=\"elementor-section elementor-top-section elementor-element elementor-element-02874f7 elementor-section-boxed elementor-section-height-default elementor-section-height-default sc_fly_static\" data-id=\"02874f7\" data-element_type=\"section\" data-e-type=\"section\">\n\t\t\t\t\t\t<div class=\"elementor-container elementor-column-gap-extended\">\n\t\t\t\t\t<div class=\"elementor-column elementor-col-100 elementor-top-column elementor-element elementor-element-55bd3f2 sc_content_align_inherit sc_layouts_column_icons_position_left sc_fly_static\" data-id=\"55bd3f2\" data-element_type=\"column\" data-e-type=\"column\">\n\t\t\t<div class=\"elementor-widget-wrap elementor-element-populated\">\n\t\t\t\t\t\t<div class=\"elementor-element elementor-element-02708a2 sc_fly_static elementor-widget elementor-widget-trx_sc_title\" data-id=\"02708a2\" data-element_type=\"widget\" data-e-type=\"widget\" data-widget_type=\"trx_sc_title.default\">\n\t\t\t\t<div class=\"elementor-widget-container\">\n\t\t\t\t\t<div\t\tclass=\"sc_title sc_title_default\" ><span class=\"sc_item_subtitle sc_title_subtitle sc_item_subtitle_above sc_item_title_style_default\">About<\/span><h4 class=\"sc_item_title sc_title_title sc_item_title_style_default sc_item_title_tag\"\n\t\t\t><span class=\"sc_item_title_text\">Aktivitetve Shkencore t\u00eb Stafit Akademik n\u00eb Kontinuitet<\/span><\/h4><\/div>\t\t\t\t<\/div>\n\t\t\t\t<\/div>\n\t\t\t\t<div class=\"elementor-element elementor-element-1dd5559 sc_fly_static elementor-widget elementor-widget-spacer\" data-id=\"1dd5559\" data-element_type=\"widget\" data-e-type=\"widget\" data-widget_type=\"spacer.default\">\n\t\t\t\t<div class=\"elementor-widget-container\">\n\t\t\t\t\t\t\t<div class=\"elementor-spacer\">\n\t\t\t<div class=\"elementor-spacer-inner\"><\/div>\n\t\t<\/div>\n\t\t\t\t\t\t<\/div>\n\t\t\t\t<\/div>\n\t\t\t\t<div class=\"elementor-element elementor-element-33a78e1 elementor-grid-3 elementor-grid-tablet-2 elementor-grid-mobile-1 elementor-posts--thumbnail-top sc_fly_static elementor-widget elementor-widget-posts\" data-id=\"33a78e1\" data-element_type=\"widget\" data-e-type=\"widget\" data-settings=\"{&quot;classic_columns&quot;:&quot;3&quot;,&quot;classic_columns_tablet&quot;:&quot;2&quot;,&quot;classic_columns_mobile&quot;:&quot;1&quot;,&quot;classic_row_gap&quot;:{&quot;unit&quot;:&quot;px&quot;,&quot;size&quot;:35,&quot;sizes&quot;:[]},&quot;classic_row_gap_tablet&quot;:{&quot;unit&quot;:&quot;px&quot;,&quot;size&quot;:&quot;&quot;,&quot;sizes&quot;:[]},&quot;classic_row_gap_mobile&quot;:{&quot;unit&quot;:&quot;px&quot;,&quot;size&quot;:&quot;&quot;,&quot;sizes&quot;:[]}}\" data-widget_type=\"posts.classic\">\n\t\t\t\t<div class=\"elementor-widget-container\">\n\t\t\t\t\t\t\t<div class=\"elementor-posts-container elementor-posts elementor-posts--skin-classic elementor-grid\">\n\t\t\t\t<article class=\"elementor-post elementor-grid-item post-49531 post type-post status-publish format-standard has-post-thumbnail hentry category-aktivitete-shkencore category-lajmet-dhe-ngjarjet category-njoftime-nga-isha category-slider\">\n\t\t\t\t<a class=\"elementor-post__thumbnail__link\" href=\"https:\/\/unhz.eu\/en\/blog\/universitetit-haxhi-zeka-nepermjet-institutit-per-shkence-dhe-arte-mbeshtet-4-projekte-kerkimore-shkencore-te-personelit-akademik\/\" tabindex=\"-1\" >\n\t\t\t<div class=\"elementor-post__thumbnail\"><img fetchpriority=\"high\" decoding=\"async\" width=\"300\" height=\"200\" src=\"https:\/\/unhz.eu\/wp-content\/uploads\/2025\/01\/DSC00339-300x200.jpg\" class=\"attachment-medium size-medium wp-image-49536\" alt=\"\" srcset=\"https:\/\/unhz.eu\/wp-content\/uploads\/2025\/01\/DSC00339-300x200.jpg 300w, https:\/\/unhz.eu\/wp-content\/uploads\/2025\/01\/DSC00339-1024x683.jpg 1024w, https:\/\/unhz.eu\/wp-content\/uploads\/2025\/01\/DSC00339-768x512.jpg 768w, https:\/\/unhz.eu\/wp-content\/uploads\/2025\/01\/DSC00339-1536x1024.jpg 1536w, https:\/\/unhz.eu\/wp-content\/uploads\/2025\/01\/DSC00339-2048x1365.jpg 2048w, https:\/\/unhz.eu\/wp-content\/uploads\/2025\/01\/DSC00339-370x247.jpg 370w, https:\/\/unhz.eu\/wp-content\/uploads\/2025\/01\/DSC00339-840x560.jpg 840w, https:\/\/unhz.eu\/wp-content\/uploads\/2025\/01\/DSC00339-410x273.jpg 410w\" sizes=\"(max-width: 300px) 100vw, 300px\" \/><\/div>\n\t\t<\/a>\n\t\t\t\t<div class=\"elementor-post__text\">\n\t\t\t\t<h3 class=\"elementor-post__title\">\n\t\t\t<a href=\"https:\/\/unhz.eu\/en\/blog\/universitetit-haxhi-zeka-nepermjet-institutit-per-shkence-dhe-arte-mbeshtet-4-projekte-kerkimore-shkencore-te-personelit-akademik\/\" >\n\t\t\t\tUniversitetit \u201cHaxhi Zeka\u201d n\u00ebp\u00ebrmjet Institutit p\u00ebr Shkenc\u00eb dhe Arte mb\u00ebshtet 4 projekte k\u00ebrkimore shkencore t\u00eb personelit akademik\t\t\t<\/a>\n\t\t<\/h3>\n\t\t\t\t<div class=\"elementor-post__meta-data\">\n\t\t\t\t\t<span class=\"elementor-post-date\">\n\t\t\t27\/01\/2025\t\t<\/span>\n\t\t\t\t<\/div>\n\t\t\t\t<div class=\"elementor-post__excerpt\">\n\t\t\t<p>Universiteti \u201cHaxhi Zeka\u201d \u00ebsht\u00eb nj\u00eb institucion arsimor q\u00eb synon t\u00eb avancoj\u00eb dhe t\u00eb mb\u00ebshtes\u00eb k\u00ebrkimin<\/p>\n\t\t<\/div>\n\t\t\n\t\t<a class=\"elementor-post__read-more\" href=\"https:\/\/unhz.eu\/en\/blog\/universitetit-haxhi-zeka-nepermjet-institutit-per-shkence-dhe-arte-mbeshtet-4-projekte-kerkimore-shkencore-te-personelit-akademik\/\" aria-label=\"Read more about Universitetit \u201cHaxhi Zeka\u201d n\u00ebp\u00ebrmjet Institutit p\u00ebr Shkenc\u00eb dhe Arte mb\u00ebshtet 4 projekte k\u00ebrkimore shkencore t\u00eb personelit akademik\" tabindex=\"-1\" >\n\t\t\tLexo m\u00eb shum\u00eb \u00bb\t\t<\/a>\n\n\t\t\t\t<\/div>\n\t\t\t\t<\/article>\n\t\t\t\t<article class=\"elementor-post elementor-grid-item post-46592 post type-post status-publish format-standard has-post-thumbnail hentry category-aktivitete-shkencore category-lajmet-dhe-ngjarjet category-slider\">\n\t\t\t\t<div class=\"elementor-post__text\">\n\t\t\t\t<h3 class=\"elementor-post__title\">\n\t\t\t<a href=\"https:\/\/unhz.eu\/en\/blog\/scientific-papers-published-on-the-web-of-science-and-scopus-platforms\/\" >\n\t\t\t\tSCIENTIFIC PAPERS PUBLISHED ON THE WEB OF SCIENCE AND SCOPUS PLATFORMS\t\t\t<\/a>\n\t\t<\/h3>\n\t\t\t\t<div class=\"elementor-post__meta-data\">\n\t\t\t\t\t<span class=\"elementor-post-date\">\n\t\t\t08\/02\/2024\t\t<\/span>\n\t\t\t\t<\/div>\n\t\t\t\t<div class=\"elementor-post__excerpt\">\n\t\t\t<p>academic staff of University Haxhi Zeka<\/p>\n\t\t<\/div>\n\t\t\n\t\t<a class=\"elementor-post__read-more\" href=\"https:\/\/unhz.eu\/en\/blog\/scientific-papers-published-on-the-web-of-science-and-scopus-platforms\/\" aria-label=\"Read more about SCIENTIFIC PAPERS PUBLISHED ON THE WEB OF SCIENCE AND SCOPUS PLATFORMS\" tabindex=\"-1\" >\n\t\t\tLexo m\u00eb shum\u00eb \u00bb\t\t<\/a>\n\n\t\t\t\t<\/div>\n\t\t\t\t<\/article>\n\t\t\t\t<article class=\"elementor-post elementor-grid-item post-44874 post type-post status-publish format-standard has-post-thumbnail hentry category-aktivitete-shkencore category-lajmet-dhe-ngjarjet\">\n\t\t\t\t<div class=\"elementor-post__text\">\n\t\t\t\t<h3 class=\"elementor-post__title\">\n\t\t\t<a href=\"https:\/\/unhz.eu\/en\/blog\/pjesemarrja-e-prof-ass-dr-fisnik-morina-ne-kerkimin-shkencor-post-doktoral-ne-universitetin-e-gracit-austri\/\" >\n\t\t\t\tPjes\u00ebmarrja e Prof. Ass. Dr. Fisnik Morina n\u00eb K\u00ebrkimin Shkencor Post-Doktoral n\u00eb Universitetin e Gracit, Austri\t\t\t<\/a>\n\t\t<\/h3>\n\t\t\t\t<div class=\"elementor-post__meta-data\">\n\t\t\t\t\t<span class=\"elementor-post-date\">\n\t\t\t12\/07\/2023\t\t<\/span>\n\t\t\t\t<\/div>\n\t\t\t\t<div class=\"elementor-post__excerpt\">\n\t\t\t<p>Universiteti Haxhi Zeka n\u00eb Pej\u00eb me k\u00ebnaq\u00ebsi njofton komunitetin shkencor dhe publikun se profesori Fisnik<\/p>\n\t\t<\/div>\n\t\t\n\t\t<a class=\"elementor-post__read-more\" href=\"https:\/\/unhz.eu\/en\/blog\/pjesemarrja-e-prof-ass-dr-fisnik-morina-ne-kerkimin-shkencor-post-doktoral-ne-universitetin-e-gracit-austri\/\" aria-label=\"Read more about Pjes\u00ebmarrja e Prof. Ass. Dr. Fisnik Morina n\u00eb K\u00ebrkimin Shkencor Post-Doktoral n\u00eb Universitetin e Gracit, Austri\" tabindex=\"-1\" >\n\t\t\tLexo m\u00eb shum\u00eb \u00bb\t\t<\/a>\n\n\t\t\t\t<\/div>\n\t\t\t\t<\/article>\n\t\t\t\t<\/div>\n\t\t\n\t\t\t\t\t\t<\/div>\n\t\t\t\t<\/div>\n\t\t\t\t\t<\/div>\n\t\t<\/div>\n\t\t\t\t\t<\/div>\n\t\t<\/section>\n\t\t\t\t<\/div>","protected":false},"excerpt":{"rendered":"<p>Rreth Aktivitetve Shkencore t\u00eb Stafit Akademik n\u00eb Kontinuitet<\/p>","protected":false},"author":1,"featured_media":50754,"parent":0,"menu_order":0,"comment_status":"closed","ping_status":"closed","template":"","meta":{"_acf_changed":false,"footnotes":""},"class_list":["post-23338","page","type-page","status-publish","has-post-thumbnail","hentry"],"yoast_head":"<!-- This site is optimized with the Yoast SEO Premium plugin v27.2 (Yoast SEO v27.2) - https:\/\/yoast.com\/product\/yoast-seo-premium-wordpress\/ -->\n<title>Aktivitetet shkencore t\u00eb stafit akademik n\u00eb kontinuitet - University Haxhi Zeka<\/title>\n<meta name=\"description\" content=\"Aktivitetet shkencore t\u00eb stafit akademik n\u00eb kontinuitet mbulojn\u00eb publikime, pjes\u00ebmarrje n\u00eb konferenca dhe projekte t\u00eb vazhdueshme n\u00eb Universitetin \u201cHaxhi Zeka\u201d.\" \/>\n<meta name=\"robots\" content=\"index, follow, max-snippet:-1, max-image-preview:large, max-video-preview:-1\" \/>\n<link rel=\"canonical\" href=\"https:\/\/unhz.eu\/en\/aktivitetet-shkencore-te-stafit-akademik-ne-kontinuitet\/\" \/>\n<meta property=\"og:locale\" content=\"en_US\" \/>\n<meta property=\"og:type\" content=\"article\" \/>\n<meta property=\"og:title\" content=\"Aktivitetet shkencore t\u00eb stafit akademik n\u00eb kontinuitet\" \/>\n<meta property=\"og:description\" content=\"Aktivitetet shkencore t\u00eb stafit akademik n\u00eb kontinuitet mbulojn\u00eb publikime, pjes\u00ebmarrje n\u00eb konferenca dhe projekte t\u00eb vazhdueshme n\u00eb Universitetin \u201cHaxhi Zeka\u201d.\" \/>\n<meta property=\"og:url\" content=\"https:\/\/unhz.eu\/en\/aktivitetet-shkencore-te-stafit-akademik-ne-kontinuitet\/\" \/>\n<meta property=\"og:site_name\" content=\"University Haxhi Zeka\" \/>\n<meta property=\"article:publisher\" content=\"https:\/\/www.facebook.com\/uni.haxhizeka\" \/>\n<meta property=\"article:modified_time\" content=\"2025-07-17T07:11:38+00:00\" \/>\n<meta property=\"og:image\" content=\"https:\/\/unhz.eu\/wp-content\/uploads\/2025\/04\/Dizajn-me-logo-te-UHZ.webp\" \/>\n\t<meta property=\"og:image:width\" content=\"1000\" \/>\n\t<meta property=\"og:image:height\" content=\"1000\" \/>\n\t<meta property=\"og:image:type\" content=\"image\/webp\" \/>\n<meta name=\"twitter:card\" content=\"summary_large_image\" \/>\n<meta name=\"twitter:site\" content=\"@uni_haxhizeka\" \/>\n<meta name=\"twitter:label1\" content=\"Est. reading time\" \/>\n\t<meta name=\"twitter:data1\" content=\"1 minute\" \/>\n<script type=\"application\/ld+json\" class=\"yoast-schema-graph\">{\"@context\":\"https:\/\/schema.org\",\"@graph\":[{\"@type\":\"WebPage\",\"@id\":\"https:\/\/unhz.eu\/aktivitetet-shkencore-te-stafit-akademik-ne-kontinuitet\/\",\"url\":\"https:\/\/unhz.eu\/aktivitetet-shkencore-te-stafit-akademik-ne-kontinuitet\/\",\"name\":\"Aktivitetet shkencore t\u00eb stafit akademik n\u00eb kontinuitet - University Haxhi Zeka\",\"isPartOf\":{\"@id\":\"https:\/\/unhz.eu\/#website\"},\"primaryImageOfPage\":{\"@id\":\"https:\/\/unhz.eu\/aktivitetet-shkencore-te-stafit-akademik-ne-kontinuitet\/#primaryimage\"},\"image\":{\"@id\":\"https:\/\/unhz.eu\/aktivitetet-shkencore-te-stafit-akademik-ne-kontinuitet\/#primaryimage\"},\"thumbnailUrl\":\"https:\/\/unhz.eu\/wp-content\/uploads\/2025\/04\/Dizajn-me-logo-te-UHZ.webp\",\"datePublished\":\"2024-04-24T08:03:41+00:00\",\"dateModified\":\"2025-07-17T07:11:38+00:00\",\"description\":\"Aktivitetet shkencore t\u00eb stafit akademik n\u00eb kontinuitet mbulojn\u00eb publikime, pjes\u00ebmarrje n\u00eb konferenca dhe projekte t\u00eb vazhdueshme n\u00eb Universitetin \u201cHaxhi Zeka\u201d.\",\"breadcrumb\":{\"@id\":\"https:\/\/unhz.eu\/aktivitetet-shkencore-te-stafit-akademik-ne-kontinuitet\/#breadcrumb\"},\"inLanguage\":\"en-US\",\"potentialAction\":[{\"@type\":\"ReadAction\",\"target\":[\"https:\/\/unhz.eu\/aktivitetet-shkencore-te-stafit-akademik-ne-kontinuitet\/\"]}]},{\"@type\":\"ImageObject\",\"inLanguage\":\"en-US\",\"@id\":\"https:\/\/unhz.eu\/aktivitetet-shkencore-te-stafit-akademik-ne-kontinuitet\/#primaryimage\",\"url\":\"https:\/\/unhz.eu\/wp-content\/uploads\/2025\/04\/Dizajn-me-logo-te-UHZ.webp\",\"contentUrl\":\"https:\/\/unhz.eu\/wp-content\/uploads\/2025\/04\/Dizajn-me-logo-te-UHZ.webp\",\"width\":1000,\"height\":1000,\"caption\":\"Universiteti Haxhi Zeka, UHZ logo me background te kuq\"},{\"@type\":\"BreadcrumbList\",\"@id\":\"https:\/\/unhz.eu\/aktivitetet-shkencore-te-stafit-akademik-ne-kontinuitet\/#breadcrumb\",\"itemListElement\":[{\"@type\":\"ListItem\",\"position\":1,\"name\":\"Home\",\"item\":\"https:\/\/unhz.eu\/\"},{\"@type\":\"ListItem\",\"position\":2,\"name\":\"Aktivitetet shkencore t\u00eb stafit akademik n\u00eb kontinuitet\"}]},{\"@type\":\"WebSite\",\"@id\":\"https:\/\/unhz.eu\/#website\",\"url\":\"https:\/\/unhz.eu\/\",\"name\":\"Universiteti \u201cHaxhi Zeka\u201d\",\"description\":\"I dedikuar p\u00ebr cil\u00ebsi, standarde dhe suksese\",\"publisher\":{\"@id\":\"https:\/\/unhz.eu\/#organization\"},\"alternateName\":\"Universiteti Haxhi Zeka\",\"potentialAction\":[{\"@type\":\"SearchAction\",\"target\":{\"@type\":\"EntryPoint\",\"urlTemplate\":\"https:\/\/unhz.eu\/?s={search_term_string}\"},\"query-input\":{\"@type\":\"PropertyValueSpecification\",\"valueRequired\":true,\"valueName\":\"search_term_string\"}}],\"inLanguage\":\"en-US\"},{\"@type\":\"Organization\",\"@id\":\"https:\/\/unhz.eu\/#organization\",\"name\":\"Universiteti \u201cHaxhi Zeka\u201d\",\"alternateName\":\"Universiteti Haxhi Zeka\",\"url\":\"https:\/\/unhz.eu\/\",\"logo\":{\"@type\":\"ImageObject\",\"inLanguage\":\"en-US\",\"@id\":\"https:\/\/unhz.eu\/#\/schema\/logo\/image\/\",\"url\":\"https:\/\/unhz.eu\/wp-content\/uploads\/2025\/04\/logo-unhz.webp\",\"contentUrl\":\"https:\/\/unhz.eu\/wp-content\/uploads\/2025\/04\/logo-unhz.webp\",\"width\":1024,\"height\":260,\"caption\":\"Universiteti \u201cHaxhi Zeka\u201d\"},\"image\":{\"@id\":\"https:\/\/unhz.eu\/#\/schema\/logo\/image\/\"},\"sameAs\":[\"https:\/\/www.facebook.com\/uni.haxhizeka\",\"https:\/\/x.com\/uni_haxhizeka\",\"https:\/\/www.linkedin.com\/school\/haxhi-zeka-university\",\"https:\/\/www.instagram.com\/uni_haxhizeka\/\"],\"description\":\"Universiteti \u201cHaxhi Zeka\u201d n\u00eb Pej\u00eb \u00ebsht\u00eb institucion publik i arsimit t\u00eb lart\u00eb, q\u00eb ofron studime bachelor, master dhe doktorat\u00eb n\u00eb fusha t\u00eb ndryshme si menaxhimi, turizmi, ekonomia, bujq\u00ebsia, arti dhe drejt\u00ebsia. Universiteti synon zhvillimin akademik, hulumtimin shkencor dhe kontributin n\u00eb komunitet.\",\"email\":\"info@unhz.eu\",\"telephone\":\"+38339410970\",\"legalName\":\"Universiteti \u201cHaxhi Zeka\u201d n\u00eb Pej\u00eb\",\"foundingDate\":\"2011-11-14\",\"numberOfEmployees\":{\"@type\":\"QuantitativeValue\",\"minValue\":\"201\",\"maxValue\":\"500\"}}]}<\/script>\n<!-- \/ Yoast SEO Premium plugin. -->","yoast_head_json":{"title":"Aktivitetet shkencore t\u00eb stafit akademik n\u00eb kontinuitet - University Haxhi Zeka","description":"Aktivitetet shkencore t\u00eb stafit akademik n\u00eb kontinuitet mbulojn\u00eb publikime, pjes\u00ebmarrje n\u00eb konferenca dhe projekte t\u00eb vazhdueshme n\u00eb Universitetin \u201cHaxhi Zeka\u201d.","robots":{"index":"index","follow":"follow","max-snippet":"max-snippet:-1","max-image-preview":"max-image-preview:large","max-video-preview":"max-video-preview:-1"},"canonical":"https:\/\/unhz.eu\/en\/aktivitetet-shkencore-te-stafit-akademik-ne-kontinuitet\/","og_locale":"en_US","og_type":"article","og_title":"Aktivitetet shkencore t\u00eb stafit akademik n\u00eb kontinuitet","og_description":"Aktivitetet shkencore t\u00eb stafit akademik n\u00eb kontinuitet mbulojn\u00eb publikime, pjes\u00ebmarrje n\u00eb konferenca dhe projekte t\u00eb vazhdueshme n\u00eb Universitetin \u201cHaxhi Zeka\u201d.","og_url":"https:\/\/unhz.eu\/en\/aktivitetet-shkencore-te-stafit-akademik-ne-kontinuitet\/","og_site_name":"University Haxhi Zeka","article_publisher":"https:\/\/www.facebook.com\/uni.haxhizeka","article_modified_time":"2025-07-17T07:11:38+00:00","og_image":[{"width":1000,"height":1000,"url":"https:\/\/unhz.eu\/wp-content\/uploads\/2025\/04\/Dizajn-me-logo-te-UHZ.webp","type":"image\/webp"}],"twitter_card":"summary_large_image","twitter_site":"@uni_haxhizeka","twitter_misc":{"Est. reading time":"1 minute"},"schema":{"@context":"https:\/\/schema.org","@graph":[{"@type":"WebPage","@id":"https:\/\/unhz.eu\/aktivitetet-shkencore-te-stafit-akademik-ne-kontinuitet\/","url":"https:\/\/unhz.eu\/aktivitetet-shkencore-te-stafit-akademik-ne-kontinuitet\/","name":"Aktivitetet shkencore t\u00eb stafit akademik n\u00eb kontinuitet - University Haxhi Zeka","isPartOf":{"@id":"https:\/\/unhz.eu\/#website"},"primaryImageOfPage":{"@id":"https:\/\/unhz.eu\/aktivitetet-shkencore-te-stafit-akademik-ne-kontinuitet\/#primaryimage"},"image":{"@id":"https:\/\/unhz.eu\/aktivitetet-shkencore-te-stafit-akademik-ne-kontinuitet\/#primaryimage"},"thumbnailUrl":"https:\/\/unhz.eu\/wp-content\/uploads\/2025\/04\/Dizajn-me-logo-te-UHZ.webp","datePublished":"2024-04-24T08:03:41+00:00","dateModified":"2025-07-17T07:11:38+00:00","description":"Aktivitetet shkencore t\u00eb stafit akademik n\u00eb kontinuitet mbulojn\u00eb publikime, pjes\u00ebmarrje n\u00eb konferenca dhe projekte t\u00eb vazhdueshme n\u00eb Universitetin \u201cHaxhi Zeka\u201d.","breadcrumb":{"@id":"https:\/\/unhz.eu\/aktivitetet-shkencore-te-stafit-akademik-ne-kontinuitet\/#breadcrumb"},"inLanguage":"en-US","potentialAction":[{"@type":"ReadAction","target":["https:\/\/unhz.eu\/aktivitetet-shkencore-te-stafit-akademik-ne-kontinuitet\/"]}]},{"@type":"ImageObject","inLanguage":"en-US","@id":"https:\/\/unhz.eu\/aktivitetet-shkencore-te-stafit-akademik-ne-kontinuitet\/#primaryimage","url":"https:\/\/unhz.eu\/wp-content\/uploads\/2025\/04\/Dizajn-me-logo-te-UHZ.webp","contentUrl":"https:\/\/unhz.eu\/wp-content\/uploads\/2025\/04\/Dizajn-me-logo-te-UHZ.webp","width":1000,"height":1000,"caption":"Universiteti Haxhi Zeka, UHZ logo me background te kuq"},{"@type":"BreadcrumbList","@id":"https:\/\/unhz.eu\/aktivitetet-shkencore-te-stafit-akademik-ne-kontinuitet\/#breadcrumb","itemListElement":[{"@type":"ListItem","position":1,"name":"Home","item":"https:\/\/unhz.eu\/"},{"@type":"ListItem","position":2,"name":"Aktivitetet shkencore t\u00eb stafit akademik n\u00eb kontinuitet"}]},{"@type":"WebSite","@id":"https:\/\/unhz.eu\/#website","url":"https:\/\/unhz.eu\/","name":"&quot;Haxhi Zeka&quot; University\u201c","description":"Dedicated to quality, standards and success","publisher":{"@id":"https:\/\/unhz.eu\/#organization"},"alternateName":"Universiteti Haxhi Zeka","potentialAction":[{"@type":"SearchAction","target":{"@type":"EntryPoint","urlTemplate":"https:\/\/unhz.eu\/?s={search_term_string}"},"query-input":{"@type":"PropertyValueSpecification","valueRequired":true,"valueName":"search_term_string"}}],"inLanguage":"en-US"},{"@type":"Organization","@id":"https:\/\/unhz.eu\/#organization","name":"&quot;Haxhi Zeka&quot; University\u201c","alternateName":"Universiteti Haxhi Zeka","url":"https:\/\/unhz.eu\/","logo":{"@type":"ImageObject","inLanguage":"en-US","@id":"https:\/\/unhz.eu\/#\/schema\/logo\/image\/","url":"https:\/\/unhz.eu\/wp-content\/uploads\/2025\/04\/logo-unhz.webp","contentUrl":"https:\/\/unhz.eu\/wp-content\/uploads\/2025\/04\/logo-unhz.webp","width":1024,"height":260,"caption":"Universiteti \u201cHaxhi Zeka\u201d"},"image":{"@id":"https:\/\/unhz.eu\/#\/schema\/logo\/image\/"},"sameAs":["https:\/\/www.facebook.com\/uni.haxhizeka","https:\/\/x.com\/uni_haxhizeka","https:\/\/www.linkedin.com\/school\/haxhi-zeka-university","https:\/\/www.instagram.com\/uni_haxhizeka\/"],"description":"&quot;Haxhi Zeka&quot; University in Peja is a public institution of higher education, offering bachelor&#039;s, master&#039;s and doctoral studies in various fields such as management, tourism, economics, agriculture, art and law. The university aims at academic development, scientific research and contribution to the community.","email":"info@unhz.eu","telephone":"+38339410970","legalName":"Universiteti \u201cHaxhi Zeka\u201d n\u00eb Pej\u00eb","foundingDate":"2011-11-14","numberOfEmployees":{"@type":"QuantitativeValue","minValue":"201","maxValue":"500"}}]}},"acf":[],"_links":{"self":[{"href":"https:\/\/unhz.eu\/en\/wp-json\/wp\/v2\/pages\/23338","targetHints":{"allow":["GET"]}}],"collection":[{"href":"https:\/\/unhz.eu\/en\/wp-json\/wp\/v2\/pages"}],"about":[{"href":"https:\/\/unhz.eu\/en\/wp-json\/wp\/v2\/types\/page"}],"author":[{"embeddable":true,"href":"https:\/\/unhz.eu\/en\/wp-json\/wp\/v2\/users\/1"}],"replies":[{"embeddable":true,"href":"https:\/\/unhz.eu\/en\/wp-json\/wp\/v2\/comments?post=23338"}],"version-history":[{"count":2,"href":"https:\/\/unhz.eu\/en\/wp-json\/wp\/v2\/pages\/23338\/revisions"}],"predecessor-version":[{"id":56709,"href":"https:\/\/unhz.eu\/en\/wp-json\/wp\/v2\/pages\/23338\/revisions\/56709"}],"wp:featuredmedia":[{"embeddable":true,"href":"https:\/\/unhz.eu\/en\/wp-json\/wp\/v2\/media\/50754"}],"wp:attachment":[{"href":"https:\/\/unhz.eu\/en\/wp-json\/wp\/v2\/media?parent=23338"}],"curies":[{"name":"wp","href":"https:\/\/api.w.org\/{rel}","templated":true}]}}