{"id":23314,"date":"2024-04-24T08:00:30","date_gmt":"2024-04-24T08:00:30","guid":{"rendered":"https:\/\/unhz.eu\/?page_id=23314"},"modified":"2025-09-02T09:08:39","modified_gmt":"2025-09-02T07:08:39","slug":"mbeshtetje-financiare-per-publikimin-e-punimeve-shkencore-ne-platformat-web-of-science-dhe-scopus","status":"publish","type":"page","link":"https:\/\/unhz.eu\/en\/mbeshtetje-financiare-per-publikimin-e-punimeve-shkencore-ne-platformat-web-of-science-dhe-scopus\/","title":{"rendered":"Financial support for the publication of scientific papers on the Web of Science and SCOPUS platforms"},"content":{"rendered":"<div data-elementor-type=\"wp-page\" data-elementor-id=\"23314\" class=\"elementor elementor-23314\" data-elementor-post-type=\"page\">\n\t\t\t\t\t\t<section class=\"elementor-section elementor-top-section elementor-element elementor-element-5d14826 elementor-section-boxed elementor-section-height-default elementor-section-height-default sc_fly_static\" data-id=\"5d14826\" data-element_type=\"section\" data-e-type=\"section\">\n\t\t\t\t\t\t<div class=\"elementor-container elementor-column-gap-extended\">\n\t\t\t\t\t<div class=\"elementor-column elementor-col-100 elementor-top-column elementor-element elementor-element-29e235a sc_content_align_inherit sc_layouts_column_icons_position_left sc_fly_static\" data-id=\"29e235a\" data-element_type=\"column\" data-e-type=\"column\">\n\t\t\t<div class=\"elementor-widget-wrap elementor-element-populated\">\n\t\t\t\t\t\t<div class=\"elementor-element elementor-element-2d9b615 sc_fly_static elementor-widget elementor-widget-trx_sc_title\" data-id=\"2d9b615\" data-element_type=\"widget\" data-e-type=\"widget\" data-widget_type=\"trx_sc_title.default\">\n\t\t\t\t<div class=\"elementor-widget-container\">\n\t\t\t\t\t<div\t\tclass=\"sc_title sc_title_default\" ><span class=\"sc_item_subtitle sc_title_subtitle sc_item_subtitle_above sc_item_title_style_default\">About<\/span><h4 class=\"sc_item_title sc_title_title sc_item_title_style_default sc_item_title_tag\"\n\t\t\t><span class=\"sc_item_title_text\">Mb\u00ebshtetjes financiare p\u00ebr publikimin e punimeve shkencore n\u00eb platformat Web of Science dhe SCOPUS<\/span><\/h4><\/div>\t\t\t\t<\/div>\n\t\t\t\t<\/div>\n\t\t\t\t\t<\/div>\n\t\t<\/div>\n\t\t\t\t\t<\/div>\n\t\t<\/section>\n\t\t\t\t<section class=\"elementor-section elementor-top-section elementor-element elementor-element-92aae0d elementor-section-boxed elementor-section-height-default elementor-section-height-default sc_fly_static\" data-id=\"92aae0d\" data-element_type=\"section\" data-e-type=\"section\">\n\t\t\t\t\t\t<div class=\"elementor-container elementor-column-gap-extended\">\n\t\t\t\t\t<div class=\"elementor-column elementor-col-100 elementor-top-column elementor-element elementor-element-d7ab041 sc_content_align_inherit sc_layouts_column_icons_position_left sc_fly_static\" data-id=\"d7ab041\" data-element_type=\"column\" data-e-type=\"column\">\n\t\t\t<div class=\"elementor-widget-wrap elementor-element-populated\">\n\t\t\t\t\t\t<div class=\"elementor-element elementor-element-44845e5 sc_fly_static elementor-widget elementor-widget-spacer\" data-id=\"44845e5\" data-element_type=\"widget\" data-e-type=\"widget\" data-widget_type=\"spacer.default\">\n\t\t\t\t<div class=\"elementor-widget-container\">\n\t\t\t\t\t\t\t<div class=\"elementor-spacer\">\n\t\t\t<div class=\"elementor-spacer-inner\"><\/div>\n\t\t<\/div>\n\t\t\t\t\t\t<\/div>\n\t\t\t\t<\/div>\n\t\t\t\t\t<\/div>\n\t\t<\/div>\n\t\t\t\t\t<\/div>\n\t\t<\/section>\n\t\t\t\t<section class=\"elementor-section elementor-top-section elementor-element elementor-element-9c9197e elementor-section-boxed elementor-section-height-default elementor-section-height-default sc_fly_static\" data-id=\"9c9197e\" data-element_type=\"section\" data-e-type=\"section\">\n\t\t\t\t\t\t<div class=\"elementor-container elementor-column-gap-extended\">\n\t\t\t\t\t<div class=\"elementor-column elementor-col-100 elementor-top-column elementor-element elementor-element-2fc5da2 sc_content_align_inherit sc_layouts_column_icons_position_left sc_fly_static\" data-id=\"2fc5da2\" data-element_type=\"column\" data-e-type=\"column\">\n\t\t\t<div class=\"elementor-widget-wrap elementor-element-populated\">\n\t\t\t\t\t\t<div class=\"elementor-element elementor-element-242661a sc_fly_static elementor-widget elementor-widget-text-editor\" data-id=\"242661a\" data-element_type=\"widget\" data-e-type=\"widget\" data-widget_type=\"text-editor.default\">\n\t\t\t\t<div class=\"elementor-widget-container\">\n\t\t\t\t\t\t\t\t\t<p><a href=\"https:\/\/unhz.eu\/wp-content\/uploads\/2025\/09\/FINANCIAL-SUPPORT-FOR-THE-PUBLICATION-OF-SCIENTIFIC-PAPERS_FIRST-6-MONTHS_2025.pdf\"> FINANCIAL SUPPORT FOR THE PUBLICATION OF SCIENTIFIC PAPERS &#8211; 2025<\/a><\/p><p><a href=\"https:\/\/unhz.eu\/wp-content\/uploads\/2025\/06\/FINANCIAL-SUPPORT-FOR-THE-PUBLICATION-OF-SCIENTIFIC-PAPERS_2024.pdf\">FINANCIAL SUPPORT FOR THE PUBLICATION OF SCIENTIFIC PAPERS_2024<\/a><\/p><p><a href=\"https:\/\/unhz.eu\/wp-content\/uploads\/2025\/06\/FINANCIAL-SUPPORT-FOR-THE-PUBLICATION-OF-SCIENTIFIC-PAPERS_2023.pdf\">Mb\u00ebshtetje financiare p\u00ebr publikimin e punimeve shkencore_2023<\/a><\/p><p><a href=\"https:\/\/drive.google.com\/file\/d\/13EvybNlnZZFX7xRdhELwa_ibyjR6I7-w\/view?usp=sharing\" target=\"_blank\" rel=\"noreferrer noopener\">Mb\u00ebshtetje financiare p\u00ebr publikimin e punimeve shkencore_2022<\/a><\/p><p><a href=\"https:\/\/drive.google.com\/file\/d\/1lrQPWn8BMnADTWROAGTDe1Gf_BewtBe_\/view?usp=sharing\" target=\"_blank\" rel=\"noreferrer noopener\">Finansijska podr\u0161ka za objavljivanje nau\u010dnih radova_2022<\/a><\/p><p><a href=\"https:\/\/drive.google.com\/file\/d\/1Px825d77UunOjoFOMnnIOm5xLu1fonnU\/view?usp=sharing\" target=\"_blank\" rel=\"noreferrer noopener\">Financial support for the publication of scientific papers_2022<br \/><\/a><br \/><a href=\"https:\/\/drive.google.com\/file\/d\/18YhHetzFRxktnL6PS4GGxS-sTvSmZnbb\/view?usp=sharing\">Mb\u00ebshtetje financiare p\u00ebr publikimin e punimeve shkencore_2021<\/a><\/p><p><a href=\"https:\/\/drive.google.com\/file\/d\/1R98hiHAFXqbZ8ifjGLQyb9rfejBimX7M\/view?usp=sharing\">Finansijska podrska za naucne radove_2021<\/a><\/p><p><a href=\"https:\/\/drive.google.com\/file\/d\/1F-KSCrLNEVy2rr-Q4JZMpEqwGEsuGf7L\/view?usp=sharing\" target=\"_blank\" rel=\"noreferrer noopener\">FINANCIAL SUPPORT FOR THE PUBLICATION OF SCIENTIFIC PAPERS \u2013 2021<\/a><\/p><p><a href=\"https:\/\/drive.google.com\/file\/d\/11LbVhKE3ylenKWGloKl9A_qtYe7WPAWT\/view?usp=sharing\">Mb\u00ebshtetje financiare p\u00ebr publikimin e punimeve shkencore_2020<\/a><\/p><p><a href=\"https:\/\/drive.google.com\/file\/d\/1Jh6Q5Nu2Ke6CU81dnw1nZOrT1Sm61s5c\/view?usp=sharing\">Finansijska podrska za naucne radove_2020<\/a><\/p><p><a href=\"https:\/\/drive.google.com\/file\/d\/1hVUgHgc-1OJOSYLKRL7lUgLMaOtkHoEd\/view?usp=sharing\" target=\"_blank\" rel=\"noreferrer noopener\">FINANCIAL SUPPORT FOR THE PUBLICATION OF SCIENTIFIC PAPERS \u2013 2020<\/a><\/p>\t\t\t\t\t\t\t\t<\/div>\n\t\t\t\t<\/div>\n\t\t\t\t\t<\/div>\n\t\t<\/div>\n\t\t\t\t\t<\/div>\n\t\t<\/section>\n\t\t\t\t<\/div>","protected":false},"excerpt":{"rendered":"<p>Rreth Mb\u00ebshtetjes financiare p\u00ebr publikimin e punimeve shkencore n\u00eb platformat Web of Science dhe SCOPUS&hellip;<\/p>","protected":false},"author":1,"featured_media":50754,"parent":0,"menu_order":0,"comment_status":"closed","ping_status":"closed","template":"","meta":{"_acf_changed":false,"footnotes":""},"class_list":["post-23314","page","type-page","status-publish","has-post-thumbnail","hentry"],"yoast_head":"<!-- This site is optimized with the Yoast SEO Premium plugin v27.2 (Yoast SEO v27.2) - https:\/\/yoast.com\/product\/yoast-seo-premium-wordpress\/ -->\n<title>Mb\u00ebshtetje financiare p\u00ebr publikimin e punimeve shkencore n\u00eb platformat Web of Science dhe SCOPUS - University Haxhi Zeka<\/title>\n<meta name=\"description\" content=\"Mb\u00ebshtetje financiare p\u00ebr staf akademik t\u00eb UHZ-s\u00eb p\u00ebr publikimin e punimeve shkencore n\u00eb revista t\u00eb indeksuara n\u00eb Web of Science dhe SCOPUS.\" \/>\n<meta name=\"robots\" content=\"index, follow, max-snippet:-1, max-image-preview:large, max-video-preview:-1\" \/>\n<link rel=\"canonical\" href=\"https:\/\/unhz.eu\/en\/mbeshtetje-financiare-per-publikimin-e-punimeve-shkencore-ne-platformat-web-of-science-dhe-scopus\/\" \/>\n<meta property=\"og:locale\" content=\"en_US\" \/>\n<meta property=\"og:type\" content=\"article\" \/>\n<meta property=\"og:title\" content=\"Mb\u00ebshtetje financiare p\u00ebr publikimin e punimeve shkencore n\u00eb platformat Web of Science dhe SCOPUS\" \/>\n<meta property=\"og:description\" content=\"Mb\u00ebshtetje financiare p\u00ebr staf akademik t\u00eb UHZ-s\u00eb p\u00ebr publikimin e punimeve shkencore n\u00eb revista t\u00eb indeksuara n\u00eb Web of Science dhe SCOPUS.\" \/>\n<meta property=\"og:url\" content=\"https:\/\/unhz.eu\/en\/mbeshtetje-financiare-per-publikimin-e-punimeve-shkencore-ne-platformat-web-of-science-dhe-scopus\/\" \/>\n<meta property=\"og:site_name\" content=\"University Haxhi Zeka\" \/>\n<meta property=\"article:publisher\" content=\"https:\/\/www.facebook.com\/uni.haxhizeka\" \/>\n<meta property=\"article:modified_time\" content=\"2025-09-02T07:08:39+00:00\" \/>\n<meta property=\"og:image\" content=\"https:\/\/unhz.eu\/wp-content\/uploads\/2025\/04\/Dizajn-me-logo-te-UHZ.webp\" \/>\n\t<meta property=\"og:image:width\" content=\"1000\" \/>\n\t<meta property=\"og:image:height\" content=\"1000\" \/>\n\t<meta property=\"og:image:type\" content=\"image\/webp\" \/>\n<meta name=\"twitter:card\" content=\"summary_large_image\" \/>\n<meta name=\"twitter:site\" content=\"@uni_haxhizeka\" \/>\n<meta name=\"twitter:label1\" content=\"Est. reading time\" \/>\n\t<meta name=\"twitter:data1\" content=\"1 minute\" \/>\n<script type=\"application\/ld+json\" class=\"yoast-schema-graph\">{\"@context\":\"https:\/\/schema.org\",\"@graph\":[{\"@type\":\"WebPage\",\"@id\":\"https:\/\/unhz.eu\/mbeshtetje-financiare-per-publikimin-e-punimeve-shkencore-ne-platformat-web-of-science-dhe-scopus\/\",\"url\":\"https:\/\/unhz.eu\/mbeshtetje-financiare-per-publikimin-e-punimeve-shkencore-ne-platformat-web-of-science-dhe-scopus\/\",\"name\":\"Mb\u00ebshtetje financiare p\u00ebr publikimin e punimeve shkencore n\u00eb platformat Web of Science dhe SCOPUS - University Haxhi Zeka\",\"isPartOf\":{\"@id\":\"https:\/\/unhz.eu\/#website\"},\"primaryImageOfPage\":{\"@id\":\"https:\/\/unhz.eu\/mbeshtetje-financiare-per-publikimin-e-punimeve-shkencore-ne-platformat-web-of-science-dhe-scopus\/#primaryimage\"},\"image\":{\"@id\":\"https:\/\/unhz.eu\/mbeshtetje-financiare-per-publikimin-e-punimeve-shkencore-ne-platformat-web-of-science-dhe-scopus\/#primaryimage\"},\"thumbnailUrl\":\"https:\/\/unhz.eu\/wp-content\/uploads\/2025\/04\/Dizajn-me-logo-te-UHZ.webp\",\"datePublished\":\"2024-04-24T08:00:30+00:00\",\"dateModified\":\"2025-09-02T07:08:39+00:00\",\"description\":\"Mb\u00ebshtetje financiare p\u00ebr staf akademik t\u00eb UHZ-s\u00eb p\u00ebr publikimin e punimeve shkencore n\u00eb revista t\u00eb indeksuara n\u00eb Web of Science dhe SCOPUS.\",\"breadcrumb\":{\"@id\":\"https:\/\/unhz.eu\/mbeshtetje-financiare-per-publikimin-e-punimeve-shkencore-ne-platformat-web-of-science-dhe-scopus\/#breadcrumb\"},\"inLanguage\":\"en-US\",\"potentialAction\":[{\"@type\":\"ReadAction\",\"target\":[\"https:\/\/unhz.eu\/mbeshtetje-financiare-per-publikimin-e-punimeve-shkencore-ne-platformat-web-of-science-dhe-scopus\/\"]}]},{\"@type\":\"ImageObject\",\"inLanguage\":\"en-US\",\"@id\":\"https:\/\/unhz.eu\/mbeshtetje-financiare-per-publikimin-e-punimeve-shkencore-ne-platformat-web-of-science-dhe-scopus\/#primaryimage\",\"url\":\"https:\/\/unhz.eu\/wp-content\/uploads\/2025\/04\/Dizajn-me-logo-te-UHZ.webp\",\"contentUrl\":\"https:\/\/unhz.eu\/wp-content\/uploads\/2025\/04\/Dizajn-me-logo-te-UHZ.webp\",\"width\":1000,\"height\":1000,\"caption\":\"Universiteti Haxhi Zeka, UHZ logo me background te kuq\"},{\"@type\":\"BreadcrumbList\",\"@id\":\"https:\/\/unhz.eu\/mbeshtetje-financiare-per-publikimin-e-punimeve-shkencore-ne-platformat-web-of-science-dhe-scopus\/#breadcrumb\",\"itemListElement\":[{\"@type\":\"ListItem\",\"position\":1,\"name\":\"Home\",\"item\":\"https:\/\/unhz.eu\/\"},{\"@type\":\"ListItem\",\"position\":2,\"name\":\"Mb\u00ebshtetje financiare p\u00ebr publikimin e punimeve shkencore n\u00eb platformat Web of Science dhe SCOPUS\"}]},{\"@type\":\"WebSite\",\"@id\":\"https:\/\/unhz.eu\/#website\",\"url\":\"https:\/\/unhz.eu\/\",\"name\":\"Universiteti \u201cHaxhi Zeka\u201d\",\"description\":\"I dedikuar p\u00ebr cil\u00ebsi, standarde dhe suksese\",\"publisher\":{\"@id\":\"https:\/\/unhz.eu\/#organization\"},\"alternateName\":\"Universiteti Haxhi Zeka\",\"potentialAction\":[{\"@type\":\"SearchAction\",\"target\":{\"@type\":\"EntryPoint\",\"urlTemplate\":\"https:\/\/unhz.eu\/?s={search_term_string}\"},\"query-input\":{\"@type\":\"PropertyValueSpecification\",\"valueRequired\":true,\"valueName\":\"search_term_string\"}}],\"inLanguage\":\"en-US\"},{\"@type\":\"Organization\",\"@id\":\"https:\/\/unhz.eu\/#organization\",\"name\":\"Universiteti \u201cHaxhi Zeka\u201d\",\"alternateName\":\"Universiteti Haxhi Zeka\",\"url\":\"https:\/\/unhz.eu\/\",\"logo\":{\"@type\":\"ImageObject\",\"inLanguage\":\"en-US\",\"@id\":\"https:\/\/unhz.eu\/#\/schema\/logo\/image\/\",\"url\":\"https:\/\/unhz.eu\/wp-content\/uploads\/2025\/04\/logo-unhz.webp\",\"contentUrl\":\"https:\/\/unhz.eu\/wp-content\/uploads\/2025\/04\/logo-unhz.webp\",\"width\":1024,\"height\":260,\"caption\":\"Universiteti \u201cHaxhi Zeka\u201d\"},\"image\":{\"@id\":\"https:\/\/unhz.eu\/#\/schema\/logo\/image\/\"},\"sameAs\":[\"https:\/\/www.facebook.com\/uni.haxhizeka\",\"https:\/\/x.com\/uni_haxhizeka\",\"https:\/\/www.linkedin.com\/school\/haxhi-zeka-university\",\"https:\/\/www.instagram.com\/uni_haxhizeka\/\"],\"description\":\"Universiteti \u201cHaxhi Zeka\u201d n\u00eb Pej\u00eb \u00ebsht\u00eb institucion publik i arsimit t\u00eb lart\u00eb, q\u00eb ofron studime bachelor, master dhe doktorat\u00eb n\u00eb fusha t\u00eb ndryshme si menaxhimi, turizmi, ekonomia, bujq\u00ebsia, arti dhe drejt\u00ebsia. Universiteti synon zhvillimin akademik, hulumtimin shkencor dhe kontributin n\u00eb komunitet.\",\"email\":\"info@unhz.eu\",\"telephone\":\"+38339410970\",\"legalName\":\"Universiteti \u201cHaxhi Zeka\u201d n\u00eb Pej\u00eb\",\"foundingDate\":\"2011-11-14\",\"numberOfEmployees\":{\"@type\":\"QuantitativeValue\",\"minValue\":\"201\",\"maxValue\":\"500\"}}]}<\/script>\n<!-- \/ Yoast SEO Premium plugin. -->","yoast_head_json":{"title":"Mb\u00ebshtetje financiare p\u00ebr publikimin e punimeve shkencore n\u00eb platformat Web of Science dhe SCOPUS - University Haxhi Zeka","description":"Mb\u00ebshtetje financiare p\u00ebr staf akademik t\u00eb UHZ-s\u00eb p\u00ebr publikimin e punimeve shkencore n\u00eb revista t\u00eb indeksuara n\u00eb Web of Science dhe SCOPUS.","robots":{"index":"index","follow":"follow","max-snippet":"max-snippet:-1","max-image-preview":"max-image-preview:large","max-video-preview":"max-video-preview:-1"},"canonical":"https:\/\/unhz.eu\/en\/mbeshtetje-financiare-per-publikimin-e-punimeve-shkencore-ne-platformat-web-of-science-dhe-scopus\/","og_locale":"en_US","og_type":"article","og_title":"Mb\u00ebshtetje financiare p\u00ebr publikimin e punimeve shkencore n\u00eb platformat Web of Science dhe SCOPUS","og_description":"Mb\u00ebshtetje financiare p\u00ebr staf akademik t\u00eb UHZ-s\u00eb p\u00ebr publikimin e punimeve shkencore n\u00eb revista t\u00eb indeksuara n\u00eb Web of Science dhe SCOPUS.","og_url":"https:\/\/unhz.eu\/en\/mbeshtetje-financiare-per-publikimin-e-punimeve-shkencore-ne-platformat-web-of-science-dhe-scopus\/","og_site_name":"University Haxhi Zeka","article_publisher":"https:\/\/www.facebook.com\/uni.haxhizeka","article_modified_time":"2025-09-02T07:08:39+00:00","og_image":[{"width":1000,"height":1000,"url":"https:\/\/unhz.eu\/wp-content\/uploads\/2025\/04\/Dizajn-me-logo-te-UHZ.webp","type":"image\/webp"}],"twitter_card":"summary_large_image","twitter_site":"@uni_haxhizeka","twitter_misc":{"Est. reading time":"1 minute"},"schema":{"@context":"https:\/\/schema.org","@graph":[{"@type":"WebPage","@id":"https:\/\/unhz.eu\/mbeshtetje-financiare-per-publikimin-e-punimeve-shkencore-ne-platformat-web-of-science-dhe-scopus\/","url":"https:\/\/unhz.eu\/mbeshtetje-financiare-per-publikimin-e-punimeve-shkencore-ne-platformat-web-of-science-dhe-scopus\/","name":"Mb\u00ebshtetje financiare p\u00ebr publikimin e punimeve shkencore n\u00eb platformat Web of Science dhe SCOPUS - University Haxhi Zeka","isPartOf":{"@id":"https:\/\/unhz.eu\/#website"},"primaryImageOfPage":{"@id":"https:\/\/unhz.eu\/mbeshtetje-financiare-per-publikimin-e-punimeve-shkencore-ne-platformat-web-of-science-dhe-scopus\/#primaryimage"},"image":{"@id":"https:\/\/unhz.eu\/mbeshtetje-financiare-per-publikimin-e-punimeve-shkencore-ne-platformat-web-of-science-dhe-scopus\/#primaryimage"},"thumbnailUrl":"https:\/\/unhz.eu\/wp-content\/uploads\/2025\/04\/Dizajn-me-logo-te-UHZ.webp","datePublished":"2024-04-24T08:00:30+00:00","dateModified":"2025-09-02T07:08:39+00:00","description":"Mb\u00ebshtetje financiare p\u00ebr staf akademik t\u00eb UHZ-s\u00eb p\u00ebr publikimin e punimeve shkencore n\u00eb revista t\u00eb indeksuara n\u00eb Web of Science dhe SCOPUS.","breadcrumb":{"@id":"https:\/\/unhz.eu\/mbeshtetje-financiare-per-publikimin-e-punimeve-shkencore-ne-platformat-web-of-science-dhe-scopus\/#breadcrumb"},"inLanguage":"en-US","potentialAction":[{"@type":"ReadAction","target":["https:\/\/unhz.eu\/mbeshtetje-financiare-per-publikimin-e-punimeve-shkencore-ne-platformat-web-of-science-dhe-scopus\/"]}]},{"@type":"ImageObject","inLanguage":"en-US","@id":"https:\/\/unhz.eu\/mbeshtetje-financiare-per-publikimin-e-punimeve-shkencore-ne-platformat-web-of-science-dhe-scopus\/#primaryimage","url":"https:\/\/unhz.eu\/wp-content\/uploads\/2025\/04\/Dizajn-me-logo-te-UHZ.webp","contentUrl":"https:\/\/unhz.eu\/wp-content\/uploads\/2025\/04\/Dizajn-me-logo-te-UHZ.webp","width":1000,"height":1000,"caption":"Universiteti Haxhi Zeka, UHZ logo me background te kuq"},{"@type":"BreadcrumbList","@id":"https:\/\/unhz.eu\/mbeshtetje-financiare-per-publikimin-e-punimeve-shkencore-ne-platformat-web-of-science-dhe-scopus\/#breadcrumb","itemListElement":[{"@type":"ListItem","position":1,"name":"Home","item":"https:\/\/unhz.eu\/"},{"@type":"ListItem","position":2,"name":"Mb\u00ebshtetje financiare p\u00ebr publikimin e punimeve shkencore n\u00eb platformat Web of Science dhe SCOPUS"}]},{"@type":"WebSite","@id":"https:\/\/unhz.eu\/#website","url":"https:\/\/unhz.eu\/","name":"&quot;Haxhi Zeka&quot; University\u201c","description":"Dedicated to quality, standards and success","publisher":{"@id":"https:\/\/unhz.eu\/#organization"},"alternateName":"Universiteti Haxhi Zeka","potentialAction":[{"@type":"SearchAction","target":{"@type":"EntryPoint","urlTemplate":"https:\/\/unhz.eu\/?s={search_term_string}"},"query-input":{"@type":"PropertyValueSpecification","valueRequired":true,"valueName":"search_term_string"}}],"inLanguage":"en-US"},{"@type":"Organization","@id":"https:\/\/unhz.eu\/#organization","name":"&quot;Haxhi Zeka&quot; University\u201c","alternateName":"Universiteti Haxhi Zeka","url":"https:\/\/unhz.eu\/","logo":{"@type":"ImageObject","inLanguage":"en-US","@id":"https:\/\/unhz.eu\/#\/schema\/logo\/image\/","url":"https:\/\/unhz.eu\/wp-content\/uploads\/2025\/04\/logo-unhz.webp","contentUrl":"https:\/\/unhz.eu\/wp-content\/uploads\/2025\/04\/logo-unhz.webp","width":1024,"height":260,"caption":"Universiteti \u201cHaxhi Zeka\u201d"},"image":{"@id":"https:\/\/unhz.eu\/#\/schema\/logo\/image\/"},"sameAs":["https:\/\/www.facebook.com\/uni.haxhizeka","https:\/\/x.com\/uni_haxhizeka","https:\/\/www.linkedin.com\/school\/haxhi-zeka-university","https:\/\/www.instagram.com\/uni_haxhizeka\/"],"description":"&quot;Haxhi Zeka&quot; University in Peja is a public institution of higher education, offering bachelor&#039;s, master&#039;s and doctoral studies in various fields such as management, tourism, economics, agriculture, art and law. The university aims at academic development, scientific research and contribution to the community.","email":"info@unhz.eu","telephone":"+38339410970","legalName":"Universiteti \u201cHaxhi Zeka\u201d n\u00eb Pej\u00eb","foundingDate":"2011-11-14","numberOfEmployees":{"@type":"QuantitativeValue","minValue":"201","maxValue":"500"}}]}},"acf":[],"_links":{"self":[{"href":"https:\/\/unhz.eu\/en\/wp-json\/wp\/v2\/pages\/23314","targetHints":{"allow":["GET"]}}],"collection":[{"href":"https:\/\/unhz.eu\/en\/wp-json\/wp\/v2\/pages"}],"about":[{"href":"https:\/\/unhz.eu\/en\/wp-json\/wp\/v2\/types\/page"}],"author":[{"embeddable":true,"href":"https:\/\/unhz.eu\/en\/wp-json\/wp\/v2\/users\/1"}],"replies":[{"embeddable":true,"href":"https:\/\/unhz.eu\/en\/wp-json\/wp\/v2\/comments?post=23314"}],"version-history":[{"count":5,"href":"https:\/\/unhz.eu\/en\/wp-json\/wp\/v2\/pages\/23314\/revisions"}],"predecessor-version":[{"id":57527,"href":"https:\/\/unhz.eu\/en\/wp-json\/wp\/v2\/pages\/23314\/revisions\/57527"}],"wp:featuredmedia":[{"embeddable":true,"href":"https:\/\/unhz.eu\/en\/wp-json\/wp\/v2\/media\/50754"}],"wp:attachment":[{"href":"https:\/\/unhz.eu\/en\/wp-json\/wp\/v2\/media?parent=23314"}],"curies":[{"name":"wp","href":"https:\/\/api.w.org\/{rel}","templated":true}]}}