{"id":23310,"date":"2024-04-24T07:59:53","date_gmt":"2024-04-24T07:59:53","guid":{"rendered":"https:\/\/unhz.eu\/?page_id=23310"},"modified":"2026-03-11T09:37:58","modified_gmt":"2026-03-11T07:37:58","slug":"baza-e-te-dhenave-te-aktiviteteve-shkencore-te-stafit-akademik","status":"publish","type":"page","link":"https:\/\/unhz.eu\/en\/baza-e-te-dhenave-te-aktiviteteve-shkencore-te-stafit-akademik\/","title":{"rendered":"Database of scientific activities of academic staff"},"content":{"rendered":"<div data-elementor-type=\"wp-page\" data-elementor-id=\"23310\" class=\"elementor elementor-23310\" data-elementor-post-type=\"page\">\n\t\t\t\t\t\t<section class=\"elementor-section elementor-top-section elementor-element elementor-element-a453e32 elementor-section-boxed elementor-section-height-default elementor-section-height-default sc_fly_static\" data-id=\"a453e32\" data-element_type=\"section\" data-e-type=\"section\">\n\t\t\t\t\t\t<div class=\"elementor-container elementor-column-gap-extended\">\n\t\t\t\t\t<div class=\"elementor-column elementor-col-100 elementor-top-column elementor-element elementor-element-f2bdbf0 sc_content_align_inherit sc_layouts_column_icons_position_left sc_fly_static\" data-id=\"f2bdbf0\" data-element_type=\"column\" data-e-type=\"column\">\n\t\t\t<div class=\"elementor-widget-wrap elementor-element-populated\">\n\t\t\t\t\t\t<div class=\"elementor-element elementor-element-903d463 sc_fly_static elementor-widget elementor-widget-trx_sc_title\" data-id=\"903d463\" data-element_type=\"widget\" data-e-type=\"widget\" data-widget_type=\"trx_sc_title.default\">\n\t\t\t\t<div class=\"elementor-widget-container\">\n\t\t\t\t\t<div\t\tclass=\"sc_title sc_title_default\" ><span class=\"sc_item_subtitle sc_title_subtitle sc_item_subtitle_above sc_item_title_style_default\">About<\/span><h4 class=\"sc_item_title sc_title_title sc_item_title_style_default sc_item_title_tag\"\n\t\t\t><span class=\"sc_item_title_text\">Listave me dosjet e nevojshme t\u00eb dh\u00ebnave e publikimeve shkencore t\u00eb stafit akademik<\/span><\/h4><\/div>\t\t\t\t<\/div>\n\t\t\t\t<\/div>\n\t\t\t\t\t<\/div>\n\t\t<\/div>\n\t\t\t\t\t<\/div>\n\t\t<\/section>\n\t\t\t\t<section class=\"elementor-section elementor-top-section elementor-element elementor-element-109f415 elementor-section-boxed elementor-section-height-default elementor-section-height-default sc_fly_static\" data-id=\"109f415\" data-element_type=\"section\" data-e-type=\"section\">\n\t\t\t\t\t\t<div class=\"elementor-container elementor-column-gap-extended\">\n\t\t\t\t\t<div class=\"elementor-column elementor-col-100 elementor-top-column elementor-element elementor-element-77385ac sc_content_align_inherit sc_layouts_column_icons_position_left sc_fly_static\" data-id=\"77385ac\" data-element_type=\"column\" data-e-type=\"column\">\n\t\t\t<div class=\"elementor-widget-wrap elementor-element-populated\">\n\t\t\t\t\t\t<div class=\"elementor-element elementor-element-a351308 sc_fly_static elementor-widget elementor-widget-spacer\" data-id=\"a351308\" data-element_type=\"widget\" data-e-type=\"widget\" data-widget_type=\"spacer.default\">\n\t\t\t\t<div class=\"elementor-widget-container\">\n\t\t\t\t\t\t\t<div class=\"elementor-spacer\">\n\t\t\t<div class=\"elementor-spacer-inner\"><\/div>\n\t\t<\/div>\n\t\t\t\t\t\t<\/div>\n\t\t\t\t<\/div>\n\t\t\t\t\t<\/div>\n\t\t<\/div>\n\t\t\t\t\t<\/div>\n\t\t<\/section>\n\t\t\t\t<section class=\"elementor-section elementor-top-section elementor-element elementor-element-86d816c elementor-section-boxed elementor-section-height-default elementor-section-height-default sc_fly_static\" data-id=\"86d816c\" data-element_type=\"section\" data-e-type=\"section\">\n\t\t\t\t\t\t<div class=\"elementor-container elementor-column-gap-extended\">\n\t\t\t\t\t<div class=\"elementor-column elementor-col-100 elementor-top-column elementor-element elementor-element-79696a6 sc_content_align_inherit sc_layouts_column_icons_position_left sc_fly_static\" data-id=\"79696a6\" data-element_type=\"column\" data-e-type=\"column\">\n\t\t\t<div class=\"elementor-widget-wrap elementor-element-populated\">\n\t\t\t\t\t\t<div class=\"elementor-element elementor-element-5ff0627 sc_fly_static elementor-widget elementor-widget-text-editor\" data-id=\"5ff0627\" data-element_type=\"widget\" data-e-type=\"widget\" data-widget_type=\"text-editor.default\">\n\t\t\t\t<div class=\"elementor-widget-container\">\n\t\t\t\t\t\t\t\t\t<p><a href=\"https:\/\/unhz.eu\/wp-content\/uploads\/2026\/03\/LIST-OF-ACADEMIC-STAFF-ACTIVITIES_2025_FACULTY-OF-BUSINESS.pdf\">LIST OF ACADEMIC STAFF ACTIVITIES_2025_FACULTY OF BUSINESS<\/a><\/p><p><a href=\"https:\/\/unhz.eu\/wp-content\/uploads\/2026\/03\/LIST-OF-ACADEMIC-STAFF-ACTIVITIES_2025_FACULTY-OF-LAW.pdf\">LIST OF ACADEMIC STAFF ACTIVITIES_2025_FACULTY OF LAW<\/a><\/p><p><a href=\"https:\/\/unhz.eu\/wp-content\/uploads\/2026\/03\/LIST-OF-ACADEMIC-STAFF-ACTIVITIES_2025_FACULTY-OF-MTHE.pdf\">LIST OF ACADEMIC STAFF ACTIVITIES_2025_FACULTY OF MTHE<\/a><\/p><p><a href=\"https:\/\/unhz.eu\/wp-content\/uploads\/2026\/03\/LIST-OF-ACADEMIC-STAFF-ACTIVITIES_2025_FACULTY-OF-AGRIBUSINESS.pdf\">LIST OF ACADEMIC STAFF ACTIVITIES_2025_FACULTY OF AGRIBUSINESS<\/a><\/p><p><a href=\"https:\/\/unhz.eu\/wp-content\/uploads\/2026\/03\/LIST-OF-ACADEMIC-STAFF-ACTIVITIES_2025_FACULTY-OF-ARTS.pdf\">LIST OF ACADEMIC STAFF ACTIVITIES_2025_FACULTY OF ARTS<\/a><\/p><p><a href=\"https:\/\/unhz.eu\/wp-content\/uploads\/2025\/06\/LIST-OF-ACADEMIC-STAFF-ACTIVITIES_2024_FACULTY-OF-AGRIBUSINESS.pdf\">LIST OF ACADEMIC STAFF ACTIVITIES_2024_FACULTY OF AGRIBUSINESS<\/a><\/p><p><a href=\"https:\/\/unhz.eu\/wp-content\/uploads\/2025\/06\/LIST-OF-ACADEMIC-STAFF-ACTIVITIES_2024_FACULTY-OF-ARTS.pdf\">LIST OF ACADEMIC STAFF ACTIVITIES_2024_FACULTY OF ARTS<\/a><\/p><p><a href=\"https:\/\/unhz.eu\/wp-content\/uploads\/2025\/06\/LIST-OF-ACADEMIC-STAFF-ACTIVITIES_2024_FACULTY-OF-BUSINESS.pdf\">LIST OF ACADEMIC STAFF ACTIVITIES_2024_FACULTY OF BUSINESS<\/a><\/p><p><a href=\"https:\/\/unhz.eu\/wp-content\/uploads\/2025\/06\/LIST-OF-ACADEMIC-STAFF-ACTIVITIES_2024_FACULTY-OF-LAW.pdf\">LIST OF ACADEMIC STAFF ACTIVITIES_2024_FACULTY OF LAW<\/a><\/p><p><a href=\"https:\/\/unhz.eu\/wp-content\/uploads\/2025\/06\/LIST-OF-ACADEMIC-STAFF-ACTIVITIES_2024_FACULTY-OF-MTHE.pdf\">LIST OF ACADEMIC STAFF ACTIVITIES_2024_FACULTY OF MTHE<\/a><\/p><p><a href=\"https:\/\/unhz.eu\/Dokumente\/Kerkime_Shkencore\/LIST%20OF%20ACADEMIC%20STAFF%20ACTIVITIES_2023_FACULTY%20OF%20BUSINESS.pdf\">LIST OF ACADEMIC STAFF ACTIVITIES FOR 2023_FACULTY OF BUSINESS<\/a><\/p><p><a href=\"https:\/\/unhz.eu\/Dokumente\/Kerkime_Shkencore\/LIST%20OF%20ACADEMIC%20STAFF%20ACTIVITIES_2023_FACULTY%20OF%20MANAGEMENT%20IN%20TOURISM,%20HOSPITALITY,%20AND%20ENVIRONMENT.pdf\">LIST OF ACADEMIC STAFF ACTIVITIES FOR 2023_FMTHE<br \/><\/a><a href=\"https:\/\/unhz.eu\/Dokumente\/Kerkime_Shkencore\/LIST%20OF%20ACADEMIC%20STAFF%20ACTIVITIES_2023_FACULTY%20OF%20AGRIBUSINESS.pdf\">LIST OF ACADEMIC STAFF ACTIVITIES FOR 2023_FACULTY OF AGRIBUSINESS<\/a><\/p><p><a href=\"https:\/\/unhz.eu\/Dokumente\/Kerkime_Shkencore\/LIST%20OF%20ACADEMIC%20STAFF%20ACTIVITIES_2023_FACULTY%20OF%20LAW.pdf\">LIST OF ACADEMIC STAFF ACTIVITIES FOR 2023_FACULTY OF LAW<\/a><\/p><p><a href=\"https:\/\/unhz.eu\/Dokumente\/Kerkime_Shkencore\/LIST%20OF%20ACADEMIC%20STAFF%20ACTIVITIES_2023_FACULTY%20OF%20ARTS.pdf\">LIST OF ACADEMIC STAFF ACTIVITIES FOR 2023_FACULTY OF ARTS<\/a><\/p><p><a href=\"https:\/\/drive.google.com\/file\/d\/1Wq2JvYgZyRw9uhmpjTAJUWiit76PZbsI\/view?usp=sharing\">LIST OF ACADEMIC STAFF ACTIVITIES FOR 2022_FACULTY OF BUSINESS<\/a><\/p><p><a href=\"https:\/\/drive.google.com\/file\/d\/15EAQdIAJfVyraxTRFy9EaXntE7dMv6D2\/view?usp=sharing\">LIST OF ACADEMIC STAFF ACTIVITIES FOR 2022_FMTHE<\/a><\/p><p><a href=\"https:\/\/drive.google.com\/file\/d\/1zS4sAaMBUVHJ1MBfZUtVOz5eCT_88-GI\/view?usp=sharing\">LIST OF ACADEMIC STAFF ACTIVITIES FOR 2022_FACULTY OF AGRIBUSINESS<\/a><\/p><p><a href=\"https:\/\/drive.google.com\/file\/d\/1T9m71DZpptV523u-TT2bYWxkLOnvlzxe\/view?usp=sharing\">LIST OF ACADEMIC STAFF ACTIVITIES FOR 2022_FACULTY OF LAW<\/a><\/p><p><a href=\"https:\/\/drive.google.com\/file\/d\/15-MUCL3Dt3XcHokmbnO9Vg_ywPubyfmy\/view?usp=sharing\">LIST OF ACADEMIC STAFF ACTIVITIES FOR 2022_FACULTY OF ARTS<\/a><\/p><p><a href=\"https:\/\/drive.google.com\/file\/d\/1FjkLc6QUxTIwsGDL8sUiz1rbpA2p8zwh\/view?usp=sharing\">Lista e aktiviteteve t\u00eb stafit akademik 2021 \u2013 FAKULTETI I BIZNESIT<\/a><\/p><p><a href=\"https:\/\/drive.google.com\/file\/d\/1UhPzzLHsM5zjX9pxiUj7r9sTwCwZm9B2\/view?usp=sharing\">Lista e aktiviteteve t\u00eb stafit akademik 2021 \u2013 FAKULTETI JURIDIK<\/a><\/p><p><a href=\"https:\/\/drive.google.com\/file\/d\/1IuUiqia5r-woujkBTEzgSsRXbXAFjpB5\/view?usp=sharing\">Lista e aktiviteteve t\u00eb stafit akademik 2021 \u2013 FAKULTETI MTHM<\/a><\/p><p><a href=\"https:\/\/drive.google.com\/file\/d\/1mh4v-f7Bwf5uTaYm2aTvzdfGte7rnPsL\/view?usp=sharing\">Lista e aktiviteteve t\u00eb stafit akademik 2021 \u2013 FAKULTETI I AGROBIZNESIT<\/a><\/p><p><a href=\"https:\/\/drive.google.com\/file\/d\/1nldKD8oxVsH2xHOzHpMm6LQzJUAPMymO\/view?usp=sharing\">Lista e aktiviteteve t\u00eb stafit akademik 2021 \u2013 FAKULTETIT I ARTEVE<\/a><\/p>\t\t\t\t\t\t\t\t<\/div>\n\t\t\t\t<\/div>\n\t\t\t\t\t<\/div>\n\t\t<\/div>\n\t\t\t\t\t<\/div>\n\t\t<\/section>\n\t\t\t\t<\/div>","protected":false},"excerpt":{"rendered":"<p>Rreth Listave me dosjet e nevojshme t\u00eb dh\u00ebnave e publikimeve shkencore t\u00eb stafit akademik LIST&hellip;<\/p>","protected":false},"author":1,"featured_media":50754,"parent":0,"menu_order":0,"comment_status":"closed","ping_status":"closed","template":"","meta":{"_acf_changed":false,"footnotes":""},"class_list":["post-23310","page","type-page","status-publish","has-post-thumbnail","hentry"],"yoast_head":"<!-- This site is optimized with the Yoast SEO Premium plugin v27.2 (Yoast SEO v27.2) - https:\/\/yoast.com\/product\/yoast-seo-premium-wordpress\/ -->\n<title>Baza e t\u00eb dh\u00ebnave t\u00eb aktiviteteve shkencore t\u00eb stafit akademik - University Haxhi Zeka<\/title>\n<meta name=\"description\" content=\"Baza e t\u00eb dh\u00ebnave t\u00eb aktiviteteve shkencore t\u00eb stafit akademik t\u00eb UHZ p\u00ebrmban publikime n\u00eb SCOPUS &amp; WOS, pjes\u00ebmarrje n\u00eb konferenca dhe aktivitete t\u00eb tjera.\" \/>\n<meta name=\"robots\" content=\"index, follow, max-snippet:-1, max-image-preview:large, max-video-preview:-1\" \/>\n<link rel=\"canonical\" href=\"https:\/\/unhz.eu\/en\/baza-e-te-dhenave-te-aktiviteteve-shkencore-te-stafit-akademik\/\" \/>\n<meta property=\"og:locale\" content=\"en_US\" \/>\n<meta property=\"og:type\" content=\"article\" \/>\n<meta property=\"og:title\" content=\"Baza e t\u00eb dh\u00ebnave t\u00eb aktiviteteve shkencore t\u00eb stafit akademik\" \/>\n<meta property=\"og:description\" content=\"Baza e t\u00eb dh\u00ebnave t\u00eb aktiviteteve shkencore t\u00eb stafit akademik t\u00eb UHZ p\u00ebrmban publikime n\u00eb SCOPUS &amp; WOS, pjes\u00ebmarrje n\u00eb konferenca dhe aktivitete t\u00eb tjera.\" \/>\n<meta property=\"og:url\" content=\"https:\/\/unhz.eu\/en\/baza-e-te-dhenave-te-aktiviteteve-shkencore-te-stafit-akademik\/\" \/>\n<meta property=\"og:site_name\" content=\"University Haxhi Zeka\" \/>\n<meta property=\"article:publisher\" content=\"https:\/\/www.facebook.com\/uni.haxhizeka\" \/>\n<meta property=\"article:modified_time\" content=\"2026-03-11T07:37:58+00:00\" \/>\n<meta property=\"og:image\" content=\"https:\/\/unhz.eu\/wp-content\/uploads\/2025\/04\/Dizajn-me-logo-te-UHZ.webp\" \/>\n\t<meta property=\"og:image:width\" content=\"1000\" \/>\n\t<meta property=\"og:image:height\" content=\"1000\" \/>\n\t<meta property=\"og:image:type\" content=\"image\/webp\" \/>\n<meta name=\"twitter:card\" content=\"summary_large_image\" \/>\n<meta name=\"twitter:site\" content=\"@uni_haxhizeka\" \/>\n<meta name=\"twitter:label1\" content=\"Est. reading time\" \/>\n\t<meta name=\"twitter:data1\" content=\"1 minute\" \/>\n<script type=\"application\/ld+json\" class=\"yoast-schema-graph\">{\"@context\":\"https:\/\/schema.org\",\"@graph\":[{\"@type\":\"WebPage\",\"@id\":\"https:\/\/unhz.eu\/baza-e-te-dhenave-te-aktiviteteve-shkencore-te-stafit-akademik\/\",\"url\":\"https:\/\/unhz.eu\/baza-e-te-dhenave-te-aktiviteteve-shkencore-te-stafit-akademik\/\",\"name\":\"Baza e t\u00eb dh\u00ebnave t\u00eb aktiviteteve shkencore t\u00eb stafit akademik - University Haxhi Zeka\",\"isPartOf\":{\"@id\":\"https:\/\/unhz.eu\/#website\"},\"primaryImageOfPage\":{\"@id\":\"https:\/\/unhz.eu\/baza-e-te-dhenave-te-aktiviteteve-shkencore-te-stafit-akademik\/#primaryimage\"},\"image\":{\"@id\":\"https:\/\/unhz.eu\/baza-e-te-dhenave-te-aktiviteteve-shkencore-te-stafit-akademik\/#primaryimage\"},\"thumbnailUrl\":\"https:\/\/unhz.eu\/wp-content\/uploads\/2025\/04\/Dizajn-me-logo-te-UHZ.webp\",\"datePublished\":\"2024-04-24T07:59:53+00:00\",\"dateModified\":\"2026-03-11T07:37:58+00:00\",\"description\":\"Baza e t\u00eb dh\u00ebnave t\u00eb aktiviteteve shkencore t\u00eb stafit akademik t\u00eb UHZ p\u00ebrmban publikime n\u00eb SCOPUS & WOS, pjes\u00ebmarrje n\u00eb konferenca dhe aktivitete t\u00eb tjera.\",\"breadcrumb\":{\"@id\":\"https:\/\/unhz.eu\/baza-e-te-dhenave-te-aktiviteteve-shkencore-te-stafit-akademik\/#breadcrumb\"},\"inLanguage\":\"en-US\",\"potentialAction\":[{\"@type\":\"ReadAction\",\"target\":[\"https:\/\/unhz.eu\/baza-e-te-dhenave-te-aktiviteteve-shkencore-te-stafit-akademik\/\"]}]},{\"@type\":\"ImageObject\",\"inLanguage\":\"en-US\",\"@id\":\"https:\/\/unhz.eu\/baza-e-te-dhenave-te-aktiviteteve-shkencore-te-stafit-akademik\/#primaryimage\",\"url\":\"https:\/\/unhz.eu\/wp-content\/uploads\/2025\/04\/Dizajn-me-logo-te-UHZ.webp\",\"contentUrl\":\"https:\/\/unhz.eu\/wp-content\/uploads\/2025\/04\/Dizajn-me-logo-te-UHZ.webp\",\"width\":1000,\"height\":1000,\"caption\":\"Universiteti Haxhi Zeka, UHZ logo me background te kuq\"},{\"@type\":\"BreadcrumbList\",\"@id\":\"https:\/\/unhz.eu\/baza-e-te-dhenave-te-aktiviteteve-shkencore-te-stafit-akademik\/#breadcrumb\",\"itemListElement\":[{\"@type\":\"ListItem\",\"position\":1,\"name\":\"Home\",\"item\":\"https:\/\/unhz.eu\/\"},{\"@type\":\"ListItem\",\"position\":2,\"name\":\"Baza e t\u00eb dh\u00ebnave t\u00eb aktiviteteve shkencore t\u00eb stafit akademik\"}]},{\"@type\":\"WebSite\",\"@id\":\"https:\/\/unhz.eu\/#website\",\"url\":\"https:\/\/unhz.eu\/\",\"name\":\"Universiteti \u201cHaxhi Zeka\u201d\",\"description\":\"I dedikuar p\u00ebr cil\u00ebsi, standarde dhe suksese\",\"publisher\":{\"@id\":\"https:\/\/unhz.eu\/#organization\"},\"alternateName\":\"Universiteti Haxhi Zeka\",\"potentialAction\":[{\"@type\":\"SearchAction\",\"target\":{\"@type\":\"EntryPoint\",\"urlTemplate\":\"https:\/\/unhz.eu\/?s={search_term_string}\"},\"query-input\":{\"@type\":\"PropertyValueSpecification\",\"valueRequired\":true,\"valueName\":\"search_term_string\"}}],\"inLanguage\":\"en-US\"},{\"@type\":\"Organization\",\"@id\":\"https:\/\/unhz.eu\/#organization\",\"name\":\"Universiteti \u201cHaxhi Zeka\u201d\",\"alternateName\":\"Universiteti Haxhi Zeka\",\"url\":\"https:\/\/unhz.eu\/\",\"logo\":{\"@type\":\"ImageObject\",\"inLanguage\":\"en-US\",\"@id\":\"https:\/\/unhz.eu\/#\/schema\/logo\/image\/\",\"url\":\"https:\/\/unhz.eu\/wp-content\/uploads\/2025\/04\/logo-unhz.webp\",\"contentUrl\":\"https:\/\/unhz.eu\/wp-content\/uploads\/2025\/04\/logo-unhz.webp\",\"width\":1024,\"height\":260,\"caption\":\"Universiteti \u201cHaxhi Zeka\u201d\"},\"image\":{\"@id\":\"https:\/\/unhz.eu\/#\/schema\/logo\/image\/\"},\"sameAs\":[\"https:\/\/www.facebook.com\/uni.haxhizeka\",\"https:\/\/x.com\/uni_haxhizeka\",\"https:\/\/www.linkedin.com\/school\/haxhi-zeka-university\",\"https:\/\/www.instagram.com\/uni_haxhizeka\/\"],\"description\":\"Universiteti \u201cHaxhi Zeka\u201d n\u00eb Pej\u00eb \u00ebsht\u00eb institucion publik i arsimit t\u00eb lart\u00eb, q\u00eb ofron studime bachelor, master dhe doktorat\u00eb n\u00eb fusha t\u00eb ndryshme si menaxhimi, turizmi, ekonomia, bujq\u00ebsia, arti dhe drejt\u00ebsia. Universiteti synon zhvillimin akademik, hulumtimin shkencor dhe kontributin n\u00eb komunitet.\",\"email\":\"info@unhz.eu\",\"telephone\":\"+38339410970\",\"legalName\":\"Universiteti \u201cHaxhi Zeka\u201d n\u00eb Pej\u00eb\",\"foundingDate\":\"2011-11-14\",\"numberOfEmployees\":{\"@type\":\"QuantitativeValue\",\"minValue\":\"201\",\"maxValue\":\"500\"}}]}<\/script>\n<!-- \/ Yoast SEO Premium plugin. -->","yoast_head_json":{"title":"Baza e t\u00eb dh\u00ebnave t\u00eb aktiviteteve shkencore t\u00eb stafit akademik - University Haxhi Zeka","description":"Baza e t\u00eb dh\u00ebnave t\u00eb aktiviteteve shkencore t\u00eb stafit akademik t\u00eb UHZ p\u00ebrmban publikime n\u00eb SCOPUS & WOS, pjes\u00ebmarrje n\u00eb konferenca dhe aktivitete t\u00eb tjera.","robots":{"index":"index","follow":"follow","max-snippet":"max-snippet:-1","max-image-preview":"max-image-preview:large","max-video-preview":"max-video-preview:-1"},"canonical":"https:\/\/unhz.eu\/en\/baza-e-te-dhenave-te-aktiviteteve-shkencore-te-stafit-akademik\/","og_locale":"en_US","og_type":"article","og_title":"Baza e t\u00eb dh\u00ebnave t\u00eb aktiviteteve shkencore t\u00eb stafit akademik","og_description":"Baza e t\u00eb dh\u00ebnave t\u00eb aktiviteteve shkencore t\u00eb stafit akademik t\u00eb UHZ p\u00ebrmban publikime n\u00eb SCOPUS & WOS, pjes\u00ebmarrje n\u00eb konferenca dhe aktivitete t\u00eb tjera.","og_url":"https:\/\/unhz.eu\/en\/baza-e-te-dhenave-te-aktiviteteve-shkencore-te-stafit-akademik\/","og_site_name":"University Haxhi Zeka","article_publisher":"https:\/\/www.facebook.com\/uni.haxhizeka","article_modified_time":"2026-03-11T07:37:58+00:00","og_image":[{"width":1000,"height":1000,"url":"https:\/\/unhz.eu\/wp-content\/uploads\/2025\/04\/Dizajn-me-logo-te-UHZ.webp","type":"image\/webp"}],"twitter_card":"summary_large_image","twitter_site":"@uni_haxhizeka","twitter_misc":{"Est. reading time":"1 minute"},"schema":{"@context":"https:\/\/schema.org","@graph":[{"@type":"WebPage","@id":"https:\/\/unhz.eu\/baza-e-te-dhenave-te-aktiviteteve-shkencore-te-stafit-akademik\/","url":"https:\/\/unhz.eu\/baza-e-te-dhenave-te-aktiviteteve-shkencore-te-stafit-akademik\/","name":"Baza e t\u00eb dh\u00ebnave t\u00eb aktiviteteve shkencore t\u00eb stafit akademik - University Haxhi Zeka","isPartOf":{"@id":"https:\/\/unhz.eu\/#website"},"primaryImageOfPage":{"@id":"https:\/\/unhz.eu\/baza-e-te-dhenave-te-aktiviteteve-shkencore-te-stafit-akademik\/#primaryimage"},"image":{"@id":"https:\/\/unhz.eu\/baza-e-te-dhenave-te-aktiviteteve-shkencore-te-stafit-akademik\/#primaryimage"},"thumbnailUrl":"https:\/\/unhz.eu\/wp-content\/uploads\/2025\/04\/Dizajn-me-logo-te-UHZ.webp","datePublished":"2024-04-24T07:59:53+00:00","dateModified":"2026-03-11T07:37:58+00:00","description":"Baza e t\u00eb dh\u00ebnave t\u00eb aktiviteteve shkencore t\u00eb stafit akademik t\u00eb UHZ p\u00ebrmban publikime n\u00eb SCOPUS & WOS, pjes\u00ebmarrje n\u00eb konferenca dhe aktivitete t\u00eb tjera.","breadcrumb":{"@id":"https:\/\/unhz.eu\/baza-e-te-dhenave-te-aktiviteteve-shkencore-te-stafit-akademik\/#breadcrumb"},"inLanguage":"en-US","potentialAction":[{"@type":"ReadAction","target":["https:\/\/unhz.eu\/baza-e-te-dhenave-te-aktiviteteve-shkencore-te-stafit-akademik\/"]}]},{"@type":"ImageObject","inLanguage":"en-US","@id":"https:\/\/unhz.eu\/baza-e-te-dhenave-te-aktiviteteve-shkencore-te-stafit-akademik\/#primaryimage","url":"https:\/\/unhz.eu\/wp-content\/uploads\/2025\/04\/Dizajn-me-logo-te-UHZ.webp","contentUrl":"https:\/\/unhz.eu\/wp-content\/uploads\/2025\/04\/Dizajn-me-logo-te-UHZ.webp","width":1000,"height":1000,"caption":"Universiteti Haxhi Zeka, UHZ logo me background te kuq"},{"@type":"BreadcrumbList","@id":"https:\/\/unhz.eu\/baza-e-te-dhenave-te-aktiviteteve-shkencore-te-stafit-akademik\/#breadcrumb","itemListElement":[{"@type":"ListItem","position":1,"name":"Home","item":"https:\/\/unhz.eu\/"},{"@type":"ListItem","position":2,"name":"Baza e t\u00eb dh\u00ebnave t\u00eb aktiviteteve shkencore t\u00eb stafit akademik"}]},{"@type":"WebSite","@id":"https:\/\/unhz.eu\/#website","url":"https:\/\/unhz.eu\/","name":"&quot;Haxhi Zeka&quot; University\u201c","description":"Dedicated to quality, standards and success","publisher":{"@id":"https:\/\/unhz.eu\/#organization"},"alternateName":"Universiteti Haxhi Zeka","potentialAction":[{"@type":"SearchAction","target":{"@type":"EntryPoint","urlTemplate":"https:\/\/unhz.eu\/?s={search_term_string}"},"query-input":{"@type":"PropertyValueSpecification","valueRequired":true,"valueName":"search_term_string"}}],"inLanguage":"en-US"},{"@type":"Organization","@id":"https:\/\/unhz.eu\/#organization","name":"&quot;Haxhi Zeka&quot; University\u201c","alternateName":"Universiteti Haxhi Zeka","url":"https:\/\/unhz.eu\/","logo":{"@type":"ImageObject","inLanguage":"en-US","@id":"https:\/\/unhz.eu\/#\/schema\/logo\/image\/","url":"https:\/\/unhz.eu\/wp-content\/uploads\/2025\/04\/logo-unhz.webp","contentUrl":"https:\/\/unhz.eu\/wp-content\/uploads\/2025\/04\/logo-unhz.webp","width":1024,"height":260,"caption":"Universiteti \u201cHaxhi Zeka\u201d"},"image":{"@id":"https:\/\/unhz.eu\/#\/schema\/logo\/image\/"},"sameAs":["https:\/\/www.facebook.com\/uni.haxhizeka","https:\/\/x.com\/uni_haxhizeka","https:\/\/www.linkedin.com\/school\/haxhi-zeka-university","https:\/\/www.instagram.com\/uni_haxhizeka\/"],"description":"&quot;Haxhi Zeka&quot; University in Peja is a public institution of higher education, offering bachelor&#039;s, master&#039;s and doctoral studies in various fields such as management, tourism, economics, agriculture, art and law. The university aims at academic development, scientific research and contribution to the community.","email":"info@unhz.eu","telephone":"+38339410970","legalName":"Universiteti \u201cHaxhi Zeka\u201d n\u00eb Pej\u00eb","foundingDate":"2011-11-14","numberOfEmployees":{"@type":"QuantitativeValue","minValue":"201","maxValue":"500"}}]}},"acf":[],"_links":{"self":[{"href":"https:\/\/unhz.eu\/en\/wp-json\/wp\/v2\/pages\/23310","targetHints":{"allow":["GET"]}}],"collection":[{"href":"https:\/\/unhz.eu\/en\/wp-json\/wp\/v2\/pages"}],"about":[{"href":"https:\/\/unhz.eu\/en\/wp-json\/wp\/v2\/types\/page"}],"author":[{"embeddable":true,"href":"https:\/\/unhz.eu\/en\/wp-json\/wp\/v2\/users\/1"}],"replies":[{"embeddable":true,"href":"https:\/\/unhz.eu\/en\/wp-json\/wp\/v2\/comments?post=23310"}],"version-history":[{"count":5,"href":"https:\/\/unhz.eu\/en\/wp-json\/wp\/v2\/pages\/23310\/revisions"}],"predecessor-version":[{"id":60433,"href":"https:\/\/unhz.eu\/en\/wp-json\/wp\/v2\/pages\/23310\/revisions\/60433"}],"wp:featuredmedia":[{"embeddable":true,"href":"https:\/\/unhz.eu\/en\/wp-json\/wp\/v2\/media\/50754"}],"wp:attachment":[{"href":"https:\/\/unhz.eu\/en\/wp-json\/wp\/v2\/media?parent=23310"}],"curies":[{"name":"wp","href":"https:\/\/api.w.org\/{rel}","templated":true}]}}