{"id":23121,"date":"2024-04-23T12:23:26","date_gmt":"2024-04-23T12:23:26","guid":{"rendered":"https:\/\/unhz.eu\/?page_id=23121"},"modified":"2025-07-17T11:47:43","modified_gmt":"2025-07-17T09:47:43","slug":"dokumentet-2","status":"publish","type":"page","link":"https:\/\/unhz.eu\/en\/dokumentet-2\/","title":{"rendered":"DOCUMENTS"},"content":{"rendered":"<div data-elementor-type=\"wp-page\" data-elementor-id=\"23121\" class=\"elementor elementor-23121\" data-elementor-post-type=\"page\">\n\t\t\t\t\t\t<section class=\"elementor-section elementor-top-section elementor-element elementor-element-1f6397b elementor-section-boxed elementor-section-height-default elementor-section-height-default sc_fly_static\" data-id=\"1f6397b\" data-element_type=\"section\" data-e-type=\"section\">\n\t\t\t\t\t\t<div class=\"elementor-container elementor-column-gap-extended\">\n\t\t\t\t\t<div class=\"elementor-column elementor-col-100 elementor-top-column elementor-element elementor-element-8ac928c sc_content_align_inherit sc_layouts_column_icons_position_left sc_fly_static\" data-id=\"8ac928c\" data-element_type=\"column\" data-e-type=\"column\">\n\t\t\t<div class=\"elementor-widget-wrap elementor-element-populated\">\n\t\t\t\t\t\t<div class=\"elementor-element elementor-element-2887ce4 sc_fly_static elementor-widget elementor-widget-trx_sc_title\" data-id=\"2887ce4\" data-element_type=\"widget\" data-e-type=\"widget\" data-widget_type=\"trx_sc_title.default\">\n\t\t\t\t<div class=\"elementor-widget-container\">\n\t\t\t\t\t<div\t\tclass=\"sc_title sc_title_default\" ><span class=\"sc_item_subtitle sc_title_subtitle sc_item_subtitle_above sc_item_title_style_default\">Detaje rreth Dokumenteve te Institutit<\/span><\/div>\t\t\t\t<\/div>\n\t\t\t\t<\/div>\n\t\t\t\t\t<\/div>\n\t\t<\/div>\n\t\t\t\t\t<\/div>\n\t\t<\/section>\n\t\t\t\t<section class=\"elementor-section elementor-top-section elementor-element elementor-element-422b34b elementor-section-boxed elementor-section-height-default elementor-section-height-default sc_fly_static\" data-id=\"422b34b\" data-element_type=\"section\" data-e-type=\"section\">\n\t\t\t\t\t\t<div class=\"elementor-container elementor-column-gap-extended\">\n\t\t\t\t\t<div class=\"elementor-column elementor-col-100 elementor-top-column elementor-element elementor-element-c6aa113 sc_content_align_inherit sc_layouts_column_icons_position_left sc_fly_static\" data-id=\"c6aa113\" data-element_type=\"column\" data-e-type=\"column\">\n\t\t\t<div class=\"elementor-widget-wrap elementor-element-populated\">\n\t\t\t\t\t\t<div class=\"elementor-element elementor-element-5e1f4d3 sc_fly_static elementor-widget elementor-widget-spacer\" data-id=\"5e1f4d3\" data-element_type=\"widget\" data-e-type=\"widget\" data-widget_type=\"spacer.default\">\n\t\t\t\t<div class=\"elementor-widget-container\">\n\t\t\t\t\t\t\t<div class=\"elementor-spacer\">\n\t\t\t<div class=\"elementor-spacer-inner\"><\/div>\n\t\t<\/div>\n\t\t\t\t\t\t<\/div>\n\t\t\t\t<\/div>\n\t\t\t\t<div class=\"elementor-element elementor-element-6fd0e52 sc_fly_static elementor-widget elementor-widget-text-editor\" data-id=\"6fd0e52\" data-element_type=\"widget\" data-e-type=\"widget\" data-widget_type=\"text-editor.default\">\n\t\t\t\t<div class=\"elementor-widget-container\">\n\t\t\t\t\t\t\t\t\t<table class=\"mtr-table mtr-tr-td\" width=\"100%\">\n<tbody>\n<tr>\n<td class=\"mtr-td-tag\" width=\"4%\" data-mtr-content=\"Nr.\">\n<div class=\"mtr-cell-content\">Nr.<\/div>\n<\/td>\n<td class=\"mtr-td-tag\" width=\"32%\" data-mtr-content=\"P\u00ebrshkrimi\">\n<div class=\"mtr-cell-content\">Description<\/div>\n<\/td>\n<td class=\"mtr-td-tag\" width=\"11%\" data-mtr-content=\"Data\">\n<div class=\"mtr-cell-content\">Data<\/div>\n<\/td>\n<td class=\"mtr-td-tag\" width=\"24%\" data-mtr-content=\"Dokumenti n\u00eb gjuh\u00eb shqipe\">\n<div class=\"mtr-cell-content\">Dokumenti n\u00eb gjuh\u00eb shqipe<\/div>\n<\/td>\n<td class=\"mtr-td-tag\" width=\"25%\" data-mtr-content=\"Dokumenti n\u00eb gjuh\u00eb angleze\">\n<div class=\"mtr-cell-content\">Dokumenti n\u00eb gjuh\u00eb angleze<\/div>\n<\/td>\n<\/tr>\n<tr>\n<td class=\"mtr-td-tag\" width=\"4%\" data-mtr-content=\"Nr.\">\n<div class=\"mtr-cell-content\">249<\/div>\n<\/td>\n<td class=\"mtr-td-tag\" width=\"32%\" data-mtr-content=\"P\u00ebrshkrimi\">\n<div class=\"mtr-cell-content\">Statuti i Institutit p\u00ebr Shkenc\u00eb dhe Arte<\/div>\n<\/td>\n<td class=\"mtr-td-tag\" width=\"11%\" data-mtr-content=\"Data\">\n<div class=\"mtr-cell-content\">07.02.2023<\/div>\n<\/td>\n<td class=\"mtr-td-tag\" width=\"24%\" data-mtr-content=\"Dokumenti n\u00eb gjuh\u00eb shqipe\">\n<div class=\"mtr-cell-content\"><a href=\"http:\/\/unhz.eu\/Dokumente\/Rregullore\/249-%20Vendim%20i%20KD-se-%20Miratohet%20statuti%20i%20institutit%20per%20Kerkime%20dhe%20Arte%20ne%20UHZ-%20Majlinda%20Belegu.PDF\">Download<\/a><\/div>\n<\/td>\n<td class=\"mtr-td-tag\" width=\"25%\" data-mtr-content=\"Dokumenti n\u00eb gjuh\u00eb angleze\">\n<div class=\"mtr-cell-content\"><a href=\"http:\/\/unhz.eu\/Dokumente\/Rregullore\/249 - STATUTE_INSTITUTE OF SCIENCE AND ARTS.pdf\" data-wplink-url-error=\"true\">Download<\/a><\/div>\n<\/td>\n<\/tr>\n<tr>\n<td class=\"mtr-td-tag\" width=\"4%\" data-mtr-content=\"Nr.\">\n<div class=\"mtr-cell-content\">09<\/div>\n<\/td>\n<td class=\"mtr-td-tag\" width=\"32%\" data-mtr-content=\"P\u00ebrshkrimi\">\n<div class=\"mtr-cell-content\">Rregullore p\u00ebr sistematizimin e vendeve t\u00eb pun\u00ebs dhe p\u00ebrshkrimi i detyrave t\u00eb pun\u00ebs n\u00eb ISHA<\/div>\n<\/td>\n<td class=\"mtr-td-tag\" width=\"11%\" data-mtr-content=\"Data\">\n<div class=\"mtr-cell-content\">01.06.2023<\/div>\n<\/td>\n<td class=\"mtr-td-tag\" width=\"24%\" data-mtr-content=\"Dokumenti n\u00eb gjuh\u00eb shqipe\">\n<div class=\"mtr-cell-content\"><a href=\"https:\/\/drive.google.com\/file\/d\/1y8Bmlz5lA65FmRd-XasSpP91wl5GzF2q\/view?usp=sharing\">Download<\/a><\/div>\n<\/td>\n<td class=\"mtr-td-tag\" width=\"25%\" data-mtr-content=\"Dokumenti n\u00eb gjuh\u00eb angleze\">\n<div class=\"mtr-cell-content\"><a href=\"https:\/\/unhz.eu\/Dokumente\/Dokumente_tjera\/09-%20Rregullore%20p%C3%ABr%20sistematizimin%20e%20vendeve%20t%C3%AB%20pun%C3%ABs%20dhe%20p%C3%ABrshkrimi%20i%20detyrave%20t%C3%AB%20pun%C3%ABs%20n%C3%AB%20ISHA-%20Armand%20Krasniqi-3-1.pdf\">Download<\/a><\/div>\n<\/td>\n<\/tr>\n<tr>\n<td class=\"mtr-td-tag\" width=\"4%\" data-mtr-content=\"Nr.\">\n<div class=\"mtr-cell-content\">2864<\/div>\n<\/td>\n<td class=\"mtr-td-tag\" width=\"32%\" data-mtr-content=\"P\u00ebrshkrimi\">\n<div class=\"mtr-cell-content\">Rregullore p\u00ebr em\u00ebrim-riem\u00ebrim dhe procedurat e rekrutimit t\u00eb personelit n\u00eb Institutin p\u00ebr Shkenc\u00eb dhe Arte<\/div>\n<\/td>\n<td class=\"mtr-td-tag\" width=\"11%\" data-mtr-content=\"Data\">\n<div class=\"mtr-cell-content\">03.10.2023<\/div>\n<\/td>\n<td class=\"mtr-td-tag\" width=\"24%\" data-mtr-content=\"Dokumenti n\u00eb gjuh\u00eb shqipe\">\n<div class=\"mtr-cell-content\"><a href=\"https:\/\/unhz.eu\/Dokumente\/Rregullore\/2864-%20Rregullore%20p%C3%ABr%20em%C3%ABrim-riem%C3%ABrim%20dhe%20procedurat%20e%20rekrutimit%20t%C3%AB%20personelit%20n%C3%AB%20institutin%20p%C3%ABr%20shkenc%C3%AB%20dhe%20arte.pdf\">Download<\/a><\/div>\n<\/td>\n<td class=\"mtr-td-tag\" width=\"25%\" data-mtr-content=\"Dokumenti n\u00eb gjuh\u00eb angleze\">\n<div class=\"mtr-cell-content\"><a href=\"https:\/\/unhz.eu\/Dokumente\/Dokumente_tjera\/2864-%20rregullore%20p%C3%ABr%20em%C3%ABrim-riem%C3%ABrim%20dhe%20procedurat%20e%20rekrutimit%20t%C3%AB%20personelit%20n%C3%AB%20institutin%20p%C3%ABr%20shkenc%C3%AB%20dhe%20arte-%20Armand%20Krasniqi-1.pdf\">Download<\/a><\/div>\n<\/td>\n<\/tr>\n<tr>\n<td class=\"mtr-td-tag\" width=\"4%\" data-mtr-content=\"Nr.\">\n<div class=\"mtr-cell-content\">845<\/div>\n<\/td>\n<td class=\"mtr-td-tag\" width=\"32%\" data-mtr-content=\"P\u00ebrshkrimi\">\n<div class=\"mtr-cell-content\">Rregullore p\u00ebr procedurat vler\u00ebsuese p\u00ebr angazhimin e bashk\u00ebpun\u00ebtor\u00ebve t\u00eb jasht\u00ebm n\u00eb ISHA<\/div>\n<\/td>\n<td class=\"mtr-td-tag\" width=\"11%\" data-mtr-content=\"Data\">\n<div class=\"mtr-cell-content\">29.03.2024<\/div>\n<\/td>\n<td class=\"mtr-td-tag\" width=\"24%\" data-mtr-content=\"Dokumenti n\u00eb gjuh\u00eb shqipe\">\n<div class=\"mtr-cell-content\"><a href=\"https:\/\/unhz.eu\/Dokumente\/Rregullore\/845-%20Rregullore%20p%C3%ABr%20procedurat%20vler%C3%ABsuese%20p%C3%ABr%20angazhimin%20e%20bashk%C3%ABpun%C3%ABtor%C3%ABve%20t%C3%AB%20jasht%C3%ABm%20n%C3%AB%20ISHA-%20Armand%20Krasniqi-1.pdf\">Download<\/a><\/div>\n<\/td>\n<td class=\"mtr-td-tag\" width=\"25%\" data-mtr-content=\"Dokumenti n\u00eb gjuh\u00eb angleze\">\n<div class=\"mtr-cell-content\"><a href=\"https:\/\/unhz.eu\/Dokumente\/Dokumente_tjera\/REGULATION%20FOR%20EVALUATION%20PROCEDURES%20FOR%20THE%20ENGAGEMENT%20OF%20EXTERNAL%20COLLABORATORS%20IN%20THE%20INSTITUTE%20FOR%20SCIENCE%20AND%20ART.pdf\">Download<\/a><\/div>\n<\/td>\n<\/tr>\n<tr>\n<td class=\"mtr-td-tag\" width=\"4%\" data-mtr-content=\"Nr.\">\n<div class=\"mtr-cell-content\">869<\/div>\n<\/td>\n<td class=\"mtr-td-tag\" width=\"32%\" data-mtr-content=\"P\u00ebrshkrimi\">\n<div class=\"mtr-cell-content\">Kodi p\u00ebr Etik\u00eb dhe Integritet i Institutit p\u00ebr Shkenc\u00eb dhe Arte<\/div>\n<\/td>\n<td class=\"mtr-td-tag\" width=\"11%\" data-mtr-content=\"Data\">\n<div class=\"mtr-cell-content\">03.04.2024<\/div>\n<\/td>\n<td class=\"mtr-td-tag\" width=\"24%\" data-mtr-content=\"Dokumenti n\u00eb gjuh\u00eb shqipe\">\n<div class=\"mtr-cell-content\"><a href=\"https:\/\/unhz.eu\/Dokumente\/Dokumente_tjera\/869-%20Kodi%20p%C3%ABr%20Etik%C3%AB%20dhe%20Integritet%20i%20Institutit%20p%C3%ABr%20Shkenc%C3%AB%20dhe%20Arte-%20Armand%20Krasniqi-1.pdf\">Download<\/a><\/div>\n<\/td>\n<td class=\"mtr-td-tag\" width=\"25%\" data-mtr-content=\"Dokumenti n\u00eb gjuh\u00eb angleze\">\n<div class=\"mtr-cell-content\"><a href=\"https:\/\/unhz.eu\/Dokumente\/Dokumente_tjera\/869-%20The%20Code%20of%20Ethics%20and%20Integrity%20of%20the%20Institute%20for%20Science%20and%20Arts-%20Armand%20Krasniqi-1.pdf\">Download<\/a><\/div>\n<\/td>\n<\/tr>\n<tr>\n<td class=\"mtr-td-tag\" width=\"4%\" data-mtr-content=\"Nr.\">\n<div class=\"mtr-cell-content\">870<\/div>\n<\/td>\n<td class=\"mtr-td-tag\" width=\"32%\" data-mtr-content=\"P\u00ebrshkrimi\">\n<div class=\"mtr-cell-content\">Rregullore p\u00ebr Organizimin e Pun\u00ebs s\u00eb Institutit p\u00ebr Shkenc\u00eb dhe Arte<\/div>\n<\/td>\n<td class=\"mtr-td-tag\" width=\"11%\" data-mtr-content=\"Data\">\n<div class=\"mtr-cell-content\">03.04.2024<\/div>\n<\/td>\n<td class=\"mtr-td-tag\" width=\"24%\" data-mtr-content=\"Dokumenti n\u00eb gjuh\u00eb shqipe\">\n<div class=\"mtr-cell-content\"><a href=\"https:\/\/unhz.eu\/Dokumente\/Dokumente_tjera\/870-%20Rregullore%20p%C3%ABr%20organizimin%20e%20pun%C3%ABs%20s%C3%AB%20Institutit%20p%C3%ABr%20Shkenc%C3%AB%20dhe%20Arte-%20Armand%20Krasniqi.PDF\">Download<\/a><\/div>\n<\/td>\n<td class=\"mtr-td-tag\" width=\"25%\" data-mtr-content=\"Dokumenti n\u00eb gjuh\u00eb angleze\">\n<div class=\"mtr-cell-content\"><a href=\"https:\/\/unhz.eu\/Dokumente\/Dokumente_tjera\/870-%20Regulation%20for%20the%20work%20organization%20of%20the%20Institute%20of%20Science%20and%20Arts-%20Armend%20Krasniqi.pdf\">Download<\/a><\/div>\n<\/td>\n<\/tr>\n<\/tbody>\n<\/table>\n<p>\u00a0<\/p>\t\t\t\t\t\t\t\t<\/div>\n\t\t\t\t<\/div>\n\t\t\t\t\t<\/div>\n\t\t<\/div>\n\t\t\t\t\t<\/div>\n\t\t<\/section>\n\t\t\t\t<\/div>","protected":false},"excerpt":{"rendered":"<p>Detaje rreth Dokumenteve te Institutit Nr. P\u00ebrshkrimi Data Dokumenti n\u00eb gjuh\u00eb shqipe Dokumenti n\u00eb gjuh\u00eb&hellip;<\/p>","protected":false},"author":1,"featured_media":50754,"parent":0,"menu_order":0,"comment_status":"closed","ping_status":"closed","template":"","meta":{"_acf_changed":false,"footnotes":""},"class_list":["post-23121","page","type-page","status-publish","has-post-thumbnail","hentry"],"yoast_head":"<!-- This site is optimized with the Yoast SEO Premium plugin v27.2 (Yoast SEO v27.2) - https:\/\/yoast.com\/product\/yoast-seo-premium-wordpress\/ -->\n<title>Dokumentet - University Haxhi Zeka<\/title>\n<meta name=\"description\" content=\"Shkarkoni dokumentet ligjore dhe rregulloret e Universitetit \u201cHaxhi Zeka\u201d, duke p\u00ebrfshir\u00eb ligjin p\u00ebr arsimin e lart\u00eb, rregulloret akademike dhe udh\u00ebzimet e institucionit.\" \/>\n<meta name=\"robots\" content=\"index, follow, max-snippet:-1, max-image-preview:large, max-video-preview:-1\" \/>\n<link rel=\"canonical\" href=\"https:\/\/unhz.eu\/en\/dokumentet-2\/\" \/>\n<meta property=\"og:locale\" content=\"en_US\" \/>\n<meta property=\"og:type\" content=\"article\" \/>\n<meta property=\"og:title\" content=\"Dokumentet\" \/>\n<meta property=\"og:description\" content=\"Shkarkoni dokumentet ligjore dhe rregulloret e Universitetit \u201cHaxhi Zeka\u201d, duke p\u00ebrfshir\u00eb ligjin p\u00ebr arsimin e lart\u00eb, rregulloret akademike dhe udh\u00ebzimet e institucionit.\" \/>\n<meta property=\"og:url\" content=\"https:\/\/unhz.eu\/en\/dokumentet-2\/\" \/>\n<meta property=\"og:site_name\" content=\"University Haxhi Zeka\" \/>\n<meta property=\"article:publisher\" content=\"https:\/\/www.facebook.com\/uni.haxhizeka\" \/>\n<meta property=\"article:modified_time\" content=\"2025-07-17T09:47:43+00:00\" \/>\n<meta property=\"og:image\" content=\"https:\/\/unhz.eu\/wp-content\/uploads\/2025\/04\/Dizajn-me-logo-te-UHZ.webp\" \/>\n\t<meta property=\"og:image:width\" content=\"1000\" \/>\n\t<meta property=\"og:image:height\" content=\"1000\" \/>\n\t<meta property=\"og:image:type\" content=\"image\/webp\" \/>\n<meta name=\"twitter:card\" content=\"summary_large_image\" \/>\n<meta name=\"twitter:site\" content=\"@uni_haxhizeka\" \/>\n<meta name=\"twitter:label1\" content=\"Est. reading time\" \/>\n\t<meta name=\"twitter:data1\" content=\"1 minute\" \/>\n<script type=\"application\/ld+json\" class=\"yoast-schema-graph\">{\"@context\":\"https:\/\/schema.org\",\"@graph\":[{\"@type\":\"WebPage\",\"@id\":\"https:\/\/unhz.eu\/dokumentet-2\/\",\"url\":\"https:\/\/unhz.eu\/dokumentet-2\/\",\"name\":\"Dokumentet - University Haxhi Zeka\",\"isPartOf\":{\"@id\":\"https:\/\/unhz.eu\/#website\"},\"primaryImageOfPage\":{\"@id\":\"https:\/\/unhz.eu\/dokumentet-2\/#primaryimage\"},\"image\":{\"@id\":\"https:\/\/unhz.eu\/dokumentet-2\/#primaryimage\"},\"thumbnailUrl\":\"https:\/\/unhz.eu\/wp-content\/uploads\/2025\/04\/Dizajn-me-logo-te-UHZ.webp\",\"datePublished\":\"2024-04-23T12:23:26+00:00\",\"dateModified\":\"2025-07-17T09:47:43+00:00\",\"description\":\"Shkarkoni dokumentet ligjore dhe rregulloret e Universitetit \u201cHaxhi Zeka\u201d, duke p\u00ebrfshir\u00eb ligjin p\u00ebr arsimin e lart\u00eb, rregulloret akademike dhe udh\u00ebzimet e institucionit.\",\"breadcrumb\":{\"@id\":\"https:\/\/unhz.eu\/dokumentet-2\/#breadcrumb\"},\"inLanguage\":\"en-US\",\"potentialAction\":[{\"@type\":\"ReadAction\",\"target\":[\"https:\/\/unhz.eu\/dokumentet-2\/\"]}]},{\"@type\":\"ImageObject\",\"inLanguage\":\"en-US\",\"@id\":\"https:\/\/unhz.eu\/dokumentet-2\/#primaryimage\",\"url\":\"https:\/\/unhz.eu\/wp-content\/uploads\/2025\/04\/Dizajn-me-logo-te-UHZ.webp\",\"contentUrl\":\"https:\/\/unhz.eu\/wp-content\/uploads\/2025\/04\/Dizajn-me-logo-te-UHZ.webp\",\"width\":1000,\"height\":1000,\"caption\":\"Universiteti Haxhi Zeka, UHZ logo me background te kuq\"},{\"@type\":\"BreadcrumbList\",\"@id\":\"https:\/\/unhz.eu\/dokumentet-2\/#breadcrumb\",\"itemListElement\":[{\"@type\":\"ListItem\",\"position\":1,\"name\":\"Home\",\"item\":\"https:\/\/unhz.eu\/\"},{\"@type\":\"ListItem\",\"position\":2,\"name\":\"Dokumentet\"}]},{\"@type\":\"WebSite\",\"@id\":\"https:\/\/unhz.eu\/#website\",\"url\":\"https:\/\/unhz.eu\/\",\"name\":\"Universiteti \u201cHaxhi Zeka\u201d\",\"description\":\"I dedikuar p\u00ebr cil\u00ebsi, standarde dhe suksese\",\"publisher\":{\"@id\":\"https:\/\/unhz.eu\/#organization\"},\"alternateName\":\"Universiteti Haxhi Zeka\",\"potentialAction\":[{\"@type\":\"SearchAction\",\"target\":{\"@type\":\"EntryPoint\",\"urlTemplate\":\"https:\/\/unhz.eu\/?s={search_term_string}\"},\"query-input\":{\"@type\":\"PropertyValueSpecification\",\"valueRequired\":true,\"valueName\":\"search_term_string\"}}],\"inLanguage\":\"en-US\"},{\"@type\":\"Organization\",\"@id\":\"https:\/\/unhz.eu\/#organization\",\"name\":\"Universiteti \u201cHaxhi Zeka\u201d\",\"alternateName\":\"Universiteti Haxhi Zeka\",\"url\":\"https:\/\/unhz.eu\/\",\"logo\":{\"@type\":\"ImageObject\",\"inLanguage\":\"en-US\",\"@id\":\"https:\/\/unhz.eu\/#\/schema\/logo\/image\/\",\"url\":\"https:\/\/unhz.eu\/wp-content\/uploads\/2025\/04\/logo-unhz.webp\",\"contentUrl\":\"https:\/\/unhz.eu\/wp-content\/uploads\/2025\/04\/logo-unhz.webp\",\"width\":1024,\"height\":260,\"caption\":\"Universiteti \u201cHaxhi Zeka\u201d\"},\"image\":{\"@id\":\"https:\/\/unhz.eu\/#\/schema\/logo\/image\/\"},\"sameAs\":[\"https:\/\/www.facebook.com\/uni.haxhizeka\",\"https:\/\/x.com\/uni_haxhizeka\",\"https:\/\/www.linkedin.com\/school\/haxhi-zeka-university\",\"https:\/\/www.instagram.com\/uni_haxhizeka\/\"],\"description\":\"Universiteti \u201cHaxhi Zeka\u201d n\u00eb Pej\u00eb \u00ebsht\u00eb institucion publik i arsimit t\u00eb lart\u00eb, q\u00eb ofron studime bachelor, master dhe doktorat\u00eb n\u00eb fusha t\u00eb ndryshme si menaxhimi, turizmi, ekonomia, bujq\u00ebsia, arti dhe drejt\u00ebsia. Universiteti synon zhvillimin akademik, hulumtimin shkencor dhe kontributin n\u00eb komunitet.\",\"email\":\"info@unhz.eu\",\"telephone\":\"+38339410970\",\"legalName\":\"Universiteti \u201cHaxhi Zeka\u201d n\u00eb Pej\u00eb\",\"foundingDate\":\"2011-11-14\",\"numberOfEmployees\":{\"@type\":\"QuantitativeValue\",\"minValue\":\"201\",\"maxValue\":\"500\"}}]}<\/script>\n<!-- \/ Yoast SEO Premium plugin. -->","yoast_head_json":{"title":"Dokumentet - University Haxhi Zeka","description":"Shkarkoni dokumentet ligjore dhe rregulloret e Universitetit \u201cHaxhi Zeka\u201d, duke p\u00ebrfshir\u00eb ligjin p\u00ebr arsimin e lart\u00eb, rregulloret akademike dhe udh\u00ebzimet e institucionit.","robots":{"index":"index","follow":"follow","max-snippet":"max-snippet:-1","max-image-preview":"max-image-preview:large","max-video-preview":"max-video-preview:-1"},"canonical":"https:\/\/unhz.eu\/en\/dokumentet-2\/","og_locale":"en_US","og_type":"article","og_title":"Dokumentet","og_description":"Shkarkoni dokumentet ligjore dhe rregulloret e Universitetit \u201cHaxhi Zeka\u201d, duke p\u00ebrfshir\u00eb ligjin p\u00ebr arsimin e lart\u00eb, rregulloret akademike dhe udh\u00ebzimet e institucionit.","og_url":"https:\/\/unhz.eu\/en\/dokumentet-2\/","og_site_name":"University Haxhi Zeka","article_publisher":"https:\/\/www.facebook.com\/uni.haxhizeka","article_modified_time":"2025-07-17T09:47:43+00:00","og_image":[{"width":1000,"height":1000,"url":"https:\/\/unhz.eu\/wp-content\/uploads\/2025\/04\/Dizajn-me-logo-te-UHZ.webp","type":"image\/webp"}],"twitter_card":"summary_large_image","twitter_site":"@uni_haxhizeka","twitter_misc":{"Est. reading time":"1 minute"},"schema":{"@context":"https:\/\/schema.org","@graph":[{"@type":"WebPage","@id":"https:\/\/unhz.eu\/dokumentet-2\/","url":"https:\/\/unhz.eu\/dokumentet-2\/","name":"Dokumentet - University Haxhi Zeka","isPartOf":{"@id":"https:\/\/unhz.eu\/#website"},"primaryImageOfPage":{"@id":"https:\/\/unhz.eu\/dokumentet-2\/#primaryimage"},"image":{"@id":"https:\/\/unhz.eu\/dokumentet-2\/#primaryimage"},"thumbnailUrl":"https:\/\/unhz.eu\/wp-content\/uploads\/2025\/04\/Dizajn-me-logo-te-UHZ.webp","datePublished":"2024-04-23T12:23:26+00:00","dateModified":"2025-07-17T09:47:43+00:00","description":"Shkarkoni dokumentet ligjore dhe rregulloret e Universitetit \u201cHaxhi Zeka\u201d, duke p\u00ebrfshir\u00eb ligjin p\u00ebr arsimin e lart\u00eb, rregulloret akademike dhe udh\u00ebzimet e institucionit.","breadcrumb":{"@id":"https:\/\/unhz.eu\/dokumentet-2\/#breadcrumb"},"inLanguage":"en-US","potentialAction":[{"@type":"ReadAction","target":["https:\/\/unhz.eu\/dokumentet-2\/"]}]},{"@type":"ImageObject","inLanguage":"en-US","@id":"https:\/\/unhz.eu\/dokumentet-2\/#primaryimage","url":"https:\/\/unhz.eu\/wp-content\/uploads\/2025\/04\/Dizajn-me-logo-te-UHZ.webp","contentUrl":"https:\/\/unhz.eu\/wp-content\/uploads\/2025\/04\/Dizajn-me-logo-te-UHZ.webp","width":1000,"height":1000,"caption":"Universiteti Haxhi Zeka, UHZ logo me background te kuq"},{"@type":"BreadcrumbList","@id":"https:\/\/unhz.eu\/dokumentet-2\/#breadcrumb","itemListElement":[{"@type":"ListItem","position":1,"name":"Home","item":"https:\/\/unhz.eu\/"},{"@type":"ListItem","position":2,"name":"Dokumentet"}]},{"@type":"WebSite","@id":"https:\/\/unhz.eu\/#website","url":"https:\/\/unhz.eu\/","name":"&quot;Haxhi Zeka&quot; University\u201c","description":"Dedicated to quality, standards and success","publisher":{"@id":"https:\/\/unhz.eu\/#organization"},"alternateName":"Universiteti Haxhi Zeka","potentialAction":[{"@type":"SearchAction","target":{"@type":"EntryPoint","urlTemplate":"https:\/\/unhz.eu\/?s={search_term_string}"},"query-input":{"@type":"PropertyValueSpecification","valueRequired":true,"valueName":"search_term_string"}}],"inLanguage":"en-US"},{"@type":"Organization","@id":"https:\/\/unhz.eu\/#organization","name":"&quot;Haxhi Zeka&quot; University\u201c","alternateName":"Universiteti Haxhi Zeka","url":"https:\/\/unhz.eu\/","logo":{"@type":"ImageObject","inLanguage":"en-US","@id":"https:\/\/unhz.eu\/#\/schema\/logo\/image\/","url":"https:\/\/unhz.eu\/wp-content\/uploads\/2025\/04\/logo-unhz.webp","contentUrl":"https:\/\/unhz.eu\/wp-content\/uploads\/2025\/04\/logo-unhz.webp","width":1024,"height":260,"caption":"Universiteti \u201cHaxhi Zeka\u201d"},"image":{"@id":"https:\/\/unhz.eu\/#\/schema\/logo\/image\/"},"sameAs":["https:\/\/www.facebook.com\/uni.haxhizeka","https:\/\/x.com\/uni_haxhizeka","https:\/\/www.linkedin.com\/school\/haxhi-zeka-university","https:\/\/www.instagram.com\/uni_haxhizeka\/"],"description":"&quot;Haxhi Zeka&quot; University in Peja is a public institution of higher education, offering bachelor&#039;s, master&#039;s and doctoral studies in various fields such as management, tourism, economics, agriculture, art and law. The university aims at academic development, scientific research and contribution to the community.","email":"info@unhz.eu","telephone":"+38339410970","legalName":"Universiteti \u201cHaxhi Zeka\u201d n\u00eb Pej\u00eb","foundingDate":"2011-11-14","numberOfEmployees":{"@type":"QuantitativeValue","minValue":"201","maxValue":"500"}}]}},"acf":[],"_links":{"self":[{"href":"https:\/\/unhz.eu\/en\/wp-json\/wp\/v2\/pages\/23121","targetHints":{"allow":["GET"]}}],"collection":[{"href":"https:\/\/unhz.eu\/en\/wp-json\/wp\/v2\/pages"}],"about":[{"href":"https:\/\/unhz.eu\/en\/wp-json\/wp\/v2\/types\/page"}],"author":[{"embeddable":true,"href":"https:\/\/unhz.eu\/en\/wp-json\/wp\/v2\/users\/1"}],"replies":[{"embeddable":true,"href":"https:\/\/unhz.eu\/en\/wp-json\/wp\/v2\/comments?post=23121"}],"version-history":[{"count":5,"href":"https:\/\/unhz.eu\/en\/wp-json\/wp\/v2\/pages\/23121\/revisions"}],"predecessor-version":[{"id":53527,"href":"https:\/\/unhz.eu\/en\/wp-json\/wp\/v2\/pages\/23121\/revisions\/53527"}],"wp:featuredmedia":[{"embeddable":true,"href":"https:\/\/unhz.eu\/en\/wp-json\/wp\/v2\/media\/50754"}],"wp:attachment":[{"href":"https:\/\/unhz.eu\/en\/wp-json\/wp\/v2\/media?parent=23121"}],"curies":[{"name":"wp","href":"https:\/\/api.w.org\/{rel}","templated":true}]}}