{"id":23069,"date":"2024-04-23T11:44:49","date_gmt":"2024-04-23T11:44:49","guid":{"rendered":"https:\/\/unhz.eu\/?page_id=23069"},"modified":"2025-07-29T11:02:59","modified_gmt":"2025-07-29T09:02:59","slug":"projekte-kerkimore-shkencore-dhe-artistike-2020","status":"publish","type":"page","link":"https:\/\/unhz.eu\/en\/projekte-kerkimore-shkencore-dhe-artistike-2020\/","title":{"rendered":"Projekte K\u00ebrkimore Shkencore dhe Artistike 2020"},"content":{"rendered":"<div data-elementor-type=\"wp-page\" data-elementor-id=\"23069\" class=\"elementor elementor-23069\" data-elementor-post-type=\"page\">\n\t\t\t\t\t\t<section class=\"elementor-section elementor-top-section elementor-element elementor-element-34e8877 elementor-section-boxed elementor-section-height-default elementor-section-height-default sc_fly_static\" data-id=\"34e8877\" data-element_type=\"section\" data-e-type=\"section\">\n\t\t\t\t\t\t<div class=\"elementor-container elementor-column-gap-extended\">\n\t\t\t\t\t<div class=\"elementor-column elementor-col-100 elementor-top-column elementor-element elementor-element-622566f sc_content_align_inherit sc_layouts_column_icons_position_left sc_fly_static\" data-id=\"622566f\" data-element_type=\"column\" data-e-type=\"column\">\n\t\t\t<div class=\"elementor-widget-wrap elementor-element-populated\">\n\t\t\t\t\t\t<div class=\"elementor-element elementor-element-2072b30 sc_fly_static elementor-widget elementor-widget-trx_sc_title\" data-id=\"2072b30\" data-element_type=\"widget\" data-e-type=\"widget\" data-widget_type=\"trx_sc_title.default\">\n\t\t\t\t<div class=\"elementor-widget-container\">\n\t\t\t\t\t<div\t\tclass=\"sc_title sc_title_default\" ><span class=\"sc_item_subtitle sc_title_subtitle sc_item_subtitle_above sc_item_title_style_default\">Detaje rreth Projekteve K\u00ebrkimore Shkencore dhe Artistike 2020-21<\/span><\/div>\t\t\t\t<\/div>\n\t\t\t\t<\/div>\n\t\t\t\t<div class=\"elementor-element elementor-element-a68eef2 sc_fly_static elementor-widget elementor-widget-spacer\" data-id=\"a68eef2\" data-element_type=\"widget\" data-e-type=\"widget\" data-widget_type=\"spacer.default\">\n\t\t\t\t<div class=\"elementor-widget-container\">\n\t\t\t\t\t\t\t<div class=\"elementor-spacer\">\n\t\t\t<div class=\"elementor-spacer-inner\"><\/div>\n\t\t<\/div>\n\t\t\t\t\t\t<\/div>\n\t\t\t\t<\/div>\n\t\t\t\t\t<\/div>\n\t\t<\/div>\n\t\t\t\t\t<\/div>\n\t\t<\/section>\n\t\t\t\t<section class=\"elementor-section elementor-top-section elementor-element elementor-element-2fb6a9d elementor-section-boxed elementor-section-height-default elementor-section-height-default sc_fly_static\" data-id=\"2fb6a9d\" data-element_type=\"section\" data-e-type=\"section\">\n\t\t\t\t\t\t<div class=\"elementor-container elementor-column-gap-extended\">\n\t\t\t\t\t<div class=\"elementor-column elementor-col-100 elementor-top-column elementor-element elementor-element-6907071 sc_content_align_inherit sc_layouts_column_icons_position_left sc_fly_static\" data-id=\"6907071\" data-element_type=\"column\" data-e-type=\"column\">\n\t\t\t<div class=\"elementor-widget-wrap elementor-element-populated\">\n\t\t\t\t\t\t<div class=\"elementor-element elementor-element-e16f1e5 sc_fly_static elementor-widget elementor-widget-text-editor\" data-id=\"e16f1e5\" data-element_type=\"widget\" data-e-type=\"widget\" data-widget_type=\"text-editor.default\">\n\t\t\t\t<div class=\"elementor-widget-container\">\n\t\t\t\t\t\t\t\t\t<p><a href=\"https:\/\/unhz.eu\/wp-content\/uploads\/2024\/04\/AFLATOXIN-M1-LEVEL-IN-RAW-MILK-AND-UHT-MILK-CONSUMED-IN-KOSOVO-DURING-2021-2022_2020.pdf\" target=\"_blank\" rel=\"noopener\">PDF<\/a><\/p><p><a href=\"https:\/\/unhz.eu\/wp-content\/uploads\/2024\/04\/AFLATOXIN-M1-LEVEL-IN-RAW-MILK-AND-UHT-MILK-CONSUMED-IN-KOSOVO-DURING-2021-2022_2020.pdf\" class=\"pdfemb-viewer\" style=\"\" data-width=\"max\" data-height=\"max\" data-toolbar=\"bottom\" data-toolbar-fixed=\"off\">AFLATOXIN M1 LEVEL IN RAW MILK AND UHT MILK CONSUMED IN KOSOVO DURING 2021- 2022_2020<\/a><\/p>\t\t\t\t\t\t\t\t<\/div>\n\t\t\t\t<\/div>\n\t\t\t\t\t<\/div>\n\t\t<\/div>\n\t\t\t\t\t<\/div>\n\t\t<\/section>\n\t\t\t\t<\/div>","protected":false},"excerpt":{"rendered":"<p>Detaje rreth Projekteve K\u00ebrkimore Shkencore dhe Artistike 2020-21 PDF<\/p>","protected":false},"author":1,"featured_media":50754,"parent":0,"menu_order":0,"comment_status":"closed","ping_status":"closed","template":"","meta":{"_acf_changed":false,"footnotes":""},"class_list":["post-23069","page","type-page","status-publish","has-post-thumbnail","hentry"],"yoast_head":"<!-- This site is optimized with the Yoast SEO Premium plugin v27.2 (Yoast SEO v27.2) - https:\/\/yoast.com\/product\/yoast-seo-premium-wordpress\/ -->\n<title>Projekte K\u00ebrkimore Shkencore dhe Artistike 2020 - University Haxhi Zeka<\/title>\n<meta name=\"description\" content=\"Projekte k\u00ebrkimore shkencore dhe artistike t\u00eb realizuara nga Universiteti \u201cHaxhi Zeka\u201d gjat\u00eb vitit 2020, duke kontribuar n\u00eb zhvillimin e dijeve dhe kultur\u00ebs.\" \/>\n<meta name=\"robots\" content=\"index, follow, max-snippet:-1, max-image-preview:large, max-video-preview:-1\" \/>\n<link rel=\"canonical\" href=\"https:\/\/unhz.eu\/en\/projekte-kerkimore-shkencore-dhe-artistike-2020\/\" \/>\n<meta property=\"og:locale\" content=\"en_US\" \/>\n<meta property=\"og:type\" content=\"article\" \/>\n<meta property=\"og:title\" content=\"Projekte K\u00ebrkimore Shkencore dhe Artistike 2020\" \/>\n<meta property=\"og:description\" content=\"Projekte k\u00ebrkimore shkencore dhe artistike t\u00eb realizuara nga Universiteti \u201cHaxhi Zeka\u201d gjat\u00eb vitit 2020, duke kontribuar n\u00eb zhvillimin e dijeve dhe kultur\u00ebs.\" \/>\n<meta property=\"og:url\" content=\"https:\/\/unhz.eu\/en\/projekte-kerkimore-shkencore-dhe-artistike-2020\/\" \/>\n<meta property=\"og:site_name\" content=\"University Haxhi Zeka\" \/>\n<meta property=\"article:publisher\" content=\"https:\/\/www.facebook.com\/uni.haxhizeka\" \/>\n<meta property=\"article:modified_time\" content=\"2025-07-29T09:02:59+00:00\" \/>\n<meta property=\"og:image\" content=\"https:\/\/unhz.eu\/wp-content\/uploads\/2025\/04\/Dizajn-me-logo-te-UHZ.webp\" \/>\n\t<meta property=\"og:image:width\" content=\"1000\" \/>\n\t<meta property=\"og:image:height\" content=\"1000\" \/>\n\t<meta property=\"og:image:type\" content=\"image\/webp\" \/>\n<meta name=\"twitter:card\" content=\"summary_large_image\" \/>\n<meta name=\"twitter:site\" content=\"@uni_haxhizeka\" \/>\n<meta name=\"twitter:label1\" content=\"Est. reading time\" \/>\n\t<meta name=\"twitter:data1\" content=\"1 minute\" \/>\n<script type=\"application\/ld+json\" class=\"yoast-schema-graph\">{\"@context\":\"https:\/\/schema.org\",\"@graph\":[{\"@type\":\"WebPage\",\"@id\":\"https:\/\/unhz.eu\/projekte-kerkimore-shkencore-dhe-artistike-2020\/\",\"url\":\"https:\/\/unhz.eu\/projekte-kerkimore-shkencore-dhe-artistike-2020\/\",\"name\":\"Projekte K\u00ebrkimore Shkencore dhe Artistike 2020 - University Haxhi Zeka\",\"isPartOf\":{\"@id\":\"https:\/\/unhz.eu\/#website\"},\"primaryImageOfPage\":{\"@id\":\"https:\/\/unhz.eu\/projekte-kerkimore-shkencore-dhe-artistike-2020\/#primaryimage\"},\"image\":{\"@id\":\"https:\/\/unhz.eu\/projekte-kerkimore-shkencore-dhe-artistike-2020\/#primaryimage\"},\"thumbnailUrl\":\"https:\/\/unhz.eu\/wp-content\/uploads\/2025\/04\/Dizajn-me-logo-te-UHZ.webp\",\"datePublished\":\"2024-04-23T11:44:49+00:00\",\"dateModified\":\"2025-07-29T09:02:59+00:00\",\"description\":\"Projekte k\u00ebrkimore shkencore dhe artistike t\u00eb realizuara nga Universiteti \u201cHaxhi Zeka\u201d gjat\u00eb vitit 2020, duke kontribuar n\u00eb zhvillimin e dijeve dhe kultur\u00ebs.\",\"breadcrumb\":{\"@id\":\"https:\/\/unhz.eu\/projekte-kerkimore-shkencore-dhe-artistike-2020\/#breadcrumb\"},\"inLanguage\":\"en-US\",\"potentialAction\":[{\"@type\":\"ReadAction\",\"target\":[\"https:\/\/unhz.eu\/projekte-kerkimore-shkencore-dhe-artistike-2020\/\"]}]},{\"@type\":\"ImageObject\",\"inLanguage\":\"en-US\",\"@id\":\"https:\/\/unhz.eu\/projekte-kerkimore-shkencore-dhe-artistike-2020\/#primaryimage\",\"url\":\"https:\/\/unhz.eu\/wp-content\/uploads\/2025\/04\/Dizajn-me-logo-te-UHZ.webp\",\"contentUrl\":\"https:\/\/unhz.eu\/wp-content\/uploads\/2025\/04\/Dizajn-me-logo-te-UHZ.webp\",\"width\":1000,\"height\":1000,\"caption\":\"Universiteti Haxhi Zeka, UHZ logo me background te kuq\"},{\"@type\":\"BreadcrumbList\",\"@id\":\"https:\/\/unhz.eu\/projekte-kerkimore-shkencore-dhe-artistike-2020\/#breadcrumb\",\"itemListElement\":[{\"@type\":\"ListItem\",\"position\":1,\"name\":\"Home\",\"item\":\"https:\/\/unhz.eu\/\"},{\"@type\":\"ListItem\",\"position\":2,\"name\":\"Projekte K\u00ebrkimore Shkencore dhe Artistike 2020\"}]},{\"@type\":\"WebSite\",\"@id\":\"https:\/\/unhz.eu\/#website\",\"url\":\"https:\/\/unhz.eu\/\",\"name\":\"Universiteti \u201cHaxhi Zeka\u201d\",\"description\":\"I dedikuar p\u00ebr cil\u00ebsi, standarde dhe suksese\",\"publisher\":{\"@id\":\"https:\/\/unhz.eu\/#organization\"},\"alternateName\":\"Universiteti Haxhi Zeka\",\"potentialAction\":[{\"@type\":\"SearchAction\",\"target\":{\"@type\":\"EntryPoint\",\"urlTemplate\":\"https:\/\/unhz.eu\/?s={search_term_string}\"},\"query-input\":{\"@type\":\"PropertyValueSpecification\",\"valueRequired\":true,\"valueName\":\"search_term_string\"}}],\"inLanguage\":\"en-US\"},{\"@type\":\"Organization\",\"@id\":\"https:\/\/unhz.eu\/#organization\",\"name\":\"Universiteti \u201cHaxhi Zeka\u201d\",\"alternateName\":\"Universiteti Haxhi Zeka\",\"url\":\"https:\/\/unhz.eu\/\",\"logo\":{\"@type\":\"ImageObject\",\"inLanguage\":\"en-US\",\"@id\":\"https:\/\/unhz.eu\/#\/schema\/logo\/image\/\",\"url\":\"https:\/\/unhz.eu\/wp-content\/uploads\/2025\/04\/logo-unhz.webp\",\"contentUrl\":\"https:\/\/unhz.eu\/wp-content\/uploads\/2025\/04\/logo-unhz.webp\",\"width\":1024,\"height\":260,\"caption\":\"Universiteti \u201cHaxhi Zeka\u201d\"},\"image\":{\"@id\":\"https:\/\/unhz.eu\/#\/schema\/logo\/image\/\"},\"sameAs\":[\"https:\/\/www.facebook.com\/uni.haxhizeka\",\"https:\/\/x.com\/uni_haxhizeka\",\"https:\/\/www.linkedin.com\/school\/haxhi-zeka-university\",\"https:\/\/www.instagram.com\/uni_haxhizeka\/\"],\"description\":\"Universiteti \u201cHaxhi Zeka\u201d n\u00eb Pej\u00eb \u00ebsht\u00eb institucion publik i arsimit t\u00eb lart\u00eb, q\u00eb ofron studime bachelor, master dhe doktorat\u00eb n\u00eb fusha t\u00eb ndryshme si menaxhimi, turizmi, ekonomia, bujq\u00ebsia, arti dhe drejt\u00ebsia. Universiteti synon zhvillimin akademik, hulumtimin shkencor dhe kontributin n\u00eb komunitet.\",\"email\":\"info@unhz.eu\",\"telephone\":\"+38339410970\",\"legalName\":\"Universiteti \u201cHaxhi Zeka\u201d n\u00eb Pej\u00eb\",\"foundingDate\":\"2011-11-14\",\"numberOfEmployees\":{\"@type\":\"QuantitativeValue\",\"minValue\":\"201\",\"maxValue\":\"500\"}}]}<\/script>\n<!-- \/ Yoast SEO Premium plugin. -->","yoast_head_json":{"title":"Projekte K\u00ebrkimore Shkencore dhe Artistike 2020 - University Haxhi Zeka","description":"Projekte k\u00ebrkimore shkencore dhe artistike t\u00eb realizuara nga Universiteti \u201cHaxhi Zeka\u201d gjat\u00eb vitit 2020, duke kontribuar n\u00eb zhvillimin e dijeve dhe kultur\u00ebs.","robots":{"index":"index","follow":"follow","max-snippet":"max-snippet:-1","max-image-preview":"max-image-preview:large","max-video-preview":"max-video-preview:-1"},"canonical":"https:\/\/unhz.eu\/en\/projekte-kerkimore-shkencore-dhe-artistike-2020\/","og_locale":"en_US","og_type":"article","og_title":"Projekte K\u00ebrkimore Shkencore dhe Artistike 2020","og_description":"Projekte k\u00ebrkimore shkencore dhe artistike t\u00eb realizuara nga Universiteti \u201cHaxhi Zeka\u201d gjat\u00eb vitit 2020, duke kontribuar n\u00eb zhvillimin e dijeve dhe kultur\u00ebs.","og_url":"https:\/\/unhz.eu\/en\/projekte-kerkimore-shkencore-dhe-artistike-2020\/","og_site_name":"University Haxhi Zeka","article_publisher":"https:\/\/www.facebook.com\/uni.haxhizeka","article_modified_time":"2025-07-29T09:02:59+00:00","og_image":[{"width":1000,"height":1000,"url":"https:\/\/unhz.eu\/wp-content\/uploads\/2025\/04\/Dizajn-me-logo-te-UHZ.webp","type":"image\/webp"}],"twitter_card":"summary_large_image","twitter_site":"@uni_haxhizeka","twitter_misc":{"Est. reading time":"1 minute"},"schema":{"@context":"https:\/\/schema.org","@graph":[{"@type":"WebPage","@id":"https:\/\/unhz.eu\/projekte-kerkimore-shkencore-dhe-artistike-2020\/","url":"https:\/\/unhz.eu\/projekte-kerkimore-shkencore-dhe-artistike-2020\/","name":"Projekte K\u00ebrkimore Shkencore dhe Artistike 2020 - University Haxhi Zeka","isPartOf":{"@id":"https:\/\/unhz.eu\/#website"},"primaryImageOfPage":{"@id":"https:\/\/unhz.eu\/projekte-kerkimore-shkencore-dhe-artistike-2020\/#primaryimage"},"image":{"@id":"https:\/\/unhz.eu\/projekte-kerkimore-shkencore-dhe-artistike-2020\/#primaryimage"},"thumbnailUrl":"https:\/\/unhz.eu\/wp-content\/uploads\/2025\/04\/Dizajn-me-logo-te-UHZ.webp","datePublished":"2024-04-23T11:44:49+00:00","dateModified":"2025-07-29T09:02:59+00:00","description":"Projekte k\u00ebrkimore shkencore dhe artistike t\u00eb realizuara nga Universiteti \u201cHaxhi Zeka\u201d gjat\u00eb vitit 2020, duke kontribuar n\u00eb zhvillimin e dijeve dhe kultur\u00ebs.","breadcrumb":{"@id":"https:\/\/unhz.eu\/projekte-kerkimore-shkencore-dhe-artistike-2020\/#breadcrumb"},"inLanguage":"en-US","potentialAction":[{"@type":"ReadAction","target":["https:\/\/unhz.eu\/projekte-kerkimore-shkencore-dhe-artistike-2020\/"]}]},{"@type":"ImageObject","inLanguage":"en-US","@id":"https:\/\/unhz.eu\/projekte-kerkimore-shkencore-dhe-artistike-2020\/#primaryimage","url":"https:\/\/unhz.eu\/wp-content\/uploads\/2025\/04\/Dizajn-me-logo-te-UHZ.webp","contentUrl":"https:\/\/unhz.eu\/wp-content\/uploads\/2025\/04\/Dizajn-me-logo-te-UHZ.webp","width":1000,"height":1000,"caption":"Universiteti Haxhi Zeka, UHZ logo me background te kuq"},{"@type":"BreadcrumbList","@id":"https:\/\/unhz.eu\/projekte-kerkimore-shkencore-dhe-artistike-2020\/#breadcrumb","itemListElement":[{"@type":"ListItem","position":1,"name":"Home","item":"https:\/\/unhz.eu\/"},{"@type":"ListItem","position":2,"name":"Projekte K\u00ebrkimore Shkencore dhe Artistike 2020"}]},{"@type":"WebSite","@id":"https:\/\/unhz.eu\/#website","url":"https:\/\/unhz.eu\/","name":"&quot;Haxhi Zeka&quot; University\u201c","description":"Dedicated to quality, standards and success","publisher":{"@id":"https:\/\/unhz.eu\/#organization"},"alternateName":"Universiteti Haxhi Zeka","potentialAction":[{"@type":"SearchAction","target":{"@type":"EntryPoint","urlTemplate":"https:\/\/unhz.eu\/?s={search_term_string}"},"query-input":{"@type":"PropertyValueSpecification","valueRequired":true,"valueName":"search_term_string"}}],"inLanguage":"en-US"},{"@type":"Organization","@id":"https:\/\/unhz.eu\/#organization","name":"&quot;Haxhi Zeka&quot; University\u201c","alternateName":"Universiteti Haxhi Zeka","url":"https:\/\/unhz.eu\/","logo":{"@type":"ImageObject","inLanguage":"en-US","@id":"https:\/\/unhz.eu\/#\/schema\/logo\/image\/","url":"https:\/\/unhz.eu\/wp-content\/uploads\/2025\/04\/logo-unhz.webp","contentUrl":"https:\/\/unhz.eu\/wp-content\/uploads\/2025\/04\/logo-unhz.webp","width":1024,"height":260,"caption":"Universiteti \u201cHaxhi Zeka\u201d"},"image":{"@id":"https:\/\/unhz.eu\/#\/schema\/logo\/image\/"},"sameAs":["https:\/\/www.facebook.com\/uni.haxhizeka","https:\/\/x.com\/uni_haxhizeka","https:\/\/www.linkedin.com\/school\/haxhi-zeka-university","https:\/\/www.instagram.com\/uni_haxhizeka\/"],"description":"&quot;Haxhi Zeka&quot; University in Peja is a public institution of higher education, offering bachelor&#039;s, master&#039;s and doctoral studies in various fields such as management, tourism, economics, agriculture, art and law. The university aims at academic development, scientific research and contribution to the community.","email":"info@unhz.eu","telephone":"+38339410970","legalName":"Universiteti \u201cHaxhi Zeka\u201d n\u00eb Pej\u00eb","foundingDate":"2011-11-14","numberOfEmployees":{"@type":"QuantitativeValue","minValue":"201","maxValue":"500"}}]}},"acf":[],"_links":{"self":[{"href":"https:\/\/unhz.eu\/en\/wp-json\/wp\/v2\/pages\/23069","targetHints":{"allow":["GET"]}}],"collection":[{"href":"https:\/\/unhz.eu\/en\/wp-json\/wp\/v2\/pages"}],"about":[{"href":"https:\/\/unhz.eu\/en\/wp-json\/wp\/v2\/types\/page"}],"author":[{"embeddable":true,"href":"https:\/\/unhz.eu\/en\/wp-json\/wp\/v2\/users\/1"}],"replies":[{"embeddable":true,"href":"https:\/\/unhz.eu\/en\/wp-json\/wp\/v2\/comments?post=23069"}],"version-history":[{"count":1,"href":"https:\/\/unhz.eu\/en\/wp-json\/wp\/v2\/pages\/23069\/revisions"}],"predecessor-version":[{"id":52712,"href":"https:\/\/unhz.eu\/en\/wp-json\/wp\/v2\/pages\/23069\/revisions\/52712"}],"wp:featuredmedia":[{"embeddable":true,"href":"https:\/\/unhz.eu\/en\/wp-json\/wp\/v2\/media\/50754"}],"wp:attachment":[{"href":"https:\/\/unhz.eu\/en\/wp-json\/wp\/v2\/media?parent=23069"}],"curies":[{"name":"wp","href":"https:\/\/api.w.org\/{rel}","templated":true}]}}