{"id":22851,"date":"2024-04-22T14:14:39","date_gmt":"2024-04-22T14:14:39","guid":{"rendered":"https:\/\/unhz.eu\/?page_id=22851"},"modified":"2025-08-27T10:53:16","modified_gmt":"2025-08-27T08:53:16","slug":"zyra-per-burime-njerezore-dhe-barazi-gjinore","status":"publish","type":"page","link":"https:\/\/unhz.eu\/en\/zyra-per-burime-njerezore-dhe-barazi-gjinore\/","title":{"rendered":"Zyra p\u00ebr Burime Njer\u00ebzore dhe Barazi Gjinore"},"content":{"rendered":"<div data-elementor-type=\"wp-page\" data-elementor-id=\"22851\" class=\"elementor elementor-22851\" data-elementor-post-type=\"page\">\n\t\t\t\t\t\t<section class=\"elementor-section elementor-top-section elementor-element elementor-element-a304e93 elementor-section-boxed elementor-section-height-default elementor-section-height-default sc_fly_static\" data-id=\"a304e93\" data-element_type=\"section\" data-e-type=\"section\">\n\t\t\t\t\t\t<div class=\"elementor-container elementor-column-gap-extended\">\n\t\t\t\t\t<div class=\"elementor-column elementor-col-100 elementor-top-column elementor-element elementor-element-eb4ee52 sc_content_align_inherit sc_layouts_column_icons_position_left sc_fly_static\" data-id=\"eb4ee52\" data-element_type=\"column\" data-e-type=\"column\">\n\t\t\t<div class=\"elementor-widget-wrap elementor-element-populated\">\n\t\t\t\t\t\t<div class=\"elementor-element elementor-element-163b2cb sc_fly_static elementor-widget elementor-widget-trx_sc_title\" data-id=\"163b2cb\" data-element_type=\"widget\" data-e-type=\"widget\" data-widget_type=\"trx_sc_title.default\">\n\t\t\t\t<div class=\"elementor-widget-container\">\n\t\t\t\t\t<div\t\tclass=\"sc_title sc_title_default\" ><span class=\"sc_item_subtitle sc_title_subtitle sc_item_subtitle_above sc_item_title_style_default\">About<\/span><h5 class=\"sc_item_title sc_title_title sc_item_title_style_default sc_item_title_tag\"\n\t\t\t><span class=\"sc_item_title_text\">ZYR\u00ebs P\u00cbR BURIME NJER\u00cbZORE DHE BARAZI GJINORE<\/span><\/h5><\/div>\t\t\t\t<\/div>\n\t\t\t\t<\/div>\n\t\t\t\t<div class=\"elementor-element elementor-element-011933f sc_fly_static elementor-widget elementor-widget-spacer\" data-id=\"011933f\" data-element_type=\"widget\" data-e-type=\"widget\" data-widget_type=\"spacer.default\">\n\t\t\t\t<div class=\"elementor-widget-container\">\n\t\t\t\t\t\t\t<div class=\"elementor-spacer\">\n\t\t\t<div class=\"elementor-spacer-inner\"><\/div>\n\t\t<\/div>\n\t\t\t\t\t\t<\/div>\n\t\t\t\t<\/div>\n\t\t\t\t<div class=\"elementor-element elementor-element-dc7cc79 sc_fly_static elementor-widget elementor-widget-text-editor\" data-id=\"dc7cc79\" data-element_type=\"widget\" data-e-type=\"widget\" data-widget_type=\"text-editor.default\">\n\t\t\t\t<div class=\"elementor-widget-container\">\n\t\t\t\t\t\t\t\t\t<p data-start=\"311\" data-end=\"751\">Zyra p\u00ebr Burime Njer\u00ebzore dhe Barazi Gjinore ka p\u00ebr detyr\u00eb zhvillimin dhe mbik\u00ebqyrjen e politikave dhe procedurave q\u00eb lidhen me menaxhimin dhe zhvillimin e burimeve njer\u00ebzore n\u00eb Universitetin \u201cHaxhi Zeka\u201d n\u00eb Pej\u00eb. Zyra vepron n\u00eb p\u00ebrputhje me legjislacionin n\u00eb fuqi dhe politikat e brendshme t\u00eb universitetit, duke kontribuar n\u00eb krijimin e proceseve administrative t\u00eb q\u00ebndrueshme dhe efektive, p\u00ebrfshir\u00eb edhe promovimin e barazis\u00eb gjinore.<\/p><h6 data-start=\"753\" data-end=\"784\"><strong>Duties and responsibilities<\/strong><\/h6><ul data-start=\"785\" data-end=\"1788\"><li data-start=\"785\" data-end=\"909\"><p data-start=\"787\" data-end=\"909\">Siguron q\u00eb proceset e rekrutimit dhe selektimit t\u00eb stafit zhvillohen n\u00eb p\u00ebrputhje me parimet ligjore dhe institucionale;<\/p><\/li><li data-start=\"910\" data-end=\"1081\"><p data-start=\"912\" data-end=\"1081\">Propozon dhe zhvillon politikat dhe procedurat p\u00ebr zhvillimin e karrier\u00ebs dhe ngritjen e kapaciteteve t\u00eb stafit, si dhe menaxhon procesin e vler\u00ebsimit t\u00eb performanc\u00ebs;<\/p><\/li><li data-start=\"1082\" data-end=\"1184\"><p data-start=\"1084\" data-end=\"1184\">Analizon nevojat p\u00ebr trajnime dhe propozon programe trajnimi p\u00ebr zhvillimin profesional t\u00eb stafit;<\/p><\/li><li data-start=\"1185\" data-end=\"1298\"><p data-start=\"1187\" data-end=\"1298\">Implementon modele t\u00eb menaxhimit t\u00eb burimeve njer\u00ebzore dhe harmonizon strukturat, resurset dhe p\u00ebrgjegj\u00ebsit\u00eb;<\/p><\/li><li data-start=\"1299\" data-end=\"1397\"><p data-start=\"1301\" data-end=\"1397\">Mb\u00ebshtet menaxhmentin n\u00eb vler\u00ebsimin dhe p\u00ebrmir\u00ebsimin e proceseve dhe procedurave t\u00eb brendshme;<\/p><\/li><li data-start=\"1398\" data-end=\"1474\"><p data-start=\"1400\" data-end=\"1474\">Koordinon zbatimin e ligjit dhe Programit t\u00eb Kosov\u00ebs p\u00ebr Barazi Gjinore;<\/p><\/li><li data-start=\"1475\" data-end=\"1566\"><p data-start=\"1477\" data-end=\"1566\">Promovon integrimin gjinor dhe buxhetimin gjinor n\u00eb hartimin dhe zbatimin e politikave;<\/p><\/li><li data-start=\"1567\" data-end=\"1645\"><p data-start=\"1569\" data-end=\"1645\">Bashk\u00ebpunon me Agjencin\u00eb p\u00ebr Barazi Gjinore dhe aktor\u00ebt e tjer\u00eb relevant\u00eb;<\/p><\/li><li data-start=\"1646\" data-end=\"1788\"><p data-start=\"1648\" data-end=\"1788\">Formalizon dhe dokumenton politikat e menaxhimit t\u00eb burimeve njer\u00ebzore, si dhe interpreton dhe komunikon k\u00ebto politika n\u00eb m\u00ebnyr\u00eb efektive.<\/p><\/li><\/ul><h6 data-start=\"1790\" data-end=\"1805\"><strong>reporting<\/strong><\/h6><ul data-start=\"1806\" data-end=\"2011\"><li data-start=\"1806\" data-end=\"1887\"><p data-start=\"1808\" data-end=\"1887\">P\u00ebr \u00e7\u00ebshtje operative: Drejtori i Zyr\u00ebs raporton te Sekretari i P\u00ebrgjithsh\u00ebm;<\/p><\/li><li data-start=\"1888\" data-end=\"2011\"><p data-start=\"1890\" data-end=\"2011\">P\u00ebr \u00e7\u00ebshtje profesionale: Drejtori koordinon pun\u00ebt me Prorektorin p\u00ebr Bashk\u00ebpunim Nd\u00ebrkomb\u00ebtar dhe Ngritje t\u00eb Cil\u00ebsis\u00eb.<\/p><\/li><\/ul><h6 data-start=\"2013\" data-end=\"2049\"><strong>Job structuring<\/strong><\/h6><ul data-start=\"2050\" data-end=\"2171\"><li data-start=\"2050\" data-end=\"2111\"><p data-start=\"2052\" data-end=\"2111\">Drejtori i Zyr\u00ebs p\u00ebr Burime Njer\u00ebzore dhe Barazi Gjinore;<\/p><\/li><li data-start=\"2112\" data-end=\"2171\"><p data-start=\"2114\" data-end=\"2171\">Dy (2) Zyrtar\u00eb p\u00ebr Burime Njer\u00ebzore dhe Barazi Gjinore.<\/p><\/li><\/ul><h6 data-start=\"2173\" data-end=\"2197\"><strong>Number of workers<\/strong><\/h6><ul data-start=\"2198\" data-end=\"2234\"><li data-start=\"2198\" data-end=\"2234\"><p data-start=\"2200\" data-end=\"2234\">Zyra ka gjithsej <strong data-start=\"2217\" data-end=\"2231\">3 workers<\/strong>.<\/p><\/li><\/ul>\t\t\t\t\t\t\t\t<\/div>\n\t\t\t\t<\/div>\n\t\t\t\t<div class=\"elementor-element elementor-element-6f25ef6 sc_fly_static elementor-widget elementor-widget-spacer\" data-id=\"6f25ef6\" data-element_type=\"widget\" data-e-type=\"widget\" data-widget_type=\"spacer.default\">\n\t\t\t\t<div class=\"elementor-widget-container\">\n\t\t\t\t\t\t\t<div class=\"elementor-spacer\">\n\t\t\t<div class=\"elementor-spacer-inner\"><\/div>\n\t\t<\/div>\n\t\t\t\t\t\t<\/div>\n\t\t\t\t<\/div>\n\t\t\t\t<div class=\"elementor-element elementor-element-285bfb3 sc_fly_static elementor-widget elementor-widget-heading\" data-id=\"285bfb3\" data-element_type=\"widget\" data-e-type=\"widget\" data-widget_type=\"heading.default\">\n\t\t\t\t<div class=\"elementor-widget-container\">\n\t\t\t\t\t<h2 class=\"elementor-heading-title elementor-size-default\">StaFF<\/h2>\t\t\t\t<\/div>\n\t\t\t\t<\/div>\n\t\t\t\t<div class=\"elementor-element elementor-element-08fb8e9 sc_fly_static elementor-widget elementor-widget-spacer\" data-id=\"08fb8e9\" data-element_type=\"widget\" data-e-type=\"widget\" data-widget_type=\"spacer.default\">\n\t\t\t\t<div class=\"elementor-widget-container\">\n\t\t\t\t\t\t\t<div class=\"elementor-spacer\">\n\t\t\t<div class=\"elementor-spacer-inner\"><\/div>\n\t\t<\/div>\n\t\t\t\t\t\t<\/div>\n\t\t\t\t<\/div>\n\t\t\t\t<div class=\"elementor-element elementor-element-d17bd9e sc_fly_static elementor-widget elementor-widget-trx_sc_team\" data-id=\"d17bd9e\" data-element_type=\"widget\" data-e-type=\"widget\" data-widget_type=\"trx_sc_team.default\">\n\t\t\t\t<div class=\"elementor-widget-container\">\n\t\t\t\t\t<div \t\tclass=\"sc_team sc_team_3d-simple\"><div class=\"sc_team_columns_wrap sc_item_columns sc_item_posts_container trx_addons_columns_wrap columns_padding_bottom columns_in_single_row\"><div class=\"trx_addons_column-1_3\"><div data-post-id=\"22984\" class=\"sc_team_item sc_item_container post_container start-inner-3d no_links post-22984 cpt_team type-cpt_team status-publish has-post-thumbnail hentry cpt_team_group-stafi-i-burimeve-njerezore-dhe-barazi-gjinore\">\n\t<div class=\"post_featured sc_team_item_thumb trx_addons_hover trx_addons_hover_style_info_anim\"><img fetchpriority=\"high\" decoding=\"async\" width=\"390\" height=\"476\" src=\"https:\/\/unhz.eu\/wp-content\/uploads\/2024\/04\/no-img.png\" class=\"attachment-law-office-thumb-rectangle size-law-office-thumb-rectangle wp-post-image\" alt=\"\" srcset=\"https:\/\/unhz.eu\/wp-content\/uploads\/2024\/04\/no-img.png 390w, https:\/\/unhz.eu\/wp-content\/uploads\/2024\/04\/no-img-246x300.png 246w, https:\/\/unhz.eu\/wp-content\/uploads\/2024\/04\/no-img-370x452.png 370w\" sizes=\"(max-width: 600px) 100vw, 390px\" \/><a class=\"post_link sc_team_item_link\" href=\"https:\/\/unhz.eu\/en\/team\/afrodita-gashi\/\"><\/a><div class=\"trx_addons_hover_mask\"><\/div><\/div>\t<div class=\"sc_team_item_info\">\n\t\t<div class=\"sc_team_item_header\">\n\t\t\t<h4 class=\"sc_team_item_title entry-title\"><a href=\"https:\/\/unhz.eu\/en\/team\/afrodita-gashi\/\">Afrodita Gashi<\/a><\/h4>\n\t\t\t<div class=\"sc_team_item_subtitle\">Drejtori i Burimeve Njer\u00ebzore dhe Barazi Gjinore<\/div>\t\t<\/div>\n\t\t\t\t\t<div class=\"trx_addons_hover_team\"><div class=\"sc_team_item_socials socials_wrap trx_addons_hover_info\"> <\/div><\/div>\n\t\t\t\t<\/div>\n\n<\/div>\n<\/div><div class=\"trx_addons_column-1_3\"><div data-post-id=\"22986\" class=\"sc_team_item sc_item_container post_container start-inner-3d no_links post-22986 cpt_team type-cpt_team status-publish has-post-thumbnail hentry cpt_team_group-stafi-i-burimeve-njerezore-dhe-barazi-gjinore\">\n\t<div class=\"post_featured sc_team_item_thumb trx_addons_hover trx_addons_hover_style_info_anim\"><img fetchpriority=\"high\" decoding=\"async\" width=\"390\" height=\"476\" src=\"https:\/\/unhz.eu\/wp-content\/uploads\/2024\/04\/no-img.png\" class=\"attachment-law-office-thumb-rectangle size-law-office-thumb-rectangle wp-post-image\" alt=\"\" srcset=\"https:\/\/unhz.eu\/wp-content\/uploads\/2024\/04\/no-img.png 390w, https:\/\/unhz.eu\/wp-content\/uploads\/2024\/04\/no-img-246x300.png 246w, https:\/\/unhz.eu\/wp-content\/uploads\/2024\/04\/no-img-370x452.png 370w\" sizes=\"(max-width: 600px) 100vw, 390px\" \/><a class=\"post_link sc_team_item_link\" href=\"https:\/\/unhz.eu\/en\/team\/diliko-kaci\/\"><\/a><div class=\"trx_addons_hover_mask\"><\/div><\/div>\t<div class=\"sc_team_item_info\">\n\t\t<div class=\"sc_team_item_header\">\n\t\t\t<h4 class=\"sc_team_item_title entry-title\"><a href=\"https:\/\/unhz.eu\/en\/team\/diliko-kaci\/\">Diliko Ka\u00e7i<\/a><\/h4>\n\t\t\t<div class=\"sc_team_item_subtitle\">Zyrtar i Burimeve Njer\u00ebzore<\/div>\t\t<\/div>\n\t\t\t\t\t<div class=\"trx_addons_hover_team\"><div class=\"sc_team_item_socials socials_wrap trx_addons_hover_info\"> <\/div><\/div>\n\t\t\t\t<\/div>\n\n<\/div>\n<\/div><\/div><\/div>\t\t\t\t<\/div>\n\t\t\t\t<\/div>\n\t\t\t\t<div class=\"elementor-element elementor-element-2c38a7e sc_fly_static elementor-widget elementor-widget-spacer\" data-id=\"2c38a7e\" data-element_type=\"widget\" data-e-type=\"widget\" data-widget_type=\"spacer.default\">\n\t\t\t\t<div class=\"elementor-widget-container\">\n\t\t\t\t\t\t\t<div class=\"elementor-spacer\">\n\t\t\t<div class=\"elementor-spacer-inner\"><\/div>\n\t\t<\/div>\n\t\t\t\t\t\t<\/div>\n\t\t\t\t<\/div>\n\t\t\t\t<div class=\"elementor-element elementor-element-e5ee3ed sc_fly_static elementor-widget elementor-widget-spacer\" data-id=\"e5ee3ed\" data-element_type=\"widget\" data-e-type=\"widget\" data-widget_type=\"spacer.default\">\n\t\t\t\t<div class=\"elementor-widget-container\">\n\t\t\t\t\t\t\t<div class=\"elementor-spacer\">\n\t\t\t<div class=\"elementor-spacer-inner\"><\/div>\n\t\t<\/div>\n\t\t\t\t\t\t<\/div>\n\t\t\t\t<\/div>\n\t\t\t\t\t<\/div>\n\t\t<\/div>\n\t\t\t\t\t<\/div>\n\t\t<\/section>\n\t\t\t\t<\/div>","protected":false},"excerpt":{"rendered":"<p>Rreth ZYR\u00ebs P\u00cbR BURIME NJER\u00cbZORE DHE BARAZI GJINORE Zyra p\u00ebr Burime Njer\u00ebzore dhe Barazi Gjinore&hellip;<\/p>","protected":false},"author":1,"featured_media":0,"parent":0,"menu_order":0,"comment_status":"closed","ping_status":"closed","template":"","meta":{"_acf_changed":false,"footnotes":""},"class_list":["post-22851","page","type-page","status-publish","hentry"],"yoast_head":"<!-- This site is optimized with the Yoast SEO Premium plugin v27.2 (Yoast SEO v27.2) - https:\/\/yoast.com\/product\/yoast-seo-premium-wordpress\/ -->\n<title>Zyra p\u00ebr Burime Njer\u00ebzore dhe Barazi Gjinore - University Haxhi Zeka<\/title>\n<meta name=\"robots\" content=\"index, follow, max-snippet:-1, max-image-preview:large, max-video-preview:-1\" \/>\n<link rel=\"canonical\" href=\"https:\/\/unhz.eu\/en\/zyra-per-burime-njerezore-dhe-barazi-gjinore\/\" \/>\n<meta property=\"og:locale\" content=\"en_US\" \/>\n<meta property=\"og:type\" content=\"article\" \/>\n<meta property=\"og:title\" content=\"Zyra p\u00ebr Burime Njer\u00ebzore dhe Barazi Gjinore\" \/>\n<meta property=\"og:description\" content=\"Rreth ZYR\u00ebs P\u00cbR BURIME NJER\u00cbZORE DHE BARAZI GJINORE Zyra p\u00ebr Burime Njer\u00ebzore dhe Barazi Gjinore&hellip;\" \/>\n<meta property=\"og:url\" content=\"https:\/\/unhz.eu\/en\/zyra-per-burime-njerezore-dhe-barazi-gjinore\/\" \/>\n<meta property=\"og:site_name\" content=\"University Haxhi Zeka\" \/>\n<meta property=\"article:publisher\" content=\"https:\/\/www.facebook.com\/uni.haxhizeka\" \/>\n<meta property=\"article:modified_time\" content=\"2025-08-27T08:53:16+00:00\" \/>\n<meta property=\"og:image\" content=\"https:\/\/unhz.eu\/wp-content\/uploads\/2024\/04\/no-img.png\" \/>\n<meta name=\"twitter:card\" content=\"summary_large_image\" \/>\n<meta name=\"twitter:site\" content=\"@uni_haxhizeka\" \/>\n<meta name=\"twitter:label1\" content=\"Est. reading time\" \/>\n\t<meta name=\"twitter:data1\" content=\"2 minutes\" \/>\n<script type=\"application\/ld+json\" class=\"yoast-schema-graph\">{\"@context\":\"https:\/\/schema.org\",\"@graph\":[{\"@type\":\"WebPage\",\"@id\":\"https:\/\/unhz.eu\/zyra-per-burime-njerezore-dhe-barazi-gjinore\/\",\"url\":\"https:\/\/unhz.eu\/zyra-per-burime-njerezore-dhe-barazi-gjinore\/\",\"name\":\"Zyra p\u00ebr Burime Njer\u00ebzore dhe Barazi Gjinore - University Haxhi Zeka\",\"isPartOf\":{\"@id\":\"https:\/\/unhz.eu\/#website\"},\"primaryImageOfPage\":{\"@id\":\"https:\/\/unhz.eu\/zyra-per-burime-njerezore-dhe-barazi-gjinore\/#primaryimage\"},\"image\":{\"@id\":\"https:\/\/unhz.eu\/zyra-per-burime-njerezore-dhe-barazi-gjinore\/#primaryimage\"},\"thumbnailUrl\":\"https:\/\/unhz.eu\/wp-content\/uploads\/2024\/04\/no-img.png\",\"datePublished\":\"2024-04-22T14:14:39+00:00\",\"dateModified\":\"2025-08-27T08:53:16+00:00\",\"breadcrumb\":{\"@id\":\"https:\/\/unhz.eu\/zyra-per-burime-njerezore-dhe-barazi-gjinore\/#breadcrumb\"},\"inLanguage\":\"en-US\",\"potentialAction\":[{\"@type\":\"ReadAction\",\"target\":[\"https:\/\/unhz.eu\/zyra-per-burime-njerezore-dhe-barazi-gjinore\/\"]}]},{\"@type\":\"ImageObject\",\"inLanguage\":\"en-US\",\"@id\":\"https:\/\/unhz.eu\/zyra-per-burime-njerezore-dhe-barazi-gjinore\/#primaryimage\",\"url\":\"https:\/\/unhz.eu\/wp-content\/uploads\/2024\/04\/no-img.png\",\"contentUrl\":\"https:\/\/unhz.eu\/wp-content\/uploads\/2024\/04\/no-img.png\"},{\"@type\":\"BreadcrumbList\",\"@id\":\"https:\/\/unhz.eu\/zyra-per-burime-njerezore-dhe-barazi-gjinore\/#breadcrumb\",\"itemListElement\":[{\"@type\":\"ListItem\",\"position\":1,\"name\":\"Home\",\"item\":\"https:\/\/unhz.eu\/\"},{\"@type\":\"ListItem\",\"position\":2,\"name\":\"Zyra p\u00ebr Burime Njer\u00ebzore dhe Barazi Gjinore\"}]},{\"@type\":\"WebSite\",\"@id\":\"https:\/\/unhz.eu\/#website\",\"url\":\"https:\/\/unhz.eu\/\",\"name\":\"Universiteti \u201cHaxhi Zeka\u201d\",\"description\":\"I dedikuar p\u00ebr cil\u00ebsi, standarde dhe suksese\",\"publisher\":{\"@id\":\"https:\/\/unhz.eu\/#organization\"},\"alternateName\":\"Universiteti Haxhi Zeka\",\"potentialAction\":[{\"@type\":\"SearchAction\",\"target\":{\"@type\":\"EntryPoint\",\"urlTemplate\":\"https:\/\/unhz.eu\/?s={search_term_string}\"},\"query-input\":{\"@type\":\"PropertyValueSpecification\",\"valueRequired\":true,\"valueName\":\"search_term_string\"}}],\"inLanguage\":\"en-US\"},{\"@type\":\"Organization\",\"@id\":\"https:\/\/unhz.eu\/#organization\",\"name\":\"Universiteti \u201cHaxhi Zeka\u201d\",\"alternateName\":\"Universiteti Haxhi Zeka\",\"url\":\"https:\/\/unhz.eu\/\",\"logo\":{\"@type\":\"ImageObject\",\"inLanguage\":\"en-US\",\"@id\":\"https:\/\/unhz.eu\/#\/schema\/logo\/image\/\",\"url\":\"https:\/\/unhz.eu\/wp-content\/uploads\/2025\/04\/logo-unhz.webp\",\"contentUrl\":\"https:\/\/unhz.eu\/wp-content\/uploads\/2025\/04\/logo-unhz.webp\",\"width\":1024,\"height\":260,\"caption\":\"Universiteti \u201cHaxhi Zeka\u201d\"},\"image\":{\"@id\":\"https:\/\/unhz.eu\/#\/schema\/logo\/image\/\"},\"sameAs\":[\"https:\/\/www.facebook.com\/uni.haxhizeka\",\"https:\/\/x.com\/uni_haxhizeka\",\"https:\/\/www.linkedin.com\/school\/haxhi-zeka-university\",\"https:\/\/www.instagram.com\/uni_haxhizeka\/\"],\"description\":\"Universiteti \u201cHaxhi Zeka\u201d n\u00eb Pej\u00eb \u00ebsht\u00eb institucion publik i arsimit t\u00eb lart\u00eb, q\u00eb ofron studime bachelor, master dhe doktorat\u00eb n\u00eb fusha t\u00eb ndryshme si menaxhimi, turizmi, ekonomia, bujq\u00ebsia, arti dhe drejt\u00ebsia. Universiteti synon zhvillimin akademik, hulumtimin shkencor dhe kontributin n\u00eb komunitet.\",\"email\":\"info@unhz.eu\",\"telephone\":\"+38339410970\",\"legalName\":\"Universiteti \u201cHaxhi Zeka\u201d n\u00eb Pej\u00eb\",\"foundingDate\":\"2011-11-14\",\"numberOfEmployees\":{\"@type\":\"QuantitativeValue\",\"minValue\":\"201\",\"maxValue\":\"500\"}}]}<\/script>\n<!-- \/ Yoast SEO Premium plugin. -->","yoast_head_json":{"title":"Zyra p\u00ebr Burime Njer\u00ebzore dhe Barazi Gjinore - University Haxhi Zeka","robots":{"index":"index","follow":"follow","max-snippet":"max-snippet:-1","max-image-preview":"max-image-preview:large","max-video-preview":"max-video-preview:-1"},"canonical":"https:\/\/unhz.eu\/en\/zyra-per-burime-njerezore-dhe-barazi-gjinore\/","og_locale":"en_US","og_type":"article","og_title":"Zyra p\u00ebr Burime Njer\u00ebzore dhe Barazi Gjinore","og_description":"Rreth ZYR\u00ebs P\u00cbR BURIME NJER\u00cbZORE DHE BARAZI GJINORE Zyra p\u00ebr Burime Njer\u00ebzore dhe Barazi Gjinore&hellip;","og_url":"https:\/\/unhz.eu\/en\/zyra-per-burime-njerezore-dhe-barazi-gjinore\/","og_site_name":"University Haxhi Zeka","article_publisher":"https:\/\/www.facebook.com\/uni.haxhizeka","article_modified_time":"2025-08-27T08:53:16+00:00","og_image":[{"url":"https:\/\/unhz.eu\/wp-content\/uploads\/2024\/04\/no-img.png","type":"","width":"","height":""}],"twitter_card":"summary_large_image","twitter_site":"@uni_haxhizeka","twitter_misc":{"Est. reading time":"2 minutes"},"schema":{"@context":"https:\/\/schema.org","@graph":[{"@type":"WebPage","@id":"https:\/\/unhz.eu\/zyra-per-burime-njerezore-dhe-barazi-gjinore\/","url":"https:\/\/unhz.eu\/zyra-per-burime-njerezore-dhe-barazi-gjinore\/","name":"Zyra p\u00ebr Burime Njer\u00ebzore dhe Barazi Gjinore - University Haxhi Zeka","isPartOf":{"@id":"https:\/\/unhz.eu\/#website"},"primaryImageOfPage":{"@id":"https:\/\/unhz.eu\/zyra-per-burime-njerezore-dhe-barazi-gjinore\/#primaryimage"},"image":{"@id":"https:\/\/unhz.eu\/zyra-per-burime-njerezore-dhe-barazi-gjinore\/#primaryimage"},"thumbnailUrl":"https:\/\/unhz.eu\/wp-content\/uploads\/2024\/04\/no-img.png","datePublished":"2024-04-22T14:14:39+00:00","dateModified":"2025-08-27T08:53:16+00:00","breadcrumb":{"@id":"https:\/\/unhz.eu\/zyra-per-burime-njerezore-dhe-barazi-gjinore\/#breadcrumb"},"inLanguage":"en-US","potentialAction":[{"@type":"ReadAction","target":["https:\/\/unhz.eu\/zyra-per-burime-njerezore-dhe-barazi-gjinore\/"]}]},{"@type":"ImageObject","inLanguage":"en-US","@id":"https:\/\/unhz.eu\/zyra-per-burime-njerezore-dhe-barazi-gjinore\/#primaryimage","url":"https:\/\/unhz.eu\/wp-content\/uploads\/2024\/04\/no-img.png","contentUrl":"https:\/\/unhz.eu\/wp-content\/uploads\/2024\/04\/no-img.png"},{"@type":"BreadcrumbList","@id":"https:\/\/unhz.eu\/zyra-per-burime-njerezore-dhe-barazi-gjinore\/#breadcrumb","itemListElement":[{"@type":"ListItem","position":1,"name":"Home","item":"https:\/\/unhz.eu\/"},{"@type":"ListItem","position":2,"name":"Zyra p\u00ebr Burime Njer\u00ebzore dhe Barazi Gjinore"}]},{"@type":"WebSite","@id":"https:\/\/unhz.eu\/#website","url":"https:\/\/unhz.eu\/","name":"&quot;Haxhi Zeka&quot; University\u201c","description":"Dedicated to quality, standards and success","publisher":{"@id":"https:\/\/unhz.eu\/#organization"},"alternateName":"Universiteti Haxhi Zeka","potentialAction":[{"@type":"SearchAction","target":{"@type":"EntryPoint","urlTemplate":"https:\/\/unhz.eu\/?s={search_term_string}"},"query-input":{"@type":"PropertyValueSpecification","valueRequired":true,"valueName":"search_term_string"}}],"inLanguage":"en-US"},{"@type":"Organization","@id":"https:\/\/unhz.eu\/#organization","name":"&quot;Haxhi Zeka&quot; University\u201c","alternateName":"Universiteti Haxhi Zeka","url":"https:\/\/unhz.eu\/","logo":{"@type":"ImageObject","inLanguage":"en-US","@id":"https:\/\/unhz.eu\/#\/schema\/logo\/image\/","url":"https:\/\/unhz.eu\/wp-content\/uploads\/2025\/04\/logo-unhz.webp","contentUrl":"https:\/\/unhz.eu\/wp-content\/uploads\/2025\/04\/logo-unhz.webp","width":1024,"height":260,"caption":"Universiteti \u201cHaxhi Zeka\u201d"},"image":{"@id":"https:\/\/unhz.eu\/#\/schema\/logo\/image\/"},"sameAs":["https:\/\/www.facebook.com\/uni.haxhizeka","https:\/\/x.com\/uni_haxhizeka","https:\/\/www.linkedin.com\/school\/haxhi-zeka-university","https:\/\/www.instagram.com\/uni_haxhizeka\/"],"description":"&quot;Haxhi Zeka&quot; University in Peja is a public institution of higher education, offering bachelor&#039;s, master&#039;s and doctoral studies in various fields such as management, tourism, economics, agriculture, art and law. The university aims at academic development, scientific research and contribution to the community.","email":"info@unhz.eu","telephone":"+38339410970","legalName":"Universiteti \u201cHaxhi Zeka\u201d n\u00eb Pej\u00eb","foundingDate":"2011-11-14","numberOfEmployees":{"@type":"QuantitativeValue","minValue":"201","maxValue":"500"}}]}},"acf":[],"_links":{"self":[{"href":"https:\/\/unhz.eu\/en\/wp-json\/wp\/v2\/pages\/22851","targetHints":{"allow":["GET"]}}],"collection":[{"href":"https:\/\/unhz.eu\/en\/wp-json\/wp\/v2\/pages"}],"about":[{"href":"https:\/\/unhz.eu\/en\/wp-json\/wp\/v2\/types\/page"}],"author":[{"embeddable":true,"href":"https:\/\/unhz.eu\/en\/wp-json\/wp\/v2\/users\/1"}],"replies":[{"embeddable":true,"href":"https:\/\/unhz.eu\/en\/wp-json\/wp\/v2\/comments?post=22851"}],"version-history":[{"count":5,"href":"https:\/\/unhz.eu\/en\/wp-json\/wp\/v2\/pages\/22851\/revisions"}],"predecessor-version":[{"id":57443,"href":"https:\/\/unhz.eu\/en\/wp-json\/wp\/v2\/pages\/22851\/revisions\/57443"}],"wp:attachment":[{"href":"https:\/\/unhz.eu\/en\/wp-json\/wp\/v2\/media?parent=22851"}],"curies":[{"name":"wp","href":"https:\/\/api.w.org\/{rel}","templated":true}]}}