{"id":22845,"date":"2024-04-22T14:14:03","date_gmt":"2024-04-22T14:14:03","guid":{"rendered":"https:\/\/unhz.eu\/?page_id=22845"},"modified":"2025-09-10T09:48:28","modified_gmt":"2025-09-10T07:48:28","slug":"zyra-per-bashkepunim-nderkombetar","status":"publish","type":"page","link":"https:\/\/unhz.eu\/en\/zyra-per-bashkepunim-nderkombetar\/","title":{"rendered":"International Cooperation Office"},"content":{"rendered":"<div data-elementor-type=\"wp-page\" data-elementor-id=\"22845\" class=\"elementor elementor-22845\" data-elementor-post-type=\"page\">\n\t\t\t\t\t\t<section class=\"elementor-section elementor-top-section elementor-element elementor-element-5d84697 elementor-section-boxed elementor-section-height-default elementor-section-height-default sc_fly_static\" data-id=\"5d84697\" data-element_type=\"section\" data-e-type=\"section\">\n\t\t\t\t\t\t<div class=\"elementor-container elementor-column-gap-extended\">\n\t\t\t\t\t<div class=\"elementor-column elementor-col-100 elementor-top-column elementor-element elementor-element-301306d sc_content_align_inherit sc_layouts_column_icons_position_left sc_fly_static\" data-id=\"301306d\" data-element_type=\"column\" data-e-type=\"column\">\n\t\t\t<div class=\"elementor-widget-wrap elementor-element-populated\">\n\t\t\t\t\t\t<div class=\"elementor-element elementor-element-252ead5 sc_fly_static elementor-widget elementor-widget-trx_sc_title\" data-id=\"252ead5\" data-element_type=\"widget\" data-e-type=\"widget\" data-widget_type=\"trx_sc_title.default\">\n\t\t\t\t<div class=\"elementor-widget-container\">\n\t\t\t\t\t<div\t\tclass=\"sc_title sc_title_default\" ><span class=\"sc_item_subtitle sc_title_subtitle sc_item_subtitle_above sc_item_title_style_default\">About<\/span><h5 class=\"sc_item_title sc_title_title sc_item_title_style_default sc_item_title_tag\"\n\t\t\t><span class=\"sc_item_title_text\">INTERNATIONAL COOPERATION OFFICE<\/span><\/h5><\/div>\t\t\t\t<\/div>\n\t\t\t\t<\/div>\n\t\t\t\t<div class=\"elementor-element elementor-element-c3ac553 sc_fly_static elementor-widget elementor-widget-spacer\" data-id=\"c3ac553\" data-element_type=\"widget\" data-e-type=\"widget\" data-widget_type=\"spacer.default\">\n\t\t\t\t<div class=\"elementor-widget-container\">\n\t\t\t\t\t\t\t<div class=\"elementor-spacer\">\n\t\t\t<div class=\"elementor-spacer-inner\"><\/div>\n\t\t<\/div>\n\t\t\t\t\t\t<\/div>\n\t\t\t\t<\/div>\n\t\t\t\t<div class=\"elementor-element elementor-element-9efbacb sc_fly_static elementor-widget elementor-widget-text-editor\" data-id=\"9efbacb\" data-element_type=\"widget\" data-e-type=\"widget\" data-widget_type=\"text-editor.default\">\n\t\t\t\t<div class=\"elementor-widget-container\">\n\t\t\t\t\t\t\t\t\t<p data-start=\"258\" data-end=\"550\">The International Cooperation Office is tasked with supporting the development of international inter-university cooperation, coordinating and advancing projects of a regional and international nature, and establishing connections with foreign institutions in the fields of education, science and research.<\/p><h6 data-start=\"552\" data-end=\"583\"><strong>Duties and responsibilities<\/strong><\/h6><ul data-start=\"584\" data-end=\"1683\"><li data-start=\"584\" data-end=\"693\"><p data-start=\"586\" data-end=\"693\">Supports the development of international inter-university cooperation through agreements and protocols;<\/p><\/li><li data-start=\"694\" data-end=\"779\"><p data-start=\"696\" data-end=\"779\">Coordinates and supports regional and international projects of interest to UHZ;<\/p><\/li><li data-start=\"780\" data-end=\"937\"><p data-start=\"782\" data-end=\"937\">Designs and implements projects that advance research and scientific work in collaboration with the Vice-Rector for International Cooperation and Quality Improvement;<\/p><\/li><li data-start=\"938\" data-end=\"1038\"><p data-start=\"940\" data-end=\"1038\">Assists in establishing connections with foreign universities and advises professors in this process;<\/p><\/li><li data-start=\"1039\" data-end=\"1236\"><p data-start=\"1041\" data-end=\"1236\">Collects data on national and international funds for the mobility of students and academic staff (e.g. DAAD, EU, Fulbright, British Council, etc.) and disseminates the information to faculties;<\/p><\/li><li data-start=\"1237\" data-end=\"1327\"><p data-start=\"1239\" data-end=\"1327\">Provides information from relevant international institutions for education and cooperation;<\/p><\/li><li data-start=\"1328\" data-end=\"1373\"><p data-start=\"1330\" data-end=\"1373\">Leads the University&#039;s Summer Program;<\/p><\/li><li data-start=\"1374\" data-end=\"1470\"><p data-start=\"1376\" data-end=\"1470\">Participates as a member of committees for planning strategies for project implementation;<\/p><\/li><li data-start=\"1471\" data-end=\"1623\"><p data-start=\"1473\" data-end=\"1623\">Assists the Rector and Vice-Rector for International Cooperation and Quality Improvement in all matters related to international cooperation;<\/p><\/li><li data-start=\"1624\" data-end=\"1683\"><p data-start=\"1626\" data-end=\"1683\">Also performs other tasks as requested by the manager.<\/p><\/li><\/ul><h6 data-start=\"1685\" data-end=\"1700\"><strong>reporting<\/strong><\/h6><ul data-start=\"1701\" data-end=\"1893\"><li data-start=\"1701\" data-end=\"1765\"><p data-start=\"1703\" data-end=\"1765\">For operational matters: reports to the Secretary General;<\/p><\/li><li data-start=\"1766\" data-end=\"1893\"><p data-start=\"1768\" data-end=\"1893\">For professional matters: reports and coordinates work with the Vice-Rector for International Cooperation and Quality Improvement.<\/p><\/li><\/ul><h6 data-start=\"1895\" data-end=\"1931\"><strong>Job structuring<\/strong><\/h6><ul data-start=\"1932\" data-end=\"2055\"><li data-start=\"1932\" data-end=\"1981\"><p data-start=\"1934\" data-end=\"1981\">Director of the Office for International Cooperation;<\/p><\/li><li data-start=\"1982\" data-end=\"2026\"><p data-start=\"1984\" data-end=\"2026\">International Cooperation Officer (1);<\/p><\/li><li data-start=\"2027\" data-end=\"2055\"><p data-start=\"2029\" data-end=\"2055\">Project Officer (1).<\/p><\/li><\/ul><h6 data-start=\"2057\" data-end=\"2081\"><strong>Number of workers<\/strong><\/h6><ul data-start=\"2082\" data-end=\"2147\"><li data-start=\"2082\" data-end=\"2147\"><p data-start=\"2084\" data-end=\"2147\">The International Cooperation Office has a total of <strong data-start=\"2130\" data-end=\"2144\">3 workers<\/strong>.<\/p><\/li><\/ul>\t\t\t\t\t\t\t\t<\/div>\n\t\t\t\t<\/div>\n\t\t\t\t<div class=\"elementor-element elementor-element-10942f0 sc_fly_static elementor-widget elementor-widget-spacer\" data-id=\"10942f0\" data-element_type=\"widget\" data-e-type=\"widget\" data-widget_type=\"spacer.default\">\n\t\t\t\t<div class=\"elementor-widget-container\">\n\t\t\t\t\t\t\t<div class=\"elementor-spacer\">\n\t\t\t<div class=\"elementor-spacer-inner\"><\/div>\n\t\t<\/div>\n\t\t\t\t\t\t<\/div>\n\t\t\t\t<\/div>\n\t\t\t\t<div class=\"elementor-element elementor-element-b9ed3c1 sc_fly_static elementor-widget elementor-widget-heading\" data-id=\"b9ed3c1\" data-element_type=\"widget\" data-e-type=\"widget\" data-widget_type=\"heading.default\">\n\t\t\t\t<div class=\"elementor-widget-container\">\n\t\t\t\t\t<h2 class=\"elementor-heading-title elementor-size-default\">StaFF<\/h2>\t\t\t\t<\/div>\n\t\t\t\t<\/div>\n\t\t\t\t<div class=\"elementor-element elementor-element-1945d82 sc_fly_static elementor-widget elementor-widget-spacer\" data-id=\"1945d82\" data-element_type=\"widget\" data-e-type=\"widget\" data-widget_type=\"spacer.default\">\n\t\t\t\t<div class=\"elementor-widget-container\">\n\t\t\t\t\t\t\t<div class=\"elementor-spacer\">\n\t\t\t<div class=\"elementor-spacer-inner\"><\/div>\n\t\t<\/div>\n\t\t\t\t\t\t<\/div>\n\t\t\t\t<\/div>\n\t\t\t\t\t<\/div>\n\t\t<\/div>\n\t\t\t\t\t<\/div>\n\t\t<\/section>\n\t\t<div class=\"elementor-element elementor-element-3f104e9 e-flex e-con-boxed sc_layouts_column_icons_position_left e-con e-parent\" data-id=\"3f104e9\" data-element_type=\"container\" data-e-type=\"container\">\n\t\t\t\t\t<div class=\"e-con-inner\">\n\t\t\t\t<div class=\"elementor-element elementor-element-7e0c300 sc_fly_static elementor-widget elementor-widget-trx_sc_team\" data-id=\"7e0c300\" data-element_type=\"widget\" data-e-type=\"widget\" data-widget_type=\"trx_sc_team.default\">\n\t\t\t\t<div class=\"elementor-widget-container\">\n\t\t\t\t\t<div \t\tclass=\"sc_team sc_team_3d-simple\"><div class=\"sc_team_columns_wrap sc_item_columns sc_item_posts_container trx_addons_columns_wrap columns_padding_bottom columns_in_single_row\"><div class=\"trx_addons_column-1_3\"><div data-post-id=\"22977\" class=\"sc_team_item sc_item_container post_container start-inner-3d no_links post-22977 cpt_team type-cpt_team status-publish has-post-thumbnail hentry cpt_team_group-stafi-i-zyres-per-bashkepunim-nderkombetare\">\n\t<div class=\"post_featured sc_team_item_thumb trx_addons_hover trx_addons_hover_style_info_anim\"><img fetchpriority=\"high\" decoding=\"async\" width=\"390\" height=\"476\" src=\"https:\/\/unhz.eu\/wp-content\/uploads\/2024\/04\/no-img.png\" class=\"attachment-law-office-thumb-rectangle size-law-office-thumb-rectangle wp-post-image\" alt=\"\" srcset=\"https:\/\/unhz.eu\/wp-content\/uploads\/2024\/04\/no-img.png 390w, https:\/\/unhz.eu\/wp-content\/uploads\/2024\/04\/no-img-246x300.png 246w, https:\/\/unhz.eu\/wp-content\/uploads\/2024\/04\/no-img-370x452.png 370w\" sizes=\"(max-width: 600px) 100vw, 390px\" \/><a class=\"post_link sc_team_item_link\" href=\"https:\/\/unhz.eu\/en\/team\/arberora-haxhijaj\/\"><\/a><div class=\"trx_addons_hover_mask\"><\/div><\/div>\t<div class=\"sc_team_item_info\">\n\t\t<div class=\"sc_team_item_header\">\n\t\t\t<h4 class=\"sc_team_item_title entry-title\"><a href=\"https:\/\/unhz.eu\/en\/team\/arberora-haxhijaj\/\">Arberora Haxhijaj<\/a><\/h4>\n\t\t\t<div class=\"sc_team_item_subtitle\">Director of the International Cooperation Office<\/div>\t\t<\/div>\n\t\t\t\t\t<div class=\"trx_addons_hover_team\"><div class=\"sc_team_item_socials socials_wrap trx_addons_hover_info\"> <\/div><\/div>\n\t\t\t\t<\/div>\n\n<\/div>\n<\/div><\/div><\/div>\t\t\t\t<\/div>\n\t\t\t\t<\/div>\n\t\t\t\t\t<\/div>\n\t\t\t\t<\/div>\n\t\t\t\t<\/div>","protected":false},"excerpt":{"rendered":"<p>Rreth ZYR\u00ebs P\u00cbR BASHK\u00cbPUNIM ND\u00cbRKOMB\u00cbTAR Zyra p\u00ebr Bashk\u00ebpunim Nd\u00ebrkomb\u00ebtar ka p\u00ebr detyr\u00eb t\u00eb p\u00ebrkrah\u00eb zhvillimin&hellip;<\/p>","protected":false},"author":1,"featured_media":0,"parent":0,"menu_order":0,"comment_status":"closed","ping_status":"closed","template":"","meta":{"_acf_changed":false,"footnotes":""},"class_list":["post-22845","page","type-page","status-publish","hentry"],"yoast_head":"<!-- This site is optimized with the Yoast SEO Premium plugin v27.2 (Yoast SEO v27.2) - https:\/\/yoast.com\/product\/yoast-seo-premium-wordpress\/ -->\n<title>Zyra p\u00ebr Bashk\u00ebpunim Nd\u00ebrkomb\u00ebtar \u2013 UHZ, Pej\u00eb<\/title>\n<meta name=\"description\" content=\"Zyra p\u00ebr Bashk\u00ebpunim Nd\u00ebrkomb\u00ebtar e UHZ-s\u00eb forcon partneritetet nd\u00ebruniversitare, koordinon projekte rajonale dhe nd\u00ebrkomb\u00ebtare dhe mb\u00ebshtet staf akademik e student\u00eb.\" \/>\n<meta name=\"robots\" content=\"index, follow, max-snippet:-1, max-image-preview:large, max-video-preview:-1\" \/>\n<link rel=\"canonical\" href=\"https:\/\/unhz.eu\/en\/zyra-per-bashkepunim-nderkombetar\/\" \/>\n<meta property=\"og:locale\" content=\"en_US\" \/>\n<meta property=\"og:type\" content=\"article\" \/>\n<meta property=\"og:title\" content=\"Zyra p\u00ebr Bashk\u00ebpunim Nd\u00ebrkomb\u00ebtar\" \/>\n<meta property=\"og:description\" content=\"Zyra p\u00ebr Bashk\u00ebpunim Nd\u00ebrkomb\u00ebtar e UHZ-s\u00eb forcon partneritetet nd\u00ebruniversitare, koordinon projekte rajonale dhe nd\u00ebrkomb\u00ebtare dhe mb\u00ebshtet staf akademik e student\u00eb.\" \/>\n<meta property=\"og:url\" content=\"https:\/\/unhz.eu\/en\/zyra-per-bashkepunim-nderkombetar\/\" \/>\n<meta property=\"og:site_name\" content=\"University Haxhi Zeka\" \/>\n<meta property=\"article:publisher\" content=\"https:\/\/www.facebook.com\/uni.haxhizeka\" \/>\n<meta property=\"article:modified_time\" content=\"2025-09-10T07:48:28+00:00\" \/>\n<meta property=\"og:image\" content=\"https:\/\/unhz.eu\/wp-content\/uploads\/2024\/04\/no-img.png\" \/>\n<meta name=\"twitter:card\" content=\"summary_large_image\" \/>\n<meta name=\"twitter:site\" content=\"@uni_haxhizeka\" \/>\n<meta name=\"twitter:label1\" content=\"Est. reading time\" \/>\n\t<meta name=\"twitter:data1\" content=\"2 minutes\" \/>\n<script type=\"application\/ld+json\" class=\"yoast-schema-graph\">{\"@context\":\"https:\/\/schema.org\",\"@graph\":[{\"@type\":\"WebPage\",\"@id\":\"https:\/\/unhz.eu\/zyra-per-bashkepunim-nderkombetar\/\",\"url\":\"https:\/\/unhz.eu\/zyra-per-bashkepunim-nderkombetar\/\",\"name\":\"Zyra p\u00ebr Bashk\u00ebpunim Nd\u00ebrkomb\u00ebtar \u2013 UHZ, Pej\u00eb\",\"isPartOf\":{\"@id\":\"https:\/\/unhz.eu\/#website\"},\"primaryImageOfPage\":{\"@id\":\"https:\/\/unhz.eu\/zyra-per-bashkepunim-nderkombetar\/#primaryimage\"},\"image\":{\"@id\":\"https:\/\/unhz.eu\/zyra-per-bashkepunim-nderkombetar\/#primaryimage\"},\"thumbnailUrl\":\"https:\/\/unhz.eu\/wp-content\/uploads\/2024\/04\/no-img.png\",\"datePublished\":\"2024-04-22T14:14:03+00:00\",\"dateModified\":\"2025-09-10T07:48:28+00:00\",\"description\":\"Zyra p\u00ebr Bashk\u00ebpunim Nd\u00ebrkomb\u00ebtar e UHZ-s\u00eb forcon partneritetet nd\u00ebruniversitare, koordinon projekte rajonale dhe nd\u00ebrkomb\u00ebtare dhe mb\u00ebshtet staf akademik e student\u00eb.\",\"breadcrumb\":{\"@id\":\"https:\/\/unhz.eu\/zyra-per-bashkepunim-nderkombetar\/#breadcrumb\"},\"inLanguage\":\"en-US\",\"potentialAction\":[{\"@type\":\"ReadAction\",\"target\":[\"https:\/\/unhz.eu\/zyra-per-bashkepunim-nderkombetar\/\"]}]},{\"@type\":\"ImageObject\",\"inLanguage\":\"en-US\",\"@id\":\"https:\/\/unhz.eu\/zyra-per-bashkepunim-nderkombetar\/#primaryimage\",\"url\":\"https:\/\/unhz.eu\/wp-content\/uploads\/2024\/04\/no-img.png\",\"contentUrl\":\"https:\/\/unhz.eu\/wp-content\/uploads\/2024\/04\/no-img.png\"},{\"@type\":\"BreadcrumbList\",\"@id\":\"https:\/\/unhz.eu\/zyra-per-bashkepunim-nderkombetar\/#breadcrumb\",\"itemListElement\":[{\"@type\":\"ListItem\",\"position\":1,\"name\":\"Home\",\"item\":\"https:\/\/unhz.eu\/\"},{\"@type\":\"ListItem\",\"position\":2,\"name\":\"Zyra p\u00ebr Bashk\u00ebpunim Nd\u00ebrkomb\u00ebtar\"}]},{\"@type\":\"WebSite\",\"@id\":\"https:\/\/unhz.eu\/#website\",\"url\":\"https:\/\/unhz.eu\/\",\"name\":\"Universiteti \u201cHaxhi Zeka\u201d\",\"description\":\"I dedikuar p\u00ebr cil\u00ebsi, standarde dhe suksese\",\"publisher\":{\"@id\":\"https:\/\/unhz.eu\/#organization\"},\"alternateName\":\"Universiteti Haxhi Zeka\",\"potentialAction\":[{\"@type\":\"SearchAction\",\"target\":{\"@type\":\"EntryPoint\",\"urlTemplate\":\"https:\/\/unhz.eu\/?s={search_term_string}\"},\"query-input\":{\"@type\":\"PropertyValueSpecification\",\"valueRequired\":true,\"valueName\":\"search_term_string\"}}],\"inLanguage\":\"en-US\"},{\"@type\":\"Organization\",\"@id\":\"https:\/\/unhz.eu\/#organization\",\"name\":\"Universiteti \u201cHaxhi Zeka\u201d\",\"alternateName\":\"Universiteti Haxhi Zeka\",\"url\":\"https:\/\/unhz.eu\/\",\"logo\":{\"@type\":\"ImageObject\",\"inLanguage\":\"en-US\",\"@id\":\"https:\/\/unhz.eu\/#\/schema\/logo\/image\/\",\"url\":\"https:\/\/unhz.eu\/wp-content\/uploads\/2025\/04\/logo-unhz.webp\",\"contentUrl\":\"https:\/\/unhz.eu\/wp-content\/uploads\/2025\/04\/logo-unhz.webp\",\"width\":1024,\"height\":260,\"caption\":\"Universiteti \u201cHaxhi Zeka\u201d\"},\"image\":{\"@id\":\"https:\/\/unhz.eu\/#\/schema\/logo\/image\/\"},\"sameAs\":[\"https:\/\/www.facebook.com\/uni.haxhizeka\",\"https:\/\/x.com\/uni_haxhizeka\",\"https:\/\/www.linkedin.com\/school\/haxhi-zeka-university\",\"https:\/\/www.instagram.com\/uni_haxhizeka\/\"],\"description\":\"Universiteti \u201cHaxhi Zeka\u201d n\u00eb Pej\u00eb \u00ebsht\u00eb institucion publik i arsimit t\u00eb lart\u00eb, q\u00eb ofron studime bachelor, master dhe doktorat\u00eb n\u00eb fusha t\u00eb ndryshme si menaxhimi, turizmi, ekonomia, bujq\u00ebsia, arti dhe drejt\u00ebsia. Universiteti synon zhvillimin akademik, hulumtimin shkencor dhe kontributin n\u00eb komunitet.\",\"email\":\"info@unhz.eu\",\"telephone\":\"+38339410970\",\"legalName\":\"Universiteti \u201cHaxhi Zeka\u201d n\u00eb Pej\u00eb\",\"foundingDate\":\"2011-11-14\",\"numberOfEmployees\":{\"@type\":\"QuantitativeValue\",\"minValue\":\"201\",\"maxValue\":\"500\"}}]}<\/script>\n<!-- \/ Yoast SEO Premium plugin. -->","yoast_head_json":{"title":"Office for International Cooperation \u2013 UHZ, Peja","description":"The UHZ International Cooperation Office strengthens interuniversity partnerships, coordinates regional and international projects, and supports academic staff and students.","robots":{"index":"index","follow":"follow","max-snippet":"max-snippet:-1","max-image-preview":"max-image-preview:large","max-video-preview":"max-video-preview:-1"},"canonical":"https:\/\/unhz.eu\/en\/zyra-per-bashkepunim-nderkombetar\/","og_locale":"en_US","og_type":"article","og_title":"Zyra p\u00ebr Bashk\u00ebpunim Nd\u00ebrkomb\u00ebtar","og_description":"Zyra p\u00ebr Bashk\u00ebpunim Nd\u00ebrkomb\u00ebtar e UHZ-s\u00eb forcon partneritetet nd\u00ebruniversitare, koordinon projekte rajonale dhe nd\u00ebrkomb\u00ebtare dhe mb\u00ebshtet staf akademik e student\u00eb.","og_url":"https:\/\/unhz.eu\/en\/zyra-per-bashkepunim-nderkombetar\/","og_site_name":"University Haxhi Zeka","article_publisher":"https:\/\/www.facebook.com\/uni.haxhizeka","article_modified_time":"2025-09-10T07:48:28+00:00","og_image":[{"url":"https:\/\/unhz.eu\/wp-content\/uploads\/2024\/04\/no-img.png","type":"","width":"","height":""}],"twitter_card":"summary_large_image","twitter_site":"@uni_haxhizeka","twitter_misc":{"Est. reading time":"2 minutes"},"schema":{"@context":"https:\/\/schema.org","@graph":[{"@type":"WebPage","@id":"https:\/\/unhz.eu\/zyra-per-bashkepunim-nderkombetar\/","url":"https:\/\/unhz.eu\/zyra-per-bashkepunim-nderkombetar\/","name":"Office for International Cooperation \u2013 UHZ, Peja","isPartOf":{"@id":"https:\/\/unhz.eu\/#website"},"primaryImageOfPage":{"@id":"https:\/\/unhz.eu\/zyra-per-bashkepunim-nderkombetar\/#primaryimage"},"image":{"@id":"https:\/\/unhz.eu\/zyra-per-bashkepunim-nderkombetar\/#primaryimage"},"thumbnailUrl":"https:\/\/unhz.eu\/wp-content\/uploads\/2024\/04\/no-img.png","datePublished":"2024-04-22T14:14:03+00:00","dateModified":"2025-09-10T07:48:28+00:00","description":"The UHZ International Cooperation Office strengthens interuniversity partnerships, coordinates regional and international projects, and supports academic staff and students.","breadcrumb":{"@id":"https:\/\/unhz.eu\/zyra-per-bashkepunim-nderkombetar\/#breadcrumb"},"inLanguage":"en-US","potentialAction":[{"@type":"ReadAction","target":["https:\/\/unhz.eu\/zyra-per-bashkepunim-nderkombetar\/"]}]},{"@type":"ImageObject","inLanguage":"en-US","@id":"https:\/\/unhz.eu\/zyra-per-bashkepunim-nderkombetar\/#primaryimage","url":"https:\/\/unhz.eu\/wp-content\/uploads\/2024\/04\/no-img.png","contentUrl":"https:\/\/unhz.eu\/wp-content\/uploads\/2024\/04\/no-img.png"},{"@type":"BreadcrumbList","@id":"https:\/\/unhz.eu\/zyra-per-bashkepunim-nderkombetar\/#breadcrumb","itemListElement":[{"@type":"ListItem","position":1,"name":"Home","item":"https:\/\/unhz.eu\/"},{"@type":"ListItem","position":2,"name":"Zyra p\u00ebr Bashk\u00ebpunim Nd\u00ebrkomb\u00ebtar"}]},{"@type":"WebSite","@id":"https:\/\/unhz.eu\/#website","url":"https:\/\/unhz.eu\/","name":"&quot;Haxhi Zeka&quot; University\u201c","description":"Dedicated to quality, standards and success","publisher":{"@id":"https:\/\/unhz.eu\/#organization"},"alternateName":"Universiteti Haxhi Zeka","potentialAction":[{"@type":"SearchAction","target":{"@type":"EntryPoint","urlTemplate":"https:\/\/unhz.eu\/?s={search_term_string}"},"query-input":{"@type":"PropertyValueSpecification","valueRequired":true,"valueName":"search_term_string"}}],"inLanguage":"en-US"},{"@type":"Organization","@id":"https:\/\/unhz.eu\/#organization","name":"&quot;Haxhi Zeka&quot; University\u201c","alternateName":"Universiteti Haxhi Zeka","url":"https:\/\/unhz.eu\/","logo":{"@type":"ImageObject","inLanguage":"en-US","@id":"https:\/\/unhz.eu\/#\/schema\/logo\/image\/","url":"https:\/\/unhz.eu\/wp-content\/uploads\/2025\/04\/logo-unhz.webp","contentUrl":"https:\/\/unhz.eu\/wp-content\/uploads\/2025\/04\/logo-unhz.webp","width":1024,"height":260,"caption":"Universiteti \u201cHaxhi Zeka\u201d"},"image":{"@id":"https:\/\/unhz.eu\/#\/schema\/logo\/image\/"},"sameAs":["https:\/\/www.facebook.com\/uni.haxhizeka","https:\/\/x.com\/uni_haxhizeka","https:\/\/www.linkedin.com\/school\/haxhi-zeka-university","https:\/\/www.instagram.com\/uni_haxhizeka\/"],"description":"&quot;Haxhi Zeka&quot; University in Peja is a public institution of higher education, offering bachelor&#039;s, master&#039;s and doctoral studies in various fields such as management, tourism, economics, agriculture, art and law. The university aims at academic development, scientific research and contribution to the community.","email":"info@unhz.eu","telephone":"+38339410970","legalName":"Universiteti \u201cHaxhi Zeka\u201d n\u00eb Pej\u00eb","foundingDate":"2011-11-14","numberOfEmployees":{"@type":"QuantitativeValue","minValue":"201","maxValue":"500"}}]}},"acf":[],"_links":{"self":[{"href":"https:\/\/unhz.eu\/en\/wp-json\/wp\/v2\/pages\/22845","targetHints":{"allow":["GET"]}}],"collection":[{"href":"https:\/\/unhz.eu\/en\/wp-json\/wp\/v2\/pages"}],"about":[{"href":"https:\/\/unhz.eu\/en\/wp-json\/wp\/v2\/types\/page"}],"author":[{"embeddable":true,"href":"https:\/\/unhz.eu\/en\/wp-json\/wp\/v2\/users\/1"}],"replies":[{"embeddable":true,"href":"https:\/\/unhz.eu\/en\/wp-json\/wp\/v2\/comments?post=22845"}],"version-history":[{"count":5,"href":"https:\/\/unhz.eu\/en\/wp-json\/wp\/v2\/pages\/22845\/revisions"}],"predecessor-version":[{"id":57436,"href":"https:\/\/unhz.eu\/en\/wp-json\/wp\/v2\/pages\/22845\/revisions\/57436"}],"wp:attachment":[{"href":"https:\/\/unhz.eu\/en\/wp-json\/wp\/v2\/media?parent=22845"}],"curies":[{"name":"wp","href":"https:\/\/api.w.org\/{rel}","templated":true}]}}