{"id":22831,"date":"2024-04-22T14:12:22","date_gmt":"2024-04-22T14:12:22","guid":{"rendered":"https:\/\/unhz.eu\/?page_id=22831"},"modified":"2025-08-27T10:18:47","modified_gmt":"2025-08-27T08:18:47","slug":"zyra-per-ceshtje-studentore","status":"publish","type":"page","link":"https:\/\/unhz.eu\/en\/zyra-per-ceshtje-studentore\/","title":{"rendered":"Zyra p\u00ebr \u00c7\u00ebshtje Studentore"},"content":{"rendered":"<div data-elementor-type=\"wp-page\" data-elementor-id=\"22831\" class=\"elementor elementor-22831\" data-elementor-post-type=\"page\">\n\t\t\t\t\t\t<section class=\"elementor-section elementor-top-section elementor-element elementor-element-532a416 elementor-section-boxed elementor-section-height-default elementor-section-height-default sc_fly_static\" data-id=\"532a416\" data-element_type=\"section\" data-e-type=\"section\">\n\t\t\t\t\t\t<div class=\"elementor-container elementor-column-gap-extended\">\n\t\t\t\t\t<div class=\"elementor-column elementor-col-100 elementor-top-column elementor-element elementor-element-3021621 sc_content_align_inherit sc_layouts_column_icons_position_left sc_fly_static\" data-id=\"3021621\" data-element_type=\"column\" data-e-type=\"column\">\n\t\t\t<div class=\"elementor-widget-wrap elementor-element-populated\">\n\t\t\t\t\t\t<div class=\"elementor-element elementor-element-5b0b628 sc_fly_static elementor-widget elementor-widget-trx_sc_title\" data-id=\"5b0b628\" data-element_type=\"widget\" data-e-type=\"widget\" data-widget_type=\"trx_sc_title.default\">\n\t\t\t\t<div class=\"elementor-widget-container\">\n\t\t\t\t\t<div\t\tclass=\"sc_title sc_title_default\" ><span class=\"sc_item_subtitle sc_title_subtitle sc_item_subtitle_above sc_item_title_style_default\">About<\/span><h5 class=\"sc_item_title sc_title_title sc_item_title_style_default sc_item_title_tag\"\n\t\t\t><span class=\"sc_item_title_text\">ZYR\u00cbs P\u00cbR \u00c7\u00cbSHTJE STUDENTORE<\/span><\/h5><\/div>\t\t\t\t<\/div>\n\t\t\t\t<\/div>\n\t\t\t\t\t<\/div>\n\t\t<\/div>\n\t\t\t\t\t<\/div>\n\t\t<\/section>\n\t\t\t\t<section class=\"elementor-section elementor-top-section elementor-element elementor-element-804c6d0 elementor-section-boxed elementor-section-height-default elementor-section-height-default sc_fly_static\" data-id=\"804c6d0\" data-element_type=\"section\" data-e-type=\"section\">\n\t\t\t\t\t\t<div class=\"elementor-container elementor-column-gap-extended\">\n\t\t\t\t\t<div class=\"elementor-column elementor-col-100 elementor-top-column elementor-element elementor-element-6208017 sc_content_align_inherit sc_layouts_column_icons_position_left sc_fly_static\" data-id=\"6208017\" data-element_type=\"column\" data-e-type=\"column\">\n\t\t\t<div class=\"elementor-widget-wrap elementor-element-populated\">\n\t\t\t\t\t\t<div class=\"elementor-element elementor-element-496c592 sc_fly_static elementor-widget elementor-widget-spacer\" data-id=\"496c592\" data-element_type=\"widget\" data-e-type=\"widget\" data-widget_type=\"spacer.default\">\n\t\t\t\t<div class=\"elementor-widget-container\">\n\t\t\t\t\t\t\t<div class=\"elementor-spacer\">\n\t\t\t<div class=\"elementor-spacer-inner\"><\/div>\n\t\t<\/div>\n\t\t\t\t\t\t<\/div>\n\t\t\t\t<\/div>\n\t\t\t\t\t<\/div>\n\t\t<\/div>\n\t\t\t\t\t<\/div>\n\t\t<\/section>\n\t\t\t\t<section class=\"elementor-section elementor-top-section elementor-element elementor-element-16ee239 elementor-section-boxed elementor-section-height-default elementor-section-height-default sc_fly_static\" data-id=\"16ee239\" data-element_type=\"section\" data-e-type=\"section\">\n\t\t\t\t\t\t<div class=\"elementor-container elementor-column-gap-extended\">\n\t\t\t\t\t<div class=\"elementor-column elementor-col-100 elementor-top-column elementor-element elementor-element-7d87995 sc_content_align_inherit sc_layouts_column_icons_position_left sc_fly_static\" data-id=\"7d87995\" data-element_type=\"column\" data-e-type=\"column\">\n\t\t\t<div class=\"elementor-widget-wrap elementor-element-populated\">\n\t\t\t\t\t\t<div class=\"elementor-element elementor-element-61ca38f sc_fly_static elementor-widget elementor-widget-text-editor\" data-id=\"61ca38f\" data-element_type=\"widget\" data-e-type=\"widget\" data-widget_type=\"text-editor.default\">\n\t\t\t\t<div class=\"elementor-widget-container\">\n\t\t\t\t\t\t\t\t\t<h6 data-start=\"209\" data-end=\"270\"><strong>Detyrat dhe P\u00ebrgjegj\u00ebsit\u00eb<\/strong><\/h6><p data-start=\"272\" data-end=\"658\">Zyra p\u00ebr \u00c7\u00ebshtje Studentore n\u00eb Universitetin \u201cHaxhi Zeka\u201d \u00ebsht\u00eb p\u00ebrgjegj\u00ebse p\u00ebr organizimin, koordinimin dhe zbatimin e t\u00eb gjitha proceseve q\u00eb lidhen me student\u00ebt, q\u00eb nga regjistrimi deri te diplomimi. Kjo zyr\u00eb siguron mb\u00ebshtetje administrative p\u00ebr student\u00ebt e rinj dhe ata ekzistues, duke garantuar transparenc\u00eb dhe korrekt\u00ebsi n\u00eb menaxhimin e t\u00eb dh\u00ebnave dhe dokumentacionit akademik.<\/p><p data-start=\"660\" data-end=\"910\">N\u00eb bashk\u00ebpunim me menaxhmentin, nj\u00ebsit\u00eb akademike dhe Prorektorin p\u00ebr M\u00ebsimdh\u00ebnie, Zyra p\u00ebr \u00c7\u00ebshtje Studentore ndihmon n\u00eb hartimin e politikave, planifikimin dhe realizimin e sh\u00ebrbimeve q\u00eb lidhen me ciklin e plot\u00eb t\u00eb studimeve t\u00eb student\u00ebve n\u00eb UHZ.<\/p><p data-start=\"660\" data-end=\"910\"><strong>Fush\u00ebveprimi dhe Funksionet Kryesore<\/strong><\/p><p data-start=\"960\" data-end=\"1040\">Detyrat dhe p\u00ebrgjegj\u00ebsit\u00eb kryesore t\u00eb Zyr\u00ebs p\u00ebr \u00c7\u00ebshtje Studentore p\u00ebrfshijn\u00eb:<\/p><ul data-start=\"1042\" data-end=\"1881\"><li data-start=\"1042\" data-end=\"1197\"><p data-start=\"1044\" data-end=\"1197\">Koordinimin me Menaxhmentin dhe nj\u00ebsit\u00eb akademike p\u00ebr numrin e student\u00ebve q\u00eb do t\u00eb pranohen n\u00eb vitin e ri akademik dhe d\u00ebrgimin e propozimeve n\u00eb Senat;<\/p><\/li><li data-start=\"1198\" data-end=\"1324\"><p data-start=\"1200\" data-end=\"1324\">Organizimin dhe p\u00ebrgatitjen e konkursit t\u00eb pranimit dhe planifikimin e angazhimit t\u00eb stafit p\u00ebr regjistrimin e student\u00ebve;<\/p><\/li><li data-start=\"1325\" data-end=\"1435\"><p data-start=\"1327\" data-end=\"1435\">Regjistrimin teknik t\u00eb student\u00ebve n\u00eb vitin e par\u00eb t\u00eb studimeve dhe njoftimin e fakulteteve p\u00ebr rezultatet;<\/p><\/li><li data-start=\"1436\" data-end=\"1515\"><p data-start=\"1438\" data-end=\"1515\">Hartimin e raportit p\u00ebrfundimtar dhe pasqyrave p\u00ebr student\u00ebt e regjistruar;<\/p><\/li><li data-start=\"1516\" data-end=\"1602\"><p data-start=\"1518\" data-end=\"1602\">L\u00ebshimin e v\u00ebrtetimeve lidhur me statusin e studentit dhe procesin e regjistrimit;<\/p><\/li><li data-start=\"1603\" data-end=\"1700\"><p data-start=\"1605\" data-end=\"1700\">P\u00ebrgatitjen dhe shp\u00ebrndarjen e <strong data-start=\"1636\" data-end=\"1673\">Informatorit p\u00ebr student\u00ebt e rinj<\/strong> n\u00ebp\u00ebr nj\u00ebsit\u00eb akademike;<\/p><\/li><li data-start=\"1701\" data-end=\"1779\"><p data-start=\"1703\" data-end=\"1779\">Menaxhimin e statistikave t\u00eb student\u00ebve p\u00ebr t\u00eb gjitha nivelet e studimeve;<\/p><\/li><li data-start=\"1780\" data-end=\"1881\"><p data-start=\"1782\" data-end=\"1881\">P\u00ebrgatitjen dhe verifikimin e diplomave, si dhe mbajtjen e librit am\u00ebz p\u00ebr student\u00ebt e diplomuar.<\/p><\/li><\/ul><p><strong>Struktura dhe P\u00ebrb\u00ebrja e Zyr\u00ebs<\/strong><\/p><p data-start=\"1925\" data-end=\"2219\">Zyra p\u00ebr \u00c7\u00ebshtje Studentore udh\u00ebhiqet nga <strong data-start=\"1967\" data-end=\"2014\">Drejtori i Zyr\u00ebs p\u00ebr Sh\u00ebrbime t\u00eb Student\u00ebve<\/strong>, i cili raporton operacionalisht tek <strong data-start=\"2052\" data-end=\"2080\">Secretary General<\/strong>, nd\u00ebrsa p\u00ebr \u00e7\u00ebshtjet profesionale bashk\u00ebpunon dhe raporton tek <strong data-start=\"2144\" data-end=\"2216\">Prorektori p\u00ebr M\u00ebsimdh\u00ebnie, \u00c7\u00ebshtje Studentore dhe K\u00ebrkime Shkencore<\/strong>.<\/p><p data-start=\"2221\" data-end=\"2292\">Sipas sistematizimit t\u00eb vendeve t\u00eb pun\u00ebs, struktura e zyr\u00ebs p\u00ebrfshin:<\/p><ul data-start=\"2294\" data-end=\"2445\"><li data-start=\"2294\" data-end=\"2352\"><p data-start=\"2296\" data-end=\"2352\"><strong data-start=\"2296\" data-end=\"2338\">Drejtor i Zyr\u00ebs p\u00ebr \u00c7\u00ebshtje Studentore<\/strong> (1 n\u00ebpun\u00ebs)<\/p><\/li><li data-start=\"2353\" data-end=\"2406\"><p data-start=\"2355\" data-end=\"2406\"><strong data-start=\"2355\" data-end=\"2392\">Zyrtar p\u00ebr Sh\u00ebrbime t\u00eb Student\u00ebve<\/strong> (1 n\u00ebpun\u00ebs)<\/p><\/li><li data-start=\"2407\" data-end=\"2445\"><p data-start=\"2409\" data-end=\"2445\"><strong data-start=\"2409\" data-end=\"2431\">Zyrtar p\u00ebr Diploma<\/strong> (2 n\u00ebpun\u00ebs)<\/p><\/li><\/ul><p data-start=\"2447\" data-end=\"2530\">Numri i p\u00ebrgjithsh\u00ebm i t\u00eb pun\u00ebsuarve n\u00eb Zyr\u00ebn p\u00ebr \u00c7\u00ebshtje Studentore \u00ebsht\u00eb <strong data-start=\"2522\" data-end=\"2527\">4<\/strong>.<\/p>\t\t\t\t\t\t\t\t<\/div>\n\t\t\t\t<\/div>\n\t\t\t\t\t<\/div>\n\t\t<\/div>\n\t\t\t\t\t<\/div>\n\t\t<\/section>\n\t\t\t\t<section class=\"elementor-section elementor-top-section elementor-element elementor-element-5f05732 elementor-section-boxed elementor-section-height-default elementor-section-height-default sc_fly_static\" data-id=\"5f05732\" data-element_type=\"section\" data-e-type=\"section\">\n\t\t\t\t\t\t<div class=\"elementor-container elementor-column-gap-extended\">\n\t\t\t\t\t<div class=\"elementor-column elementor-col-100 elementor-top-column elementor-element elementor-element-baea39e sc_content_align_inherit sc_layouts_column_icons_position_left sc_fly_static\" data-id=\"baea39e\" data-element_type=\"column\" data-e-type=\"column\">\n\t\t\t<div class=\"elementor-widget-wrap\">\n\t\t\t\t\t\t\t<\/div>\n\t\t<\/div>\n\t\t\t\t\t<\/div>\n\t\t<\/section>\n\t\t\t\t<section class=\"elementor-section elementor-top-section elementor-element elementor-element-b0d7642 elementor-section-boxed elementor-section-height-default elementor-section-height-default sc_fly_static\" data-id=\"b0d7642\" data-element_type=\"section\" data-e-type=\"section\">\n\t\t\t\t\t\t<div class=\"elementor-container elementor-column-gap-extended\">\n\t\t\t\t\t<div class=\"elementor-column elementor-col-100 elementor-top-column elementor-element elementor-element-caa810e sc_content_align_inherit sc_layouts_column_icons_position_left sc_fly_static\" data-id=\"caa810e\" data-element_type=\"column\" data-e-type=\"column\">\n\t\t\t<div class=\"elementor-widget-wrap elementor-element-populated\">\n\t\t\t\t\t\t<div class=\"elementor-element elementor-element-d65a815 sc_fly_static elementor-widget elementor-widget-heading\" data-id=\"d65a815\" data-element_type=\"widget\" data-e-type=\"widget\" data-widget_type=\"heading.default\">\n\t\t\t\t<div class=\"elementor-widget-container\">\n\t\t\t\t\t<h2 class=\"elementor-heading-title elementor-size-default\">StaFF<\/h2>\t\t\t\t<\/div>\n\t\t\t\t<\/div>\n\t\t\t\t<div class=\"elementor-element elementor-element-e6cbd1f sc_fly_static elementor-widget elementor-widget-spacer\" data-id=\"e6cbd1f\" data-element_type=\"widget\" data-e-type=\"widget\" data-widget_type=\"spacer.default\">\n\t\t\t\t<div class=\"elementor-widget-container\">\n\t\t\t\t\t\t\t<div class=\"elementor-spacer\">\n\t\t\t<div class=\"elementor-spacer-inner\"><\/div>\n\t\t<\/div>\n\t\t\t\t\t\t<\/div>\n\t\t\t\t<\/div>\n\t\t\t\t\t<\/div>\n\t\t<\/div>\n\t\t\t\t\t<\/div>\n\t\t<\/section>\n\t\t\t\t<section class=\"elementor-section elementor-top-section elementor-element elementor-element-cef1051 elementor-section-boxed elementor-section-height-default elementor-section-height-default sc_fly_static\" data-id=\"cef1051\" data-element_type=\"section\" data-e-type=\"section\">\n\t\t\t\t\t\t<div class=\"elementor-container elementor-column-gap-extended\">\n\t\t\t\t\t<div class=\"elementor-column elementor-col-100 elementor-top-column elementor-element elementor-element-274b964 sc_content_align_inherit sc_layouts_column_icons_position_left sc_fly_static\" data-id=\"274b964\" data-element_type=\"column\" data-e-type=\"column\">\n\t\t\t<div class=\"elementor-widget-wrap elementor-element-populated\">\n\t\t\t\t\t\t<div class=\"elementor-element elementor-element-4404567 sc_fly_static elementor-widget elementor-widget-trx_sc_team\" data-id=\"4404567\" data-element_type=\"widget\" data-e-type=\"widget\" data-widget_type=\"trx_sc_team.default\">\n\t\t\t\t<div class=\"elementor-widget-container\">\n\t\t\t\t\t<div \t\tclass=\"sc_team sc_team_3d-simple\"><div class=\"sc_team_columns_wrap sc_item_columns sc_item_posts_container trx_addons_columns_wrap columns_padding_bottom columns_in_single_row\"><div class=\"trx_addons_column-1_3\"><div data-post-id=\"22935\" class=\"sc_team_item sc_item_container post_container start-inner-3d no_links post-22935 cpt_team type-cpt_team status-publish has-post-thumbnail hentry cpt_team_group-zyrtare-per-ceshtje-studentore\">\n\t<div class=\"post_featured sc_team_item_thumb trx_addons_hover trx_addons_hover_style_info_anim\"><img fetchpriority=\"high\" decoding=\"async\" width=\"390\" height=\"476\" src=\"https:\/\/unhz.eu\/wp-content\/uploads\/2024\/04\/no-img.png\" class=\"attachment-law-office-thumb-rectangle size-law-office-thumb-rectangle wp-post-image\" alt=\"\" srcset=\"https:\/\/unhz.eu\/wp-content\/uploads\/2024\/04\/no-img.png 390w, https:\/\/unhz.eu\/wp-content\/uploads\/2024\/04\/no-img-246x300.png 246w, https:\/\/unhz.eu\/wp-content\/uploads\/2024\/04\/no-img-370x452.png 370w\" sizes=\"(max-width: 600px) 100vw, 390px\" \/><a class=\"post_link sc_team_item_link\" href=\"https:\/\/unhz.eu\/en\/team\/valbona-luta\/\"><\/a><div class=\"trx_addons_hover_mask\"><\/div><\/div>\t<div class=\"sc_team_item_info\">\n\t\t<div class=\"sc_team_item_header\">\n\t\t\t<h4 class=\"sc_team_item_title entry-title\"><a href=\"https:\/\/unhz.eu\/en\/team\/valbona-luta\/\">VALBONA LUTA<\/a><\/h4>\n\t\t\t<div class=\"sc_team_item_subtitle\">Drejtor i zyr\u00ebs p\u00ebr \u00e7\u00ebshtje studentore<\/div>\t\t<\/div>\n\t\t\t\t\t<div class=\"trx_addons_hover_team\"><div class=\"sc_team_item_socials socials_wrap trx_addons_hover_info\"> <\/div><\/div>\n\t\t\t\t<\/div>\n\n<\/div>\n<\/div><\/div><\/div>\t\t\t\t<\/div>\n\t\t\t\t<\/div>\n\t\t\t\t<div class=\"elementor-element elementor-element-41962ab sc_fly_static elementor-widget elementor-widget-spacer\" data-id=\"41962ab\" data-element_type=\"widget\" data-e-type=\"widget\" data-widget_type=\"spacer.default\">\n\t\t\t\t<div class=\"elementor-widget-container\">\n\t\t\t\t\t\t\t<div class=\"elementor-spacer\">\n\t\t\t<div class=\"elementor-spacer-inner\"><\/div>\n\t\t<\/div>\n\t\t\t\t\t\t<\/div>\n\t\t\t\t<\/div>\n\t\t\t\t<div class=\"elementor-element elementor-element-f14247a sc_fly_static elementor-widget elementor-widget-heading\" data-id=\"f14247a\" data-element_type=\"widget\" data-e-type=\"widget\" data-widget_type=\"heading.default\">\n\t\t\t\t<div class=\"elementor-widget-container\">\n\t\t\t\t\t<h2 class=\"elementor-heading-title elementor-size-default\">Raportet<\/h2>\t\t\t\t<\/div>\n\t\t\t\t<\/div>\n\t\t\t\t\t<\/div>\n\t\t<\/div>\n\t\t\t\t\t<\/div>\n\t\t<\/section>\n\t\t\t\t<\/div>","protected":false},"excerpt":{"rendered":"<p>Rreth ZYR\u00cbs P\u00cbR \u00c7\u00cbSHTJE STUDENTORE Detyrat dhe P\u00ebrgjegj\u00ebsit\u00eb Zyra p\u00ebr \u00c7\u00ebshtje Studentore n\u00eb Universitetin \u201cHaxhi&hellip;<\/p>","protected":false},"author":1,"featured_media":0,"parent":0,"menu_order":0,"comment_status":"closed","ping_status":"closed","template":"","meta":{"_acf_changed":false,"footnotes":""},"class_list":["post-22831","page","type-page","status-publish","hentry"],"yoast_head":"<!-- This site is optimized with the Yoast SEO Premium plugin v27.2 (Yoast SEO v27.2) - https:\/\/yoast.com\/product\/yoast-seo-premium-wordpress\/ -->\n<title>Zyra p\u00ebr \u00c7\u00ebshtje Studentore - University Haxhi Zeka<\/title>\n<meta name=\"robots\" content=\"index, follow, max-snippet:-1, max-image-preview:large, max-video-preview:-1\" \/>\n<link rel=\"canonical\" href=\"https:\/\/unhz.eu\/en\/zyra-per-ceshtje-studentore\/\" \/>\n<meta property=\"og:locale\" content=\"en_US\" \/>\n<meta property=\"og:type\" content=\"article\" \/>\n<meta property=\"og:title\" content=\"Zyra p\u00ebr \u00c7\u00ebshtje Studentore\" \/>\n<meta property=\"og:description\" content=\"Rreth ZYR\u00cbs P\u00cbR \u00c7\u00cbSHTJE STUDENTORE Detyrat dhe P\u00ebrgjegj\u00ebsit\u00eb Zyra p\u00ebr \u00c7\u00ebshtje Studentore n\u00eb Universitetin \u201cHaxhi&hellip;\" \/>\n<meta property=\"og:url\" content=\"https:\/\/unhz.eu\/en\/zyra-per-ceshtje-studentore\/\" \/>\n<meta property=\"og:site_name\" content=\"University Haxhi Zeka\" \/>\n<meta property=\"article:publisher\" content=\"https:\/\/www.facebook.com\/uni.haxhizeka\" \/>\n<meta property=\"article:modified_time\" content=\"2025-08-27T08:18:47+00:00\" \/>\n<meta property=\"og:image\" content=\"https:\/\/unhz.eu\/wp-content\/uploads\/2024\/04\/no-img.png\" \/>\n<meta name=\"twitter:card\" content=\"summary_large_image\" \/>\n<meta name=\"twitter:site\" content=\"@uni_haxhizeka\" \/>\n<meta name=\"twitter:label1\" content=\"Est. reading time\" \/>\n\t<meta name=\"twitter:data1\" content=\"2 minutes\" \/>\n<script type=\"application\/ld+json\" class=\"yoast-schema-graph\">{\"@context\":\"https:\/\/schema.org\",\"@graph\":[{\"@type\":\"WebPage\",\"@id\":\"https:\/\/unhz.eu\/zyra-per-ceshtje-studentore\/\",\"url\":\"https:\/\/unhz.eu\/zyra-per-ceshtje-studentore\/\",\"name\":\"Zyra p\u00ebr \u00c7\u00ebshtje Studentore - University Haxhi Zeka\",\"isPartOf\":{\"@id\":\"https:\/\/unhz.eu\/#website\"},\"primaryImageOfPage\":{\"@id\":\"https:\/\/unhz.eu\/zyra-per-ceshtje-studentore\/#primaryimage\"},\"image\":{\"@id\":\"https:\/\/unhz.eu\/zyra-per-ceshtje-studentore\/#primaryimage\"},\"thumbnailUrl\":\"https:\/\/unhz.eu\/wp-content\/uploads\/2024\/04\/no-img.png\",\"datePublished\":\"2024-04-22T14:12:22+00:00\",\"dateModified\":\"2025-08-27T08:18:47+00:00\",\"breadcrumb\":{\"@id\":\"https:\/\/unhz.eu\/zyra-per-ceshtje-studentore\/#breadcrumb\"},\"inLanguage\":\"en-US\",\"potentialAction\":[{\"@type\":\"ReadAction\",\"target\":[\"https:\/\/unhz.eu\/zyra-per-ceshtje-studentore\/\"]}]},{\"@type\":\"ImageObject\",\"inLanguage\":\"en-US\",\"@id\":\"https:\/\/unhz.eu\/zyra-per-ceshtje-studentore\/#primaryimage\",\"url\":\"https:\/\/unhz.eu\/wp-content\/uploads\/2024\/04\/no-img.png\",\"contentUrl\":\"https:\/\/unhz.eu\/wp-content\/uploads\/2024\/04\/no-img.png\"},{\"@type\":\"BreadcrumbList\",\"@id\":\"https:\/\/unhz.eu\/zyra-per-ceshtje-studentore\/#breadcrumb\",\"itemListElement\":[{\"@type\":\"ListItem\",\"position\":1,\"name\":\"Home\",\"item\":\"https:\/\/unhz.eu\/\"},{\"@type\":\"ListItem\",\"position\":2,\"name\":\"Zyra p\u00ebr \u00c7\u00ebshtje Studentore\"}]},{\"@type\":\"WebSite\",\"@id\":\"https:\/\/unhz.eu\/#website\",\"url\":\"https:\/\/unhz.eu\/\",\"name\":\"Universiteti \u201cHaxhi Zeka\u201d\",\"description\":\"I dedikuar p\u00ebr cil\u00ebsi, standarde dhe suksese\",\"publisher\":{\"@id\":\"https:\/\/unhz.eu\/#organization\"},\"alternateName\":\"Universiteti Haxhi Zeka\",\"potentialAction\":[{\"@type\":\"SearchAction\",\"target\":{\"@type\":\"EntryPoint\",\"urlTemplate\":\"https:\/\/unhz.eu\/?s={search_term_string}\"},\"query-input\":{\"@type\":\"PropertyValueSpecification\",\"valueRequired\":true,\"valueName\":\"search_term_string\"}}],\"inLanguage\":\"en-US\"},{\"@type\":\"Organization\",\"@id\":\"https:\/\/unhz.eu\/#organization\",\"name\":\"Universiteti \u201cHaxhi Zeka\u201d\",\"alternateName\":\"Universiteti Haxhi Zeka\",\"url\":\"https:\/\/unhz.eu\/\",\"logo\":{\"@type\":\"ImageObject\",\"inLanguage\":\"en-US\",\"@id\":\"https:\/\/unhz.eu\/#\/schema\/logo\/image\/\",\"url\":\"https:\/\/unhz.eu\/wp-content\/uploads\/2025\/04\/logo-unhz.webp\",\"contentUrl\":\"https:\/\/unhz.eu\/wp-content\/uploads\/2025\/04\/logo-unhz.webp\",\"width\":1024,\"height\":260,\"caption\":\"Universiteti \u201cHaxhi Zeka\u201d\"},\"image\":{\"@id\":\"https:\/\/unhz.eu\/#\/schema\/logo\/image\/\"},\"sameAs\":[\"https:\/\/www.facebook.com\/uni.haxhizeka\",\"https:\/\/x.com\/uni_haxhizeka\",\"https:\/\/www.linkedin.com\/school\/haxhi-zeka-university\",\"https:\/\/www.instagram.com\/uni_haxhizeka\/\"],\"description\":\"Universiteti \u201cHaxhi Zeka\u201d n\u00eb Pej\u00eb \u00ebsht\u00eb institucion publik i arsimit t\u00eb lart\u00eb, q\u00eb ofron studime bachelor, master dhe doktorat\u00eb n\u00eb fusha t\u00eb ndryshme si menaxhimi, turizmi, ekonomia, bujq\u00ebsia, arti dhe drejt\u00ebsia. Universiteti synon zhvillimin akademik, hulumtimin shkencor dhe kontributin n\u00eb komunitet.\",\"email\":\"info@unhz.eu\",\"telephone\":\"+38339410970\",\"legalName\":\"Universiteti \u201cHaxhi Zeka\u201d n\u00eb Pej\u00eb\",\"foundingDate\":\"2011-11-14\",\"numberOfEmployees\":{\"@type\":\"QuantitativeValue\",\"minValue\":\"201\",\"maxValue\":\"500\"}}]}<\/script>\n<!-- \/ Yoast SEO Premium plugin. -->","yoast_head_json":{"title":"Zyra p\u00ebr \u00c7\u00ebshtje Studentore - University Haxhi Zeka","robots":{"index":"index","follow":"follow","max-snippet":"max-snippet:-1","max-image-preview":"max-image-preview:large","max-video-preview":"max-video-preview:-1"},"canonical":"https:\/\/unhz.eu\/en\/zyra-per-ceshtje-studentore\/","og_locale":"en_US","og_type":"article","og_title":"Zyra p\u00ebr \u00c7\u00ebshtje Studentore","og_description":"Rreth ZYR\u00cbs P\u00cbR \u00c7\u00cbSHTJE STUDENTORE Detyrat dhe P\u00ebrgjegj\u00ebsit\u00eb Zyra p\u00ebr \u00c7\u00ebshtje Studentore n\u00eb Universitetin \u201cHaxhi&hellip;","og_url":"https:\/\/unhz.eu\/en\/zyra-per-ceshtje-studentore\/","og_site_name":"University Haxhi Zeka","article_publisher":"https:\/\/www.facebook.com\/uni.haxhizeka","article_modified_time":"2025-08-27T08:18:47+00:00","og_image":[{"url":"https:\/\/unhz.eu\/wp-content\/uploads\/2024\/04\/no-img.png","type":"","width":"","height":""}],"twitter_card":"summary_large_image","twitter_site":"@uni_haxhizeka","twitter_misc":{"Est. reading time":"2 minutes"},"schema":{"@context":"https:\/\/schema.org","@graph":[{"@type":"WebPage","@id":"https:\/\/unhz.eu\/zyra-per-ceshtje-studentore\/","url":"https:\/\/unhz.eu\/zyra-per-ceshtje-studentore\/","name":"Zyra p\u00ebr \u00c7\u00ebshtje Studentore - University Haxhi Zeka","isPartOf":{"@id":"https:\/\/unhz.eu\/#website"},"primaryImageOfPage":{"@id":"https:\/\/unhz.eu\/zyra-per-ceshtje-studentore\/#primaryimage"},"image":{"@id":"https:\/\/unhz.eu\/zyra-per-ceshtje-studentore\/#primaryimage"},"thumbnailUrl":"https:\/\/unhz.eu\/wp-content\/uploads\/2024\/04\/no-img.png","datePublished":"2024-04-22T14:12:22+00:00","dateModified":"2025-08-27T08:18:47+00:00","breadcrumb":{"@id":"https:\/\/unhz.eu\/zyra-per-ceshtje-studentore\/#breadcrumb"},"inLanguage":"en-US","potentialAction":[{"@type":"ReadAction","target":["https:\/\/unhz.eu\/zyra-per-ceshtje-studentore\/"]}]},{"@type":"ImageObject","inLanguage":"en-US","@id":"https:\/\/unhz.eu\/zyra-per-ceshtje-studentore\/#primaryimage","url":"https:\/\/unhz.eu\/wp-content\/uploads\/2024\/04\/no-img.png","contentUrl":"https:\/\/unhz.eu\/wp-content\/uploads\/2024\/04\/no-img.png"},{"@type":"BreadcrumbList","@id":"https:\/\/unhz.eu\/zyra-per-ceshtje-studentore\/#breadcrumb","itemListElement":[{"@type":"ListItem","position":1,"name":"Home","item":"https:\/\/unhz.eu\/"},{"@type":"ListItem","position":2,"name":"Zyra p\u00ebr \u00c7\u00ebshtje Studentore"}]},{"@type":"WebSite","@id":"https:\/\/unhz.eu\/#website","url":"https:\/\/unhz.eu\/","name":"&quot;Haxhi Zeka&quot; University\u201c","description":"Dedicated to quality, standards and success","publisher":{"@id":"https:\/\/unhz.eu\/#organization"},"alternateName":"Universiteti Haxhi Zeka","potentialAction":[{"@type":"SearchAction","target":{"@type":"EntryPoint","urlTemplate":"https:\/\/unhz.eu\/?s={search_term_string}"},"query-input":{"@type":"PropertyValueSpecification","valueRequired":true,"valueName":"search_term_string"}}],"inLanguage":"en-US"},{"@type":"Organization","@id":"https:\/\/unhz.eu\/#organization","name":"&quot;Haxhi Zeka&quot; University\u201c","alternateName":"Universiteti Haxhi Zeka","url":"https:\/\/unhz.eu\/","logo":{"@type":"ImageObject","inLanguage":"en-US","@id":"https:\/\/unhz.eu\/#\/schema\/logo\/image\/","url":"https:\/\/unhz.eu\/wp-content\/uploads\/2025\/04\/logo-unhz.webp","contentUrl":"https:\/\/unhz.eu\/wp-content\/uploads\/2025\/04\/logo-unhz.webp","width":1024,"height":260,"caption":"Universiteti \u201cHaxhi Zeka\u201d"},"image":{"@id":"https:\/\/unhz.eu\/#\/schema\/logo\/image\/"},"sameAs":["https:\/\/www.facebook.com\/uni.haxhizeka","https:\/\/x.com\/uni_haxhizeka","https:\/\/www.linkedin.com\/school\/haxhi-zeka-university","https:\/\/www.instagram.com\/uni_haxhizeka\/"],"description":"&quot;Haxhi Zeka&quot; University in Peja is a public institution of higher education, offering bachelor&#039;s, master&#039;s and doctoral studies in various fields such as management, tourism, economics, agriculture, art and law. The university aims at academic development, scientific research and contribution to the community.","email":"info@unhz.eu","telephone":"+38339410970","legalName":"Universiteti \u201cHaxhi Zeka\u201d n\u00eb Pej\u00eb","foundingDate":"2011-11-14","numberOfEmployees":{"@type":"QuantitativeValue","minValue":"201","maxValue":"500"}}]}},"acf":[],"_links":{"self":[{"href":"https:\/\/unhz.eu\/en\/wp-json\/wp\/v2\/pages\/22831","targetHints":{"allow":["GET"]}}],"collection":[{"href":"https:\/\/unhz.eu\/en\/wp-json\/wp\/v2\/pages"}],"about":[{"href":"https:\/\/unhz.eu\/en\/wp-json\/wp\/v2\/types\/page"}],"author":[{"embeddable":true,"href":"https:\/\/unhz.eu\/en\/wp-json\/wp\/v2\/users\/1"}],"replies":[{"embeddable":true,"href":"https:\/\/unhz.eu\/en\/wp-json\/wp\/v2\/comments?post=22831"}],"version-history":[{"count":5,"href":"https:\/\/unhz.eu\/en\/wp-json\/wp\/v2\/pages\/22831\/revisions"}],"predecessor-version":[{"id":57424,"href":"https:\/\/unhz.eu\/en\/wp-json\/wp\/v2\/pages\/22831\/revisions\/57424"}],"wp:attachment":[{"href":"https:\/\/unhz.eu\/en\/wp-json\/wp\/v2\/media?parent=22831"}],"curies":[{"name":"wp","href":"https:\/\/api.w.org\/{rel}","templated":true}]}}