{"id":22822,"date":"2024-04-22T14:08:40","date_gmt":"2024-04-22T14:08:40","guid":{"rendered":"https:\/\/unhz.eu\/?page_id=22822"},"modified":"2025-08-27T09:41:28","modified_gmt":"2025-08-27T07:41:28","slug":"zyra-e-administrates-dhe-sherbimet-te-pergjithshme","status":"publish","type":"page","link":"https:\/\/unhz.eu\/en\/zyra-e-administrates-dhe-sherbimet-te-pergjithshme\/","title":{"rendered":"Zyra e Administrat\u00ebs dhe Sh\u00ebrbimet t\u00eb P\u00ebrgjithshme"},"content":{"rendered":"<div data-elementor-type=\"wp-page\" data-elementor-id=\"22822\" class=\"elementor elementor-22822\" data-elementor-post-type=\"page\">\n\t\t\t\t\t\t<section class=\"elementor-section elementor-top-section elementor-element elementor-element-adf71e4 elementor-section-boxed elementor-section-height-default elementor-section-height-default sc_fly_static\" data-id=\"adf71e4\" data-element_type=\"section\" data-e-type=\"section\">\n\t\t\t\t\t\t<div class=\"elementor-container elementor-column-gap-extended\">\n\t\t\t\t\t<div class=\"elementor-column elementor-col-100 elementor-top-column elementor-element elementor-element-44d32df sc_content_align_inherit sc_layouts_column_icons_position_left sc_fly_static\" data-id=\"44d32df\" data-element_type=\"column\" data-e-type=\"column\">\n\t\t\t<div class=\"elementor-widget-wrap elementor-element-populated\">\n\t\t\t\t\t\t<div class=\"elementor-element elementor-element-6945b67 sc_fly_static elementor-widget elementor-widget-trx_sc_title\" data-id=\"6945b67\" data-element_type=\"widget\" data-e-type=\"widget\" data-widget_type=\"trx_sc_title.default\">\n\t\t\t\t<div class=\"elementor-widget-container\">\n\t\t\t\t\t<div\t\tclass=\"sc_title sc_title_default\" ><span class=\"sc_item_subtitle sc_title_subtitle sc_item_subtitle_above sc_item_title_style_default\">About<\/span><h6 class=\"sc_item_title sc_title_title sc_item_title_style_default sc_item_title_tag\"\n\t\t\t><span class=\"sc_item_title_text\">Zyr\u00ebs s\u00eb Administrat\u00ebs dhe Sh\u00ebrbimeve t\u00eb P\u00ebrgjithshme<\/span><\/h6><\/div>\t\t\t\t<\/div>\n\t\t\t\t<\/div>\n\t\t\t\t<div class=\"elementor-element elementor-element-85ab2cc sc_height_tiny sc_fly_static elementor-widget elementor-widget-spacer\" data-id=\"85ab2cc\" data-element_type=\"widget\" data-e-type=\"widget\" data-widget_type=\"spacer.default\">\n\t\t\t\t<div class=\"elementor-widget-container\">\n\t\t\t\t\t\t\t<div class=\"elementor-spacer\">\n\t\t\t<div class=\"elementor-spacer-inner\"><\/div>\n\t\t<\/div>\n\t\t\t\t\t\t<\/div>\n\t\t\t\t<\/div>\n\t\t\t\t<div class=\"elementor-element elementor-element-40ec438 sc_fly_static elementor-widget elementor-widget-text-editor\" data-id=\"40ec438\" data-element_type=\"widget\" data-e-type=\"widget\" data-widget_type=\"text-editor.default\">\n\t\t\t\t<div class=\"elementor-widget-container\">\n\t\t\t\t\t\t\t\t\t<h6 data-start=\"283\" data-end=\"367\">Detyrat dhe P\u00ebrgjegj\u00ebsit\u00eb\u00a0<\/h6><p data-start=\"369\" data-end=\"781\">Zyra e Administrat\u00ebs dhe Sh\u00ebrbimeve t\u00eb P\u00ebrgjithshme n\u00eb <a href=\"http:\/\/www.unhz.eu\">Haxhi Zeka University<\/a> \u00ebsht\u00eb p\u00ebrgjegj\u00ebse p\u00ebr ofrimin dhe koordinimin efikas t\u00eb sh\u00ebrbimeve t\u00eb brendshme administrative. Kjo zyr\u00eb siguron mb\u00ebshtetje t\u00eb vazhdueshme p\u00ebr t\u00eb gjitha nj\u00ebsit\u00eb organizative dhe personelin e universitetit n\u00eb fushat e logjistik\u00ebs, burimeve njer\u00ebzore, arkivimit, mb\u00ebshtetjes teknike, protokolimit dhe \u00e7\u00ebshtjeve t\u00eb tjera mb\u00ebshtet\u00ebse.<\/p><p data-start=\"783\" data-end=\"991\">N\u00eb bashk\u00ebpunim t\u00eb ngusht\u00eb me Menaxhmentin dhe zyrat tjera brenda UHZ-s\u00eb, Zyra e Administrat\u00ebs kontribuon n\u00eb realizimin e objektivave institucionale dhe p\u00ebrmir\u00ebsimin e vazhduesh\u00ebm t\u00eb sh\u00ebrbimeve administrative.<\/p><h6 data-start=\"998\" data-end=\"1037\">Fush\u00ebveprimi dhe Funksionet Kryesore<\/h6><p data-start=\"1039\" data-end=\"1174\">Zyra e Administrat\u00ebs ushtron nj\u00eb rol t\u00eb r\u00ebnd\u00ebsish\u00ebm n\u00eb funksionimin e p\u00ebrditsh\u00ebm t\u00eb universitetit p\u00ebrmes k\u00ebtyre p\u00ebrgjegj\u00ebsive kryesore:<\/p><ul data-start=\"1176\" data-end=\"1674\"><li data-start=\"1176\" data-end=\"1268\"><p data-start=\"1178\" data-end=\"1268\">Organizimi i pun\u00ebs dhe p\u00ebrmbushja e nevojave logjistike dhe teknike p\u00ebr stafin e UHZ-s\u00eb;<\/p><\/li><li data-start=\"1269\" data-end=\"1380\"><p data-start=\"1271\" data-end=\"1380\">Hartimi dhe zbatimi i politikave t\u00eb brendshme p\u00ebr kontroll dhe efikasitet operacional n\u00eb t\u00eb gjitha nj\u00ebsit\u00eb;<\/p><\/li><li data-start=\"1381\" data-end=\"1476\"><p data-start=\"1383\" data-end=\"1476\">Sigurimi i zhvillimit, zbatimit dhe vler\u00ebsimit t\u00eb politikave adekuate n\u00eb nj\u00ebsit\u00eb p\u00ebrkat\u00ebse;<\/p><\/li><li data-start=\"1477\" data-end=\"1564\"><p data-start=\"1479\" data-end=\"1564\">Bashk\u00ebpunimi i vazhduesh\u00ebm me Sekretarin e P\u00ebrgjithsh\u00ebm p\u00ebr \u00e7\u00ebshtje administrative;<\/p><\/li><li data-start=\"1565\" data-end=\"1674\"><p data-start=\"1567\" data-end=\"1674\">Koordinimi me drejtor\u00ebt e zyrave p\u00ebr t\u00eb siguruar zbatimin e detyrave dhe p\u00ebrmbushjen e q\u00ebllimeve t\u00eb UHZ-s\u00eb.<\/p><\/li><\/ul><p data-start=\"1676\" data-end=\"1830\">Zyra luan nj\u00eb rol nd\u00ebr-institucional n\u00eb lidhjen mes nj\u00ebsive dhe drejtuesve t\u00eb strukturave p\u00ebr t\u00eb rritur efikasitetin dhe cil\u00ebsin\u00eb e sh\u00ebrbimeve t\u00eb ofruara.<\/p><h6 data-start=\"1837\" data-end=\"1870\"><strong>Struktura dhe P\u00ebrb\u00ebrja e Zyr\u00ebs<\/strong><\/h6><p data-start=\"1872\" data-end=\"2079\">Zyra e Administrat\u00ebs dhe Sh\u00ebrbimeve t\u00eb P\u00ebrgjithshme udh\u00ebhiqet nga <strong data-start=\"1938\" data-end=\"1958\">Office Director<\/strong>, i cili i raporton direkt <strong data-start=\"1985\" data-end=\"2015\">Sekretarit t\u00eb P\u00ebrgjithsh\u00ebm<\/strong> t\u00eb universitetit. Struktura organizative e k\u00ebsaj zyre p\u00ebrfshin:<\/p><ul data-start=\"2081\" data-end=\"2161\"><li data-start=\"2081\" data-end=\"2106\"><p data-start=\"2083\" data-end=\"2106\"><strong data-start=\"2083\" data-end=\"2104\">Drejtorin e Zyr\u00ebs<\/strong><\/p><\/li><li data-start=\"2107\" data-end=\"2161\"><p data-start=\"2109\" data-end=\"2161\"><strong data-start=\"2109\" data-end=\"2150\">Zyrtar\u00ebt p\u00ebr Mbik\u00ebqyrjen e Nd\u00ebrtimeve<\/strong> (2 pozita)<\/p><\/li><\/ul><p data-start=\"2163\" data-end=\"2377\">Numri i p\u00ebrgjithsh\u00ebm i t\u00eb pun\u00ebsuarve n\u00eb Zyr\u00ebn e Administrat\u00ebs \u00ebsht\u00eb <strong data-start=\"2231\" data-end=\"2236\">3<\/strong>. Kjo struktur\u00eb \u00ebsht\u00eb nd\u00ebrtuar p\u00ebr t\u00eb siguruar mbulim t\u00eb plot\u00eb t\u00eb nevojave teknike, logjistike dhe administrative n\u00eb t\u00eb gjith\u00eb universitetin.<\/p>\t\t\t\t\t\t\t\t<\/div>\n\t\t\t\t<\/div>\n\t\t\t\t\t<\/div>\n\t\t<\/div>\n\t\t\t\t\t<\/div>\n\t\t<\/section>\n\t\t\t\t<section class=\"elementor-section elementor-top-section elementor-element elementor-element-11d584e elementor-section-boxed elementor-section-height-default elementor-section-height-default sc_fly_static\" data-id=\"11d584e\" data-element_type=\"section\" data-e-type=\"section\">\n\t\t\t\t\t\t<div class=\"elementor-container elementor-column-gap-extended\">\n\t\t\t\t\t<div class=\"elementor-column elementor-col-100 elementor-top-column elementor-element elementor-element-1ade287 sc_content_align_inherit sc_layouts_column_icons_position_left sc_fly_static\" data-id=\"1ade287\" data-element_type=\"column\" data-e-type=\"column\">\n\t\t\t<div class=\"elementor-widget-wrap elementor-element-populated\">\n\t\t\t\t\t\t<div class=\"elementor-element elementor-element-546903d sc_fly_static elementor-widget elementor-widget-spacer\" data-id=\"546903d\" data-element_type=\"widget\" data-e-type=\"widget\" data-widget_type=\"spacer.default\">\n\t\t\t\t<div class=\"elementor-widget-container\">\n\t\t\t\t\t\t\t<div class=\"elementor-spacer\">\n\t\t\t<div class=\"elementor-spacer-inner\"><\/div>\n\t\t<\/div>\n\t\t\t\t\t\t<\/div>\n\t\t\t\t<\/div>\n\t\t\t\t<div class=\"elementor-element elementor-element-02ca69c sc_fly_static elementor-widget elementor-widget-heading\" data-id=\"02ca69c\" data-element_type=\"widget\" data-e-type=\"widget\" data-widget_type=\"heading.default\">\n\t\t\t\t<div class=\"elementor-widget-container\">\n\t\t\t\t\t<h6 class=\"elementor-heading-title elementor-size-default\">StaFF<\/h6>\t\t\t\t<\/div>\n\t\t\t\t<\/div>\n\t\t\t\t<div class=\"elementor-element elementor-element-1fa2944 sc_fly_static elementor-widget elementor-widget-spacer\" data-id=\"1fa2944\" data-element_type=\"widget\" data-e-type=\"widget\" data-widget_type=\"spacer.default\">\n\t\t\t\t<div class=\"elementor-widget-container\">\n\t\t\t\t\t\t\t<div class=\"elementor-spacer\">\n\t\t\t<div class=\"elementor-spacer-inner\"><\/div>\n\t\t<\/div>\n\t\t\t\t\t\t<\/div>\n\t\t\t\t<\/div>\n\t\t\t\t<div class=\"elementor-element elementor-element-2a9266e sc_fly_static elementor-widget elementor-widget-spacer\" data-id=\"2a9266e\" data-element_type=\"widget\" data-e-type=\"widget\" data-widget_type=\"spacer.default\">\n\t\t\t\t<div class=\"elementor-widget-container\">\n\t\t\t\t\t\t\t<div class=\"elementor-spacer\">\n\t\t\t<div class=\"elementor-spacer-inner\"><\/div>\n\t\t<\/div>\n\t\t\t\t\t\t<\/div>\n\t\t\t\t<\/div>\n\t\t\t\t<div class=\"elementor-element elementor-element-c7cdabc sc_fly_static elementor-widget elementor-widget-heading\" data-id=\"c7cdabc\" data-element_type=\"widget\" data-e-type=\"widget\" data-widget_type=\"heading.default\">\n\t\t\t\t<div class=\"elementor-widget-container\">\n\t\t\t\t\t<h2 class=\"elementor-heading-title elementor-size-default\">RAPORTET<\/h2>\t\t\t\t<\/div>\n\t\t\t\t<\/div>\n\t\t\t\t<div class=\"elementor-element elementor-element-e7ab6ad sc_height_tiny sc_fly_static elementor-widget elementor-widget-spacer\" data-id=\"e7ab6ad\" data-element_type=\"widget\" data-e-type=\"widget\" data-widget_type=\"spacer.default\">\n\t\t\t\t<div class=\"elementor-widget-container\">\n\t\t\t\t\t\t\t<div class=\"elementor-spacer\">\n\t\t\t<div class=\"elementor-spacer-inner\"><\/div>\n\t\t<\/div>\n\t\t\t\t\t\t<\/div>\n\t\t\t\t<\/div>\n\t\t\t\t\t<\/div>\n\t\t<\/div>\n\t\t\t\t\t<\/div>\n\t\t<\/section>\n\t\t\t\t<section class=\"elementor-section elementor-top-section elementor-element elementor-element-88fe038 elementor-section-boxed elementor-section-height-default elementor-section-height-default sc_fly_static\" data-id=\"88fe038\" data-element_type=\"section\" data-e-type=\"section\">\n\t\t\t\t\t\t<div class=\"elementor-container elementor-column-gap-extended\">\n\t\t\t\t\t<div class=\"elementor-column elementor-col-100 elementor-top-column elementor-element elementor-element-87fa855 sc_content_align_inherit sc_layouts_column_icons_position_left sc_fly_static\" data-id=\"87fa855\" data-element_type=\"column\" data-e-type=\"column\">\n\t\t\t<div class=\"elementor-widget-wrap\">\n\t\t\t\t\t\t\t<\/div>\n\t\t<\/div>\n\t\t\t\t\t<\/div>\n\t\t<\/section>\n\t\t\t\t<\/div>","protected":false},"excerpt":{"rendered":"<p>Rreth Zyr\u00ebs s\u00eb Administrat\u00ebs dhe Sh\u00ebrbimeve t\u00eb P\u00ebrgjithshme Detyrat dhe P\u00ebrgjegj\u00ebsit\u00eb\u00a0 Zyra e Administrat\u00ebs dhe&hellip;<\/p>","protected":false},"author":1,"featured_media":0,"parent":0,"menu_order":0,"comment_status":"closed","ping_status":"closed","template":"","meta":{"_acf_changed":false,"footnotes":""},"class_list":["post-22822","page","type-page","status-publish","hentry"],"yoast_head":"<!-- This site is optimized with the Yoast SEO Premium plugin v27.2 (Yoast SEO v27.2) - https:\/\/yoast.com\/product\/yoast-seo-premium-wordpress\/ -->\n<title>Zyra e Administrat\u00ebs dhe Sh\u00ebrbimet t\u00eb P\u00ebrgjithshme - University Haxhi Zeka<\/title>\n<meta name=\"description\" content=\"Zyra e Administrat\u00ebs dhe Sh\u00ebrbimeve t\u00eb P\u00ebrgjithshme n\u00eb Universitetin \u201cHaxhi Zeka\u201d ofron mb\u00ebshtetje logjistike, teknike dhe administrative p\u00ebr t\u00eb gjitha nj\u00ebsit\u00eb organizative.\" \/>\n<meta name=\"robots\" content=\"index, follow, max-snippet:-1, max-image-preview:large, max-video-preview:-1\" \/>\n<link rel=\"canonical\" href=\"https:\/\/unhz.eu\/en\/zyra-e-administrates-dhe-sherbimet-te-pergjithshme\/\" \/>\n<meta property=\"og:locale\" content=\"en_US\" \/>\n<meta property=\"og:type\" content=\"article\" \/>\n<meta property=\"og:title\" content=\"Zyra e Administrat\u00ebs dhe Sh\u00ebrbimet t\u00eb P\u00ebrgjithshme\" \/>\n<meta property=\"og:description\" content=\"Zyra e Administrat\u00ebs dhe Sh\u00ebrbimeve t\u00eb P\u00ebrgjithshme n\u00eb Universitetin \u201cHaxhi Zeka\u201d ofron mb\u00ebshtetje logjistike, teknike dhe administrative p\u00ebr t\u00eb gjitha nj\u00ebsit\u00eb organizative.\" \/>\n<meta property=\"og:url\" content=\"https:\/\/unhz.eu\/en\/zyra-e-administrates-dhe-sherbimet-te-pergjithshme\/\" \/>\n<meta property=\"og:site_name\" content=\"University Haxhi Zeka\" \/>\n<meta property=\"article:publisher\" content=\"https:\/\/www.facebook.com\/uni.haxhizeka\" \/>\n<meta property=\"article:modified_time\" content=\"2025-08-27T07:41:28+00:00\" \/>\n<meta name=\"twitter:card\" content=\"summary_large_image\" \/>\n<meta name=\"twitter:site\" content=\"@uni_haxhizeka\" \/>\n<meta name=\"twitter:label1\" content=\"Est. reading time\" \/>\n\t<meta name=\"twitter:data1\" content=\"2 minutes\" \/>\n<script type=\"application\/ld+json\" class=\"yoast-schema-graph\">{\"@context\":\"https:\/\/schema.org\",\"@graph\":[{\"@type\":\"WebPage\",\"@id\":\"https:\/\/unhz.eu\/zyra-e-administrates-dhe-sherbimet-te-pergjithshme\/\",\"url\":\"https:\/\/unhz.eu\/zyra-e-administrates-dhe-sherbimet-te-pergjithshme\/\",\"name\":\"Zyra e Administrat\u00ebs dhe Sh\u00ebrbimet t\u00eb P\u00ebrgjithshme - University Haxhi Zeka\",\"isPartOf\":{\"@id\":\"https:\/\/unhz.eu\/#website\"},\"datePublished\":\"2024-04-22T14:08:40+00:00\",\"dateModified\":\"2025-08-27T07:41:28+00:00\",\"description\":\"Zyra e Administrat\u00ebs dhe Sh\u00ebrbimeve t\u00eb P\u00ebrgjithshme n\u00eb Universitetin \u201cHaxhi Zeka\u201d ofron mb\u00ebshtetje logjistike, teknike dhe administrative p\u00ebr t\u00eb gjitha nj\u00ebsit\u00eb organizative.\",\"breadcrumb\":{\"@id\":\"https:\/\/unhz.eu\/zyra-e-administrates-dhe-sherbimet-te-pergjithshme\/#breadcrumb\"},\"inLanguage\":\"en-US\",\"potentialAction\":[{\"@type\":\"ReadAction\",\"target\":[\"https:\/\/unhz.eu\/zyra-e-administrates-dhe-sherbimet-te-pergjithshme\/\"]}]},{\"@type\":\"BreadcrumbList\",\"@id\":\"https:\/\/unhz.eu\/zyra-e-administrates-dhe-sherbimet-te-pergjithshme\/#breadcrumb\",\"itemListElement\":[{\"@type\":\"ListItem\",\"position\":1,\"name\":\"Home\",\"item\":\"https:\/\/unhz.eu\/\"},{\"@type\":\"ListItem\",\"position\":2,\"name\":\"Zyra e Administrat\u00ebs dhe Sh\u00ebrbimet t\u00eb P\u00ebrgjithshme\"}]},{\"@type\":\"WebSite\",\"@id\":\"https:\/\/unhz.eu\/#website\",\"url\":\"https:\/\/unhz.eu\/\",\"name\":\"Universiteti \u201cHaxhi Zeka\u201d\",\"description\":\"I dedikuar p\u00ebr cil\u00ebsi, standarde dhe suksese\",\"publisher\":{\"@id\":\"https:\/\/unhz.eu\/#organization\"},\"alternateName\":\"Universiteti Haxhi Zeka\",\"potentialAction\":[{\"@type\":\"SearchAction\",\"target\":{\"@type\":\"EntryPoint\",\"urlTemplate\":\"https:\/\/unhz.eu\/?s={search_term_string}\"},\"query-input\":{\"@type\":\"PropertyValueSpecification\",\"valueRequired\":true,\"valueName\":\"search_term_string\"}}],\"inLanguage\":\"en-US\"},{\"@type\":\"Organization\",\"@id\":\"https:\/\/unhz.eu\/#organization\",\"name\":\"Universiteti \u201cHaxhi Zeka\u201d\",\"alternateName\":\"Universiteti Haxhi Zeka\",\"url\":\"https:\/\/unhz.eu\/\",\"logo\":{\"@type\":\"ImageObject\",\"inLanguage\":\"en-US\",\"@id\":\"https:\/\/unhz.eu\/#\/schema\/logo\/image\/\",\"url\":\"https:\/\/unhz.eu\/wp-content\/uploads\/2025\/04\/logo-unhz.webp\",\"contentUrl\":\"https:\/\/unhz.eu\/wp-content\/uploads\/2025\/04\/logo-unhz.webp\",\"width\":1024,\"height\":260,\"caption\":\"Universiteti \u201cHaxhi Zeka\u201d\"},\"image\":{\"@id\":\"https:\/\/unhz.eu\/#\/schema\/logo\/image\/\"},\"sameAs\":[\"https:\/\/www.facebook.com\/uni.haxhizeka\",\"https:\/\/x.com\/uni_haxhizeka\",\"https:\/\/www.linkedin.com\/school\/haxhi-zeka-university\",\"https:\/\/www.instagram.com\/uni_haxhizeka\/\"],\"description\":\"Universiteti \u201cHaxhi Zeka\u201d n\u00eb Pej\u00eb \u00ebsht\u00eb institucion publik i arsimit t\u00eb lart\u00eb, q\u00eb ofron studime bachelor, master dhe doktorat\u00eb n\u00eb fusha t\u00eb ndryshme si menaxhimi, turizmi, ekonomia, bujq\u00ebsia, arti dhe drejt\u00ebsia. Universiteti synon zhvillimin akademik, hulumtimin shkencor dhe kontributin n\u00eb komunitet.\",\"email\":\"info@unhz.eu\",\"telephone\":\"+38339410970\",\"legalName\":\"Universiteti \u201cHaxhi Zeka\u201d n\u00eb Pej\u00eb\",\"foundingDate\":\"2011-11-14\",\"numberOfEmployees\":{\"@type\":\"QuantitativeValue\",\"minValue\":\"201\",\"maxValue\":\"500\"}}]}<\/script>\n<!-- \/ Yoast SEO Premium plugin. -->","yoast_head_json":{"title":"Zyra e Administrat\u00ebs dhe Sh\u00ebrbimet t\u00eb P\u00ebrgjithshme - University Haxhi Zeka","description":"Zyra e Administrat\u00ebs dhe Sh\u00ebrbimeve t\u00eb P\u00ebrgjithshme n\u00eb Universitetin \u201cHaxhi Zeka\u201d ofron mb\u00ebshtetje logjistike, teknike dhe administrative p\u00ebr t\u00eb gjitha nj\u00ebsit\u00eb organizative.","robots":{"index":"index","follow":"follow","max-snippet":"max-snippet:-1","max-image-preview":"max-image-preview:large","max-video-preview":"max-video-preview:-1"},"canonical":"https:\/\/unhz.eu\/en\/zyra-e-administrates-dhe-sherbimet-te-pergjithshme\/","og_locale":"en_US","og_type":"article","og_title":"Zyra e Administrat\u00ebs dhe Sh\u00ebrbimet t\u00eb P\u00ebrgjithshme","og_description":"Zyra e Administrat\u00ebs dhe Sh\u00ebrbimeve t\u00eb P\u00ebrgjithshme n\u00eb Universitetin \u201cHaxhi Zeka\u201d ofron mb\u00ebshtetje logjistike, teknike dhe administrative p\u00ebr t\u00eb gjitha nj\u00ebsit\u00eb organizative.","og_url":"https:\/\/unhz.eu\/en\/zyra-e-administrates-dhe-sherbimet-te-pergjithshme\/","og_site_name":"University Haxhi Zeka","article_publisher":"https:\/\/www.facebook.com\/uni.haxhizeka","article_modified_time":"2025-08-27T07:41:28+00:00","twitter_card":"summary_large_image","twitter_site":"@uni_haxhizeka","twitter_misc":{"Est. reading time":"2 minutes"},"schema":{"@context":"https:\/\/schema.org","@graph":[{"@type":"WebPage","@id":"https:\/\/unhz.eu\/zyra-e-administrates-dhe-sherbimet-te-pergjithshme\/","url":"https:\/\/unhz.eu\/zyra-e-administrates-dhe-sherbimet-te-pergjithshme\/","name":"Zyra e Administrat\u00ebs dhe Sh\u00ebrbimet t\u00eb P\u00ebrgjithshme - University Haxhi Zeka","isPartOf":{"@id":"https:\/\/unhz.eu\/#website"},"datePublished":"2024-04-22T14:08:40+00:00","dateModified":"2025-08-27T07:41:28+00:00","description":"Zyra e Administrat\u00ebs dhe Sh\u00ebrbimeve t\u00eb P\u00ebrgjithshme n\u00eb Universitetin \u201cHaxhi Zeka\u201d ofron mb\u00ebshtetje logjistike, teknike dhe administrative p\u00ebr t\u00eb gjitha nj\u00ebsit\u00eb organizative.","breadcrumb":{"@id":"https:\/\/unhz.eu\/zyra-e-administrates-dhe-sherbimet-te-pergjithshme\/#breadcrumb"},"inLanguage":"en-US","potentialAction":[{"@type":"ReadAction","target":["https:\/\/unhz.eu\/zyra-e-administrates-dhe-sherbimet-te-pergjithshme\/"]}]},{"@type":"BreadcrumbList","@id":"https:\/\/unhz.eu\/zyra-e-administrates-dhe-sherbimet-te-pergjithshme\/#breadcrumb","itemListElement":[{"@type":"ListItem","position":1,"name":"Home","item":"https:\/\/unhz.eu\/"},{"@type":"ListItem","position":2,"name":"Zyra e Administrat\u00ebs dhe Sh\u00ebrbimet t\u00eb P\u00ebrgjithshme"}]},{"@type":"WebSite","@id":"https:\/\/unhz.eu\/#website","url":"https:\/\/unhz.eu\/","name":"&quot;Haxhi Zeka&quot; University\u201c","description":"Dedicated to quality, standards and success","publisher":{"@id":"https:\/\/unhz.eu\/#organization"},"alternateName":"Universiteti Haxhi Zeka","potentialAction":[{"@type":"SearchAction","target":{"@type":"EntryPoint","urlTemplate":"https:\/\/unhz.eu\/?s={search_term_string}"},"query-input":{"@type":"PropertyValueSpecification","valueRequired":true,"valueName":"search_term_string"}}],"inLanguage":"en-US"},{"@type":"Organization","@id":"https:\/\/unhz.eu\/#organization","name":"&quot;Haxhi Zeka&quot; University\u201c","alternateName":"Universiteti Haxhi Zeka","url":"https:\/\/unhz.eu\/","logo":{"@type":"ImageObject","inLanguage":"en-US","@id":"https:\/\/unhz.eu\/#\/schema\/logo\/image\/","url":"https:\/\/unhz.eu\/wp-content\/uploads\/2025\/04\/logo-unhz.webp","contentUrl":"https:\/\/unhz.eu\/wp-content\/uploads\/2025\/04\/logo-unhz.webp","width":1024,"height":260,"caption":"Universiteti \u201cHaxhi Zeka\u201d"},"image":{"@id":"https:\/\/unhz.eu\/#\/schema\/logo\/image\/"},"sameAs":["https:\/\/www.facebook.com\/uni.haxhizeka","https:\/\/x.com\/uni_haxhizeka","https:\/\/www.linkedin.com\/school\/haxhi-zeka-university","https:\/\/www.instagram.com\/uni_haxhizeka\/"],"description":"&quot;Haxhi Zeka&quot; University in Peja is a public institution of higher education, offering bachelor&#039;s, master&#039;s and doctoral studies in various fields such as management, tourism, economics, agriculture, art and law. The university aims at academic development, scientific research and contribution to the community.","email":"info@unhz.eu","telephone":"+38339410970","legalName":"Universiteti \u201cHaxhi Zeka\u201d n\u00eb Pej\u00eb","foundingDate":"2011-11-14","numberOfEmployees":{"@type":"QuantitativeValue","minValue":"201","maxValue":"500"}}]}},"acf":[],"_links":{"self":[{"href":"https:\/\/unhz.eu\/en\/wp-json\/wp\/v2\/pages\/22822","targetHints":{"allow":["GET"]}}],"collection":[{"href":"https:\/\/unhz.eu\/en\/wp-json\/wp\/v2\/pages"}],"about":[{"href":"https:\/\/unhz.eu\/en\/wp-json\/wp\/v2\/types\/page"}],"author":[{"embeddable":true,"href":"https:\/\/unhz.eu\/en\/wp-json\/wp\/v2\/users\/1"}],"replies":[{"embeddable":true,"href":"https:\/\/unhz.eu\/en\/wp-json\/wp\/v2\/comments?post=22822"}],"version-history":[{"count":5,"href":"https:\/\/unhz.eu\/en\/wp-json\/wp\/v2\/pages\/22822\/revisions"}],"predecessor-version":[{"id":57367,"href":"https:\/\/unhz.eu\/en\/wp-json\/wp\/v2\/pages\/22822\/revisions\/57367"}],"wp:attachment":[{"href":"https:\/\/unhz.eu\/en\/wp-json\/wp\/v2\/media?parent=22822"}],"curies":[{"name":"wp","href":"https:\/\/api.w.org\/{rel}","templated":true}]}}