{"id":22533,"date":"2024-04-22T08:19:57","date_gmt":"2024-04-22T08:19:57","guid":{"rendered":"https:\/\/unhz.eu\/?page_id=22533"},"modified":"2025-07-17T14:12:55","modified_gmt":"2025-07-17T12:12:55","slug":"festat-zyrtare-ne-republiken-e-kosoves","status":"publish","type":"page","link":"https:\/\/unhz.eu\/en\/festat-zyrtare-ne-republiken-e-kosoves\/","title":{"rendered":"Festat Zyrtare N\u00eb Republik\u00ebn e Kosov\u00ebs"},"content":{"rendered":"<div data-elementor-type=\"wp-page\" data-elementor-id=\"22533\" class=\"elementor elementor-22533\" data-elementor-post-type=\"page\">\n\t\t\t\t\t\t<section class=\"elementor-section elementor-top-section elementor-element elementor-element-dece58d elementor-section-boxed elementor-section-height-default elementor-section-height-default sc_fly_static\" data-id=\"dece58d\" data-element_type=\"section\" data-e-type=\"section\">\n\t\t\t\t\t\t<div class=\"elementor-container elementor-column-gap-extended\">\n\t\t\t\t\t<div class=\"elementor-column elementor-col-100 elementor-top-column elementor-element elementor-element-4c968d4 sc_content_align_inherit sc_layouts_column_icons_position_left sc_fly_static\" data-id=\"4c968d4\" data-element_type=\"column\" data-e-type=\"column\">\n\t\t\t<div class=\"elementor-widget-wrap elementor-element-populated\">\n\t\t\t\t\t\t<div class=\"elementor-element elementor-element-f5db9d1 elementor-widget-divider--view-line sc_fly_static elementor-widget elementor-widget-divider\" data-id=\"f5db9d1\" data-element_type=\"widget\" data-e-type=\"widget\" data-widget_type=\"divider.default\">\n\t\t\t\t<div class=\"elementor-widget-container\">\n\t\t\t\t\t\t\t<div class=\"elementor-divider\">\n\t\t\t<span class=\"elementor-divider-separator\">\n\t\t\t\t\t\t<\/span>\n\t\t<\/div>\n\t\t\t\t\t\t<\/div>\n\t\t\t\t<\/div>\n\t\t\t\t<div class=\"elementor-element elementor-element-0da32ff sc_fly_static elementor-widget elementor-widget-text-editor\" data-id=\"0da32ff\" data-element_type=\"widget\" data-e-type=\"widget\" data-widget_type=\"text-editor.default\">\n\t\t\t\t<div class=\"elementor-widget-container\">\n\t\t\t\t\t\t\t\t\t<table width=\"100%\"><tbody><tr><td colspan=\"4\" width=\"100%\"><p><strong>Festat zyrtare n\u00eb Republik\u00ebn e Kosov\u00ebs p\u00ebr vitin \u00a02023<\/strong><\/p><p><strong>Slu\u017ebeni praznici u Republici Kosova za 2023 god.<\/strong><\/p><\/td><\/tr><tr><td colspan=\"4\" width=\"100%\"><p>Festat zyrtare n\u00eb pajtim me nenin 2 t\u00eb Ligjit nr. 03\/L-064 p\u00ebr Festat zyrtare n\u00eb Republik\u00ebn e Kosov\u00ebs, jan\u00eb:<\/p><p>Slu\u017ebeni praznici u skladu sa \u010dlanom 2. \u00a0Zakona br.03\/L-064 o Slu\u017ebenim praznicima u Republici Kosova, su:<\/p><\/td><\/tr><tr><td width=\"3%\"><strong>Nr.<\/strong><\/td><td width=\"40%\"><p><strong>Festat Zyrtare<\/strong><\/p><p><strong>Slu\u017ebenih prazici<\/strong><\/p><\/td><td width=\"27%\"><p><strong>Dita\/Data e fest\u00ebs<\/strong><\/p><p><strong>Dan\/Datum praznika<\/strong><\/p><\/td><td width=\"29%\"><p><strong>Dita\/Data e pushimi<\/strong><\/p><p><strong>Dan\/Datum odmora<\/strong><\/p><\/td><\/tr><tr><td rowspan=\"2\" width=\"3%\">1.<\/td><td rowspan=\"2\" width=\"40%\"><p>\u00a0<\/p><p>Viti i Ri<\/p><p>Nova godina<\/p><\/td><td width=\"27%\"><p><strong>E Diel\u00a0\u00a0\u00a0\u00a0\u00a0\u00a0\u00a0\u00a0\u00a0\u00a0\u00a0\u00a0\u00a0 \u00a001 janar<\/strong><\/p><p><strong>Subota\u00a0\u00a0\u00a0\u00a0\u00a0\u00a0\u00a0\u00a0\u00a0\u00a0\u00a0 \u00a001 januar<\/strong><\/p><\/td><td width=\"29%\"><p><strong>E h\u00ebn\u00eb\u00a0\u00a0\u00a0\u00a0\u00a0\u00a0\u00a0\u00a0\u00a0\u00a0\u00a0\u00a0\u00a0\u00a0\u00a0\u00a0 \u00a002 janar<\/strong><\/p><p><strong>Ponedeljak\u00a0\u00a0\u00a0\u00a0\u00a0\u00a0\u00a0 \u00a002 januar<\/strong><\/p><\/td><\/tr><tr><td width=\"27%\"><p><strong>E h\u00ebn\u00eb\u00a0\u00a0\u00a0\u00a0\u00a0\u00a0\u00a0\u00a0\u00a0\u00a0 \u00a002 janar<\/strong><\/p><p><strong>Ponedeljak\u00a0\u00a0\u00a0\u00a0 \u00a002 januar<\/strong><\/p><\/td><td width=\"29%\"><p><strong>E mart\u00eb\u00a0\u00a0\u00a0\u00a0\u00a0\u00a0\u00a0\u00a0\u00a0\u00a0\u00a0\u00a0 \u00a003 janar<\/strong><\/p><p><strong>Utorak\u00a0\u00a0\u00a0\u00a0\u00a0\u00a0\u00a0\u00a0\u00a0\u00a0\u00a0\u00a0\u00a0\u00a0 \u00a003 januar<\/strong><\/p><\/td><\/tr><tr><td width=\"3%\">2.<\/td><td width=\"40%\"><p>Krishtlindjet ortodokse<\/p><p>Pravoslavni Bo\u017ei\u0107<\/p><\/td><td width=\"27%\"><p><strong>E shtun\u00eb\u00a0\u00a0\u00a0\u00a0\u00a0\u00a0\u00a0\u00a0 \u00a007 janar<\/strong><\/p><p><strong>Subota\u00a0\u00a0\u00a0\u00a0\u00a0\u00a0\u00a0\u00a0\u00a0\u00a0\u00a0 \u00a007 januar<\/strong><\/p><\/td><td width=\"29%\"><p><strong>E h\u00ebn\u00eb\u00a0\u00a0\u00a0\u00a0\u00a0\u00a0\u00a0\u00a0\u00a0\u00a0\u00a0\u00a0\u00a0\u00a0\u00a0 \u00a009 janar<\/strong><\/p><p><strong>Ponedeljak\u00a0\u00a0\u00a0\u00a0\u00a0\u00a0\u00a0 \u00a009 januar<\/strong><\/p><\/td><\/tr><tr><td width=\"3%\">3.<\/td><td width=\"40%\"><p>Dita e Pavar\u00ebsis\u00eb s\u00eb Republik\u00ebs s\u00eb Kosov\u00ebs<\/p><p>Dan Nezavisnosti Republike Kosova<\/p><\/td><td width=\"27%\"><p><strong>E premte\u00a0\u00a0\u00a0\u00a0\u00a0\u00a0\u00a0 \u00a017 shkurt<\/strong><\/p><p><strong>Petak\u00a0\u00a0\u00a0\u00a0\u00a0\u00a0\u00a0\u00a0\u00a0\u00a0\u00a0\u00a0\u00a0\u00a0 \u00a017 februar<\/strong><\/p><\/td><td width=\"29%\"><p><strong>E premte\u00a0\u00a0\u00a0\u00a0\u00a0\u00a0\u00a0\u00a0\u00a0\u00a0 \u00a017 shkurt<\/strong><\/p><p><strong>Petak\u00a0\u00a0\u00a0\u00a0\u00a0\u00a0\u00a0\u00a0\u00a0\u00a0\u00a0\u00a0\u00a0\u00a0\u00a0\u00a0 \u00a017 februar<\/strong><\/p><\/td><\/tr><tr><td width=\"3%\">4.<\/td><td width=\"40%\"><p>Dita e Kushtetut\u00ebs s\u00eb Republik\u00ebs s\u00eb Kosov\u00ebs<\/p><p>Dan Ustava Republike Kosova<\/p><\/td><td width=\"27%\"><p><strong>E diel\u00a0\u00a0\u00a0\u00a0\u00a0\u00a0\u00a0\u00a0\u00a0\u00a0\u00a0\u00a0\u00a0\u00a0\u00a0 \u00a009 prill<\/strong><\/p><p><strong>Nedelja\u00a0\u00a0\u00a0\u00a0\u00a0\u00a0\u00a0\u00a0\u00a0\u00a0\u00a0 \u00a009 april<\/strong><\/p><\/td><td width=\"29%\"><p><strong>E h\u00ebn\u00eb\u00a0\u00a0\u00a0\u00a0\u00a0\u00a0\u00a0\u00a0\u00a0\u00a0\u00a0\u00a0\u00a0\u00a0\u00a0 \u00a010 prill<\/strong><\/p><p><strong>Ponedeljak\u00a0\u00a0\u00a0\u00a0\u00a0\u00a0\u00a0 \u00a010 april<\/strong><\/p><\/td><\/tr><tr><td width=\"3%\">5.<\/td><td width=\"40%\"><p>Pashk\u00ebt Katolike<\/p><p>Katoli\u010dki Uskrs<\/p><\/td><td width=\"27%\"><p><strong>E h\u00ebn\u00eb\u00a0\u00a0\u00a0\u00a0\u00a0\u00a0\u00a0\u00a0\u00a0\u00a0\u00a0\u00a0\u00a0\u00a0 \u00a010 prill<\/strong><\/p><p><strong>Ponedeljak\u00a0\u00a0\u00a0\u00a0\u00a0\u00a0 \u00a010 april<\/strong><\/p><\/td><td width=\"29%\"><p><strong>E mart\u00eb\u00a0\u00a0\u00a0\u00a0\u00a0\u00a0\u00a0\u00a0\u00a0\u00a0\u00a0\u00a0\u00a0\u00a0 \u00a011 prill<\/strong><\/p><p><strong>Utorak\u00a0\u00a0\u00a0\u00a0\u00a0\u00a0\u00a0\u00a0\u00a0\u00a0\u00a0\u00a0\u00a0\u00a0\u00a0\u00a0 \u00a011 april<\/strong><\/p><\/td><\/tr><tr><td width=\"3%\">6.<\/td><td width=\"40%\"><p>Pashk\u00ebt Ortodokse<\/p><p>Pravoslavni Uskrs<\/p><\/td><td width=\"27%\"><p><strong>E diel\u00a0\u00a0\u00a0\u00a0\u00a0\u00a0\u00a0\u00a0\u00a0\u00a0\u00a0\u00a0\u00a0\u00a0\u00a0 \u00a016 prill<\/strong><\/p><p><strong>Nedelja\u00a0\u00a0\u00a0\u00a0\u00a0\u00a0\u00a0\u00a0\u00a0\u00a0\u00a0 \u00a016 april<\/strong><\/p><\/td><td width=\"29%\"><p><strong>E h\u00ebn\u00eb\u00a0\u00a0\u00a0\u00a0\u00a0\u00a0\u00a0\u00a0\u00a0\u00a0\u00a0\u00a0\u00a0\u00a0\u00a0\u00a0\u00a0 \u00a017 prill<\/strong><\/p><p><strong>Ponedeljak\u00a0\u00a0\u00a0\u00a0\u00a0\u00a0\u00a0\u00a0\u00a0 \u00a017 april<\/strong><\/p><\/td><\/tr><tr><td width=\"3%\">7.<\/td><td width=\"40%\"><p>Bajrami i Madh, dita e par\u00eb<\/p><p>Fiter Bajram, prvi dan<\/p><\/td><td width=\"27%\"><p><strong>E premte\u00a0\u00a0\u00a0\u00a0\u00a0\u00a0\u00a0\u00a0 \u00a021 prill<\/strong><\/p><p><strong>Petak\u00a0\u00a0\u00a0\u00a0\u00a0\u00a0\u00a0\u00a0\u00a0\u00a0\u00a0\u00a0\u00a0\u00a0\u00a0 \u00a021 april<\/strong><\/p><\/td><td width=\"29%\"><p><strong>E premte\u00a0\u00a0\u00a0\u00a0\u00a0\u00a0\u00a0\u00a0\u00a0\u00a0 \u00a021 prill<\/strong><\/p><p><strong>Petak\u00a0\u00a0\u00a0\u00a0\u00a0\u00a0\u00a0\u00a0\u00a0\u00a0\u00a0\u00a0\u00a0\u00a0\u00a0\u00a0 \u00a021 april<\/strong><\/p><\/td><\/tr><tr><td width=\"3%\">8.<\/td><td width=\"40%\"><p>Dita Nd\u00ebrkomb\u00ebtare e Pun\u00ebs<\/p><p>Medjunarodni Dan Rada<\/p><\/td><td width=\"27%\"><p><strong>E h\u00ebn\u00eb\u00a0\u00a0\u00a0\u00a0\u00a0\u00a0\u00a0\u00a0\u00a0\u00a0\u00a0\u00a0 \u00a001 maj<\/strong><\/p><p><strong>Ponedeljak\u00a0\u00a0\u00a0\u00a0\u00a0 \u00a001 maj<\/strong><\/p><\/td><td width=\"29%\"><p><strong>E h\u00ebn\u00eb\u00a0\u00a0\u00a0\u00a0\u00a0\u00a0\u00a0\u00a0\u00a0\u00a0\u00a0\u00a0\u00a0\u00a0\u00a0\u00a0\u00a0 \u00a001 maj<\/strong><\/p><p><strong>Ponedeljak\u00a0\u00a0\u00a0\u00a0\u00a0\u00a0\u00a0\u00a0\u00a0 \u00a001 maj<\/strong><\/p><\/td><\/tr><tr><td width=\"3%\">9.<\/td><td width=\"40%\"><p>Dita e Evrop\u00ebs<\/p><p>Dan Evrope<\/p><\/td><td width=\"27%\"><p><strong>E mart\u00eb\u00a0\u00a0\u00a0\u00a0\u00a0\u00a0\u00a0\u00a0\u00a0\u00a0 \u00a009 maj<\/strong><\/p><p><strong>Utorak\u00a0\u00a0\u00a0\u00a0\u00a0\u00a0\u00a0\u00a0\u00a0\u00a0\u00a0\u00a0 \u00a009 maj<\/strong><\/p><\/td><td width=\"29%\"><p><strong>E mart\u00eb\u00a0\u00a0\u00a0\u00a0\u00a0\u00a0\u00a0\u00a0\u00a0\u00a0\u00a0\u00a0\u00a0\u00a0 \u00a009 maj<\/strong><\/p><p><strong>Utorak\u00a0\u00a0\u00a0\u00a0\u00a0\u00a0\u00a0\u00a0\u00a0\u00a0\u00a0\u00a0\u00a0\u00a0\u00a0\u00a0 \u00a009 maj<\/strong><\/p><\/td><\/tr><tr><td width=\"3%\">10.<\/td><td width=\"40%\"><p>Bajrami i Vog\u00ebl, dita e par\u00eb<\/p><p>Kurban Bajram, prvi dan<\/p><\/td><td width=\"27%\"><strong>E merkure\u00a0\u00a0\u00a0\u00a0\u00a0\u00a0 \u00a028 qershor sreda\u00a0\u00a0\u00a0\u00a0\u00a0\u00a0\u00a0\u00a0\u00a0\u00a0\u00a0\u00a0\u00a0\u00a0\u00a0 \u00a028 jun<\/strong><\/td><td width=\"29%\"><strong>E merkure\u00a0\u00a0\u00a0\u00a0\u00a0\u00a0\u00a0\u00a0\u00a0\u00a0 \u00a028 qershor sreda\u00a0\u00a0\u00a0\u00a0\u00a0\u00a0\u00a0\u00a0\u00a0\u00a0\u00a0\u00a0\u00a0\u00a0\u00a0\u00a0\u00a0\u00a0\u00a0 \u00a028 jun<\/strong><\/td><\/tr><tr><td width=\"3%\">11.<\/td><td width=\"40%\"><p>Krishtlindjet Katolike<\/p><p>Katoli\u010dki Bo\u017ei\u0107<\/p><\/td><td width=\"27%\"><p><strong>E h\u00ebn\u00eb\u00a0\u00a0\u00a0\u00a0\u00a0\u00a0\u00a0\u00a0\u00a0\u00a0\u00a0\u00a0\u00a0\u00a0 \u00a025 dhjetor<\/strong><\/p><p><strong>Nedelja\u00a0\u00a0\u00a0\u00a0\u00a0\u00a0\u00a0\u00a0\u00a0\u00a0\u00a0\u00a0 \u00a025 decembar<\/strong><\/p><\/td><td width=\"29%\"><p><strong>E h\u00ebn\u00eb\u00a0\u00a0\u00a0\u00a0\u00a0\u00a0\u00a0\u00a0\u00a0\u00a0\u00a0\u00a0\u00a0\u00a0\u00a0\u00a0\u00a0 \u00a025 dhjetor<\/strong><\/p><p><strong>Ponedeljak\u00a0\u00a0\u00a0\u00a0\u00a0\u00a0\u00a0\u00a0\u00a0 \u00a025 decembar<\/strong><\/p><\/td><\/tr><\/tbody><\/table><p><em><u>Sh\u00ebnim:<\/u><\/em>\u00a0<em>D<\/em><em>ata e festave zyrtare (bajrami\/pashk\u00ebt) mund t\u00eb ndryshojn\u00eb sipas kalendarit h\u00ebnor. Ne rast se do te k\u00ebt\u00eb ndryshime, do te viheni ne dijeni me nj\u00eb njoftim t\u00eb radh\u00ebs.<\/em><\/p><p><em><u>Zapis:<\/u><\/em>\u00a0<em>D<\/em><em>a<\/em><em>t<\/em><em>umi slu\u017ebenih praznika (bajram\/uskurs) mogu se promeniti prema lunarnom kalendaru. U\u00a0<\/em><em>slu\u0107aju izmena bi\u0107ete obave\u0161teni jednim na drugim saop\u0161tenje.<\/em><\/p>\t\t\t\t\t\t\t\t<\/div>\n\t\t\t\t<\/div>\n\t\t\t\t\t<\/div>\n\t\t<\/div>\n\t\t\t\t\t<\/div>\n\t\t<\/section>\n\t\t\t\t<section class=\"elementor-section elementor-top-section elementor-element elementor-element-11d55a0 elementor-section-boxed elementor-section-height-default elementor-section-height-default sc_fly_static\" data-id=\"11d55a0\" data-element_type=\"section\" data-e-type=\"section\">\n\t\t\t\t\t\t<div class=\"elementor-container elementor-column-gap-extended\">\n\t\t\t\t\t<div class=\"elementor-column elementor-col-100 elementor-top-column elementor-element elementor-element-3af2e07 sc_content_align_inherit sc_layouts_column_icons_position_left sc_fly_static\" data-id=\"3af2e07\" data-element_type=\"column\" data-e-type=\"column\">\n\t\t\t<div class=\"elementor-widget-wrap elementor-element-populated\">\n\t\t\t\t\t\t<div class=\"elementor-element elementor-element-70216b7 elementor-widget-divider--view-line sc_fly_static elementor-widget elementor-widget-divider\" data-id=\"70216b7\" data-element_type=\"widget\" data-e-type=\"widget\" data-widget_type=\"divider.default\">\n\t\t\t\t<div class=\"elementor-widget-container\">\n\t\t\t\t\t\t\t<div class=\"elementor-divider\">\n\t\t\t<span class=\"elementor-divider-separator\">\n\t\t\t\t\t\t<\/span>\n\t\t<\/div>\n\t\t\t\t\t\t<\/div>\n\t\t\t\t<\/div>\n\t\t\t\t\t<\/div>\n\t\t<\/div>\n\t\t\t\t\t<\/div>\n\t\t<\/section>\n\t\t\t\t<\/div>","protected":false},"excerpt":{"rendered":"<p>Festat zyrtare n\u00eb Republik\u00ebn e Kosov\u00ebs p\u00ebr vitin \u00a02023 Slu\u017ebeni praznici u Republici Kosova za&hellip;<\/p>","protected":false},"author":1,"featured_media":50754,"parent":0,"menu_order":0,"comment_status":"closed","ping_status":"closed","template":"","meta":{"_acf_changed":false,"footnotes":""},"class_list":["post-22533","page","type-page","status-publish","has-post-thumbnail","hentry"],"yoast_head":"<!-- This site is optimized with the Yoast SEO Premium plugin v27.2 (Yoast SEO v27.2) - https:\/\/yoast.com\/product\/yoast-seo-premium-wordpress\/ -->\n<title>Festat Zyrtare N\u00eb Republik\u00ebn e Kosov\u00ebs - University Haxhi Zeka<\/title>\n<meta name=\"description\" content=\"Informohuni p\u00ebr festat zyrtare n\u00eb Republik\u00ebn e Kosov\u00ebs sipas Ligjit Nr. 03\/L-064, p\u00ebr vitin 2024, p\u00ebrmes faqes zyrtare t\u00eb Universitetit \u201cHaxhi Zeka\u201d.\" \/>\n<meta name=\"robots\" content=\"index, follow, max-snippet:-1, max-image-preview:large, max-video-preview:-1\" \/>\n<link rel=\"canonical\" href=\"https:\/\/unhz.eu\/en\/festat-zyrtare-ne-republiken-e-kosoves\/\" \/>\n<meta property=\"og:locale\" content=\"en_US\" \/>\n<meta property=\"og:type\" content=\"article\" \/>\n<meta property=\"og:title\" content=\"Festat Zyrtare N\u00eb Republik\u00ebn e Kosov\u00ebs\" \/>\n<meta property=\"og:description\" content=\"Informohuni p\u00ebr festat zyrtare n\u00eb Republik\u00ebn e Kosov\u00ebs sipas Ligjit Nr. 03\/L-064, p\u00ebr vitin 2024, p\u00ebrmes faqes zyrtare t\u00eb Universitetit \u201cHaxhi Zeka\u201d.\" \/>\n<meta property=\"og:url\" content=\"https:\/\/unhz.eu\/en\/festat-zyrtare-ne-republiken-e-kosoves\/\" \/>\n<meta property=\"og:site_name\" content=\"University Haxhi Zeka\" \/>\n<meta property=\"article:publisher\" content=\"https:\/\/www.facebook.com\/uni.haxhizeka\" \/>\n<meta property=\"article:modified_time\" content=\"2025-07-17T12:12:55+00:00\" \/>\n<meta property=\"og:image\" content=\"https:\/\/unhz.eu\/wp-content\/uploads\/2025\/04\/Dizajn-me-logo-te-UHZ.webp\" \/>\n\t<meta property=\"og:image:width\" content=\"1000\" \/>\n\t<meta property=\"og:image:height\" content=\"1000\" \/>\n\t<meta property=\"og:image:type\" content=\"image\/webp\" \/>\n<meta name=\"twitter:card\" content=\"summary_large_image\" \/>\n<meta name=\"twitter:site\" content=\"@uni_haxhizeka\" \/>\n<meta name=\"twitter:label1\" content=\"Est. reading time\" \/>\n\t<meta name=\"twitter:data1\" content=\"2 minutes\" \/>\n<script type=\"application\/ld+json\" class=\"yoast-schema-graph\">{\"@context\":\"https:\/\/schema.org\",\"@graph\":[{\"@type\":\"WebPage\",\"@id\":\"https:\/\/unhz.eu\/festat-zyrtare-ne-republiken-e-kosoves\/\",\"url\":\"https:\/\/unhz.eu\/festat-zyrtare-ne-republiken-e-kosoves\/\",\"name\":\"Festat Zyrtare N\u00eb Republik\u00ebn e Kosov\u00ebs - University Haxhi Zeka\",\"isPartOf\":{\"@id\":\"https:\/\/unhz.eu\/#website\"},\"primaryImageOfPage\":{\"@id\":\"https:\/\/unhz.eu\/festat-zyrtare-ne-republiken-e-kosoves\/#primaryimage\"},\"image\":{\"@id\":\"https:\/\/unhz.eu\/festat-zyrtare-ne-republiken-e-kosoves\/#primaryimage\"},\"thumbnailUrl\":\"https:\/\/unhz.eu\/wp-content\/uploads\/2025\/04\/Dizajn-me-logo-te-UHZ.webp\",\"datePublished\":\"2024-04-22T08:19:57+00:00\",\"dateModified\":\"2025-07-17T12:12:55+00:00\",\"description\":\"Informohuni p\u00ebr festat zyrtare n\u00eb Republik\u00ebn e Kosov\u00ebs sipas Ligjit Nr. 03\/L-064, p\u00ebr vitin 2024, p\u00ebrmes faqes zyrtare t\u00eb Universitetit \u201cHaxhi Zeka\u201d.\",\"breadcrumb\":{\"@id\":\"https:\/\/unhz.eu\/festat-zyrtare-ne-republiken-e-kosoves\/#breadcrumb\"},\"inLanguage\":\"en-US\",\"potentialAction\":[{\"@type\":\"ReadAction\",\"target\":[\"https:\/\/unhz.eu\/festat-zyrtare-ne-republiken-e-kosoves\/\"]}]},{\"@type\":\"ImageObject\",\"inLanguage\":\"en-US\",\"@id\":\"https:\/\/unhz.eu\/festat-zyrtare-ne-republiken-e-kosoves\/#primaryimage\",\"url\":\"https:\/\/unhz.eu\/wp-content\/uploads\/2025\/04\/Dizajn-me-logo-te-UHZ.webp\",\"contentUrl\":\"https:\/\/unhz.eu\/wp-content\/uploads\/2025\/04\/Dizajn-me-logo-te-UHZ.webp\",\"width\":1000,\"height\":1000,\"caption\":\"Universiteti Haxhi Zeka, UHZ logo me background te kuq\"},{\"@type\":\"BreadcrumbList\",\"@id\":\"https:\/\/unhz.eu\/festat-zyrtare-ne-republiken-e-kosoves\/#breadcrumb\",\"itemListElement\":[{\"@type\":\"ListItem\",\"position\":1,\"name\":\"Home\",\"item\":\"https:\/\/unhz.eu\/\"},{\"@type\":\"ListItem\",\"position\":2,\"name\":\"Festat Zyrtare N\u00eb Republik\u00ebn e Kosov\u00ebs\"}]},{\"@type\":\"WebSite\",\"@id\":\"https:\/\/unhz.eu\/#website\",\"url\":\"https:\/\/unhz.eu\/\",\"name\":\"Universiteti \u201cHaxhi Zeka\u201d\",\"description\":\"I dedikuar p\u00ebr cil\u00ebsi, standarde dhe suksese\",\"publisher\":{\"@id\":\"https:\/\/unhz.eu\/#organization\"},\"alternateName\":\"Universiteti Haxhi Zeka\",\"potentialAction\":[{\"@type\":\"SearchAction\",\"target\":{\"@type\":\"EntryPoint\",\"urlTemplate\":\"https:\/\/unhz.eu\/?s={search_term_string}\"},\"query-input\":{\"@type\":\"PropertyValueSpecification\",\"valueRequired\":true,\"valueName\":\"search_term_string\"}}],\"inLanguage\":\"en-US\"},{\"@type\":\"Organization\",\"@id\":\"https:\/\/unhz.eu\/#organization\",\"name\":\"Universiteti \u201cHaxhi Zeka\u201d\",\"alternateName\":\"Universiteti Haxhi Zeka\",\"url\":\"https:\/\/unhz.eu\/\",\"logo\":{\"@type\":\"ImageObject\",\"inLanguage\":\"en-US\",\"@id\":\"https:\/\/unhz.eu\/#\/schema\/logo\/image\/\",\"url\":\"https:\/\/unhz.eu\/wp-content\/uploads\/2025\/04\/logo-unhz.webp\",\"contentUrl\":\"https:\/\/unhz.eu\/wp-content\/uploads\/2025\/04\/logo-unhz.webp\",\"width\":1024,\"height\":260,\"caption\":\"Universiteti \u201cHaxhi Zeka\u201d\"},\"image\":{\"@id\":\"https:\/\/unhz.eu\/#\/schema\/logo\/image\/\"},\"sameAs\":[\"https:\/\/www.facebook.com\/uni.haxhizeka\",\"https:\/\/x.com\/uni_haxhizeka\",\"https:\/\/www.linkedin.com\/school\/haxhi-zeka-university\",\"https:\/\/www.instagram.com\/uni_haxhizeka\/\"],\"description\":\"Universiteti \u201cHaxhi Zeka\u201d n\u00eb Pej\u00eb \u00ebsht\u00eb institucion publik i arsimit t\u00eb lart\u00eb, q\u00eb ofron studime bachelor, master dhe doktorat\u00eb n\u00eb fusha t\u00eb ndryshme si menaxhimi, turizmi, ekonomia, bujq\u00ebsia, arti dhe drejt\u00ebsia. Universiteti synon zhvillimin akademik, hulumtimin shkencor dhe kontributin n\u00eb komunitet.\",\"email\":\"info@unhz.eu\",\"telephone\":\"+38339410970\",\"legalName\":\"Universiteti \u201cHaxhi Zeka\u201d n\u00eb Pej\u00eb\",\"foundingDate\":\"2011-11-14\",\"numberOfEmployees\":{\"@type\":\"QuantitativeValue\",\"minValue\":\"201\",\"maxValue\":\"500\"}}]}<\/script>\n<!-- \/ Yoast SEO Premium plugin. -->","yoast_head_json":{"title":"Festat Zyrtare N\u00eb Republik\u00ebn e Kosov\u00ebs - University Haxhi Zeka","description":"Informohuni p\u00ebr festat zyrtare n\u00eb Republik\u00ebn e Kosov\u00ebs sipas Ligjit Nr. 03\/L-064, p\u00ebr vitin 2024, p\u00ebrmes faqes zyrtare t\u00eb Universitetit \u201cHaxhi Zeka\u201d.","robots":{"index":"index","follow":"follow","max-snippet":"max-snippet:-1","max-image-preview":"max-image-preview:large","max-video-preview":"max-video-preview:-1"},"canonical":"https:\/\/unhz.eu\/en\/festat-zyrtare-ne-republiken-e-kosoves\/","og_locale":"en_US","og_type":"article","og_title":"Festat Zyrtare N\u00eb Republik\u00ebn e Kosov\u00ebs","og_description":"Informohuni p\u00ebr festat zyrtare n\u00eb Republik\u00ebn e Kosov\u00ebs sipas Ligjit Nr. 03\/L-064, p\u00ebr vitin 2024, p\u00ebrmes faqes zyrtare t\u00eb Universitetit \u201cHaxhi Zeka\u201d.","og_url":"https:\/\/unhz.eu\/en\/festat-zyrtare-ne-republiken-e-kosoves\/","og_site_name":"University Haxhi Zeka","article_publisher":"https:\/\/www.facebook.com\/uni.haxhizeka","article_modified_time":"2025-07-17T12:12:55+00:00","og_image":[{"width":1000,"height":1000,"url":"https:\/\/unhz.eu\/wp-content\/uploads\/2025\/04\/Dizajn-me-logo-te-UHZ.webp","type":"image\/webp"}],"twitter_card":"summary_large_image","twitter_site":"@uni_haxhizeka","twitter_misc":{"Est. reading time":"2 minutes"},"schema":{"@context":"https:\/\/schema.org","@graph":[{"@type":"WebPage","@id":"https:\/\/unhz.eu\/festat-zyrtare-ne-republiken-e-kosoves\/","url":"https:\/\/unhz.eu\/festat-zyrtare-ne-republiken-e-kosoves\/","name":"Festat Zyrtare N\u00eb Republik\u00ebn e Kosov\u00ebs - University Haxhi Zeka","isPartOf":{"@id":"https:\/\/unhz.eu\/#website"},"primaryImageOfPage":{"@id":"https:\/\/unhz.eu\/festat-zyrtare-ne-republiken-e-kosoves\/#primaryimage"},"image":{"@id":"https:\/\/unhz.eu\/festat-zyrtare-ne-republiken-e-kosoves\/#primaryimage"},"thumbnailUrl":"https:\/\/unhz.eu\/wp-content\/uploads\/2025\/04\/Dizajn-me-logo-te-UHZ.webp","datePublished":"2024-04-22T08:19:57+00:00","dateModified":"2025-07-17T12:12:55+00:00","description":"Informohuni p\u00ebr festat zyrtare n\u00eb Republik\u00ebn e Kosov\u00ebs sipas Ligjit Nr. 03\/L-064, p\u00ebr vitin 2024, p\u00ebrmes faqes zyrtare t\u00eb Universitetit \u201cHaxhi Zeka\u201d.","breadcrumb":{"@id":"https:\/\/unhz.eu\/festat-zyrtare-ne-republiken-e-kosoves\/#breadcrumb"},"inLanguage":"en-US","potentialAction":[{"@type":"ReadAction","target":["https:\/\/unhz.eu\/festat-zyrtare-ne-republiken-e-kosoves\/"]}]},{"@type":"ImageObject","inLanguage":"en-US","@id":"https:\/\/unhz.eu\/festat-zyrtare-ne-republiken-e-kosoves\/#primaryimage","url":"https:\/\/unhz.eu\/wp-content\/uploads\/2025\/04\/Dizajn-me-logo-te-UHZ.webp","contentUrl":"https:\/\/unhz.eu\/wp-content\/uploads\/2025\/04\/Dizajn-me-logo-te-UHZ.webp","width":1000,"height":1000,"caption":"Universiteti Haxhi Zeka, UHZ logo me background te kuq"},{"@type":"BreadcrumbList","@id":"https:\/\/unhz.eu\/festat-zyrtare-ne-republiken-e-kosoves\/#breadcrumb","itemListElement":[{"@type":"ListItem","position":1,"name":"Home","item":"https:\/\/unhz.eu\/"},{"@type":"ListItem","position":2,"name":"Festat Zyrtare N\u00eb Republik\u00ebn e Kosov\u00ebs"}]},{"@type":"WebSite","@id":"https:\/\/unhz.eu\/#website","url":"https:\/\/unhz.eu\/","name":"&quot;Haxhi Zeka&quot; University\u201c","description":"Dedicated to quality, standards and success","publisher":{"@id":"https:\/\/unhz.eu\/#organization"},"alternateName":"Universiteti Haxhi Zeka","potentialAction":[{"@type":"SearchAction","target":{"@type":"EntryPoint","urlTemplate":"https:\/\/unhz.eu\/?s={search_term_string}"},"query-input":{"@type":"PropertyValueSpecification","valueRequired":true,"valueName":"search_term_string"}}],"inLanguage":"en-US"},{"@type":"Organization","@id":"https:\/\/unhz.eu\/#organization","name":"&quot;Haxhi Zeka&quot; University\u201c","alternateName":"Universiteti Haxhi Zeka","url":"https:\/\/unhz.eu\/","logo":{"@type":"ImageObject","inLanguage":"en-US","@id":"https:\/\/unhz.eu\/#\/schema\/logo\/image\/","url":"https:\/\/unhz.eu\/wp-content\/uploads\/2025\/04\/logo-unhz.webp","contentUrl":"https:\/\/unhz.eu\/wp-content\/uploads\/2025\/04\/logo-unhz.webp","width":1024,"height":260,"caption":"Universiteti \u201cHaxhi Zeka\u201d"},"image":{"@id":"https:\/\/unhz.eu\/#\/schema\/logo\/image\/"},"sameAs":["https:\/\/www.facebook.com\/uni.haxhizeka","https:\/\/x.com\/uni_haxhizeka","https:\/\/www.linkedin.com\/school\/haxhi-zeka-university","https:\/\/www.instagram.com\/uni_haxhizeka\/"],"description":"&quot;Haxhi Zeka&quot; University in Peja is a public institution of higher education, offering bachelor&#039;s, master&#039;s and doctoral studies in various fields such as management, tourism, economics, agriculture, art and law. The university aims at academic development, scientific research and contribution to the community.","email":"info@unhz.eu","telephone":"+38339410970","legalName":"Universiteti \u201cHaxhi Zeka\u201d n\u00eb Pej\u00eb","foundingDate":"2011-11-14","numberOfEmployees":{"@type":"QuantitativeValue","minValue":"201","maxValue":"500"}}]}},"acf":[],"_links":{"self":[{"href":"https:\/\/unhz.eu\/en\/wp-json\/wp\/v2\/pages\/22533","targetHints":{"allow":["GET"]}}],"collection":[{"href":"https:\/\/unhz.eu\/en\/wp-json\/wp\/v2\/pages"}],"about":[{"href":"https:\/\/unhz.eu\/en\/wp-json\/wp\/v2\/types\/page"}],"author":[{"embeddable":true,"href":"https:\/\/unhz.eu\/en\/wp-json\/wp\/v2\/users\/1"}],"replies":[{"embeddable":true,"href":"https:\/\/unhz.eu\/en\/wp-json\/wp\/v2\/comments?post=22533"}],"version-history":[{"count":1,"href":"https:\/\/unhz.eu\/en\/wp-json\/wp\/v2\/pages\/22533\/revisions"}],"predecessor-version":[{"id":52586,"href":"https:\/\/unhz.eu\/en\/wp-json\/wp\/v2\/pages\/22533\/revisions\/52586"}],"wp:featuredmedia":[{"embeddable":true,"href":"https:\/\/unhz.eu\/en\/wp-json\/wp\/v2\/media\/50754"}],"wp:attachment":[{"href":"https:\/\/unhz.eu\/en\/wp-json\/wp\/v2\/media?parent=22533"}],"curies":[{"name":"wp","href":"https:\/\/api.w.org\/{rel}","templated":true}]}}