{"id":22530,"date":"2024-04-22T08:19:19","date_gmt":"2024-04-22T08:19:19","guid":{"rendered":"https:\/\/unhz.eu\/?page_id=22530"},"modified":"2025-07-18T08:41:19","modified_gmt":"2025-07-18T06:41:19","slug":"kalendari-i-festave-ne-universitet","status":"publish","type":"page","link":"https:\/\/unhz.eu\/en\/kalendari-i-festave-ne-universitet\/","title":{"rendered":"Kalendari i Festave N\u00eb Universitet"},"content":{"rendered":"<div data-elementor-type=\"wp-page\" data-elementor-id=\"22530\" class=\"elementor elementor-22530\" data-elementor-post-type=\"page\">\n\t\t\t\t\t\t<section class=\"elementor-section elementor-top-section elementor-element elementor-element-5cd5c45 elementor-section-boxed elementor-section-height-default elementor-section-height-default sc_fly_static\" data-id=\"5cd5c45\" data-element_type=\"section\" data-e-type=\"section\">\n\t\t\t\t\t\t<div class=\"elementor-container elementor-column-gap-extended\">\n\t\t\t\t\t<div class=\"elementor-column elementor-col-100 elementor-top-column elementor-element elementor-element-1b525ce sc_content_align_inherit sc_layouts_column_icons_position_left sc_fly_static\" data-id=\"1b525ce\" data-element_type=\"column\" data-e-type=\"column\">\n\t\t\t<div class=\"elementor-widget-wrap elementor-element-populated\">\n\t\t\t\t\t\t<div class=\"elementor-element elementor-element-45061e5 sc_fly_static elementor-widget elementor-widget-heading\" data-id=\"45061e5\" data-element_type=\"widget\" data-e-type=\"widget\" data-widget_type=\"heading.default\">\n\t\t\t\t<div class=\"elementor-widget-container\">\n\t\t\t\t\t<h5 class=\"elementor-heading-title elementor-size-default\">Kalendari Festave n\u00eb Universitet<\/h5>\t\t\t\t<\/div>\n\t\t\t\t<\/div>\n\t\t\t\t<div class=\"elementor-element elementor-element-32654d6 sc_fly_static elementor-widget elementor-widget-text-editor\" data-id=\"32654d6\" data-element_type=\"widget\" data-e-type=\"widget\" data-widget_type=\"text-editor.default\">\n\t\t\t\t<div class=\"elementor-widget-container\">\n\t\t\t\t\t\t\t\t\t<h6>\u00a0<\/h6><table class=\"mtr-table mtr-tr-td\" width=\"100%\"><tbody><tr><td class=\"mtr-td-tag\" width=\"33%\" data-mtr-content=\"Ngjarjet\"><div class=\"mtr-cell-content\"><strong>Events<\/strong><\/div><\/td><td class=\"mtr-td-tag\" width=\"27%\" data-mtr-content=\"Periudha\"><div class=\"mtr-cell-content\"><strong>Periudha<\/strong><\/div><\/td><td class=\"mtr-td-tag\" width=\"39%\" data-mtr-content=\"Aktivitetet\"><div class=\"mtr-cell-content\"><strong>ACTIVITIES<\/strong><\/div><\/td><\/tr><tr><td class=\"mtr-td-tag\" width=\"33%\" data-mtr-content=\"Ngjarjet\"><div class=\"mtr-cell-content\">Fillimi i vitit akademik<\/div><\/td><td class=\"mtr-td-tag\" width=\"27%\" data-mtr-content=\"Periudha\"><div class=\"mtr-cell-content\">1 Tetor<\/div><\/td><td class=\"mtr-td-tag\" width=\"39%\" data-mtr-content=\"Aktivitetet\"><div class=\"mtr-cell-content\">Mir\u00ebseardhje student\u00ebve t\u00eb rinj<\/div><\/td><\/tr><tr><td class=\"mtr-td-tag\" width=\"33%\" data-mtr-content=\"Ngjarjet\"><div class=\"mtr-cell-content\">Dita nd\u00ebrkomb\u00ebtare e muzik\u00ebs<\/div><\/td><td class=\"mtr-td-tag\" width=\"27%\" data-mtr-content=\"Periudha\"><div class=\"mtr-cell-content\">1 Tetor<\/div><\/td><td class=\"mtr-td-tag\" width=\"39%\" data-mtr-content=\"Aktivitetet\"><div class=\"mtr-cell-content\">Student\u00ebt e fakultetit t\u00eb arteve, realizimi i koncertit<\/div><\/td><\/tr><tr><td class=\"mtr-td-tag\" width=\"33%\" data-mtr-content=\"Ngjarjet\"><div class=\"mtr-cell-content\">P\u00ebrvjetori i Universitetit<\/div><\/td><td class=\"mtr-td-tag\" width=\"27%\" data-mtr-content=\"Periudha\"><div class=\"mtr-cell-content\">14 N\u00ebntor<\/div><\/td><td class=\"mtr-td-tag\" width=\"39%\" data-mtr-content=\"Aktivitetet\"><div class=\"mtr-cell-content\">Ceremonia e vjetorit<\/div><\/td><\/tr><tr><td class=\"mtr-td-tag\" width=\"33%\" data-mtr-content=\"Ngjarjet\"><div class=\"mtr-cell-content\">Dita nd\u00ebrkomb\u00ebtare e studentit<\/div><\/td><td class=\"mtr-td-tag\" width=\"27%\" data-mtr-content=\"Periudha\"><div class=\"mtr-cell-content\">17 N\u00ebntor<\/div><\/td><td class=\"mtr-td-tag\" width=\"39%\" data-mtr-content=\"Aktivitetet\"><div class=\"mtr-cell-content\">Aktivitete t\u00eb ndryshme studentore<\/div><\/td><\/tr><tr><td class=\"mtr-td-tag\" width=\"33%\" data-mtr-content=\"Ngjarjet\"><div class=\"mtr-cell-content\">Dit\u00eblindja e Haxhi Zek\u00ebs<\/div><\/td><td class=\"mtr-td-tag\" width=\"27%\" data-mtr-content=\"Periudha\"><div class=\"mtr-cell-content\">21 N\u00ebntor<\/div><\/td><td class=\"mtr-td-tag\" width=\"39%\" data-mtr-content=\"Aktivitetet\"><div class=\"mtr-cell-content\">Dit\u00ebt e Haxhi Zek\u00ebs<\/div><\/td><\/tr><tr><td class=\"mtr-td-tag\" width=\"33%\" data-mtr-content=\"Ngjarjet\"><div class=\"mtr-cell-content\">Fillimi i semestrit veror<\/div><\/td><td class=\"mtr-td-tag\" width=\"27%\" data-mtr-content=\"Periudha\"><div class=\"mtr-cell-content\">15 Shkurt<\/div><\/td><td class=\"mtr-td-tag\" width=\"39%\" data-mtr-content=\"Aktivitetet\"><div class=\"mtr-cell-content\">Aktivitete t\u00eb p\u00ebrcaktuara nga nj\u00ebsit\u00eb akademike<\/div><\/td><\/tr><tr><td class=\"mtr-td-tag\" width=\"33%\" data-mtr-content=\"Ngjarjet\"><div class=\"mtr-cell-content\">Dita nd\u00ebrkomb\u00ebtare e tok\u00ebs<\/div><\/td><td class=\"mtr-td-tag\" width=\"27%\" data-mtr-content=\"Periudha\"><div class=\"mtr-cell-content\">22 Prill<\/div><\/td><td class=\"mtr-td-tag\" width=\"39%\" data-mtr-content=\"Aktivitetet\"><div class=\"mtr-cell-content\">Aktivitet t\u00eb student\u00ebve t\u00eb Fakultetit t\u00eb Agrobiznesit<\/div><\/td><\/tr><tr><td class=\"mtr-td-tag\" width=\"33%\" data-mtr-content=\"Ngjarjet\"><div class=\"mtr-cell-content\">Panairi i Karrier\u00ebs<\/div><\/td><td class=\"mtr-td-tag\" width=\"27%\" data-mtr-content=\"Periudha\"><div class=\"mtr-cell-content\">Maj<\/div><\/td><td class=\"mtr-td-tag\" width=\"39%\" data-mtr-content=\"Aktivitetet\"><div class=\"mtr-cell-content\">Panairi i pun\u00ebsimit<\/div><\/td><\/tr><tr><td class=\"mtr-td-tag\" width=\"33%\" data-mtr-content=\"Ngjarjet\"><div class=\"mtr-cell-content\">Dita nd\u00ebrkomb\u00ebtare e mjedisit<\/div><\/td><td class=\"mtr-td-tag\" width=\"27%\" data-mtr-content=\"Periudha\"><div class=\"mtr-cell-content\">5 Qershor<\/div><\/td><td class=\"mtr-td-tag\" width=\"39%\" data-mtr-content=\"Aktivitetet\"><div class=\"mtr-cell-content\">Aktivitet i student\u00ebve t\u00eb agrobiznesit dhe turizmit<\/div><\/td><\/tr><tr><td class=\"mtr-td-tag\" width=\"33%\" data-mtr-content=\"Ngjarjet\"><div class=\"mtr-cell-content\">Dita e Drejt\u00ebsis\u00eb Penale Nd\u00ebrkomb\u00ebtare<\/div><\/td><td class=\"mtr-td-tag\" width=\"27%\" data-mtr-content=\"Periudha\"><div class=\"mtr-cell-content\">17 Korrik<\/div><\/td><td class=\"mtr-td-tag\" width=\"39%\" data-mtr-content=\"Aktivitetet\"><div class=\"mtr-cell-content\">Aktivitet i student\u00ebve t\u00eb Fakultetit Juridik<\/div><\/td><\/tr><tr><td class=\"mtr-td-tag\" width=\"33%\" data-mtr-content=\"Ngjarjet\"><div class=\"mtr-cell-content\">Dita nd\u00ebrkomb\u00ebtare e turizmit<\/div><\/td><td class=\"mtr-td-tag\" width=\"27%\" data-mtr-content=\"Periudha\"><div class=\"mtr-cell-content\">27 Shtator<\/div><\/td><td class=\"mtr-td-tag\" width=\"39%\" data-mtr-content=\"Aktivitetet\"><div class=\"mtr-cell-content\">Aktivitet i student\u00ebve t\u00eb MTHM-s\u00eb<\/div><\/td><\/tr><tr><td class=\"mtr-td-tag\" width=\"33%\" data-mtr-content=\"Ngjarjet\"><div class=\"mtr-cell-content\">Dita nd\u00ebrkomb\u00ebtare e t\u00eb drejtave t\u00eb njeriut<\/div><\/td><td class=\"mtr-td-tag\" width=\"27%\" data-mtr-content=\"Periudha\"><div class=\"mtr-cell-content\">10 Dhjetor<\/div><\/td><td class=\"mtr-td-tag\" width=\"39%\" data-mtr-content=\"Aktivitetet\"><div class=\"mtr-cell-content\">Aktivitet i student\u00ebve t\u00eb Fakultetit Juridik dhe Nj\u00ebsive tjera akademike<\/div><\/td><\/tr><\/tbody><\/table><p>\u00a0<\/p>\t\t\t\t\t\t\t\t<\/div>\n\t\t\t\t<\/div>\n\t\t\t\t\t<\/div>\n\t\t<\/div>\n\t\t\t\t\t<\/div>\n\t\t<\/section>\n\t\t\t\t<section class=\"elementor-section elementor-top-section elementor-element elementor-element-262d8f9 elementor-section-boxed elementor-section-height-default elementor-section-height-default sc_fly_static\" data-id=\"262d8f9\" data-element_type=\"section\" data-e-type=\"section\">\n\t\t\t\t\t\t<div class=\"elementor-container elementor-column-gap-extended\">\n\t\t\t\t\t<div class=\"elementor-column elementor-col-100 elementor-top-column elementor-element elementor-element-a22108a sc_content_align_inherit sc_layouts_column_icons_position_left sc_fly_static\" data-id=\"a22108a\" data-element_type=\"column\" data-e-type=\"column\">\n\t\t\t<div class=\"elementor-widget-wrap elementor-element-populated\">\n\t\t\t\t\t\t<div class=\"elementor-element elementor-element-12a2ba5 elementor-blockquote--skin-border elementor-blockquote--button-color-official sc_fly_static elementor-widget elementor-widget-blockquote\" data-id=\"12a2ba5\" data-element_type=\"widget\" data-e-type=\"widget\" data-widget_type=\"blockquote.default\">\n\t\t\t\t<div class=\"elementor-widget-container\">\n\t\t\t\t\t\t\t<blockquote class=\"elementor-blockquote\">\n\t\t\t<p class=\"elementor-blockquote__content\">\n\t\t\t\tKalendari festiv do t\u00eb plot\u00ebsohet edhe grupet studentore t\u00eb nj\u00ebsive akademike!\t\t\t<\/p>\n\t\t\t\t\t\t\t<div class=\"e-q-footer\">\n\t\t\t\t\t\t\t\t\t\t\t<cite class=\"elementor-blockquote__author\">V\u00ebrejtje<\/cite>\n\t\t\t\t\t\t\t\t\t\t\t\t\t\t<\/div>\n\t\t\t\t\t<\/blockquote>\n\t\t\t\t\t\t<\/div>\n\t\t\t\t<\/div>\n\t\t\t\t\t<\/div>\n\t\t<\/div>\n\t\t\t\t\t<\/div>\n\t\t<\/section>\n\t\t\t\t<\/div>","protected":false},"excerpt":{"rendered":"<p>Kalendari Festave n\u00eb Universitet \u00a0 Ngjarjet Periudha Aktivitetet Fillimi i vitit akademik 1 Tetor Mir\u00ebseardhje&hellip;<\/p>","protected":false},"author":1,"featured_media":50754,"parent":0,"menu_order":0,"comment_status":"closed","ping_status":"closed","template":"","meta":{"_acf_changed":false,"footnotes":""},"class_list":["post-22530","page","type-page","status-publish","has-post-thumbnail","hentry"],"yoast_head":"<!-- This site is optimized with the Yoast SEO Premium plugin v27.2 (Yoast SEO v27.2) - https:\/\/yoast.com\/product\/yoast-seo-premium-wordpress\/ -->\n<title>Kalendari i Festave N\u00eb Universitet - University Haxhi Zeka<\/title>\n<meta name=\"description\" content=\"Shikoni kalendarin e festave dhe aktiviteteve n\u00eb UHZ: fillimi vit akademik, dit\u00eb kulturore, koncerte, dit\u00eblindja e universitetit dhe festat zyrtare.\" \/>\n<meta name=\"robots\" content=\"index, follow, max-snippet:-1, max-image-preview:large, max-video-preview:-1\" \/>\n<link rel=\"canonical\" href=\"https:\/\/unhz.eu\/en\/kalendari-i-festave-ne-universitet\/\" \/>\n<meta property=\"og:locale\" content=\"en_US\" \/>\n<meta property=\"og:type\" content=\"article\" \/>\n<meta property=\"og:title\" content=\"Kalendari i Festave N\u00eb Universitet\" \/>\n<meta property=\"og:description\" content=\"Shikoni kalendarin e festave dhe aktiviteteve n\u00eb UHZ: fillimi vit akademik, dit\u00eb kulturore, koncerte, dit\u00eblindja e universitetit dhe festat zyrtare.\" \/>\n<meta property=\"og:url\" content=\"https:\/\/unhz.eu\/en\/kalendari-i-festave-ne-universitet\/\" \/>\n<meta property=\"og:site_name\" content=\"University Haxhi Zeka\" \/>\n<meta property=\"article:publisher\" content=\"https:\/\/www.facebook.com\/uni.haxhizeka\" \/>\n<meta property=\"article:modified_time\" content=\"2025-07-18T06:41:19+00:00\" \/>\n<meta property=\"og:image\" content=\"https:\/\/unhz.eu\/wp-content\/uploads\/2025\/04\/Dizajn-me-logo-te-UHZ.webp\" \/>\n\t<meta property=\"og:image:width\" content=\"1000\" \/>\n\t<meta property=\"og:image:height\" content=\"1000\" \/>\n\t<meta property=\"og:image:type\" content=\"image\/webp\" \/>\n<meta name=\"twitter:card\" content=\"summary_large_image\" \/>\n<meta name=\"twitter:site\" content=\"@uni_haxhizeka\" \/>\n<meta name=\"twitter:label1\" content=\"Est. reading time\" \/>\n\t<meta name=\"twitter:data1\" content=\"1 minute\" \/>\n<script type=\"application\/ld+json\" class=\"yoast-schema-graph\">{\"@context\":\"https:\/\/schema.org\",\"@graph\":[{\"@type\":\"WebPage\",\"@id\":\"https:\/\/unhz.eu\/kalendari-i-festave-ne-universitet\/\",\"url\":\"https:\/\/unhz.eu\/kalendari-i-festave-ne-universitet\/\",\"name\":\"Kalendari i Festave N\u00eb Universitet - University Haxhi Zeka\",\"isPartOf\":{\"@id\":\"https:\/\/unhz.eu\/#website\"},\"primaryImageOfPage\":{\"@id\":\"https:\/\/unhz.eu\/kalendari-i-festave-ne-universitet\/#primaryimage\"},\"image\":{\"@id\":\"https:\/\/unhz.eu\/kalendari-i-festave-ne-universitet\/#primaryimage\"},\"thumbnailUrl\":\"https:\/\/unhz.eu\/wp-content\/uploads\/2025\/04\/Dizajn-me-logo-te-UHZ.webp\",\"datePublished\":\"2024-04-22T08:19:19+00:00\",\"dateModified\":\"2025-07-18T06:41:19+00:00\",\"description\":\"Shikoni kalendarin e festave dhe aktiviteteve n\u00eb UHZ: fillimi vit akademik, dit\u00eb kulturore, koncerte, dit\u00eblindja e universitetit dhe festat zyrtare.\",\"breadcrumb\":{\"@id\":\"https:\/\/unhz.eu\/kalendari-i-festave-ne-universitet\/#breadcrumb\"},\"inLanguage\":\"en-US\",\"potentialAction\":[{\"@type\":\"ReadAction\",\"target\":[\"https:\/\/unhz.eu\/kalendari-i-festave-ne-universitet\/\"]}]},{\"@type\":\"ImageObject\",\"inLanguage\":\"en-US\",\"@id\":\"https:\/\/unhz.eu\/kalendari-i-festave-ne-universitet\/#primaryimage\",\"url\":\"https:\/\/unhz.eu\/wp-content\/uploads\/2025\/04\/Dizajn-me-logo-te-UHZ.webp\",\"contentUrl\":\"https:\/\/unhz.eu\/wp-content\/uploads\/2025\/04\/Dizajn-me-logo-te-UHZ.webp\",\"width\":1000,\"height\":1000,\"caption\":\"Universiteti Haxhi Zeka, UHZ logo me background te kuq\"},{\"@type\":\"BreadcrumbList\",\"@id\":\"https:\/\/unhz.eu\/kalendari-i-festave-ne-universitet\/#breadcrumb\",\"itemListElement\":[{\"@type\":\"ListItem\",\"position\":1,\"name\":\"Home\",\"item\":\"https:\/\/unhz.eu\/\"},{\"@type\":\"ListItem\",\"position\":2,\"name\":\"Kalendari i Festave N\u00eb Universitet\"}]},{\"@type\":\"WebSite\",\"@id\":\"https:\/\/unhz.eu\/#website\",\"url\":\"https:\/\/unhz.eu\/\",\"name\":\"Universiteti \u201cHaxhi Zeka\u201d\",\"description\":\"I dedikuar p\u00ebr cil\u00ebsi, standarde dhe suksese\",\"publisher\":{\"@id\":\"https:\/\/unhz.eu\/#organization\"},\"alternateName\":\"Universiteti Haxhi Zeka\",\"potentialAction\":[{\"@type\":\"SearchAction\",\"target\":{\"@type\":\"EntryPoint\",\"urlTemplate\":\"https:\/\/unhz.eu\/?s={search_term_string}\"},\"query-input\":{\"@type\":\"PropertyValueSpecification\",\"valueRequired\":true,\"valueName\":\"search_term_string\"}}],\"inLanguage\":\"en-US\"},{\"@type\":\"Organization\",\"@id\":\"https:\/\/unhz.eu\/#organization\",\"name\":\"Universiteti \u201cHaxhi Zeka\u201d\",\"alternateName\":\"Universiteti Haxhi Zeka\",\"url\":\"https:\/\/unhz.eu\/\",\"logo\":{\"@type\":\"ImageObject\",\"inLanguage\":\"en-US\",\"@id\":\"https:\/\/unhz.eu\/#\/schema\/logo\/image\/\",\"url\":\"https:\/\/unhz.eu\/wp-content\/uploads\/2025\/04\/logo-unhz.webp\",\"contentUrl\":\"https:\/\/unhz.eu\/wp-content\/uploads\/2025\/04\/logo-unhz.webp\",\"width\":1024,\"height\":260,\"caption\":\"Universiteti \u201cHaxhi Zeka\u201d\"},\"image\":{\"@id\":\"https:\/\/unhz.eu\/#\/schema\/logo\/image\/\"},\"sameAs\":[\"https:\/\/www.facebook.com\/uni.haxhizeka\",\"https:\/\/x.com\/uni_haxhizeka\",\"https:\/\/www.linkedin.com\/school\/haxhi-zeka-university\",\"https:\/\/www.instagram.com\/uni_haxhizeka\/\"],\"description\":\"Universiteti \u201cHaxhi Zeka\u201d n\u00eb Pej\u00eb \u00ebsht\u00eb institucion publik i arsimit t\u00eb lart\u00eb, q\u00eb ofron studime bachelor, master dhe doktorat\u00eb n\u00eb fusha t\u00eb ndryshme si menaxhimi, turizmi, ekonomia, bujq\u00ebsia, arti dhe drejt\u00ebsia. Universiteti synon zhvillimin akademik, hulumtimin shkencor dhe kontributin n\u00eb komunitet.\",\"email\":\"info@unhz.eu\",\"telephone\":\"+38339410970\",\"legalName\":\"Universiteti \u201cHaxhi Zeka\u201d n\u00eb Pej\u00eb\",\"foundingDate\":\"2011-11-14\",\"numberOfEmployees\":{\"@type\":\"QuantitativeValue\",\"minValue\":\"201\",\"maxValue\":\"500\"}}]}<\/script>\n<!-- \/ Yoast SEO Premium plugin. -->","yoast_head_json":{"title":"Kalendari i Festave N\u00eb Universitet - University Haxhi Zeka","description":"Shikoni kalendarin e festave dhe aktiviteteve n\u00eb UHZ: fillimi vit akademik, dit\u00eb kulturore, koncerte, dit\u00eblindja e universitetit dhe festat zyrtare.","robots":{"index":"index","follow":"follow","max-snippet":"max-snippet:-1","max-image-preview":"max-image-preview:large","max-video-preview":"max-video-preview:-1"},"canonical":"https:\/\/unhz.eu\/en\/kalendari-i-festave-ne-universitet\/","og_locale":"en_US","og_type":"article","og_title":"Kalendari i Festave N\u00eb Universitet","og_description":"Shikoni kalendarin e festave dhe aktiviteteve n\u00eb UHZ: fillimi vit akademik, dit\u00eb kulturore, koncerte, dit\u00eblindja e universitetit dhe festat zyrtare.","og_url":"https:\/\/unhz.eu\/en\/kalendari-i-festave-ne-universitet\/","og_site_name":"University Haxhi Zeka","article_publisher":"https:\/\/www.facebook.com\/uni.haxhizeka","article_modified_time":"2025-07-18T06:41:19+00:00","og_image":[{"width":1000,"height":1000,"url":"https:\/\/unhz.eu\/wp-content\/uploads\/2025\/04\/Dizajn-me-logo-te-UHZ.webp","type":"image\/webp"}],"twitter_card":"summary_large_image","twitter_site":"@uni_haxhizeka","twitter_misc":{"Est. reading time":"1 minute"},"schema":{"@context":"https:\/\/schema.org","@graph":[{"@type":"WebPage","@id":"https:\/\/unhz.eu\/kalendari-i-festave-ne-universitet\/","url":"https:\/\/unhz.eu\/kalendari-i-festave-ne-universitet\/","name":"Kalendari i Festave N\u00eb Universitet - University Haxhi Zeka","isPartOf":{"@id":"https:\/\/unhz.eu\/#website"},"primaryImageOfPage":{"@id":"https:\/\/unhz.eu\/kalendari-i-festave-ne-universitet\/#primaryimage"},"image":{"@id":"https:\/\/unhz.eu\/kalendari-i-festave-ne-universitet\/#primaryimage"},"thumbnailUrl":"https:\/\/unhz.eu\/wp-content\/uploads\/2025\/04\/Dizajn-me-logo-te-UHZ.webp","datePublished":"2024-04-22T08:19:19+00:00","dateModified":"2025-07-18T06:41:19+00:00","description":"Shikoni kalendarin e festave dhe aktiviteteve n\u00eb UHZ: fillimi vit akademik, dit\u00eb kulturore, koncerte, dit\u00eblindja e universitetit dhe festat zyrtare.","breadcrumb":{"@id":"https:\/\/unhz.eu\/kalendari-i-festave-ne-universitet\/#breadcrumb"},"inLanguage":"en-US","potentialAction":[{"@type":"ReadAction","target":["https:\/\/unhz.eu\/kalendari-i-festave-ne-universitet\/"]}]},{"@type":"ImageObject","inLanguage":"en-US","@id":"https:\/\/unhz.eu\/kalendari-i-festave-ne-universitet\/#primaryimage","url":"https:\/\/unhz.eu\/wp-content\/uploads\/2025\/04\/Dizajn-me-logo-te-UHZ.webp","contentUrl":"https:\/\/unhz.eu\/wp-content\/uploads\/2025\/04\/Dizajn-me-logo-te-UHZ.webp","width":1000,"height":1000,"caption":"Universiteti Haxhi Zeka, UHZ logo me background te kuq"},{"@type":"BreadcrumbList","@id":"https:\/\/unhz.eu\/kalendari-i-festave-ne-universitet\/#breadcrumb","itemListElement":[{"@type":"ListItem","position":1,"name":"Home","item":"https:\/\/unhz.eu\/"},{"@type":"ListItem","position":2,"name":"Kalendari i Festave N\u00eb Universitet"}]},{"@type":"WebSite","@id":"https:\/\/unhz.eu\/#website","url":"https:\/\/unhz.eu\/","name":"&quot;Haxhi Zeka&quot; University\u201c","description":"Dedicated to quality, standards and success","publisher":{"@id":"https:\/\/unhz.eu\/#organization"},"alternateName":"Universiteti Haxhi Zeka","potentialAction":[{"@type":"SearchAction","target":{"@type":"EntryPoint","urlTemplate":"https:\/\/unhz.eu\/?s={search_term_string}"},"query-input":{"@type":"PropertyValueSpecification","valueRequired":true,"valueName":"search_term_string"}}],"inLanguage":"en-US"},{"@type":"Organization","@id":"https:\/\/unhz.eu\/#organization","name":"&quot;Haxhi Zeka&quot; University\u201c","alternateName":"Universiteti Haxhi Zeka","url":"https:\/\/unhz.eu\/","logo":{"@type":"ImageObject","inLanguage":"en-US","@id":"https:\/\/unhz.eu\/#\/schema\/logo\/image\/","url":"https:\/\/unhz.eu\/wp-content\/uploads\/2025\/04\/logo-unhz.webp","contentUrl":"https:\/\/unhz.eu\/wp-content\/uploads\/2025\/04\/logo-unhz.webp","width":1024,"height":260,"caption":"Universiteti \u201cHaxhi Zeka\u201d"},"image":{"@id":"https:\/\/unhz.eu\/#\/schema\/logo\/image\/"},"sameAs":["https:\/\/www.facebook.com\/uni.haxhizeka","https:\/\/x.com\/uni_haxhizeka","https:\/\/www.linkedin.com\/school\/haxhi-zeka-university","https:\/\/www.instagram.com\/uni_haxhizeka\/"],"description":"&quot;Haxhi Zeka&quot; University in Peja is a public institution of higher education, offering bachelor&#039;s, master&#039;s and doctoral studies in various fields such as management, tourism, economics, agriculture, art and law. The university aims at academic development, scientific research and contribution to the community.","email":"info@unhz.eu","telephone":"+38339410970","legalName":"Universiteti \u201cHaxhi Zeka\u201d n\u00eb Pej\u00eb","foundingDate":"2011-11-14","numberOfEmployees":{"@type":"QuantitativeValue","minValue":"201","maxValue":"500"}}]}},"acf":[],"_links":{"self":[{"href":"https:\/\/unhz.eu\/en\/wp-json\/wp\/v2\/pages\/22530","targetHints":{"allow":["GET"]}}],"collection":[{"href":"https:\/\/unhz.eu\/en\/wp-json\/wp\/v2\/pages"}],"about":[{"href":"https:\/\/unhz.eu\/en\/wp-json\/wp\/v2\/types\/page"}],"author":[{"embeddable":true,"href":"https:\/\/unhz.eu\/en\/wp-json\/wp\/v2\/users\/1"}],"replies":[{"embeddable":true,"href":"https:\/\/unhz.eu\/en\/wp-json\/wp\/v2\/comments?post=22530"}],"version-history":[{"count":1,"href":"https:\/\/unhz.eu\/en\/wp-json\/wp\/v2\/pages\/22530\/revisions"}],"predecessor-version":[{"id":52662,"href":"https:\/\/unhz.eu\/en\/wp-json\/wp\/v2\/pages\/22530\/revisions\/52662"}],"wp:featuredmedia":[{"embeddable":true,"href":"https:\/\/unhz.eu\/en\/wp-json\/wp\/v2\/media\/50754"}],"wp:attachment":[{"href":"https:\/\/unhz.eu\/en\/wp-json\/wp\/v2\/media?parent=22530"}],"curies":[{"name":"wp","href":"https:\/\/api.w.org\/{rel}","templated":true}]}}