{"id":22528,"date":"2024-04-22T08:18:38","date_gmt":"2024-04-22T08:18:38","guid":{"rendered":"https:\/\/unhz.eu\/?page_id=22528"},"modified":"2025-07-18T08:40:26","modified_gmt":"2025-07-18T06:40:26","slug":"kalendari-akademik","status":"publish","type":"page","link":"https:\/\/unhz.eu\/en\/kalendari-akademik\/","title":{"rendered":"Kalendari Akademik"},"content":{"rendered":"<div data-elementor-type=\"wp-page\" data-elementor-id=\"22528\" class=\"elementor elementor-22528\" data-elementor-post-type=\"page\">\n\t\t\t\t\t\t<section class=\"elementor-section elementor-top-section elementor-element elementor-element-7108b83 elementor-section-boxed elementor-section-height-default elementor-section-height-default sc_fly_static\" data-id=\"7108b83\" data-element_type=\"section\" data-e-type=\"section\">\n\t\t\t\t\t\t<div class=\"elementor-container elementor-column-gap-extended\">\n\t\t\t\t\t<div class=\"elementor-column elementor-col-100 elementor-top-column elementor-element elementor-element-10ed37b sc_content_align_inherit sc_layouts_column_icons_position_left sc_fly_static\" data-id=\"10ed37b\" data-element_type=\"column\" data-e-type=\"column\">\n\t\t\t<div class=\"elementor-widget-wrap elementor-element-populated\">\n\t\t\t\t\t\t<div class=\"elementor-element elementor-element-b33815e sc_fly_static elementor-widget elementor-widget-heading\" data-id=\"b33815e\" data-element_type=\"widget\" data-e-type=\"widget\" data-widget_type=\"heading.default\">\n\t\t\t\t<div class=\"elementor-widget-container\">\n\t\t\t\t\t<h5 class=\"elementor-heading-title elementor-size-default\">Kalendari Akademik<\/h5>\t\t\t\t<\/div>\n\t\t\t\t<\/div>\n\t\t\t\t<div class=\"elementor-element elementor-element-044c0e7 sc_fly_static elementor-widget elementor-widget-text-editor\" data-id=\"044c0e7\" data-element_type=\"widget\" data-e-type=\"widget\" data-widget_type=\"text-editor.default\">\n\t\t\t\t<div class=\"elementor-widget-container\">\n\t\t\t\t\t\t\t\t\t<h6>\u00a0<\/h6><table width=\"100%\"><tbody><tr><td width=\"33%\"><strong>Periudha Semestrale<\/strong><\/td><td width=\"33%\"><strong>Periudha (bachelor)<\/strong><\/td><td width=\"33%\"><strong>Periudha (Master)<\/strong><\/td><\/tr><tr><td width=\"33%\">Semestri dim\u00ebror<\/td><td width=\"33%\">1 Tetor \u2013 15 Janar<\/td><td width=\"33%\">\u00a0<\/td><\/tr><tr><td width=\"33%\">Semestri veror<\/td><td width=\"33%\">16 Shkurt \u2013 31 Maj<\/td><td width=\"33%\">\u00a0<\/td><\/tr><tr><td colspan=\"3\" width=\"100%\"><strong>Taking exams<\/strong><\/td><\/tr><tr><td width=\"33%\">Afati i janarit<\/td><td width=\"33%\">20 Janar \u2013 15 Shkurt<\/td><td width=\"33%\">\u00a0<\/td><\/tr><tr><td width=\"33%\">Afati i qershorit<\/td><td width=\"33%\">5 Qershor \u2013 5 Korrik<\/td><td width=\"33%\">\u00a0<\/td><\/tr><tr><td width=\"33%\">Afati i shtatorit<\/td><td width=\"33%\">1 Shtator \u2013 30 Shtator<\/td><td width=\"33%\">\u00a0<\/td><\/tr><tr><td colspan=\"3\" width=\"100%\"><strong>Paraqitja e provimeve b\u00ebhet:<\/strong><\/td><\/tr><tr><td width=\"33%\">P\u00ebr afatin e janarit<\/td><td width=\"33%\">15 \u2013 20 Janar<\/td><td width=\"33%\">\u00a0<\/td><\/tr><tr><td width=\"33%\">P\u00ebr afatin e qershorit<\/td><td width=\"33%\">1 \u2013 5 Qershor<\/td><td width=\"33%\">\u00a0<\/td><\/tr><tr><td width=\"33%\">P\u00ebr afatin e shtatorit<\/td><td width=\"33%\">20 \u2013 30 Gusht<\/td><td width=\"33%\">\u00a0<\/td><\/tr><tr><td width=\"33%\">Afatet p\u00ebr mbrojtjen e provimit p\u00ebrfundimtar (diplom\u00ebs) jan\u00eb:<\/td><td width=\"33%\"><p>Afati i janaritAfati i qershorit<\/p><p>Afati i shtatorit<\/p><\/td><td width=\"33%\">\u00a0<\/td><\/tr><tr><td width=\"33%\">Diploma i dor\u00ebzohet studentit n\u00eb m\u00ebnyr\u00eb solemne n\u00eb tri afate:<\/td><td width=\"33%\"><p>Afati i janaritAfati i qershorit<\/p><p>Afati i shtatorit<\/p><\/td><td width=\"33%\">\u00a0<\/td><\/tr><tr><td width=\"33%\">Transferet e student\u00ebve<\/td><td width=\"33%\">1 tetor deri 15 tetor<\/td><td width=\"33%\">\u00a0<\/td><\/tr><\/tbody><\/table><p><b>V\u00ebrejtje: Ky kalendar vlen p\u00ebr student\u00ebt e nivelit t\u00eb studimeve themelore \u2013 Bachelor dhe \u00ebsht\u00eb n\u00eb p\u00ebrputhje me rregulloren e studimeve t\u00eb miratuar nga Senati<\/b><\/p>\t\t\t\t\t\t\t\t<\/div>\n\t\t\t\t<\/div>\n\t\t\t\t\t<\/div>\n\t\t<\/div>\n\t\t\t\t\t<\/div>\n\t\t<\/section>\n\t\t\t\t<\/div>","protected":false},"excerpt":{"rendered":"<p>Kalendari Akademik \u00a0 Periudha Semestrale Periudha (bachelor) Periudha (Master) Semestri dim\u00ebror 1 Tetor \u2013 15&hellip;<\/p>","protected":false},"author":1,"featured_media":50754,"parent":0,"menu_order":0,"comment_status":"closed","ping_status":"closed","template":"","meta":{"_acf_changed":false,"footnotes":""},"class_list":["post-22528","page","type-page","status-publish","has-post-thumbnail","hentry"],"yoast_head":"<!-- This site is optimized with the Yoast SEO Premium plugin v27.2 (Yoast SEO v27.2) - https:\/\/yoast.com\/product\/yoast-seo-premium-wordpress\/ -->\n<title>Kalendari Akademik - University Haxhi Zeka<\/title>\n<meta name=\"description\" content=\"Shikoni kalendarin akademik t\u00eb UHZ: semestrat, afatet e provimeve (janar, qershor, shtator), pushimet dhe transferimet e student\u00ebve.\" \/>\n<meta name=\"robots\" content=\"index, follow, max-snippet:-1, max-image-preview:large, max-video-preview:-1\" \/>\n<link rel=\"canonical\" href=\"https:\/\/unhz.eu\/en\/kalendari-akademik\/\" \/>\n<meta property=\"og:locale\" content=\"en_US\" \/>\n<meta property=\"og:type\" content=\"article\" \/>\n<meta property=\"og:title\" content=\"Kalendari Akademik\" \/>\n<meta property=\"og:description\" content=\"Shikoni kalendarin akademik t\u00eb UHZ: semestrat, afatet e provimeve (janar, qershor, shtator), pushimet dhe transferimet e student\u00ebve.\" \/>\n<meta property=\"og:url\" content=\"https:\/\/unhz.eu\/en\/kalendari-akademik\/\" \/>\n<meta property=\"og:site_name\" content=\"University Haxhi Zeka\" \/>\n<meta property=\"article:publisher\" content=\"https:\/\/www.facebook.com\/uni.haxhizeka\" \/>\n<meta property=\"article:modified_time\" content=\"2025-07-18T06:40:26+00:00\" \/>\n<meta property=\"og:image\" content=\"https:\/\/unhz.eu\/wp-content\/uploads\/2025\/04\/Dizajn-me-logo-te-UHZ.webp\" \/>\n\t<meta property=\"og:image:width\" content=\"1000\" \/>\n\t<meta property=\"og:image:height\" content=\"1000\" \/>\n\t<meta property=\"og:image:type\" content=\"image\/webp\" \/>\n<meta name=\"twitter:card\" content=\"summary_large_image\" \/>\n<meta name=\"twitter:site\" content=\"@uni_haxhizeka\" \/>\n<meta name=\"twitter:label1\" content=\"Est. reading time\" \/>\n\t<meta name=\"twitter:data1\" content=\"1 minute\" \/>\n<script type=\"application\/ld+json\" class=\"yoast-schema-graph\">{\"@context\":\"https:\/\/schema.org\",\"@graph\":[{\"@type\":\"WebPage\",\"@id\":\"https:\/\/unhz.eu\/kalendari-akademik\/\",\"url\":\"https:\/\/unhz.eu\/kalendari-akademik\/\",\"name\":\"Kalendari Akademik - University Haxhi Zeka\",\"isPartOf\":{\"@id\":\"https:\/\/unhz.eu\/#website\"},\"primaryImageOfPage\":{\"@id\":\"https:\/\/unhz.eu\/kalendari-akademik\/#primaryimage\"},\"image\":{\"@id\":\"https:\/\/unhz.eu\/kalendari-akademik\/#primaryimage\"},\"thumbnailUrl\":\"https:\/\/unhz.eu\/wp-content\/uploads\/2025\/04\/Dizajn-me-logo-te-UHZ.webp\",\"datePublished\":\"2024-04-22T08:18:38+00:00\",\"dateModified\":\"2025-07-18T06:40:26+00:00\",\"description\":\"Shikoni kalendarin akademik t\u00eb UHZ: semestrat, afatet e provimeve (janar, qershor, shtator), pushimet dhe transferimet e student\u00ebve.\",\"breadcrumb\":{\"@id\":\"https:\/\/unhz.eu\/kalendari-akademik\/#breadcrumb\"},\"inLanguage\":\"en-US\",\"potentialAction\":[{\"@type\":\"ReadAction\",\"target\":[\"https:\/\/unhz.eu\/kalendari-akademik\/\"]}]},{\"@type\":\"ImageObject\",\"inLanguage\":\"en-US\",\"@id\":\"https:\/\/unhz.eu\/kalendari-akademik\/#primaryimage\",\"url\":\"https:\/\/unhz.eu\/wp-content\/uploads\/2025\/04\/Dizajn-me-logo-te-UHZ.webp\",\"contentUrl\":\"https:\/\/unhz.eu\/wp-content\/uploads\/2025\/04\/Dizajn-me-logo-te-UHZ.webp\",\"width\":1000,\"height\":1000,\"caption\":\"Universiteti Haxhi Zeka, UHZ logo me background te kuq\"},{\"@type\":\"BreadcrumbList\",\"@id\":\"https:\/\/unhz.eu\/kalendari-akademik\/#breadcrumb\",\"itemListElement\":[{\"@type\":\"ListItem\",\"position\":1,\"name\":\"Home\",\"item\":\"https:\/\/unhz.eu\/\"},{\"@type\":\"ListItem\",\"position\":2,\"name\":\"Kalendari Akademik\"}]},{\"@type\":\"WebSite\",\"@id\":\"https:\/\/unhz.eu\/#website\",\"url\":\"https:\/\/unhz.eu\/\",\"name\":\"Universiteti \u201cHaxhi Zeka\u201d\",\"description\":\"I dedikuar p\u00ebr cil\u00ebsi, standarde dhe suksese\",\"publisher\":{\"@id\":\"https:\/\/unhz.eu\/#organization\"},\"alternateName\":\"Universiteti Haxhi Zeka\",\"potentialAction\":[{\"@type\":\"SearchAction\",\"target\":{\"@type\":\"EntryPoint\",\"urlTemplate\":\"https:\/\/unhz.eu\/?s={search_term_string}\"},\"query-input\":{\"@type\":\"PropertyValueSpecification\",\"valueRequired\":true,\"valueName\":\"search_term_string\"}}],\"inLanguage\":\"en-US\"},{\"@type\":\"Organization\",\"@id\":\"https:\/\/unhz.eu\/#organization\",\"name\":\"Universiteti \u201cHaxhi Zeka\u201d\",\"alternateName\":\"Universiteti Haxhi Zeka\",\"url\":\"https:\/\/unhz.eu\/\",\"logo\":{\"@type\":\"ImageObject\",\"inLanguage\":\"en-US\",\"@id\":\"https:\/\/unhz.eu\/#\/schema\/logo\/image\/\",\"url\":\"https:\/\/unhz.eu\/wp-content\/uploads\/2025\/04\/logo-unhz.webp\",\"contentUrl\":\"https:\/\/unhz.eu\/wp-content\/uploads\/2025\/04\/logo-unhz.webp\",\"width\":1024,\"height\":260,\"caption\":\"Universiteti \u201cHaxhi Zeka\u201d\"},\"image\":{\"@id\":\"https:\/\/unhz.eu\/#\/schema\/logo\/image\/\"},\"sameAs\":[\"https:\/\/www.facebook.com\/uni.haxhizeka\",\"https:\/\/x.com\/uni_haxhizeka\",\"https:\/\/www.linkedin.com\/school\/haxhi-zeka-university\",\"https:\/\/www.instagram.com\/uni_haxhizeka\/\"],\"description\":\"Universiteti \u201cHaxhi Zeka\u201d n\u00eb Pej\u00eb \u00ebsht\u00eb institucion publik i arsimit t\u00eb lart\u00eb, q\u00eb ofron studime bachelor, master dhe doktorat\u00eb n\u00eb fusha t\u00eb ndryshme si menaxhimi, turizmi, ekonomia, bujq\u00ebsia, arti dhe drejt\u00ebsia. Universiteti synon zhvillimin akademik, hulumtimin shkencor dhe kontributin n\u00eb komunitet.\",\"email\":\"info@unhz.eu\",\"telephone\":\"+38339410970\",\"legalName\":\"Universiteti \u201cHaxhi Zeka\u201d n\u00eb Pej\u00eb\",\"foundingDate\":\"2011-11-14\",\"numberOfEmployees\":{\"@type\":\"QuantitativeValue\",\"minValue\":\"201\",\"maxValue\":\"500\"}}]}<\/script>\n<!-- \/ Yoast SEO Premium plugin. -->","yoast_head_json":{"title":"Kalendari Akademik - University Haxhi Zeka","description":"Shikoni kalendarin akademik t\u00eb UHZ: semestrat, afatet e provimeve (janar, qershor, shtator), pushimet dhe transferimet e student\u00ebve.","robots":{"index":"index","follow":"follow","max-snippet":"max-snippet:-1","max-image-preview":"max-image-preview:large","max-video-preview":"max-video-preview:-1"},"canonical":"https:\/\/unhz.eu\/en\/kalendari-akademik\/","og_locale":"en_US","og_type":"article","og_title":"Kalendari Akademik","og_description":"Shikoni kalendarin akademik t\u00eb UHZ: semestrat, afatet e provimeve (janar, qershor, shtator), pushimet dhe transferimet e student\u00ebve.","og_url":"https:\/\/unhz.eu\/en\/kalendari-akademik\/","og_site_name":"University Haxhi Zeka","article_publisher":"https:\/\/www.facebook.com\/uni.haxhizeka","article_modified_time":"2025-07-18T06:40:26+00:00","og_image":[{"width":1000,"height":1000,"url":"https:\/\/unhz.eu\/wp-content\/uploads\/2025\/04\/Dizajn-me-logo-te-UHZ.webp","type":"image\/webp"}],"twitter_card":"summary_large_image","twitter_site":"@uni_haxhizeka","twitter_misc":{"Est. reading time":"1 minute"},"schema":{"@context":"https:\/\/schema.org","@graph":[{"@type":"WebPage","@id":"https:\/\/unhz.eu\/kalendari-akademik\/","url":"https:\/\/unhz.eu\/kalendari-akademik\/","name":"Kalendari Akademik - University Haxhi Zeka","isPartOf":{"@id":"https:\/\/unhz.eu\/#website"},"primaryImageOfPage":{"@id":"https:\/\/unhz.eu\/kalendari-akademik\/#primaryimage"},"image":{"@id":"https:\/\/unhz.eu\/kalendari-akademik\/#primaryimage"},"thumbnailUrl":"https:\/\/unhz.eu\/wp-content\/uploads\/2025\/04\/Dizajn-me-logo-te-UHZ.webp","datePublished":"2024-04-22T08:18:38+00:00","dateModified":"2025-07-18T06:40:26+00:00","description":"Shikoni kalendarin akademik t\u00eb UHZ: semestrat, afatet e provimeve (janar, qershor, shtator), pushimet dhe transferimet e student\u00ebve.","breadcrumb":{"@id":"https:\/\/unhz.eu\/kalendari-akademik\/#breadcrumb"},"inLanguage":"en-US","potentialAction":[{"@type":"ReadAction","target":["https:\/\/unhz.eu\/kalendari-akademik\/"]}]},{"@type":"ImageObject","inLanguage":"en-US","@id":"https:\/\/unhz.eu\/kalendari-akademik\/#primaryimage","url":"https:\/\/unhz.eu\/wp-content\/uploads\/2025\/04\/Dizajn-me-logo-te-UHZ.webp","contentUrl":"https:\/\/unhz.eu\/wp-content\/uploads\/2025\/04\/Dizajn-me-logo-te-UHZ.webp","width":1000,"height":1000,"caption":"Universiteti Haxhi Zeka, UHZ logo me background te kuq"},{"@type":"BreadcrumbList","@id":"https:\/\/unhz.eu\/kalendari-akademik\/#breadcrumb","itemListElement":[{"@type":"ListItem","position":1,"name":"Home","item":"https:\/\/unhz.eu\/"},{"@type":"ListItem","position":2,"name":"Kalendari Akademik"}]},{"@type":"WebSite","@id":"https:\/\/unhz.eu\/#website","url":"https:\/\/unhz.eu\/","name":"&quot;Haxhi Zeka&quot; University\u201c","description":"Dedicated to quality, standards and success","publisher":{"@id":"https:\/\/unhz.eu\/#organization"},"alternateName":"Universiteti Haxhi Zeka","potentialAction":[{"@type":"SearchAction","target":{"@type":"EntryPoint","urlTemplate":"https:\/\/unhz.eu\/?s={search_term_string}"},"query-input":{"@type":"PropertyValueSpecification","valueRequired":true,"valueName":"search_term_string"}}],"inLanguage":"en-US"},{"@type":"Organization","@id":"https:\/\/unhz.eu\/#organization","name":"&quot;Haxhi Zeka&quot; University\u201c","alternateName":"Universiteti Haxhi Zeka","url":"https:\/\/unhz.eu\/","logo":{"@type":"ImageObject","inLanguage":"en-US","@id":"https:\/\/unhz.eu\/#\/schema\/logo\/image\/","url":"https:\/\/unhz.eu\/wp-content\/uploads\/2025\/04\/logo-unhz.webp","contentUrl":"https:\/\/unhz.eu\/wp-content\/uploads\/2025\/04\/logo-unhz.webp","width":1024,"height":260,"caption":"Universiteti \u201cHaxhi Zeka\u201d"},"image":{"@id":"https:\/\/unhz.eu\/#\/schema\/logo\/image\/"},"sameAs":["https:\/\/www.facebook.com\/uni.haxhizeka","https:\/\/x.com\/uni_haxhizeka","https:\/\/www.linkedin.com\/school\/haxhi-zeka-university","https:\/\/www.instagram.com\/uni_haxhizeka\/"],"description":"&quot;Haxhi Zeka&quot; University in Peja is a public institution of higher education, offering bachelor&#039;s, master&#039;s and doctoral studies in various fields such as management, tourism, economics, agriculture, art and law. The university aims at academic development, scientific research and contribution to the community.","email":"info@unhz.eu","telephone":"+38339410970","legalName":"Universiteti \u201cHaxhi Zeka\u201d n\u00eb Pej\u00eb","foundingDate":"2011-11-14","numberOfEmployees":{"@type":"QuantitativeValue","minValue":"201","maxValue":"500"}}]}},"acf":[],"_links":{"self":[{"href":"https:\/\/unhz.eu\/en\/wp-json\/wp\/v2\/pages\/22528","targetHints":{"allow":["GET"]}}],"collection":[{"href":"https:\/\/unhz.eu\/en\/wp-json\/wp\/v2\/pages"}],"about":[{"href":"https:\/\/unhz.eu\/en\/wp-json\/wp\/v2\/types\/page"}],"author":[{"embeddable":true,"href":"https:\/\/unhz.eu\/en\/wp-json\/wp\/v2\/users\/1"}],"replies":[{"embeddable":true,"href":"https:\/\/unhz.eu\/en\/wp-json\/wp\/v2\/comments?post=22528"}],"version-history":[{"count":1,"href":"https:\/\/unhz.eu\/en\/wp-json\/wp\/v2\/pages\/22528\/revisions"}],"predecessor-version":[{"id":52661,"href":"https:\/\/unhz.eu\/en\/wp-json\/wp\/v2\/pages\/22528\/revisions\/52661"}],"wp:featuredmedia":[{"embeddable":true,"href":"https:\/\/unhz.eu\/en\/wp-json\/wp\/v2\/media\/50754"}],"wp:attachment":[{"href":"https:\/\/unhz.eu\/en\/wp-json\/wp\/v2\/media?parent=22528"}],"curies":[{"name":"wp","href":"https:\/\/api.w.org\/{rel}","templated":true}]}}