{"id":22411,"date":"2024-04-19T13:06:23","date_gmt":"2024-04-19T13:06:23","guid":{"rendered":"https:\/\/unhz.eu\/?page_id=22411"},"modified":"2025-07-29T11:20:19","modified_gmt":"2025-07-29T09:20:19","slug":"zyres-per-sigurim-te-cilesise-dhe-vleresim","status":"publish","type":"page","link":"https:\/\/unhz.eu\/en\/zyres-per-sigurim-te-cilesise-dhe-vleresim\/","title":{"rendered":"Office for Quality Assurance and Evaluation"},"content":{"rendered":"<p>The duties of the Office for Quality Assurance and Evaluation are:<\/p>\n\n\n\n<p>The Office supports the KMCV in initiating and coordinating initiatives and in the continuous implementation of quality assurance and improvement;<\/p>\n\n\n\n<p>Implements the Quality Assurance Activity Plan approved by the KMCV;<\/p>\n\n\n\n<p>Collect quality and evaluation information from all system stakeholders within the University;<\/p>\n\n\n\n<p>In cooperation with the KMCV and the Quality Assurance and Evaluation Coordinators, organizes the internal evaluation process according to the Quality Assurance Guide, through questionnaires and other instruments provided in the Guide;<\/p>\n\n\n\n<p>Distributes questionnaires, collects, processes and evaluates data from the assessed areas;<\/p>\n\n\n\n<p>Provides support to Ad Hoc Commissions in the process of evaluating existing study programs, as well as in periodic internal evaluation procedures;<\/p>\n\n\n\n<p>Provides administrative support in the internal evaluation procedures of the University&#039;s quality assurance system;<\/p>\n\n\n\n<p>Provides support to academic units through Quality Assurance and Assessment Coordinators;<\/p>\n\n\n\n<p>Collects, processes and analyzes the data necessary for compiling the annual work report;<\/p>\n\n\n\n<p>Coordinates the work in support of academic units for the process of institutional Re\/Accreditation and study program Re\/Accreditation, based on KAA guidelines and standards;<\/p>\n\n\n\n<p>Maintains and reviews new\/accreditation process documentation, prepares relevant reports and analyses.<\/p>","protected":false},"excerpt":{"rendered":"<p>Detyrat e Zyr\u00ebs p\u00ebr Sigurim t\u00eb Cil\u00ebsis\u00eb dhe Vler\u00ebsim jan\u00eb: Zyra \u00ebsht\u00eb mb\u00ebshtet\u00ebse e KMCV-s\u00eb&hellip;<\/p>","protected":false},"author":1,"featured_media":50754,"parent":0,"menu_order":0,"comment_status":"closed","ping_status":"closed","template":"","meta":{"_acf_changed":false,"footnotes":""},"class_list":["post-22411","page","type-page","status-publish","has-post-thumbnail","hentry"],"yoast_head":"<!-- This site is optimized with the Yoast SEO Premium plugin v27.2 (Yoast SEO v27.2) - https:\/\/yoast.com\/product\/yoast-seo-premium-wordpress\/ -->\n<title>Zyr\u00ebs p\u00ebr Sigurim t\u00eb Cil\u00ebsis\u00eb dhe Vler\u00ebsim - University Haxhi Zeka<\/title>\n<meta name=\"description\" content=\"Zyra p\u00ebr Sigurim t\u00eb Cil\u00ebsis\u00eb dhe Vler\u00ebsim mb\u00ebshtet KMCV-n\u00eb n\u00eb iniciativat p\u00ebr p\u00ebrmir\u00ebsimin e cil\u00ebsis\u00eb, implementon aktivitete dhe koordinon proceset e akreditimit n\u00eb UHZ.\" \/>\n<meta name=\"robots\" content=\"index, follow, max-snippet:-1, max-image-preview:large, max-video-preview:-1\" \/>\n<link rel=\"canonical\" href=\"https:\/\/unhz.eu\/en\/zyres-per-sigurim-te-cilesise-dhe-vleresim\/\" \/>\n<meta property=\"og:locale\" content=\"en_US\" \/>\n<meta property=\"og:type\" content=\"article\" \/>\n<meta property=\"og:title\" content=\"Zyr\u00ebs p\u00ebr Sigurim t\u00eb Cil\u00ebsis\u00eb dhe Vler\u00ebsim\" \/>\n<meta property=\"og:description\" content=\"Zyra p\u00ebr Sigurim t\u00eb Cil\u00ebsis\u00eb dhe Vler\u00ebsim mb\u00ebshtet KMCV-n\u00eb n\u00eb iniciativat p\u00ebr p\u00ebrmir\u00ebsimin e cil\u00ebsis\u00eb, implementon aktivitete dhe koordinon proceset e akreditimit n\u00eb UHZ.\" \/>\n<meta property=\"og:url\" content=\"https:\/\/unhz.eu\/en\/zyres-per-sigurim-te-cilesise-dhe-vleresim\/\" \/>\n<meta property=\"og:site_name\" content=\"University Haxhi Zeka\" \/>\n<meta property=\"article:publisher\" content=\"https:\/\/www.facebook.com\/uni.haxhizeka\" \/>\n<meta property=\"article:modified_time\" content=\"2025-07-29T09:20:19+00:00\" \/>\n<meta property=\"og:image\" content=\"https:\/\/unhz.eu\/wp-content\/uploads\/2025\/04\/Dizajn-me-logo-te-UHZ.webp\" \/>\n\t<meta property=\"og:image:width\" content=\"1000\" \/>\n\t<meta property=\"og:image:height\" content=\"1000\" \/>\n\t<meta property=\"og:image:type\" content=\"image\/webp\" \/>\n<meta name=\"twitter:card\" content=\"summary_large_image\" \/>\n<meta name=\"twitter:site\" content=\"@uni_haxhizeka\" \/>\n<meta name=\"twitter:label1\" content=\"Est. reading time\" \/>\n\t<meta name=\"twitter:data1\" content=\"2 minutes\" \/>\n<script type=\"application\/ld+json\" class=\"yoast-schema-graph\">{\"@context\":\"https:\/\/schema.org\",\"@graph\":[{\"@type\":\"WebPage\",\"@id\":\"https:\/\/unhz.eu\/zyres-per-sigurim-te-cilesise-dhe-vleresim\/\",\"url\":\"https:\/\/unhz.eu\/zyres-per-sigurim-te-cilesise-dhe-vleresim\/\",\"name\":\"Zyr\u00ebs p\u00ebr Sigurim t\u00eb Cil\u00ebsis\u00eb dhe Vler\u00ebsim - University Haxhi Zeka\",\"isPartOf\":{\"@id\":\"https:\/\/unhz.eu\/#website\"},\"primaryImageOfPage\":{\"@id\":\"https:\/\/unhz.eu\/zyres-per-sigurim-te-cilesise-dhe-vleresim\/#primaryimage\"},\"image\":{\"@id\":\"https:\/\/unhz.eu\/zyres-per-sigurim-te-cilesise-dhe-vleresim\/#primaryimage\"},\"thumbnailUrl\":\"https:\/\/unhz.eu\/wp-content\/uploads\/2025\/04\/Dizajn-me-logo-te-UHZ.webp\",\"datePublished\":\"2024-04-19T13:06:23+00:00\",\"dateModified\":\"2025-07-29T09:20:19+00:00\",\"description\":\"Zyra p\u00ebr Sigurim t\u00eb Cil\u00ebsis\u00eb dhe Vler\u00ebsim mb\u00ebshtet KMCV-n\u00eb n\u00eb iniciativat p\u00ebr p\u00ebrmir\u00ebsimin e cil\u00ebsis\u00eb, implementon aktivitete dhe koordinon proceset e akreditimit n\u00eb UHZ.\",\"breadcrumb\":{\"@id\":\"https:\/\/unhz.eu\/zyres-per-sigurim-te-cilesise-dhe-vleresim\/#breadcrumb\"},\"inLanguage\":\"en-US\",\"potentialAction\":[{\"@type\":\"ReadAction\",\"target\":[\"https:\/\/unhz.eu\/zyres-per-sigurim-te-cilesise-dhe-vleresim\/\"]}]},{\"@type\":\"ImageObject\",\"inLanguage\":\"en-US\",\"@id\":\"https:\/\/unhz.eu\/zyres-per-sigurim-te-cilesise-dhe-vleresim\/#primaryimage\",\"url\":\"https:\/\/unhz.eu\/wp-content\/uploads\/2025\/04\/Dizajn-me-logo-te-UHZ.webp\",\"contentUrl\":\"https:\/\/unhz.eu\/wp-content\/uploads\/2025\/04\/Dizajn-me-logo-te-UHZ.webp\",\"width\":1000,\"height\":1000,\"caption\":\"Universiteti Haxhi Zeka, UHZ logo me background te kuq\"},{\"@type\":\"BreadcrumbList\",\"@id\":\"https:\/\/unhz.eu\/zyres-per-sigurim-te-cilesise-dhe-vleresim\/#breadcrumb\",\"itemListElement\":[{\"@type\":\"ListItem\",\"position\":1,\"name\":\"Home\",\"item\":\"https:\/\/unhz.eu\/\"},{\"@type\":\"ListItem\",\"position\":2,\"name\":\"Zyr\u00ebs p\u00ebr Sigurim t\u00eb Cil\u00ebsis\u00eb dhe Vler\u00ebsim\"}]},{\"@type\":\"WebSite\",\"@id\":\"https:\/\/unhz.eu\/#website\",\"url\":\"https:\/\/unhz.eu\/\",\"name\":\"Universiteti \u201cHaxhi Zeka\u201d\",\"description\":\"I dedikuar p\u00ebr cil\u00ebsi, standarde dhe suksese\",\"publisher\":{\"@id\":\"https:\/\/unhz.eu\/#organization\"},\"alternateName\":\"Universiteti Haxhi Zeka\",\"potentialAction\":[{\"@type\":\"SearchAction\",\"target\":{\"@type\":\"EntryPoint\",\"urlTemplate\":\"https:\/\/unhz.eu\/?s={search_term_string}\"},\"query-input\":{\"@type\":\"PropertyValueSpecification\",\"valueRequired\":true,\"valueName\":\"search_term_string\"}}],\"inLanguage\":\"en-US\"},{\"@type\":\"Organization\",\"@id\":\"https:\/\/unhz.eu\/#organization\",\"name\":\"Universiteti \u201cHaxhi Zeka\u201d\",\"alternateName\":\"Universiteti Haxhi Zeka\",\"url\":\"https:\/\/unhz.eu\/\",\"logo\":{\"@type\":\"ImageObject\",\"inLanguage\":\"en-US\",\"@id\":\"https:\/\/unhz.eu\/#\/schema\/logo\/image\/\",\"url\":\"https:\/\/unhz.eu\/wp-content\/uploads\/2025\/04\/logo-unhz.webp\",\"contentUrl\":\"https:\/\/unhz.eu\/wp-content\/uploads\/2025\/04\/logo-unhz.webp\",\"width\":1024,\"height\":260,\"caption\":\"Universiteti \u201cHaxhi Zeka\u201d\"},\"image\":{\"@id\":\"https:\/\/unhz.eu\/#\/schema\/logo\/image\/\"},\"sameAs\":[\"https:\/\/www.facebook.com\/uni.haxhizeka\",\"https:\/\/x.com\/uni_haxhizeka\",\"https:\/\/www.linkedin.com\/school\/haxhi-zeka-university\",\"https:\/\/www.instagram.com\/uni_haxhizeka\/\"],\"description\":\"Universiteti \u201cHaxhi Zeka\u201d n\u00eb Pej\u00eb \u00ebsht\u00eb institucion publik i arsimit t\u00eb lart\u00eb, q\u00eb ofron studime bachelor, master dhe doktorat\u00eb n\u00eb fusha t\u00eb ndryshme si menaxhimi, turizmi, ekonomia, bujq\u00ebsia, arti dhe drejt\u00ebsia. Universiteti synon zhvillimin akademik, hulumtimin shkencor dhe kontributin n\u00eb komunitet.\",\"email\":\"info@unhz.eu\",\"telephone\":\"+38339410970\",\"legalName\":\"Universiteti \u201cHaxhi Zeka\u201d n\u00eb Pej\u00eb\",\"foundingDate\":\"2011-11-14\",\"numberOfEmployees\":{\"@type\":\"QuantitativeValue\",\"minValue\":\"201\",\"maxValue\":\"500\"}}]}<\/script>\n<!-- \/ Yoast SEO Premium plugin. -->","yoast_head_json":{"title":"Office for Quality Assurance and Evaluation - Haxhi Zeka University","description":"The Office for Quality Assurance and Evaluation supports KMCV in quality improvement initiatives, implements activities and coordinates accreditation processes at UHZ.","robots":{"index":"index","follow":"follow","max-snippet":"max-snippet:-1","max-image-preview":"max-image-preview:large","max-video-preview":"max-video-preview:-1"},"canonical":"https:\/\/unhz.eu\/en\/zyres-per-sigurim-te-cilesise-dhe-vleresim\/","og_locale":"en_US","og_type":"article","og_title":"Zyr\u00ebs p\u00ebr Sigurim t\u00eb Cil\u00ebsis\u00eb dhe Vler\u00ebsim","og_description":"Zyra p\u00ebr Sigurim t\u00eb Cil\u00ebsis\u00eb dhe Vler\u00ebsim mb\u00ebshtet KMCV-n\u00eb n\u00eb iniciativat p\u00ebr p\u00ebrmir\u00ebsimin e cil\u00ebsis\u00eb, implementon aktivitete dhe koordinon proceset e akreditimit n\u00eb UHZ.","og_url":"https:\/\/unhz.eu\/en\/zyres-per-sigurim-te-cilesise-dhe-vleresim\/","og_site_name":"University Haxhi Zeka","article_publisher":"https:\/\/www.facebook.com\/uni.haxhizeka","article_modified_time":"2025-07-29T09:20:19+00:00","og_image":[{"width":1000,"height":1000,"url":"https:\/\/unhz.eu\/wp-content\/uploads\/2025\/04\/Dizajn-me-logo-te-UHZ.webp","type":"image\/webp"}],"twitter_card":"summary_large_image","twitter_site":"@uni_haxhizeka","twitter_misc":{"Est. reading time":"2 minutes"},"schema":{"@context":"https:\/\/schema.org","@graph":[{"@type":"WebPage","@id":"https:\/\/unhz.eu\/zyres-per-sigurim-te-cilesise-dhe-vleresim\/","url":"https:\/\/unhz.eu\/zyres-per-sigurim-te-cilesise-dhe-vleresim\/","name":"Office for Quality Assurance and Evaluation - Haxhi Zeka University","isPartOf":{"@id":"https:\/\/unhz.eu\/#website"},"primaryImageOfPage":{"@id":"https:\/\/unhz.eu\/zyres-per-sigurim-te-cilesise-dhe-vleresim\/#primaryimage"},"image":{"@id":"https:\/\/unhz.eu\/zyres-per-sigurim-te-cilesise-dhe-vleresim\/#primaryimage"},"thumbnailUrl":"https:\/\/unhz.eu\/wp-content\/uploads\/2025\/04\/Dizajn-me-logo-te-UHZ.webp","datePublished":"2024-04-19T13:06:23+00:00","dateModified":"2025-07-29T09:20:19+00:00","description":"The Office for Quality Assurance and Evaluation supports KMCV in quality improvement initiatives, implements activities and coordinates accreditation processes at UHZ.","breadcrumb":{"@id":"https:\/\/unhz.eu\/zyres-per-sigurim-te-cilesise-dhe-vleresim\/#breadcrumb"},"inLanguage":"en-US","potentialAction":[{"@type":"ReadAction","target":["https:\/\/unhz.eu\/zyres-per-sigurim-te-cilesise-dhe-vleresim\/"]}]},{"@type":"ImageObject","inLanguage":"en-US","@id":"https:\/\/unhz.eu\/zyres-per-sigurim-te-cilesise-dhe-vleresim\/#primaryimage","url":"https:\/\/unhz.eu\/wp-content\/uploads\/2025\/04\/Dizajn-me-logo-te-UHZ.webp","contentUrl":"https:\/\/unhz.eu\/wp-content\/uploads\/2025\/04\/Dizajn-me-logo-te-UHZ.webp","width":1000,"height":1000,"caption":"Universiteti Haxhi Zeka, UHZ logo me background te kuq"},{"@type":"BreadcrumbList","@id":"https:\/\/unhz.eu\/zyres-per-sigurim-te-cilesise-dhe-vleresim\/#breadcrumb","itemListElement":[{"@type":"ListItem","position":1,"name":"Home","item":"https:\/\/unhz.eu\/"},{"@type":"ListItem","position":2,"name":"Zyr\u00ebs p\u00ebr Sigurim t\u00eb Cil\u00ebsis\u00eb dhe Vler\u00ebsim"}]},{"@type":"WebSite","@id":"https:\/\/unhz.eu\/#website","url":"https:\/\/unhz.eu\/","name":"&quot;Haxhi Zeka&quot; University\u201c","description":"Dedicated to quality, standards and success","publisher":{"@id":"https:\/\/unhz.eu\/#organization"},"alternateName":"Universiteti Haxhi Zeka","potentialAction":[{"@type":"SearchAction","target":{"@type":"EntryPoint","urlTemplate":"https:\/\/unhz.eu\/?s={search_term_string}"},"query-input":{"@type":"PropertyValueSpecification","valueRequired":true,"valueName":"search_term_string"}}],"inLanguage":"en-US"},{"@type":"Organization","@id":"https:\/\/unhz.eu\/#organization","name":"&quot;Haxhi Zeka&quot; University\u201c","alternateName":"Universiteti Haxhi Zeka","url":"https:\/\/unhz.eu\/","logo":{"@type":"ImageObject","inLanguage":"en-US","@id":"https:\/\/unhz.eu\/#\/schema\/logo\/image\/","url":"https:\/\/unhz.eu\/wp-content\/uploads\/2025\/04\/logo-unhz.webp","contentUrl":"https:\/\/unhz.eu\/wp-content\/uploads\/2025\/04\/logo-unhz.webp","width":1024,"height":260,"caption":"Universiteti \u201cHaxhi Zeka\u201d"},"image":{"@id":"https:\/\/unhz.eu\/#\/schema\/logo\/image\/"},"sameAs":["https:\/\/www.facebook.com\/uni.haxhizeka","https:\/\/x.com\/uni_haxhizeka","https:\/\/www.linkedin.com\/school\/haxhi-zeka-university","https:\/\/www.instagram.com\/uni_haxhizeka\/"],"description":"&quot;Haxhi Zeka&quot; University in Peja is a public institution of higher education, offering bachelor&#039;s, master&#039;s and doctoral studies in various fields such as management, tourism, economics, agriculture, art and law. The university aims at academic development, scientific research and contribution to the community.","email":"info@unhz.eu","telephone":"+38339410970","legalName":"Universiteti \u201cHaxhi Zeka\u201d n\u00eb Pej\u00eb","foundingDate":"2011-11-14","numberOfEmployees":{"@type":"QuantitativeValue","minValue":"201","maxValue":"500"}}]}},"acf":[],"_links":{"self":[{"href":"https:\/\/unhz.eu\/en\/wp-json\/wp\/v2\/pages\/22411","targetHints":{"allow":["GET"]}}],"collection":[{"href":"https:\/\/unhz.eu\/en\/wp-json\/wp\/v2\/pages"}],"about":[{"href":"https:\/\/unhz.eu\/en\/wp-json\/wp\/v2\/types\/page"}],"author":[{"embeddable":true,"href":"https:\/\/unhz.eu\/en\/wp-json\/wp\/v2\/users\/1"}],"replies":[{"embeddable":true,"href":"https:\/\/unhz.eu\/en\/wp-json\/wp\/v2\/comments?post=22411"}],"version-history":[{"count":1,"href":"https:\/\/unhz.eu\/en\/wp-json\/wp\/v2\/pages\/22411\/revisions"}],"predecessor-version":[{"id":52599,"href":"https:\/\/unhz.eu\/en\/wp-json\/wp\/v2\/pages\/22411\/revisions\/52599"}],"wp:featuredmedia":[{"embeddable":true,"href":"https:\/\/unhz.eu\/en\/wp-json\/wp\/v2\/media\/50754"}],"wp:attachment":[{"href":"https:\/\/unhz.eu\/en\/wp-json\/wp\/v2\/media?parent=22411"}],"curies":[{"name":"wp","href":"https:\/\/api.w.org\/{rel}","templated":true}]}}