{"id":21562,"date":"2024-04-11T09:07:00","date_gmt":"2024-04-11T09:07:00","guid":{"rendered":"http:\/\/unhz.local\/?page_id=21562"},"modified":"2025-06-03T13:57:24","modified_gmt":"2025-06-03T11:57:24","slug":"zgjedhjet-studentore-2019","status":"publish","type":"page","link":"https:\/\/unhz.eu\/en\/zgjedhjet-studentore-2019\/","title":{"rendered":"Student elections 2019"},"content":{"rendered":"<div data-elementor-type=\"wp-page\" data-elementor-id=\"21562\" class=\"elementor elementor-21562\" data-elementor-post-type=\"page\">\n\t\t\t\t\t\t<section class=\"elementor-section elementor-top-section elementor-element elementor-element-ce7cb01 elementor-section-boxed elementor-section-height-default elementor-section-height-default sc_fly_static\" data-id=\"ce7cb01\" data-element_type=\"section\" data-e-type=\"section\">\n\t\t\t\t\t\t<div class=\"elementor-container elementor-column-gap-extended\">\n\t\t\t\t\t<div class=\"elementor-column elementor-col-100 elementor-top-column elementor-element elementor-element-6342286 sc_content_align_inherit sc_layouts_column_icons_position_left sc_fly_static\" data-id=\"6342286\" data-element_type=\"column\" data-e-type=\"column\">\n\t\t\t<div class=\"elementor-widget-wrap elementor-element-populated\">\n\t\t\t\t\t\t<div class=\"elementor-element elementor-element-851d278 sc_fly_static elementor-widget elementor-widget-trx_sc_title\" data-id=\"851d278\" data-element_type=\"widget\" data-e-type=\"widget\" data-widget_type=\"trx_sc_title.default\">\n\t\t\t\t<div class=\"elementor-widget-container\">\n\t\t\t\t\t<div\t\tclass=\"sc_title sc_title_default\" ><span class=\"sc_item_subtitle sc_title_subtitle sc_item_subtitle_above sc_item_title_style_default\">About<\/span><h4 class=\"sc_item_title sc_title_title sc_item_title_style_default sc_item_title_tag\"\n\t\t\t><span class=\"sc_item_title_text\"> Zgjedhjeve Studentore 2019<\/span><\/h4><\/div>\t\t\t\t<\/div>\n\t\t\t\t<\/div>\n\t\t\t\t\t<\/div>\n\t\t<\/div>\n\t\t\t\t\t<\/div>\n\t\t<\/section>\n\t\t\t\t<section class=\"elementor-section elementor-top-section elementor-element elementor-element-26bd51b elementor-section-boxed elementor-section-height-default elementor-section-height-default sc_fly_static\" data-id=\"26bd51b\" data-element_type=\"section\" data-e-type=\"section\">\n\t\t\t\t\t\t<div class=\"elementor-container elementor-column-gap-extended\">\n\t\t\t\t\t<div class=\"elementor-column elementor-col-100 elementor-top-column elementor-element elementor-element-1546917 sc_content_align_inherit sc_layouts_column_icons_position_left sc_fly_static\" data-id=\"1546917\" data-element_type=\"column\" data-e-type=\"column\">\n\t\t\t<div class=\"elementor-widget-wrap elementor-element-populated\">\n\t\t\t\t\t\t<div class=\"elementor-element elementor-element-8ecbf5d sc_fly_static elementor-widget elementor-widget-spacer\" data-id=\"8ecbf5d\" data-element_type=\"widget\" data-e-type=\"widget\" data-widget_type=\"spacer.default\">\n\t\t\t\t<div class=\"elementor-widget-container\">\n\t\t\t\t\t\t\t<div class=\"elementor-spacer\">\n\t\t\t<div class=\"elementor-spacer-inner\"><\/div>\n\t\t<\/div>\n\t\t\t\t\t\t<\/div>\n\t\t\t\t<\/div>\n\t\t\t\t<div class=\"elementor-element elementor-element-f77597a sc_fly_static elementor-widget elementor-widget-text-editor\" data-id=\"f77597a\" data-element_type=\"widget\" data-e-type=\"widget\" data-widget_type=\"text-editor.default\">\n\t\t\t\t<div class=\"elementor-widget-container\">\n\t\t\t\t\t\t\t\t\t<p class=\"wp-block-heading\"><strong>Listat p\u00ebrfundimtare te kandidateve p\u00ebr Parlament Studentor dhe K\u00ebshilla t\u00eb Fakultetit<\/strong><\/p><p>Listat e student\u00ebve me t\u00eb drejt vote:<\/p><p>T\u00eb drejt\u00eb votimi kan\u00eb t\u00eb gjith\u00eb ata student q\u00eb identifikimin e tyre e v\u00ebrtetojn\u00eb p\u00ebrmes INDEX-it\/ID por gjithsesi t\u00eb ken\u00eb edhe LETERNOFTIMIN me vete.<\/p><p><strong>Faculty of Business<\/strong><\/p><p><a href=\"https:\/\/drive.google.com\/file\/d\/1vPEghu55gMBFOFXtSQUs1bQg3OctmJDW\/view?usp=sharing\">Bachelor \u2013 Fakulteti i Biznesit<br \/><\/a><a href=\"https:\/\/drive.google.com\/file\/d\/1Ru2UtFtOVZbIEX3XVjaFGEtJN65alGmT\/view?usp=sharing\">Master \u2013 Fakultetit i Biznesit<\/a><\/p><p>Faculty of MTHM<\/p><p><a href=\"https:\/\/drive.google.com\/file\/d\/1a7KVepZbmQmjrvGJxaYOKdLNvCxhGOpK\/view?usp=sharing\">Bachelor \u2013 Fakulteti i MTHM<br \/><\/a><a href=\"https:\/\/drive.google.com\/file\/d\/1kP21TAQxQLlmg9XiBDL2Te7c5Riz_Qok\/view?usp=sharing\">Master \u2013 Fakulteti i MTHM<\/a><\/p><p>Faculty of Law<\/p><p><a href=\"https:\/\/drive.google.com\/file\/d\/1p95F_I75FoUIYCWnLzvwCu6P7bowwUXs\/view?usp=sharing\">Bachelor \u2013 Fakulteti Juridik<br \/><\/a><a href=\"https:\/\/drive.google.com\/file\/d\/1hOD8THaNeiVUCyXFTE8qoZi-wNQ7WorL\/view?usp=sharing\">Master \u2013 Fakulteti Juridik<\/a><\/p><p>Faculty of Agribusiness<\/p><p><a href=\"https:\/\/drive.google.com\/file\/d\/1pXrdQF_JcLWDpMsOzKuLw-BLVaY0_1Jj\/view?usp=sharing\">Bachelor \u2013 Fakulteti i Agrobiznesit<\/a><\/p><p>Fakulteti i Arteve.<\/p><p><a href=\"https:\/\/drive.google.com\/file\/d\/189yLobSll8gpBUR-JfXgr7ofPrxGXaIc\/view?usp=sharing\">Bachelor \u2013 Fakulteti i Arteve<\/a>,<\/p><p>\u00a0<\/p><p><a href=\"https:\/\/drive.google.com\/file\/d\/1JuOTQ1z-TG46o9OpOknti4jrPqFLRv_9\/view?usp=sharing\">700- USSH- Lista me kandidat\u00ebt p\u00ebr K\u00ebshilla dhe parlament studentor- Ermir \u00c7itaku<\/a><\/p><p>\u00a0<\/p><p><a href=\"https:\/\/drive.google.com\/file\/d\/1U3FRWABLCT-Bg-mK0lTc9pzNzJMyBdZ0\/view?usp=sharing\">713- ZSP- Lista me kandidat\u00ebt p\u00ebr K\u00ebshilla dhe parlament studentor- Taulant Nikqi<\/a><\/p><p><a href=\"https:\/\/drive.google.com\/file\/d\/1wcHyzG-P_TCSIb6BJucQ4hYxcKO19Z7K\/view?usp=sharing\">Lista e rezultateteve perfundimtare dhe ndarja e mandatave<\/a><\/p>\t\t\t\t\t\t\t\t<\/div>\n\t\t\t\t<\/div>\n\t\t\t\t\t<\/div>\n\t\t<\/div>\n\t\t\t\t\t<\/div>\n\t\t<\/section>\n\t\t\t\t<\/div>","protected":false},"excerpt":{"rendered":"<p>Rreth Zgjedhjeve Studentore 2019 Listat p\u00ebrfundimtare te kandidateve p\u00ebr Parlament Studentor dhe K\u00ebshilla t\u00eb Fakultetit&hellip;<\/p>","protected":false},"author":1,"featured_media":0,"parent":0,"menu_order":0,"comment_status":"closed","ping_status":"closed","template":"","meta":{"_acf_changed":false,"footnotes":""},"class_list":["post-21562","page","type-page","status-publish","hentry"],"yoast_head":"<!-- This site is optimized with the Yoast SEO Premium plugin v27.2 (Yoast SEO v27.2) - https:\/\/yoast.com\/product\/yoast-seo-premium-wordpress\/ -->\n<title>Zgjedhjet studentore 2019 - University Haxhi Zeka<\/title>\n<meta name=\"robots\" content=\"index, follow, max-snippet:-1, max-image-preview:large, max-video-preview:-1\" \/>\n<link rel=\"canonical\" href=\"https:\/\/unhz.eu\/en\/zgjedhjet-studentore-2019\/\" \/>\n<meta property=\"og:locale\" content=\"en_US\" \/>\n<meta property=\"og:type\" content=\"article\" \/>\n<meta property=\"og:title\" content=\"Zgjedhjet studentore 2019\" \/>\n<meta property=\"og:description\" content=\"Rreth Zgjedhjeve Studentore 2019 Listat p\u00ebrfundimtare te kandidateve p\u00ebr Parlament Studentor dhe K\u00ebshilla t\u00eb Fakultetit&hellip;\" \/>\n<meta property=\"og:url\" content=\"https:\/\/unhz.eu\/en\/zgjedhjet-studentore-2019\/\" \/>\n<meta property=\"og:site_name\" content=\"University Haxhi Zeka\" \/>\n<meta property=\"article:publisher\" content=\"https:\/\/www.facebook.com\/uni.haxhizeka\" \/>\n<meta property=\"article:modified_time\" content=\"2025-06-03T11:57:24+00:00\" \/>\n<meta name=\"twitter:card\" content=\"summary_large_image\" \/>\n<meta name=\"twitter:site\" content=\"@uni_haxhizeka\" \/>\n<meta name=\"twitter:label1\" content=\"Est. reading time\" \/>\n\t<meta name=\"twitter:data1\" content=\"1 minute\" \/>\n<script type=\"application\/ld+json\" class=\"yoast-schema-graph\">{\"@context\":\"https:\/\/schema.org\",\"@graph\":[{\"@type\":\"WebPage\",\"@id\":\"https:\/\/unhz.eu\/zgjedhjet-studentore-2019\/\",\"url\":\"https:\/\/unhz.eu\/zgjedhjet-studentore-2019\/\",\"name\":\"Zgjedhjet studentore 2019 - University Haxhi Zeka\",\"isPartOf\":{\"@id\":\"https:\/\/unhz.eu\/#website\"},\"datePublished\":\"2024-04-11T09:07:00+00:00\",\"dateModified\":\"2025-06-03T11:57:24+00:00\",\"breadcrumb\":{\"@id\":\"https:\/\/unhz.eu\/zgjedhjet-studentore-2019\/#breadcrumb\"},\"inLanguage\":\"en-US\",\"potentialAction\":[{\"@type\":\"ReadAction\",\"target\":[\"https:\/\/unhz.eu\/zgjedhjet-studentore-2019\/\"]}]},{\"@type\":\"BreadcrumbList\",\"@id\":\"https:\/\/unhz.eu\/zgjedhjet-studentore-2019\/#breadcrumb\",\"itemListElement\":[{\"@type\":\"ListItem\",\"position\":1,\"name\":\"Home\",\"item\":\"https:\/\/unhz.eu\/\"},{\"@type\":\"ListItem\",\"position\":2,\"name\":\"Zgjedhjet studentore 2019\"}]},{\"@type\":\"WebSite\",\"@id\":\"https:\/\/unhz.eu\/#website\",\"url\":\"https:\/\/unhz.eu\/\",\"name\":\"Universiteti \u201cHaxhi Zeka\u201d\",\"description\":\"I dedikuar p\u00ebr cil\u00ebsi, standarde dhe suksese\",\"publisher\":{\"@id\":\"https:\/\/unhz.eu\/#organization\"},\"alternateName\":\"Universiteti Haxhi Zeka\",\"potentialAction\":[{\"@type\":\"SearchAction\",\"target\":{\"@type\":\"EntryPoint\",\"urlTemplate\":\"https:\/\/unhz.eu\/?s={search_term_string}\"},\"query-input\":{\"@type\":\"PropertyValueSpecification\",\"valueRequired\":true,\"valueName\":\"search_term_string\"}}],\"inLanguage\":\"en-US\"},{\"@type\":\"Organization\",\"@id\":\"https:\/\/unhz.eu\/#organization\",\"name\":\"Universiteti \u201cHaxhi Zeka\u201d\",\"alternateName\":\"Universiteti Haxhi Zeka\",\"url\":\"https:\/\/unhz.eu\/\",\"logo\":{\"@type\":\"ImageObject\",\"inLanguage\":\"en-US\",\"@id\":\"https:\/\/unhz.eu\/#\/schema\/logo\/image\/\",\"url\":\"https:\/\/unhz.eu\/wp-content\/uploads\/2025\/04\/logo-unhz.webp\",\"contentUrl\":\"https:\/\/unhz.eu\/wp-content\/uploads\/2025\/04\/logo-unhz.webp\",\"width\":1024,\"height\":260,\"caption\":\"Universiteti \u201cHaxhi Zeka\u201d\"},\"image\":{\"@id\":\"https:\/\/unhz.eu\/#\/schema\/logo\/image\/\"},\"sameAs\":[\"https:\/\/www.facebook.com\/uni.haxhizeka\",\"https:\/\/x.com\/uni_haxhizeka\",\"https:\/\/www.linkedin.com\/school\/haxhi-zeka-university\",\"https:\/\/www.instagram.com\/uni_haxhizeka\/\"],\"description\":\"Universiteti \u201cHaxhi Zeka\u201d n\u00eb Pej\u00eb \u00ebsht\u00eb institucion publik i arsimit t\u00eb lart\u00eb, q\u00eb ofron studime bachelor, master dhe doktorat\u00eb n\u00eb fusha t\u00eb ndryshme si menaxhimi, turizmi, ekonomia, bujq\u00ebsia, arti dhe drejt\u00ebsia. Universiteti synon zhvillimin akademik, hulumtimin shkencor dhe kontributin n\u00eb komunitet.\",\"email\":\"info@unhz.eu\",\"telephone\":\"+38339410970\",\"legalName\":\"Universiteti \u201cHaxhi Zeka\u201d n\u00eb Pej\u00eb\",\"foundingDate\":\"2011-11-14\",\"numberOfEmployees\":{\"@type\":\"QuantitativeValue\",\"minValue\":\"201\",\"maxValue\":\"500\"}}]}<\/script>\n<!-- \/ Yoast SEO Premium plugin. -->","yoast_head_json":{"title":"Zgjedhjet studentore 2019 - University Haxhi Zeka","robots":{"index":"index","follow":"follow","max-snippet":"max-snippet:-1","max-image-preview":"max-image-preview:large","max-video-preview":"max-video-preview:-1"},"canonical":"https:\/\/unhz.eu\/en\/zgjedhjet-studentore-2019\/","og_locale":"en_US","og_type":"article","og_title":"Zgjedhjet studentore 2019","og_description":"Rreth Zgjedhjeve Studentore 2019 Listat p\u00ebrfundimtare te kandidateve p\u00ebr Parlament Studentor dhe K\u00ebshilla t\u00eb Fakultetit&hellip;","og_url":"https:\/\/unhz.eu\/en\/zgjedhjet-studentore-2019\/","og_site_name":"University Haxhi Zeka","article_publisher":"https:\/\/www.facebook.com\/uni.haxhizeka","article_modified_time":"2025-06-03T11:57:24+00:00","twitter_card":"summary_large_image","twitter_site":"@uni_haxhizeka","twitter_misc":{"Est. reading time":"1 minute"},"schema":{"@context":"https:\/\/schema.org","@graph":[{"@type":"WebPage","@id":"https:\/\/unhz.eu\/zgjedhjet-studentore-2019\/","url":"https:\/\/unhz.eu\/zgjedhjet-studentore-2019\/","name":"Zgjedhjet studentore 2019 - University Haxhi Zeka","isPartOf":{"@id":"https:\/\/unhz.eu\/#website"},"datePublished":"2024-04-11T09:07:00+00:00","dateModified":"2025-06-03T11:57:24+00:00","breadcrumb":{"@id":"https:\/\/unhz.eu\/zgjedhjet-studentore-2019\/#breadcrumb"},"inLanguage":"en-US","potentialAction":[{"@type":"ReadAction","target":["https:\/\/unhz.eu\/zgjedhjet-studentore-2019\/"]}]},{"@type":"BreadcrumbList","@id":"https:\/\/unhz.eu\/zgjedhjet-studentore-2019\/#breadcrumb","itemListElement":[{"@type":"ListItem","position":1,"name":"Home","item":"https:\/\/unhz.eu\/"},{"@type":"ListItem","position":2,"name":"Zgjedhjet studentore 2019"}]},{"@type":"WebSite","@id":"https:\/\/unhz.eu\/#website","url":"https:\/\/unhz.eu\/","name":"&quot;Haxhi Zeka&quot; University\u201c","description":"Dedicated to quality, standards and success","publisher":{"@id":"https:\/\/unhz.eu\/#organization"},"alternateName":"Universiteti Haxhi Zeka","potentialAction":[{"@type":"SearchAction","target":{"@type":"EntryPoint","urlTemplate":"https:\/\/unhz.eu\/?s={search_term_string}"},"query-input":{"@type":"PropertyValueSpecification","valueRequired":true,"valueName":"search_term_string"}}],"inLanguage":"en-US"},{"@type":"Organization","@id":"https:\/\/unhz.eu\/#organization","name":"&quot;Haxhi Zeka&quot; University\u201c","alternateName":"Universiteti Haxhi Zeka","url":"https:\/\/unhz.eu\/","logo":{"@type":"ImageObject","inLanguage":"en-US","@id":"https:\/\/unhz.eu\/#\/schema\/logo\/image\/","url":"https:\/\/unhz.eu\/wp-content\/uploads\/2025\/04\/logo-unhz.webp","contentUrl":"https:\/\/unhz.eu\/wp-content\/uploads\/2025\/04\/logo-unhz.webp","width":1024,"height":260,"caption":"Universiteti \u201cHaxhi Zeka\u201d"},"image":{"@id":"https:\/\/unhz.eu\/#\/schema\/logo\/image\/"},"sameAs":["https:\/\/www.facebook.com\/uni.haxhizeka","https:\/\/x.com\/uni_haxhizeka","https:\/\/www.linkedin.com\/school\/haxhi-zeka-university","https:\/\/www.instagram.com\/uni_haxhizeka\/"],"description":"&quot;Haxhi Zeka&quot; University in Peja is a public institution of higher education, offering bachelor&#039;s, master&#039;s and doctoral studies in various fields such as management, tourism, economics, agriculture, art and law. The university aims at academic development, scientific research and contribution to the community.","email":"info@unhz.eu","telephone":"+38339410970","legalName":"Universiteti \u201cHaxhi Zeka\u201d n\u00eb Pej\u00eb","foundingDate":"2011-11-14","numberOfEmployees":{"@type":"QuantitativeValue","minValue":"201","maxValue":"500"}}]}},"acf":[],"_links":{"self":[{"href":"https:\/\/unhz.eu\/en\/wp-json\/wp\/v2\/pages\/21562","targetHints":{"allow":["GET"]}}],"collection":[{"href":"https:\/\/unhz.eu\/en\/wp-json\/wp\/v2\/pages"}],"about":[{"href":"https:\/\/unhz.eu\/en\/wp-json\/wp\/v2\/types\/page"}],"author":[{"embeddable":true,"href":"https:\/\/unhz.eu\/en\/wp-json\/wp\/v2\/users\/1"}],"replies":[{"embeddable":true,"href":"https:\/\/unhz.eu\/en\/wp-json\/wp\/v2\/comments?post=21562"}],"version-history":[{"count":1,"href":"https:\/\/unhz.eu\/en\/wp-json\/wp\/v2\/pages\/21562\/revisions"}],"predecessor-version":[{"id":52616,"href":"https:\/\/unhz.eu\/en\/wp-json\/wp\/v2\/pages\/21562\/revisions\/52616"}],"wp:attachment":[{"href":"https:\/\/unhz.eu\/en\/wp-json\/wp\/v2\/media?parent=21562"}],"curies":[{"name":"wp","href":"https:\/\/api.w.org\/{rel}","templated":true}]}}