{"id":21528,"date":"2024-04-11T08:58:01","date_gmt":"2024-04-11T08:58:01","guid":{"rendered":"http:\/\/unhz.local\/?page_id=21528"},"modified":"2025-07-17T11:19:09","modified_gmt":"2025-07-17T09:19:09","slug":"deklarata-nderkombetare-mbi-arsimin-e-larte","status":"publish","type":"page","link":"https:\/\/unhz.eu\/en\/deklarata-nderkombetare-mbi-arsimin-e-larte\/","title":{"rendered":"International Declaration on Higher Education"},"content":{"rendered":"<div data-elementor-type=\"wp-page\" data-elementor-id=\"21528\" class=\"elementor elementor-21528\" data-elementor-post-type=\"page\">\n\t\t\t\t\t\t<section class=\"elementor-section elementor-top-section elementor-element elementor-element-4fdcb17 elementor-section-boxed elementor-section-height-default elementor-section-height-default sc_fly_static\" data-id=\"4fdcb17\" data-element_type=\"section\" data-e-type=\"section\">\n\t\t\t\t\t\t<div class=\"elementor-container elementor-column-gap-extended\">\n\t\t\t\t\t<div class=\"elementor-column elementor-col-100 elementor-top-column elementor-element elementor-element-736af2b sc_content_align_inherit sc_layouts_column_icons_position_left sc_fly_static\" data-id=\"736af2b\" data-element_type=\"column\" data-e-type=\"column\">\n\t\t\t<div class=\"elementor-widget-wrap elementor-element-populated\">\n\t\t\t\t\t\t<div class=\"elementor-element elementor-element-fdca2c8 sc_fly_static elementor-widget elementor-widget-trx_sc_title\" data-id=\"fdca2c8\" data-element_type=\"widget\" data-e-type=\"widget\" data-widget_type=\"trx_sc_title.default\">\n\t\t\t\t<div class=\"elementor-widget-container\">\n\t\t\t\t\t<div\t\tclass=\"sc_title sc_title_default\" ><span class=\"sc_item_subtitle sc_title_subtitle sc_item_subtitle_above sc_item_title_style_default\">About<\/span><h4 class=\"sc_item_title sc_title_title sc_item_title_style_default sc_item_title_tag\"\n\t\t\t><span class=\"sc_item_title_text\">Deklaratave Nd\u00ebrkomb\u00ebtare mbi Arsimin e Lart\u00eb<\/span><\/h4><\/div>\t\t\t\t<\/div>\n\t\t\t\t<\/div>\n\t\t\t\t<div class=\"elementor-element elementor-element-5197efa sc_fly_static elementor-widget elementor-widget-spacer\" data-id=\"5197efa\" data-element_type=\"widget\" data-e-type=\"widget\" data-widget_type=\"spacer.default\">\n\t\t\t\t<div class=\"elementor-widget-container\">\n\t\t\t\t\t\t\t<div class=\"elementor-spacer\">\n\t\t\t<div class=\"elementor-spacer-inner\"><\/div>\n\t\t<\/div>\n\t\t\t\t\t\t<\/div>\n\t\t\t\t<\/div>\n\t\t\t\t<div class=\"elementor-element elementor-element-4e8b708 elementor-widget-divider--view-line sc_fly_static elementor-widget elementor-widget-divider\" data-id=\"4e8b708\" data-element_type=\"widget\" data-e-type=\"widget\" data-widget_type=\"divider.default\">\n\t\t\t\t<div class=\"elementor-widget-container\">\n\t\t\t\t\t\t\t<div class=\"elementor-divider\">\n\t\t\t<span class=\"elementor-divider-separator\">\n\t\t\t\t\t\t<\/span>\n\t\t<\/div>\n\t\t\t\t\t\t<\/div>\n\t\t\t\t<\/div>\n\t\t\t\t<div class=\"elementor-element elementor-element-3bbb815 sc_fly_static elementor-widget elementor-widget-text-editor\" data-id=\"3bbb815\" data-element_type=\"widget\" data-e-type=\"widget\" data-widget_type=\"text-editor.default\">\n\t\t\t\t<div class=\"elementor-widget-container\">\n\t\t\t\t\t\t\t\t\t<table class=\"mtr-table mtr-tr-td\"><tbody><tr><td class=\"mtr-td-tag\" data-mtr-content=\"Nr\"><div class=\"mtr-cell-content\">Nr<\/div><\/td><td class=\"mtr-td-tag\" data-mtr-content=\"P\u00ebrshkrimi\"><div class=\"mtr-cell-content\">Description<\/div><\/td><td class=\"mtr-td-tag\" data-mtr-content=\"Dokumenti n\u00eb gjuh\u00ebn shqipe\"><div class=\"mtr-cell-content\">Dokumenti n\u00eb gjuh\u00ebn shqipe<\/div><\/td><td class=\"mtr-td-tag\" data-mtr-content=\"Dokumenti n\u00eb gjuh\u00ebn angleze\"><div class=\"mtr-cell-content\">Dokumenti n\u00eb gjuh\u00ebn angleze<\/div><\/td><\/tr><tr><td class=\"mtr-td-tag\" data-mtr-content=\"Nr\"><div class=\"mtr-cell-content\">1<\/div><\/td><td class=\"mtr-td-tag\" data-mtr-content=\"P\u00ebrshkrimi\"><div class=\"mtr-cell-content\">Deklarata e Bolonj\u00ebs<\/div><\/td><td class=\"mtr-td-tag\" data-mtr-content=\"Dokumenti n\u00eb gjuh\u00ebn shqipe\"><div class=\"mtr-cell-content\"><a href=\"https:\/\/unhz.eu\/Dokumente\/Dokumente_tjera\/Deklarata_e_Bolonj%C3%ABs.pdf\">Download<\/a><\/div><\/td><td class=\"mtr-td-tag\" data-mtr-content=\"Dokumenti n\u00eb gjuh\u00ebn angleze\"><div class=\"mtr-cell-content\">Download<\/div><\/td><\/tr><tr><td class=\"mtr-td-tag\" data-mtr-content=\"Nr\"><div class=\"mtr-cell-content\">2<\/div><\/td><td class=\"mtr-td-tag\" data-mtr-content=\"P\u00ebrshkrimi\"><div class=\"mtr-cell-content\">Student G\u00f6teborg Declaration<\/div><\/td><td class=\"mtr-td-tag\" data-mtr-content=\"Dokumenti n\u00eb gjuh\u00ebn shqipe\"><div class=\"mtr-cell-content\">Download<\/div><\/td><td class=\"mtr-td-tag\" data-mtr-content=\"Dokumenti n\u00eb gjuh\u00ebn angleze\"><div class=\"mtr-cell-content\"><a href=\"https:\/\/unhz.eu\/Dokumente\/Dokumente_tjera\/1.%20Student%20Goteborg%20Declaration.pdf\">Download<\/a><\/div><\/td><\/tr><tr><td class=\"mtr-td-tag\" data-mtr-content=\"Nr\"><div class=\"mtr-cell-content\">3<\/div><\/td><td class=\"mtr-td-tag\" data-mtr-content=\"P\u00ebrshkrimi\"><div class=\"mtr-cell-content\">\u201cRealising the European Higher Education Area\u201d<\/div><\/td><td class=\"mtr-td-tag\" data-mtr-content=\"Dokumenti n\u00eb gjuh\u00ebn shqipe\"><div class=\"mtr-cell-content\">Download<\/div><\/td><td class=\"mtr-td-tag\" data-mtr-content=\"Dokumenti n\u00eb gjuh\u00ebn angleze\"><div class=\"mtr-cell-content\"><a href=\"https:\/\/unhz.eu\/Dokumente\/Dokumente_tjera\/Final%20Draft%20of%20the%20Berlin%20Communiqu%C3%A9.pdf\">Download<\/a><\/div><\/td><\/tr><tr><td class=\"mtr-td-tag\" data-mtr-content=\"Nr\"><div class=\"mtr-cell-content\">4<\/div><\/td><td class=\"mtr-td-tag\" data-mtr-content=\"P\u00ebrshkrimi\"><div class=\"mtr-cell-content\">Towards the European Higher Education Area<\/div><\/td><td class=\"mtr-td-tag\" data-mtr-content=\"Dokumenti n\u00eb gjuh\u00ebn shqipe\"><div class=\"mtr-cell-content\">Download<\/div><\/td><td class=\"mtr-td-tag\" data-mtr-content=\"Dokumenti n\u00eb gjuh\u00ebn angleze\"><div class=\"mtr-cell-content\"><a href=\"https:\/\/unhz.eu\/Dokumente\/Dokumente_tjera\/Prague%20communique%20E.pdf\">Download<\/a><\/div><\/td><\/tr><tr><td class=\"mtr-td-tag\" data-mtr-content=\"Nr\"><div class=\"mtr-cell-content\">5<\/div><\/td><td class=\"mtr-td-tag\" data-mtr-content=\"P\u00ebrshkrimi\"><div class=\"mtr-cell-content\">LISBON WITH STUDENT EYES<\/div><\/td><td class=\"mtr-td-tag\" data-mtr-content=\"Dokumenti n\u00eb gjuh\u00ebn shqipe\"><div class=\"mtr-cell-content\">Download<\/div><\/td><td class=\"mtr-td-tag\" data-mtr-content=\"Dokumenti n\u00eb gjuh\u00ebn angleze\"><div class=\"mtr-cell-content\"><a href=\"https:\/\/unhz.eu\/Dokumente\/Dokumente_tjera\/lisbon-with-student-eyes.pdf\">Download<\/a><\/div><\/td><\/tr><tr><td class=\"mtr-td-tag\" data-mtr-content=\"Nr\"><div class=\"mtr-cell-content\">6<\/div><\/td><td class=\"mtr-td-tag\" data-mtr-content=\"P\u00ebrshkrimi\"><div class=\"mtr-cell-content\">The Bologna Declaration of 19 June 1999<\/div><\/td><td class=\"mtr-td-tag\" data-mtr-content=\"Dokumenti n\u00eb gjuh\u00ebn shqipe\"><div class=\"mtr-cell-content\">Download<\/div><\/td><td class=\"mtr-td-tag\" data-mtr-content=\"Dokumenti n\u00eb gjuh\u00ebn angleze\"><div class=\"mtr-cell-content\"><a href=\"https:\/\/unhz.eu\/Dokumente\/Dokumente_tjera\/1999_bologna_declaration_eng.pdf\">Download<\/a><\/div><\/td><\/tr><tr><td class=\"mtr-td-tag\" data-mtr-content=\"Nr\"><div class=\"mtr-cell-content\">7<\/div><\/td><td class=\"mtr-td-tag\" data-mtr-content=\"P\u00ebrshkrimi\"><div class=\"mtr-cell-content\">Magna Charta Universiitaum<\/div><\/td><td class=\"mtr-td-tag\" data-mtr-content=\"Dokumenti n\u00eb gjuh\u00ebn shqipe\"><div class=\"mtr-cell-content\">Download<\/div><\/td><td class=\"mtr-td-tag\" data-mtr-content=\"Dokumenti n\u00eb gjuh\u00ebn angleze\"><div class=\"mtr-cell-content\"><a href=\"https:\/\/unhz.eu\/Dokumente\/Dokumente_tjera\/1988_magna_charta_universitatum_eng.pdf\">Download<\/a><\/div><\/td><\/tr><\/tbody><\/table>\t\t\t\t\t\t\t\t<\/div>\n\t\t\t\t<\/div>\n\t\t\t\t<div class=\"elementor-element elementor-element-f1cb1d8 sc_fly_static elementor-widget elementor-widget-spacer\" data-id=\"f1cb1d8\" data-element_type=\"widget\" data-e-type=\"widget\" data-widget_type=\"spacer.default\">\n\t\t\t\t<div class=\"elementor-widget-container\">\n\t\t\t\t\t\t\t<div class=\"elementor-spacer\">\n\t\t\t<div class=\"elementor-spacer-inner\"><\/div>\n\t\t<\/div>\n\t\t\t\t\t\t<\/div>\n\t\t\t\t<\/div>\n\t\t\t\t<div class=\"elementor-element elementor-element-66d2403 elementor-widget-divider--view-line sc_fly_static elementor-widget elementor-widget-divider\" data-id=\"66d2403\" data-element_type=\"widget\" data-e-type=\"widget\" data-widget_type=\"divider.default\">\n\t\t\t\t<div class=\"elementor-widget-container\">\n\t\t\t\t\t\t\t<div class=\"elementor-divider\">\n\t\t\t<span class=\"elementor-divider-separator\">\n\t\t\t\t\t\t<\/span>\n\t\t<\/div>\n\t\t\t\t\t\t<\/div>\n\t\t\t\t<\/div>\n\t\t\t\t\t<\/div>\n\t\t<\/div>\n\t\t\t\t\t<\/div>\n\t\t<\/section>\n\t\t\t\t<\/div>","protected":false},"excerpt":{"rendered":"<p>Rreth Deklaratave Nd\u00ebrkomb\u00ebtare mbi Arsimin e Lart\u00eb Nr P\u00ebrshkrimi Dokumenti n\u00eb gjuh\u00ebn shqipe Dokumenti n\u00eb&hellip;<\/p>","protected":false},"author":1,"featured_media":50754,"parent":0,"menu_order":0,"comment_status":"closed","ping_status":"closed","template":"","meta":{"_acf_changed":false,"footnotes":""},"class_list":["post-21528","page","type-page","status-publish","has-post-thumbnail","hentry"],"yoast_head":"<!-- This site is optimized with the Yoast SEO Premium plugin v27.2 (Yoast SEO v27.2) - https:\/\/yoast.com\/product\/yoast-seo-premium-wordpress\/ -->\n<title>Deklarata Nd\u00ebrkomb\u00ebtare mbi Arsimin e lart\u00eb - University Haxhi Zeka<\/title>\n<meta name=\"description\" content=\"Shkarkoni dhe njihuni me deklaratat nd\u00ebrkomb\u00ebtare ky\u00e7e p\u00ebr arsimin e lart\u00eb, p\u00ebrfshir\u00eb Deklarat\u00ebn e Bolonj\u00ebs dhe dokumente t\u00eb tjera t\u00eb r\u00ebnd\u00ebsishme.\" \/>\n<meta name=\"robots\" content=\"index, follow, max-snippet:-1, max-image-preview:large, max-video-preview:-1\" \/>\n<link rel=\"canonical\" href=\"https:\/\/unhz.eu\/en\/deklarata-nderkombetare-mbi-arsimin-e-larte\/\" \/>\n<meta property=\"og:locale\" content=\"en_US\" \/>\n<meta property=\"og:type\" content=\"article\" \/>\n<meta property=\"og:title\" content=\"Deklarata Nd\u00ebrkomb\u00ebtare mbi Arsimin e lart\u00eb\" \/>\n<meta property=\"og:description\" content=\"Shkarkoni dhe njihuni me deklaratat nd\u00ebrkomb\u00ebtare ky\u00e7e p\u00ebr arsimin e lart\u00eb, p\u00ebrfshir\u00eb Deklarat\u00ebn e Bolonj\u00ebs dhe dokumente t\u00eb tjera t\u00eb r\u00ebnd\u00ebsishme.\" \/>\n<meta property=\"og:url\" content=\"https:\/\/unhz.eu\/en\/deklarata-nderkombetare-mbi-arsimin-e-larte\/\" \/>\n<meta property=\"og:site_name\" content=\"University Haxhi Zeka\" \/>\n<meta property=\"article:publisher\" content=\"https:\/\/www.facebook.com\/uni.haxhizeka\" \/>\n<meta property=\"article:modified_time\" content=\"2025-07-17T09:19:09+00:00\" \/>\n<meta property=\"og:image\" content=\"https:\/\/unhz.eu\/wp-content\/uploads\/2025\/04\/Dizajn-me-logo-te-UHZ.webp\" \/>\n\t<meta property=\"og:image:width\" content=\"1000\" \/>\n\t<meta property=\"og:image:height\" content=\"1000\" \/>\n\t<meta property=\"og:image:type\" content=\"image\/webp\" \/>\n<meta name=\"twitter:card\" content=\"summary_large_image\" \/>\n<meta name=\"twitter:site\" content=\"@uni_haxhizeka\" \/>\n<meta name=\"twitter:label1\" content=\"Est. reading time\" \/>\n\t<meta name=\"twitter:data1\" content=\"1 minute\" \/>\n<script type=\"application\/ld+json\" class=\"yoast-schema-graph\">{\"@context\":\"https:\/\/schema.org\",\"@graph\":[{\"@type\":\"WebPage\",\"@id\":\"https:\/\/unhz.eu\/deklarata-nderkombetare-mbi-arsimin-e-larte\/\",\"url\":\"https:\/\/unhz.eu\/deklarata-nderkombetare-mbi-arsimin-e-larte\/\",\"name\":\"Deklarata Nd\u00ebrkomb\u00ebtare mbi Arsimin e lart\u00eb - University Haxhi Zeka\",\"isPartOf\":{\"@id\":\"https:\/\/unhz.eu\/#website\"},\"primaryImageOfPage\":{\"@id\":\"https:\/\/unhz.eu\/deklarata-nderkombetare-mbi-arsimin-e-larte\/#primaryimage\"},\"image\":{\"@id\":\"https:\/\/unhz.eu\/deklarata-nderkombetare-mbi-arsimin-e-larte\/#primaryimage\"},\"thumbnailUrl\":\"https:\/\/unhz.eu\/wp-content\/uploads\/2025\/04\/Dizajn-me-logo-te-UHZ.webp\",\"datePublished\":\"2024-04-11T08:58:01+00:00\",\"dateModified\":\"2025-07-17T09:19:09+00:00\",\"description\":\"Shkarkoni dhe njihuni me deklaratat nd\u00ebrkomb\u00ebtare ky\u00e7e p\u00ebr arsimin e lart\u00eb, p\u00ebrfshir\u00eb Deklarat\u00ebn e Bolonj\u00ebs dhe dokumente t\u00eb tjera t\u00eb r\u00ebnd\u00ebsishme.\",\"breadcrumb\":{\"@id\":\"https:\/\/unhz.eu\/deklarata-nderkombetare-mbi-arsimin-e-larte\/#breadcrumb\"},\"inLanguage\":\"en-US\",\"potentialAction\":[{\"@type\":\"ReadAction\",\"target\":[\"https:\/\/unhz.eu\/deklarata-nderkombetare-mbi-arsimin-e-larte\/\"]}]},{\"@type\":\"ImageObject\",\"inLanguage\":\"en-US\",\"@id\":\"https:\/\/unhz.eu\/deklarata-nderkombetare-mbi-arsimin-e-larte\/#primaryimage\",\"url\":\"https:\/\/unhz.eu\/wp-content\/uploads\/2025\/04\/Dizajn-me-logo-te-UHZ.webp\",\"contentUrl\":\"https:\/\/unhz.eu\/wp-content\/uploads\/2025\/04\/Dizajn-me-logo-te-UHZ.webp\",\"width\":1000,\"height\":1000,\"caption\":\"Universiteti Haxhi Zeka, UHZ logo me background te kuq\"},{\"@type\":\"BreadcrumbList\",\"@id\":\"https:\/\/unhz.eu\/deklarata-nderkombetare-mbi-arsimin-e-larte\/#breadcrumb\",\"itemListElement\":[{\"@type\":\"ListItem\",\"position\":1,\"name\":\"Home\",\"item\":\"https:\/\/unhz.eu\/\"},{\"@type\":\"ListItem\",\"position\":2,\"name\":\"Deklarata Nd\u00ebrkomb\u00ebtare mbi Arsimin e lart\u00eb\"}]},{\"@type\":\"WebSite\",\"@id\":\"https:\/\/unhz.eu\/#website\",\"url\":\"https:\/\/unhz.eu\/\",\"name\":\"Universiteti \u201cHaxhi Zeka\u201d\",\"description\":\"I dedikuar p\u00ebr cil\u00ebsi, standarde dhe suksese\",\"publisher\":{\"@id\":\"https:\/\/unhz.eu\/#organization\"},\"alternateName\":\"Universiteti Haxhi Zeka\",\"potentialAction\":[{\"@type\":\"SearchAction\",\"target\":{\"@type\":\"EntryPoint\",\"urlTemplate\":\"https:\/\/unhz.eu\/?s={search_term_string}\"},\"query-input\":{\"@type\":\"PropertyValueSpecification\",\"valueRequired\":true,\"valueName\":\"search_term_string\"}}],\"inLanguage\":\"en-US\"},{\"@type\":\"Organization\",\"@id\":\"https:\/\/unhz.eu\/#organization\",\"name\":\"Universiteti \u201cHaxhi Zeka\u201d\",\"alternateName\":\"Universiteti Haxhi Zeka\",\"url\":\"https:\/\/unhz.eu\/\",\"logo\":{\"@type\":\"ImageObject\",\"inLanguage\":\"en-US\",\"@id\":\"https:\/\/unhz.eu\/#\/schema\/logo\/image\/\",\"url\":\"https:\/\/unhz.eu\/wp-content\/uploads\/2025\/04\/logo-unhz.webp\",\"contentUrl\":\"https:\/\/unhz.eu\/wp-content\/uploads\/2025\/04\/logo-unhz.webp\",\"width\":1024,\"height\":260,\"caption\":\"Universiteti \u201cHaxhi Zeka\u201d\"},\"image\":{\"@id\":\"https:\/\/unhz.eu\/#\/schema\/logo\/image\/\"},\"sameAs\":[\"https:\/\/www.facebook.com\/uni.haxhizeka\",\"https:\/\/x.com\/uni_haxhizeka\",\"https:\/\/www.linkedin.com\/school\/haxhi-zeka-university\",\"https:\/\/www.instagram.com\/uni_haxhizeka\/\"],\"description\":\"Universiteti \u201cHaxhi Zeka\u201d n\u00eb Pej\u00eb \u00ebsht\u00eb institucion publik i arsimit t\u00eb lart\u00eb, q\u00eb ofron studime bachelor, master dhe doktorat\u00eb n\u00eb fusha t\u00eb ndryshme si menaxhimi, turizmi, ekonomia, bujq\u00ebsia, arti dhe drejt\u00ebsia. Universiteti synon zhvillimin akademik, hulumtimin shkencor dhe kontributin n\u00eb komunitet.\",\"email\":\"info@unhz.eu\",\"telephone\":\"+38339410970\",\"legalName\":\"Universiteti \u201cHaxhi Zeka\u201d n\u00eb Pej\u00eb\",\"foundingDate\":\"2011-11-14\",\"numberOfEmployees\":{\"@type\":\"QuantitativeValue\",\"minValue\":\"201\",\"maxValue\":\"500\"}}]}<\/script>\n<!-- \/ Yoast SEO Premium plugin. -->","yoast_head_json":{"title":"Deklarata Nd\u00ebrkomb\u00ebtare mbi Arsimin e lart\u00eb - University Haxhi Zeka","description":"Shkarkoni dhe njihuni me deklaratat nd\u00ebrkomb\u00ebtare ky\u00e7e p\u00ebr arsimin e lart\u00eb, p\u00ebrfshir\u00eb Deklarat\u00ebn e Bolonj\u00ebs dhe dokumente t\u00eb tjera t\u00eb r\u00ebnd\u00ebsishme.","robots":{"index":"index","follow":"follow","max-snippet":"max-snippet:-1","max-image-preview":"max-image-preview:large","max-video-preview":"max-video-preview:-1"},"canonical":"https:\/\/unhz.eu\/en\/deklarata-nderkombetare-mbi-arsimin-e-larte\/","og_locale":"en_US","og_type":"article","og_title":"Deklarata Nd\u00ebrkomb\u00ebtare mbi Arsimin e lart\u00eb","og_description":"Shkarkoni dhe njihuni me deklaratat nd\u00ebrkomb\u00ebtare ky\u00e7e p\u00ebr arsimin e lart\u00eb, p\u00ebrfshir\u00eb Deklarat\u00ebn e Bolonj\u00ebs dhe dokumente t\u00eb tjera t\u00eb r\u00ebnd\u00ebsishme.","og_url":"https:\/\/unhz.eu\/en\/deklarata-nderkombetare-mbi-arsimin-e-larte\/","og_site_name":"University Haxhi Zeka","article_publisher":"https:\/\/www.facebook.com\/uni.haxhizeka","article_modified_time":"2025-07-17T09:19:09+00:00","og_image":[{"width":1000,"height":1000,"url":"https:\/\/unhz.eu\/wp-content\/uploads\/2025\/04\/Dizajn-me-logo-te-UHZ.webp","type":"image\/webp"}],"twitter_card":"summary_large_image","twitter_site":"@uni_haxhizeka","twitter_misc":{"Est. reading time":"1 minute"},"schema":{"@context":"https:\/\/schema.org","@graph":[{"@type":"WebPage","@id":"https:\/\/unhz.eu\/deklarata-nderkombetare-mbi-arsimin-e-larte\/","url":"https:\/\/unhz.eu\/deklarata-nderkombetare-mbi-arsimin-e-larte\/","name":"Deklarata Nd\u00ebrkomb\u00ebtare mbi Arsimin e lart\u00eb - University Haxhi Zeka","isPartOf":{"@id":"https:\/\/unhz.eu\/#website"},"primaryImageOfPage":{"@id":"https:\/\/unhz.eu\/deklarata-nderkombetare-mbi-arsimin-e-larte\/#primaryimage"},"image":{"@id":"https:\/\/unhz.eu\/deklarata-nderkombetare-mbi-arsimin-e-larte\/#primaryimage"},"thumbnailUrl":"https:\/\/unhz.eu\/wp-content\/uploads\/2025\/04\/Dizajn-me-logo-te-UHZ.webp","datePublished":"2024-04-11T08:58:01+00:00","dateModified":"2025-07-17T09:19:09+00:00","description":"Shkarkoni dhe njihuni me deklaratat nd\u00ebrkomb\u00ebtare ky\u00e7e p\u00ebr arsimin e lart\u00eb, p\u00ebrfshir\u00eb Deklarat\u00ebn e Bolonj\u00ebs dhe dokumente t\u00eb tjera t\u00eb r\u00ebnd\u00ebsishme.","breadcrumb":{"@id":"https:\/\/unhz.eu\/deklarata-nderkombetare-mbi-arsimin-e-larte\/#breadcrumb"},"inLanguage":"en-US","potentialAction":[{"@type":"ReadAction","target":["https:\/\/unhz.eu\/deklarata-nderkombetare-mbi-arsimin-e-larte\/"]}]},{"@type":"ImageObject","inLanguage":"en-US","@id":"https:\/\/unhz.eu\/deklarata-nderkombetare-mbi-arsimin-e-larte\/#primaryimage","url":"https:\/\/unhz.eu\/wp-content\/uploads\/2025\/04\/Dizajn-me-logo-te-UHZ.webp","contentUrl":"https:\/\/unhz.eu\/wp-content\/uploads\/2025\/04\/Dizajn-me-logo-te-UHZ.webp","width":1000,"height":1000,"caption":"Universiteti Haxhi Zeka, UHZ logo me background te kuq"},{"@type":"BreadcrumbList","@id":"https:\/\/unhz.eu\/deklarata-nderkombetare-mbi-arsimin-e-larte\/#breadcrumb","itemListElement":[{"@type":"ListItem","position":1,"name":"Home","item":"https:\/\/unhz.eu\/"},{"@type":"ListItem","position":2,"name":"Deklarata Nd\u00ebrkomb\u00ebtare mbi Arsimin e lart\u00eb"}]},{"@type":"WebSite","@id":"https:\/\/unhz.eu\/#website","url":"https:\/\/unhz.eu\/","name":"&quot;Haxhi Zeka&quot; University\u201c","description":"Dedicated to quality, standards and success","publisher":{"@id":"https:\/\/unhz.eu\/#organization"},"alternateName":"Universiteti Haxhi Zeka","potentialAction":[{"@type":"SearchAction","target":{"@type":"EntryPoint","urlTemplate":"https:\/\/unhz.eu\/?s={search_term_string}"},"query-input":{"@type":"PropertyValueSpecification","valueRequired":true,"valueName":"search_term_string"}}],"inLanguage":"en-US"},{"@type":"Organization","@id":"https:\/\/unhz.eu\/#organization","name":"&quot;Haxhi Zeka&quot; University\u201c","alternateName":"Universiteti Haxhi Zeka","url":"https:\/\/unhz.eu\/","logo":{"@type":"ImageObject","inLanguage":"en-US","@id":"https:\/\/unhz.eu\/#\/schema\/logo\/image\/","url":"https:\/\/unhz.eu\/wp-content\/uploads\/2025\/04\/logo-unhz.webp","contentUrl":"https:\/\/unhz.eu\/wp-content\/uploads\/2025\/04\/logo-unhz.webp","width":1024,"height":260,"caption":"Universiteti \u201cHaxhi Zeka\u201d"},"image":{"@id":"https:\/\/unhz.eu\/#\/schema\/logo\/image\/"},"sameAs":["https:\/\/www.facebook.com\/uni.haxhizeka","https:\/\/x.com\/uni_haxhizeka","https:\/\/www.linkedin.com\/school\/haxhi-zeka-university","https:\/\/www.instagram.com\/uni_haxhizeka\/"],"description":"&quot;Haxhi Zeka&quot; University in Peja is a public institution of higher education, offering bachelor&#039;s, master&#039;s and doctoral studies in various fields such as management, tourism, economics, agriculture, art and law. The university aims at academic development, scientific research and contribution to the community.","email":"info@unhz.eu","telephone":"+38339410970","legalName":"Universiteti \u201cHaxhi Zeka\u201d n\u00eb Pej\u00eb","foundingDate":"2011-11-14","numberOfEmployees":{"@type":"QuantitativeValue","minValue":"201","maxValue":"500"}}]}},"acf":[],"_links":{"self":[{"href":"https:\/\/unhz.eu\/en\/wp-json\/wp\/v2\/pages\/21528","targetHints":{"allow":["GET"]}}],"collection":[{"href":"https:\/\/unhz.eu\/en\/wp-json\/wp\/v2\/pages"}],"about":[{"href":"https:\/\/unhz.eu\/en\/wp-json\/wp\/v2\/types\/page"}],"author":[{"embeddable":true,"href":"https:\/\/unhz.eu\/en\/wp-json\/wp\/v2\/users\/1"}],"replies":[{"embeddable":true,"href":"https:\/\/unhz.eu\/en\/wp-json\/wp\/v2\/comments?post=21528"}],"version-history":[{"count":2,"href":"https:\/\/unhz.eu\/en\/wp-json\/wp\/v2\/pages\/21528\/revisions"}],"predecessor-version":[{"id":56732,"href":"https:\/\/unhz.eu\/en\/wp-json\/wp\/v2\/pages\/21528\/revisions\/56732"}],"wp:featuredmedia":[{"embeddable":true,"href":"https:\/\/unhz.eu\/en\/wp-json\/wp\/v2\/media\/50754"}],"wp:attachment":[{"href":"https:\/\/unhz.eu\/en\/wp-json\/wp\/v2\/media?parent=21528"}],"curies":[{"name":"wp","href":"https:\/\/api.w.org\/{rel}","templated":true}]}}