{"id":21526,"date":"2024-04-11T08:56:31","date_gmt":"2024-04-11T08:56:31","guid":{"rendered":"http:\/\/unhz.local\/?page_id=21526"},"modified":"2025-07-29T10:38:45","modified_gmt":"2025-07-29T08:38:45","slug":"marreveshje-bashkepunimi-per-studente","status":"publish","type":"page","link":"https:\/\/unhz.eu\/en\/marreveshje-bashkepunimi-per-studente\/","title":{"rendered":"Cooperation agreement for students"},"content":{"rendered":"<div data-elementor-type=\"wp-page\" data-elementor-id=\"21526\" class=\"elementor elementor-21526\" data-elementor-post-type=\"page\">\n\t\t\t\t\t\t<section class=\"elementor-section elementor-top-section elementor-element elementor-element-82c0d59 elementor-section-boxed elementor-section-height-default elementor-section-height-default sc_fly_static\" data-id=\"82c0d59\" data-element_type=\"section\" data-e-type=\"section\">\n\t\t\t\t\t\t<div class=\"elementor-container elementor-column-gap-extended\">\n\t\t\t\t\t<div class=\"elementor-column elementor-col-100 elementor-top-column elementor-element elementor-element-3202456 sc_content_align_inherit sc_layouts_column_icons_position_left sc_fly_static\" data-id=\"3202456\" data-element_type=\"column\" data-e-type=\"column\">\n\t\t\t<div class=\"elementor-widget-wrap elementor-element-populated\">\n\t\t\t\t\t\t<div class=\"elementor-element elementor-element-5466937 sc_fly_static elementor-widget elementor-widget-spacer\" data-id=\"5466937\" data-element_type=\"widget\" data-e-type=\"widget\" data-widget_type=\"spacer.default\">\n\t\t\t\t<div class=\"elementor-widget-container\">\n\t\t\t\t\t\t\t<div class=\"elementor-spacer\">\n\t\t\t<div class=\"elementor-spacer-inner\"><\/div>\n\t\t<\/div>\n\t\t\t\t\t\t<\/div>\n\t\t\t\t<\/div>\n\t\t\t\t<div class=\"elementor-element elementor-element-e6c1ec5 elementor-widget-divider--view-line sc_fly_static elementor-widget elementor-widget-divider\" data-id=\"e6c1ec5\" data-element_type=\"widget\" data-e-type=\"widget\" data-widget_type=\"divider.default\">\n\t\t\t\t<div class=\"elementor-widget-container\">\n\t\t\t\t\t\t\t<div class=\"elementor-divider\">\n\t\t\t<span class=\"elementor-divider-separator\">\n\t\t\t\t\t\t<\/span>\n\t\t<\/div>\n\t\t\t\t\t\t<\/div>\n\t\t\t\t<\/div>\n\t\t\t\t<div class=\"elementor-element elementor-element-fea6b9d sc_fly_static elementor-widget elementor-widget-text-editor\" data-id=\"fea6b9d\" data-element_type=\"widget\" data-e-type=\"widget\" data-widget_type=\"text-editor.default\">\n\t\t\t\t<div class=\"elementor-widget-container\">\n\t\t\t\t\t\t\t\t\t<table class=\"mtr-table mtr-tr-td\"><tbody><tr><td class=\"mtr-td-tag\" data-mtr-content=\"Institucionet Bashk\u00ebpunuese\"><div class=\"mtr-cell-content\"><strong>Institucionet Bashk\u00ebpunuese<\/strong><\/div><\/td><td class=\"mtr-td-tag\" data-mtr-content=\"Viti\"><div class=\"mtr-cell-content\"><strong>year<\/strong><\/div><\/td><td class=\"mtr-td-tag\" data-mtr-content=\"Dokumenti n\u00eb gjuh\u00ebn shqipe\"><div class=\"mtr-cell-content\"><strong>Dokumenti n\u00eb gjuh\u00ebn shqipe<\/strong><\/div><\/td><td class=\"mtr-td-tag\" data-mtr-content=\"Dokumenti n\u00eb gjuh\u00ebn angleze\"><div class=\"mtr-cell-content\"><strong>Dokumenti n\u00eb gjuh\u00ebn angleze<\/strong><\/div><\/td><\/tr><tr><td class=\"mtr-td-tag\" data-mtr-content=\"Institucionet Bashk\u00ebpunuese\"><div class=\"mtr-cell-content\">Sh\u00ebrbimi Spitalor dhe Klinik Universitar i Kosov\u00ebs<\/div><\/td><td class=\"mtr-td-tag\" data-mtr-content=\"Viti\"><div class=\"mtr-cell-content\">2023<\/div><\/td><td class=\"mtr-td-tag\" data-mtr-content=\"Dokumenti n\u00eb gjuh\u00ebn shqipe\"><div class=\"mtr-cell-content\"><a href=\"https:\/\/unhz.eu\/Dokumente\/Marreveshje\/340-Memorandum_Mir%C3%ABkuptimi_n%C3%AB_mes_UHZ-s%C3%AB(SHSKUK).PDF\">Download<\/a><\/div><\/td><td class=\"mtr-td-tag\" data-mtr-content=\"Dokumenti n\u00eb gjuh\u00ebn angleze\"><div class=\"mtr-cell-content\">Download<\/div><\/td><\/tr><tr><td class=\"mtr-td-tag\" data-mtr-content=\"Institucionet Bashk\u00ebpunuese\"><div class=\"mtr-cell-content\">Instituti Komb\u00ebtar i Shend\u00ebsis\u00eb Publike t\u00eb Kosov\u00ebs, Qendra Rajonale Pej\u00eb<\/div><\/td><td class=\"mtr-td-tag\" data-mtr-content=\"Viti\"><div class=\"mtr-cell-content\">2023<\/div><\/td><td class=\"mtr-td-tag\" data-mtr-content=\"Dokumenti n\u00eb gjuh\u00ebn shqipe\"><div class=\"mtr-cell-content\"><a href=\"https:\/\/unhz.eu\/Dokumente\/Marreveshje\/326-_Memorandum_bashk%C3%ABpunimi_n%C3%AB_mes_UHZ-s%C3%AB_dhe_Qendra_Rajonale_Pej%C3%AB-.PDF\">Download<\/a><\/div><\/td><td class=\"mtr-td-tag\" data-mtr-content=\"Dokumenti n\u00eb gjuh\u00ebn angleze\"><div class=\"mtr-cell-content\"><a href=\"https:\/\/unhz.eu\/Dokumente\/Marreveshje\/326%20MOU%20with%20Institute%20of%20Public%20Health%20in%20Kosovo_%20eng.pdf\">Download<\/a><\/div><\/td><\/tr><tr><td class=\"mtr-td-tag\" data-mtr-content=\"Institucionet Bashk\u00ebpunuese\"><div class=\"mtr-cell-content\">IAAP Tafil Kasumaj<\/div><\/td><td class=\"mtr-td-tag\" data-mtr-content=\"Viti\"><div class=\"mtr-cell-content\">2023<\/div><\/td><td class=\"mtr-td-tag\" data-mtr-content=\"Dokumenti n\u00eb gjuh\u00ebn shqipe\"><div class=\"mtr-cell-content\"><a href=\"https:\/\/unhz.eu\/Dokumente\/Marreveshje\/325-Marr%C3%ABveshje_bashk%C3%ABpunimi_n%C3%AB_mesUHZ-s%C3%AB_Institucionit_t%C3%AB_Arsimit_dhe_aft%C3%ABsimit_Profesional_IAAP.PDF\">Download<\/a><\/div><\/td><td class=\"mtr-td-tag\" data-mtr-content=\"Dokumenti n\u00eb gjuh\u00ebn angleze\"><div class=\"mtr-cell-content\">Download<\/div><\/td><\/tr><\/tbody><\/table>\t\t\t\t\t\t\t\t<\/div>\n\t\t\t\t<\/div>\n\t\t\t\t<div class=\"elementor-element elementor-element-7208446 sc_fly_static elementor-widget elementor-widget-spacer\" data-id=\"7208446\" data-element_type=\"widget\" data-e-type=\"widget\" data-widget_type=\"spacer.default\">\n\t\t\t\t<div class=\"elementor-widget-container\">\n\t\t\t\t\t\t\t<div class=\"elementor-spacer\">\n\t\t\t<div class=\"elementor-spacer-inner\"><\/div>\n\t\t<\/div>\n\t\t\t\t\t\t<\/div>\n\t\t\t\t<\/div>\n\t\t\t\t<div class=\"elementor-element elementor-element-bcdd190 elementor-widget-divider--view-line sc_fly_static elementor-widget elementor-widget-divider\" data-id=\"bcdd190\" data-element_type=\"widget\" data-e-type=\"widget\" data-widget_type=\"divider.default\">\n\t\t\t\t<div class=\"elementor-widget-container\">\n\t\t\t\t\t\t\t<div class=\"elementor-divider\">\n\t\t\t<span class=\"elementor-divider-separator\">\n\t\t\t\t\t\t<\/span>\n\t\t<\/div>\n\t\t\t\t\t\t<\/div>\n\t\t\t\t<\/div>\n\t\t\t\t\t<\/div>\n\t\t<\/div>\n\t\t\t\t\t<\/div>\n\t\t<\/section>\n\t\t\t\t<\/div>","protected":false},"excerpt":{"rendered":"<p>Institucionet Bashk\u00ebpunuese Viti Dokumenti n\u00eb gjuh\u00ebn shqipe Dokumenti n\u00eb gjuh\u00ebn angleze Sh\u00ebrbimi Spitalor dhe Klinik&hellip;<\/p>","protected":false},"author":1,"featured_media":50754,"parent":0,"menu_order":0,"comment_status":"closed","ping_status":"closed","template":"","meta":{"_acf_changed":false,"footnotes":""},"class_list":["post-21526","page","type-page","status-publish","has-post-thumbnail","hentry"],"yoast_head":"<!-- This site is optimized with the Yoast SEO Premium plugin v27.2 (Yoast SEO v27.2) - https:\/\/yoast.com\/product\/yoast-seo-premium-wordpress\/ -->\n<title>Marr\u00ebveshje bashk\u00ebpunimi p\u00ebr student\u00eb - University Haxhi Zeka<\/title>\n<meta name=\"description\" content=\"Marr\u00ebveshje bashk\u00ebpunimi p\u00ebr student\u00ebt e UHZ-s\u00eb me institucione si SHSKUK, IPH Pej\u00eb dhe IAAP Tafil Kasumaj, p\u00ebr mund\u00ebsi praktike dhe zhvillim profesional.\" \/>\n<meta name=\"robots\" content=\"index, follow, max-snippet:-1, max-image-preview:large, max-video-preview:-1\" \/>\n<link rel=\"canonical\" href=\"https:\/\/unhz.eu\/en\/marreveshje-bashkepunimi-per-studente\/\" \/>\n<meta property=\"og:locale\" content=\"en_US\" \/>\n<meta property=\"og:type\" content=\"article\" \/>\n<meta property=\"og:title\" content=\"Marr\u00ebveshje bashk\u00ebpunimi p\u00ebr student\u00eb\" \/>\n<meta property=\"og:description\" content=\"Marr\u00ebveshje bashk\u00ebpunimi p\u00ebr student\u00ebt e UHZ-s\u00eb me institucione si SHSKUK, IPH Pej\u00eb dhe IAAP Tafil Kasumaj, p\u00ebr mund\u00ebsi praktike dhe zhvillim profesional.\" \/>\n<meta property=\"og:url\" content=\"https:\/\/unhz.eu\/en\/marreveshje-bashkepunimi-per-studente\/\" \/>\n<meta property=\"og:site_name\" content=\"University Haxhi Zeka\" \/>\n<meta property=\"article:publisher\" content=\"https:\/\/www.facebook.com\/uni.haxhizeka\" \/>\n<meta property=\"article:modified_time\" content=\"2025-07-29T08:38:45+00:00\" \/>\n<meta property=\"og:image\" content=\"https:\/\/unhz.eu\/wp-content\/uploads\/2025\/04\/Dizajn-me-logo-te-UHZ.webp\" \/>\n\t<meta property=\"og:image:width\" content=\"1000\" \/>\n\t<meta property=\"og:image:height\" content=\"1000\" \/>\n\t<meta property=\"og:image:type\" content=\"image\/webp\" \/>\n<meta name=\"twitter:card\" content=\"summary_large_image\" \/>\n<meta name=\"twitter:site\" content=\"@uni_haxhizeka\" \/>\n<meta name=\"twitter:label1\" content=\"Est. reading time\" \/>\n\t<meta name=\"twitter:data1\" content=\"1 minute\" \/>\n<script type=\"application\/ld+json\" class=\"yoast-schema-graph\">{\"@context\":\"https:\/\/schema.org\",\"@graph\":[{\"@type\":\"WebPage\",\"@id\":\"https:\/\/unhz.eu\/marreveshje-bashkepunimi-per-studente\/\",\"url\":\"https:\/\/unhz.eu\/marreveshje-bashkepunimi-per-studente\/\",\"name\":\"Marr\u00ebveshje bashk\u00ebpunimi p\u00ebr student\u00eb - University Haxhi Zeka\",\"isPartOf\":{\"@id\":\"https:\/\/unhz.eu\/#website\"},\"primaryImageOfPage\":{\"@id\":\"https:\/\/unhz.eu\/marreveshje-bashkepunimi-per-studente\/#primaryimage\"},\"image\":{\"@id\":\"https:\/\/unhz.eu\/marreveshje-bashkepunimi-per-studente\/#primaryimage\"},\"thumbnailUrl\":\"https:\/\/unhz.eu\/wp-content\/uploads\/2025\/04\/Dizajn-me-logo-te-UHZ.webp\",\"datePublished\":\"2024-04-11T08:56:31+00:00\",\"dateModified\":\"2025-07-29T08:38:45+00:00\",\"description\":\"Marr\u00ebveshje bashk\u00ebpunimi p\u00ebr student\u00ebt e UHZ-s\u00eb me institucione si SHSKUK, IPH Pej\u00eb dhe IAAP Tafil Kasumaj, p\u00ebr mund\u00ebsi praktike dhe zhvillim profesional.\",\"breadcrumb\":{\"@id\":\"https:\/\/unhz.eu\/marreveshje-bashkepunimi-per-studente\/#breadcrumb\"},\"inLanguage\":\"en-US\",\"potentialAction\":[{\"@type\":\"ReadAction\",\"target\":[\"https:\/\/unhz.eu\/marreveshje-bashkepunimi-per-studente\/\"]}]},{\"@type\":\"ImageObject\",\"inLanguage\":\"en-US\",\"@id\":\"https:\/\/unhz.eu\/marreveshje-bashkepunimi-per-studente\/#primaryimage\",\"url\":\"https:\/\/unhz.eu\/wp-content\/uploads\/2025\/04\/Dizajn-me-logo-te-UHZ.webp\",\"contentUrl\":\"https:\/\/unhz.eu\/wp-content\/uploads\/2025\/04\/Dizajn-me-logo-te-UHZ.webp\",\"width\":1000,\"height\":1000,\"caption\":\"Universiteti Haxhi Zeka, UHZ logo me background te kuq\"},{\"@type\":\"BreadcrumbList\",\"@id\":\"https:\/\/unhz.eu\/marreveshje-bashkepunimi-per-studente\/#breadcrumb\",\"itemListElement\":[{\"@type\":\"ListItem\",\"position\":1,\"name\":\"Home\",\"item\":\"https:\/\/unhz.eu\/\"},{\"@type\":\"ListItem\",\"position\":2,\"name\":\"Marr\u00ebveshje bashk\u00ebpunimi p\u00ebr student\u00eb\"}]},{\"@type\":\"WebSite\",\"@id\":\"https:\/\/unhz.eu\/#website\",\"url\":\"https:\/\/unhz.eu\/\",\"name\":\"Universiteti \u201cHaxhi Zeka\u201d\",\"description\":\"I dedikuar p\u00ebr cil\u00ebsi, standarde dhe suksese\",\"publisher\":{\"@id\":\"https:\/\/unhz.eu\/#organization\"},\"alternateName\":\"Universiteti Haxhi Zeka\",\"potentialAction\":[{\"@type\":\"SearchAction\",\"target\":{\"@type\":\"EntryPoint\",\"urlTemplate\":\"https:\/\/unhz.eu\/?s={search_term_string}\"},\"query-input\":{\"@type\":\"PropertyValueSpecification\",\"valueRequired\":true,\"valueName\":\"search_term_string\"}}],\"inLanguage\":\"en-US\"},{\"@type\":\"Organization\",\"@id\":\"https:\/\/unhz.eu\/#organization\",\"name\":\"Universiteti \u201cHaxhi Zeka\u201d\",\"alternateName\":\"Universiteti Haxhi Zeka\",\"url\":\"https:\/\/unhz.eu\/\",\"logo\":{\"@type\":\"ImageObject\",\"inLanguage\":\"en-US\",\"@id\":\"https:\/\/unhz.eu\/#\/schema\/logo\/image\/\",\"url\":\"https:\/\/unhz.eu\/wp-content\/uploads\/2025\/04\/logo-unhz.webp\",\"contentUrl\":\"https:\/\/unhz.eu\/wp-content\/uploads\/2025\/04\/logo-unhz.webp\",\"width\":1024,\"height\":260,\"caption\":\"Universiteti \u201cHaxhi Zeka\u201d\"},\"image\":{\"@id\":\"https:\/\/unhz.eu\/#\/schema\/logo\/image\/\"},\"sameAs\":[\"https:\/\/www.facebook.com\/uni.haxhizeka\",\"https:\/\/x.com\/uni_haxhizeka\",\"https:\/\/www.linkedin.com\/school\/haxhi-zeka-university\",\"https:\/\/www.instagram.com\/uni_haxhizeka\/\"],\"description\":\"Universiteti \u201cHaxhi Zeka\u201d n\u00eb Pej\u00eb \u00ebsht\u00eb institucion publik i arsimit t\u00eb lart\u00eb, q\u00eb ofron studime bachelor, master dhe doktorat\u00eb n\u00eb fusha t\u00eb ndryshme si menaxhimi, turizmi, ekonomia, bujq\u00ebsia, arti dhe drejt\u00ebsia. Universiteti synon zhvillimin akademik, hulumtimin shkencor dhe kontributin n\u00eb komunitet.\",\"email\":\"info@unhz.eu\",\"telephone\":\"+38339410970\",\"legalName\":\"Universiteti \u201cHaxhi Zeka\u201d n\u00eb Pej\u00eb\",\"foundingDate\":\"2011-11-14\",\"numberOfEmployees\":{\"@type\":\"QuantitativeValue\",\"minValue\":\"201\",\"maxValue\":\"500\"}}]}<\/script>\n<!-- \/ Yoast SEO Premium plugin. -->","yoast_head_json":{"title":"Marr\u00ebveshje bashk\u00ebpunimi p\u00ebr student\u00eb - University Haxhi Zeka","description":"Marr\u00ebveshje bashk\u00ebpunimi p\u00ebr student\u00ebt e UHZ-s\u00eb me institucione si SHSKUK, IPH Pej\u00eb dhe IAAP Tafil Kasumaj, p\u00ebr mund\u00ebsi praktike dhe zhvillim profesional.","robots":{"index":"index","follow":"follow","max-snippet":"max-snippet:-1","max-image-preview":"max-image-preview:large","max-video-preview":"max-video-preview:-1"},"canonical":"https:\/\/unhz.eu\/en\/marreveshje-bashkepunimi-per-studente\/","og_locale":"en_US","og_type":"article","og_title":"Marr\u00ebveshje bashk\u00ebpunimi p\u00ebr student\u00eb","og_description":"Marr\u00ebveshje bashk\u00ebpunimi p\u00ebr student\u00ebt e UHZ-s\u00eb me institucione si SHSKUK, IPH Pej\u00eb dhe IAAP Tafil Kasumaj, p\u00ebr mund\u00ebsi praktike dhe zhvillim profesional.","og_url":"https:\/\/unhz.eu\/en\/marreveshje-bashkepunimi-per-studente\/","og_site_name":"University Haxhi Zeka","article_publisher":"https:\/\/www.facebook.com\/uni.haxhizeka","article_modified_time":"2025-07-29T08:38:45+00:00","og_image":[{"width":1000,"height":1000,"url":"https:\/\/unhz.eu\/wp-content\/uploads\/2025\/04\/Dizajn-me-logo-te-UHZ.webp","type":"image\/webp"}],"twitter_card":"summary_large_image","twitter_site":"@uni_haxhizeka","twitter_misc":{"Est. reading time":"1 minute"},"schema":{"@context":"https:\/\/schema.org","@graph":[{"@type":"WebPage","@id":"https:\/\/unhz.eu\/marreveshje-bashkepunimi-per-studente\/","url":"https:\/\/unhz.eu\/marreveshje-bashkepunimi-per-studente\/","name":"Marr\u00ebveshje bashk\u00ebpunimi p\u00ebr student\u00eb - University Haxhi Zeka","isPartOf":{"@id":"https:\/\/unhz.eu\/#website"},"primaryImageOfPage":{"@id":"https:\/\/unhz.eu\/marreveshje-bashkepunimi-per-studente\/#primaryimage"},"image":{"@id":"https:\/\/unhz.eu\/marreveshje-bashkepunimi-per-studente\/#primaryimage"},"thumbnailUrl":"https:\/\/unhz.eu\/wp-content\/uploads\/2025\/04\/Dizajn-me-logo-te-UHZ.webp","datePublished":"2024-04-11T08:56:31+00:00","dateModified":"2025-07-29T08:38:45+00:00","description":"Marr\u00ebveshje bashk\u00ebpunimi p\u00ebr student\u00ebt e UHZ-s\u00eb me institucione si SHSKUK, IPH Pej\u00eb dhe IAAP Tafil Kasumaj, p\u00ebr mund\u00ebsi praktike dhe zhvillim profesional.","breadcrumb":{"@id":"https:\/\/unhz.eu\/marreveshje-bashkepunimi-per-studente\/#breadcrumb"},"inLanguage":"en-US","potentialAction":[{"@type":"ReadAction","target":["https:\/\/unhz.eu\/marreveshje-bashkepunimi-per-studente\/"]}]},{"@type":"ImageObject","inLanguage":"en-US","@id":"https:\/\/unhz.eu\/marreveshje-bashkepunimi-per-studente\/#primaryimage","url":"https:\/\/unhz.eu\/wp-content\/uploads\/2025\/04\/Dizajn-me-logo-te-UHZ.webp","contentUrl":"https:\/\/unhz.eu\/wp-content\/uploads\/2025\/04\/Dizajn-me-logo-te-UHZ.webp","width":1000,"height":1000,"caption":"Universiteti Haxhi Zeka, UHZ logo me background te kuq"},{"@type":"BreadcrumbList","@id":"https:\/\/unhz.eu\/marreveshje-bashkepunimi-per-studente\/#breadcrumb","itemListElement":[{"@type":"ListItem","position":1,"name":"Home","item":"https:\/\/unhz.eu\/"},{"@type":"ListItem","position":2,"name":"Marr\u00ebveshje bashk\u00ebpunimi p\u00ebr student\u00eb"}]},{"@type":"WebSite","@id":"https:\/\/unhz.eu\/#website","url":"https:\/\/unhz.eu\/","name":"&quot;Haxhi Zeka&quot; University\u201c","description":"Dedicated to quality, standards and success","publisher":{"@id":"https:\/\/unhz.eu\/#organization"},"alternateName":"Universiteti Haxhi Zeka","potentialAction":[{"@type":"SearchAction","target":{"@type":"EntryPoint","urlTemplate":"https:\/\/unhz.eu\/?s={search_term_string}"},"query-input":{"@type":"PropertyValueSpecification","valueRequired":true,"valueName":"search_term_string"}}],"inLanguage":"en-US"},{"@type":"Organization","@id":"https:\/\/unhz.eu\/#organization","name":"&quot;Haxhi Zeka&quot; University\u201c","alternateName":"Universiteti Haxhi Zeka","url":"https:\/\/unhz.eu\/","logo":{"@type":"ImageObject","inLanguage":"en-US","@id":"https:\/\/unhz.eu\/#\/schema\/logo\/image\/","url":"https:\/\/unhz.eu\/wp-content\/uploads\/2025\/04\/logo-unhz.webp","contentUrl":"https:\/\/unhz.eu\/wp-content\/uploads\/2025\/04\/logo-unhz.webp","width":1024,"height":260,"caption":"Universiteti \u201cHaxhi Zeka\u201d"},"image":{"@id":"https:\/\/unhz.eu\/#\/schema\/logo\/image\/"},"sameAs":["https:\/\/www.facebook.com\/uni.haxhizeka","https:\/\/x.com\/uni_haxhizeka","https:\/\/www.linkedin.com\/school\/haxhi-zeka-university","https:\/\/www.instagram.com\/uni_haxhizeka\/"],"description":"&quot;Haxhi Zeka&quot; University in Peja is a public institution of higher education, offering bachelor&#039;s, master&#039;s and doctoral studies in various fields such as management, tourism, economics, agriculture, art and law. The university aims at academic development, scientific research and contribution to the community.","email":"info@unhz.eu","telephone":"+38339410970","legalName":"Universiteti \u201cHaxhi Zeka\u201d n\u00eb Pej\u00eb","foundingDate":"2011-11-14","numberOfEmployees":{"@type":"QuantitativeValue","minValue":"201","maxValue":"500"}}]}},"acf":[],"_links":{"self":[{"href":"https:\/\/unhz.eu\/en\/wp-json\/wp\/v2\/pages\/21526","targetHints":{"allow":["GET"]}}],"collection":[{"href":"https:\/\/unhz.eu\/en\/wp-json\/wp\/v2\/pages"}],"about":[{"href":"https:\/\/unhz.eu\/en\/wp-json\/wp\/v2\/types\/page"}],"author":[{"embeddable":true,"href":"https:\/\/unhz.eu\/en\/wp-json\/wp\/v2\/users\/1"}],"replies":[{"embeddable":true,"href":"https:\/\/unhz.eu\/en\/wp-json\/wp\/v2\/comments?post=21526"}],"version-history":[{"count":1,"href":"https:\/\/unhz.eu\/en\/wp-json\/wp\/v2\/pages\/21526\/revisions"}],"predecessor-version":[{"id":52691,"href":"https:\/\/unhz.eu\/en\/wp-json\/wp\/v2\/pages\/21526\/revisions\/52691"}],"wp:featuredmedia":[{"embeddable":true,"href":"https:\/\/unhz.eu\/en\/wp-json\/wp\/v2\/media\/50754"}],"wp:attachment":[{"href":"https:\/\/unhz.eu\/en\/wp-json\/wp\/v2\/media?parent=21526"}],"curies":[{"name":"wp","href":"https:\/\/api.w.org\/{rel}","templated":true}]}}