{"id":21522,"date":"2024-04-11T08:54:56","date_gmt":"2024-04-11T08:54:56","guid":{"rendered":"http:\/\/unhz.local\/?page_id=21522"},"modified":"2025-07-18T08:39:38","modified_gmt":"2025-07-18T06:39:38","slug":"kalendaret","status":"publish","type":"page","link":"https:\/\/unhz.eu\/en\/kalendaret\/","title":{"rendered":"Calendars"},"content":{"rendered":"<div data-elementor-type=\"wp-page\" data-elementor-id=\"21522\" class=\"elementor elementor-21522\" data-elementor-post-type=\"page\">\n\t\t\t\t\t\t<section class=\"elementor-section elementor-top-section elementor-element elementor-element-1b4f833 elementor-section-boxed elementor-section-height-default elementor-section-height-default sc_fly_static\" data-id=\"1b4f833\" data-element_type=\"section\" data-e-type=\"section\">\n\t\t\t\t\t\t<div class=\"elementor-container elementor-column-gap-extended\">\n\t\t\t\t\t<div class=\"elementor-column elementor-col-100 elementor-top-column elementor-element elementor-element-8d44c20 sc_content_align_inherit sc_layouts_column_icons_position_left sc_fly_static\" data-id=\"8d44c20\" data-element_type=\"column\" data-e-type=\"column\">\n\t\t\t<div class=\"elementor-widget-wrap elementor-element-populated\">\n\t\t\t\t\t\t<div class=\"elementor-element elementor-element-e1ef406 sc_fly_static elementor-widget elementor-widget-trx_sc_title\" data-id=\"e1ef406\" data-element_type=\"widget\" data-e-type=\"widget\" data-widget_type=\"trx_sc_title.default\">\n\t\t\t\t<div class=\"elementor-widget-container\">\n\t\t\t\t\t<div\t\tclass=\"sc_title sc_title_default\" ><span class=\"sc_item_subtitle sc_title_subtitle sc_item_subtitle_above sc_item_title_style_default\">About<\/span><h4 class=\"sc_item_title sc_title_title sc_item_title_style_default sc_item_title_tag\"\n\t\t\t><span class=\"sc_item_title_text\">Kalendar\u00ebve Akademik<\/span><\/h4><\/div>\t\t\t\t<\/div>\n\t\t\t\t<\/div>\n\t\t\t\t<div class=\"elementor-element elementor-element-65d5283 sc_fly_static elementor-widget elementor-widget-spacer\" data-id=\"65d5283\" data-element_type=\"widget\" data-e-type=\"widget\" data-widget_type=\"spacer.default\">\n\t\t\t\t<div class=\"elementor-widget-container\">\n\t\t\t\t\t\t\t<div class=\"elementor-spacer\">\n\t\t\t<div class=\"elementor-spacer-inner\"><\/div>\n\t\t<\/div>\n\t\t\t\t\t\t<\/div>\n\t\t\t\t<\/div>\n\t\t\t\t<div class=\"elementor-element elementor-element-8ef06e7 sc_fly_static elementor-widget elementor-widget-text-editor\" data-id=\"8ef06e7\" data-element_type=\"widget\" data-e-type=\"widget\" data-widget_type=\"text-editor.default\">\n\t\t\t\t<div class=\"elementor-widget-container\">\n\t\t\t\t\t\t\t\t\t<table width=\"100%\"><tbody><tr><td width=\"33%\"><strong>Periudha Semestrale<\/strong><\/td><td width=\"33%\"><strong>Periudha (bachelor)<\/strong><\/td><td width=\"33%\"><strong>Periudha (Master)<\/strong><\/td><\/tr><tr><td width=\"33%\">Semestri dim\u00ebror<\/td><td width=\"33%\">1 Tetor \u2013 15 Janar<\/td><td width=\"33%\">\u00a0<\/td><\/tr><tr><td width=\"33%\">Semestri veror<\/td><td width=\"33%\">16 Shkurt \u2013 31 Maj<\/td><td width=\"33%\">\u00a0<\/td><\/tr><tr><td colspan=\"3\" width=\"100%\"><strong>Taking exams<\/strong><\/td><\/tr><tr><td width=\"33%\">Afati i janarit<\/td><td width=\"33%\">20 Janar \u2013 15 Shkurt<\/td><td width=\"33%\">\u00a0<\/td><\/tr><tr><td width=\"33%\">Afati i qershorit<\/td><td width=\"33%\">5 Qershor \u2013 5 Korrik<\/td><td width=\"33%\">\u00a0<\/td><\/tr><tr><td width=\"33%\">Afati i shtatorit<\/td><td width=\"33%\">1 Shtator \u2013 30 Shtator<\/td><td width=\"33%\">\u00a0<\/td><\/tr><tr><td colspan=\"3\" width=\"100%\"><strong>Paraqitja e provimeve b\u00ebhet:<\/strong><\/td><\/tr><tr><td width=\"33%\">P\u00ebr afatin e janarit<\/td><td width=\"33%\">15 \u2013 20 Janar<\/td><td width=\"33%\">\u00a0<\/td><\/tr><tr><td width=\"33%\">P\u00ebr afatin e qershorit<\/td><td width=\"33%\">1 \u2013 5 Qershor<\/td><td width=\"33%\">\u00a0<\/td><\/tr><tr><td width=\"33%\">P\u00ebr afatin e shtatorit<\/td><td width=\"33%\">20 \u2013 30 Gusht<\/td><td width=\"33%\">\u00a0<\/td><\/tr><tr><td width=\"33%\">Afatet p\u00ebr mbrojtjen e provimit p\u00ebrfundimtar (diplom\u00ebs) jan\u00eb:<\/td><td width=\"33%\"><p>Afati i janaritAfati i qershorit<\/p><p>Afati i shtatorit<\/p><\/td><td width=\"33%\">\u00a0<\/td><\/tr><tr><td width=\"33%\">Diploma i dor\u00ebzohet studentit n\u00eb m\u00ebnyr\u00eb solemne n\u00eb tri afate:<\/td><td width=\"33%\"><p>Afati i janaritAfati i qershorit<\/p><p>Afati i shtatorit<\/p><\/td><td width=\"33%\">\u00a0<\/td><\/tr><tr><td width=\"33%\">Transferet e student\u00ebve<\/td><td width=\"33%\">1 tetor deri 15 tetor<\/td><td width=\"33%\">\u00a0<\/td><\/tr><\/tbody><\/table><p>\u00a0<\/p>\t\t\t\t\t\t\t\t<\/div>\n\t\t\t\t<\/div>\n\t\t\t\t<div class=\"elementor-element elementor-element-edbfd89 sc_fly_static elementor-widget elementor-widget-spacer\" data-id=\"edbfd89\" data-element_type=\"widget\" data-e-type=\"widget\" data-widget_type=\"spacer.default\">\n\t\t\t\t<div class=\"elementor-widget-container\">\n\t\t\t\t\t\t\t<div class=\"elementor-spacer\">\n\t\t\t<div class=\"elementor-spacer-inner\"><\/div>\n\t\t<\/div>\n\t\t\t\t\t\t<\/div>\n\t\t\t\t<\/div>\n\t\t\t\t\t<\/div>\n\t\t<\/div>\n\t\t\t\t\t<\/div>\n\t\t<\/section>\n\t\t\t\t<section class=\"elementor-section elementor-top-section elementor-element elementor-element-53936eb elementor-section-boxed elementor-section-height-default elementor-section-height-default sc_fly_static\" data-id=\"53936eb\" data-element_type=\"section\" data-e-type=\"section\">\n\t\t\t\t\t\t<div class=\"elementor-container elementor-column-gap-extended\">\n\t\t\t\t\t<div class=\"elementor-column elementor-col-100 elementor-top-column elementor-element elementor-element-b192144 sc_content_align_inherit sc_layouts_column_icons_position_left sc_fly_static\" data-id=\"b192144\" data-element_type=\"column\" data-e-type=\"column\">\n\t\t\t<div class=\"elementor-widget-wrap elementor-element-populated\">\n\t\t\t\t\t\t<div class=\"elementor-element elementor-element-aa04e13 elementor-blockquote--skin-border elementor-blockquote--button-color-official sc_fly_static elementor-widget elementor-widget-blockquote\" data-id=\"aa04e13\" data-element_type=\"widget\" data-e-type=\"widget\" data-widget_type=\"blockquote.default\">\n\t\t\t\t<div class=\"elementor-widget-container\">\n\t\t\t\t\t\t\t<blockquote class=\"elementor-blockquote\">\n\t\t\t<p class=\"elementor-blockquote__content\">\n\t\t\t\t Ky kalendar vlen p\u00ebr student\u00ebt e nivelit t\u00eb studimeve themelore \u2013 Bachelor dhe \u00ebsht\u00eb n\u00eb p\u00ebrputhje me rregulloren e studimeve t\u00eb miratuar nga Senati\t\t\t<\/p>\n\t\t\t\t\t\t\t<div class=\"e-q-footer\">\n\t\t\t\t\t\t\t\t\t\t\t<cite class=\"elementor-blockquote__author\">V\u00ebrejtje<\/cite>\n\t\t\t\t\t\t\t\t\t\t\t\t\t\t<\/div>\n\t\t\t\t\t<\/blockquote>\n\t\t\t\t\t\t<\/div>\n\t\t\t\t<\/div>\n\t\t\t\t\t<\/div>\n\t\t<\/div>\n\t\t\t\t\t<\/div>\n\t\t<\/section>\n\t\t\t\t<\/div>","protected":false},"excerpt":{"rendered":"<p>Rreth Kalendar\u00ebve Akademik Periudha Semestrale Periudha (bachelor) Periudha (Master) Semestri dim\u00ebror 1 Tetor \u2013 15&hellip;<\/p>","protected":false},"author":1,"featured_media":50754,"parent":0,"menu_order":0,"comment_status":"closed","ping_status":"closed","template":"","meta":{"_acf_changed":false,"footnotes":""},"class_list":["post-21522","page","type-page","status-publish","has-post-thumbnail","hentry"],"yoast_head":"<!-- This site is optimized with the Yoast SEO Premium plugin v27.2 (Yoast SEO v27.2) - https:\/\/yoast.com\/product\/yoast-seo-premium-wordpress\/ -->\n<title>Kalendar\u00ebt - University Haxhi Zeka<\/title>\n<meta name=\"description\" content=\"Shfletoni kalendar\u00ebt akademik\u00eb t\u00eb UHZ p\u00ebr semestrat, ngjarjet dhe datat e r\u00ebnd\u00ebsishme \u2013 oraret, afatet dhe plane t\u00eb qarta p\u00ebr student\u00eb e staf.\" \/>\n<meta name=\"robots\" content=\"index, follow, max-snippet:-1, max-image-preview:large, max-video-preview:-1\" \/>\n<link rel=\"canonical\" href=\"https:\/\/unhz.eu\/en\/kalendaret\/\" \/>\n<meta property=\"og:locale\" content=\"en_US\" \/>\n<meta property=\"og:type\" content=\"article\" \/>\n<meta property=\"og:title\" content=\"Kalendar\u00ebt\" \/>\n<meta property=\"og:description\" content=\"Shfletoni kalendar\u00ebt akademik\u00eb t\u00eb UHZ p\u00ebr semestrat, ngjarjet dhe datat e r\u00ebnd\u00ebsishme \u2013 oraret, afatet dhe plane t\u00eb qarta p\u00ebr student\u00eb e staf.\" \/>\n<meta property=\"og:url\" content=\"https:\/\/unhz.eu\/en\/kalendaret\/\" \/>\n<meta property=\"og:site_name\" content=\"University Haxhi Zeka\" \/>\n<meta property=\"article:publisher\" content=\"https:\/\/www.facebook.com\/uni.haxhizeka\" \/>\n<meta property=\"article:modified_time\" content=\"2025-07-18T06:39:38+00:00\" \/>\n<meta property=\"og:image\" content=\"https:\/\/unhz.eu\/wp-content\/uploads\/2025\/04\/Dizajn-me-logo-te-UHZ.webp\" \/>\n\t<meta property=\"og:image:width\" content=\"1000\" \/>\n\t<meta property=\"og:image:height\" content=\"1000\" \/>\n\t<meta property=\"og:image:type\" content=\"image\/webp\" \/>\n<meta name=\"twitter:card\" content=\"summary_large_image\" \/>\n<meta name=\"twitter:site\" content=\"@uni_haxhizeka\" \/>\n<meta name=\"twitter:label1\" content=\"Est. reading time\" \/>\n\t<meta name=\"twitter:data1\" content=\"1 minute\" \/>\n<script type=\"application\/ld+json\" class=\"yoast-schema-graph\">{\"@context\":\"https:\/\/schema.org\",\"@graph\":[{\"@type\":\"WebPage\",\"@id\":\"https:\/\/unhz.eu\/kalendaret\/\",\"url\":\"https:\/\/unhz.eu\/kalendaret\/\",\"name\":\"Kalendar\u00ebt - University Haxhi Zeka\",\"isPartOf\":{\"@id\":\"https:\/\/unhz.eu\/#website\"},\"primaryImageOfPage\":{\"@id\":\"https:\/\/unhz.eu\/kalendaret\/#primaryimage\"},\"image\":{\"@id\":\"https:\/\/unhz.eu\/kalendaret\/#primaryimage\"},\"thumbnailUrl\":\"https:\/\/unhz.eu\/wp-content\/uploads\/2025\/04\/Dizajn-me-logo-te-UHZ.webp\",\"datePublished\":\"2024-04-11T08:54:56+00:00\",\"dateModified\":\"2025-07-18T06:39:38+00:00\",\"description\":\"Shfletoni kalendar\u00ebt akademik\u00eb t\u00eb UHZ p\u00ebr semestrat, ngjarjet dhe datat e r\u00ebnd\u00ebsishme \u2013 oraret, afatet dhe plane t\u00eb qarta p\u00ebr student\u00eb e staf.\",\"breadcrumb\":{\"@id\":\"https:\/\/unhz.eu\/kalendaret\/#breadcrumb\"},\"inLanguage\":\"en-US\",\"potentialAction\":[{\"@type\":\"ReadAction\",\"target\":[\"https:\/\/unhz.eu\/kalendaret\/\"]}]},{\"@type\":\"ImageObject\",\"inLanguage\":\"en-US\",\"@id\":\"https:\/\/unhz.eu\/kalendaret\/#primaryimage\",\"url\":\"https:\/\/unhz.eu\/wp-content\/uploads\/2025\/04\/Dizajn-me-logo-te-UHZ.webp\",\"contentUrl\":\"https:\/\/unhz.eu\/wp-content\/uploads\/2025\/04\/Dizajn-me-logo-te-UHZ.webp\",\"width\":1000,\"height\":1000,\"caption\":\"Universiteti Haxhi Zeka, UHZ logo me background te kuq\"},{\"@type\":\"BreadcrumbList\",\"@id\":\"https:\/\/unhz.eu\/kalendaret\/#breadcrumb\",\"itemListElement\":[{\"@type\":\"ListItem\",\"position\":1,\"name\":\"Home\",\"item\":\"https:\/\/unhz.eu\/\"},{\"@type\":\"ListItem\",\"position\":2,\"name\":\"Kalendar\u00ebt\"}]},{\"@type\":\"WebSite\",\"@id\":\"https:\/\/unhz.eu\/#website\",\"url\":\"https:\/\/unhz.eu\/\",\"name\":\"Universiteti \u201cHaxhi Zeka\u201d\",\"description\":\"I dedikuar p\u00ebr cil\u00ebsi, standarde dhe suksese\",\"publisher\":{\"@id\":\"https:\/\/unhz.eu\/#organization\"},\"alternateName\":\"Universiteti Haxhi Zeka\",\"potentialAction\":[{\"@type\":\"SearchAction\",\"target\":{\"@type\":\"EntryPoint\",\"urlTemplate\":\"https:\/\/unhz.eu\/?s={search_term_string}\"},\"query-input\":{\"@type\":\"PropertyValueSpecification\",\"valueRequired\":true,\"valueName\":\"search_term_string\"}}],\"inLanguage\":\"en-US\"},{\"@type\":\"Organization\",\"@id\":\"https:\/\/unhz.eu\/#organization\",\"name\":\"Universiteti \u201cHaxhi Zeka\u201d\",\"alternateName\":\"Universiteti Haxhi Zeka\",\"url\":\"https:\/\/unhz.eu\/\",\"logo\":{\"@type\":\"ImageObject\",\"inLanguage\":\"en-US\",\"@id\":\"https:\/\/unhz.eu\/#\/schema\/logo\/image\/\",\"url\":\"https:\/\/unhz.eu\/wp-content\/uploads\/2025\/04\/logo-unhz.webp\",\"contentUrl\":\"https:\/\/unhz.eu\/wp-content\/uploads\/2025\/04\/logo-unhz.webp\",\"width\":1024,\"height\":260,\"caption\":\"Universiteti \u201cHaxhi Zeka\u201d\"},\"image\":{\"@id\":\"https:\/\/unhz.eu\/#\/schema\/logo\/image\/\"},\"sameAs\":[\"https:\/\/www.facebook.com\/uni.haxhizeka\",\"https:\/\/x.com\/uni_haxhizeka\",\"https:\/\/www.linkedin.com\/school\/haxhi-zeka-university\",\"https:\/\/www.instagram.com\/uni_haxhizeka\/\"],\"description\":\"Universiteti \u201cHaxhi Zeka\u201d n\u00eb Pej\u00eb \u00ebsht\u00eb institucion publik i arsimit t\u00eb lart\u00eb, q\u00eb ofron studime bachelor, master dhe doktorat\u00eb n\u00eb fusha t\u00eb ndryshme si menaxhimi, turizmi, ekonomia, bujq\u00ebsia, arti dhe drejt\u00ebsia. Universiteti synon zhvillimin akademik, hulumtimin shkencor dhe kontributin n\u00eb komunitet.\",\"email\":\"info@unhz.eu\",\"telephone\":\"+38339410970\",\"legalName\":\"Universiteti \u201cHaxhi Zeka\u201d n\u00eb Pej\u00eb\",\"foundingDate\":\"2011-11-14\",\"numberOfEmployees\":{\"@type\":\"QuantitativeValue\",\"minValue\":\"201\",\"maxValue\":\"500\"}}]}<\/script>\n<!-- \/ Yoast SEO Premium plugin. -->","yoast_head_json":{"title":"Kalendar\u00ebt - University Haxhi Zeka","description":"Shfletoni kalendar\u00ebt akademik\u00eb t\u00eb UHZ p\u00ebr semestrat, ngjarjet dhe datat e r\u00ebnd\u00ebsishme \u2013 oraret, afatet dhe plane t\u00eb qarta p\u00ebr student\u00eb e staf.","robots":{"index":"index","follow":"follow","max-snippet":"max-snippet:-1","max-image-preview":"max-image-preview:large","max-video-preview":"max-video-preview:-1"},"canonical":"https:\/\/unhz.eu\/en\/kalendaret\/","og_locale":"en_US","og_type":"article","og_title":"Kalendar\u00ebt","og_description":"Shfletoni kalendar\u00ebt akademik\u00eb t\u00eb UHZ p\u00ebr semestrat, ngjarjet dhe datat e r\u00ebnd\u00ebsishme \u2013 oraret, afatet dhe plane t\u00eb qarta p\u00ebr student\u00eb e staf.","og_url":"https:\/\/unhz.eu\/en\/kalendaret\/","og_site_name":"University Haxhi Zeka","article_publisher":"https:\/\/www.facebook.com\/uni.haxhizeka","article_modified_time":"2025-07-18T06:39:38+00:00","og_image":[{"width":1000,"height":1000,"url":"https:\/\/unhz.eu\/wp-content\/uploads\/2025\/04\/Dizajn-me-logo-te-UHZ.webp","type":"image\/webp"}],"twitter_card":"summary_large_image","twitter_site":"@uni_haxhizeka","twitter_misc":{"Est. reading time":"1 minute"},"schema":{"@context":"https:\/\/schema.org","@graph":[{"@type":"WebPage","@id":"https:\/\/unhz.eu\/kalendaret\/","url":"https:\/\/unhz.eu\/kalendaret\/","name":"Kalendar\u00ebt - University Haxhi Zeka","isPartOf":{"@id":"https:\/\/unhz.eu\/#website"},"primaryImageOfPage":{"@id":"https:\/\/unhz.eu\/kalendaret\/#primaryimage"},"image":{"@id":"https:\/\/unhz.eu\/kalendaret\/#primaryimage"},"thumbnailUrl":"https:\/\/unhz.eu\/wp-content\/uploads\/2025\/04\/Dizajn-me-logo-te-UHZ.webp","datePublished":"2024-04-11T08:54:56+00:00","dateModified":"2025-07-18T06:39:38+00:00","description":"Shfletoni kalendar\u00ebt akademik\u00eb t\u00eb UHZ p\u00ebr semestrat, ngjarjet dhe datat e r\u00ebnd\u00ebsishme \u2013 oraret, afatet dhe plane t\u00eb qarta p\u00ebr student\u00eb e staf.","breadcrumb":{"@id":"https:\/\/unhz.eu\/kalendaret\/#breadcrumb"},"inLanguage":"en-US","potentialAction":[{"@type":"ReadAction","target":["https:\/\/unhz.eu\/kalendaret\/"]}]},{"@type":"ImageObject","inLanguage":"en-US","@id":"https:\/\/unhz.eu\/kalendaret\/#primaryimage","url":"https:\/\/unhz.eu\/wp-content\/uploads\/2025\/04\/Dizajn-me-logo-te-UHZ.webp","contentUrl":"https:\/\/unhz.eu\/wp-content\/uploads\/2025\/04\/Dizajn-me-logo-te-UHZ.webp","width":1000,"height":1000,"caption":"Universiteti Haxhi Zeka, UHZ logo me background te kuq"},{"@type":"BreadcrumbList","@id":"https:\/\/unhz.eu\/kalendaret\/#breadcrumb","itemListElement":[{"@type":"ListItem","position":1,"name":"Home","item":"https:\/\/unhz.eu\/"},{"@type":"ListItem","position":2,"name":"Kalendar\u00ebt"}]},{"@type":"WebSite","@id":"https:\/\/unhz.eu\/#website","url":"https:\/\/unhz.eu\/","name":"&quot;Haxhi Zeka&quot; University\u201c","description":"Dedicated to quality, standards and success","publisher":{"@id":"https:\/\/unhz.eu\/#organization"},"alternateName":"Universiteti Haxhi Zeka","potentialAction":[{"@type":"SearchAction","target":{"@type":"EntryPoint","urlTemplate":"https:\/\/unhz.eu\/?s={search_term_string}"},"query-input":{"@type":"PropertyValueSpecification","valueRequired":true,"valueName":"search_term_string"}}],"inLanguage":"en-US"},{"@type":"Organization","@id":"https:\/\/unhz.eu\/#organization","name":"&quot;Haxhi Zeka&quot; University\u201c","alternateName":"Universiteti Haxhi Zeka","url":"https:\/\/unhz.eu\/","logo":{"@type":"ImageObject","inLanguage":"en-US","@id":"https:\/\/unhz.eu\/#\/schema\/logo\/image\/","url":"https:\/\/unhz.eu\/wp-content\/uploads\/2025\/04\/logo-unhz.webp","contentUrl":"https:\/\/unhz.eu\/wp-content\/uploads\/2025\/04\/logo-unhz.webp","width":1024,"height":260,"caption":"Universiteti \u201cHaxhi Zeka\u201d"},"image":{"@id":"https:\/\/unhz.eu\/#\/schema\/logo\/image\/"},"sameAs":["https:\/\/www.facebook.com\/uni.haxhizeka","https:\/\/x.com\/uni_haxhizeka","https:\/\/www.linkedin.com\/school\/haxhi-zeka-university","https:\/\/www.instagram.com\/uni_haxhizeka\/"],"description":"&quot;Haxhi Zeka&quot; University in Peja is a public institution of higher education, offering bachelor&#039;s, master&#039;s and doctoral studies in various fields such as management, tourism, economics, agriculture, art and law. The university aims at academic development, scientific research and contribution to the community.","email":"info@unhz.eu","telephone":"+38339410970","legalName":"Universiteti \u201cHaxhi Zeka\u201d n\u00eb Pej\u00eb","foundingDate":"2011-11-14","numberOfEmployees":{"@type":"QuantitativeValue","minValue":"201","maxValue":"500"}}]}},"acf":[],"_links":{"self":[{"href":"https:\/\/unhz.eu\/en\/wp-json\/wp\/v2\/pages\/21522","targetHints":{"allow":["GET"]}}],"collection":[{"href":"https:\/\/unhz.eu\/en\/wp-json\/wp\/v2\/pages"}],"about":[{"href":"https:\/\/unhz.eu\/en\/wp-json\/wp\/v2\/types\/page"}],"author":[{"embeddable":true,"href":"https:\/\/unhz.eu\/en\/wp-json\/wp\/v2\/users\/1"}],"replies":[{"embeddable":true,"href":"https:\/\/unhz.eu\/en\/wp-json\/wp\/v2\/comments?post=21522"}],"version-history":[{"count":2,"href":"https:\/\/unhz.eu\/en\/wp-json\/wp\/v2\/pages\/21522\/revisions"}],"predecessor-version":[{"id":56747,"href":"https:\/\/unhz.eu\/en\/wp-json\/wp\/v2\/pages\/21522\/revisions\/56747"}],"wp:featuredmedia":[{"embeddable":true,"href":"https:\/\/unhz.eu\/en\/wp-json\/wp\/v2\/media\/50754"}],"wp:attachment":[{"href":"https:\/\/unhz.eu\/en\/wp-json\/wp\/v2\/media?parent=21522"}],"curies":[{"name":"wp","href":"https:\/\/api.w.org\/{rel}","templated":true}]}}