{"id":21506,"date":"2024-04-11T08:36:10","date_gmt":"2024-04-11T08:36:10","guid":{"rendered":"http:\/\/unhz.local\/?page_id=21506"},"modified":"2025-06-03T14:06:18","modified_gmt":"2025-06-03T12:06:18","slug":"sherbimi-konsultor","status":"publish","type":"page","link":"https:\/\/unhz.eu\/en\/sherbimi-konsultor\/","title":{"rendered":"Consulting Service"},"content":{"rendered":"<div data-elementor-type=\"wp-page\" data-elementor-id=\"21506\" class=\"elementor elementor-21506\" data-elementor-post-type=\"page\">\n\t\t\t\t\t\t<section class=\"elementor-section elementor-top-section elementor-element elementor-element-53961c5 elementor-section-boxed elementor-section-height-default elementor-section-height-default sc_fly_static\" data-id=\"53961c5\" data-element_type=\"section\" data-e-type=\"section\">\n\t\t\t\t\t\t<div class=\"elementor-container elementor-column-gap-extended\">\n\t\t\t\t\t<div class=\"elementor-column elementor-col-100 elementor-top-column elementor-element elementor-element-b84c275 sc_content_align_inherit sc_layouts_column_icons_position_left sc_fly_static\" data-id=\"b84c275\" data-element_type=\"column\" data-e-type=\"column\">\n\t\t\t<div class=\"elementor-widget-wrap elementor-element-populated\">\n\t\t\t\t\t\t<div class=\"elementor-element elementor-element-0df358e elementor-icon-list--layout-traditional elementor-list-item-link-full_width sc_fly_static elementor-widget elementor-widget-icon-list\" data-id=\"0df358e\" data-element_type=\"widget\" data-e-type=\"widget\" data-widget_type=\"icon-list.default\">\n\t\t\t\t<div class=\"elementor-widget-container\">\n\t\t\t\t\t\t\t<ul class=\"elementor-icon-list-items\">\n\t\t\t\t\t\t\t<li class=\"elementor-icon-list-item\">\n\t\t\t\t\t\t\t\t\t\t\t<span class=\"elementor-icon-list-icon\">\n\t\t\t\t\t\t\t<svg aria-hidden=\"true\" class=\"e-font-icon-svg e-fab-pushed\" viewbox=\"0 0 432 512\" xmlns=\"http:\/\/www.w3.org\/2000\/svg\"><path d=\"M407 111.9l-98.5-9 14-33.4c10.4-23.5-10.8-40.4-28.7-37L22.5 76.9c-15.1 2.7-26 18.3-21.4 36.6l105.1 348.3c6.5 21.3 36.7 24.2 47.7 7l35.3-80.8 235.2-231.3c16.4-16.8 4.3-42.9-17.4-44.8zM297.6 53.6c5.1-.7 7.5 2.5 5.2 7.4L286 100.9 108.6 84.6l189-31zM22.7 107.9c-3.1-5.1 1-10 6.1-9.1l248.7 22.7-96.9 230.7L22.7 107.9zM136 456.4c-2.6 4-7.9 3.1-9.4-1.2L43.5 179.7l127.7 197.6c-7 15-35.2 79.1-35.2 79.1zm272.8-314.5L210.1 337.3l89.7-213.7 106.4 9.7c4 1.1 5.7 5.3 2.6 8.6z\"><\/path><\/svg>\t\t\t\t\t\t<\/span>\n\t\t\t\t\t\t\t\t\t\t<span class=\"elementor-icon-list-text\">Sistemi tutorial - Peer to Peer<\/span>\n\t\t\t\t\t\t\t\t\t<\/li>\n\t\t\t\t\t\t<\/ul>\n\t\t\t\t\t\t<\/div>\n\t\t\t\t<\/div>\n\t\t\t\t<div class=\"elementor-element elementor-element-386323a sc_fly_static elementor-widget elementor-widget-spacer\" data-id=\"386323a\" data-element_type=\"widget\" data-e-type=\"widget\" data-widget_type=\"spacer.default\">\n\t\t\t\t<div class=\"elementor-widget-container\">\n\t\t\t\t\t\t\t<div class=\"elementor-spacer\">\n\t\t\t<div class=\"elementor-spacer-inner\"><\/div>\n\t\t<\/div>\n\t\t\t\t\t\t<\/div>\n\t\t\t\t<\/div>\n\t\t\t\t<div class=\"elementor-element elementor-element-8a31fe2 sc_fly_static elementor-widget elementor-widget-text-editor\" data-id=\"8a31fe2\" data-element_type=\"widget\" data-e-type=\"widget\" data-widget_type=\"text-editor.default\">\n\t\t\t\t<div class=\"elementor-widget-container\">\n\t\t\t\t\t\t\t\t\t<p><span style=\"font-size: 18px; background-color: var(--theme-color-bg_color); color: var(--theme-color-text); letter-spacing: 0.1px;\">Deklarata Shkollore e Tutor\u00ebve Personal<\/span><\/p><p>2016\/17<\/p><p>Mire se vini n\u00eb sesionin e ri akademik!<\/p><p>Q\u00ebllimi i k\u00ebtij dokumenti \u00ebsht\u00eb q\u00eb t\u2019ju ofroj nj\u00eb pasqyr\u00eb t\u00eb marr\u00ebveshjeve t\u00eb tutor\u00ebve personal \u00a0n\u00eb Universitetin Haxhi Zeka<\/p><p>P\u00ebrfitimet e sistemit tutorial personal<\/p><p>Duke punuar n\u00eb partneritet me tutorin tuaj personal dhe personelin m\u00ebsimor, do t\u00eb keni mund\u00ebsi t\u00eb mb\u00ebshtetjes p\u00ebr t\u2019u\/t\u00eb:<\/p><ul><li>B\u00ebr\u00eb nj\u00eb lider me shum\u00eb vet\u00ebbesim dhe t\u00eb luani nj\u00eb rol aktiv n\u00eb komunitetin tuaj akademik;<\/li><li>Reflektoni mbi progresin tuaj akademik dhe efektin tuaj mbi reagimet akademike;<\/li><li>Zhvilloni gam\u00ebn e aft\u00ebsive dhe cil\u00ebsive t\u00eb nevojshme p\u00ebr sukses n\u00eb universitet dhe m\u00eb gjer\u00eb.<\/li><\/ul><p>Detaje m\u00eb t\u00eb gjera p\u00ebr t\u00eb gjitha aspektet e tutorit personal, si dhe burime t\u00eb tjera t\u00eb mb\u00ebshtetjes n\u00eb Universitet, mund t\u00eb gjenden n\u00eb link-un e m\u00ebposht\u00ebm:<\/p><p>Si do t\u2019i paraqes Universiteti \u00a0k\u00ebto p\u00ebrfitime \u2013 Student\u00ebt Universitar<\/p><p>Si nj\u00eb student universitar, ju do t\u00eb keni nj\u00eb num\u00ebr t\u00eb madh takimesh me tutorin tuaj personal, s\u00eb bashku me nj\u00eb num\u00ebr t\u00eb madh grupor, gjat\u00eb periudh\u00ebs s\u00eb p\u00ebrfundimit t\u00eb drejtimit tuaj.<\/p><p><strong>Takimet nj\u00eb-me-nj\u00eb:<\/strong><\/p><p><strong>Viti i par\u00eb:<\/strong><\/p><p>Secilit student do t\u2019i caktohet nj\u00eb koh\u00eb takimi n\u00eb letr\u00ebn e mir\u00ebseardhjes dhe do t\u2019a ket\u00eb mund\u00ebsin\u00eb q\u00eb ta shoh tutorin personal t\u00eb tij\/saj. Ky takim \u00ebsht\u00eb i detyruesh\u00ebm p\u00ebr student\u00ebt dhe do t\u00eb zgjas\u00eb rreth 15 minuta; q\u00ebllimi i tij do t\u00eb jet\u00eb konfirmimi i pjes\u00ebmarrjes dhe t\u00eb siguroj\u00eb q\u00eb student\u00ebt jan\u00eb t\u00eb regjistruar dhe t\u00eb jete si takim njoftues.<\/p><p>Student\u00ebt e vitit t\u00eb par\u00eb do t\u00eb ken\u00eb takime nj\u00eb-me-nj\u00eb shtes\u00eb me tutor\u00ebt e tyre personal, n\u00eb semestrin e dyt\u00eb: ky takim do t\u00eb para-organizohet nga Zyra e Mb\u00ebshtetjes s\u00eb Student\u00ebve dhe \u00ebsht\u00eb i detyruesh\u00ebm p\u00ebr t\u00eb gjith\u00eb student\u00ebt. Q\u00ebllimi i takimit do t\u00eb jet\u00eb reflektimi mbi dhe diskutimi i progresit t\u00eb p\u00ebrgjithsh\u00ebm (duke p\u00ebrfshir\u00eb nj\u00eb rishikim t\u00eb rezultateve t\u00eb provimit dhe rezultatin e vler\u00ebsimit t\u00eb provimeve), dhe t\u00eb v\u00eb n\u00eb vend mekanizma t\u00eb tjera t\u00eb mb\u00ebshtetjes, kur t\u00eb jet\u00eb e nevojshme. Pas takimit, student\u00ebve do t\u2019u k\u00ebrkohet t\u00eb b\u00ebjn\u00eb nj\u00eb sh\u00ebnim t\u00eb shkurt\u00ebr t\u00eb takimit.<\/p><p><strong>Viti i dyt\u00eb:<\/strong><\/p><p>Student\u00ebt do t\u00eb mbajn\u00eb takim nj\u00eb-me-nj\u00eb me tutorin e tyre personal, n\u00eb fillim t\u00eb semestrit t\u00eb par\u00eb, n\u00eb m\u00ebnyr\u00eb q\u00eb ta konfirmojn\u00eb pjes\u00ebmarrjen e tyre, k\u00ebrkojn\u00eb udh\u00ebzim q\u00eb t\u00eb zgjedhin l\u00ebnd\u00ebt zgjedhore dhe ta rishikojn\u00eb progresin akademik. Ky takim \u00ebsht\u00eb obligativ p\u00ebr t\u00eb gjith\u00eb student\u00ebt dhe zgjat\u00eb rreth 10 \u2013 15 minutave. Nj\u00eb let\u00ebr me t\u00eb gjitha detajet e takimit do t\u00eb jet\u00eb e postuar n\u00eb der\u00ebn e zyr\u00ebs s\u00eb profesoreve. Student\u00ebt jan\u00eb t\u00eb detyruar t\u00eb konfirmojn\u00eb pjes\u00ebmarrjen\u00a0 p\u00ebr takim, si n\u00eb vijim: (i) ata me problemet e progresit (n\u00ebp\u00ebrmjet provimeve t\u00eb d\u00ebshtuara apo t\u00eb humbura ose atyre q\u00eb jan\u00eb kthyer p\u00ebrs\u00ebri pas nd\u00ebrprerjes s\u00eb studimeve), duhet t\u00eb takohen me tutor\u00ebt e tyre personal gjat\u00eb jav\u00ebs s\u00eb mir\u00ebseardhjes. Zyra p\u00ebr Mb\u00ebshtetjen e Student\u00ebve do t\u2019i njoftoj k\u00ebta student paraprakisht permes web faqes n\u00eb m\u00ebnyr\u00eb q\u00eb t\u00eb ua b\u00ebj\u00eb me dije atyre p\u00ebr nj\u00eb takim t\u00eb m\u00ebhersh\u00ebm; (ii) T\u00eb gjith\u00eb student\u00ebt e tjer\u00eb duhet t\u00eb takohen me tutor\u00ebt e tyre personal deri n\u00eb fund t\u00eb muajit tetor.<\/p><p>N\u00eb fillim t\u00eb semestrit t\u00eb dyt\u00eb, t\u00eb gjith\u00eb student\u00ebt e vitit t\u00eb dyt\u00eb do t\u00eb lajmerohen permes web faqes \u00a0nga Zyra p\u00ebr Mb\u00ebshtetjen e Student\u00ebve: ata do t\u00eb ftohen q\u00eb t\u2019i kontaktojn\u00eb tutor\u00ebt e tyre personal, p\u00ebr t\u00eb diskutuar \u00a0n\u00eb nj\u00eb takimi ball\u00eb-p\u00ebr-ball\u00eb \u00e7do pyetje e cila ka dalur nga performanca e tyre apo \u00e7do lloj \u00e7\u00ebshtje tjet\u00ebr e cila lidhet me studimet e tyre. Student\u00ebt q\u00eb jan\u00eb duke hasur probleme me p\u00ebrparimin e tyre akademik (p.sh, n\u00ebp\u00ebrmes vler\u00ebsimeve t\u00eb tyre t\u00eb d\u00ebshtuara apo t\u00eb humbura), do t\u00eb kontaktohen ve\u00e7mas nga ZMS dhe do t\u00eb k\u00ebrkohet t\u00eb n\u00ebnshkruhen n\u00eb flet\u00ebn e n\u00ebnshkrimeve p\u00ebr nj\u00eb takim me tutor\u00ebt e tyre personal. Ky takim \u00ebsht\u00eb obligativ dhe do t\u00eb synoj\u00eb q\u00eb t\u00eb v\u00eb n\u00eb rrug\u00ebn e duhur ato mekanizma n\u00eb t\u00eb cilat duhet mb\u00ebshtetje.<\/p><p><strong>Viti i tret\u00eb dhe i kat\u00ebrt:<\/strong><\/p><p>Student\u00ebt do t\u00eb ftohen p\u00ebr t\u00eb n\u00ebnshkruar p\u00ebr nj\u00eb takim me tutor\u00ebt e tyre personal n\u00eb fillim t\u00eb semestrit t\u00eb par\u00eb, n\u00eb m\u00ebnyr\u00eb q\u00eb t\u00eb konfirmojn\u00eb pjes\u00ebmarrjen, si dhe p\u00ebr t\u00eb diskutuar progresin dhe \u00e7\u00ebshtje e tjera. Ky takim \u00ebsht\u00eb obligativ p\u00ebr t\u00eb gjith\u00eb student\u00ebt dhe do t\u00eb zgjas\u00eb rreth 10\/15 minuta. Nj\u00eb flet\u00eb e cila p\u00ebrcakton t\u00eb gjitha detajet e takimeve do t\u00eb jet\u00eb e postuar n\u00eb der\u00ebn e zyr\u00ebs s\u00eb profesoreve. Student\u00ebt jan\u00eb t\u00eb detyruar q\u00eb ta n\u00ebnshkruajn\u00eb p\u00ebr nj\u00eb takim, si n\u00eb vijim: (i) ata me \u00e7\u00ebshtje t\u00eb progresit (n\u00ebp\u00ebrmjet provimeve t\u00eb d\u00ebshtuara apo t\u00eb humbura, ose q\u00eb jan\u00eb kthyer pas nd\u00ebrprerjes s\u00eb studimeve) duhet t\u00eb shohim tutor\u00ebt e tyre personale gjat\u00eb jav\u00ebs s\u00eb mir\u00ebseardhjes. Zyra p\u00ebr Mb\u00ebshtetjen e Student\u00ebve do t\u00eb kontaktoj\u00eb k\u00ebta student paraprakisht p\u00ebr t\u2019iu kujtuar atyre p\u00ebr takimin e m\u00ebhersh\u00ebm; (ii) T\u00eb gjith\u00eb student\u00ebt e tjer\u00eb duhet t\u00eb takohen me tutor\u00ebt e tyre personal deri n\u00eb fund t\u00eb muajit tetor.<\/p><p>N\u00eb fillim t\u00eb semestrit t\u00eb dyt\u00eb, t\u00eb gjith\u00eb student\u00ebt do njoftohen permes web faqes \u00a0Zyra e Mb\u00ebshtetjes s\u00eb Student\u00ebve: ata do t\u00eb ftohen p\u00ebr t\u00eb kontaktuar tutor\u00ebt e tyre personal q\u00eb t\u00eb diskutojn\u00eb n\u00eb nj\u00eb takim ball\u00eb-p\u00ebr-ball\u00eb p\u00ebr \u00e7do pyetje q\u00eb del nga performanca e tyre deri m\u00eb sot apo ndonj\u00eb \u00e7\u00ebshtje tjet\u00ebr q\u00eb lidhet me studimet e tyre. Student\u00ebt q\u00eb kan\u00eb probleme n\u00eb lidhje me p\u00ebrparimin e tyre akademik do t\u00eb kontaktohen ve\u00e7mas nga ZMS dhe do t\u00eb k\u00ebrkohet nga ta q\u00eb t\u00eb n\u00ebnshkruhen p\u00ebr nj\u00eb takim n\u00ebp\u00ebrmjet flet\u00ebs s\u00eb n\u00ebnshkrimeve p\u00ebr nj\u00eb takim n\u00eb zyre e tutor\u00ebve personal. N\u00eb prag t\u00eb takimeve, student\u00ebt do t\u00eb d\u00ebrgojn\u00eb nj\u00eb deklarat\u00eb t\u00eb shkurt\u00ebr n\u00eb lidhje me pun\u00ebn e tyre, n\u00eb m\u00ebnyr\u00eb q\u00eb ajo t\u00eb mund t\u00eb formoj baz\u00ebn p\u00ebr diskutimin e nevojave t\u00eb student\u00ebve dhe p\u00ebr p\u00ebrparimin dhe p\u00ebrmir\u00ebsimin e planeve p\u00ebr t\u00eb ardhmen.<\/p><p><strong>P\u00ebrve\u00e7 takimeve t\u00eb caktuara, student\u00ebt mund t\u00eb k\u00ebrkojn\u00eb nj\u00eb takim me tutor\u00ebt e tyre personal n\u00eb \u00e7do koh\u00eb gjat\u00eb vitit akademik, duke p\u00ebrdorur e-mailin.<\/strong><\/p><p><strong>Takimet Grupore:<\/strong><\/p><p>Datat dhe vendet p\u00ebr t\u00eb gjitha takimet grupore do t\u00eb shpallen n\u00eb jav\u00ebn e mir\u00ebseardhjeve.<\/p><p><strong>Viti i pare:<\/strong><\/p><p>Student\u00ebt e vitit t\u00eb par\u00eb do t\u00eb ken\u00eb tre takime grupore gjat\u00eb vitit akademik, si\u00e7 mund ta shihni m\u00eb posht\u00eb:<\/p><ol><li><strong>Semestri 1,<\/strong>\u00a0rreth jav\u00ebs s\u00eb 7-t\u00eb: nj\u00eb takim grupor (q\u00eb zgjat\u00eb nj\u00eb or\u00eb) n\u00eb marrjen dhe forcimin e aft\u00ebsive t\u00eb provimit n\u00eb l\u00ebnd\u00ebt t\u00eb cilat studentet kan\u00eb m\u00eb shume ngecje.\u00a0 \u00a0<\/li><li><strong>Semestri 1<\/strong>, rreth jav\u00ebs s\u00eb 11-t\u00eb: nj\u00eb takim grupor t\u00eb organizuar nga tutor\u00ebt personal (zgjat\u00eb rreth 45 minuta) p\u00ebr t\u00eb diskutuar pyetjet q\u00eb dalin nga seanca e ligj\u00ebratave nga lendet ku ka ngecje.<\/li><li><strong>Semestri 2,<\/strong>\u00a0rreth jav\u00ebs s\u00eb 9-t\u00eb: nj\u00eb takim grupor gjat\u00eb t\u00ebr\u00eb vitit (q\u00eb zgjat\u00eb nj\u00eb or\u00eb) n\u00eb adresimin e sfidave t\u00eb nj\u00eb shqyrtimi e problemeve dhe ngecjeve.<\/li><\/ol><p>Student\u00ebt e vitit t\u00eb dyt\u00eb dhe te tret\u00eb do t\u00eb marrin pjes\u00eb minimum n\u00eb tre takime grupore gjat\u00eb t\u00ebr\u00eb vitit akademik, fokusi i k\u00ebtyre takimeve do t\u00eb ndryshoj\u00eb sipas programit n\u00eb t\u00eb cil\u00ebn jan\u00eb regjistruar student\u00ebt dhe raportit te arritshm\u00ebrise se rezultateve ne provime. I njeti model i takimeve do te vazhdoj edhe ne dy apo tri vitet tjera te studiemve vetem fokusi i takimi \u00ebsht\u00eb ndryshe.<\/p><p><strong>Mb\u00ebshtetja Peer:<\/strong><\/p><p>Aktivitetet mb\u00ebshtet\u00ebse Peer jan\u00eb, gjithashtu, n\u00eb dispozicion p\u00ebr \u00e7do student n\u00eb universitet. Ne do t\u00eb ju inkurajojm\u00eb studentet q\u00eb t\u00eb inkuadrohen n\u00eb k\u00ebt\u00eb, p\u00ebrderisa \u00ebsht\u00eb nj\u00eb m\u00ebnyr\u00eb e mir\u00eb p\u00ebr t\u2019u angazhuar me student\u00ebt e tjer\u00eb.<\/p><p>\u00c7do vit student\u00ebt e UHZ-s\u00eb t\u00eb vitit t\u00eb par\u00eb jan\u00eb caktuar automatikisht n\u00eb nj\u00eb grup Peer i cili mblidhet \u00e7do jav\u00eb p\u00ebr nj\u00eb or\u00eb n\u00eb jav\u00eb n\u00eb semestrin e par\u00eb. Grupet udh\u00ebhiqen nga lider\u00eb t\u00eb trajnuar t\u00eb cil\u00ebt jan\u00eb student t\u00eb vitit t\u00eb tret\u00eb, \u00a0t\u00eb kat\u00ebrt dhe te studimeve Master t\u00eb cil\u00ebt jan\u00eb atje p\u00ebr t\u00eb ndihmuar t\u00eb lundrojn\u00eb jet\u00ebn n\u00eb Universitetin Haxhi Zeka.<\/p><p>Linqe tjera:<br \/><a href=\"https:\/\/drive.google.com\/file\/d\/1Ra_pojWkeidQIhwtSD4qaMxCx6M8m2dH\/view?usp=sharing\">Raporti per sistemin tutorial<br \/><\/a><a href=\"https:\/\/drive.google.com\/file\/d\/1GuAW-_qryHHxO3O4CRa-uYSwfYbbjdiG\/view?usp=sharing\">Udhezimet per profesoret Sistemi Tutorial<\/a><\/p>\t\t\t\t\t\t\t\t<\/div>\n\t\t\t\t<\/div>\n\t\t\t\t\t<\/div>\n\t\t<\/div>\n\t\t\t\t\t<\/div>\n\t\t<\/section>\n\t\t\t\t<\/div>","protected":false},"excerpt":{"rendered":"<p>Sistemi tutorial &#8211; Peer to Peer Deklarata Shkollore e Tutor\u00ebve Personal 2016\/17 Mire se vini&hellip;<\/p>","protected":false},"author":1,"featured_media":0,"parent":0,"menu_order":0,"comment_status":"closed","ping_status":"closed","template":"","meta":{"_acf_changed":false,"footnotes":""},"class_list":["post-21506","page","type-page","status-publish","hentry"],"yoast_head":"<!-- This site is optimized with the Yoast SEO Premium plugin v27.2 (Yoast SEO v27.2) - https:\/\/yoast.com\/product\/yoast-seo-premium-wordpress\/ -->\n<title>Sh\u00ebrbimi Konsultor - University Haxhi Zeka<\/title>\n<meta name=\"robots\" content=\"index, follow, max-snippet:-1, max-image-preview:large, max-video-preview:-1\" \/>\n<link rel=\"canonical\" href=\"https:\/\/unhz.eu\/en\/sherbimi-konsultor\/\" \/>\n<meta property=\"og:locale\" content=\"en_US\" \/>\n<meta property=\"og:type\" content=\"article\" \/>\n<meta property=\"og:title\" content=\"Sh\u00ebrbimi Konsultor\" \/>\n<meta property=\"og:description\" content=\"Sistemi tutorial &#8211; Peer to Peer Deklarata Shkollore e Tutor\u00ebve Personal 2016\/17 Mire se vini&hellip;\" \/>\n<meta property=\"og:url\" content=\"https:\/\/unhz.eu\/en\/sherbimi-konsultor\/\" \/>\n<meta property=\"og:site_name\" content=\"University Haxhi Zeka\" \/>\n<meta property=\"article:publisher\" content=\"https:\/\/www.facebook.com\/uni.haxhizeka\" \/>\n<meta property=\"article:modified_time\" content=\"2025-06-03T12:06:18+00:00\" \/>\n<meta name=\"twitter:card\" content=\"summary_large_image\" \/>\n<meta name=\"twitter:site\" content=\"@uni_haxhizeka\" \/>\n<meta name=\"twitter:label1\" content=\"Est. reading time\" \/>\n\t<meta name=\"twitter:data1\" content=\"6 minutes\" \/>\n<script type=\"application\/ld+json\" class=\"yoast-schema-graph\">{\"@context\":\"https:\/\/schema.org\",\"@graph\":[{\"@type\":\"WebPage\",\"@id\":\"https:\/\/unhz.eu\/sherbimi-konsultor\/\",\"url\":\"https:\/\/unhz.eu\/sherbimi-konsultor\/\",\"name\":\"Sh\u00ebrbimi Konsultor - University Haxhi Zeka\",\"isPartOf\":{\"@id\":\"https:\/\/unhz.eu\/#website\"},\"datePublished\":\"2024-04-11T08:36:10+00:00\",\"dateModified\":\"2025-06-03T12:06:18+00:00\",\"breadcrumb\":{\"@id\":\"https:\/\/unhz.eu\/sherbimi-konsultor\/#breadcrumb\"},\"inLanguage\":\"en-US\",\"potentialAction\":[{\"@type\":\"ReadAction\",\"target\":[\"https:\/\/unhz.eu\/sherbimi-konsultor\/\"]}]},{\"@type\":\"BreadcrumbList\",\"@id\":\"https:\/\/unhz.eu\/sherbimi-konsultor\/#breadcrumb\",\"itemListElement\":[{\"@type\":\"ListItem\",\"position\":1,\"name\":\"Home\",\"item\":\"https:\/\/unhz.eu\/\"},{\"@type\":\"ListItem\",\"position\":2,\"name\":\"Sh\u00ebrbimi Konsultor\"}]},{\"@type\":\"WebSite\",\"@id\":\"https:\/\/unhz.eu\/#website\",\"url\":\"https:\/\/unhz.eu\/\",\"name\":\"Universiteti \u201cHaxhi Zeka\u201d\",\"description\":\"I dedikuar p\u00ebr cil\u00ebsi, standarde dhe suksese\",\"publisher\":{\"@id\":\"https:\/\/unhz.eu\/#organization\"},\"alternateName\":\"Universiteti Haxhi Zeka\",\"potentialAction\":[{\"@type\":\"SearchAction\",\"target\":{\"@type\":\"EntryPoint\",\"urlTemplate\":\"https:\/\/unhz.eu\/?s={search_term_string}\"},\"query-input\":{\"@type\":\"PropertyValueSpecification\",\"valueRequired\":true,\"valueName\":\"search_term_string\"}}],\"inLanguage\":\"en-US\"},{\"@type\":\"Organization\",\"@id\":\"https:\/\/unhz.eu\/#organization\",\"name\":\"Universiteti \u201cHaxhi Zeka\u201d\",\"alternateName\":\"Universiteti Haxhi Zeka\",\"url\":\"https:\/\/unhz.eu\/\",\"logo\":{\"@type\":\"ImageObject\",\"inLanguage\":\"en-US\",\"@id\":\"https:\/\/unhz.eu\/#\/schema\/logo\/image\/\",\"url\":\"https:\/\/unhz.eu\/wp-content\/uploads\/2025\/04\/logo-unhz.webp\",\"contentUrl\":\"https:\/\/unhz.eu\/wp-content\/uploads\/2025\/04\/logo-unhz.webp\",\"width\":1024,\"height\":260,\"caption\":\"Universiteti \u201cHaxhi Zeka\u201d\"},\"image\":{\"@id\":\"https:\/\/unhz.eu\/#\/schema\/logo\/image\/\"},\"sameAs\":[\"https:\/\/www.facebook.com\/uni.haxhizeka\",\"https:\/\/x.com\/uni_haxhizeka\",\"https:\/\/www.linkedin.com\/school\/haxhi-zeka-university\",\"https:\/\/www.instagram.com\/uni_haxhizeka\/\"],\"description\":\"Universiteti \u201cHaxhi Zeka\u201d n\u00eb Pej\u00eb \u00ebsht\u00eb institucion publik i arsimit t\u00eb lart\u00eb, q\u00eb ofron studime bachelor, master dhe doktorat\u00eb n\u00eb fusha t\u00eb ndryshme si menaxhimi, turizmi, ekonomia, bujq\u00ebsia, arti dhe drejt\u00ebsia. Universiteti synon zhvillimin akademik, hulumtimin shkencor dhe kontributin n\u00eb komunitet.\",\"email\":\"info@unhz.eu\",\"telephone\":\"+38339410970\",\"legalName\":\"Universiteti \u201cHaxhi Zeka\u201d n\u00eb Pej\u00eb\",\"foundingDate\":\"2011-11-14\",\"numberOfEmployees\":{\"@type\":\"QuantitativeValue\",\"minValue\":\"201\",\"maxValue\":\"500\"}}]}<\/script>\n<!-- \/ Yoast SEO Premium plugin. -->","yoast_head_json":{"title":"Sh\u00ebrbimi Konsultor - University Haxhi Zeka","robots":{"index":"index","follow":"follow","max-snippet":"max-snippet:-1","max-image-preview":"max-image-preview:large","max-video-preview":"max-video-preview:-1"},"canonical":"https:\/\/unhz.eu\/en\/sherbimi-konsultor\/","og_locale":"en_US","og_type":"article","og_title":"Sh\u00ebrbimi Konsultor","og_description":"Sistemi tutorial &#8211; Peer to Peer Deklarata Shkollore e Tutor\u00ebve Personal 2016\/17 Mire se vini&hellip;","og_url":"https:\/\/unhz.eu\/en\/sherbimi-konsultor\/","og_site_name":"University Haxhi Zeka","article_publisher":"https:\/\/www.facebook.com\/uni.haxhizeka","article_modified_time":"2025-06-03T12:06:18+00:00","twitter_card":"summary_large_image","twitter_site":"@uni_haxhizeka","twitter_misc":{"Est. reading time":"6 minutes"},"schema":{"@context":"https:\/\/schema.org","@graph":[{"@type":"WebPage","@id":"https:\/\/unhz.eu\/sherbimi-konsultor\/","url":"https:\/\/unhz.eu\/sherbimi-konsultor\/","name":"Sh\u00ebrbimi Konsultor - University Haxhi Zeka","isPartOf":{"@id":"https:\/\/unhz.eu\/#website"},"datePublished":"2024-04-11T08:36:10+00:00","dateModified":"2025-06-03T12:06:18+00:00","breadcrumb":{"@id":"https:\/\/unhz.eu\/sherbimi-konsultor\/#breadcrumb"},"inLanguage":"en-US","potentialAction":[{"@type":"ReadAction","target":["https:\/\/unhz.eu\/sherbimi-konsultor\/"]}]},{"@type":"BreadcrumbList","@id":"https:\/\/unhz.eu\/sherbimi-konsultor\/#breadcrumb","itemListElement":[{"@type":"ListItem","position":1,"name":"Home","item":"https:\/\/unhz.eu\/"},{"@type":"ListItem","position":2,"name":"Sh\u00ebrbimi Konsultor"}]},{"@type":"WebSite","@id":"https:\/\/unhz.eu\/#website","url":"https:\/\/unhz.eu\/","name":"&quot;Haxhi Zeka&quot; University\u201c","description":"Dedicated to quality, standards and success","publisher":{"@id":"https:\/\/unhz.eu\/#organization"},"alternateName":"Universiteti Haxhi Zeka","potentialAction":[{"@type":"SearchAction","target":{"@type":"EntryPoint","urlTemplate":"https:\/\/unhz.eu\/?s={search_term_string}"},"query-input":{"@type":"PropertyValueSpecification","valueRequired":true,"valueName":"search_term_string"}}],"inLanguage":"en-US"},{"@type":"Organization","@id":"https:\/\/unhz.eu\/#organization","name":"&quot;Haxhi Zeka&quot; University\u201c","alternateName":"Universiteti Haxhi Zeka","url":"https:\/\/unhz.eu\/","logo":{"@type":"ImageObject","inLanguage":"en-US","@id":"https:\/\/unhz.eu\/#\/schema\/logo\/image\/","url":"https:\/\/unhz.eu\/wp-content\/uploads\/2025\/04\/logo-unhz.webp","contentUrl":"https:\/\/unhz.eu\/wp-content\/uploads\/2025\/04\/logo-unhz.webp","width":1024,"height":260,"caption":"Universiteti \u201cHaxhi Zeka\u201d"},"image":{"@id":"https:\/\/unhz.eu\/#\/schema\/logo\/image\/"},"sameAs":["https:\/\/www.facebook.com\/uni.haxhizeka","https:\/\/x.com\/uni_haxhizeka","https:\/\/www.linkedin.com\/school\/haxhi-zeka-university","https:\/\/www.instagram.com\/uni_haxhizeka\/"],"description":"&quot;Haxhi Zeka&quot; University in Peja is a public institution of higher education, offering bachelor&#039;s, master&#039;s and doctoral studies in various fields such as management, tourism, economics, agriculture, art and law. The university aims at academic development, scientific research and contribution to the community.","email":"info@unhz.eu","telephone":"+38339410970","legalName":"Universiteti \u201cHaxhi Zeka\u201d n\u00eb Pej\u00eb","foundingDate":"2011-11-14","numberOfEmployees":{"@type":"QuantitativeValue","minValue":"201","maxValue":"500"}}]}},"acf":[],"_links":{"self":[{"href":"https:\/\/unhz.eu\/en\/wp-json\/wp\/v2\/pages\/21506","targetHints":{"allow":["GET"]}}],"collection":[{"href":"https:\/\/unhz.eu\/en\/wp-json\/wp\/v2\/pages"}],"about":[{"href":"https:\/\/unhz.eu\/en\/wp-json\/wp\/v2\/types\/page"}],"author":[{"embeddable":true,"href":"https:\/\/unhz.eu\/en\/wp-json\/wp\/v2\/users\/1"}],"replies":[{"embeddable":true,"href":"https:\/\/unhz.eu\/en\/wp-json\/wp\/v2\/comments?post=21506"}],"version-history":[{"count":1,"href":"https:\/\/unhz.eu\/en\/wp-json\/wp\/v2\/pages\/21506\/revisions"}],"predecessor-version":[{"id":52644,"href":"https:\/\/unhz.eu\/en\/wp-json\/wp\/v2\/pages\/21506\/revisions\/52644"}],"wp:attachment":[{"href":"https:\/\/unhz.eu\/en\/wp-json\/wp\/v2\/media?parent=21506"}],"curies":[{"name":"wp","href":"https:\/\/api.w.org\/{rel}","templated":true}]}}