{"id":21494,"date":"2024-04-11T08:31:48","date_gmt":"2024-04-11T08:31:48","guid":{"rendered":"http:\/\/unhz.local\/?page_id=21494"},"modified":"2025-07-25T10:06:52","modified_gmt":"2025-07-25T08:06:52","slug":"administrata-qendrore","status":"publish","type":"page","link":"https:\/\/unhz.eu\/en\/administrata-qendrore\/","title":{"rendered":"Central Administration"},"content":{"rendered":"<p><strong>Administrata Qendrore e<a href=\"http:\/\/unhz.eu\"> Universitetit Haxhi Zeka<\/a><\/strong> n\u00eb Pej\u00eb p\u00ebrfaq\u00ebson b\u00ebrtham\u00ebn menaxheriale dhe operacionale t\u00eb institucionit. Ajo mb\u00ebshtet t\u00eb gjitha proceset akademike dhe administrative p\u00ebr t\u00eb siguruar funksionim efikas, transparenc\u00eb dhe zhvillim t\u00eb q\u00ebndruesh\u00ebm institucional.<\/p>\n\n\n\n<p>N\u00ebn drejtimin e Sekretarit t\u00eb P\u00ebrgjithsh\u00ebm, <strong data-start=\"1043\" data-end=\"1092\">Administrata Qendrore Universiteti Haxhi Zeka<\/strong> \u00ebsht\u00eb p\u00ebrgjegj\u00ebse p\u00ebr ofrimin e sh\u00ebrbimeve t\u00eb strukturuara dhe profesionale q\u00eb mb\u00ebshtesin fakultetet, stafin dhe student\u00ebt. Kjo p\u00ebrfshin mbik\u00ebqyrjen dhe menaxhimin e \u00e7\u00ebshtjeve q\u00eb lidhen me:<\/p>\n\n\n\n<ul class=\"wp-block-list\">\n<li><p data-start=\"1286\" data-end=\"1340\">Arsimin, k\u00ebrkimin shkencor dhe aktivitetet artistike<\/p><\/li>\n\n\n\n<li><p data-start=\"1343\" data-end=\"1398\">Administrimin e personelit akademik dhe administrativ<\/p><\/li>\n\n\n\n<li><p data-start=\"1401\" data-end=\"1452\">Njohjen e studimeve dhe dokumentacionin studentor<\/p><\/li>\n\n\n\n<li><p data-start=\"1455\" data-end=\"1515\">\u00c7\u00ebshtjet juridike dhe zbatimin e rregulloreve t\u00eb brendshme<\/p><\/li>\n\n\n\n<li><p data-start=\"1518\" data-end=\"1575\">Planifikimin dhe zhvillimin strategjik t\u00eb universitetit<\/p><\/li>\n\n\n\n<li><p data-start=\"1518\" data-end=\"1575\">Kontabilitetin, menaxhimin financiar dhe raportimin<\/p><\/li>\n\n\n\n<li><p data-start=\"1518\" data-end=\"1575\">Inventarizimin, mir\u00ebmbajtjen dhe dokumentimin e pron\u00ebs<\/p><\/li>\n\n\n\n<li><p data-start=\"1518\" data-end=\"1575\">Qarkullimin e mallrave dhe sh\u00ebrbimet logjistike<\/p><\/li>\n\n\n\n<li><p data-start=\"1518\" data-end=\"1575\">Sistemin e informimit dhe baz\u00ebn qendrore t\u00eb t\u00eb dh\u00ebnave<\/p><\/li>\n<\/ul>\n\n\n\n<p>P\u00ebrmes k\u00ebtyre funksioneve, administrata synon t\u00eb ofroj\u00eb nj\u00eb mjedis t\u00eb q\u00ebndruesh\u00ebm dhe efikas q\u00eb p\u00ebrforcon misionin akademik t\u00eb universitetit. \u00c7do sektor brenda saj punon n\u00eb p\u00ebrputhje me standardet ligjore dhe objektivat institucional\u00eb p\u00ebr t\u00eb garantuar sh\u00ebrbime cil\u00ebsore dhe transparente.<\/p>\n\n\n\n<p><strong data-start=\"2090\" data-end=\"2139\">Central Administration <a href=\"http:\/\/www.unhz.eu\">Universiteti Haxhi Zeka<\/a><\/strong> \u00ebsht\u00eb nj\u00eb pjes\u00eb thelb\u00ebsore e menaxhimit universitar, q\u00eb ndikon drejtp\u00ebrdrejt n\u00eb p\u00ebrmir\u00ebsimin e p\u00ebrvoj\u00ebs s\u00eb student\u00ebve dhe efikasitetin e stafit akademik dhe administrativ.<\/p>\n\n\n\n<p><\/p>","protected":false},"excerpt":{"rendered":"<p>Administrata Qendrore e Universitetit Haxhi Zeka n\u00eb Pej\u00eb p\u00ebrfaq\u00ebson b\u00ebrtham\u00ebn menaxheriale dhe operacionale t\u00eb institucionit.&hellip;<\/p>","protected":false},"author":1,"featured_media":56965,"parent":0,"menu_order":0,"comment_status":"closed","ping_status":"closed","template":"","meta":{"_acf_changed":false,"footnotes":""},"class_list":["post-21494","page","type-page","status-publish","has-post-thumbnail","hentry"],"yoast_head":"<!-- This site is optimized with the Yoast SEO Premium plugin v27.2 (Yoast SEO v27.2) - https:\/\/yoast.com\/product\/yoast-seo-premium-wordpress\/ -->\n<title>Administrata Qendrore \u2013 Universiteti \u201cHaxhi Zeka\u201d n\u00eb Pej\u00eb<\/title>\n<meta name=\"description\" content=\"Administrata Qendrore Universiteti Haxhi Zeka mb\u00ebshtet proceset akademike, k\u00ebrkimin shkencor dhe zhvillimin institucional p\u00ebrmes sh\u00ebrbimeve t\u00eb organizuara dhe efikase administrative.\" \/>\n<meta name=\"robots\" content=\"index, follow, max-snippet:-1, max-image-preview:large, max-video-preview:-1\" \/>\n<link rel=\"canonical\" href=\"https:\/\/unhz.eu\/en\/administrata-qendrore\/\" \/>\n<meta property=\"og:locale\" content=\"en_US\" \/>\n<meta property=\"og:type\" content=\"article\" \/>\n<meta property=\"og:title\" content=\"Administrata Qendrore\" \/>\n<meta property=\"og:description\" content=\"Administrata Qendrore Universiteti Haxhi Zeka mb\u00ebshtet proceset akademike, k\u00ebrkimin shkencor dhe zhvillimin institucional p\u00ebrmes sh\u00ebrbimeve t\u00eb organizuara dhe efikase administrative.\" \/>\n<meta property=\"og:url\" content=\"https:\/\/unhz.eu\/en\/administrata-qendrore\/\" \/>\n<meta property=\"og:site_name\" content=\"University Haxhi Zeka\" \/>\n<meta property=\"article:publisher\" content=\"https:\/\/www.facebook.com\/uni.haxhizeka\" \/>\n<meta property=\"article:modified_time\" content=\"2025-07-25T08:06:52+00:00\" \/>\n<meta property=\"og:image\" content=\"https:\/\/unhz.eu\/wp-content\/uploads\/2025\/07\/Administration-left-1.jpg\" \/>\n\t<meta property=\"og:image:width\" content=\"1280\" \/>\n\t<meta property=\"og:image:height\" content=\"655\" \/>\n\t<meta property=\"og:image:type\" content=\"image\/jpeg\" \/>\n<meta name=\"twitter:card\" content=\"summary_large_image\" \/>\n<meta name=\"twitter:site\" content=\"@uni_haxhizeka\" \/>\n<meta name=\"twitter:label1\" content=\"Est. reading time\" \/>\n\t<meta name=\"twitter:data1\" content=\"2 minutes\" \/>\n<script type=\"application\/ld+json\" class=\"yoast-schema-graph\">{\"@context\":\"https:\/\/schema.org\",\"@graph\":[{\"@type\":\"WebPage\",\"@id\":\"https:\/\/unhz.eu\/administrata-qendrore\/\",\"url\":\"https:\/\/unhz.eu\/administrata-qendrore\/\",\"name\":\"Administrata Qendrore \u2013 Universiteti \u201cHaxhi Zeka\u201d n\u00eb Pej\u00eb\",\"isPartOf\":{\"@id\":\"https:\/\/unhz.eu\/#website\"},\"primaryImageOfPage\":{\"@id\":\"https:\/\/unhz.eu\/administrata-qendrore\/#primaryimage\"},\"image\":{\"@id\":\"https:\/\/unhz.eu\/administrata-qendrore\/#primaryimage\"},\"thumbnailUrl\":\"https:\/\/unhz.eu\/wp-content\/uploads\/2025\/07\/Administration-left-1.jpg\",\"datePublished\":\"2024-04-11T08:31:48+00:00\",\"dateModified\":\"2025-07-25T08:06:52+00:00\",\"description\":\"Administrata Qendrore Universiteti Haxhi Zeka mb\u00ebshtet proceset akademike, k\u00ebrkimin shkencor dhe zhvillimin institucional p\u00ebrmes sh\u00ebrbimeve t\u00eb organizuara dhe efikase administrative.\",\"breadcrumb\":{\"@id\":\"https:\/\/unhz.eu\/administrata-qendrore\/#breadcrumb\"},\"inLanguage\":\"en-US\",\"potentialAction\":[{\"@type\":\"ReadAction\",\"target\":[\"https:\/\/unhz.eu\/administrata-qendrore\/\"]}]},{\"@type\":\"ImageObject\",\"inLanguage\":\"en-US\",\"@id\":\"https:\/\/unhz.eu\/administrata-qendrore\/#primaryimage\",\"url\":\"https:\/\/unhz.eu\/wp-content\/uploads\/2025\/07\/Administration-left-1.jpg\",\"contentUrl\":\"https:\/\/unhz.eu\/wp-content\/uploads\/2025\/07\/Administration-left-1.jpg\",\"width\":1280,\"height\":655,\"caption\":\"Administrata Qendrore\"},{\"@type\":\"BreadcrumbList\",\"@id\":\"https:\/\/unhz.eu\/administrata-qendrore\/#breadcrumb\",\"itemListElement\":[{\"@type\":\"ListItem\",\"position\":1,\"name\":\"Home\",\"item\":\"https:\/\/unhz.eu\/\"},{\"@type\":\"ListItem\",\"position\":2,\"name\":\"Administrata Qendrore\"}]},{\"@type\":\"WebSite\",\"@id\":\"https:\/\/unhz.eu\/#website\",\"url\":\"https:\/\/unhz.eu\/\",\"name\":\"Universiteti \u201cHaxhi Zeka\u201d\",\"description\":\"I dedikuar p\u00ebr cil\u00ebsi, standarde dhe suksese\",\"publisher\":{\"@id\":\"https:\/\/unhz.eu\/#organization\"},\"alternateName\":\"Universiteti Haxhi Zeka\",\"potentialAction\":[{\"@type\":\"SearchAction\",\"target\":{\"@type\":\"EntryPoint\",\"urlTemplate\":\"https:\/\/unhz.eu\/?s={search_term_string}\"},\"query-input\":{\"@type\":\"PropertyValueSpecification\",\"valueRequired\":true,\"valueName\":\"search_term_string\"}}],\"inLanguage\":\"en-US\"},{\"@type\":\"Organization\",\"@id\":\"https:\/\/unhz.eu\/#organization\",\"name\":\"Universiteti \u201cHaxhi Zeka\u201d\",\"alternateName\":\"Universiteti Haxhi Zeka\",\"url\":\"https:\/\/unhz.eu\/\",\"logo\":{\"@type\":\"ImageObject\",\"inLanguage\":\"en-US\",\"@id\":\"https:\/\/unhz.eu\/#\/schema\/logo\/image\/\",\"url\":\"https:\/\/unhz.eu\/wp-content\/uploads\/2025\/04\/logo-unhz.webp\",\"contentUrl\":\"https:\/\/unhz.eu\/wp-content\/uploads\/2025\/04\/logo-unhz.webp\",\"width\":1024,\"height\":260,\"caption\":\"Universiteti \u201cHaxhi Zeka\u201d\"},\"image\":{\"@id\":\"https:\/\/unhz.eu\/#\/schema\/logo\/image\/\"},\"sameAs\":[\"https:\/\/www.facebook.com\/uni.haxhizeka\",\"https:\/\/x.com\/uni_haxhizeka\",\"https:\/\/www.linkedin.com\/school\/haxhi-zeka-university\",\"https:\/\/www.instagram.com\/uni_haxhizeka\/\"],\"description\":\"Universiteti \u201cHaxhi Zeka\u201d n\u00eb Pej\u00eb \u00ebsht\u00eb institucion publik i arsimit t\u00eb lart\u00eb, q\u00eb ofron studime bachelor, master dhe doktorat\u00eb n\u00eb fusha t\u00eb ndryshme si menaxhimi, turizmi, ekonomia, bujq\u00ebsia, arti dhe drejt\u00ebsia. Universiteti synon zhvillimin akademik, hulumtimin shkencor dhe kontributin n\u00eb komunitet.\",\"email\":\"info@unhz.eu\",\"telephone\":\"+38339410970\",\"legalName\":\"Universiteti \u201cHaxhi Zeka\u201d n\u00eb Pej\u00eb\",\"foundingDate\":\"2011-11-14\",\"numberOfEmployees\":{\"@type\":\"QuantitativeValue\",\"minValue\":\"201\",\"maxValue\":\"500\"}}]}<\/script>\n<!-- \/ Yoast SEO Premium plugin. -->","yoast_head_json":{"title":"Administrata Qendrore \u2013 Universiteti \u201cHaxhi Zeka\u201d n\u00eb Pej\u00eb","description":"Administrata Qendrore Universiteti Haxhi Zeka mb\u00ebshtet proceset akademike, k\u00ebrkimin shkencor dhe zhvillimin institucional p\u00ebrmes sh\u00ebrbimeve t\u00eb organizuara dhe efikase administrative.","robots":{"index":"index","follow":"follow","max-snippet":"max-snippet:-1","max-image-preview":"max-image-preview:large","max-video-preview":"max-video-preview:-1"},"canonical":"https:\/\/unhz.eu\/en\/administrata-qendrore\/","og_locale":"en_US","og_type":"article","og_title":"Administrata Qendrore","og_description":"Administrata Qendrore Universiteti Haxhi Zeka mb\u00ebshtet proceset akademike, k\u00ebrkimin shkencor dhe zhvillimin institucional p\u00ebrmes sh\u00ebrbimeve t\u00eb organizuara dhe efikase administrative.","og_url":"https:\/\/unhz.eu\/en\/administrata-qendrore\/","og_site_name":"University Haxhi Zeka","article_publisher":"https:\/\/www.facebook.com\/uni.haxhizeka","article_modified_time":"2025-07-25T08:06:52+00:00","og_image":[{"width":1280,"height":655,"url":"https:\/\/unhz.eu\/wp-content\/uploads\/2025\/07\/Administration-left-1.jpg","type":"image\/jpeg"}],"twitter_card":"summary_large_image","twitter_site":"@uni_haxhizeka","twitter_misc":{"Est. reading time":"2 minutes"},"schema":{"@context":"https:\/\/schema.org","@graph":[{"@type":"WebPage","@id":"https:\/\/unhz.eu\/administrata-qendrore\/","url":"https:\/\/unhz.eu\/administrata-qendrore\/","name":"Administrata Qendrore \u2013 Universiteti \u201cHaxhi Zeka\u201d n\u00eb Pej\u00eb","isPartOf":{"@id":"https:\/\/unhz.eu\/#website"},"primaryImageOfPage":{"@id":"https:\/\/unhz.eu\/administrata-qendrore\/#primaryimage"},"image":{"@id":"https:\/\/unhz.eu\/administrata-qendrore\/#primaryimage"},"thumbnailUrl":"https:\/\/unhz.eu\/wp-content\/uploads\/2025\/07\/Administration-left-1.jpg","datePublished":"2024-04-11T08:31:48+00:00","dateModified":"2025-07-25T08:06:52+00:00","description":"Administrata Qendrore Universiteti Haxhi Zeka mb\u00ebshtet proceset akademike, k\u00ebrkimin shkencor dhe zhvillimin institucional p\u00ebrmes sh\u00ebrbimeve t\u00eb organizuara dhe efikase administrative.","breadcrumb":{"@id":"https:\/\/unhz.eu\/administrata-qendrore\/#breadcrumb"},"inLanguage":"en-US","potentialAction":[{"@type":"ReadAction","target":["https:\/\/unhz.eu\/administrata-qendrore\/"]}]},{"@type":"ImageObject","inLanguage":"en-US","@id":"https:\/\/unhz.eu\/administrata-qendrore\/#primaryimage","url":"https:\/\/unhz.eu\/wp-content\/uploads\/2025\/07\/Administration-left-1.jpg","contentUrl":"https:\/\/unhz.eu\/wp-content\/uploads\/2025\/07\/Administration-left-1.jpg","width":1280,"height":655,"caption":"Administrata Qendrore"},{"@type":"BreadcrumbList","@id":"https:\/\/unhz.eu\/administrata-qendrore\/#breadcrumb","itemListElement":[{"@type":"ListItem","position":1,"name":"Home","item":"https:\/\/unhz.eu\/"},{"@type":"ListItem","position":2,"name":"Administrata Qendrore"}]},{"@type":"WebSite","@id":"https:\/\/unhz.eu\/#website","url":"https:\/\/unhz.eu\/","name":"&quot;Haxhi Zeka&quot; University\u201c","description":"Dedicated to quality, standards and success","publisher":{"@id":"https:\/\/unhz.eu\/#organization"},"alternateName":"Universiteti Haxhi Zeka","potentialAction":[{"@type":"SearchAction","target":{"@type":"EntryPoint","urlTemplate":"https:\/\/unhz.eu\/?s={search_term_string}"},"query-input":{"@type":"PropertyValueSpecification","valueRequired":true,"valueName":"search_term_string"}}],"inLanguage":"en-US"},{"@type":"Organization","@id":"https:\/\/unhz.eu\/#organization","name":"&quot;Haxhi Zeka&quot; University\u201c","alternateName":"Universiteti Haxhi Zeka","url":"https:\/\/unhz.eu\/","logo":{"@type":"ImageObject","inLanguage":"en-US","@id":"https:\/\/unhz.eu\/#\/schema\/logo\/image\/","url":"https:\/\/unhz.eu\/wp-content\/uploads\/2025\/04\/logo-unhz.webp","contentUrl":"https:\/\/unhz.eu\/wp-content\/uploads\/2025\/04\/logo-unhz.webp","width":1024,"height":260,"caption":"Universiteti \u201cHaxhi Zeka\u201d"},"image":{"@id":"https:\/\/unhz.eu\/#\/schema\/logo\/image\/"},"sameAs":["https:\/\/www.facebook.com\/uni.haxhizeka","https:\/\/x.com\/uni_haxhizeka","https:\/\/www.linkedin.com\/school\/haxhi-zeka-university","https:\/\/www.instagram.com\/uni_haxhizeka\/"],"description":"&quot;Haxhi Zeka&quot; University in Peja is a public institution of higher education, offering bachelor&#039;s, master&#039;s and doctoral studies in various fields such as management, tourism, economics, agriculture, art and law. The university aims at academic development, scientific research and contribution to the community.","email":"info@unhz.eu","telephone":"+38339410970","legalName":"Universiteti \u201cHaxhi Zeka\u201d n\u00eb Pej\u00eb","foundingDate":"2011-11-14","numberOfEmployees":{"@type":"QuantitativeValue","minValue":"201","maxValue":"500"}}]}},"acf":[],"_links":{"self":[{"href":"https:\/\/unhz.eu\/en\/wp-json\/wp\/v2\/pages\/21494","targetHints":{"allow":["GET"]}}],"collection":[{"href":"https:\/\/unhz.eu\/en\/wp-json\/wp\/v2\/pages"}],"about":[{"href":"https:\/\/unhz.eu\/en\/wp-json\/wp\/v2\/types\/page"}],"author":[{"embeddable":true,"href":"https:\/\/unhz.eu\/en\/wp-json\/wp\/v2\/users\/1"}],"replies":[{"embeddable":true,"href":"https:\/\/unhz.eu\/en\/wp-json\/wp\/v2\/comments?post=21494"}],"version-history":[{"count":5,"href":"https:\/\/unhz.eu\/en\/wp-json\/wp\/v2\/pages\/21494\/revisions"}],"predecessor-version":[{"id":56969,"href":"https:\/\/unhz.eu\/en\/wp-json\/wp\/v2\/pages\/21494\/revisions\/56969"}],"wp:featuredmedia":[{"embeddable":true,"href":"https:\/\/unhz.eu\/en\/wp-json\/wp\/v2\/media\/56965"}],"wp:attachment":[{"href":"https:\/\/unhz.eu\/en\/wp-json\/wp\/v2\/media?parent=21494"}],"curies":[{"name":"wp","href":"https:\/\/api.w.org\/{rel}","templated":true}]}}