{"id":60512,"date":"2026-03-17T11:10:54","date_gmt":"2026-03-17T09:10:54","guid":{"rendered":"https:\/\/unhz.eu\/?page_id=60512"},"modified":"2026-03-17T11:19:15","modified_gmt":"2026-03-17T09:19:15","slug":"trajtimi-i-rasteve-te-konfliktit-te-interesit-ne-uhz","status":"publish","type":"page","link":"https:\/\/unhz.eu\/bs\/trajtimi-i-rasteve-te-konfliktit-te-interesit-ne-uhz\/","title":{"rendered":"Trajtimi i rasteve t\u00eb konfliktit t\u00eb interesit n\u00eb UHZ"},"content":{"rendered":"<p>Luan Lulaj<br>Personi p\u00ebrgjegj\u00ebs p\u00ebr trajtimin e rasteve t\u00eb konfliktit t\u00eb interesit n\u00eb UHZ<br>luan.lulaj@unhz.eu<\/p>\n\n\n<div \t\tclass=\"sc_team sc_team_default\"><div class=\"sc_team_columns_wrap sc_item_columns sc_item_posts_container trx_addons_columns_wrap columns_padding_bottom columns_in_single_row\"><div class=\"trx_addons_column-1_3\"><div data-post-id=\"60514\" class=\"sc_team_item sc_item_container post_container no_links post-60514 cpt_team type-cpt_team status-publish has-post-thumbnail hentry cpt_team_group-stafi-i-zyres-ligjore\">\n\t<div class=\"post_featured with_thumb hover_link sc_team_item_thumb\"><img fetchpriority=\"high\" decoding=\"async\" width=\"390\" height=\"476\" src=\"https:\/\/unhz.eu\/wp-content\/uploads\/2024\/04\/no-img.png\" class=\"attachment-law-office-thumb-rectangle size-law-office-thumb-rectangle wp-post-image\" alt=\"\" srcset=\"https:\/\/unhz.eu\/wp-content\/uploads\/2024\/04\/no-img.png 390w, https:\/\/unhz.eu\/wp-content\/uploads\/2024\/04\/no-img-246x300.png 246w, https:\/\/unhz.eu\/wp-content\/uploads\/2024\/04\/no-img-370x452.png 370w\" sizes=\"(max-width: 600px) 100vw, 390px\" \/>\t\t\t\t\t\t<div class=\"mask\"><\/div>\n\t\t\t\t\t\t\t\t\t<a href=\"https:\/\/unhz.eu\/bs\/team\/luan-lulaj\/\"  aria-hidden=\"true\" class=\"link\"><\/a>\n\t\t\t<\/div>\t<div class=\"sc_team_item_info\">\n\t\t<div class=\"sc_team_item_header\">\n\t\t\t<h4 class=\"sc_team_item_title entry-title\"><a href=\"https:\/\/unhz.eu\/bs\/team\/luan-lulaj\/\">Luan Lulaj<\/a><\/h4>\n\t\t\t<div class=\"sc_team_item_subtitle\">Drejtor i Zyr\u00ebs Ligjore<\/div>\t\t<\/div>\n\t\t<div class=\"sc_team_item_socials socials_wrap\"><\/div><div class=\"sc_team_item_button\"><a href=\"https:\/\/unhz.eu\/bs\/team\/luan-lulaj\/\" class=\"sc_button sc_button_simple\">Op\u0161irnije<\/a><\/div><\/div>\n<\/div><\/div><\/div><\/div>","protected":false},"excerpt":{"rendered":"<p>Luan LulajPersoni p\u00ebrgjegj\u00ebs p\u00ebr trajtimin e rasteve t\u00eb konfliktit t\u00eb interesit n\u00eb UHZluan.lulaj@unhz.eu<\/p>","protected":false},"author":1,"featured_media":0,"parent":0,"menu_order":0,"comment_status":"closed","ping_status":"closed","template":"","meta":{"_acf_changed":false,"footnotes":""},"class_list":["post-60512","page","type-page","status-publish","hentry"],"yoast_head":"<!-- This site is optimized with the Yoast SEO Premium plugin v27.2 (Yoast SEO v27.2) - https:\/\/yoast.com\/product\/yoast-seo-premium-wordpress\/ -->\n<title>Trajtimi i rasteve t\u00eb konfliktit t\u00eb interesit n\u00eb UHZ - University Haxhi Zeka<\/title>\n<meta name=\"robots\" content=\"index, follow, max-snippet:-1, max-image-preview:large, max-video-preview:-1\" \/>\n<link rel=\"canonical\" href=\"https:\/\/unhz.eu\/bs\/trajtimi-i-rasteve-te-konfliktit-te-interesit-ne-uhz\/\" \/>\n<meta property=\"og:locale\" content=\"bs_BA\" \/>\n<meta property=\"og:type\" content=\"article\" \/>\n<meta property=\"og:title\" content=\"Trajtimi i rasteve t\u00eb konfliktit t\u00eb interesit n\u00eb UHZ\" \/>\n<meta property=\"og:description\" content=\"Luan LulajPersoni p\u00ebrgjegj\u00ebs p\u00ebr trajtimin e rasteve t\u00eb konfliktit t\u00eb interesit n\u00eb UHZluan.lulaj@unhz.eu\" \/>\n<meta property=\"og:url\" content=\"https:\/\/unhz.eu\/bs\/trajtimi-i-rasteve-te-konfliktit-te-interesit-ne-uhz\/\" \/>\n<meta property=\"og:site_name\" content=\"University Haxhi Zeka\" \/>\n<meta property=\"article:publisher\" content=\"https:\/\/www.facebook.com\/uni.haxhizeka\" \/>\n<meta property=\"article:modified_time\" content=\"2026-03-17T09:19:15+00:00\" \/>\n<meta name=\"twitter:card\" content=\"summary_large_image\" \/>\n<meta name=\"twitter:site\" content=\"@uni_haxhizeka\" \/>\n<meta name=\"twitter:label1\" content=\"Est. reading time\" \/>\n\t<meta name=\"twitter:data1\" content=\"1 minuta\" \/>\n<script type=\"application\/ld+json\" class=\"yoast-schema-graph\">{\"@context\":\"https:\/\/schema.org\",\"@graph\":[{\"@type\":\"WebPage\",\"@id\":\"https:\/\/unhz.eu\/trajtimi-i-rasteve-te-konfliktit-te-interesit-ne-uhz\/\",\"url\":\"https:\/\/unhz.eu\/trajtimi-i-rasteve-te-konfliktit-te-interesit-ne-uhz\/\",\"name\":\"Trajtimi i rasteve t\u00eb konfliktit t\u00eb interesit n\u00eb UHZ - University Haxhi Zeka\",\"isPartOf\":{\"@id\":\"https:\/\/unhz.eu\/#website\"},\"datePublished\":\"2026-03-17T09:10:54+00:00\",\"dateModified\":\"2026-03-17T09:19:15+00:00\",\"breadcrumb\":{\"@id\":\"https:\/\/unhz.eu\/trajtimi-i-rasteve-te-konfliktit-te-interesit-ne-uhz\/#breadcrumb\"},\"inLanguage\":\"bs-BA\",\"potentialAction\":[{\"@type\":\"ReadAction\",\"target\":[\"https:\/\/unhz.eu\/trajtimi-i-rasteve-te-konfliktit-te-interesit-ne-uhz\/\"]}]},{\"@type\":\"BreadcrumbList\",\"@id\":\"https:\/\/unhz.eu\/trajtimi-i-rasteve-te-konfliktit-te-interesit-ne-uhz\/#breadcrumb\",\"itemListElement\":[{\"@type\":\"ListItem\",\"position\":1,\"name\":\"Home\",\"item\":\"https:\/\/unhz.eu\/\"},{\"@type\":\"ListItem\",\"position\":2,\"name\":\"Trajtimi i rasteve t\u00eb konfliktit t\u00eb interesit n\u00eb UHZ\"}]},{\"@type\":\"WebSite\",\"@id\":\"https:\/\/unhz.eu\/#website\",\"url\":\"https:\/\/unhz.eu\/\",\"name\":\"Universiteti \u201cHaxhi Zeka\u201d\",\"description\":\"I dedikuar p\u00ebr cil\u00ebsi, standarde dhe suksese\",\"publisher\":{\"@id\":\"https:\/\/unhz.eu\/#organization\"},\"alternateName\":\"Universiteti Haxhi Zeka\",\"potentialAction\":[{\"@type\":\"SearchAction\",\"target\":{\"@type\":\"EntryPoint\",\"urlTemplate\":\"https:\/\/unhz.eu\/?s={search_term_string}\"},\"query-input\":{\"@type\":\"PropertyValueSpecification\",\"valueRequired\":true,\"valueName\":\"search_term_string\"}}],\"inLanguage\":\"bs-BA\"},{\"@type\":\"Organization\",\"@id\":\"https:\/\/unhz.eu\/#organization\",\"name\":\"Universiteti \u201cHaxhi Zeka\u201d\",\"alternateName\":\"Universiteti Haxhi Zeka\",\"url\":\"https:\/\/unhz.eu\/\",\"logo\":{\"@type\":\"ImageObject\",\"inLanguage\":\"bs-BA\",\"@id\":\"https:\/\/unhz.eu\/#\/schema\/logo\/image\/\",\"url\":\"https:\/\/unhz.eu\/wp-content\/uploads\/2025\/04\/logo-unhz.webp\",\"contentUrl\":\"https:\/\/unhz.eu\/wp-content\/uploads\/2025\/04\/logo-unhz.webp\",\"width\":1024,\"height\":260,\"caption\":\"Universiteti \u201cHaxhi Zeka\u201d\"},\"image\":{\"@id\":\"https:\/\/unhz.eu\/#\/schema\/logo\/image\/\"},\"sameAs\":[\"https:\/\/www.facebook.com\/uni.haxhizeka\",\"https:\/\/x.com\/uni_haxhizeka\",\"https:\/\/www.linkedin.com\/school\/haxhi-zeka-university\",\"https:\/\/www.instagram.com\/uni_haxhizeka\/\"],\"description\":\"Universiteti \u201cHaxhi Zeka\u201d n\u00eb Pej\u00eb \u00ebsht\u00eb institucion publik i arsimit t\u00eb lart\u00eb, q\u00eb ofron studime bachelor, master dhe doktorat\u00eb n\u00eb fusha t\u00eb ndryshme si menaxhimi, turizmi, ekonomia, bujq\u00ebsia, arti dhe drejt\u00ebsia. Universiteti synon zhvillimin akademik, hulumtimin shkencor dhe kontributin n\u00eb komunitet.\",\"email\":\"info@unhz.eu\",\"telephone\":\"+38339410970\",\"legalName\":\"Universiteti \u201cHaxhi Zeka\u201d n\u00eb Pej\u00eb\",\"foundingDate\":\"2011-11-14\",\"numberOfEmployees\":{\"@type\":\"QuantitativeValue\",\"minValue\":\"201\",\"maxValue\":\"500\"}}]}<\/script>\n<!-- \/ Yoast SEO Premium plugin. -->","yoast_head_json":{"title":"Trajtimi i rasteve t\u00eb konfliktit t\u00eb interesit n\u00eb UHZ - University Haxhi Zeka","robots":{"index":"index","follow":"follow","max-snippet":"max-snippet:-1","max-image-preview":"max-image-preview:large","max-video-preview":"max-video-preview:-1"},"canonical":"https:\/\/unhz.eu\/bs\/trajtimi-i-rasteve-te-konfliktit-te-interesit-ne-uhz\/","og_locale":"bs_BA","og_type":"article","og_title":"Trajtimi i rasteve t\u00eb konfliktit t\u00eb interesit n\u00eb UHZ","og_description":"Luan LulajPersoni p\u00ebrgjegj\u00ebs p\u00ebr trajtimin e rasteve t\u00eb konfliktit t\u00eb interesit n\u00eb UHZluan.lulaj@unhz.eu","og_url":"https:\/\/unhz.eu\/bs\/trajtimi-i-rasteve-te-konfliktit-te-interesit-ne-uhz\/","og_site_name":"University Haxhi Zeka","article_publisher":"https:\/\/www.facebook.com\/uni.haxhizeka","article_modified_time":"2026-03-17T09:19:15+00:00","twitter_card":"summary_large_image","twitter_site":"@uni_haxhizeka","twitter_misc":{"Est. reading time":"1 minuta"},"schema":{"@context":"https:\/\/schema.org","@graph":[{"@type":"WebPage","@id":"https:\/\/unhz.eu\/trajtimi-i-rasteve-te-konfliktit-te-interesit-ne-uhz\/","url":"https:\/\/unhz.eu\/trajtimi-i-rasteve-te-konfliktit-te-interesit-ne-uhz\/","name":"Trajtimi i rasteve t\u00eb konfliktit t\u00eb interesit n\u00eb UHZ - University Haxhi Zeka","isPartOf":{"@id":"https:\/\/unhz.eu\/#website"},"datePublished":"2026-03-17T09:10:54+00:00","dateModified":"2026-03-17T09:19:15+00:00","breadcrumb":{"@id":"https:\/\/unhz.eu\/trajtimi-i-rasteve-te-konfliktit-te-interesit-ne-uhz\/#breadcrumb"},"inLanguage":"bs-BA","potentialAction":[{"@type":"ReadAction","target":["https:\/\/unhz.eu\/trajtimi-i-rasteve-te-konfliktit-te-interesit-ne-uhz\/"]}]},{"@type":"BreadcrumbList","@id":"https:\/\/unhz.eu\/trajtimi-i-rasteve-te-konfliktit-te-interesit-ne-uhz\/#breadcrumb","itemListElement":[{"@type":"ListItem","position":1,"name":"Home","item":"https:\/\/unhz.eu\/"},{"@type":"ListItem","position":2,"name":"Trajtimi i rasteve t\u00eb konfliktit t\u00eb interesit n\u00eb UHZ"}]},{"@type":"WebSite","@id":"https:\/\/unhz.eu\/#website","url":"https:\/\/unhz.eu\/","name":"Univerzitet &quot;Had\u017ei Zeka&quot;\u201c","description":"Posve\u0107eni kvaliteti, standardima i uspjehu","publisher":{"@id":"https:\/\/unhz.eu\/#organization"},"alternateName":"Universiteti Haxhi Zeka","potentialAction":[{"@type":"SearchAction","target":{"@type":"EntryPoint","urlTemplate":"https:\/\/unhz.eu\/?s={search_term_string}"},"query-input":{"@type":"PropertyValueSpecification","valueRequired":true,"valueName":"search_term_string"}}],"inLanguage":"bs-BA"},{"@type":"Organization","@id":"https:\/\/unhz.eu\/#organization","name":"Univerzitet &quot;Had\u017ei Zeka&quot;\u201c","alternateName":"Universiteti Haxhi Zeka","url":"https:\/\/unhz.eu\/","logo":{"@type":"ImageObject","inLanguage":"bs-BA","@id":"https:\/\/unhz.eu\/#\/schema\/logo\/image\/","url":"https:\/\/unhz.eu\/wp-content\/uploads\/2025\/04\/logo-unhz.webp","contentUrl":"https:\/\/unhz.eu\/wp-content\/uploads\/2025\/04\/logo-unhz.webp","width":1024,"height":260,"caption":"Universiteti \u201cHaxhi Zeka\u201d"},"image":{"@id":"https:\/\/unhz.eu\/#\/schema\/logo\/image\/"},"sameAs":["https:\/\/www.facebook.com\/uni.haxhizeka","https:\/\/x.com\/uni_haxhizeka","https:\/\/www.linkedin.com\/school\/haxhi-zeka-university","https:\/\/www.instagram.com\/uni_haxhizeka\/"],"description":"Univerzitet &quot;Had\u017ei Zeka&quot; u Pe\u0107i je javna visoko\u0161kolska ustanova koja nudi dodiplomske, master i doktorske studije u raznim oblastima kao \u0161to su menad\u017ement, turizam, ekonomija, poljoprivreda, umjetnost i pravo. Univerzitet ima za cilj akademski razvoj, nau\u010dna istra\u017eivanja i doprinos zajednici.","email":"info@unhz.eu","telephone":"+38339410970","legalName":"Universiteti \u201cHaxhi Zeka\u201d n\u00eb Pej\u00eb","foundingDate":"2011-11-14","numberOfEmployees":{"@type":"QuantitativeValue","minValue":"201","maxValue":"500"}}]}},"acf":[],"_links":{"self":[{"href":"https:\/\/unhz.eu\/bs\/wp-json\/wp\/v2\/pages\/60512","targetHints":{"allow":["GET"]}}],"collection":[{"href":"https:\/\/unhz.eu\/bs\/wp-json\/wp\/v2\/pages"}],"about":[{"href":"https:\/\/unhz.eu\/bs\/wp-json\/wp\/v2\/types\/page"}],"author":[{"embeddable":true,"href":"https:\/\/unhz.eu\/bs\/wp-json\/wp\/v2\/users\/1"}],"replies":[{"embeddable":true,"href":"https:\/\/unhz.eu\/bs\/wp-json\/wp\/v2\/comments?post=60512"}],"version-history":[{"count":2,"href":"https:\/\/unhz.eu\/bs\/wp-json\/wp\/v2\/pages\/60512\/revisions"}],"predecessor-version":[{"id":60516,"href":"https:\/\/unhz.eu\/bs\/wp-json\/wp\/v2\/pages\/60512\/revisions\/60516"}],"wp:attachment":[{"href":"https:\/\/unhz.eu\/bs\/wp-json\/wp\/v2\/media?parent=60512"}],"curies":[{"name":"radni list","href":"https:\/\/api.w.org\/{rel}","templated":true}]}}