{"id":60000,"date":"2026-01-21T12:27:26","date_gmt":"2026-01-21T10:27:26","guid":{"rendered":"https:\/\/unhz.eu\/?page_id=60000"},"modified":"2026-01-21T12:27:28","modified_gmt":"2026-01-21T10:27:28","slug":"sustainnovate-empowering-sustainable-innovation-through-the-green-incubator","status":"publish","type":"page","link":"https:\/\/unhz.eu\/bs\/sustainnovate-empowering-sustainable-innovation-through-the-green-incubator\/","title":{"rendered":"SUSTAINNOVATE \u2013 Empowering Sustainable Innovation through the Green Incubator"},"content":{"rendered":"<figure class=\"wp-block-table\"><table><tbody><tr><td>Project name<\/td><td>SUSTAINNOVATE \u2013 Empowering Sustainable Innovation through the Green Incubator<\/td><\/tr><tr><td>Project acronym<\/td><td>SUSTAINNOVATE<\/td><\/tr><tr><td>Financed by<\/td><td>University \u201cHaxhi Zeka\u201d \u2013 Peja, Kosovo<\/td><\/tr><tr><td>Overall project budget<\/td><td>10,000 \u20ac<\/td><\/tr><tr><td>Main project objective<\/td><td>To strengthen sustainable innovation through university\u2013business collaboration.<\/td><\/tr><tr><td>Main project activities<\/td><td>Business focus groups, student competitions, idea incubation, pilot projects, trainings.<\/td><\/tr><tr><td>Project web page<\/td><td>Not available.<\/td><\/tr><tr><td>Responsible project officer (Coordinator)<\/td><td>Prof. Ass. Dr. Elvis Elezaj<\/td><\/tr><tr><td>Project team<\/td><td>Fisnik Morina, <br>Bedri Millaku,<br>Valdrin Misiri,<br>Donjeta Morina,<br>Besfort Ahmeti,<br>Shkelqesa Smajli.<\/td><\/tr><tr><td>Year of implementation (Duration)<\/td><td>2026 (12 months)<\/td><\/tr><\/tbody><\/table><\/figure>","protected":false},"excerpt":{"rendered":"<p>Project name SUSTAINNOVATE \u2013 Empowering Sustainable Innovation through the Green Incubator Project acronym SUSTAINNOVATE Financed&hellip;<\/p>","protected":false},"author":14,"featured_media":0,"parent":0,"menu_order":0,"comment_status":"closed","ping_status":"closed","template":"","meta":{"_acf_changed":false,"footnotes":""},"class_list":["post-60000","page","type-page","status-publish","hentry"],"yoast_head":"<!-- This site is optimized with the Yoast SEO Premium plugin v27.2 (Yoast SEO v27.2) - https:\/\/yoast.com\/product\/yoast-seo-premium-wordpress\/ -->\n<title>SUSTAINNOVATE \u2013 Empowering Sustainable Innovation through the Green Incubator - University Haxhi Zeka<\/title>\n<meta name=\"robots\" content=\"index, follow, max-snippet:-1, max-image-preview:large, max-video-preview:-1\" \/>\n<link rel=\"canonical\" href=\"https:\/\/unhz.eu\/bs\/sustainnovate-empowering-sustainable-innovation-through-the-green-incubator\/\" \/>\n<meta property=\"og:locale\" content=\"bs_BA\" \/>\n<meta property=\"og:type\" content=\"article\" \/>\n<meta property=\"og:title\" content=\"SUSTAINNOVATE \u2013 Empowering Sustainable Innovation through the Green Incubator\" \/>\n<meta property=\"og:description\" content=\"Project name SUSTAINNOVATE \u2013 Empowering Sustainable Innovation through the Green Incubator Project acronym SUSTAINNOVATE Financed&hellip;\" \/>\n<meta property=\"og:url\" content=\"https:\/\/unhz.eu\/bs\/sustainnovate-empowering-sustainable-innovation-through-the-green-incubator\/\" \/>\n<meta property=\"og:site_name\" content=\"University Haxhi Zeka\" \/>\n<meta property=\"article:publisher\" content=\"https:\/\/www.facebook.com\/uni.haxhizeka\" \/>\n<meta property=\"article:modified_time\" content=\"2026-01-21T10:27:28+00:00\" \/>\n<meta name=\"twitter:card\" content=\"summary_large_image\" \/>\n<meta name=\"twitter:site\" content=\"@uni_haxhizeka\" \/>\n<meta name=\"twitter:label1\" content=\"Est. reading time\" \/>\n\t<meta name=\"twitter:data1\" content=\"1 minuta\" \/>\n<script type=\"application\/ld+json\" class=\"yoast-schema-graph\">{\"@context\":\"https:\/\/schema.org\",\"@graph\":[{\"@type\":\"WebPage\",\"@id\":\"https:\/\/unhz.eu\/sustainnovate-empowering-sustainable-innovation-through-the-green-incubator\/\",\"url\":\"https:\/\/unhz.eu\/sustainnovate-empowering-sustainable-innovation-through-the-green-incubator\/\",\"name\":\"SUSTAINNOVATE \u2013 Empowering Sustainable Innovation through the Green Incubator - University Haxhi Zeka\",\"isPartOf\":{\"@id\":\"https:\/\/unhz.eu\/#website\"},\"datePublished\":\"2026-01-21T10:27:26+00:00\",\"dateModified\":\"2026-01-21T10:27:28+00:00\",\"breadcrumb\":{\"@id\":\"https:\/\/unhz.eu\/sustainnovate-empowering-sustainable-innovation-through-the-green-incubator\/#breadcrumb\"},\"inLanguage\":\"bs-BA\",\"potentialAction\":[{\"@type\":\"ReadAction\",\"target\":[\"https:\/\/unhz.eu\/sustainnovate-empowering-sustainable-innovation-through-the-green-incubator\/\"]}]},{\"@type\":\"BreadcrumbList\",\"@id\":\"https:\/\/unhz.eu\/sustainnovate-empowering-sustainable-innovation-through-the-green-incubator\/#breadcrumb\",\"itemListElement\":[{\"@type\":\"ListItem\",\"position\":1,\"name\":\"Home\",\"item\":\"https:\/\/unhz.eu\/\"},{\"@type\":\"ListItem\",\"position\":2,\"name\":\"SUSTAINNOVATE \u2013 Empowering Sustainable Innovation through the Green Incubator\"}]},{\"@type\":\"WebSite\",\"@id\":\"https:\/\/unhz.eu\/#website\",\"url\":\"https:\/\/unhz.eu\/\",\"name\":\"Universiteti \u201cHaxhi Zeka\u201d\",\"description\":\"I dedikuar p\u00ebr cil\u00ebsi, standarde dhe suksese\",\"publisher\":{\"@id\":\"https:\/\/unhz.eu\/#organization\"},\"alternateName\":\"Universiteti Haxhi Zeka\",\"potentialAction\":[{\"@type\":\"SearchAction\",\"target\":{\"@type\":\"EntryPoint\",\"urlTemplate\":\"https:\/\/unhz.eu\/?s={search_term_string}\"},\"query-input\":{\"@type\":\"PropertyValueSpecification\",\"valueRequired\":true,\"valueName\":\"search_term_string\"}}],\"inLanguage\":\"bs-BA\"},{\"@type\":\"Organization\",\"@id\":\"https:\/\/unhz.eu\/#organization\",\"name\":\"Universiteti \u201cHaxhi Zeka\u201d\",\"alternateName\":\"Universiteti Haxhi Zeka\",\"url\":\"https:\/\/unhz.eu\/\",\"logo\":{\"@type\":\"ImageObject\",\"inLanguage\":\"bs-BA\",\"@id\":\"https:\/\/unhz.eu\/#\/schema\/logo\/image\/\",\"url\":\"https:\/\/unhz.eu\/wp-content\/uploads\/2025\/04\/logo-unhz.webp\",\"contentUrl\":\"https:\/\/unhz.eu\/wp-content\/uploads\/2025\/04\/logo-unhz.webp\",\"width\":1024,\"height\":260,\"caption\":\"Universiteti \u201cHaxhi Zeka\u201d\"},\"image\":{\"@id\":\"https:\/\/unhz.eu\/#\/schema\/logo\/image\/\"},\"sameAs\":[\"https:\/\/www.facebook.com\/uni.haxhizeka\",\"https:\/\/x.com\/uni_haxhizeka\",\"https:\/\/www.linkedin.com\/school\/haxhi-zeka-university\",\"https:\/\/www.instagram.com\/uni_haxhizeka\/\"],\"description\":\"Universiteti \u201cHaxhi Zeka\u201d n\u00eb Pej\u00eb \u00ebsht\u00eb institucion publik i arsimit t\u00eb lart\u00eb, q\u00eb ofron studime bachelor, master dhe doktorat\u00eb n\u00eb fusha t\u00eb ndryshme si menaxhimi, turizmi, ekonomia, bujq\u00ebsia, arti dhe drejt\u00ebsia. Universiteti synon zhvillimin akademik, hulumtimin shkencor dhe kontributin n\u00eb komunitet.\",\"email\":\"info@unhz.eu\",\"telephone\":\"+38339410970\",\"legalName\":\"Universiteti \u201cHaxhi Zeka\u201d n\u00eb Pej\u00eb\",\"foundingDate\":\"2011-11-14\",\"numberOfEmployees\":{\"@type\":\"QuantitativeValue\",\"minValue\":\"201\",\"maxValue\":\"500\"}}]}<\/script>\n<!-- \/ Yoast SEO Premium plugin. -->","yoast_head_json":{"title":"SUSTAINNOVATE \u2013 Empowering Sustainable Innovation through the Green Incubator - University Haxhi Zeka","robots":{"index":"index","follow":"follow","max-snippet":"max-snippet:-1","max-image-preview":"max-image-preview:large","max-video-preview":"max-video-preview:-1"},"canonical":"https:\/\/unhz.eu\/bs\/sustainnovate-empowering-sustainable-innovation-through-the-green-incubator\/","og_locale":"bs_BA","og_type":"article","og_title":"SUSTAINNOVATE \u2013 Empowering Sustainable Innovation through the Green Incubator","og_description":"Project name SUSTAINNOVATE \u2013 Empowering Sustainable Innovation through the Green Incubator Project acronym SUSTAINNOVATE Financed&hellip;","og_url":"https:\/\/unhz.eu\/bs\/sustainnovate-empowering-sustainable-innovation-through-the-green-incubator\/","og_site_name":"University Haxhi Zeka","article_publisher":"https:\/\/www.facebook.com\/uni.haxhizeka","article_modified_time":"2026-01-21T10:27:28+00:00","twitter_card":"summary_large_image","twitter_site":"@uni_haxhizeka","twitter_misc":{"Est. reading time":"1 minuta"},"schema":{"@context":"https:\/\/schema.org","@graph":[{"@type":"WebPage","@id":"https:\/\/unhz.eu\/sustainnovate-empowering-sustainable-innovation-through-the-green-incubator\/","url":"https:\/\/unhz.eu\/sustainnovate-empowering-sustainable-innovation-through-the-green-incubator\/","name":"SUSTAINNOVATE \u2013 Empowering Sustainable Innovation through the Green Incubator - University Haxhi Zeka","isPartOf":{"@id":"https:\/\/unhz.eu\/#website"},"datePublished":"2026-01-21T10:27:26+00:00","dateModified":"2026-01-21T10:27:28+00:00","breadcrumb":{"@id":"https:\/\/unhz.eu\/sustainnovate-empowering-sustainable-innovation-through-the-green-incubator\/#breadcrumb"},"inLanguage":"bs-BA","potentialAction":[{"@type":"ReadAction","target":["https:\/\/unhz.eu\/sustainnovate-empowering-sustainable-innovation-through-the-green-incubator\/"]}]},{"@type":"BreadcrumbList","@id":"https:\/\/unhz.eu\/sustainnovate-empowering-sustainable-innovation-through-the-green-incubator\/#breadcrumb","itemListElement":[{"@type":"ListItem","position":1,"name":"Home","item":"https:\/\/unhz.eu\/"},{"@type":"ListItem","position":2,"name":"SUSTAINNOVATE \u2013 Empowering Sustainable Innovation through the Green Incubator"}]},{"@type":"WebSite","@id":"https:\/\/unhz.eu\/#website","url":"https:\/\/unhz.eu\/","name":"Univerzitet &quot;Had\u017ei Zeka&quot;\u201c","description":"Posve\u0107eni kvaliteti, standardima i uspjehu","publisher":{"@id":"https:\/\/unhz.eu\/#organization"},"alternateName":"Universiteti Haxhi Zeka","potentialAction":[{"@type":"SearchAction","target":{"@type":"EntryPoint","urlTemplate":"https:\/\/unhz.eu\/?s={search_term_string}"},"query-input":{"@type":"PropertyValueSpecification","valueRequired":true,"valueName":"search_term_string"}}],"inLanguage":"bs-BA"},{"@type":"Organization","@id":"https:\/\/unhz.eu\/#organization","name":"Univerzitet &quot;Had\u017ei Zeka&quot;\u201c","alternateName":"Universiteti Haxhi Zeka","url":"https:\/\/unhz.eu\/","logo":{"@type":"ImageObject","inLanguage":"bs-BA","@id":"https:\/\/unhz.eu\/#\/schema\/logo\/image\/","url":"https:\/\/unhz.eu\/wp-content\/uploads\/2025\/04\/logo-unhz.webp","contentUrl":"https:\/\/unhz.eu\/wp-content\/uploads\/2025\/04\/logo-unhz.webp","width":1024,"height":260,"caption":"Universiteti \u201cHaxhi Zeka\u201d"},"image":{"@id":"https:\/\/unhz.eu\/#\/schema\/logo\/image\/"},"sameAs":["https:\/\/www.facebook.com\/uni.haxhizeka","https:\/\/x.com\/uni_haxhizeka","https:\/\/www.linkedin.com\/school\/haxhi-zeka-university","https:\/\/www.instagram.com\/uni_haxhizeka\/"],"description":"Univerzitet &quot;Had\u017ei Zeka&quot; u Pe\u0107i je javna visoko\u0161kolska ustanova koja nudi dodiplomske, master i doktorske studije u raznim oblastima kao \u0161to su menad\u017ement, turizam, ekonomija, poljoprivreda, umjetnost i pravo. Univerzitet ima za cilj akademski razvoj, nau\u010dna istra\u017eivanja i doprinos zajednici.","email":"info@unhz.eu","telephone":"+38339410970","legalName":"Universiteti \u201cHaxhi Zeka\u201d n\u00eb Pej\u00eb","foundingDate":"2011-11-14","numberOfEmployees":{"@type":"QuantitativeValue","minValue":"201","maxValue":"500"}}]}},"acf":[],"_links":{"self":[{"href":"https:\/\/unhz.eu\/bs\/wp-json\/wp\/v2\/pages\/60000","targetHints":{"allow":["GET"]}}],"collection":[{"href":"https:\/\/unhz.eu\/bs\/wp-json\/wp\/v2\/pages"}],"about":[{"href":"https:\/\/unhz.eu\/bs\/wp-json\/wp\/v2\/types\/page"}],"author":[{"embeddable":true,"href":"https:\/\/unhz.eu\/bs\/wp-json\/wp\/v2\/users\/14"}],"replies":[{"embeddable":true,"href":"https:\/\/unhz.eu\/bs\/wp-json\/wp\/v2\/comments?post=60000"}],"version-history":[{"count":1,"href":"https:\/\/unhz.eu\/bs\/wp-json\/wp\/v2\/pages\/60000\/revisions"}],"predecessor-version":[{"id":60001,"href":"https:\/\/unhz.eu\/bs\/wp-json\/wp\/v2\/pages\/60000\/revisions\/60001"}],"wp:attachment":[{"href":"https:\/\/unhz.eu\/bs\/wp-json\/wp\/v2\/media?parent=60000"}],"curies":[{"name":"radni list","href":"https:\/\/api.w.org\/{rel}","templated":true}]}}