{"id":59994,"date":"2026-01-21T12:21:30","date_gmt":"2026-01-21T10:21:30","guid":{"rendered":"https:\/\/unhz.eu\/?page_id=59994"},"modified":"2026-01-21T12:21:33","modified_gmt":"2026-01-21T10:21:33","slug":"digital-transformation-integrating-data-analytics-and-software-proficiency-into-university-curricula","status":"publish","type":"page","link":"https:\/\/unhz.eu\/bs\/digital-transformation-integrating-data-analytics-and-software-proficiency-into-university-curricula\/","title":{"rendered":"Digital Transformation: Integrating Data Analytics and Software Proficiency into University Curricula"},"content":{"rendered":"<figure class=\"wp-block-table\"><table><tbody><tr><td>Project name<\/td><td>Digital Transformation: Integrating Data Analytics and Software Proficiency into University Curricula<\/td><\/tr><tr><td>Project acronym<\/td><td>DT-Analytics<\/td><\/tr><tr><td>Financed by<\/td><td>Kosovo United States Alumni (KUSA) &amp; U.S. Embassy in Prishtina<\/td><\/tr><tr><td>Overall project budget<\/td><td>Not specified<\/td><\/tr><tr><td>Main project objective<\/td><td>To modernize curricula through data analytics and ERP software integration<\/td><\/tr><tr><td>Main project activities<\/td><td>Staff certification, student training, ERP and analytics courses, financial lab creation<\/td><\/tr><tr><td>Project web page<\/td><td>Not available<\/td><\/tr><tr><td>Responsible project officer (Coordinator)<\/td><td>Prof. Assoc. Dr. Vlora Berisha Dranqolli<\/td><\/tr><tr><td>Project team<\/td><td>Academic staff of UHZ and UP, including Fisnik Morina<\/td><\/tr><tr><td>Year of implementation (Duration)<\/td><td>2023 &#8211; 2024<\/td><\/tr><\/tbody><\/table><\/figure>","protected":false},"excerpt":{"rendered":"<p>Project name Digital Transformation: Integrating Data Analytics and Software Proficiency into University Curricula Project acronym&hellip;<\/p>","protected":false},"author":14,"featured_media":0,"parent":0,"menu_order":0,"comment_status":"closed","ping_status":"closed","template":"","meta":{"_acf_changed":false,"footnotes":""},"class_list":["post-59994","page","type-page","status-publish","hentry"],"yoast_head":"<!-- This site is optimized with the Yoast SEO Premium plugin v27.2 (Yoast SEO v27.2) - https:\/\/yoast.com\/product\/yoast-seo-premium-wordpress\/ -->\n<title>Digital Transformation: Integrating Data Analytics and Software Proficiency into University Curricula - University Haxhi Zeka<\/title>\n<meta name=\"robots\" content=\"index, follow, max-snippet:-1, max-image-preview:large, max-video-preview:-1\" \/>\n<link rel=\"canonical\" href=\"https:\/\/unhz.eu\/bs\/digital-transformation-integrating-data-analytics-and-software-proficiency-into-university-curricula\/\" \/>\n<meta property=\"og:locale\" content=\"bs_BA\" \/>\n<meta property=\"og:type\" content=\"article\" \/>\n<meta property=\"og:title\" content=\"Digital Transformation: Integrating Data Analytics and Software Proficiency into University Curricula\" \/>\n<meta property=\"og:description\" content=\"Project name Digital Transformation: Integrating Data Analytics and Software Proficiency into University Curricula Project acronym&hellip;\" \/>\n<meta property=\"og:url\" content=\"https:\/\/unhz.eu\/bs\/digital-transformation-integrating-data-analytics-and-software-proficiency-into-university-curricula\/\" \/>\n<meta property=\"og:site_name\" content=\"University Haxhi Zeka\" \/>\n<meta property=\"article:publisher\" content=\"https:\/\/www.facebook.com\/uni.haxhizeka\" \/>\n<meta property=\"article:modified_time\" content=\"2026-01-21T10:21:33+00:00\" \/>\n<meta name=\"twitter:card\" content=\"summary_large_image\" \/>\n<meta name=\"twitter:site\" content=\"@uni_haxhizeka\" \/>\n<meta name=\"twitter:label1\" content=\"Est. reading time\" \/>\n\t<meta name=\"twitter:data1\" content=\"1 minuta\" \/>\n<script type=\"application\/ld+json\" class=\"yoast-schema-graph\">{\"@context\":\"https:\/\/schema.org\",\"@graph\":[{\"@type\":\"WebPage\",\"@id\":\"https:\/\/unhz.eu\/digital-transformation-integrating-data-analytics-and-software-proficiency-into-university-curricula\/\",\"url\":\"https:\/\/unhz.eu\/digital-transformation-integrating-data-analytics-and-software-proficiency-into-university-curricula\/\",\"name\":\"Digital Transformation: Integrating Data Analytics and Software Proficiency into University Curricula - University Haxhi Zeka\",\"isPartOf\":{\"@id\":\"https:\/\/unhz.eu\/#website\"},\"datePublished\":\"2026-01-21T10:21:30+00:00\",\"dateModified\":\"2026-01-21T10:21:33+00:00\",\"breadcrumb\":{\"@id\":\"https:\/\/unhz.eu\/digital-transformation-integrating-data-analytics-and-software-proficiency-into-university-curricula\/#breadcrumb\"},\"inLanguage\":\"bs-BA\",\"potentialAction\":[{\"@type\":\"ReadAction\",\"target\":[\"https:\/\/unhz.eu\/digital-transformation-integrating-data-analytics-and-software-proficiency-into-university-curricula\/\"]}]},{\"@type\":\"BreadcrumbList\",\"@id\":\"https:\/\/unhz.eu\/digital-transformation-integrating-data-analytics-and-software-proficiency-into-university-curricula\/#breadcrumb\",\"itemListElement\":[{\"@type\":\"ListItem\",\"position\":1,\"name\":\"Home\",\"item\":\"https:\/\/unhz.eu\/\"},{\"@type\":\"ListItem\",\"position\":2,\"name\":\"Digital Transformation: Integrating Data Analytics and Software Proficiency into University Curricula\"}]},{\"@type\":\"WebSite\",\"@id\":\"https:\/\/unhz.eu\/#website\",\"url\":\"https:\/\/unhz.eu\/\",\"name\":\"Universiteti \u201cHaxhi Zeka\u201d\",\"description\":\"I dedikuar p\u00ebr cil\u00ebsi, standarde dhe suksese\",\"publisher\":{\"@id\":\"https:\/\/unhz.eu\/#organization\"},\"alternateName\":\"Universiteti Haxhi Zeka\",\"potentialAction\":[{\"@type\":\"SearchAction\",\"target\":{\"@type\":\"EntryPoint\",\"urlTemplate\":\"https:\/\/unhz.eu\/?s={search_term_string}\"},\"query-input\":{\"@type\":\"PropertyValueSpecification\",\"valueRequired\":true,\"valueName\":\"search_term_string\"}}],\"inLanguage\":\"bs-BA\"},{\"@type\":\"Organization\",\"@id\":\"https:\/\/unhz.eu\/#organization\",\"name\":\"Universiteti \u201cHaxhi Zeka\u201d\",\"alternateName\":\"Universiteti Haxhi Zeka\",\"url\":\"https:\/\/unhz.eu\/\",\"logo\":{\"@type\":\"ImageObject\",\"inLanguage\":\"bs-BA\",\"@id\":\"https:\/\/unhz.eu\/#\/schema\/logo\/image\/\",\"url\":\"https:\/\/unhz.eu\/wp-content\/uploads\/2025\/04\/logo-unhz.webp\",\"contentUrl\":\"https:\/\/unhz.eu\/wp-content\/uploads\/2025\/04\/logo-unhz.webp\",\"width\":1024,\"height\":260,\"caption\":\"Universiteti \u201cHaxhi Zeka\u201d\"},\"image\":{\"@id\":\"https:\/\/unhz.eu\/#\/schema\/logo\/image\/\"},\"sameAs\":[\"https:\/\/www.facebook.com\/uni.haxhizeka\",\"https:\/\/x.com\/uni_haxhizeka\",\"https:\/\/www.linkedin.com\/school\/haxhi-zeka-university\",\"https:\/\/www.instagram.com\/uni_haxhizeka\/\"],\"description\":\"Universiteti \u201cHaxhi Zeka\u201d n\u00eb Pej\u00eb \u00ebsht\u00eb institucion publik i arsimit t\u00eb lart\u00eb, q\u00eb ofron studime bachelor, master dhe doktorat\u00eb n\u00eb fusha t\u00eb ndryshme si menaxhimi, turizmi, ekonomia, bujq\u00ebsia, arti dhe drejt\u00ebsia. Universiteti synon zhvillimin akademik, hulumtimin shkencor dhe kontributin n\u00eb komunitet.\",\"email\":\"info@unhz.eu\",\"telephone\":\"+38339410970\",\"legalName\":\"Universiteti \u201cHaxhi Zeka\u201d n\u00eb Pej\u00eb\",\"foundingDate\":\"2011-11-14\",\"numberOfEmployees\":{\"@type\":\"QuantitativeValue\",\"minValue\":\"201\",\"maxValue\":\"500\"}}]}<\/script>\n<!-- \/ Yoast SEO Premium plugin. -->","yoast_head_json":{"title":"Digital Transformation: Integrating Data Analytics and Software Proficiency into University Curricula - University Haxhi Zeka","robots":{"index":"index","follow":"follow","max-snippet":"max-snippet:-1","max-image-preview":"max-image-preview:large","max-video-preview":"max-video-preview:-1"},"canonical":"https:\/\/unhz.eu\/bs\/digital-transformation-integrating-data-analytics-and-software-proficiency-into-university-curricula\/","og_locale":"bs_BA","og_type":"article","og_title":"Digital Transformation: Integrating Data Analytics and Software Proficiency into University Curricula","og_description":"Project name Digital Transformation: Integrating Data Analytics and Software Proficiency into University Curricula Project acronym&hellip;","og_url":"https:\/\/unhz.eu\/bs\/digital-transformation-integrating-data-analytics-and-software-proficiency-into-university-curricula\/","og_site_name":"University Haxhi Zeka","article_publisher":"https:\/\/www.facebook.com\/uni.haxhizeka","article_modified_time":"2026-01-21T10:21:33+00:00","twitter_card":"summary_large_image","twitter_site":"@uni_haxhizeka","twitter_misc":{"Est. reading time":"1 minuta"},"schema":{"@context":"https:\/\/schema.org","@graph":[{"@type":"WebPage","@id":"https:\/\/unhz.eu\/digital-transformation-integrating-data-analytics-and-software-proficiency-into-university-curricula\/","url":"https:\/\/unhz.eu\/digital-transformation-integrating-data-analytics-and-software-proficiency-into-university-curricula\/","name":"Digital Transformation: Integrating Data Analytics and Software Proficiency into University Curricula - University Haxhi Zeka","isPartOf":{"@id":"https:\/\/unhz.eu\/#website"},"datePublished":"2026-01-21T10:21:30+00:00","dateModified":"2026-01-21T10:21:33+00:00","breadcrumb":{"@id":"https:\/\/unhz.eu\/digital-transformation-integrating-data-analytics-and-software-proficiency-into-university-curricula\/#breadcrumb"},"inLanguage":"bs-BA","potentialAction":[{"@type":"ReadAction","target":["https:\/\/unhz.eu\/digital-transformation-integrating-data-analytics-and-software-proficiency-into-university-curricula\/"]}]},{"@type":"BreadcrumbList","@id":"https:\/\/unhz.eu\/digital-transformation-integrating-data-analytics-and-software-proficiency-into-university-curricula\/#breadcrumb","itemListElement":[{"@type":"ListItem","position":1,"name":"Home","item":"https:\/\/unhz.eu\/"},{"@type":"ListItem","position":2,"name":"Digital Transformation: Integrating Data Analytics and Software Proficiency into University Curricula"}]},{"@type":"WebSite","@id":"https:\/\/unhz.eu\/#website","url":"https:\/\/unhz.eu\/","name":"Univerzitet &quot;Had\u017ei Zeka&quot;\u201c","description":"Posve\u0107eni kvaliteti, standardima i uspjehu","publisher":{"@id":"https:\/\/unhz.eu\/#organization"},"alternateName":"Universiteti Haxhi Zeka","potentialAction":[{"@type":"SearchAction","target":{"@type":"EntryPoint","urlTemplate":"https:\/\/unhz.eu\/?s={search_term_string}"},"query-input":{"@type":"PropertyValueSpecification","valueRequired":true,"valueName":"search_term_string"}}],"inLanguage":"bs-BA"},{"@type":"Organization","@id":"https:\/\/unhz.eu\/#organization","name":"Univerzitet &quot;Had\u017ei Zeka&quot;\u201c","alternateName":"Universiteti Haxhi Zeka","url":"https:\/\/unhz.eu\/","logo":{"@type":"ImageObject","inLanguage":"bs-BA","@id":"https:\/\/unhz.eu\/#\/schema\/logo\/image\/","url":"https:\/\/unhz.eu\/wp-content\/uploads\/2025\/04\/logo-unhz.webp","contentUrl":"https:\/\/unhz.eu\/wp-content\/uploads\/2025\/04\/logo-unhz.webp","width":1024,"height":260,"caption":"Universiteti \u201cHaxhi Zeka\u201d"},"image":{"@id":"https:\/\/unhz.eu\/#\/schema\/logo\/image\/"},"sameAs":["https:\/\/www.facebook.com\/uni.haxhizeka","https:\/\/x.com\/uni_haxhizeka","https:\/\/www.linkedin.com\/school\/haxhi-zeka-university","https:\/\/www.instagram.com\/uni_haxhizeka\/"],"description":"Univerzitet &quot;Had\u017ei Zeka&quot; u Pe\u0107i je javna visoko\u0161kolska ustanova koja nudi dodiplomske, master i doktorske studije u raznim oblastima kao \u0161to su menad\u017ement, turizam, ekonomija, poljoprivreda, umjetnost i pravo. Univerzitet ima za cilj akademski razvoj, nau\u010dna istra\u017eivanja i doprinos zajednici.","email":"info@unhz.eu","telephone":"+38339410970","legalName":"Universiteti \u201cHaxhi Zeka\u201d n\u00eb Pej\u00eb","foundingDate":"2011-11-14","numberOfEmployees":{"@type":"QuantitativeValue","minValue":"201","maxValue":"500"}}]}},"acf":[],"_links":{"self":[{"href":"https:\/\/unhz.eu\/bs\/wp-json\/wp\/v2\/pages\/59994","targetHints":{"allow":["GET"]}}],"collection":[{"href":"https:\/\/unhz.eu\/bs\/wp-json\/wp\/v2\/pages"}],"about":[{"href":"https:\/\/unhz.eu\/bs\/wp-json\/wp\/v2\/types\/page"}],"author":[{"embeddable":true,"href":"https:\/\/unhz.eu\/bs\/wp-json\/wp\/v2\/users\/14"}],"replies":[{"embeddable":true,"href":"https:\/\/unhz.eu\/bs\/wp-json\/wp\/v2\/comments?post=59994"}],"version-history":[{"count":1,"href":"https:\/\/unhz.eu\/bs\/wp-json\/wp\/v2\/pages\/59994\/revisions"}],"predecessor-version":[{"id":59995,"href":"https:\/\/unhz.eu\/bs\/wp-json\/wp\/v2\/pages\/59994\/revisions\/59995"}],"wp:attachment":[{"href":"https:\/\/unhz.eu\/bs\/wp-json\/wp\/v2\/media?parent=59994"}],"curies":[{"name":"radni list","href":"https:\/\/api.w.org\/{rel}","templated":true}]}}