{"id":59978,"date":"2026-01-21T11:47:44","date_gmt":"2026-01-21T09:47:44","guid":{"rendered":"https:\/\/unhz.eu\/?page_id=59978"},"modified":"2026-01-22T10:14:00","modified_gmt":"2026-01-22T08:14:00","slug":"voice-promoting-gender-equality-in-higher-education-cost-action-ca20137-2021-2025","status":"publish","type":"page","link":"https:\/\/unhz.eu\/bs\/voice-promoting-gender-equality-in-higher-education-cost-action-ca20137-2021-2025\/","title":{"rendered":"VOICE \u2013 Promoting Gender Equality in Higher Education"},"content":{"rendered":"<figure class=\"wp-block-table\"><table><tbody><tr><td>Project name<\/td><td>COST \u2013 European Cooperation in Science and Technology, Action CA20137 VOICE: Gender Equality in Higher Education- 2021-2025 <\/td><\/tr><tr><td>Project acronym <\/td><td>COST \u2013 European Cooperation in Science and Technology, Action CA20137 VOICE<\/td><\/tr><tr><td>Financed by<\/td><td>European Union &nbsp;<\/td><\/tr><tr><td>Overall project budget<\/td><td>&nbsp;<\/td><\/tr><tr><td>Main project objective<\/td><td>This international project has a particular impact on promoting gender equality and empowering the role of women in higher education, by positioning the Faculty of Business and &#8220;Haxhi Zeka&#8221; University at the center of European discussions and developments:<\/td><\/tr><tr><td>Main project activities<\/td><td>1. Representation in the international COST network Prof. Vlora Berisha Dranqolli and Prof. Theranda Beqiri are active members of COST Action CA20137 VOICE, representing the Faculty of Business in a European scientific network focusing on gender equality in higher education.<br>2. Contribution to research and scientific reports as mentoring schemes in higher education presentations, in conferences etc. &nbsp;<br>3. Within the framework of this project, they have contributed with research reports, presentations and publications, which address the challenges and opportunities of gender equality in the university context in Kosovo and at the regional level. <br>4. Engagement in the &#8220;core group&#8221; and working groups Both professors are active members of the working groups and the core group, taking a leading role in shaping recommendations and strategies for promoting gender equality in the European higher education system. <br>5. Institutional impact and international visibility Through their participation, the Faculty of Business and &#8220;Haxhi Zeka&#8221; University have become a good example of integrating a gender perspective in higher education, increasing the visibility of the institution in the international arena of research and policymaking.<br>6. Creating a database on mentoring schemes etc. <\/td><\/tr><tr><td>Project web page (If any)<\/td><td>https:\/\/gendervoices.eu\/<\/td><\/tr><tr><td>&nbsp; 1.Responsible project officer (Coordinator): 2. Project team<\/td><td> Coordinator &#8211; Anne-Sophie Godfroy<br>&nbsp;Prof. Vlora Berisha Dranqolli<br>Prof. Theranda Beqiri<br>And 150 researchers from higher education from EU institutions<\/td><\/tr><tr><td>Year of implementation (Duration)<\/td><td>2021-2025<\/td><\/tr><\/tbody><\/table><\/figure>","protected":false},"excerpt":{"rendered":"<p>Project name COST \u2013 European Cooperation in Science and Technology, Action CA20137 VOICE: Gender Equality&hellip;<\/p>","protected":false},"author":14,"featured_media":0,"parent":0,"menu_order":0,"comment_status":"closed","ping_status":"closed","template":"","meta":{"_acf_changed":false,"footnotes":""},"class_list":["post-59978","page","type-page","status-publish","hentry"],"yoast_head":"<!-- This site is optimized with the Yoast SEO Premium plugin v27.2 (Yoast SEO v27.2) - https:\/\/yoast.com\/product\/yoast-seo-premium-wordpress\/ -->\n<title>VOICE \u2013 Promoting Gender Equality in Higher Education - University Haxhi Zeka<\/title>\n<meta name=\"robots\" content=\"index, follow, max-snippet:-1, max-image-preview:large, max-video-preview:-1\" \/>\n<link rel=\"canonical\" href=\"https:\/\/unhz.eu\/bs\/voice-promoting-gender-equality-in-higher-education-cost-action-ca20137-2021-2025\/\" \/>\n<meta property=\"og:locale\" content=\"bs_BA\" \/>\n<meta property=\"og:type\" content=\"article\" \/>\n<meta property=\"og:title\" content=\"VOICE \u2013 Promoting Gender Equality in Higher Education\" \/>\n<meta property=\"og:description\" content=\"Project name COST \u2013 European Cooperation in Science and Technology, Action CA20137 VOICE: Gender Equality&hellip;\" \/>\n<meta property=\"og:url\" content=\"https:\/\/unhz.eu\/bs\/voice-promoting-gender-equality-in-higher-education-cost-action-ca20137-2021-2025\/\" \/>\n<meta property=\"og:site_name\" content=\"University Haxhi Zeka\" \/>\n<meta property=\"article:publisher\" content=\"https:\/\/www.facebook.com\/uni.haxhizeka\" \/>\n<meta property=\"article:modified_time\" content=\"2026-01-22T08:14:00+00:00\" \/>\n<meta name=\"twitter:card\" content=\"summary_large_image\" \/>\n<meta name=\"twitter:site\" content=\"@uni_haxhizeka\" \/>\n<meta name=\"twitter:label1\" content=\"Est. reading time\" \/>\n\t<meta name=\"twitter:data1\" content=\"2 minute\" \/>\n<script type=\"application\/ld+json\" class=\"yoast-schema-graph\">{\"@context\":\"https:\/\/schema.org\",\"@graph\":[{\"@type\":\"WebPage\",\"@id\":\"https:\/\/unhz.eu\/voice-promoting-gender-equality-in-higher-education-cost-action-ca20137-2021-2025\/\",\"url\":\"https:\/\/unhz.eu\/voice-promoting-gender-equality-in-higher-education-cost-action-ca20137-2021-2025\/\",\"name\":\"VOICE \u2013 Promoting Gender Equality in Higher Education - University Haxhi Zeka\",\"isPartOf\":{\"@id\":\"https:\/\/unhz.eu\/#website\"},\"datePublished\":\"2026-01-21T09:47:44+00:00\",\"dateModified\":\"2026-01-22T08:14:00+00:00\",\"breadcrumb\":{\"@id\":\"https:\/\/unhz.eu\/voice-promoting-gender-equality-in-higher-education-cost-action-ca20137-2021-2025\/#breadcrumb\"},\"inLanguage\":\"bs-BA\",\"potentialAction\":[{\"@type\":\"ReadAction\",\"target\":[\"https:\/\/unhz.eu\/voice-promoting-gender-equality-in-higher-education-cost-action-ca20137-2021-2025\/\"]}]},{\"@type\":\"BreadcrumbList\",\"@id\":\"https:\/\/unhz.eu\/voice-promoting-gender-equality-in-higher-education-cost-action-ca20137-2021-2025\/#breadcrumb\",\"itemListElement\":[{\"@type\":\"ListItem\",\"position\":1,\"name\":\"Home\",\"item\":\"https:\/\/unhz.eu\/\"},{\"@type\":\"ListItem\",\"position\":2,\"name\":\"VOICE \u2013 Promoting Gender Equality in Higher Education\"}]},{\"@type\":\"WebSite\",\"@id\":\"https:\/\/unhz.eu\/#website\",\"url\":\"https:\/\/unhz.eu\/\",\"name\":\"Universiteti \u201cHaxhi Zeka\u201d\",\"description\":\"I dedikuar p\u00ebr cil\u00ebsi, standarde dhe suksese\",\"publisher\":{\"@id\":\"https:\/\/unhz.eu\/#organization\"},\"alternateName\":\"Universiteti Haxhi Zeka\",\"potentialAction\":[{\"@type\":\"SearchAction\",\"target\":{\"@type\":\"EntryPoint\",\"urlTemplate\":\"https:\/\/unhz.eu\/?s={search_term_string}\"},\"query-input\":{\"@type\":\"PropertyValueSpecification\",\"valueRequired\":true,\"valueName\":\"search_term_string\"}}],\"inLanguage\":\"bs-BA\"},{\"@type\":\"Organization\",\"@id\":\"https:\/\/unhz.eu\/#organization\",\"name\":\"Universiteti \u201cHaxhi Zeka\u201d\",\"alternateName\":\"Universiteti Haxhi Zeka\",\"url\":\"https:\/\/unhz.eu\/\",\"logo\":{\"@type\":\"ImageObject\",\"inLanguage\":\"bs-BA\",\"@id\":\"https:\/\/unhz.eu\/#\/schema\/logo\/image\/\",\"url\":\"https:\/\/unhz.eu\/wp-content\/uploads\/2025\/04\/logo-unhz.webp\",\"contentUrl\":\"https:\/\/unhz.eu\/wp-content\/uploads\/2025\/04\/logo-unhz.webp\",\"width\":1024,\"height\":260,\"caption\":\"Universiteti \u201cHaxhi Zeka\u201d\"},\"image\":{\"@id\":\"https:\/\/unhz.eu\/#\/schema\/logo\/image\/\"},\"sameAs\":[\"https:\/\/www.facebook.com\/uni.haxhizeka\",\"https:\/\/x.com\/uni_haxhizeka\",\"https:\/\/www.linkedin.com\/school\/haxhi-zeka-university\",\"https:\/\/www.instagram.com\/uni_haxhizeka\/\"],\"description\":\"Universiteti \u201cHaxhi Zeka\u201d n\u00eb Pej\u00eb \u00ebsht\u00eb institucion publik i arsimit t\u00eb lart\u00eb, q\u00eb ofron studime bachelor, master dhe doktorat\u00eb n\u00eb fusha t\u00eb ndryshme si menaxhimi, turizmi, ekonomia, bujq\u00ebsia, arti dhe drejt\u00ebsia. Universiteti synon zhvillimin akademik, hulumtimin shkencor dhe kontributin n\u00eb komunitet.\",\"email\":\"info@unhz.eu\",\"telephone\":\"+38339410970\",\"legalName\":\"Universiteti \u201cHaxhi Zeka\u201d n\u00eb Pej\u00eb\",\"foundingDate\":\"2011-11-14\",\"numberOfEmployees\":{\"@type\":\"QuantitativeValue\",\"minValue\":\"201\",\"maxValue\":\"500\"}}]}<\/script>\n<!-- \/ Yoast SEO Premium plugin. -->","yoast_head_json":{"title":"VOICE \u2013 Promoting Gender Equality in Higher Education - University Haxhi Zeka","robots":{"index":"index","follow":"follow","max-snippet":"max-snippet:-1","max-image-preview":"max-image-preview:large","max-video-preview":"max-video-preview:-1"},"canonical":"https:\/\/unhz.eu\/bs\/voice-promoting-gender-equality-in-higher-education-cost-action-ca20137-2021-2025\/","og_locale":"bs_BA","og_type":"article","og_title":"VOICE \u2013 Promoting Gender Equality in Higher Education","og_description":"Project name COST \u2013 European Cooperation in Science and Technology, Action CA20137 VOICE: Gender Equality&hellip;","og_url":"https:\/\/unhz.eu\/bs\/voice-promoting-gender-equality-in-higher-education-cost-action-ca20137-2021-2025\/","og_site_name":"University Haxhi Zeka","article_publisher":"https:\/\/www.facebook.com\/uni.haxhizeka","article_modified_time":"2026-01-22T08:14:00+00:00","twitter_card":"summary_large_image","twitter_site":"@uni_haxhizeka","twitter_misc":{"Est. reading time":"2 minute"},"schema":{"@context":"https:\/\/schema.org","@graph":[{"@type":"WebPage","@id":"https:\/\/unhz.eu\/voice-promoting-gender-equality-in-higher-education-cost-action-ca20137-2021-2025\/","url":"https:\/\/unhz.eu\/voice-promoting-gender-equality-in-higher-education-cost-action-ca20137-2021-2025\/","name":"VOICE \u2013 Promoting Gender Equality in Higher Education - University Haxhi Zeka","isPartOf":{"@id":"https:\/\/unhz.eu\/#website"},"datePublished":"2026-01-21T09:47:44+00:00","dateModified":"2026-01-22T08:14:00+00:00","breadcrumb":{"@id":"https:\/\/unhz.eu\/voice-promoting-gender-equality-in-higher-education-cost-action-ca20137-2021-2025\/#breadcrumb"},"inLanguage":"bs-BA","potentialAction":[{"@type":"ReadAction","target":["https:\/\/unhz.eu\/voice-promoting-gender-equality-in-higher-education-cost-action-ca20137-2021-2025\/"]}]},{"@type":"BreadcrumbList","@id":"https:\/\/unhz.eu\/voice-promoting-gender-equality-in-higher-education-cost-action-ca20137-2021-2025\/#breadcrumb","itemListElement":[{"@type":"ListItem","position":1,"name":"Home","item":"https:\/\/unhz.eu\/"},{"@type":"ListItem","position":2,"name":"VOICE \u2013 Promoting Gender Equality in Higher Education"}]},{"@type":"WebSite","@id":"https:\/\/unhz.eu\/#website","url":"https:\/\/unhz.eu\/","name":"Univerzitet &quot;Had\u017ei Zeka&quot;\u201c","description":"Posve\u0107eni kvaliteti, standardima i uspjehu","publisher":{"@id":"https:\/\/unhz.eu\/#organization"},"alternateName":"Universiteti Haxhi Zeka","potentialAction":[{"@type":"SearchAction","target":{"@type":"EntryPoint","urlTemplate":"https:\/\/unhz.eu\/?s={search_term_string}"},"query-input":{"@type":"PropertyValueSpecification","valueRequired":true,"valueName":"search_term_string"}}],"inLanguage":"bs-BA"},{"@type":"Organization","@id":"https:\/\/unhz.eu\/#organization","name":"Univerzitet &quot;Had\u017ei Zeka&quot;\u201c","alternateName":"Universiteti Haxhi Zeka","url":"https:\/\/unhz.eu\/","logo":{"@type":"ImageObject","inLanguage":"bs-BA","@id":"https:\/\/unhz.eu\/#\/schema\/logo\/image\/","url":"https:\/\/unhz.eu\/wp-content\/uploads\/2025\/04\/logo-unhz.webp","contentUrl":"https:\/\/unhz.eu\/wp-content\/uploads\/2025\/04\/logo-unhz.webp","width":1024,"height":260,"caption":"Universiteti \u201cHaxhi Zeka\u201d"},"image":{"@id":"https:\/\/unhz.eu\/#\/schema\/logo\/image\/"},"sameAs":["https:\/\/www.facebook.com\/uni.haxhizeka","https:\/\/x.com\/uni_haxhizeka","https:\/\/www.linkedin.com\/school\/haxhi-zeka-university","https:\/\/www.instagram.com\/uni_haxhizeka\/"],"description":"Univerzitet &quot;Had\u017ei Zeka&quot; u Pe\u0107i je javna visoko\u0161kolska ustanova koja nudi dodiplomske, master i doktorske studije u raznim oblastima kao \u0161to su menad\u017ement, turizam, ekonomija, poljoprivreda, umjetnost i pravo. Univerzitet ima za cilj akademski razvoj, nau\u010dna istra\u017eivanja i doprinos zajednici.","email":"info@unhz.eu","telephone":"+38339410970","legalName":"Universiteti \u201cHaxhi Zeka\u201d n\u00eb Pej\u00eb","foundingDate":"2011-11-14","numberOfEmployees":{"@type":"QuantitativeValue","minValue":"201","maxValue":"500"}}]}},"acf":[],"_links":{"self":[{"href":"https:\/\/unhz.eu\/bs\/wp-json\/wp\/v2\/pages\/59978","targetHints":{"allow":["GET"]}}],"collection":[{"href":"https:\/\/unhz.eu\/bs\/wp-json\/wp\/v2\/pages"}],"about":[{"href":"https:\/\/unhz.eu\/bs\/wp-json\/wp\/v2\/types\/page"}],"author":[{"embeddable":true,"href":"https:\/\/unhz.eu\/bs\/wp-json\/wp\/v2\/users\/14"}],"replies":[{"embeddable":true,"href":"https:\/\/unhz.eu\/bs\/wp-json\/wp\/v2\/comments?post=59978"}],"version-history":[{"count":3,"href":"https:\/\/unhz.eu\/bs\/wp-json\/wp\/v2\/pages\/59978\/revisions"}],"predecessor-version":[{"id":60054,"href":"https:\/\/unhz.eu\/bs\/wp-json\/wp\/v2\/pages\/59978\/revisions\/60054"}],"wp:attachment":[{"href":"https:\/\/unhz.eu\/bs\/wp-json\/wp\/v2\/media?parent=59978"}],"curies":[{"name":"radni list","href":"https:\/\/api.w.org\/{rel}","templated":true}]}}