{"id":57097,"date":"2025-07-29T14:08:37","date_gmt":"2025-07-29T12:08:37","guid":{"rendered":"https:\/\/unhz.eu\/?page_id=57097"},"modified":"2025-10-03T14:06:40","modified_gmt":"2025-10-03T12:06:40","slug":"keshilli-drejtues-3","status":"publish","type":"page","link":"https:\/\/unhz.eu\/bs\/keshilli-drejtues-3\/","title":{"rendered":"Upravni odbor"},"content":{"rendered":"<div data-elementor-type=\"wp-page\" data-elementor-id=\"57097\" class=\"elementor elementor-57097\" data-elementor-post-type=\"page\">\n\t\t\t\t<div class=\"elementor-element elementor-element-7952e897 e-flex e-con-boxed sc_layouts_column_icons_position_left e-con e-parent\" data-id=\"7952e897\" data-element_type=\"container\" data-e-type=\"container\">\n\t\t\t\t\t<div class=\"e-con-inner\">\n\t\t\t\t<div class=\"elementor-element elementor-element-4e25859e sc_fly_static elementor-widget elementor-widget-text-editor\" data-id=\"4e25859e\" data-element_type=\"widget\" data-e-type=\"widget\" data-widget_type=\"text-editor.default\">\n\t\t\t\t<div class=\"elementor-widget-container\">\n\t\t\t\t\t\t\t\t\t\n<p>Upravno vije\u0107e Univerziteta je glavno upravno tijelo Univerziteta. Ono ima sveukupnu strate\u0161ku odgovornost za efikasno institucionalno funkcionisanje Univerziteta i odgovorno je za sve odluke u vezi sa finansijskim pitanjima (bud\u017eet, osoblje, infrastruktura), kako bi se osigurali odgovaraju\u0107i uslovi za odr\u017eivo funkcionisanje Univerziteta u skladu sa njegovim obavezama.<\/p>\n\n<p><a href=\"https:\/\/unhz.eu\/dokumente-4\/\">Odluke Upravnog vije\u0107a<\/a><\/p>\n\n<p>\u00a0<\/p>\n\t\t\t\t\t\t\t\t<\/div>\n\t\t\t\t<\/div>\n\t\t\t\t\t<\/div>\n\t\t\t\t<\/div>\n\t\t<div class=\"elementor-element elementor-element-fe738fd e-flex e-con-boxed sc_layouts_column_icons_position_left e-con e-parent\" data-id=\"fe738fd\" data-element_type=\"container\" data-e-type=\"container\">\n\t\t\t\t\t<div class=\"e-con-inner\">\n\t\t\t\t<div class=\"elementor-element elementor-element-643b52c sc_fly_static elementor-widget elementor-widget-trx_sc_team\" data-id=\"643b52c\" data-element_type=\"widget\" data-e-type=\"widget\" data-widget_type=\"trx_sc_team.default\">\n\t\t\t\t<div class=\"elementor-widget-container\">\n\t\t\t\t\t<div \t\tclass=\"sc_team sc_team_3d-simple\"><div class=\"sc_team_columns_wrap sc_item_columns sc_item_posts_container trx_addons_columns_wrap columns_padding_bottom columns_in_single_row\"><div class=\"trx_addons_column-1_4\"><div data-post-id=\"22240\" class=\"sc_team_item sc_item_container post_container start-inner-3d no_links post-22240 cpt_team type-cpt_team status-publish has-post-thumbnail hentry cpt_team_group-keshilli-drejtues\">\n\t<div class=\"post_featured sc_team_item_thumb trx_addons_hover trx_addons_hover_style_info_anim\"><img fetchpriority=\"high\" decoding=\"async\" width=\"390\" height=\"476\" src=\"https:\/\/unhz.eu\/wp-content\/uploads\/2024\/04\/no-img.png\" class=\"attachment-law-office-thumb-rectangle size-law-office-thumb-rectangle wp-post-image\" alt=\"\" srcset=\"https:\/\/unhz.eu\/wp-content\/uploads\/2024\/04\/no-img.png 390w, https:\/\/unhz.eu\/wp-content\/uploads\/2024\/04\/no-img-246x300.png 246w, https:\/\/unhz.eu\/wp-content\/uploads\/2024\/04\/no-img-370x452.png 370w\" sizes=\"(max-width: 600px) 100vw, 390px\" \/><a class=\"post_link sc_team_item_link\" href=\"https:\/\/unhz.eu\/bs\/team\/emine-abdyli\/\"><\/a><div class=\"trx_addons_hover_mask\"><\/div><\/div>\t<div class=\"sc_team_item_info\">\n\t\t<div class=\"sc_team_item_header\">\n\t\t\t<h4 class=\"sc_team_item_title entry-title\"><a href=\"https:\/\/unhz.eu\/bs\/team\/emine-abdyli\/\">Vanredni prof. dr. EMINE ABDYLI<\/a><\/h4>\n\t\t\t<div class=\"sc_team_item_subtitle\">Glava<\/div>\t\t<\/div>\n\t\t\t\t\t<div class=\"trx_addons_hover_team\"><div class=\"sc_team_item_socials socials_wrap trx_addons_hover_info\"> <a target=\"_blank\" href=\"https:\/\/www.facebook.com\/uni.haxhizeka\" class=\"social_item social_item_style_icons sc_icon_type_icons social_item_type_icons\"><span class=\"social_icon social_icon_facebook\" style=\"\"><span class=\"icon-facebook\"><\/span><\/span><\/a><a target=\"_blank\" href=\"https:\/\/unhz.eu\/dokumente-4\/\" class=\"social_item social_item_style_icons sc_icon_type_icons social_item_type_icons\"><span class=\"social_icon social_icon_share-email\" style=\"\"><span class=\"icon-share-email\"><\/span><\/span><\/a><\/div><\/div>\n\t\t\t\t<\/div>\n\n<\/div>\n<\/div><div class=\"trx_addons_column-1_4\"><div data-post-id=\"22239\" class=\"sc_team_item sc_item_container post_container start-inner-3d no_links post-22239 cpt_team type-cpt_team status-publish has-post-thumbnail hentry cpt_team_group-keshilli-drejtues\">\n\t<div class=\"post_featured sc_team_item_thumb trx_addons_hover trx_addons_hover_style_info_anim\"><img fetchpriority=\"high\" decoding=\"async\" width=\"390\" height=\"476\" src=\"https:\/\/unhz.eu\/wp-content\/uploads\/2024\/04\/no-img.png\" class=\"attachment-law-office-thumb-rectangle size-law-office-thumb-rectangle wp-post-image\" alt=\"\" srcset=\"https:\/\/unhz.eu\/wp-content\/uploads\/2024\/04\/no-img.png 390w, https:\/\/unhz.eu\/wp-content\/uploads\/2024\/04\/no-img-246x300.png 246w, https:\/\/unhz.eu\/wp-content\/uploads\/2024\/04\/no-img-370x452.png 370w\" sizes=\"(max-width: 600px) 100vw, 390px\" \/><a class=\"post_link sc_team_item_link\" href=\"https:\/\/unhz.eu\/bs\/team\/haki-tigani\/\"><\/a><div class=\"trx_addons_hover_mask\"><\/div><\/div>\t<div class=\"sc_team_item_info\">\n\t\t<div class=\"sc_team_item_header\">\n\t\t\t<h4 class=\"sc_team_item_title entry-title\"><a href=\"https:\/\/unhz.eu\/bs\/team\/haki-tigani\/\">HAKIRAJTE TANJUR ZA PR\u017dENJE<\/a><\/h4>\n\t\t\t<div class=\"sc_team_item_subtitle\">Zamjenik predsjedavaju\u0107eg<\/div>\t\t<\/div>\n\t\t\t\t\t<div class=\"trx_addons_hover_team\"><div class=\"sc_team_item_socials socials_wrap trx_addons_hover_info\"> <a target=\"_blank\" href=\"https:\/\/www.facebook.com\/uni.haxhizeka\" class=\"social_item social_item_style_icons sc_icon_type_icons social_item_type_icons\"><span class=\"social_icon social_icon_facebook\" style=\"\"><span class=\"icon-facebook\"><\/span><\/span><\/a><\/div><\/div>\n\t\t\t\t<\/div>\n\n<\/div>\n<\/div><div class=\"trx_addons_column-1_4\"><div data-post-id=\"49047\" class=\"sc_team_item sc_item_container post_container start-inner-3d no_links post-49047 cpt_team type-cpt_team status-publish has-post-thumbnail hentry cpt_team_group-keshilli-drejtues\">\n\t<div class=\"post_featured sc_team_item_thumb trx_addons_hover trx_addons_hover_style_info_anim\"><img fetchpriority=\"high\" decoding=\"async\" width=\"390\" height=\"476\" src=\"https:\/\/unhz.eu\/wp-content\/uploads\/2024\/04\/no-img.png\" class=\"attachment-law-office-thumb-rectangle size-law-office-thumb-rectangle wp-post-image\" alt=\"\" srcset=\"https:\/\/unhz.eu\/wp-content\/uploads\/2024\/04\/no-img.png 390w, https:\/\/unhz.eu\/wp-content\/uploads\/2024\/04\/no-img-246x300.png 246w, https:\/\/unhz.eu\/wp-content\/uploads\/2024\/04\/no-img-370x452.png 370w\" sizes=\"(max-width: 600px) 100vw, 390px\" \/><a class=\"post_link sc_team_item_link\" href=\"https:\/\/unhz.eu\/bs\/team\/nita-pula-kastrati\/\"><\/a><div class=\"trx_addons_hover_mask\"><\/div><\/div>\t<div class=\"sc_team_item_info\">\n\t\t<div class=\"sc_team_item_header\">\n\t\t\t<h4 class=\"sc_team_item_title entry-title\"><a href=\"https:\/\/unhz.eu\/bs\/team\/nita-pula-kastrati\/\">Nita Pula krema od jabuke<\/a><\/h4>\n\t\t\t<div class=\"sc_team_item_subtitle\">\u010clan<\/div>\t\t<\/div>\n\t\t\t\t\t<div class=\"trx_addons_hover_team\"><div class=\"sc_team_item_socials socials_wrap trx_addons_hover_info\"> <\/div><\/div>\n\t\t\t\t<\/div>\n\n<\/div>\n<\/div><\/div><\/div>\t\t\t\t<\/div>\n\t\t\t\t<\/div>\n\t\t\t\t\t<\/div>\n\t\t\t\t<\/div>\n\t\t<div class=\"elementor-element elementor-element-6b90adf e-flex e-con-boxed sc_layouts_column_icons_position_left e-con e-parent\" data-id=\"6b90adf\" data-element_type=\"container\" data-e-type=\"container\">\n\t\t\t\t\t<div class=\"e-con-inner\">\n\t\t\t\t<div class=\"elementor-element elementor-element-b8e1a95 sc_fly_static elementor-widget elementor-widget-trx_sc_team\" data-id=\"b8e1a95\" data-element_type=\"widget\" data-e-type=\"widget\" data-widget_type=\"trx_sc_team.default\">\n\t\t\t\t<div class=\"elementor-widget-container\">\n\t\t\t\t\t<div \t\tclass=\"sc_team sc_team_3d-simple\"><div class=\"sc_team_columns_wrap sc_item_columns sc_item_posts_container trx_addons_columns_wrap columns_padding_bottom columns_in_single_row\"><div class=\"trx_addons_column-1_4\"><div data-post-id=\"58089\" class=\"sc_team_item sc_item_container post_container start-inner-3d no_links post-58089 cpt_team type-cpt_team status-publish has-post-thumbnail hentry cpt_team_group-keshilli-drejtues\">\n\t<div class=\"post_featured sc_team_item_thumb trx_addons_hover trx_addons_hover_style_info_anim\"><img fetchpriority=\"high\" decoding=\"async\" width=\"390\" height=\"476\" src=\"https:\/\/unhz.eu\/wp-content\/uploads\/2024\/04\/no-img.png\" class=\"attachment-law-office-thumb-rectangle size-law-office-thumb-rectangle wp-post-image\" alt=\"\" srcset=\"https:\/\/unhz.eu\/wp-content\/uploads\/2024\/04\/no-img.png 390w, https:\/\/unhz.eu\/wp-content\/uploads\/2024\/04\/no-img-246x300.png 246w, https:\/\/unhz.eu\/wp-content\/uploads\/2024\/04\/no-img-370x452.png 370w\" sizes=\"(max-width: 600px) 100vw, 390px\" \/><a class=\"post_link sc_team_item_link\" href=\"https:\/\/unhz.eu\/bs\/team\/ibrahim-krasniqi\/\"><\/a><div class=\"trx_addons_hover_mask\"><\/div><\/div>\t<div class=\"sc_team_item_info\">\n\t\t<div class=\"sc_team_item_header\">\n\t\t\t<h4 class=\"sc_team_item_title entry-title\"><a href=\"https:\/\/unhz.eu\/bs\/team\/ibrahim-krasniqi\/\">Ibrahim Krasniqi<\/a><\/h4>\n\t\t\t<div class=\"sc_team_item_subtitle\">Vanredni prof. dr.<\/div>\t\t<\/div>\n\t\t\t\t\t<div class=\"trx_addons_hover_team\"><div class=\"sc_team_item_socials socials_wrap trx_addons_hover_info\"> <\/div><\/div>\n\t\t\t\t<\/div>\n\n<\/div>\n<\/div><div class=\"trx_addons_column-1_4\"><div data-post-id=\"22229\" class=\"sc_team_item sc_item_container post_container start-inner-3d no_links post-22229 cpt_team type-cpt_team status-publish has-post-thumbnail hentry cpt_team_group-keshilli-drejtues\">\n\t<div class=\"post_featured sc_team_item_thumb trx_addons_hover trx_addons_hover_style_info_anim\"><img fetchpriority=\"high\" decoding=\"async\" width=\"390\" height=\"476\" src=\"https:\/\/unhz.eu\/wp-content\/uploads\/2024\/04\/no-img.png\" class=\"attachment-law-office-thumb-rectangle size-law-office-thumb-rectangle wp-post-image\" alt=\"\" srcset=\"https:\/\/unhz.eu\/wp-content\/uploads\/2024\/04\/no-img.png 390w, https:\/\/unhz.eu\/wp-content\/uploads\/2024\/04\/no-img-246x300.png 246w, https:\/\/unhz.eu\/wp-content\/uploads\/2024\/04\/no-img-370x452.png 370w\" sizes=\"(max-width: 600px) 100vw, 390px\" \/><a class=\"post_link sc_team_item_link\" href=\"https:\/\/unhz.eu\/bs\/team\/mersiha-kalac\/\"><\/a><div class=\"trx_addons_hover_mask\"><\/div><\/div>\t<div class=\"sc_team_item_info\">\n\t\t<div class=\"sc_team_item_header\">\n\t\t\t<h4 class=\"sc_team_item_title entry-title\"><a href=\"https:\/\/unhz.eu\/bs\/team\/mersiha-kalac\/\">MERSIHA KALAC<\/a><\/h4>\n\t\t\t<div class=\"sc_team_item_subtitle\">PROF. AS. DR.<\/div>\t\t<\/div>\n\t\t\t\t\t<div class=\"trx_addons_hover_team\"><div class=\"sc_team_item_socials socials_wrap trx_addons_hover_info\"> <a target=\"_blank\" href=\"https:\/\/www.facebook.com\/uni.haxhizeka\" class=\"social_item social_item_style_icons sc_icon_type_icons social_item_type_icons\"><span class=\"social_icon social_icon_facebook\" style=\"\"><span class=\"icon-facebook\"><\/span><\/span><\/a><a target=\"_blank\" href=\"https:\/\/www.linkedin.com\/authwall?trk=gf&#038;trkInfo=AQECLjQ5MgE4dQAAAY71-yYIM4E_0x36lUQ6dmD7f1efFr1UiX9bZJX0c4sURtbNdxQjBtwgT4KLvxpxFTzRL-6U9MliG1GtpVkJCtvlrvcKo48M5GU02TVKE-8fBLrKuSYcjf4=&#038;original_referer=&#038;sessionRedirect=https%3A%2F%2Fwww.linkedin.com%2Fschool%2Fhaxhi-zeka-university%2F\" class=\"social_item social_item_style_icons sc_icon_type_icons social_item_type_icons\"><span class=\"social_icon social_icon_linkedin\" style=\"\"><span class=\"icon-linkedin\"><\/span><\/span><\/a><a target=\"_blank\" href=\"https:\/\/unhz.eu\/fakulteti-i-biznesit\/wp-content\/uploads\/sites\/2\/2025\/10\/CV_ENG._Mersiha-Kalac-Kacamakovic.pdf\" class=\"social_item social_item_style_icons sc_icon_type_icons social_item_type_icons\"><span class=\"social_icon social_icon_clipboard\" style=\"\"><span class=\"icon-clipboard\"><\/span><\/span><\/a><a target=\"_blank\" href=\"https:\/\/unhz.eu\/fakulteti-i-biznesit\/wp-content\/uploads\/sites\/2\/2025\/10\/CV_SHQ._Mersiha-Kalac-Kacamakovic.pdf\" class=\"social_item social_item_style_icons sc_icon_type_icons social_item_type_icons\"><span class=\"social_icon social_icon_clipboard\" style=\"\"><span class=\"icon-clipboard\"><\/span><\/span><\/a><\/div><\/div>\n\t\t\t\t<\/div>\n\n<\/div>\n<\/div><div class=\"trx_addons_column-1_4\"><div data-post-id=\"22223\" class=\"sc_team_item sc_item_container post_container start-inner-3d no_links post-22223 cpt_team type-cpt_team status-publish has-post-thumbnail hentry cpt_team_group-keshilli-drejtues\">\n\t<div class=\"post_featured sc_team_item_thumb trx_addons_hover trx_addons_hover_style_info_anim\"><img decoding=\"async\" width=\"570\" height=\"696\" src=\"https:\/\/unhz.eu\/wp-content\/uploads\/2024\/04\/Arsim_Kelmendi_UHZ-e1650370471193-570x696.jpg\" class=\"attachment-law-office-thumb-rectangle size-law-office-thumb-rectangle wp-post-image\" alt=\"\" \/><a class=\"post_link sc_team_item_link\" href=\"https:\/\/unhz.eu\/bs\/team\/arsim-kelmendi\/\"><\/a><div class=\"trx_addons_hover_mask\"><\/div><\/div>\t<div class=\"sc_team_item_info\">\n\t\t<div class=\"sc_team_item_header\">\n\t\t\t<h4 class=\"sc_team_item_title entry-title\"><a href=\"https:\/\/unhz.eu\/bs\/team\/arsim-kelmendi\/\">OBRAZOVANJE KELMENDI<\/a><\/h4>\n\t\t\t<div class=\"sc_team_item_subtitle\">DOCENT.<\/div>\t\t<\/div>\n\t\t\t\t\t<div class=\"trx_addons_hover_team\"><div class=\"sc_team_item_socials socials_wrap trx_addons_hover_info\"> <a target=\"_blank\" href=\"https:\/\/drive.google.com\/file\/d\/1y1xDBx-82Q5tzBncqh_6ZEwOWtEhtP13\/view\" class=\"social_item social_item_style_icons sc_icon_type_icons social_item_type_icons\"><span class=\"social_icon social_icon_clipboard\" style=\"\"><span class=\"icon-clipboard\"><\/span><\/span><\/a><\/div><\/div>\n\t\t\t\t<\/div>\n\n<\/div>\n<\/div><div class=\"trx_addons_column-1_4\"><div data-post-id=\"58093\" class=\"sc_team_item sc_item_container post_container start-inner-3d no_links post-58093 cpt_team type-cpt_team status-publish has-post-thumbnail hentry cpt_team_group-keshilli-drejtues\">\n\t<div class=\"post_featured sc_team_item_thumb trx_addons_hover trx_addons_hover_style_info_anim\"><img decoding=\"async\" width=\"570\" height=\"696\" src=\"https:\/\/unhz.eu\/wp-content\/uploads\/2025\/10\/GE1_9170-1145x1536-1-840x1127-1-570x696.jpg\" class=\"attachment-law-office-thumb-rectangle size-law-office-thumb-rectangle not-transparent wp-post-image\" alt=\"\" data-has-transparency=\"false\" data-dominant-color=\"716455\" style=\"--dominant-color: #716455;\" \/><a class=\"post_link sc_team_item_link\" href=\"https:\/\/unhz.eu\/bs\/team\/granit-kastrati\/\"><\/a><div class=\"trx_addons_hover_mask\"><\/div><\/div>\t<div class=\"sc_team_item_info\">\n\t\t<div class=\"sc_team_item_header\">\n\t\t\t<h4 class=\"sc_team_item_title entry-title\"><a href=\"https:\/\/unhz.eu\/bs\/team\/granit-kastrati\/\">Granit Kastrati<\/a><\/h4>\n\t\t\t<div class=\"sc_team_item_subtitle\">Vanredni prof. dr.<\/div>\t\t<\/div>\n\t\t\t\t\t<div class=\"trx_addons_hover_team\"><div class=\"sc_team_item_socials socials_wrap trx_addons_hover_info\"> <a target=\"_blank\" href=\"https:\/\/unhz.eu\/fakulteti-i-agrobiznesit\/wp-content\/uploads\/sites\/11\/2024\/04\/CV_Granit-Kastrati_2026.pdf\" class=\"social_item social_item_style_icons sc_icon_type_icons social_item_type_icons\"><span class=\"social_icon social_icon_docs\" style=\"\"><span class=\"icon-docs\"><\/span><\/span><\/a><a target=\"_blank\" href=\"https:\/\/unhz.eu\/fakulteti-i-agrobiznesit\/wp-content\/uploads\/sites\/11\/2024\/04\/CV_Granit-Kastrati-eng._2026.pdf\" class=\"social_item social_item_style_icons sc_icon_type_icons social_item_type_icons\"><span class=\"social_icon social_icon_docs\" style=\"\"><span class=\"icon-docs\"><\/span><\/span><\/a><\/div><\/div>\n\t\t\t\t<\/div>\n\n<\/div>\n<\/div><\/div><\/div>\t\t\t\t<\/div>\n\t\t\t\t<\/div>\n\t\t\t\t\t<\/div>\n\t\t\t\t<\/div>\n\t\t\t\t<\/div>","protected":false},"excerpt":{"rendered":"<p>K\u00ebshilli Drejtues i Universitetit \u00ebsht\u00eb organi kryesor qeveris\u00ebs i Universitetit. Ai ka p\u00ebrgjegj\u00ebsi t\u00eb p\u00ebrgjithshme&hellip;<\/p>","protected":false},"author":1,"featured_media":0,"parent":0,"menu_order":0,"comment_status":"closed","ping_status":"closed","template":"","meta":{"_acf_changed":false,"footnotes":""},"class_list":["post-57097","page","type-page","status-publish","hentry"],"yoast_head":"<!-- This site is optimized with the Yoast SEO Premium plugin v27.2 (Yoast SEO v27.2) - https:\/\/yoast.com\/product\/yoast-seo-premium-wordpress\/ -->\n<title>K\u00ebshilli Drejtues - University Haxhi Zeka<\/title>\n<meta name=\"robots\" content=\"index, follow, max-snippet:-1, max-image-preview:large, max-video-preview:-1\" \/>\n<link rel=\"canonical\" href=\"https:\/\/unhz.eu\/bs\/keshilli-drejtues-3\/\" \/>\n<meta property=\"og:locale\" content=\"bs_BA\" \/>\n<meta property=\"og:type\" content=\"article\" \/>\n<meta property=\"og:title\" content=\"K\u00ebshilli Drejtues\" \/>\n<meta property=\"og:description\" content=\"K\u00ebshilli Drejtues i Universitetit \u00ebsht\u00eb organi kryesor qeveris\u00ebs i Universitetit. Ai ka p\u00ebrgjegj\u00ebsi t\u00eb p\u00ebrgjithshme&hellip;\" \/>\n<meta property=\"og:url\" content=\"https:\/\/unhz.eu\/bs\/keshilli-drejtues-3\/\" \/>\n<meta property=\"og:site_name\" content=\"University Haxhi Zeka\" \/>\n<meta property=\"article:publisher\" content=\"https:\/\/www.facebook.com\/uni.haxhizeka\" \/>\n<meta property=\"article:modified_time\" content=\"2025-10-03T12:06:40+00:00\" \/>\n<meta property=\"og:image\" content=\"https:\/\/unhz.eu\/wp-content\/uploads\/2024\/04\/no-img.png\" \/>\n<meta name=\"twitter:card\" content=\"summary_large_image\" \/>\n<meta name=\"twitter:site\" content=\"@uni_haxhizeka\" \/>\n<meta name=\"twitter:label1\" content=\"Est. reading time\" \/>\n\t<meta name=\"twitter:data1\" content=\"2 minute\" \/>\n<script type=\"application\/ld+json\" class=\"yoast-schema-graph\">{\"@context\":\"https:\/\/schema.org\",\"@graph\":[{\"@type\":\"WebPage\",\"@id\":\"https:\/\/unhz.eu\/keshilli-drejtues-3\/\",\"url\":\"https:\/\/unhz.eu\/keshilli-drejtues-3\/\",\"name\":\"K\u00ebshilli Drejtues - University Haxhi Zeka\",\"isPartOf\":{\"@id\":\"https:\/\/unhz.eu\/#website\"},\"primaryImageOfPage\":{\"@id\":\"https:\/\/unhz.eu\/keshilli-drejtues-3\/#primaryimage\"},\"image\":{\"@id\":\"https:\/\/unhz.eu\/keshilli-drejtues-3\/#primaryimage\"},\"thumbnailUrl\":\"https:\/\/unhz.eu\/wp-content\/uploads\/2024\/04\/no-img.png\",\"datePublished\":\"2025-07-29T12:08:37+00:00\",\"dateModified\":\"2025-10-03T12:06:40+00:00\",\"breadcrumb\":{\"@id\":\"https:\/\/unhz.eu\/keshilli-drejtues-3\/#breadcrumb\"},\"inLanguage\":\"bs-BA\",\"potentialAction\":[{\"@type\":\"ReadAction\",\"target\":[\"https:\/\/unhz.eu\/keshilli-drejtues-3\/\"]}]},{\"@type\":\"ImageObject\",\"inLanguage\":\"bs-BA\",\"@id\":\"https:\/\/unhz.eu\/keshilli-drejtues-3\/#primaryimage\",\"url\":\"https:\/\/unhz.eu\/wp-content\/uploads\/2024\/04\/no-img.png\",\"contentUrl\":\"https:\/\/unhz.eu\/wp-content\/uploads\/2024\/04\/no-img.png\"},{\"@type\":\"BreadcrumbList\",\"@id\":\"https:\/\/unhz.eu\/keshilli-drejtues-3\/#breadcrumb\",\"itemListElement\":[{\"@type\":\"ListItem\",\"position\":1,\"name\":\"Home\",\"item\":\"https:\/\/unhz.eu\/\"},{\"@type\":\"ListItem\",\"position\":2,\"name\":\"K\u00ebshilli Drejtues\"}]},{\"@type\":\"WebSite\",\"@id\":\"https:\/\/unhz.eu\/#website\",\"url\":\"https:\/\/unhz.eu\/\",\"name\":\"Universiteti \u201cHaxhi Zeka\u201d\",\"description\":\"I dedikuar p\u00ebr cil\u00ebsi, standarde dhe suksese\",\"publisher\":{\"@id\":\"https:\/\/unhz.eu\/#organization\"},\"alternateName\":\"Universiteti Haxhi Zeka\",\"potentialAction\":[{\"@type\":\"SearchAction\",\"target\":{\"@type\":\"EntryPoint\",\"urlTemplate\":\"https:\/\/unhz.eu\/?s={search_term_string}\"},\"query-input\":{\"@type\":\"PropertyValueSpecification\",\"valueRequired\":true,\"valueName\":\"search_term_string\"}}],\"inLanguage\":\"bs-BA\"},{\"@type\":\"Organization\",\"@id\":\"https:\/\/unhz.eu\/#organization\",\"name\":\"Universiteti \u201cHaxhi Zeka\u201d\",\"alternateName\":\"Universiteti Haxhi Zeka\",\"url\":\"https:\/\/unhz.eu\/\",\"logo\":{\"@type\":\"ImageObject\",\"inLanguage\":\"bs-BA\",\"@id\":\"https:\/\/unhz.eu\/#\/schema\/logo\/image\/\",\"url\":\"https:\/\/unhz.eu\/wp-content\/uploads\/2025\/04\/logo-unhz.webp\",\"contentUrl\":\"https:\/\/unhz.eu\/wp-content\/uploads\/2025\/04\/logo-unhz.webp\",\"width\":1024,\"height\":260,\"caption\":\"Universiteti \u201cHaxhi Zeka\u201d\"},\"image\":{\"@id\":\"https:\/\/unhz.eu\/#\/schema\/logo\/image\/\"},\"sameAs\":[\"https:\/\/www.facebook.com\/uni.haxhizeka\",\"https:\/\/x.com\/uni_haxhizeka\",\"https:\/\/www.linkedin.com\/school\/haxhi-zeka-university\",\"https:\/\/www.instagram.com\/uni_haxhizeka\/\"],\"description\":\"Universiteti \u201cHaxhi Zeka\u201d n\u00eb Pej\u00eb \u00ebsht\u00eb institucion publik i arsimit t\u00eb lart\u00eb, q\u00eb ofron studime bachelor, master dhe doktorat\u00eb n\u00eb fusha t\u00eb ndryshme si menaxhimi, turizmi, ekonomia, bujq\u00ebsia, arti dhe drejt\u00ebsia. Universiteti synon zhvillimin akademik, hulumtimin shkencor dhe kontributin n\u00eb komunitet.\",\"email\":\"info@unhz.eu\",\"telephone\":\"+38339410970\",\"legalName\":\"Universiteti \u201cHaxhi Zeka\u201d n\u00eb Pej\u00eb\",\"foundingDate\":\"2011-11-14\",\"numberOfEmployees\":{\"@type\":\"QuantitativeValue\",\"minValue\":\"201\",\"maxValue\":\"500\"}}]}<\/script>\n<!-- \/ Yoast SEO Premium plugin. -->","yoast_head_json":{"title":"Upravni savet - Univerzitet Had\u017ei Zeka","robots":{"index":"index","follow":"follow","max-snippet":"max-snippet:-1","max-image-preview":"max-image-preview:large","max-video-preview":"max-video-preview:-1"},"canonical":"https:\/\/unhz.eu\/bs\/keshilli-drejtues-3\/","og_locale":"bs_BA","og_type":"article","og_title":"K\u00ebshilli Drejtues","og_description":"K\u00ebshilli Drejtues i Universitetit \u00ebsht\u00eb organi kryesor qeveris\u00ebs i Universitetit. Ai ka p\u00ebrgjegj\u00ebsi t\u00eb p\u00ebrgjithshme&hellip;","og_url":"https:\/\/unhz.eu\/bs\/keshilli-drejtues-3\/","og_site_name":"University Haxhi Zeka","article_publisher":"https:\/\/www.facebook.com\/uni.haxhizeka","article_modified_time":"2025-10-03T12:06:40+00:00","og_image":[{"url":"https:\/\/unhz.eu\/wp-content\/uploads\/2024\/04\/no-img.png","type":"","width":"","height":""}],"twitter_card":"summary_large_image","twitter_site":"@uni_haxhizeka","twitter_misc":{"Est. reading time":"2 minute"},"schema":{"@context":"https:\/\/schema.org","@graph":[{"@type":"WebPage","@id":"https:\/\/unhz.eu\/keshilli-drejtues-3\/","url":"https:\/\/unhz.eu\/keshilli-drejtues-3\/","name":"Upravni savet - Univerzitet Had\u017ei Zeka","isPartOf":{"@id":"https:\/\/unhz.eu\/#website"},"primaryImageOfPage":{"@id":"https:\/\/unhz.eu\/keshilli-drejtues-3\/#primaryimage"},"image":{"@id":"https:\/\/unhz.eu\/keshilli-drejtues-3\/#primaryimage"},"thumbnailUrl":"https:\/\/unhz.eu\/wp-content\/uploads\/2024\/04\/no-img.png","datePublished":"2025-07-29T12:08:37+00:00","dateModified":"2025-10-03T12:06:40+00:00","breadcrumb":{"@id":"https:\/\/unhz.eu\/keshilli-drejtues-3\/#breadcrumb"},"inLanguage":"bs-BA","potentialAction":[{"@type":"ReadAction","target":["https:\/\/unhz.eu\/keshilli-drejtues-3\/"]}]},{"@type":"ImageObject","inLanguage":"bs-BA","@id":"https:\/\/unhz.eu\/keshilli-drejtues-3\/#primaryimage","url":"https:\/\/unhz.eu\/wp-content\/uploads\/2024\/04\/no-img.png","contentUrl":"https:\/\/unhz.eu\/wp-content\/uploads\/2024\/04\/no-img.png"},{"@type":"BreadcrumbList","@id":"https:\/\/unhz.eu\/keshilli-drejtues-3\/#breadcrumb","itemListElement":[{"@type":"ListItem","position":1,"name":"Home","item":"https:\/\/unhz.eu\/"},{"@type":"ListItem","position":2,"name":"K\u00ebshilli Drejtues"}]},{"@type":"WebSite","@id":"https:\/\/unhz.eu\/#website","url":"https:\/\/unhz.eu\/","name":"Univerzitet &quot;Had\u017ei Zeka&quot;\u201c","description":"Posve\u0107eni kvaliteti, standardima i uspjehu","publisher":{"@id":"https:\/\/unhz.eu\/#organization"},"alternateName":"Universiteti Haxhi Zeka","potentialAction":[{"@type":"SearchAction","target":{"@type":"EntryPoint","urlTemplate":"https:\/\/unhz.eu\/?s={search_term_string}"},"query-input":{"@type":"PropertyValueSpecification","valueRequired":true,"valueName":"search_term_string"}}],"inLanguage":"bs-BA"},{"@type":"Organization","@id":"https:\/\/unhz.eu\/#organization","name":"Univerzitet &quot;Had\u017ei Zeka&quot;\u201c","alternateName":"Universiteti Haxhi Zeka","url":"https:\/\/unhz.eu\/","logo":{"@type":"ImageObject","inLanguage":"bs-BA","@id":"https:\/\/unhz.eu\/#\/schema\/logo\/image\/","url":"https:\/\/unhz.eu\/wp-content\/uploads\/2025\/04\/logo-unhz.webp","contentUrl":"https:\/\/unhz.eu\/wp-content\/uploads\/2025\/04\/logo-unhz.webp","width":1024,"height":260,"caption":"Universiteti \u201cHaxhi Zeka\u201d"},"image":{"@id":"https:\/\/unhz.eu\/#\/schema\/logo\/image\/"},"sameAs":["https:\/\/www.facebook.com\/uni.haxhizeka","https:\/\/x.com\/uni_haxhizeka","https:\/\/www.linkedin.com\/school\/haxhi-zeka-university","https:\/\/www.instagram.com\/uni_haxhizeka\/"],"description":"Univerzitet &quot;Had\u017ei Zeka&quot; u Pe\u0107i je javna visoko\u0161kolska ustanova koja nudi dodiplomske, master i doktorske studije u raznim oblastima kao \u0161to su menad\u017ement, turizam, ekonomija, poljoprivreda, umjetnost i pravo. Univerzitet ima za cilj akademski razvoj, nau\u010dna istra\u017eivanja i doprinos zajednici.","email":"info@unhz.eu","telephone":"+38339410970","legalName":"Universiteti \u201cHaxhi Zeka\u201d n\u00eb Pej\u00eb","foundingDate":"2011-11-14","numberOfEmployees":{"@type":"QuantitativeValue","minValue":"201","maxValue":"500"}}]}},"acf":[],"_links":{"self":[{"href":"https:\/\/unhz.eu\/bs\/wp-json\/wp\/v2\/pages\/57097","targetHints":{"allow":["GET"]}}],"collection":[{"href":"https:\/\/unhz.eu\/bs\/wp-json\/wp\/v2\/pages"}],"about":[{"href":"https:\/\/unhz.eu\/bs\/wp-json\/wp\/v2\/types\/page"}],"author":[{"embeddable":true,"href":"https:\/\/unhz.eu\/bs\/wp-json\/wp\/v2\/users\/1"}],"replies":[{"embeddable":true,"href":"https:\/\/unhz.eu\/bs\/wp-json\/wp\/v2\/comments?post=57097"}],"version-history":[{"count":5,"href":"https:\/\/unhz.eu\/bs\/wp-json\/wp\/v2\/pages\/57097\/revisions"}],"predecessor-version":[{"id":58121,"href":"https:\/\/unhz.eu\/bs\/wp-json\/wp\/v2\/pages\/57097\/revisions\/58121"}],"wp:attachment":[{"href":"https:\/\/unhz.eu\/bs\/wp-json\/wp\/v2\/media?parent=57097"}],"curies":[{"name":"radni list","href":"https:\/\/api.w.org\/{rel}","templated":true}]}}