{"id":53101,"date":"2025-06-11T13:56:30","date_gmt":"2025-06-11T11:56:30","guid":{"rendered":"https:\/\/unhz.eu\/?page_id=53101"},"modified":"2025-11-03T16:33:18","modified_gmt":"2025-11-03T14:33:18","slug":"doctoral-studies","status":"publish","type":"page","link":"https:\/\/unhz.eu\/bs\/doctoral-studies\/","title":{"rendered":"Doktorske studije"},"content":{"rendered":"<p>Doktorske studije<\/p>\n\n\n\n<figure class=\"wp-block-table\"><table class=\"has-fixed-layout\"><tbody><tr><td>Opis<\/td><td>Albanski<\/td><td>Engleski<\/td><\/tr><tr><td>Statut univerziteta<\/td><td><a href=\"https:\/\/unhz.eu\/Dokumente\/Statuti%20i%20UHZ-se\/Statuti-i-UHZ.pdf\">PDF<\/a><\/td><td><a href=\"https:\/\/unhz.eu\/Dokumente\/Statuti%20i%20UHZ-se\/Statute%20of%20University.pdf\">PDF<\/a><\/td><\/tr><tr><td>Regulativa doktorskih studija<\/td><td><a href=\"https:\/\/old.unhz.eu\/wp-content\/uploads\/2024\/11\/3021-Vendim-i-Senatit-Miratohet-Rregullorja-per-Studimet-e-Doktorates.pdf\">PDF<\/a><\/td><td><a href=\"https:\/\/old.unhz.eu\/wp-content\/uploads\/2024\/11\/3021-Vendim-i-Senatit-Miratohet-Rregullorja-per-Studimet-e-Doktorates-eng.pdf\">PDF<\/a><\/td><\/tr><tr><td>KODEKS ETIKE I INTEGRITETA U NAU\u010cNOM ISTRA\u017dIVANJU<\/td><td><a href=\"https:\/\/unhz.eu\/Dokumente\/Rregullore\/0001%20KODI%20P%c3%8bR%20ETIK%20DHE%20INTEGRITET%20N%c3%8b%20K%c3%8bRKIME%20SHKENCORE.pdf-1.PDF\">PDF<\/a><\/td><td><a href=\"https:\/\/unhz.eu\/Dokumente\/Rregullore\/0001%20CODE%20OF%20ETHICS%20AND%20INTEGRITY%20IN%20SCIENTIFIC%20RESEARCH.pdf.PDF\">PDF<\/a><\/td><\/tr><\/tbody><\/table><\/figure>\n\n\n\n<p>Obrasci za regulaciju doktorskih studija<\/p>\n\n\n\n<figure class=\"wp-block-table\"><table class=\"has-fixed-layout\"><tbody><tr><td>Opis<\/td><td>Albanski<\/td><td>Engleski<\/td><\/tr><tr><td>1. Obrazac za predaju doktorske disertacije<\/td><td><a href=\"https:\/\/unhz.eu\/wp-content\/uploads\/2025\/06\/1.-Formulari-per-paraqitjen-e-tezes-se-doktorates.docx\">Dokument<\/a>.<\/td><td><a href=\"https:\/\/unhz.eu\/wp-content\/uploads\/2025\/06\/1.-Doctoral-Thesis-Submission-Form.docx\">Vanredni prof.<\/a><\/td><\/tr><tr><td>2. IZVJE\u0160TAJ MENTORA_Individualno istra\u017eivanje_I<\/td><td><a href=\"https:\/\/unhz.eu\/wp-content\/uploads\/2025\/06\/2.-Raporti-i-Mentorit-Kerkimi-individual_I.docx\">Vanredni prof.<\/a><\/td><td><a href=\"https:\/\/unhz.eu\/wp-content\/uploads\/2025\/06\/2.-MENTOR-REPORT_Individual-research_I.docx\">Vanredni prof.<\/a><\/td><\/tr><tr><td>3. IZVJE\u0160TAJ MENTORA_Individualno istra\u017eivanje_II<\/td><td><a href=\"https:\/\/unhz.eu\/wp-content\/uploads\/2025\/06\/3.-Raporti-i-Mentorit-Kerkimi-individual_II.docx\">Vanredni prof.<\/a><\/td><td><a href=\"https:\/\/unhz.eu\/wp-content\/uploads\/2025\/06\/3.-MENTOR-REPORT_Individual-research_II.docx\">Vanredni prof.<\/a><\/td><\/tr><tr><td>4. IZVJE\u0160TAJ MENTORA_U\u010de\u0161\u0107e i prezentacija na me\u0111unarodnoj konferenciji<\/td><td><a href=\"https:\/\/unhz.eu\/wp-content\/uploads\/2025\/06\/4.-Raporti-i-Mentorit-Pjesemarrja-ne-Konference-Nderkombetare.docx\">Vanredni prof.<\/a><\/td><td><a href=\"https:\/\/unhz.eu\/wp-content\/uploads\/2025\/06\/4.-MENTOR-REPORT_Participation-and-presentation-in-international-conference.docx\">Vanredni prof.<\/a><\/td><\/tr><tr><td>5. OBRAZAC ZA MOBILNOST DOKTORSKIH STUDENATA NA STRANOM UNIVERZITETSKOM INSTITUTU<\/td><td><a href=\"https:\/\/unhz.eu\/wp-content\/uploads\/2025\/06\/5.-Formulari-i-Mobilitetit.docx\">Vanredni prof.<\/a><\/td><td><a href=\"https:\/\/unhz.eu\/wp-content\/uploads\/2025\/06\/5.-DOCTORAL-STUDENT-MOBILITY-FORM-TO-A-FOREIGN-UNIVERSITYINSTITUTE.docx\">Vanredni prof.<\/a><\/td><\/tr><tr><td>6. GODI\u0160NJI IZVJE\u0160TAJ O NAPREDKU DOKTORSKOG STUDENTA<\/td><td><a href=\"https:\/\/unhz.eu\/wp-content\/uploads\/2025\/06\/6.-Formulari-i-Raportimit-Vjetor-te-Doktorantit.docx\">Vanredni prof.<\/a><\/td><td><a href=\"https:\/\/unhz.eu\/wp-content\/uploads\/2025\/06\/6.-ANNUAL-DOCTORAL-STUDENT-PROGRESS-REPORT.docx\">Vanredni prof.<\/a><\/td><\/tr><tr><td>7. OBRAZAC ZA NAPRED DOKTORSKE DISERTACIJE (I)<\/td><td><a href=\"https:\/\/unhz.eu\/wp-content\/uploads\/2025\/06\/7.-Formulari-i-Progresit-ne-Disertacionin-e-Doktorates-I.docx\">Vanredni prof.<\/a><\/td><td><a href=\"https:\/\/unhz.eu\/wp-content\/uploads\/2025\/06\/7.-DOCTORAL-DISSERTATION-PROGRESS-FORM-I.docx\">Vanredni prof.<\/a><\/td><\/tr><tr><td>8. IZVJE\u0160TAJ MENTORJA O NAPRETKU DISERTACIJE (I)<\/td><td><a href=\"https:\/\/unhz.eu\/wp-content\/uploads\/2025\/06\/8.-RAPORT-MENTORIAL-PER-PROGRESIN-NE-DISERTACIONIN-E-DOKTORATES-I.docx\">Vanredni prof.<\/a><\/td><td><a href=\"https:\/\/unhz.eu\/wp-content\/uploads\/2025\/06\/8.-SUPERVISORS-REPORT-ON-DISSERTATION-PROGRESS-I.docx\">Vanredni prof.<\/a><\/td><\/tr><tr><td>9. OBRAZAC ZA NAPRED DOKTORSKE DISERTACIJE (II)<\/td><td><a href=\"https:\/\/unhz.eu\/wp-content\/uploads\/2025\/06\/9.-Formulari-i-Progresit-ne-Disertacionin-e-Doktorates-II.docx\">Vanredni prof.<\/a><\/td><td><a href=\"https:\/\/unhz.eu\/wp-content\/uploads\/2025\/06\/9.-DOCTORAL-DISSERTATION-PROGRESS-FORM-II.docx\">Vanredni prof.<\/a><\/td><\/tr><tr><td>10. IZVJE\u0160TAJ KOMISIJE ZA OCJENU DOKTORSKE DISERTACIJE<\/td><td><a href=\"https:\/\/unhz.eu\/wp-content\/uploads\/2025\/06\/10.-RAPORT-I-KOMISIONIT-VLERESUES-PER-DISERTACIONIN-E-DOKTORATES.docx\">Vanredni prof.<\/a><\/td><td><a href=\"https:\/\/unhz.eu\/wp-content\/uploads\/2025\/06\/10.-REPORT-OF-THE-EVALUATION-COMMITTEE-FOR-THE-DOCTORAL-DISSERTATION.docx\">Vanredni prof.<\/a><\/td><\/tr><\/tbody><\/table><\/figure>","protected":false},"excerpt":{"rendered":"<p>Doctoral Studies Description Albanian English Statute of University PDF PDF Doctoral Studies Regulation PDF PDF&hellip;<\/p>","protected":false},"author":1,"featured_media":50754,"parent":0,"menu_order":0,"comment_status":"closed","ping_status":"closed","template":"","meta":{"_acf_changed":false,"footnotes":""},"class_list":["post-53101","page","type-page","status-publish","has-post-thumbnail","hentry"],"yoast_head":"<!-- This site is optimized with the Yoast SEO Premium plugin v27.2 (Yoast SEO v27.2) - https:\/\/yoast.com\/product\/yoast-seo-premium-wordpress\/ -->\n<title>Doctoral Studies - University Haxhi Zeka<\/title>\n<meta name=\"description\" content=\"Informohuni p\u00ebr programet dhe rregulloret e studimeve doktorale n\u00eb UHZ, p\u00ebrfshir\u00eb dokumentet si Statuti, Rregullorja e Studimeve Doktorale dhe Kodi i Etik\u00ebs.\" \/>\n<meta name=\"robots\" content=\"index, follow, max-snippet:-1, max-image-preview:large, max-video-preview:-1\" \/>\n<link rel=\"canonical\" href=\"https:\/\/unhz.eu\/bs\/doctoral-studies\/\" \/>\n<meta property=\"og:locale\" content=\"bs_BA\" \/>\n<meta property=\"og:type\" content=\"article\" \/>\n<meta property=\"og:title\" content=\"Doctoral Studies\" \/>\n<meta property=\"og:description\" content=\"Informohuni p\u00ebr programet dhe rregulloret e studimeve doktorale n\u00eb UHZ, p\u00ebrfshir\u00eb dokumentet si Statuti, Rregullorja e Studimeve Doktorale dhe Kodi i Etik\u00ebs.\" \/>\n<meta property=\"og:url\" content=\"https:\/\/unhz.eu\/bs\/doctoral-studies\/\" \/>\n<meta property=\"og:site_name\" content=\"University Haxhi Zeka\" \/>\n<meta property=\"article:publisher\" content=\"https:\/\/www.facebook.com\/uni.haxhizeka\" \/>\n<meta property=\"article:modified_time\" content=\"2025-11-03T14:33:18+00:00\" \/>\n<meta property=\"og:image\" content=\"https:\/\/unhz.eu\/wp-content\/uploads\/2025\/04\/Dizajn-me-logo-te-UHZ.webp\" \/>\n\t<meta property=\"og:image:width\" content=\"1000\" \/>\n\t<meta property=\"og:image:height\" content=\"1000\" \/>\n\t<meta property=\"og:image:type\" content=\"image\/webp\" \/>\n<meta name=\"twitter:card\" content=\"summary_large_image\" \/>\n<meta name=\"twitter:site\" content=\"@uni_haxhizeka\" \/>\n<meta name=\"twitter:label1\" content=\"Est. reading time\" \/>\n\t<meta name=\"twitter:data1\" content=\"1 minuta\" \/>\n<script type=\"application\/ld+json\" class=\"yoast-schema-graph\">{\"@context\":\"https:\/\/schema.org\",\"@graph\":[{\"@type\":\"WebPage\",\"@id\":\"https:\/\/unhz.eu\/doctoral-studies\/\",\"url\":\"https:\/\/unhz.eu\/doctoral-studies\/\",\"name\":\"Doctoral Studies - University Haxhi Zeka\",\"isPartOf\":{\"@id\":\"https:\/\/unhz.eu\/#website\"},\"primaryImageOfPage\":{\"@id\":\"https:\/\/unhz.eu\/doctoral-studies\/#primaryimage\"},\"image\":{\"@id\":\"https:\/\/unhz.eu\/doctoral-studies\/#primaryimage\"},\"thumbnailUrl\":\"https:\/\/unhz.eu\/wp-content\/uploads\/2025\/04\/Dizajn-me-logo-te-UHZ.webp\",\"datePublished\":\"2025-06-11T11:56:30+00:00\",\"dateModified\":\"2025-11-03T14:33:18+00:00\",\"description\":\"Informohuni p\u00ebr programet dhe rregulloret e studimeve doktorale n\u00eb UHZ, p\u00ebrfshir\u00eb dokumentet si Statuti, Rregullorja e Studimeve Doktorale dhe Kodi i Etik\u00ebs.\",\"breadcrumb\":{\"@id\":\"https:\/\/unhz.eu\/doctoral-studies\/#breadcrumb\"},\"inLanguage\":\"bs-BA\",\"potentialAction\":[{\"@type\":\"ReadAction\",\"target\":[\"https:\/\/unhz.eu\/doctoral-studies\/\"]}]},{\"@type\":\"ImageObject\",\"inLanguage\":\"bs-BA\",\"@id\":\"https:\/\/unhz.eu\/doctoral-studies\/#primaryimage\",\"url\":\"https:\/\/unhz.eu\/wp-content\/uploads\/2025\/04\/Dizajn-me-logo-te-UHZ.webp\",\"contentUrl\":\"https:\/\/unhz.eu\/wp-content\/uploads\/2025\/04\/Dizajn-me-logo-te-UHZ.webp\",\"width\":1000,\"height\":1000,\"caption\":\"Universiteti Haxhi Zeka, UHZ logo me background te kuq\"},{\"@type\":\"BreadcrumbList\",\"@id\":\"https:\/\/unhz.eu\/doctoral-studies\/#breadcrumb\",\"itemListElement\":[{\"@type\":\"ListItem\",\"position\":1,\"name\":\"Home\",\"item\":\"https:\/\/unhz.eu\/\"},{\"@type\":\"ListItem\",\"position\":2,\"name\":\"Doctoral Studies\"}]},{\"@type\":\"WebSite\",\"@id\":\"https:\/\/unhz.eu\/#website\",\"url\":\"https:\/\/unhz.eu\/\",\"name\":\"Universiteti \u201cHaxhi Zeka\u201d\",\"description\":\"I dedikuar p\u00ebr cil\u00ebsi, standarde dhe suksese\",\"publisher\":{\"@id\":\"https:\/\/unhz.eu\/#organization\"},\"alternateName\":\"Universiteti Haxhi Zeka\",\"potentialAction\":[{\"@type\":\"SearchAction\",\"target\":{\"@type\":\"EntryPoint\",\"urlTemplate\":\"https:\/\/unhz.eu\/?s={search_term_string}\"},\"query-input\":{\"@type\":\"PropertyValueSpecification\",\"valueRequired\":true,\"valueName\":\"search_term_string\"}}],\"inLanguage\":\"bs-BA\"},{\"@type\":\"Organization\",\"@id\":\"https:\/\/unhz.eu\/#organization\",\"name\":\"Universiteti \u201cHaxhi Zeka\u201d\",\"alternateName\":\"Universiteti Haxhi Zeka\",\"url\":\"https:\/\/unhz.eu\/\",\"logo\":{\"@type\":\"ImageObject\",\"inLanguage\":\"bs-BA\",\"@id\":\"https:\/\/unhz.eu\/#\/schema\/logo\/image\/\",\"url\":\"https:\/\/unhz.eu\/wp-content\/uploads\/2025\/04\/logo-unhz.webp\",\"contentUrl\":\"https:\/\/unhz.eu\/wp-content\/uploads\/2025\/04\/logo-unhz.webp\",\"width\":1024,\"height\":260,\"caption\":\"Universiteti \u201cHaxhi Zeka\u201d\"},\"image\":{\"@id\":\"https:\/\/unhz.eu\/#\/schema\/logo\/image\/\"},\"sameAs\":[\"https:\/\/www.facebook.com\/uni.haxhizeka\",\"https:\/\/x.com\/uni_haxhizeka\",\"https:\/\/www.linkedin.com\/school\/haxhi-zeka-university\",\"https:\/\/www.instagram.com\/uni_haxhizeka\/\"],\"description\":\"Universiteti \u201cHaxhi Zeka\u201d n\u00eb Pej\u00eb \u00ebsht\u00eb institucion publik i arsimit t\u00eb lart\u00eb, q\u00eb ofron studime bachelor, master dhe doktorat\u00eb n\u00eb fusha t\u00eb ndryshme si menaxhimi, turizmi, ekonomia, bujq\u00ebsia, arti dhe drejt\u00ebsia. Universiteti synon zhvillimin akademik, hulumtimin shkencor dhe kontributin n\u00eb komunitet.\",\"email\":\"info@unhz.eu\",\"telephone\":\"+38339410970\",\"legalName\":\"Universiteti \u201cHaxhi Zeka\u201d n\u00eb Pej\u00eb\",\"foundingDate\":\"2011-11-14\",\"numberOfEmployees\":{\"@type\":\"QuantitativeValue\",\"minValue\":\"201\",\"maxValue\":\"500\"}}]}<\/script>\n<!-- \/ Yoast SEO Premium plugin. -->","yoast_head_json":{"title":"Doktorske studije - Univerzitet Had\u017ei Zeka","description":"Saznajte vi\u0161e o programima i propisima doktorskih studija na UHZ-u, uklju\u010duju\u0107i dokumente kao \u0161to su Statut, Pravilnik o doktorskim studijama i Eti\u010dki kodeks.","robots":{"index":"index","follow":"follow","max-snippet":"max-snippet:-1","max-image-preview":"max-image-preview:large","max-video-preview":"max-video-preview:-1"},"canonical":"https:\/\/unhz.eu\/bs\/doctoral-studies\/","og_locale":"bs_BA","og_type":"article","og_title":"Doctoral Studies","og_description":"Informohuni p\u00ebr programet dhe rregulloret e studimeve doktorale n\u00eb UHZ, p\u00ebrfshir\u00eb dokumentet si Statuti, Rregullorja e Studimeve Doktorale dhe Kodi i Etik\u00ebs.","og_url":"https:\/\/unhz.eu\/bs\/doctoral-studies\/","og_site_name":"University Haxhi Zeka","article_publisher":"https:\/\/www.facebook.com\/uni.haxhizeka","article_modified_time":"2025-11-03T14:33:18+00:00","og_image":[{"width":1000,"height":1000,"url":"https:\/\/unhz.eu\/wp-content\/uploads\/2025\/04\/Dizajn-me-logo-te-UHZ.webp","type":"image\/webp"}],"twitter_card":"summary_large_image","twitter_site":"@uni_haxhizeka","twitter_misc":{"Est. reading time":"1 minuta"},"schema":{"@context":"https:\/\/schema.org","@graph":[{"@type":"WebPage","@id":"https:\/\/unhz.eu\/doctoral-studies\/","url":"https:\/\/unhz.eu\/doctoral-studies\/","name":"Doktorske studije - Univerzitet Had\u017ei Zeka","isPartOf":{"@id":"https:\/\/unhz.eu\/#website"},"primaryImageOfPage":{"@id":"https:\/\/unhz.eu\/doctoral-studies\/#primaryimage"},"image":{"@id":"https:\/\/unhz.eu\/doctoral-studies\/#primaryimage"},"thumbnailUrl":"https:\/\/unhz.eu\/wp-content\/uploads\/2025\/04\/Dizajn-me-logo-te-UHZ.webp","datePublished":"2025-06-11T11:56:30+00:00","dateModified":"2025-11-03T14:33:18+00:00","description":"Saznajte vi\u0161e o programima i propisima doktorskih studija na UHZ-u, uklju\u010duju\u0107i dokumente kao \u0161to su Statut, Pravilnik o doktorskim studijama i Eti\u010dki kodeks.","breadcrumb":{"@id":"https:\/\/unhz.eu\/doctoral-studies\/#breadcrumb"},"inLanguage":"bs-BA","potentialAction":[{"@type":"ReadAction","target":["https:\/\/unhz.eu\/doctoral-studies\/"]}]},{"@type":"ImageObject","inLanguage":"bs-BA","@id":"https:\/\/unhz.eu\/doctoral-studies\/#primaryimage","url":"https:\/\/unhz.eu\/wp-content\/uploads\/2025\/04\/Dizajn-me-logo-te-UHZ.webp","contentUrl":"https:\/\/unhz.eu\/wp-content\/uploads\/2025\/04\/Dizajn-me-logo-te-UHZ.webp","width":1000,"height":1000,"caption":"Universiteti Haxhi Zeka, UHZ logo me background te kuq"},{"@type":"BreadcrumbList","@id":"https:\/\/unhz.eu\/doctoral-studies\/#breadcrumb","itemListElement":[{"@type":"ListItem","position":1,"name":"Home","item":"https:\/\/unhz.eu\/"},{"@type":"ListItem","position":2,"name":"Doctoral Studies"}]},{"@type":"WebSite","@id":"https:\/\/unhz.eu\/#website","url":"https:\/\/unhz.eu\/","name":"Univerzitet &quot;Had\u017ei Zeka&quot;\u201c","description":"Posve\u0107eni kvaliteti, standardima i uspjehu","publisher":{"@id":"https:\/\/unhz.eu\/#organization"},"alternateName":"Universiteti Haxhi Zeka","potentialAction":[{"@type":"SearchAction","target":{"@type":"EntryPoint","urlTemplate":"https:\/\/unhz.eu\/?s={search_term_string}"},"query-input":{"@type":"PropertyValueSpecification","valueRequired":true,"valueName":"search_term_string"}}],"inLanguage":"bs-BA"},{"@type":"Organization","@id":"https:\/\/unhz.eu\/#organization","name":"Univerzitet &quot;Had\u017ei Zeka&quot;\u201c","alternateName":"Universiteti Haxhi Zeka","url":"https:\/\/unhz.eu\/","logo":{"@type":"ImageObject","inLanguage":"bs-BA","@id":"https:\/\/unhz.eu\/#\/schema\/logo\/image\/","url":"https:\/\/unhz.eu\/wp-content\/uploads\/2025\/04\/logo-unhz.webp","contentUrl":"https:\/\/unhz.eu\/wp-content\/uploads\/2025\/04\/logo-unhz.webp","width":1024,"height":260,"caption":"Universiteti \u201cHaxhi Zeka\u201d"},"image":{"@id":"https:\/\/unhz.eu\/#\/schema\/logo\/image\/"},"sameAs":["https:\/\/www.facebook.com\/uni.haxhizeka","https:\/\/x.com\/uni_haxhizeka","https:\/\/www.linkedin.com\/school\/haxhi-zeka-university","https:\/\/www.instagram.com\/uni_haxhizeka\/"],"description":"Univerzitet &quot;Had\u017ei Zeka&quot; u Pe\u0107i je javna visoko\u0161kolska ustanova koja nudi dodiplomske, master i doktorske studije u raznim oblastima kao \u0161to su menad\u017ement, turizam, ekonomija, poljoprivreda, umjetnost i pravo. Univerzitet ima za cilj akademski razvoj, nau\u010dna istra\u017eivanja i doprinos zajednici.","email":"info@unhz.eu","telephone":"+38339410970","legalName":"Universiteti \u201cHaxhi Zeka\u201d n\u00eb Pej\u00eb","foundingDate":"2011-11-14","numberOfEmployees":{"@type":"QuantitativeValue","minValue":"201","maxValue":"500"}}]}},"acf":[],"_links":{"self":[{"href":"https:\/\/unhz.eu\/bs\/wp-json\/wp\/v2\/pages\/53101","targetHints":{"allow":["GET"]}}],"collection":[{"href":"https:\/\/unhz.eu\/bs\/wp-json\/wp\/v2\/pages"}],"about":[{"href":"https:\/\/unhz.eu\/bs\/wp-json\/wp\/v2\/types\/page"}],"author":[{"embeddable":true,"href":"https:\/\/unhz.eu\/bs\/wp-json\/wp\/v2\/users\/1"}],"replies":[{"embeddable":true,"href":"https:\/\/unhz.eu\/bs\/wp-json\/wp\/v2\/comments?post=53101"}],"version-history":[{"count":2,"href":"https:\/\/unhz.eu\/bs\/wp-json\/wp\/v2\/pages\/53101\/revisions"}],"predecessor-version":[{"id":58551,"href":"https:\/\/unhz.eu\/bs\/wp-json\/wp\/v2\/pages\/53101\/revisions\/58551"}],"wp:featuredmedia":[{"embeddable":true,"href":"https:\/\/unhz.eu\/bs\/wp-json\/wp\/v2\/media\/50754"}],"wp:attachment":[{"href":"https:\/\/unhz.eu\/bs\/wp-json\/wp\/v2\/media?parent=53101"}],"curies":[{"name":"radni list","href":"https:\/\/api.w.org\/{rel}","templated":true}]}}