{"id":49378,"date":"2025-01-08T09:59:55","date_gmt":"2025-01-08T09:59:55","guid":{"rendered":"https:\/\/unhz.eu\/?page_id=49378"},"modified":"2025-07-17T11:31:40","modified_gmt":"2025-07-17T09:31:40","slug":"dokumente-3","status":"publish","type":"page","link":"https:\/\/unhz.eu\/bs\/dokumente-3\/","title":{"rendered":"dokumenti"},"content":{"rendered":"<div data-elementor-type=\"wp-page\" data-elementor-id=\"49378\" class=\"elementor elementor-49378\" data-elementor-post-type=\"page\">\n\t\t\t\t\t\t<section class=\"elementor-section elementor-top-section elementor-element elementor-element-b159a9a elementor-section-boxed elementor-section-height-default elementor-section-height-default sc_fly_static\" data-id=\"b159a9a\" data-element_type=\"section\" data-e-type=\"section\">\n\t\t\t\t\t\t<div class=\"elementor-container elementor-column-gap-extended\">\n\t\t\t\t\t<div class=\"elementor-column elementor-col-33 elementor-top-column elementor-element elementor-element-17de362 sc_content_align_inherit sc_layouts_column_icons_position_left sc_fly_static\" data-id=\"17de362\" data-element_type=\"column\" data-e-type=\"column\">\n\t\t\t<div class=\"elementor-widget-wrap elementor-element-populated\">\n\t\t\t\t\t\t<div class=\"elementor-element elementor-element-77f3f10 elementor-position-top sc_fly_static elementor-widget elementor-widget-image-box\" data-id=\"77f3f10\" data-element_type=\"widget\" data-e-type=\"widget\" data-widget_type=\"image-box.default\">\n\t\t\t\t<div class=\"elementor-widget-container\">\n\t\t\t\t\t<div class=\"elementor-image-box-wrapper\"><figure class=\"elementor-image-box-img\"><a href=\"https:\/\/unhz.eu\/rregullore-dhe-dokumentet\/\" tabindex=\"-1\"><img fetchpriority=\"high\" decoding=\"async\" width=\"512\" height=\"512\" src=\"https:\/\/unhz.eu\/wp-content\/uploads\/2025\/01\/feedback_918889.png\" class=\"attachment-full size-full wp-image-49381\" alt=\"\" srcset=\"https:\/\/unhz.eu\/wp-content\/uploads\/2025\/01\/feedback_918889.png 512w, https:\/\/unhz.eu\/wp-content\/uploads\/2025\/01\/feedback_918889-300x300.png 300w, https:\/\/unhz.eu\/wp-content\/uploads\/2025\/01\/feedback_918889-150x150.png 150w, https:\/\/unhz.eu\/wp-content\/uploads\/2025\/01\/feedback_918889-370x370.png 370w, https:\/\/unhz.eu\/wp-content\/uploads\/2025\/01\/feedback_918889-120x120.png 120w, https:\/\/unhz.eu\/wp-content\/uploads\/2025\/01\/feedback_918889-410x410.png 410w\" sizes=\"(max-width: 600px) 100vw, 512px\" \/><\/a><\/figure><div class=\"elementor-image-box-content\"><h3 class=\"elementor-image-box-title\"><a href=\"https:\/\/unhz.eu\/rregullore-dhe-dokumentet\/\">dOKUMENTE<\/a><\/h3><p class=\"elementor-image-box-description\">Statuti, rregullore dhe dokumente t\u00eb ndryshme<\/p><\/div><\/div>\t\t\t\t<\/div>\n\t\t\t\t<\/div>\n\t\t\t\t\t<\/div>\n\t\t<\/div>\n\t\t\t\t<div class=\"elementor-column elementor-col-33 elementor-top-column elementor-element elementor-element-9452050 sc_content_align_inherit sc_layouts_column_icons_position_left sc_fly_static\" data-id=\"9452050\" data-element_type=\"column\" data-e-type=\"column\">\n\t\t\t<div class=\"elementor-widget-wrap elementor-element-populated\">\n\t\t\t\t\t\t<div class=\"elementor-element elementor-element-d34d62e elementor-position-top sc_fly_static elementor-widget elementor-widget-image-box\" data-id=\"d34d62e\" data-element_type=\"widget\" data-e-type=\"widget\" data-widget_type=\"image-box.default\">\n\t\t\t\t<div class=\"elementor-widget-container\">\n\t\t\t\t\t<div class=\"elementor-image-box-wrapper\"><figure class=\"elementor-image-box-img\"><a href=\"https:\/\/unhz.eu\/dokumente-4\/\" tabindex=\"-1\"><img decoding=\"async\" width=\"512\" height=\"512\" src=\"https:\/\/unhz.eu\/wp-content\/uploads\/2025\/01\/split-testing_14699261.png\" class=\"attachment-full size-full wp-image-49380\" alt=\"\" srcset=\"https:\/\/unhz.eu\/wp-content\/uploads\/2025\/01\/split-testing_14699261.png 512w, https:\/\/unhz.eu\/wp-content\/uploads\/2025\/01\/split-testing_14699261-300x300.png 300w, https:\/\/unhz.eu\/wp-content\/uploads\/2025\/01\/split-testing_14699261-150x150.png 150w, https:\/\/unhz.eu\/wp-content\/uploads\/2025\/01\/split-testing_14699261-370x370.png 370w, https:\/\/unhz.eu\/wp-content\/uploads\/2025\/01\/split-testing_14699261-120x120.png 120w, https:\/\/unhz.eu\/wp-content\/uploads\/2025\/01\/split-testing_14699261-410x410.png 410w\" sizes=\"(max-width: 600px) 100vw, 512px\" \/><\/a><\/figure><div class=\"elementor-image-box-content\"><h3 class=\"elementor-image-box-title\"><a href=\"https:\/\/unhz.eu\/dokumente-4\/\">Vendime<\/a><\/h3><p class=\"elementor-image-box-description\">Vendime t\u00eb nxjerrura nga K\u00ebshilli Drejtues, Senati, Rektori dhe Sekretari i p\u00ebrgjithsh\u00ebm<\/p><\/div><\/div>\t\t\t\t<\/div>\n\t\t\t\t<\/div>\n\t\t\t\t\t<\/div>\n\t\t<\/div>\n\t\t\t\t<div class=\"elementor-column elementor-col-33 elementor-top-column elementor-element elementor-element-e40ca20 sc_content_align_inherit sc_layouts_column_icons_position_left sc_fly_static\" data-id=\"e40ca20\" data-element_type=\"column\" data-e-type=\"column\">\n\t\t\t<div class=\"elementor-widget-wrap elementor-element-populated\">\n\t\t\t\t\t\t<div class=\"elementor-element elementor-element-8f3b2d5 elementor-position-top sc_fly_static elementor-widget elementor-widget-image-box\" data-id=\"8f3b2d5\" data-element_type=\"widget\" data-e-type=\"widget\" data-widget_type=\"image-box.default\">\n\t\t\t\t<div class=\"elementor-widget-container\">\n\t\t\t\t\t<div class=\"elementor-image-box-wrapper\"><figure class=\"elementor-image-box-img\"><a href=\"\/raporte\" tabindex=\"-1\"><img decoding=\"async\" width=\"512\" height=\"512\" src=\"https:\/\/unhz.eu\/wp-content\/uploads\/2025\/01\/business-report_8834454.png\" class=\"attachment-full size-full wp-image-49382\" alt=\"\" srcset=\"https:\/\/unhz.eu\/wp-content\/uploads\/2025\/01\/business-report_8834454.png 512w, https:\/\/unhz.eu\/wp-content\/uploads\/2025\/01\/business-report_8834454-300x300.png 300w, https:\/\/unhz.eu\/wp-content\/uploads\/2025\/01\/business-report_8834454-150x150.png 150w, https:\/\/unhz.eu\/wp-content\/uploads\/2025\/01\/business-report_8834454-370x370.png 370w, https:\/\/unhz.eu\/wp-content\/uploads\/2025\/01\/business-report_8834454-120x120.png 120w, https:\/\/unhz.eu\/wp-content\/uploads\/2025\/01\/business-report_8834454-410x410.png 410w\" sizes=\"(max-width: 600px) 100vw, 512px\" \/><\/a><\/figure><div class=\"elementor-image-box-content\"><h3 class=\"elementor-image-box-title\"><a href=\"\/raporte\">Raporte<\/a><\/h3><p class=\"elementor-image-box-description\">Raporte vjetore sipas viteve<\/p><\/div><\/div>\t\t\t\t<\/div>\n\t\t\t\t<\/div>\n\t\t\t\t\t<\/div>\n\t\t<\/div>\n\t\t\t\t\t<\/div>\n\t\t<\/section>\n\t\t\t\t<\/div>","protected":false},"excerpt":{"rendered":"<p>dOKUMENTE Statuti, rregullore dhe dokumente t\u00eb ndryshme Vendime Vendime t\u00eb nxjerrura nga K\u00ebshilli Drejtues, Senati,&hellip;<\/p>","protected":false},"author":1,"featured_media":50754,"parent":0,"menu_order":0,"comment_status":"closed","ping_status":"closed","template":"","meta":{"_acf_changed":false,"footnotes":""},"class_list":["post-49378","page","type-page","status-publish","has-post-thumbnail","hentry"],"yoast_head":"<!-- This site is optimized with the Yoast SEO Premium plugin v27.2 (Yoast SEO v27.2) - https:\/\/yoast.com\/product\/yoast-seo-premium-wordpress\/ -->\n<title>Dokumente - University Haxhi Zeka<\/title>\n<meta name=\"description\" content=\"Shkarkoni statutin, rregulloret dhe dokumentet e tjera zyrtare t\u00eb UHZ-s\u00eb, p\u00ebrfshir\u00eb vendimet e K\u00ebshillit Drejtues, Senatit, Rektorit dhe Sekretarit t\u00eb P\u00ebrgjithsh\u00ebm.\" \/>\n<meta name=\"robots\" content=\"index, follow, max-snippet:-1, max-image-preview:large, max-video-preview:-1\" \/>\n<link rel=\"canonical\" href=\"https:\/\/unhz.eu\/bs\/dokumente-3\/\" \/>\n<meta property=\"og:locale\" content=\"bs_BA\" \/>\n<meta property=\"og:type\" content=\"article\" \/>\n<meta property=\"og:title\" content=\"Dokumente\" \/>\n<meta property=\"og:description\" content=\"Shkarkoni statutin, rregulloret dhe dokumentet e tjera zyrtare t\u00eb UHZ-s\u00eb, p\u00ebrfshir\u00eb vendimet e K\u00ebshillit Drejtues, Senatit, Rektorit dhe Sekretarit t\u00eb P\u00ebrgjithsh\u00ebm.\" \/>\n<meta property=\"og:url\" content=\"https:\/\/unhz.eu\/bs\/dokumente-3\/\" \/>\n<meta property=\"og:site_name\" content=\"University Haxhi Zeka\" \/>\n<meta property=\"article:publisher\" content=\"https:\/\/www.facebook.com\/uni.haxhizeka\" \/>\n<meta property=\"article:modified_time\" content=\"2025-07-17T09:31:40+00:00\" \/>\n<meta property=\"og:image\" content=\"https:\/\/unhz.eu\/wp-content\/uploads\/2025\/04\/Dizajn-me-logo-te-UHZ.webp\" \/>\n\t<meta property=\"og:image:width\" content=\"1000\" \/>\n\t<meta property=\"og:image:height\" content=\"1000\" \/>\n\t<meta property=\"og:image:type\" content=\"image\/webp\" \/>\n<meta name=\"twitter:card\" content=\"summary_large_image\" \/>\n<meta name=\"twitter:site\" content=\"@uni_haxhizeka\" \/>\n<meta name=\"twitter:label1\" content=\"Est. reading time\" \/>\n\t<meta name=\"twitter:data1\" content=\"1 minuta\" \/>\n<script type=\"application\/ld+json\" class=\"yoast-schema-graph\">{\"@context\":\"https:\/\/schema.org\",\"@graph\":[{\"@type\":\"WebPage\",\"@id\":\"https:\/\/unhz.eu\/dokumente-3\/\",\"url\":\"https:\/\/unhz.eu\/dokumente-3\/\",\"name\":\"Dokumente - University Haxhi Zeka\",\"isPartOf\":{\"@id\":\"https:\/\/unhz.eu\/#website\"},\"primaryImageOfPage\":{\"@id\":\"https:\/\/unhz.eu\/dokumente-3\/#primaryimage\"},\"image\":{\"@id\":\"https:\/\/unhz.eu\/dokumente-3\/#primaryimage\"},\"thumbnailUrl\":\"https:\/\/unhz.eu\/wp-content\/uploads\/2025\/04\/Dizajn-me-logo-te-UHZ.webp\",\"datePublished\":\"2025-01-08T09:59:55+00:00\",\"dateModified\":\"2025-07-17T09:31:40+00:00\",\"description\":\"Shkarkoni statutin, rregulloret dhe dokumentet e tjera zyrtare t\u00eb UHZ-s\u00eb, p\u00ebrfshir\u00eb vendimet e K\u00ebshillit Drejtues, Senatit, Rektorit dhe Sekretarit t\u00eb P\u00ebrgjithsh\u00ebm.\",\"breadcrumb\":{\"@id\":\"https:\/\/unhz.eu\/dokumente-3\/#breadcrumb\"},\"inLanguage\":\"bs-BA\",\"potentialAction\":[{\"@type\":\"ReadAction\",\"target\":[\"https:\/\/unhz.eu\/dokumente-3\/\"]}]},{\"@type\":\"ImageObject\",\"inLanguage\":\"bs-BA\",\"@id\":\"https:\/\/unhz.eu\/dokumente-3\/#primaryimage\",\"url\":\"https:\/\/unhz.eu\/wp-content\/uploads\/2025\/04\/Dizajn-me-logo-te-UHZ.webp\",\"contentUrl\":\"https:\/\/unhz.eu\/wp-content\/uploads\/2025\/04\/Dizajn-me-logo-te-UHZ.webp\",\"width\":1000,\"height\":1000,\"caption\":\"Universiteti Haxhi Zeka, UHZ logo me background te kuq\"},{\"@type\":\"BreadcrumbList\",\"@id\":\"https:\/\/unhz.eu\/dokumente-3\/#breadcrumb\",\"itemListElement\":[{\"@type\":\"ListItem\",\"position\":1,\"name\":\"Home\",\"item\":\"https:\/\/unhz.eu\/\"},{\"@type\":\"ListItem\",\"position\":2,\"name\":\"Dokumente\"}]},{\"@type\":\"WebSite\",\"@id\":\"https:\/\/unhz.eu\/#website\",\"url\":\"https:\/\/unhz.eu\/\",\"name\":\"Universiteti \u201cHaxhi Zeka\u201d\",\"description\":\"I dedikuar p\u00ebr cil\u00ebsi, standarde dhe suksese\",\"publisher\":{\"@id\":\"https:\/\/unhz.eu\/#organization\"},\"alternateName\":\"Universiteti Haxhi Zeka\",\"potentialAction\":[{\"@type\":\"SearchAction\",\"target\":{\"@type\":\"EntryPoint\",\"urlTemplate\":\"https:\/\/unhz.eu\/?s={search_term_string}\"},\"query-input\":{\"@type\":\"PropertyValueSpecification\",\"valueRequired\":true,\"valueName\":\"search_term_string\"}}],\"inLanguage\":\"bs-BA\"},{\"@type\":\"Organization\",\"@id\":\"https:\/\/unhz.eu\/#organization\",\"name\":\"Universiteti \u201cHaxhi Zeka\u201d\",\"alternateName\":\"Universiteti Haxhi Zeka\",\"url\":\"https:\/\/unhz.eu\/\",\"logo\":{\"@type\":\"ImageObject\",\"inLanguage\":\"bs-BA\",\"@id\":\"https:\/\/unhz.eu\/#\/schema\/logo\/image\/\",\"url\":\"https:\/\/unhz.eu\/wp-content\/uploads\/2025\/04\/logo-unhz.webp\",\"contentUrl\":\"https:\/\/unhz.eu\/wp-content\/uploads\/2025\/04\/logo-unhz.webp\",\"width\":1024,\"height\":260,\"caption\":\"Universiteti \u201cHaxhi Zeka\u201d\"},\"image\":{\"@id\":\"https:\/\/unhz.eu\/#\/schema\/logo\/image\/\"},\"sameAs\":[\"https:\/\/www.facebook.com\/uni.haxhizeka\",\"https:\/\/x.com\/uni_haxhizeka\",\"https:\/\/www.linkedin.com\/school\/haxhi-zeka-university\",\"https:\/\/www.instagram.com\/uni_haxhizeka\/\"],\"description\":\"Universiteti \u201cHaxhi Zeka\u201d n\u00eb Pej\u00eb \u00ebsht\u00eb institucion publik i arsimit t\u00eb lart\u00eb, q\u00eb ofron studime bachelor, master dhe doktorat\u00eb n\u00eb fusha t\u00eb ndryshme si menaxhimi, turizmi, ekonomia, bujq\u00ebsia, arti dhe drejt\u00ebsia. Universiteti synon zhvillimin akademik, hulumtimin shkencor dhe kontributin n\u00eb komunitet.\",\"email\":\"info@unhz.eu\",\"telephone\":\"+38339410970\",\"legalName\":\"Universiteti \u201cHaxhi Zeka\u201d n\u00eb Pej\u00eb\",\"foundingDate\":\"2011-11-14\",\"numberOfEmployees\":{\"@type\":\"QuantitativeValue\",\"minValue\":\"201\",\"maxValue\":\"500\"}}]}<\/script>\n<!-- \/ Yoast SEO Premium plugin. -->","yoast_head_json":{"title":"Dokumente - University Haxhi Zeka","description":"Shkarkoni statutin, rregulloret dhe dokumentet e tjera zyrtare t\u00eb UHZ-s\u00eb, p\u00ebrfshir\u00eb vendimet e K\u00ebshillit Drejtues, Senatit, Rektorit dhe Sekretarit t\u00eb P\u00ebrgjithsh\u00ebm.","robots":{"index":"index","follow":"follow","max-snippet":"max-snippet:-1","max-image-preview":"max-image-preview:large","max-video-preview":"max-video-preview:-1"},"canonical":"https:\/\/unhz.eu\/bs\/dokumente-3\/","og_locale":"bs_BA","og_type":"article","og_title":"Dokumente","og_description":"Shkarkoni statutin, rregulloret dhe dokumentet e tjera zyrtare t\u00eb UHZ-s\u00eb, p\u00ebrfshir\u00eb vendimet e K\u00ebshillit Drejtues, Senatit, Rektorit dhe Sekretarit t\u00eb P\u00ebrgjithsh\u00ebm.","og_url":"https:\/\/unhz.eu\/bs\/dokumente-3\/","og_site_name":"University Haxhi Zeka","article_publisher":"https:\/\/www.facebook.com\/uni.haxhizeka","article_modified_time":"2025-07-17T09:31:40+00:00","og_image":[{"width":1000,"height":1000,"url":"https:\/\/unhz.eu\/wp-content\/uploads\/2025\/04\/Dizajn-me-logo-te-UHZ.webp","type":"image\/webp"}],"twitter_card":"summary_large_image","twitter_site":"@uni_haxhizeka","twitter_misc":{"Est. reading time":"1 minuta"},"schema":{"@context":"https:\/\/schema.org","@graph":[{"@type":"WebPage","@id":"https:\/\/unhz.eu\/dokumente-3\/","url":"https:\/\/unhz.eu\/dokumente-3\/","name":"Dokumente - University Haxhi Zeka","isPartOf":{"@id":"https:\/\/unhz.eu\/#website"},"primaryImageOfPage":{"@id":"https:\/\/unhz.eu\/dokumente-3\/#primaryimage"},"image":{"@id":"https:\/\/unhz.eu\/dokumente-3\/#primaryimage"},"thumbnailUrl":"https:\/\/unhz.eu\/wp-content\/uploads\/2025\/04\/Dizajn-me-logo-te-UHZ.webp","datePublished":"2025-01-08T09:59:55+00:00","dateModified":"2025-07-17T09:31:40+00:00","description":"Shkarkoni statutin, rregulloret dhe dokumentet e tjera zyrtare t\u00eb UHZ-s\u00eb, p\u00ebrfshir\u00eb vendimet e K\u00ebshillit Drejtues, Senatit, Rektorit dhe Sekretarit t\u00eb P\u00ebrgjithsh\u00ebm.","breadcrumb":{"@id":"https:\/\/unhz.eu\/dokumente-3\/#breadcrumb"},"inLanguage":"bs-BA","potentialAction":[{"@type":"ReadAction","target":["https:\/\/unhz.eu\/dokumente-3\/"]}]},{"@type":"ImageObject","inLanguage":"bs-BA","@id":"https:\/\/unhz.eu\/dokumente-3\/#primaryimage","url":"https:\/\/unhz.eu\/wp-content\/uploads\/2025\/04\/Dizajn-me-logo-te-UHZ.webp","contentUrl":"https:\/\/unhz.eu\/wp-content\/uploads\/2025\/04\/Dizajn-me-logo-te-UHZ.webp","width":1000,"height":1000,"caption":"Universiteti Haxhi Zeka, UHZ logo me background te kuq"},{"@type":"BreadcrumbList","@id":"https:\/\/unhz.eu\/dokumente-3\/#breadcrumb","itemListElement":[{"@type":"ListItem","position":1,"name":"Home","item":"https:\/\/unhz.eu\/"},{"@type":"ListItem","position":2,"name":"Dokumente"}]},{"@type":"WebSite","@id":"https:\/\/unhz.eu\/#website","url":"https:\/\/unhz.eu\/","name":"Univerzitet &quot;Had\u017ei Zeka&quot;\u201c","description":"Posve\u0107eni kvaliteti, standardima i uspjehu","publisher":{"@id":"https:\/\/unhz.eu\/#organization"},"alternateName":"Universiteti Haxhi Zeka","potentialAction":[{"@type":"SearchAction","target":{"@type":"EntryPoint","urlTemplate":"https:\/\/unhz.eu\/?s={search_term_string}"},"query-input":{"@type":"PropertyValueSpecification","valueRequired":true,"valueName":"search_term_string"}}],"inLanguage":"bs-BA"},{"@type":"Organization","@id":"https:\/\/unhz.eu\/#organization","name":"Univerzitet &quot;Had\u017ei Zeka&quot;\u201c","alternateName":"Universiteti Haxhi Zeka","url":"https:\/\/unhz.eu\/","logo":{"@type":"ImageObject","inLanguage":"bs-BA","@id":"https:\/\/unhz.eu\/#\/schema\/logo\/image\/","url":"https:\/\/unhz.eu\/wp-content\/uploads\/2025\/04\/logo-unhz.webp","contentUrl":"https:\/\/unhz.eu\/wp-content\/uploads\/2025\/04\/logo-unhz.webp","width":1024,"height":260,"caption":"Universiteti \u201cHaxhi Zeka\u201d"},"image":{"@id":"https:\/\/unhz.eu\/#\/schema\/logo\/image\/"},"sameAs":["https:\/\/www.facebook.com\/uni.haxhizeka","https:\/\/x.com\/uni_haxhizeka","https:\/\/www.linkedin.com\/school\/haxhi-zeka-university","https:\/\/www.instagram.com\/uni_haxhizeka\/"],"description":"Univerzitet &quot;Had\u017ei Zeka&quot; u Pe\u0107i je javna visoko\u0161kolska ustanova koja nudi dodiplomske, master i doktorske studije u raznim oblastima kao \u0161to su menad\u017ement, turizam, ekonomija, poljoprivreda, umjetnost i pravo. Univerzitet ima za cilj akademski razvoj, nau\u010dna istra\u017eivanja i doprinos zajednici.","email":"info@unhz.eu","telephone":"+38339410970","legalName":"Universiteti \u201cHaxhi Zeka\u201d n\u00eb Pej\u00eb","foundingDate":"2011-11-14","numberOfEmployees":{"@type":"QuantitativeValue","minValue":"201","maxValue":"500"}}]}},"acf":[],"_links":{"self":[{"href":"https:\/\/unhz.eu\/bs\/wp-json\/wp\/v2\/pages\/49378","targetHints":{"allow":["GET"]}}],"collection":[{"href":"https:\/\/unhz.eu\/bs\/wp-json\/wp\/v2\/pages"}],"about":[{"href":"https:\/\/unhz.eu\/bs\/wp-json\/wp\/v2\/types\/page"}],"author":[{"embeddable":true,"href":"https:\/\/unhz.eu\/bs\/wp-json\/wp\/v2\/users\/1"}],"replies":[{"embeddable":true,"href":"https:\/\/unhz.eu\/bs\/wp-json\/wp\/v2\/comments?post=49378"}],"version-history":[{"count":4,"href":"https:\/\/unhz.eu\/bs\/wp-json\/wp\/v2\/pages\/49378\/revisions"}],"predecessor-version":[{"id":56733,"href":"https:\/\/unhz.eu\/bs\/wp-json\/wp\/v2\/pages\/49378\/revisions\/56733"}],"wp:featuredmedia":[{"embeddable":true,"href":"https:\/\/unhz.eu\/bs\/wp-json\/wp\/v2\/media\/50754"}],"wp:attachment":[{"href":"https:\/\/unhz.eu\/bs\/wp-json\/wp\/v2\/media?parent=49378"}],"curies":[{"name":"radni list","href":"https:\/\/api.w.org\/{rel}","templated":true}]}}