{"id":47583,"date":"2024-05-28T13:44:16","date_gmt":"2024-05-28T13:44:16","guid":{"rendered":"https:\/\/unhz.eu\/?page_id=47583"},"modified":"2025-07-29T10:11:31","modified_gmt":"2025-07-29T08:11:31","slug":"klubi-i-gjuheve-te-huaja","status":"publish","type":"page","link":"https:\/\/unhz.eu\/bs\/klubi-i-gjuheve-te-huaja\/","title":{"rendered":"Klubi i Gjuh\u00ebve t\u00eb Huaja"},"content":{"rendered":"<div data-elementor-type=\"wp-page\" data-elementor-id=\"47583\" class=\"elementor elementor-47583\" data-elementor-post-type=\"page\">\n\t\t\t\t\t\t<section class=\"elementor-section elementor-top-section elementor-element elementor-element-bab8c86 elementor-section-boxed elementor-section-height-default elementor-section-height-default sc_fly_static\" data-id=\"bab8c86\" data-element_type=\"section\" data-e-type=\"section\">\n\t\t\t\t\t\t<div class=\"elementor-container elementor-column-gap-extended\">\n\t\t\t\t\t<div class=\"elementor-column elementor-col-100 elementor-top-column elementor-element elementor-element-f21275c sc_content_align_inherit sc_layouts_column_icons_position_left sc_fly_static\" data-id=\"f21275c\" data-element_type=\"column\" data-e-type=\"column\">\n\t\t\t<div class=\"elementor-widget-wrap elementor-element-populated\">\n\t\t\t\t\t\t<div class=\"elementor-element elementor-element-b2f0a27 sc_fly_static elementor-widget elementor-widget-trx_sc_title\" data-id=\"b2f0a27\" data-element_type=\"widget\" data-e-type=\"widget\" data-widget_type=\"trx_sc_title.default\">\n\t\t\t\t<div class=\"elementor-widget-container\">\n\t\t\t\t\t<div\t\tclass=\"sc_title sc_title_default\" ><span class=\"sc_item_subtitle sc_title_subtitle sc_item_subtitle_above sc_item_title_style_default\">O nama<\/span><h4 class=\"sc_item_title sc_title_title sc_item_title_style_default sc_item_title_tag\"\n\t\t\t><span class=\"sc_item_title_text\">Klubit t\u00eb Gjuh\u00ebve t\u00eb Huaja<\/span><\/h4><\/div>\t\t\t\t<\/div>\n\t\t\t\t<\/div>\n\t\t\t\t<div class=\"elementor-element elementor-element-2eba91d sc_fly_static elementor-widget elementor-widget-spacer\" data-id=\"2eba91d\" data-element_type=\"widget\" data-e-type=\"widget\" data-widget_type=\"spacer.default\">\n\t\t\t\t<div class=\"elementor-widget-container\">\n\t\t\t\t\t\t\t<div class=\"elementor-spacer\">\n\t\t\t<div class=\"elementor-spacer-inner\"><\/div>\n\t\t<\/div>\n\t\t\t\t\t\t<\/div>\n\t\t\t\t<\/div>\n\t\t\t\t<div class=\"elementor-element elementor-element-e361723 sc_fly_static elementor-widget elementor-widget-text-editor\" data-id=\"e361723\" data-element_type=\"widget\" data-e-type=\"widget\" data-widget_type=\"text-editor.default\">\n\t\t\t\t<div class=\"elementor-widget-container\">\n\t\t\t\t\t\t\t\t\t<p>UHZ do t\u00eb ju ofroj\u00eb student\u00ebve t\u00eb t\u00eb gjitha niveleve mund\u00ebsin\u00eb q\u00eb t\u00eb m\u00ebsojn\u00eb gjuh\u00ebt sipas zgjedhjes s\u00eb tyre n\u00eb nj\u00eb m\u00ebnyr\u00eb interaktive dhe t\u00eb k\u00ebndshme, si dhe t\u00eb njihen me civilizimin, historin\u00eb, kultur\u00ebn dhe jet\u00ebn e p\u00ebrditshme t\u00eb popujve me t\u00eb cil\u00ebt ata d\u00ebshirojn\u00eb t\u00eb komunikojn\u00eb.<\/p><p>N\u00eb k\u00ebt\u00eb epok\u00eb t\u00eb globalizimit, njohja e gjuh\u00ebve t\u00eb huaja \u00ebsht\u00eb thelb\u00ebsore p\u00ebr zhvillimin kulturor dhe shoq\u00ebror t\u00eb njeriut, p\u00ebr zgjerimin e m\u00ebnyr\u00ebs s\u00eb tij t\u00eb t\u00eb menduarit dhe njohjen e tij me kombe, ambiente dhe kultura t\u00eb ndryshme.<\/p><p>An\u00ebtar\u00ebsimet fillimisht do t\u00eb b\u00ebhen p\u00ebr t\u00eb interesuarit p\u00ebr gjuh\u00ebn angleze.<\/p><p>Student\u00ebt dhe t\u00eb diplomuarit e UHZ-s\u00eb t\u00eb interesuar ftohen t\u00eb d\u00ebrgojn\u00eb e-mail n\u00eb\u00a0<a href=\"mailto:qzhk@unhz.eu\">qzhk@unhz.eu<\/a>\u00a0duke sh\u00ebnuar k\u00ebto t\u00eb dh\u00ebna:<\/p><p>Emri dhe Mbiemri<\/p><p>Fakulteti<\/p><p>Klubi<\/p>\t\t\t\t\t\t\t\t<\/div>\n\t\t\t\t<\/div>\n\t\t\t\t\t<\/div>\n\t\t<\/div>\n\t\t\t\t\t<\/div>\n\t\t<\/section>\n\t\t\t\t<\/div>","protected":false},"excerpt":{"rendered":"<p>Rreth Klubit t\u00eb Gjuh\u00ebve t\u00eb Huaja UHZ do t\u00eb ju ofroj\u00eb student\u00ebve t\u00eb t\u00eb gjitha&hellip;<\/p>","protected":false},"author":1,"featured_media":50754,"parent":0,"menu_order":0,"comment_status":"closed","ping_status":"closed","template":"","meta":{"_acf_changed":false,"footnotes":""},"class_list":["post-47583","page","type-page","status-publish","has-post-thumbnail","hentry"],"yoast_head":"<!-- This site is optimized with the Yoast SEO Premium plugin v27.2 (Yoast SEO v27.2) - https:\/\/yoast.com\/product\/yoast-seo-premium-wordpress\/ -->\n<title>Klubi i Gjuh\u00ebve t\u00eb Huaja - University Haxhi Zeka<\/title>\n<meta name=\"description\" content=\"\u201cKlubi i Gjuh\u00ebve t\u00eb Huaja n\u00eb UHZ ofron m\u00ebsim interaktiv t\u00eb gjuh\u00ebve t\u00eb huaja p\u00ebr student\u00eb t\u00eb t\u00eb gjitha niveleve, duke p\u00ebrfshir\u00eb historin\u00eb dhe kultur\u00ebn e popujve.\u201d\" \/>\n<meta name=\"robots\" content=\"index, follow, max-snippet:-1, max-image-preview:large, max-video-preview:-1\" \/>\n<link rel=\"canonical\" href=\"https:\/\/unhz.eu\/bs\/klubi-i-gjuheve-te-huaja\/\" \/>\n<meta property=\"og:locale\" content=\"bs_BA\" \/>\n<meta property=\"og:type\" content=\"article\" \/>\n<meta property=\"og:title\" content=\"Klubi i Gjuh\u00ebve t\u00eb Huaja\" \/>\n<meta property=\"og:description\" content=\"\u201cKlubi i Gjuh\u00ebve t\u00eb Huaja n\u00eb UHZ ofron m\u00ebsim interaktiv t\u00eb gjuh\u00ebve t\u00eb huaja p\u00ebr student\u00eb t\u00eb t\u00eb gjitha niveleve, duke p\u00ebrfshir\u00eb historin\u00eb dhe kultur\u00ebn e popujve.\u201d\" \/>\n<meta property=\"og:url\" content=\"https:\/\/unhz.eu\/bs\/klubi-i-gjuheve-te-huaja\/\" \/>\n<meta property=\"og:site_name\" content=\"University Haxhi Zeka\" \/>\n<meta property=\"article:publisher\" content=\"https:\/\/www.facebook.com\/uni.haxhizeka\" \/>\n<meta property=\"article:modified_time\" content=\"2025-07-29T08:11:31+00:00\" \/>\n<meta property=\"og:image\" content=\"https:\/\/unhz.eu\/wp-content\/uploads\/2025\/04\/Dizajn-me-logo-te-UHZ.webp\" \/>\n\t<meta property=\"og:image:width\" content=\"1000\" \/>\n\t<meta property=\"og:image:height\" content=\"1000\" \/>\n\t<meta property=\"og:image:type\" content=\"image\/webp\" \/>\n<meta name=\"twitter:card\" content=\"summary_large_image\" \/>\n<meta name=\"twitter:site\" content=\"@uni_haxhizeka\" \/>\n<meta name=\"twitter:label1\" content=\"Est. reading time\" \/>\n\t<meta name=\"twitter:data1\" content=\"1 minuta\" \/>\n<script type=\"application\/ld+json\" class=\"yoast-schema-graph\">{\"@context\":\"https:\/\/schema.org\",\"@graph\":[{\"@type\":\"WebPage\",\"@id\":\"https:\/\/unhz.eu\/klubi-i-gjuheve-te-huaja\/\",\"url\":\"https:\/\/unhz.eu\/klubi-i-gjuheve-te-huaja\/\",\"name\":\"Klubi i Gjuh\u00ebve t\u00eb Huaja - University Haxhi Zeka\",\"isPartOf\":{\"@id\":\"https:\/\/unhz.eu\/#website\"},\"primaryImageOfPage\":{\"@id\":\"https:\/\/unhz.eu\/klubi-i-gjuheve-te-huaja\/#primaryimage\"},\"image\":{\"@id\":\"https:\/\/unhz.eu\/klubi-i-gjuheve-te-huaja\/#primaryimage\"},\"thumbnailUrl\":\"https:\/\/unhz.eu\/wp-content\/uploads\/2025\/04\/Dizajn-me-logo-te-UHZ.webp\",\"datePublished\":\"2024-05-28T13:44:16+00:00\",\"dateModified\":\"2025-07-29T08:11:31+00:00\",\"description\":\"\u201cKlubi i Gjuh\u00ebve t\u00eb Huaja n\u00eb UHZ ofron m\u00ebsim interaktiv t\u00eb gjuh\u00ebve t\u00eb huaja p\u00ebr student\u00eb t\u00eb t\u00eb gjitha niveleve, duke p\u00ebrfshir\u00eb historin\u00eb dhe kultur\u00ebn e popujve.\u201d\",\"breadcrumb\":{\"@id\":\"https:\/\/unhz.eu\/klubi-i-gjuheve-te-huaja\/#breadcrumb\"},\"inLanguage\":\"bs-BA\",\"potentialAction\":[{\"@type\":\"ReadAction\",\"target\":[\"https:\/\/unhz.eu\/klubi-i-gjuheve-te-huaja\/\"]}]},{\"@type\":\"ImageObject\",\"inLanguage\":\"bs-BA\",\"@id\":\"https:\/\/unhz.eu\/klubi-i-gjuheve-te-huaja\/#primaryimage\",\"url\":\"https:\/\/unhz.eu\/wp-content\/uploads\/2025\/04\/Dizajn-me-logo-te-UHZ.webp\",\"contentUrl\":\"https:\/\/unhz.eu\/wp-content\/uploads\/2025\/04\/Dizajn-me-logo-te-UHZ.webp\",\"width\":1000,\"height\":1000,\"caption\":\"Universiteti Haxhi Zeka, UHZ logo me background te kuq\"},{\"@type\":\"BreadcrumbList\",\"@id\":\"https:\/\/unhz.eu\/klubi-i-gjuheve-te-huaja\/#breadcrumb\",\"itemListElement\":[{\"@type\":\"ListItem\",\"position\":1,\"name\":\"Home\",\"item\":\"https:\/\/unhz.eu\/\"},{\"@type\":\"ListItem\",\"position\":2,\"name\":\"Klubi i Gjuh\u00ebve t\u00eb Huaja\"}]},{\"@type\":\"WebSite\",\"@id\":\"https:\/\/unhz.eu\/#website\",\"url\":\"https:\/\/unhz.eu\/\",\"name\":\"Universiteti \u201cHaxhi Zeka\u201d\",\"description\":\"I dedikuar p\u00ebr cil\u00ebsi, standarde dhe suksese\",\"publisher\":{\"@id\":\"https:\/\/unhz.eu\/#organization\"},\"alternateName\":\"Universiteti Haxhi Zeka\",\"potentialAction\":[{\"@type\":\"SearchAction\",\"target\":{\"@type\":\"EntryPoint\",\"urlTemplate\":\"https:\/\/unhz.eu\/?s={search_term_string}\"},\"query-input\":{\"@type\":\"PropertyValueSpecification\",\"valueRequired\":true,\"valueName\":\"search_term_string\"}}],\"inLanguage\":\"bs-BA\"},{\"@type\":\"Organization\",\"@id\":\"https:\/\/unhz.eu\/#organization\",\"name\":\"Universiteti \u201cHaxhi Zeka\u201d\",\"alternateName\":\"Universiteti Haxhi Zeka\",\"url\":\"https:\/\/unhz.eu\/\",\"logo\":{\"@type\":\"ImageObject\",\"inLanguage\":\"bs-BA\",\"@id\":\"https:\/\/unhz.eu\/#\/schema\/logo\/image\/\",\"url\":\"https:\/\/unhz.eu\/wp-content\/uploads\/2025\/04\/logo-unhz.webp\",\"contentUrl\":\"https:\/\/unhz.eu\/wp-content\/uploads\/2025\/04\/logo-unhz.webp\",\"width\":1024,\"height\":260,\"caption\":\"Universiteti \u201cHaxhi Zeka\u201d\"},\"image\":{\"@id\":\"https:\/\/unhz.eu\/#\/schema\/logo\/image\/\"},\"sameAs\":[\"https:\/\/www.facebook.com\/uni.haxhizeka\",\"https:\/\/x.com\/uni_haxhizeka\",\"https:\/\/www.linkedin.com\/school\/haxhi-zeka-university\",\"https:\/\/www.instagram.com\/uni_haxhizeka\/\"],\"description\":\"Universiteti \u201cHaxhi Zeka\u201d n\u00eb Pej\u00eb \u00ebsht\u00eb institucion publik i arsimit t\u00eb lart\u00eb, q\u00eb ofron studime bachelor, master dhe doktorat\u00eb n\u00eb fusha t\u00eb ndryshme si menaxhimi, turizmi, ekonomia, bujq\u00ebsia, arti dhe drejt\u00ebsia. Universiteti synon zhvillimin akademik, hulumtimin shkencor dhe kontributin n\u00eb komunitet.\",\"email\":\"info@unhz.eu\",\"telephone\":\"+38339410970\",\"legalName\":\"Universiteti \u201cHaxhi Zeka\u201d n\u00eb Pej\u00eb\",\"foundingDate\":\"2011-11-14\",\"numberOfEmployees\":{\"@type\":\"QuantitativeValue\",\"minValue\":\"201\",\"maxValue\":\"500\"}}]}<\/script>\n<!-- \/ Yoast SEO Premium plugin. -->","yoast_head_json":{"title":"Klubi i Gjuh\u00ebve t\u00eb Huaja - University Haxhi Zeka","description":"\u201cKlubi i Gjuh\u00ebve t\u00eb Huaja n\u00eb UHZ ofron m\u00ebsim interaktiv t\u00eb gjuh\u00ebve t\u00eb huaja p\u00ebr student\u00eb t\u00eb t\u00eb gjitha niveleve, duke p\u00ebrfshir\u00eb historin\u00eb dhe kultur\u00ebn e popujve.\u201d","robots":{"index":"index","follow":"follow","max-snippet":"max-snippet:-1","max-image-preview":"max-image-preview:large","max-video-preview":"max-video-preview:-1"},"canonical":"https:\/\/unhz.eu\/bs\/klubi-i-gjuheve-te-huaja\/","og_locale":"bs_BA","og_type":"article","og_title":"Klubi i Gjuh\u00ebve t\u00eb Huaja","og_description":"\u201cKlubi i Gjuh\u00ebve t\u00eb Huaja n\u00eb UHZ ofron m\u00ebsim interaktiv t\u00eb gjuh\u00ebve t\u00eb huaja p\u00ebr student\u00eb t\u00eb t\u00eb gjitha niveleve, duke p\u00ebrfshir\u00eb historin\u00eb dhe kultur\u00ebn e popujve.\u201d","og_url":"https:\/\/unhz.eu\/bs\/klubi-i-gjuheve-te-huaja\/","og_site_name":"University Haxhi Zeka","article_publisher":"https:\/\/www.facebook.com\/uni.haxhizeka","article_modified_time":"2025-07-29T08:11:31+00:00","og_image":[{"width":1000,"height":1000,"url":"https:\/\/unhz.eu\/wp-content\/uploads\/2025\/04\/Dizajn-me-logo-te-UHZ.webp","type":"image\/webp"}],"twitter_card":"summary_large_image","twitter_site":"@uni_haxhizeka","twitter_misc":{"Est. reading time":"1 minuta"},"schema":{"@context":"https:\/\/schema.org","@graph":[{"@type":"WebPage","@id":"https:\/\/unhz.eu\/klubi-i-gjuheve-te-huaja\/","url":"https:\/\/unhz.eu\/klubi-i-gjuheve-te-huaja\/","name":"Klubi i Gjuh\u00ebve t\u00eb Huaja - University Haxhi Zeka","isPartOf":{"@id":"https:\/\/unhz.eu\/#website"},"primaryImageOfPage":{"@id":"https:\/\/unhz.eu\/klubi-i-gjuheve-te-huaja\/#primaryimage"},"image":{"@id":"https:\/\/unhz.eu\/klubi-i-gjuheve-te-huaja\/#primaryimage"},"thumbnailUrl":"https:\/\/unhz.eu\/wp-content\/uploads\/2025\/04\/Dizajn-me-logo-te-UHZ.webp","datePublished":"2024-05-28T13:44:16+00:00","dateModified":"2025-07-29T08:11:31+00:00","description":"\u201cKlubi i Gjuh\u00ebve t\u00eb Huaja n\u00eb UHZ ofron m\u00ebsim interaktiv t\u00eb gjuh\u00ebve t\u00eb huaja p\u00ebr student\u00eb t\u00eb t\u00eb gjitha niveleve, duke p\u00ebrfshir\u00eb historin\u00eb dhe kultur\u00ebn e popujve.\u201d","breadcrumb":{"@id":"https:\/\/unhz.eu\/klubi-i-gjuheve-te-huaja\/#breadcrumb"},"inLanguage":"bs-BA","potentialAction":[{"@type":"ReadAction","target":["https:\/\/unhz.eu\/klubi-i-gjuheve-te-huaja\/"]}]},{"@type":"ImageObject","inLanguage":"bs-BA","@id":"https:\/\/unhz.eu\/klubi-i-gjuheve-te-huaja\/#primaryimage","url":"https:\/\/unhz.eu\/wp-content\/uploads\/2025\/04\/Dizajn-me-logo-te-UHZ.webp","contentUrl":"https:\/\/unhz.eu\/wp-content\/uploads\/2025\/04\/Dizajn-me-logo-te-UHZ.webp","width":1000,"height":1000,"caption":"Universiteti Haxhi Zeka, UHZ logo me background te kuq"},{"@type":"BreadcrumbList","@id":"https:\/\/unhz.eu\/klubi-i-gjuheve-te-huaja\/#breadcrumb","itemListElement":[{"@type":"ListItem","position":1,"name":"Home","item":"https:\/\/unhz.eu\/"},{"@type":"ListItem","position":2,"name":"Klubi i Gjuh\u00ebve t\u00eb Huaja"}]},{"@type":"WebSite","@id":"https:\/\/unhz.eu\/#website","url":"https:\/\/unhz.eu\/","name":"Univerzitet &quot;Had\u017ei Zeka&quot;\u201c","description":"Posve\u0107eni kvaliteti, standardima i uspjehu","publisher":{"@id":"https:\/\/unhz.eu\/#organization"},"alternateName":"Universiteti Haxhi Zeka","potentialAction":[{"@type":"SearchAction","target":{"@type":"EntryPoint","urlTemplate":"https:\/\/unhz.eu\/?s={search_term_string}"},"query-input":{"@type":"PropertyValueSpecification","valueRequired":true,"valueName":"search_term_string"}}],"inLanguage":"bs-BA"},{"@type":"Organization","@id":"https:\/\/unhz.eu\/#organization","name":"Univerzitet &quot;Had\u017ei Zeka&quot;\u201c","alternateName":"Universiteti Haxhi Zeka","url":"https:\/\/unhz.eu\/","logo":{"@type":"ImageObject","inLanguage":"bs-BA","@id":"https:\/\/unhz.eu\/#\/schema\/logo\/image\/","url":"https:\/\/unhz.eu\/wp-content\/uploads\/2025\/04\/logo-unhz.webp","contentUrl":"https:\/\/unhz.eu\/wp-content\/uploads\/2025\/04\/logo-unhz.webp","width":1024,"height":260,"caption":"Universiteti \u201cHaxhi Zeka\u201d"},"image":{"@id":"https:\/\/unhz.eu\/#\/schema\/logo\/image\/"},"sameAs":["https:\/\/www.facebook.com\/uni.haxhizeka","https:\/\/x.com\/uni_haxhizeka","https:\/\/www.linkedin.com\/school\/haxhi-zeka-university","https:\/\/www.instagram.com\/uni_haxhizeka\/"],"description":"Univerzitet &quot;Had\u017ei Zeka&quot; u Pe\u0107i je javna visoko\u0161kolska ustanova koja nudi dodiplomske, master i doktorske studije u raznim oblastima kao \u0161to su menad\u017ement, turizam, ekonomija, poljoprivreda, umjetnost i pravo. Univerzitet ima za cilj akademski razvoj, nau\u010dna istra\u017eivanja i doprinos zajednici.","email":"info@unhz.eu","telephone":"+38339410970","legalName":"Universiteti \u201cHaxhi Zeka\u201d n\u00eb Pej\u00eb","foundingDate":"2011-11-14","numberOfEmployees":{"@type":"QuantitativeValue","minValue":"201","maxValue":"500"}}]}},"acf":[],"_links":{"self":[{"href":"https:\/\/unhz.eu\/bs\/wp-json\/wp\/v2\/pages\/47583","targetHints":{"allow":["GET"]}}],"collection":[{"href":"https:\/\/unhz.eu\/bs\/wp-json\/wp\/v2\/pages"}],"about":[{"href":"https:\/\/unhz.eu\/bs\/wp-json\/wp\/v2\/types\/page"}],"author":[{"embeddable":true,"href":"https:\/\/unhz.eu\/bs\/wp-json\/wp\/v2\/users\/1"}],"replies":[{"embeddable":true,"href":"https:\/\/unhz.eu\/bs\/wp-json\/wp\/v2\/comments?post=47583"}],"version-history":[{"count":2,"href":"https:\/\/unhz.eu\/bs\/wp-json\/wp\/v2\/pages\/47583\/revisions"}],"predecessor-version":[{"id":57051,"href":"https:\/\/unhz.eu\/bs\/wp-json\/wp\/v2\/pages\/47583\/revisions\/57051"}],"wp:featuredmedia":[{"embeddable":true,"href":"https:\/\/unhz.eu\/bs\/wp-json\/wp\/v2\/media\/50754"}],"wp:attachment":[{"href":"https:\/\/unhz.eu\/bs\/wp-json\/wp\/v2\/media?parent=47583"}],"curies":[{"name":"radni list","href":"https:\/\/api.w.org\/{rel}","templated":true}]}}