{"id":47565,"date":"2024-05-28T13:23:27","date_gmt":"2024-05-28T13:23:27","guid":{"rendered":"https:\/\/unhz.eu\/?page_id=47565"},"modified":"2025-06-03T14:06:43","modified_gmt":"2025-06-03T12:06:43","slug":"sherbimet","status":"publish","type":"page","link":"https:\/\/unhz.eu\/bs\/sherbimet\/","title":{"rendered":"Sh\u00ebrbimet"},"content":{"rendered":"<div data-elementor-type=\"wp-page\" data-elementor-id=\"47565\" class=\"elementor elementor-47565\" data-elementor-post-type=\"page\">\n\t\t\t\t\t\t<section class=\"elementor-section elementor-top-section elementor-element elementor-element-8a3a083 elementor-section-boxed elementor-section-height-default elementor-section-height-default sc_fly_static\" data-id=\"8a3a083\" data-element_type=\"section\" data-e-type=\"section\">\n\t\t\t\t\t\t<div class=\"elementor-container elementor-column-gap-extended\">\n\t\t\t\t\t<div class=\"elementor-column elementor-col-100 elementor-top-column elementor-element elementor-element-082fbdf sc_content_align_inherit sc_layouts_column_icons_position_left sc_fly_static\" data-id=\"082fbdf\" data-element_type=\"column\" data-e-type=\"column\">\n\t\t\t<div class=\"elementor-widget-wrap elementor-element-populated\">\n\t\t\t\t\t\t<div class=\"elementor-element elementor-element-20fa620 sc_fly_static elementor-widget elementor-widget-trx_sc_title\" data-id=\"20fa620\" data-element_type=\"widget\" data-e-type=\"widget\" data-widget_type=\"trx_sc_title.default\">\n\t\t\t\t<div class=\"elementor-widget-container\">\n\t\t\t\t\t<div\t\tclass=\"sc_title sc_title_default\" ><span class=\"sc_item_subtitle sc_title_subtitle sc_item_subtitle_above sc_item_title_style_default\">Subtitle<\/span><h4 class=\"sc_item_title sc_title_title sc_item_title_style_default sc_item_title_tag\"\n\t\t\t><span class=\"sc_item_title_text\">Sh\u00ebrbimeve t\u00eb Zyr\u00ebs p\u00ebr Zhvillimin e Karrier\u00ebs<\/span><\/h4><\/div>\t\t\t\t<\/div>\n\t\t\t\t<\/div>\n\t\t\t\t<div class=\"elementor-element elementor-element-98850f5 sc_fly_static elementor-widget elementor-widget-text-editor\" data-id=\"98850f5\" data-element_type=\"widget\" data-e-type=\"widget\" data-widget_type=\"text-editor.default\">\n\t\t\t\t<div class=\"elementor-widget-container\">\n\t\t\t\t\t\t\t\t\t<p><\/p>\n<p>\u2022 Ndihma p\u00ebr student\u00ebt q\u00eb t\u00eb planifikojn\u00eb, identifikojn\u00eb dhe realizojn\u00eb q\u00ebllimet e karrier\u00ebs dhe hulumtimet p\u00ebr pun\u00eb;<br>\u2022 Ofrimi i informacionit aktual mbi mund\u00ebsit\u00eb e pun\u00ebsimit dhe t\u00eb pun\u00ebs praktike (intership);<br>\u2022 Ofrimi i informatave mbi studimet jasht\u00eb vendit, shkoll\u00ebs verore, trajnimeve, panaireve t\u00eb karrier\u00ebs, etj;<br>\u2022 Ofrimi i informatave aktuale mbi gjendjen e tregut t\u00eb pun\u00ebs;<br>\u2022 Organizimin dhe informimin p\u00ebr ngjarje q\u00eb iu mund\u00ebsojn\u00eb student\u00ebve krijimin e rrjeteve, intervistave dhe njoftimeve me pun\u00ebdh\u00ebn\u00ebs;<br>\u2022 Promovimin dhe mbajtjen afatgjate dhe t\u00eb vazhdueshme t\u00eb kontakteve dhe zhvillimin e partneritetit me qendra akademike dhe t\u00eb karrier\u00ebs p\u00ebr t\u00eb siguruar shk\u00ebmbime cil\u00ebsore mes qendr\u00ebs s\u00eb karrier\u00ebs, komunitetit akademik dhe pun\u00ebdh\u00ebn\u00ebsve brenda dhe jasht\u00eb Kosov\u00ebs.<br>P\u00ebr student\u00ebt e Universitetit \u201cHaxhi Zeka\u201d n\u00eb Pej\u00eb, ne ofrojm\u00eb trajnime p\u00ebr m\u00ebnyrat e p\u00ebrgatitjes s\u00eb CV-s\u00eb, letr\u00ebs motivuese, k\u00ebshilla p\u00ebr intervist\u00eb pune, informata rreth m\u00ebnyrave t\u00eb qasjes ndaj tregut t\u00eb pun\u00ebs, trajnime p\u00ebr zhvillimin e shkatht\u00ebsive q\u00eb k\u00ebrkon tregu i pun\u00ebs, etj. Ne b\u00ebjm\u00eb informimin e student\u00ebve p\u00ebr aktivitete t\u00eb ndryshme p\u00ebrmes internetit (e-mailit, web faqes dhe E-Praktika).<br>T\u00eb diplomuarit n\u00eb Universitetin \u201cHaxhi Zeka\u201d n\u00eb Pej\u00eb, kan\u00eb mund\u00ebsi q\u00eb p\u00ebrmes ZZHK-s\u00eb t\u00eb informohen p\u00ebr mund\u00ebsi t\u00eb ndryshme pun\u00ebsimi, t\u00eb marrin pjes\u00eb n\u00eb takime t\u00eb ndryshme me pun\u00ebdh\u00ebn\u00ebs, t\u00eb kontaktojn\u00eb m\u00eb leht\u00eb me pun\u00ebdh\u00ebn\u00ebsit, t\u00eb informohen p\u00ebr mund\u00ebsi t\u00eb ndryshme studimi jasht\u00eb vendit, t\u00eb njoftohen p\u00ebr konferenca, seminare, pun\u00ebsime sezonale, shkolla verore q\u00eb ofrohen p\u00ebr ta, etj.<br>P\u00ebr pun\u00ebdh\u00ebn\u00ebsit q\u00eb jan\u00eb t\u00eb interesuar p\u00ebr pun\u00ebsimin e student\u00ebve e t\u00eb diplomuarve, ne ju ofrojm\u00eb:<br>\u2022 shpalljen e njoftimeve p\u00ebr vende t\u00eb lira t\u00eb pun\u00ebs, pun\u00ebve me orar t\u00eb shkurtuar dhe praktik\u00ebs p\u00ebr student\u00eb;<br>\u2022 promovimin e kultur\u00ebs s\u00eb pun\u00ebs dhe vlerave profesionale t\u00eb kompanis\u00eb suaj;<br>\u2022 nd\u00ebrlidhjen me student\u00eb dhe t\u00eb diplomuarit e Universitetit \u201cHaxhi Zeka\u201d n\u00eb Pej\u00eb;<br>\u2022 mund\u00ebsi p\u00ebr rekrutim m\u00eb t\u00eb leht\u00eb t\u00eb stafit t\u00eb trajnuar n\u00eb qendr\u00ebn ton\u00eb;<br>\u2022 pjes\u00ebmarrje n\u00eb pun\u00ebtori dhe tryeza t\u00eb rrumbullak\u00ebta me tema t\u00eb ndryshme etj.<br>Q\u00ebllimi jon\u00eb \u00ebsht\u00eb shtrirja e rrjetit t\u00eb bashk\u00ebpunimit duke vendosur kontakt me pun\u00ebdh\u00ebn\u00ebs t\u00eb ndrysh\u00ebm nga fusha t\u00eb ndryshme.<\/p>\n<p>-Rreth ZZhK-s\u00eb<br>Zyra p\u00ebr Zhvillim t\u00eb Karrier\u00ebs (ZZhK) e Universitetit \u201cHaxhi Zeka\u201d n\u00eb Pej\u00eb, ka objektiv kryesor orientimin dhe k\u00ebshillimin e student\u00ebve p\u00ebr qasje sa m\u00eb t\u00eb mir\u00eb n\u00eb tregun e pun\u00ebs.<br>Misioni i saj \u00ebsht\u00eb q\u00eb t\u2019i informoj\u00eb, mb\u00ebshtes\u00eb dhe inkurajoj\u00eb student\u00ebt n\u00eb nd\u00ebrtimin e potencialit t\u00eb tyre t\u00eb plot\u00eb p\u00ebr ta shfryt\u00ebzuar si\u00e7 duhet dhe p\u00ebr t\u00eb pasur nj\u00eb karrier\u00eb t\u00eb suksesshme. Ajo synon q\u00eb t\u00eb ndihmoj\u00eb student\u00ebt q\u00eb t\u00eb kalojn\u00eb me sukses faz\u00ebn e kalimit nga niveli akademik n\u00eb faz\u00ebn e ushtrimit t\u00eb profesionit n\u00eb praktik\u00eb, p\u00ebrmes t\u00eb ofruarit t\u00eb sh\u00ebrbimeve m\u00eb t\u00eb mira konsultative p\u00ebr sa u p\u00ebrket nevojave t\u00eb tregut t\u00eb pun\u00ebs, pritjeve t\u00eb pun\u00ebdh\u00ebn\u00ebsve, aft\u00ebsive punuese, trendeve t\u00eb kualifikimit, zhvillimit t\u00eb karrier\u00ebs, etj.<\/p>\n<p>-Sh\u00ebrbimet<\/p>\n<p>Sh\u00ebrbimet kryesore t\u00eb Zyr\u00ebs p\u00ebr Zhvillimin e Karrier\u00ebs p\u00ebrfshijn\u00eb:<br>\u2022 Ndihma p\u00ebr student\u00ebt q\u00eb t\u00eb planifikojn\u00eb, identifikojn\u00eb dhe realizojn\u00eb q\u00ebllimet e karrier\u00ebs dhe hulumtimet p\u00ebr pun\u00eb;<br>\u2022 Ofrimi i informacionit aktual mbi mund\u00ebsit\u00eb e pun\u00ebsimit dhe t\u00eb pun\u00ebs praktike (intership);<br>\u2022 Ofrimi i informatave mbi studimet jasht\u00eb vendit, shkoll\u00ebs verore, trajnimeve, panaireve t\u00eb karrier\u00ebs, etj;<br>\u2022 Ofrimi i informatave aktuale mbi gjendjen e tregut t\u00eb pun\u00ebs;<br>\u2022 Organizimin dhe informimin p\u00ebr ngjarje q\u00eb iu mund\u00ebsojn\u00eb student\u00ebve krijimin e rrjeteve, intervistave dhe njoftimeve me pun\u00ebdh\u00ebn\u00ebs;<br>\u2022 Promovimin dhe mbajtjen afatgjate dhe t\u00eb vazhdueshme t\u00eb kontakteve dhe zhvillimin e partneritetit me qendra akademike dhe t\u00eb karrier\u00ebs p\u00ebr t\u00eb siguruar shk\u00ebmbime cil\u00ebsore mes qendr\u00ebs s\u00eb karrier\u00ebs, komunitetit akademik dhe pun\u00ebdh\u00ebn\u00ebsve brenda dhe jasht\u00eb Kosov\u00ebs.<br>P\u00ebr student\u00ebt e Universitetit \u201cHaxhi Zeka\u201d n\u00eb Pej\u00eb, ne ofrojm\u00eb trajnime p\u00ebr m\u00ebnyrat e p\u00ebrgatitjes s\u00eb CV-s\u00eb, letr\u00ebs motivuese, k\u00ebshilla p\u00ebr intervist\u00eb pune, informata rreth m\u00ebnyrave t\u00eb qasjes ndaj tregut t\u00eb pun\u00ebs, trajnime p\u00ebr zhvillimin e shkatht\u00ebsive q\u00eb k\u00ebrkon tregu i pun\u00ebs, etj. Ne b\u00ebjm\u00eb informimin e student\u00ebve p\u00ebr aktivitete t\u00eb ndryshme p\u00ebrmes internetit (e-mailit, web faqes dhe E-Praktika).<br>T\u00eb diplomuarit n\u00eb Universitetin \u201cHaxhi Zeka\u201d n\u00eb Pej\u00eb, kan\u00eb mund\u00ebsi q\u00eb p\u00ebrmes ZZHK-s\u00eb t\u00eb informohen p\u00ebr mund\u00ebsi t\u00eb ndryshme pun\u00ebsimi, t\u00eb marrin pjes\u00eb n\u00eb takime t\u00eb ndryshme me pun\u00ebdh\u00ebn\u00ebs, t\u00eb kontaktojn\u00eb m\u00eb leht\u00eb me pun\u00ebdh\u00ebn\u00ebsit, t\u00eb informohen p\u00ebr mund\u00ebsi t\u00eb ndryshme studimi jasht\u00eb vendit, t\u00eb njoftohen p\u00ebr konferenca, seminare, pun\u00ebsime sezonale, shkolla verore q\u00eb ofrohen p\u00ebr ta, etj.<br>P\u00ebr pun\u00ebdh\u00ebn\u00ebsit q\u00eb jan\u00eb t\u00eb interesuar p\u00ebr pun\u00ebsimin e student\u00ebve e t\u00eb diplomuarve, ne ju ofrojm\u00eb:<br>\u2022 shpalljen e njoftimeve p\u00ebr vende t\u00eb lira t\u00eb pun\u00ebs, pun\u00ebve me orar t\u00eb shkurtuar dhe praktik\u00ebs p\u00ebr student\u00eb;<br>\u2022 promovimin e kultur\u00ebs s\u00eb pun\u00ebs dhe vlerave profesionale t\u00eb kompanis\u00eb suaj;<br>\u2022 nd\u00ebrlidhjen me student\u00eb dhe t\u00eb diplomuarit e Universitetit \u201cHaxhi Zeka\u201d n\u00eb Pej\u00eb;<br>\u2022 mund\u00ebsi p\u00ebr rekrutim m\u00eb t\u00eb leht\u00eb t\u00eb stafit t\u00eb trajnuar n\u00eb qendr\u00ebn ton\u00eb;<br>\u2022 pjes\u00ebmarrje n\u00eb pun\u00ebtori dhe tryeza t\u00eb rrumbullak\u00ebta me tema t\u00eb ndryshme etj.<br>Q\u00ebllimi jon\u00eb \u00ebsht\u00eb shtrirja e rrjetit t\u00eb bashk\u00ebpunimit duke vendosur kontakt me pun\u00ebdh\u00ebn\u00ebs t\u00eb ndrysh\u00ebm nga fusha t\u00eb ndryshme.<\/p>\n<p>-Sesionet e k\u00ebshillimit dhe trajnimet<br>ZZhk ju ofron student\u00ebve dhe t\u00eb diplomuarve t\u00eb UHZ-s\u00eb informim dhe k\u00ebshillim rreth mund\u00ebsive p\u00ebr pun\u00eb praktike, pun\u00ebsim, trajnime, kurse, vizita studimore, k\u00ebshillime p\u00ebr aplikim n\u00eb projekte dhe grante, p\u00ebrgatitja e dosjes s\u00eb aplikimit p\u00ebr bursa studimore etj.<\/p>\n<p>Sesionet e k\u00ebshillimit rreth p\u00ebrgatitjes s\u00eb CV-s\u00eb, letr\u00ebs motivuese dhe p\u00ebrgatitjes p\u00ebr intrevist\u00eb pune, etj. ofrohen \u00e7do dit\u00eb pune p\u00ebrmes metod\u00ebs verbale dhe elektronike:<\/p>\n<ul>\n<li>K\u00ebshillim i rezervuar: ( n\u00ebnkupton rezervimin e terminit p\u00ebrmes e-mailit dhe zgjat\u00eb 40 min).<\/li>\n<li>K\u00ebshillim i \u00e7astit: ( n\u00ebnkupton vizit\u00ebn e studentit pa paralajm\u00ebrim dhe sesioni zgjat\u00eb 10 min).<\/li>\n<\/ul>\n<p>Trajnime ZZhK-UHZ<br>Moduli 1 Zhvillimi i Karrier\u00ebs<br>\u2022 Nocioni i \u201ckarrier\u00ebs\u201d<br>\u2022 Si planifikohet karriera dhe \u00e7far\u00eb r\u00ebnd\u00ebsie ka ajo?<br>\u2022 Zgjedhja e profesionit<br>Moduli 2 E drejta e pun\u00ebs dhe pun\u00ebsimi<br>\u2022 E drejta p\u00ebr pun\u00eb<br>\u2022 Aktet juridike<br>\u2022 Pun\u00ebsimi<br>Moduli 3 Konkursi publik dhe aplikimi p\u00ebr nj\u00eb vend pune<br>\u2022 P\u00ebrmbajtja e konkursit<br>\u2022 Plot\u00ebsimi i aplikimit<br>Moduli 4 Si t\u00eb shkruajm\u00eb nj\u00eb CV?<br>\u2022 Q\u00ebllimi i CV-s\u00eb<br>\u2022 Udh\u00ebzime t\u00eb p\u00ebrgjithshme p\u00ebr shkrim t\u00eb CV-s\u00eb<br>\u2022 Kronologjia p\u00ebr shkrim t\u00eb CV-s\u00eb<br>\u2022 Detyra<br>Moduli 5 Shkrimi i nj\u00eb letre Motivuese<br>\u2022 Q\u00ebllimi i Letr\u00ebs s\u00eb Motivimit<br>\u2022 Udh\u00ebzime t\u00eb p\u00ebrgjithshme p\u00ebr shkrimin e Letr\u00ebs s\u00eb Motivimit<br>\u2022 Detyra<br>Moduli 6 Testi me shkrim dhe intervista e suksesshme<br>\u2022 Q\u00ebllimi i testit me shkrim dhe shkatht\u00ebsit\u00eb e k\u00ebrkuara<br>\u2022 P\u00ebrgatitja p\u00ebr intervist\u00eb pune<br>\u2022 Detyra<\/p>\t\t\t\t\t\t\t\t<\/div>\n\t\t\t\t<\/div>\n\t\t\t\t\t<\/div>\n\t\t<\/div>\n\t\t\t\t\t<\/div>\n\t\t<\/section>\n\t\t\t\t<\/div>","protected":false},"excerpt":{"rendered":"<p>Subtitle Sh\u00ebrbimeve t\u00eb Zyr\u00ebs p\u00ebr Zhvillimin e Karrier\u00ebs \u2022 Ndihma p\u00ebr student\u00ebt q\u00eb t\u00eb planifikojn\u00eb,&hellip;<\/p>","protected":false},"author":1,"featured_media":0,"parent":0,"menu_order":0,"comment_status":"closed","ping_status":"closed","template":"","meta":{"_acf_changed":false,"footnotes":""},"class_list":["post-47565","page","type-page","status-publish","hentry"],"yoast_head":"<!-- This site is optimized with the Yoast SEO Premium plugin v27.2 (Yoast SEO v27.2) - https:\/\/yoast.com\/product\/yoast-seo-premium-wordpress\/ -->\n<title>Sh\u00ebrbimet - University Haxhi Zeka<\/title>\n<meta name=\"robots\" content=\"index, follow, max-snippet:-1, max-image-preview:large, max-video-preview:-1\" \/>\n<link rel=\"canonical\" href=\"https:\/\/unhz.eu\/bs\/sherbimet\/\" \/>\n<meta property=\"og:locale\" content=\"bs_BA\" \/>\n<meta property=\"og:type\" content=\"article\" \/>\n<meta property=\"og:title\" content=\"Sh\u00ebrbimet\" \/>\n<meta property=\"og:description\" content=\"Subtitle Sh\u00ebrbimeve t\u00eb Zyr\u00ebs p\u00ebr Zhvillimin e Karrier\u00ebs \u2022 Ndihma p\u00ebr student\u00ebt q\u00eb t\u00eb planifikojn\u00eb,&hellip;\" \/>\n<meta property=\"og:url\" content=\"https:\/\/unhz.eu\/bs\/sherbimet\/\" \/>\n<meta property=\"og:site_name\" content=\"University Haxhi Zeka\" \/>\n<meta property=\"article:publisher\" content=\"https:\/\/www.facebook.com\/uni.haxhizeka\" \/>\n<meta property=\"article:modified_time\" content=\"2025-06-03T12:06:43+00:00\" \/>\n<meta name=\"twitter:card\" content=\"summary_large_image\" \/>\n<meta name=\"twitter:site\" content=\"@uni_haxhizeka\" \/>\n<meta name=\"twitter:label1\" content=\"Est. reading time\" \/>\n\t<meta name=\"twitter:data1\" content=\"5 minuta\" \/>\n<script type=\"application\/ld+json\" class=\"yoast-schema-graph\">{\"@context\":\"https:\/\/schema.org\",\"@graph\":[{\"@type\":\"WebPage\",\"@id\":\"https:\/\/unhz.eu\/sherbimet\/\",\"url\":\"https:\/\/unhz.eu\/sherbimet\/\",\"name\":\"Sh\u00ebrbimet - University Haxhi Zeka\",\"isPartOf\":{\"@id\":\"https:\/\/unhz.eu\/#website\"},\"datePublished\":\"2024-05-28T13:23:27+00:00\",\"dateModified\":\"2025-06-03T12:06:43+00:00\",\"breadcrumb\":{\"@id\":\"https:\/\/unhz.eu\/sherbimet\/#breadcrumb\"},\"inLanguage\":\"bs-BA\",\"potentialAction\":[{\"@type\":\"ReadAction\",\"target\":[\"https:\/\/unhz.eu\/sherbimet\/\"]}]},{\"@type\":\"BreadcrumbList\",\"@id\":\"https:\/\/unhz.eu\/sherbimet\/#breadcrumb\",\"itemListElement\":[{\"@type\":\"ListItem\",\"position\":1,\"name\":\"Home\",\"item\":\"https:\/\/unhz.eu\/\"},{\"@type\":\"ListItem\",\"position\":2,\"name\":\"Sh\u00ebrbimet\"}]},{\"@type\":\"WebSite\",\"@id\":\"https:\/\/unhz.eu\/#website\",\"url\":\"https:\/\/unhz.eu\/\",\"name\":\"Universiteti \u201cHaxhi Zeka\u201d\",\"description\":\"I dedikuar p\u00ebr cil\u00ebsi, standarde dhe suksese\",\"publisher\":{\"@id\":\"https:\/\/unhz.eu\/#organization\"},\"alternateName\":\"Universiteti Haxhi Zeka\",\"potentialAction\":[{\"@type\":\"SearchAction\",\"target\":{\"@type\":\"EntryPoint\",\"urlTemplate\":\"https:\/\/unhz.eu\/?s={search_term_string}\"},\"query-input\":{\"@type\":\"PropertyValueSpecification\",\"valueRequired\":true,\"valueName\":\"search_term_string\"}}],\"inLanguage\":\"bs-BA\"},{\"@type\":\"Organization\",\"@id\":\"https:\/\/unhz.eu\/#organization\",\"name\":\"Universiteti \u201cHaxhi Zeka\u201d\",\"alternateName\":\"Universiteti Haxhi Zeka\",\"url\":\"https:\/\/unhz.eu\/\",\"logo\":{\"@type\":\"ImageObject\",\"inLanguage\":\"bs-BA\",\"@id\":\"https:\/\/unhz.eu\/#\/schema\/logo\/image\/\",\"url\":\"https:\/\/unhz.eu\/wp-content\/uploads\/2025\/04\/logo-unhz.webp\",\"contentUrl\":\"https:\/\/unhz.eu\/wp-content\/uploads\/2025\/04\/logo-unhz.webp\",\"width\":1024,\"height\":260,\"caption\":\"Universiteti \u201cHaxhi Zeka\u201d\"},\"image\":{\"@id\":\"https:\/\/unhz.eu\/#\/schema\/logo\/image\/\"},\"sameAs\":[\"https:\/\/www.facebook.com\/uni.haxhizeka\",\"https:\/\/x.com\/uni_haxhizeka\",\"https:\/\/www.linkedin.com\/school\/haxhi-zeka-university\",\"https:\/\/www.instagram.com\/uni_haxhizeka\/\"],\"description\":\"Universiteti \u201cHaxhi Zeka\u201d n\u00eb Pej\u00eb \u00ebsht\u00eb institucion publik i arsimit t\u00eb lart\u00eb, q\u00eb ofron studime bachelor, master dhe doktorat\u00eb n\u00eb fusha t\u00eb ndryshme si menaxhimi, turizmi, ekonomia, bujq\u00ebsia, arti dhe drejt\u00ebsia. Universiteti synon zhvillimin akademik, hulumtimin shkencor dhe kontributin n\u00eb komunitet.\",\"email\":\"info@unhz.eu\",\"telephone\":\"+38339410970\",\"legalName\":\"Universiteti \u201cHaxhi Zeka\u201d n\u00eb Pej\u00eb\",\"foundingDate\":\"2011-11-14\",\"numberOfEmployees\":{\"@type\":\"QuantitativeValue\",\"minValue\":\"201\",\"maxValue\":\"500\"}}]}<\/script>\n<!-- \/ Yoast SEO Premium plugin. -->","yoast_head_json":{"title":"Sh\u00ebrbimet - University Haxhi Zeka","robots":{"index":"index","follow":"follow","max-snippet":"max-snippet:-1","max-image-preview":"max-image-preview:large","max-video-preview":"max-video-preview:-1"},"canonical":"https:\/\/unhz.eu\/bs\/sherbimet\/","og_locale":"bs_BA","og_type":"article","og_title":"Sh\u00ebrbimet","og_description":"Subtitle Sh\u00ebrbimeve t\u00eb Zyr\u00ebs p\u00ebr Zhvillimin e Karrier\u00ebs \u2022 Ndihma p\u00ebr student\u00ebt q\u00eb t\u00eb planifikojn\u00eb,&hellip;","og_url":"https:\/\/unhz.eu\/bs\/sherbimet\/","og_site_name":"University Haxhi Zeka","article_publisher":"https:\/\/www.facebook.com\/uni.haxhizeka","article_modified_time":"2025-06-03T12:06:43+00:00","twitter_card":"summary_large_image","twitter_site":"@uni_haxhizeka","twitter_misc":{"Est. reading time":"5 minuta"},"schema":{"@context":"https:\/\/schema.org","@graph":[{"@type":"WebPage","@id":"https:\/\/unhz.eu\/sherbimet\/","url":"https:\/\/unhz.eu\/sherbimet\/","name":"Sh\u00ebrbimet - University Haxhi Zeka","isPartOf":{"@id":"https:\/\/unhz.eu\/#website"},"datePublished":"2024-05-28T13:23:27+00:00","dateModified":"2025-06-03T12:06:43+00:00","breadcrumb":{"@id":"https:\/\/unhz.eu\/sherbimet\/#breadcrumb"},"inLanguage":"bs-BA","potentialAction":[{"@type":"ReadAction","target":["https:\/\/unhz.eu\/sherbimet\/"]}]},{"@type":"BreadcrumbList","@id":"https:\/\/unhz.eu\/sherbimet\/#breadcrumb","itemListElement":[{"@type":"ListItem","position":1,"name":"Home","item":"https:\/\/unhz.eu\/"},{"@type":"ListItem","position":2,"name":"Sh\u00ebrbimet"}]},{"@type":"WebSite","@id":"https:\/\/unhz.eu\/#website","url":"https:\/\/unhz.eu\/","name":"Univerzitet &quot;Had\u017ei Zeka&quot;\u201c","description":"Posve\u0107eni kvaliteti, standardima i uspjehu","publisher":{"@id":"https:\/\/unhz.eu\/#organization"},"alternateName":"Universiteti Haxhi Zeka","potentialAction":[{"@type":"SearchAction","target":{"@type":"EntryPoint","urlTemplate":"https:\/\/unhz.eu\/?s={search_term_string}"},"query-input":{"@type":"PropertyValueSpecification","valueRequired":true,"valueName":"search_term_string"}}],"inLanguage":"bs-BA"},{"@type":"Organization","@id":"https:\/\/unhz.eu\/#organization","name":"Univerzitet &quot;Had\u017ei Zeka&quot;\u201c","alternateName":"Universiteti Haxhi Zeka","url":"https:\/\/unhz.eu\/","logo":{"@type":"ImageObject","inLanguage":"bs-BA","@id":"https:\/\/unhz.eu\/#\/schema\/logo\/image\/","url":"https:\/\/unhz.eu\/wp-content\/uploads\/2025\/04\/logo-unhz.webp","contentUrl":"https:\/\/unhz.eu\/wp-content\/uploads\/2025\/04\/logo-unhz.webp","width":1024,"height":260,"caption":"Universiteti \u201cHaxhi Zeka\u201d"},"image":{"@id":"https:\/\/unhz.eu\/#\/schema\/logo\/image\/"},"sameAs":["https:\/\/www.facebook.com\/uni.haxhizeka","https:\/\/x.com\/uni_haxhizeka","https:\/\/www.linkedin.com\/school\/haxhi-zeka-university","https:\/\/www.instagram.com\/uni_haxhizeka\/"],"description":"Univerzitet &quot;Had\u017ei Zeka&quot; u Pe\u0107i je javna visoko\u0161kolska ustanova koja nudi dodiplomske, master i doktorske studije u raznim oblastima kao \u0161to su menad\u017ement, turizam, ekonomija, poljoprivreda, umjetnost i pravo. Univerzitet ima za cilj akademski razvoj, nau\u010dna istra\u017eivanja i doprinos zajednici.","email":"info@unhz.eu","telephone":"+38339410970","legalName":"Universiteti \u201cHaxhi Zeka\u201d n\u00eb Pej\u00eb","foundingDate":"2011-11-14","numberOfEmployees":{"@type":"QuantitativeValue","minValue":"201","maxValue":"500"}}]}},"acf":[],"_links":{"self":[{"href":"https:\/\/unhz.eu\/bs\/wp-json\/wp\/v2\/pages\/47565","targetHints":{"allow":["GET"]}}],"collection":[{"href":"https:\/\/unhz.eu\/bs\/wp-json\/wp\/v2\/pages"}],"about":[{"href":"https:\/\/unhz.eu\/bs\/wp-json\/wp\/v2\/types\/page"}],"author":[{"embeddable":true,"href":"https:\/\/unhz.eu\/bs\/wp-json\/wp\/v2\/users\/1"}],"replies":[{"embeddable":true,"href":"https:\/\/unhz.eu\/bs\/wp-json\/wp\/v2\/comments?post=47565"}],"version-history":[{"count":1,"href":"https:\/\/unhz.eu\/bs\/wp-json\/wp\/v2\/pages\/47565\/revisions"}],"predecessor-version":[{"id":52645,"href":"https:\/\/unhz.eu\/bs\/wp-json\/wp\/v2\/pages\/47565\/revisions\/52645"}],"wp:attachment":[{"href":"https:\/\/unhz.eu\/bs\/wp-json\/wp\/v2\/media?parent=47565"}],"curies":[{"name":"radni list","href":"https:\/\/api.w.org\/{rel}","templated":true}]}}