{"id":24187,"date":"2024-04-30T08:49:21","date_gmt":"2024-04-30T08:49:21","guid":{"rendered":"https:\/\/unhz.eu\/?page_id=24187"},"modified":"2025-07-18T10:21:49","modified_gmt":"2025-07-18T08:21:49","slug":"kerkime-shkencore","status":"publish","type":"page","link":"https:\/\/unhz.eu\/bs\/kerkime-shkencore\/","title":{"rendered":"Nau\u010dno istra\u017eivanje"},"content":{"rendered":"<p><img decoding=\"async\" src=\"https:\/\/unhz.eu\/wp-content\/uploads\/2024\/04\/Logo-1-150x150-1.png\" alt=\"\" width=\"150\" height=\"150\" \/><\/p>\n<p><strong>Univerzitet &quot;Had\u017ei Zeka&quot;<\/strong><\/p>\n<p><strong>URED P<\/strong><strong>\u00cb<\/strong><strong>RK<\/strong><strong>\u00cb<\/strong><strong>NAU\u010cNI CILJEVI<\/strong><\/p>\n<p>U okviru brojnih aktivnosti koje Univerzitet \u201cHaxhi Zeka\u201d provodi, jedna od glavnih aktivnosti je funkcionalizacija Ureda za nau\u010dna istra\u017eivanja. Glavna svrha ovog ureda je identifikacija potreba i podsticanje akademskog osoblja za nau\u010dna istra\u017eivanja. Tako\u0111er, kroz aktivnosti ovog ureda, cilj je promovisanje kvaliteta u nau\u010dnom radu i podsticanje napredovanja u karijeri te nagra\u0111ivanje truda i posve\u0107enosti nau\u010dnih istra\u017eiva\u010da.<\/p>\n<p>Ured za nau\u010dna istra\u017eivanja je odgovoran za:<\/p>\n<ol type=\"1\">\n<li style=\"text-align: left\">Organizovanje i koordinacija rada Kancelarije za nau\u010dna istra\u017eivanja;<\/li>\n<li style=\"text-align: left\">Podr\u0161ka profesionalnom razvoju akademskog osoblja;<\/li>\n<li style=\"text-align: left\">Koordinacija rada na objavljivanju univerzitetskih ud\u017ebenika u skladu s Pravilnikom o publikacijama;<\/li>\n<li style=\"text-align: left\">Podr\u0161ka prijavama za male lokalne istra\u017eiva\u010dke projekte;<\/li>\n<li style=\"text-align: left\">Nadgledanje administracije i pra\u0107enje malih lokalnih istra\u017eiva\u010dkih projekata;<\/li>\n<li style=\"text-align: left\">Podr\u0161ka prijavama za finansijsku podr\u0161ku za objavljivanje nau\u010dnih radova u me\u0111unarodnim \u010dasopisima indeksiranim u Web of Science i SCOPUS;<\/li>\n<li style=\"text-align: left\">Podr\u0161ka prijavama za finansijsku podr\u0161ku za u\u010de\u0161\u0107e na me\u0111unarodnim nau\u010dnim konferencijama;<\/li>\n<li style=\"text-align: left\">Odr\u017eavanje istra\u017eiva\u010dke sekcije na slu\u017ebenoj web stranici institucije;<\/li>\n<li style=\"text-align: left\">Odr\u017eavanje baze podataka za nau\u010dne aktivnosti;<\/li>\n<li style=\"text-align: left\">Upravljanje i organizacija nagrade &quot;Najbolji rad godine&quot;, u saradnji sa Nau\u010dno-istra\u017eiva\u010dkom grupom;<\/li>\n<li style=\"text-align: left\">Upravljanje i organizacija nagrade &quot;Istra\u017eiva\u010d godine&quot;, u saradnji sa Nau\u010dno-istra\u017eiva\u010dkom grupom;<\/li>\n<li style=\"text-align: left\">Izrada i a\u017euriranje baze podataka o nau\u010dnim aktivnostima akademskog osoblja institucije;<\/li>\n<li style=\"text-align: left\">Prikupljanje informacija, analiza i raznih statisti\u010dkih izvje\u0161taja za potrebe institucije, vezanih za nau\u010dne aktivnosti akademskog osoblja;<\/li>\n<li style=\"text-align: left\">Koordinator Ureda za nau\u010dnoistra\u017eiva\u010dki rad operativno odgovara generalnom sekretaru, dok za stru\u010dna pitanja vezana za radne obaveze odgovara i koordinira rad sa prorektorom za nastavu, studentska pitanja i nau\u010dnoistra\u017eiva\u010dki rad.<\/li>\n<\/ol>\n<p>Sistematizacijom radnih mjesta, Kancelarija za nau\u010dna istra\u017eivanja trenutno se sastoji od Koordinatora za nau\u010dna istra\u017eivanja.<\/p>\n<p>Tijela odgovorna za nau\u010dnoistra\u017eiva\u010dke aktivnosti su:<\/p>\n<p><img fetchpriority=\"high\" decoding=\"async\" src=\"https:\/\/unhz.eu\/wp-content\/uploads\/2024\/04\/KSh.png\" alt=\"\" width=\"712\" height=\"105\" \/><\/p>","protected":false},"excerpt":{"rendered":"<p>UNIVERSITETI \u201cHAXHI ZEKA ZYRA P\u00cbR K\u00cbRKIME SHKENCORE N\u00eb kuad\u00ebr t\u00eb aktiviteteve t\u00eb shumta q\u00eb Universiteti&hellip;<\/p>","protected":false},"author":1,"featured_media":0,"parent":0,"menu_order":0,"comment_status":"closed","ping_status":"closed","template":"","meta":{"_acf_changed":false,"footnotes":""},"class_list":["post-24187","page","type-page","status-publish","hentry"],"yoast_head":"<!-- This site is optimized with the Yoast SEO Premium plugin v27.2 (Yoast SEO v27.2) - https:\/\/yoast.com\/product\/yoast-seo-premium-wordpress\/ -->\n<title>Kerkime Shkencore - University Haxhi Zeka<\/title>\n<meta name=\"description\" content=\"UHZ mb\u00ebshtet dhe promovon k\u00ebrkimet shkencore t\u00eb stafit akademik: mbledh raporte, publikime, projekte dhe pjes\u00ebmarrje n\u00eb konferenca.\" \/>\n<meta name=\"robots\" content=\"index, follow, max-snippet:-1, max-image-preview:large, max-video-preview:-1\" \/>\n<link rel=\"canonical\" href=\"https:\/\/unhz.eu\/bs\/kerkime-shkencore\/\" \/>\n<meta property=\"og:locale\" content=\"bs_BA\" \/>\n<meta property=\"og:type\" content=\"article\" \/>\n<meta property=\"og:title\" content=\"Kerkime Shkencore\" \/>\n<meta property=\"og:description\" content=\"UHZ mb\u00ebshtet dhe promovon k\u00ebrkimet shkencore t\u00eb stafit akademik: mbledh raporte, publikime, projekte dhe pjes\u00ebmarrje n\u00eb konferenca.\" \/>\n<meta property=\"og:url\" content=\"https:\/\/unhz.eu\/bs\/kerkime-shkencore\/\" \/>\n<meta property=\"og:site_name\" content=\"University Haxhi Zeka\" \/>\n<meta property=\"article:publisher\" content=\"https:\/\/www.facebook.com\/uni.haxhizeka\" \/>\n<meta property=\"article:modified_time\" content=\"2025-07-18T08:21:49+00:00\" \/>\n<meta property=\"og:image\" content=\"https:\/\/unhz.eu\/wp-content\/uploads\/2024\/04\/Logo-1-150x150-1.png\" \/>\n<meta name=\"twitter:card\" content=\"summary_large_image\" \/>\n<meta name=\"twitter:site\" content=\"@uni_haxhizeka\" \/>\n<meta name=\"twitter:label1\" content=\"Est. reading time\" \/>\n\t<meta name=\"twitter:data1\" content=\"2 minute\" \/>\n<script type=\"application\/ld+json\" class=\"yoast-schema-graph\">{\"@context\":\"https:\/\/schema.org\",\"@graph\":[{\"@type\":\"WebPage\",\"@id\":\"https:\/\/unhz.eu\/kerkime-shkencore\/\",\"url\":\"https:\/\/unhz.eu\/kerkime-shkencore\/\",\"name\":\"Kerkime Shkencore - University Haxhi Zeka\",\"isPartOf\":{\"@id\":\"https:\/\/unhz.eu\/#website\"},\"primaryImageOfPage\":{\"@id\":\"https:\/\/unhz.eu\/kerkime-shkencore\/#primaryimage\"},\"image\":{\"@id\":\"https:\/\/unhz.eu\/kerkime-shkencore\/#primaryimage\"},\"thumbnailUrl\":\"https:\/\/unhz.eu\/wp-content\/uploads\/2024\/04\/Logo-1-150x150-1.png\",\"datePublished\":\"2024-04-30T08:49:21+00:00\",\"dateModified\":\"2025-07-18T08:21:49+00:00\",\"description\":\"UHZ mb\u00ebshtet dhe promovon k\u00ebrkimet shkencore t\u00eb stafit akademik: mbledh raporte, publikime, projekte dhe pjes\u00ebmarrje n\u00eb konferenca.\",\"breadcrumb\":{\"@id\":\"https:\/\/unhz.eu\/kerkime-shkencore\/#breadcrumb\"},\"inLanguage\":\"bs-BA\",\"potentialAction\":[{\"@type\":\"ReadAction\",\"target\":[\"https:\/\/unhz.eu\/kerkime-shkencore\/\"]}]},{\"@type\":\"ImageObject\",\"inLanguage\":\"bs-BA\",\"@id\":\"https:\/\/unhz.eu\/kerkime-shkencore\/#primaryimage\",\"url\":\"https:\/\/unhz.eu\/wp-content\/uploads\/2024\/04\/Logo-1-150x150-1.png\",\"contentUrl\":\"https:\/\/unhz.eu\/wp-content\/uploads\/2024\/04\/Logo-1-150x150-1.png\"},{\"@type\":\"BreadcrumbList\",\"@id\":\"https:\/\/unhz.eu\/kerkime-shkencore\/#breadcrumb\",\"itemListElement\":[{\"@type\":\"ListItem\",\"position\":1,\"name\":\"Home\",\"item\":\"https:\/\/unhz.eu\/\"},{\"@type\":\"ListItem\",\"position\":2,\"name\":\"Kerkime Shkencore\"}]},{\"@type\":\"WebSite\",\"@id\":\"https:\/\/unhz.eu\/#website\",\"url\":\"https:\/\/unhz.eu\/\",\"name\":\"Universiteti \u201cHaxhi Zeka\u201d\",\"description\":\"I dedikuar p\u00ebr cil\u00ebsi, standarde dhe suksese\",\"publisher\":{\"@id\":\"https:\/\/unhz.eu\/#organization\"},\"alternateName\":\"Universiteti Haxhi Zeka\",\"potentialAction\":[{\"@type\":\"SearchAction\",\"target\":{\"@type\":\"EntryPoint\",\"urlTemplate\":\"https:\/\/unhz.eu\/?s={search_term_string}\"},\"query-input\":{\"@type\":\"PropertyValueSpecification\",\"valueRequired\":true,\"valueName\":\"search_term_string\"}}],\"inLanguage\":\"bs-BA\"},{\"@type\":\"Organization\",\"@id\":\"https:\/\/unhz.eu\/#organization\",\"name\":\"Universiteti \u201cHaxhi Zeka\u201d\",\"alternateName\":\"Universiteti Haxhi Zeka\",\"url\":\"https:\/\/unhz.eu\/\",\"logo\":{\"@type\":\"ImageObject\",\"inLanguage\":\"bs-BA\",\"@id\":\"https:\/\/unhz.eu\/#\/schema\/logo\/image\/\",\"url\":\"https:\/\/unhz.eu\/wp-content\/uploads\/2025\/04\/logo-unhz.webp\",\"contentUrl\":\"https:\/\/unhz.eu\/wp-content\/uploads\/2025\/04\/logo-unhz.webp\",\"width\":1024,\"height\":260,\"caption\":\"Universiteti \u201cHaxhi Zeka\u201d\"},\"image\":{\"@id\":\"https:\/\/unhz.eu\/#\/schema\/logo\/image\/\"},\"sameAs\":[\"https:\/\/www.facebook.com\/uni.haxhizeka\",\"https:\/\/x.com\/uni_haxhizeka\",\"https:\/\/www.linkedin.com\/school\/haxhi-zeka-university\",\"https:\/\/www.instagram.com\/uni_haxhizeka\/\"],\"description\":\"Universiteti \u201cHaxhi Zeka\u201d n\u00eb Pej\u00eb \u00ebsht\u00eb institucion publik i arsimit t\u00eb lart\u00eb, q\u00eb ofron studime bachelor, master dhe doktorat\u00eb n\u00eb fusha t\u00eb ndryshme si menaxhimi, turizmi, ekonomia, bujq\u00ebsia, arti dhe drejt\u00ebsia. Universiteti synon zhvillimin akademik, hulumtimin shkencor dhe kontributin n\u00eb komunitet.\",\"email\":\"info@unhz.eu\",\"telephone\":\"+38339410970\",\"legalName\":\"Universiteti \u201cHaxhi Zeka\u201d n\u00eb Pej\u00eb\",\"foundingDate\":\"2011-11-14\",\"numberOfEmployees\":{\"@type\":\"QuantitativeValue\",\"minValue\":\"201\",\"maxValue\":\"500\"}}]}<\/script>\n<!-- \/ Yoast SEO Premium plugin. -->","yoast_head_json":{"title":"Nau\u010dno istra\u017eivanje - Univerzitet Had\u017ei Zeka","description":"UHZ podr\u017eava i promovi\u0161e nau\u010dno-istra\u017eiva\u010dki rad akademskog osoblja: prikuplja izvje\u0161taje, publikacije, projekte i u\u010de\u0161\u0107e na konferencijama.","robots":{"index":"index","follow":"follow","max-snippet":"max-snippet:-1","max-image-preview":"max-image-preview:large","max-video-preview":"max-video-preview:-1"},"canonical":"https:\/\/unhz.eu\/bs\/kerkime-shkencore\/","og_locale":"bs_BA","og_type":"article","og_title":"Kerkime Shkencore","og_description":"UHZ mb\u00ebshtet dhe promovon k\u00ebrkimet shkencore t\u00eb stafit akademik: mbledh raporte, publikime, projekte dhe pjes\u00ebmarrje n\u00eb konferenca.","og_url":"https:\/\/unhz.eu\/bs\/kerkime-shkencore\/","og_site_name":"University Haxhi Zeka","article_publisher":"https:\/\/www.facebook.com\/uni.haxhizeka","article_modified_time":"2025-07-18T08:21:49+00:00","og_image":[{"url":"https:\/\/unhz.eu\/wp-content\/uploads\/2024\/04\/Logo-1-150x150-1.png","type":"","width":"","height":""}],"twitter_card":"summary_large_image","twitter_site":"@uni_haxhizeka","twitter_misc":{"Est. reading time":"2 minute"},"schema":{"@context":"https:\/\/schema.org","@graph":[{"@type":"WebPage","@id":"https:\/\/unhz.eu\/kerkime-shkencore\/","url":"https:\/\/unhz.eu\/kerkime-shkencore\/","name":"Nau\u010dno istra\u017eivanje - Univerzitet Had\u017ei Zeka","isPartOf":{"@id":"https:\/\/unhz.eu\/#website"},"primaryImageOfPage":{"@id":"https:\/\/unhz.eu\/kerkime-shkencore\/#primaryimage"},"image":{"@id":"https:\/\/unhz.eu\/kerkime-shkencore\/#primaryimage"},"thumbnailUrl":"https:\/\/unhz.eu\/wp-content\/uploads\/2024\/04\/Logo-1-150x150-1.png","datePublished":"2024-04-30T08:49:21+00:00","dateModified":"2025-07-18T08:21:49+00:00","description":"UHZ podr\u017eava i promovi\u0161e nau\u010dno-istra\u017eiva\u010dki rad akademskog osoblja: prikuplja izvje\u0161taje, publikacije, projekte i u\u010de\u0161\u0107e na konferencijama.","breadcrumb":{"@id":"https:\/\/unhz.eu\/kerkime-shkencore\/#breadcrumb"},"inLanguage":"bs-BA","potentialAction":[{"@type":"ReadAction","target":["https:\/\/unhz.eu\/kerkime-shkencore\/"]}]},{"@type":"ImageObject","inLanguage":"bs-BA","@id":"https:\/\/unhz.eu\/kerkime-shkencore\/#primaryimage","url":"https:\/\/unhz.eu\/wp-content\/uploads\/2024\/04\/Logo-1-150x150-1.png","contentUrl":"https:\/\/unhz.eu\/wp-content\/uploads\/2024\/04\/Logo-1-150x150-1.png"},{"@type":"BreadcrumbList","@id":"https:\/\/unhz.eu\/kerkime-shkencore\/#breadcrumb","itemListElement":[{"@type":"ListItem","position":1,"name":"Home","item":"https:\/\/unhz.eu\/"},{"@type":"ListItem","position":2,"name":"Kerkime Shkencore"}]},{"@type":"WebSite","@id":"https:\/\/unhz.eu\/#website","url":"https:\/\/unhz.eu\/","name":"Univerzitet &quot;Had\u017ei Zeka&quot;\u201c","description":"Posve\u0107eni kvaliteti, standardima i uspjehu","publisher":{"@id":"https:\/\/unhz.eu\/#organization"},"alternateName":"Universiteti Haxhi Zeka","potentialAction":[{"@type":"SearchAction","target":{"@type":"EntryPoint","urlTemplate":"https:\/\/unhz.eu\/?s={search_term_string}"},"query-input":{"@type":"PropertyValueSpecification","valueRequired":true,"valueName":"search_term_string"}}],"inLanguage":"bs-BA"},{"@type":"Organization","@id":"https:\/\/unhz.eu\/#organization","name":"Univerzitet &quot;Had\u017ei Zeka&quot;\u201c","alternateName":"Universiteti Haxhi Zeka","url":"https:\/\/unhz.eu\/","logo":{"@type":"ImageObject","inLanguage":"bs-BA","@id":"https:\/\/unhz.eu\/#\/schema\/logo\/image\/","url":"https:\/\/unhz.eu\/wp-content\/uploads\/2025\/04\/logo-unhz.webp","contentUrl":"https:\/\/unhz.eu\/wp-content\/uploads\/2025\/04\/logo-unhz.webp","width":1024,"height":260,"caption":"Universiteti \u201cHaxhi Zeka\u201d"},"image":{"@id":"https:\/\/unhz.eu\/#\/schema\/logo\/image\/"},"sameAs":["https:\/\/www.facebook.com\/uni.haxhizeka","https:\/\/x.com\/uni_haxhizeka","https:\/\/www.linkedin.com\/school\/haxhi-zeka-university","https:\/\/www.instagram.com\/uni_haxhizeka\/"],"description":"Univerzitet &quot;Had\u017ei Zeka&quot; u Pe\u0107i je javna visoko\u0161kolska ustanova koja nudi dodiplomske, master i doktorske studije u raznim oblastima kao \u0161to su menad\u017ement, turizam, ekonomija, poljoprivreda, umjetnost i pravo. Univerzitet ima za cilj akademski razvoj, nau\u010dna istra\u017eivanja i doprinos zajednici.","email":"info@unhz.eu","telephone":"+38339410970","legalName":"Universiteti \u201cHaxhi Zeka\u201d n\u00eb Pej\u00eb","foundingDate":"2011-11-14","numberOfEmployees":{"@type":"QuantitativeValue","minValue":"201","maxValue":"500"}}]}},"acf":[],"_links":{"self":[{"href":"https:\/\/unhz.eu\/bs\/wp-json\/wp\/v2\/pages\/24187","targetHints":{"allow":["GET"]}}],"collection":[{"href":"https:\/\/unhz.eu\/bs\/wp-json\/wp\/v2\/pages"}],"about":[{"href":"https:\/\/unhz.eu\/bs\/wp-json\/wp\/v2\/types\/page"}],"author":[{"embeddable":true,"href":"https:\/\/unhz.eu\/bs\/wp-json\/wp\/v2\/users\/1"}],"replies":[{"embeddable":true,"href":"https:\/\/unhz.eu\/bs\/wp-json\/wp\/v2\/comments?post=24187"}],"version-history":[{"count":1,"href":"https:\/\/unhz.eu\/bs\/wp-json\/wp\/v2\/pages\/24187\/revisions"}],"predecessor-version":[{"id":56755,"href":"https:\/\/unhz.eu\/bs\/wp-json\/wp\/v2\/pages\/24187\/revisions\/56755"}],"wp:attachment":[{"href":"https:\/\/unhz.eu\/bs\/wp-json\/wp\/v2\/media?parent=24187"}],"curies":[{"name":"radni list","href":"https:\/\/api.w.org\/{rel}","templated":true}]}}