{"id":23870,"date":"2024-04-29T11:28:23","date_gmt":"2024-04-29T11:28:23","guid":{"rendered":"https:\/\/unhz.eu\/?page_id=23870"},"modified":"2025-07-29T11:00:06","modified_gmt":"2025-07-29T09:00:06","slug":"permiresimi-i-kultures-se-kerkimit-ne-arsimin-e-larte-ne-kosove","status":"publish","type":"page","link":"https:\/\/unhz.eu\/bs\/permiresimi-i-kultures-se-kerkimit-ne-arsimin-e-larte-ne-kosove\/","title":{"rendered":"P\u00ebrmir\u00ebsimi i kultur\u00ebs s\u00eb k\u00ebrkimit n\u00eb arsimin e lart\u00eb n\u00eb Kosov\u00eb"},"content":{"rendered":"<div data-elementor-type=\"wp-page\" data-elementor-id=\"23870\" class=\"elementor elementor-23870\" data-elementor-post-type=\"page\">\n\t\t\t\t\t\t<section class=\"elementor-section elementor-top-section elementor-element elementor-element-6ec0857 elementor-section-boxed elementor-section-height-default elementor-section-height-default sc_fly_static\" data-id=\"6ec0857\" data-element_type=\"section\" data-e-type=\"section\">\n\t\t\t\t\t\t<div class=\"elementor-container elementor-column-gap-extended\">\n\t\t\t\t\t<div class=\"elementor-column elementor-col-100 elementor-top-column elementor-element elementor-element-32fa0c4 sc_content_align_inherit sc_layouts_column_icons_position_left sc_fly_static\" data-id=\"32fa0c4\" data-element_type=\"column\" data-e-type=\"column\">\n\t\t\t<div class=\"elementor-widget-wrap elementor-element-populated\">\n\t\t\t\t\t\t<div class=\"elementor-element elementor-element-3889a2c sc_fly_static elementor-widget elementor-widget-trx_sc_title\" data-id=\"3889a2c\" data-element_type=\"widget\" data-e-type=\"widget\" data-widget_type=\"trx_sc_title.default\">\n\t\t\t\t<div class=\"elementor-widget-container\">\n\t\t\t\t\t<div\t\tclass=\"sc_title sc_title_default\" ><span class=\"sc_item_subtitle sc_title_subtitle sc_item_subtitle_above sc_item_title_style_default\">O nama<\/span><h4 class=\"sc_item_title sc_title_title sc_item_title_style_default sc_item_title_tag\"\n\t\t\t><span class=\"sc_item_title_text\">P\u00ebrmir\u00ebsimit t\u00eb kultur\u00ebs s\u00eb k\u00ebrkimit n\u00eb arsimin e lart\u00eb n\u00eb Kosov\u00eb<\/span><\/h4><\/div>\t\t\t\t<\/div>\n\t\t\t\t<\/div>\n\t\t\t\t<div class=\"elementor-element elementor-element-a3c6775 sc_fly_static elementor-widget elementor-widget-spacer\" data-id=\"a3c6775\" data-element_type=\"widget\" data-e-type=\"widget\" data-widget_type=\"spacer.default\">\n\t\t\t\t<div class=\"elementor-widget-container\">\n\t\t\t\t\t\t\t<div class=\"elementor-spacer\">\n\t\t\t<div class=\"elementor-spacer-inner\"><\/div>\n\t\t<\/div>\n\t\t\t\t\t\t<\/div>\n\t\t\t\t<\/div>\n\t\t\t\t\t<\/div>\n\t\t<\/div>\n\t\t\t\t\t<\/div>\n\t\t<\/section>\n\t\t\t\t<section class=\"elementor-section elementor-top-section elementor-element elementor-element-448cfea elementor-section-boxed elementor-section-height-default elementor-section-height-default sc_fly_static\" data-id=\"448cfea\" data-element_type=\"section\" data-e-type=\"section\">\n\t\t\t\t\t\t<div class=\"elementor-container elementor-column-gap-extended\">\n\t\t\t\t\t<div class=\"elementor-column elementor-col-100 elementor-top-column elementor-element elementor-element-40684f1 sc_content_align_inherit sc_layouts_column_icons_position_left sc_fly_static\" data-id=\"40684f1\" data-element_type=\"column\" data-e-type=\"column\">\n\t\t\t<div class=\"elementor-widget-wrap elementor-element-populated\">\n\t\t\t\t\t\t<div class=\"elementor-element elementor-element-870b0d1 sc_fly_static elementor-widget elementor-widget-text-editor\" data-id=\"870b0d1\" data-element_type=\"widget\" data-e-type=\"widget\" data-widget_type=\"text-editor.default\">\n\t\t\t\t<div class=\"elementor-widget-container\">\n\t\t\t\t\t\t\t\t\t<table class=\"mtr-table mtr-tr-td\"><tbody><tr><td class=\"mtr-td-tag\" data-mtr-content=\"  Titulli  i Projektit  \"><div class=\"mtr-cell-content\"><strong>Titulli i Projektit<\/strong><\/div><\/td><td class=\"mtr-td-tag\" data-mtr-content=\"  P\u00ebrmir\u00ebsimi i kultur\u00ebs s\u00eb k\u00ebrkimit n\u00eb arsimin e lart\u00eb n\u00eb Kosov\u00eb   \"><div class=\"mtr-cell-content\"><strong>P\u00ebrmir\u00ebsimi i kultur\u00ebs s\u00eb k\u00ebrkimit n\u00eb arsimin e lart\u00eb n\u00eb Kosov\u00eb<\/strong><\/div><\/td><\/tr><tr><td class=\"mtr-td-tag\" data-mtr-content=\"  Titulli  i Projektit  \"><div class=\"mtr-cell-content\">Titulli i shkurt\u00ebr dhe numri<\/div><\/td><td class=\"mtr-td-tag\" data-mtr-content=\"  P\u00ebrmir\u00ebsimi i kultur\u00ebs s\u00eb k\u00ebrkimit n\u00eb arsimin e lart\u00eb n\u00eb Kosov\u00eb   \"><div class=\"mtr-cell-content\">Projekti K\u00ebrkimor<\/div><\/td><\/tr><tr><td class=\"mtr-td-tag\" data-mtr-content=\"  Titulli  i Projektit  \"><div class=\"mtr-cell-content\">Periudha e zbatimit<\/div><\/td><td class=\"mtr-td-tag\" data-mtr-content=\"  P\u00ebrmir\u00ebsimi i kultur\u00ebs s\u00eb k\u00ebrkimit n\u00eb arsimin e lart\u00eb n\u00eb Kosov\u00eb   \"><div class=\"mtr-cell-content\">2019-2022<\/div><\/td><\/tr><tr><td class=\"mtr-td-tag\" data-mtr-content=\"  Titulli  i Projektit  \"><div class=\"mtr-cell-content\">Partner\u00ebt nd\u00ebrkomb\u00ebtar\u00eb<\/div><\/td><td class=\"mtr-td-tag\" data-mtr-content=\"  P\u00ebrmir\u00ebsimi i kultur\u00ebs s\u00eb k\u00ebrkimit n\u00eb arsimin e lart\u00eb n\u00eb Kosov\u00eb   \"><div class=\"mtr-cell-content\">Universiteti i Cote d\u2019Azur, Universiteti i Ljubljanes, Universiteti i Sofjes, Universiteti i Perugis, Universiteti i Tiran\u00ebs, UET, Universiteti i Korces, etj.<\/div><\/td><\/tr><tr><td class=\"mtr-td-tag\" data-mtr-content=\"  Titulli  i Projektit  \"><div class=\"mtr-cell-content\">Universitetet p\u00ebrfituese<\/div><\/td><td class=\"mtr-td-tag\" data-mtr-content=\"  P\u00ebrmir\u00ebsimi i kultur\u00ebs s\u00eb k\u00ebrkimit n\u00eb arsimin e lart\u00eb n\u00eb Kosov\u00eb   \"><div class=\"mtr-cell-content\">Universitetet Publike t\u00eb Kosov\u00ebs, UBT, Kolegji IBCM, MASHT.<\/div><\/td><\/tr><tr><td class=\"mtr-td-tag\" data-mtr-content=\"  Titulli  i Projektit  \"><div class=\"mtr-cell-content\">Q\u00ebllimi i projektit<\/div><\/td><td class=\"mtr-td-tag\" data-mtr-content=\"  P\u00ebrmir\u00ebsimi i kultur\u00ebs s\u00eb k\u00ebrkimit n\u00eb arsimin e lart\u00eb n\u00eb Kosov\u00eb   \"><div class=\"mtr-cell-content\">Q\u00ebllimi i p\u00ebrgjithsh\u00ebm i projektit \u00ebsht\u00eb t\u00eb mb\u00ebshtes\u00eb forcimin e kultur\u00ebs s\u00eb k\u00ebrkimit n\u00eb institucionet e arsimit t\u00eb lart\u00eb n\u00eb Kosov\u00eb duke mb\u00ebshtetur forcimin e politikave dhe praktikave ekzistuese, si dhe krijimin dhe instalimin e rregulloreve dhe mekanizmave t\u00eb rinj n\u00eb institucionet p\u00ebrfituese t\u00eb projektit n\u00eb Kosov\u00eb. \u00a0 Kjo pritet t\u00eb p\u00ebrmbushet duke arritur objektivat specifike t\u00eb m\u00ebposhtme: \u00a0 SO # 1: Vler\u00ebsimi i gjendjes aktuale t\u00eb kapaciteteve k\u00ebrkimore n\u00eb sektorin e arsimit t\u00eb lart\u00eb n\u00eb Kosov\u00eb; Fillimisht \u00ebsht\u00eb e nevojshme p\u00ebr t\u00eb marr\u00eb nj\u00eb panoram\u00eb t\u00eb qart\u00eb t\u00eb koh\u00ebve t\u00eb fundit t\u00eb gjendjes aktuale t\u00eb situat\u00ebs s\u00eb hulumtimit n\u00eb Kosov\u00eb, p\u00ebr sa i p\u00ebrket studiuesve t\u00eb tanish\u00ebm, numrit t\u00eb botimeve t\u00eb botuara nd\u00ebrkomb\u00ebtarisht n\u00eb fusha t\u00eb caktuara t\u00eb p\u00ebrpar\u00ebsive t\u00eb k\u00ebrkimit, vler\u00ebsimin e rregulloreve ekzistuese t\u00eb universitetit p\u00ebr k\u00ebrkimin dhe modalitetet p\u00ebr rishikimin e tyre, si dhe aspekte t\u00eb tjera (si\u00e7 jan\u00eb studiuesit sfidojn\u00eb t\u00eb zhvillojn\u00eb aktivitete k\u00ebrkimore dhe pun\u00eb k\u00ebrkimore) q\u00eb do t\u00eb sigurojn\u00eb nj\u00eb situat\u00eb m\u00eb t\u00eb qart\u00eb q\u00eb do t\u00eb udh\u00ebzoj\u00eb zhvillimin dhe instalimin e rezultateve t\u00eb projektit n\u00eb nj\u00eb m\u00ebnyr\u00eb m\u00eb konsistente. \u00a0 SO # 2: Rritja e stimulimit dhe mb\u00ebshtetjes s\u00eb k\u00ebrkimit duke themeluar zyra \/ qendra universitare dhe planet e tyre strategjike p\u00ebr t\u00eb mb\u00ebshtetur aktivitete t\u00eb vazhdueshme k\u00ebrkimore midis institucioneve t\u00eb tyre. Meqen\u00ebse universitetet n\u00eb Kosov\u00eb (p\u00ebrve\u00e7 Universitetit t\u00eb Prishtin\u00ebs) nuk kan\u00eb krijuar ende zyr\u00eb k\u00ebrkimore dhe kan\u00eb hartuar plane strategjike t\u00eb k\u00ebrkimit, ky objektiv synon t\u00eb mb\u00ebshtes\u00eb universitetet n\u00eb trajtimin e k\u00ebtyre mang\u00ebsive. \u00a0 SO # 3: P\u00ebrmir\u00ebsimi i strategjis\u00eb universitare p\u00ebr publikimin e pun\u00ebs k\u00ebrkimore shkencore p\u00ebrmes zhvillimit dhe aprovimit t\u00eb standardeve t\u00eb njohura nd\u00ebrkomb\u00ebtarisht p\u00ebr revistat shkencore, si dhe krijimin e revistave shkencore nd\u00ebrinstitucionale n\u00eb prioritetet kryesore t\u00eb k\u00ebrkimit n\u00eb Kosov\u00eb;<\/div><\/td><\/tr><\/tbody><\/table>\t\t\t\t\t\t\t\t<\/div>\n\t\t\t\t<\/div>\n\t\t\t\t\t<\/div>\n\t\t<\/div>\n\t\t\t\t\t<\/div>\n\t\t<\/section>\n\t\t\t\t<\/div>","protected":false},"excerpt":{"rendered":"<p>Rreth P\u00ebrmir\u00ebsimit t\u00eb kultur\u00ebs s\u00eb k\u00ebrkimit n\u00eb arsimin e lart\u00eb n\u00eb Kosov\u00eb Titulli i Projektit&hellip;<\/p>","protected":false},"author":1,"featured_media":50754,"parent":0,"menu_order":0,"comment_status":"closed","ping_status":"closed","template":"","meta":{"_acf_changed":false,"footnotes":""},"class_list":["post-23870","page","type-page","status-publish","has-post-thumbnail","hentry"],"yoast_head":"<!-- This site is optimized with the Yoast SEO Premium plugin v27.2 (Yoast SEO v27.2) - https:\/\/yoast.com\/product\/yoast-seo-premium-wordpress\/ -->\n<title>P\u00ebrmir\u00ebsimi i kultur\u00ebs s\u00eb k\u00ebrkimit n\u00eb arsimin e lart\u00eb n\u00eb Kosov\u00eb - University Haxhi Zeka<\/title>\n<meta name=\"description\" content=\"Projekti \u201cP\u00ebrmir\u00ebsimi i kultur\u00ebs s\u00eb k\u00ebrkimit n\u00eb arsimin e lart\u00eb n\u00eb Kosov\u00eb\u201d mb\u00ebshtet forcimin e politikave dhe praktikave k\u00ebrkimore n\u00eb institucionet e arsimit t\u00eb lart\u00eb n\u00eb Kosov\u00eb.\" \/>\n<meta name=\"robots\" content=\"index, follow, max-snippet:-1, max-image-preview:large, max-video-preview:-1\" \/>\n<link rel=\"canonical\" href=\"https:\/\/unhz.eu\/bs\/permiresimi-i-kultures-se-kerkimit-ne-arsimin-e-larte-ne-kosove\/\" \/>\n<meta property=\"og:locale\" content=\"bs_BA\" \/>\n<meta property=\"og:type\" content=\"article\" \/>\n<meta property=\"og:title\" content=\"P\u00ebrmir\u00ebsimi i kultur\u00ebs s\u00eb k\u00ebrkimit n\u00eb arsimin e lart\u00eb n\u00eb Kosov\u00eb\" \/>\n<meta property=\"og:description\" content=\"Projekti \u201cP\u00ebrmir\u00ebsimi i kultur\u00ebs s\u00eb k\u00ebrkimit n\u00eb arsimin e lart\u00eb n\u00eb Kosov\u00eb\u201d mb\u00ebshtet forcimin e politikave dhe praktikave k\u00ebrkimore n\u00eb institucionet e arsimit t\u00eb lart\u00eb n\u00eb Kosov\u00eb.\" \/>\n<meta property=\"og:url\" content=\"https:\/\/unhz.eu\/bs\/permiresimi-i-kultures-se-kerkimit-ne-arsimin-e-larte-ne-kosove\/\" \/>\n<meta property=\"og:site_name\" content=\"University Haxhi Zeka\" \/>\n<meta property=\"article:publisher\" content=\"https:\/\/www.facebook.com\/uni.haxhizeka\" \/>\n<meta property=\"article:modified_time\" content=\"2025-07-29T09:00:06+00:00\" \/>\n<meta property=\"og:image\" content=\"https:\/\/unhz.eu\/wp-content\/uploads\/2025\/04\/Dizajn-me-logo-te-UHZ.webp\" \/>\n\t<meta property=\"og:image:width\" content=\"1000\" \/>\n\t<meta property=\"og:image:height\" content=\"1000\" \/>\n\t<meta property=\"og:image:type\" content=\"image\/webp\" \/>\n<meta name=\"twitter:card\" content=\"summary_large_image\" \/>\n<meta name=\"twitter:site\" content=\"@uni_haxhizeka\" \/>\n<meta name=\"twitter:label1\" content=\"Est. reading time\" \/>\n\t<meta name=\"twitter:data1\" content=\"2 minute\" \/>\n<script type=\"application\/ld+json\" class=\"yoast-schema-graph\">{\"@context\":\"https:\/\/schema.org\",\"@graph\":[{\"@type\":\"WebPage\",\"@id\":\"https:\/\/unhz.eu\/permiresimi-i-kultures-se-kerkimit-ne-arsimin-e-larte-ne-kosove\/\",\"url\":\"https:\/\/unhz.eu\/permiresimi-i-kultures-se-kerkimit-ne-arsimin-e-larte-ne-kosove\/\",\"name\":\"P\u00ebrmir\u00ebsimi i kultur\u00ebs s\u00eb k\u00ebrkimit n\u00eb arsimin e lart\u00eb n\u00eb Kosov\u00eb - University Haxhi Zeka\",\"isPartOf\":{\"@id\":\"https:\/\/unhz.eu\/#website\"},\"primaryImageOfPage\":{\"@id\":\"https:\/\/unhz.eu\/permiresimi-i-kultures-se-kerkimit-ne-arsimin-e-larte-ne-kosove\/#primaryimage\"},\"image\":{\"@id\":\"https:\/\/unhz.eu\/permiresimi-i-kultures-se-kerkimit-ne-arsimin-e-larte-ne-kosove\/#primaryimage\"},\"thumbnailUrl\":\"https:\/\/unhz.eu\/wp-content\/uploads\/2025\/04\/Dizajn-me-logo-te-UHZ.webp\",\"datePublished\":\"2024-04-29T11:28:23+00:00\",\"dateModified\":\"2025-07-29T09:00:06+00:00\",\"description\":\"Projekti \u201cP\u00ebrmir\u00ebsimi i kultur\u00ebs s\u00eb k\u00ebrkimit n\u00eb arsimin e lart\u00eb n\u00eb Kosov\u00eb\u201d mb\u00ebshtet forcimin e politikave dhe praktikave k\u00ebrkimore n\u00eb institucionet e arsimit t\u00eb lart\u00eb n\u00eb Kosov\u00eb.\",\"breadcrumb\":{\"@id\":\"https:\/\/unhz.eu\/permiresimi-i-kultures-se-kerkimit-ne-arsimin-e-larte-ne-kosove\/#breadcrumb\"},\"inLanguage\":\"bs-BA\",\"potentialAction\":[{\"@type\":\"ReadAction\",\"target\":[\"https:\/\/unhz.eu\/permiresimi-i-kultures-se-kerkimit-ne-arsimin-e-larte-ne-kosove\/\"]}]},{\"@type\":\"ImageObject\",\"inLanguage\":\"bs-BA\",\"@id\":\"https:\/\/unhz.eu\/permiresimi-i-kultures-se-kerkimit-ne-arsimin-e-larte-ne-kosove\/#primaryimage\",\"url\":\"https:\/\/unhz.eu\/wp-content\/uploads\/2025\/04\/Dizajn-me-logo-te-UHZ.webp\",\"contentUrl\":\"https:\/\/unhz.eu\/wp-content\/uploads\/2025\/04\/Dizajn-me-logo-te-UHZ.webp\",\"width\":1000,\"height\":1000,\"caption\":\"Universiteti Haxhi Zeka, UHZ logo me background te kuq\"},{\"@type\":\"BreadcrumbList\",\"@id\":\"https:\/\/unhz.eu\/permiresimi-i-kultures-se-kerkimit-ne-arsimin-e-larte-ne-kosove\/#breadcrumb\",\"itemListElement\":[{\"@type\":\"ListItem\",\"position\":1,\"name\":\"Home\",\"item\":\"https:\/\/unhz.eu\/\"},{\"@type\":\"ListItem\",\"position\":2,\"name\":\"P\u00ebrmir\u00ebsimi i kultur\u00ebs s\u00eb k\u00ebrkimit n\u00eb arsimin e lart\u00eb n\u00eb Kosov\u00eb\"}]},{\"@type\":\"WebSite\",\"@id\":\"https:\/\/unhz.eu\/#website\",\"url\":\"https:\/\/unhz.eu\/\",\"name\":\"Universiteti \u201cHaxhi Zeka\u201d\",\"description\":\"I dedikuar p\u00ebr cil\u00ebsi, standarde dhe suksese\",\"publisher\":{\"@id\":\"https:\/\/unhz.eu\/#organization\"},\"alternateName\":\"Universiteti Haxhi Zeka\",\"potentialAction\":[{\"@type\":\"SearchAction\",\"target\":{\"@type\":\"EntryPoint\",\"urlTemplate\":\"https:\/\/unhz.eu\/?s={search_term_string}\"},\"query-input\":{\"@type\":\"PropertyValueSpecification\",\"valueRequired\":true,\"valueName\":\"search_term_string\"}}],\"inLanguage\":\"bs-BA\"},{\"@type\":\"Organization\",\"@id\":\"https:\/\/unhz.eu\/#organization\",\"name\":\"Universiteti \u201cHaxhi Zeka\u201d\",\"alternateName\":\"Universiteti Haxhi Zeka\",\"url\":\"https:\/\/unhz.eu\/\",\"logo\":{\"@type\":\"ImageObject\",\"inLanguage\":\"bs-BA\",\"@id\":\"https:\/\/unhz.eu\/#\/schema\/logo\/image\/\",\"url\":\"https:\/\/unhz.eu\/wp-content\/uploads\/2025\/04\/logo-unhz.webp\",\"contentUrl\":\"https:\/\/unhz.eu\/wp-content\/uploads\/2025\/04\/logo-unhz.webp\",\"width\":1024,\"height\":260,\"caption\":\"Universiteti \u201cHaxhi Zeka\u201d\"},\"image\":{\"@id\":\"https:\/\/unhz.eu\/#\/schema\/logo\/image\/\"},\"sameAs\":[\"https:\/\/www.facebook.com\/uni.haxhizeka\",\"https:\/\/x.com\/uni_haxhizeka\",\"https:\/\/www.linkedin.com\/school\/haxhi-zeka-university\",\"https:\/\/www.instagram.com\/uni_haxhizeka\/\"],\"description\":\"Universiteti \u201cHaxhi Zeka\u201d n\u00eb Pej\u00eb \u00ebsht\u00eb institucion publik i arsimit t\u00eb lart\u00eb, q\u00eb ofron studime bachelor, master dhe doktorat\u00eb n\u00eb fusha t\u00eb ndryshme si menaxhimi, turizmi, ekonomia, bujq\u00ebsia, arti dhe drejt\u00ebsia. Universiteti synon zhvillimin akademik, hulumtimin shkencor dhe kontributin n\u00eb komunitet.\",\"email\":\"info@unhz.eu\",\"telephone\":\"+38339410970\",\"legalName\":\"Universiteti \u201cHaxhi Zeka\u201d n\u00eb Pej\u00eb\",\"foundingDate\":\"2011-11-14\",\"numberOfEmployees\":{\"@type\":\"QuantitativeValue\",\"minValue\":\"201\",\"maxValue\":\"500\"}}]}<\/script>\n<!-- \/ Yoast SEO Premium plugin. -->","yoast_head_json":{"title":"P\u00ebrmir\u00ebsimi i kultur\u00ebs s\u00eb k\u00ebrkimit n\u00eb arsimin e lart\u00eb n\u00eb Kosov\u00eb - University Haxhi Zeka","description":"Projekti \u201cP\u00ebrmir\u00ebsimi i kultur\u00ebs s\u00eb k\u00ebrkimit n\u00eb arsimin e lart\u00eb n\u00eb Kosov\u00eb\u201d mb\u00ebshtet forcimin e politikave dhe praktikave k\u00ebrkimore n\u00eb institucionet e arsimit t\u00eb lart\u00eb n\u00eb Kosov\u00eb.","robots":{"index":"index","follow":"follow","max-snippet":"max-snippet:-1","max-image-preview":"max-image-preview:large","max-video-preview":"max-video-preview:-1"},"canonical":"https:\/\/unhz.eu\/bs\/permiresimi-i-kultures-se-kerkimit-ne-arsimin-e-larte-ne-kosove\/","og_locale":"bs_BA","og_type":"article","og_title":"P\u00ebrmir\u00ebsimi i kultur\u00ebs s\u00eb k\u00ebrkimit n\u00eb arsimin e lart\u00eb n\u00eb Kosov\u00eb","og_description":"Projekti \u201cP\u00ebrmir\u00ebsimi i kultur\u00ebs s\u00eb k\u00ebrkimit n\u00eb arsimin e lart\u00eb n\u00eb Kosov\u00eb\u201d mb\u00ebshtet forcimin e politikave dhe praktikave k\u00ebrkimore n\u00eb institucionet e arsimit t\u00eb lart\u00eb n\u00eb Kosov\u00eb.","og_url":"https:\/\/unhz.eu\/bs\/permiresimi-i-kultures-se-kerkimit-ne-arsimin-e-larte-ne-kosove\/","og_site_name":"University Haxhi Zeka","article_publisher":"https:\/\/www.facebook.com\/uni.haxhizeka","article_modified_time":"2025-07-29T09:00:06+00:00","og_image":[{"width":1000,"height":1000,"url":"https:\/\/unhz.eu\/wp-content\/uploads\/2025\/04\/Dizajn-me-logo-te-UHZ.webp","type":"image\/webp"}],"twitter_card":"summary_large_image","twitter_site":"@uni_haxhizeka","twitter_misc":{"Est. reading time":"2 minute"},"schema":{"@context":"https:\/\/schema.org","@graph":[{"@type":"WebPage","@id":"https:\/\/unhz.eu\/permiresimi-i-kultures-se-kerkimit-ne-arsimin-e-larte-ne-kosove\/","url":"https:\/\/unhz.eu\/permiresimi-i-kultures-se-kerkimit-ne-arsimin-e-larte-ne-kosove\/","name":"P\u00ebrmir\u00ebsimi i kultur\u00ebs s\u00eb k\u00ebrkimit n\u00eb arsimin e lart\u00eb n\u00eb Kosov\u00eb - University Haxhi Zeka","isPartOf":{"@id":"https:\/\/unhz.eu\/#website"},"primaryImageOfPage":{"@id":"https:\/\/unhz.eu\/permiresimi-i-kultures-se-kerkimit-ne-arsimin-e-larte-ne-kosove\/#primaryimage"},"image":{"@id":"https:\/\/unhz.eu\/permiresimi-i-kultures-se-kerkimit-ne-arsimin-e-larte-ne-kosove\/#primaryimage"},"thumbnailUrl":"https:\/\/unhz.eu\/wp-content\/uploads\/2025\/04\/Dizajn-me-logo-te-UHZ.webp","datePublished":"2024-04-29T11:28:23+00:00","dateModified":"2025-07-29T09:00:06+00:00","description":"Projekti \u201cP\u00ebrmir\u00ebsimi i kultur\u00ebs s\u00eb k\u00ebrkimit n\u00eb arsimin e lart\u00eb n\u00eb Kosov\u00eb\u201d mb\u00ebshtet forcimin e politikave dhe praktikave k\u00ebrkimore n\u00eb institucionet e arsimit t\u00eb lart\u00eb n\u00eb Kosov\u00eb.","breadcrumb":{"@id":"https:\/\/unhz.eu\/permiresimi-i-kultures-se-kerkimit-ne-arsimin-e-larte-ne-kosove\/#breadcrumb"},"inLanguage":"bs-BA","potentialAction":[{"@type":"ReadAction","target":["https:\/\/unhz.eu\/permiresimi-i-kultures-se-kerkimit-ne-arsimin-e-larte-ne-kosove\/"]}]},{"@type":"ImageObject","inLanguage":"bs-BA","@id":"https:\/\/unhz.eu\/permiresimi-i-kultures-se-kerkimit-ne-arsimin-e-larte-ne-kosove\/#primaryimage","url":"https:\/\/unhz.eu\/wp-content\/uploads\/2025\/04\/Dizajn-me-logo-te-UHZ.webp","contentUrl":"https:\/\/unhz.eu\/wp-content\/uploads\/2025\/04\/Dizajn-me-logo-te-UHZ.webp","width":1000,"height":1000,"caption":"Universiteti Haxhi Zeka, UHZ logo me background te kuq"},{"@type":"BreadcrumbList","@id":"https:\/\/unhz.eu\/permiresimi-i-kultures-se-kerkimit-ne-arsimin-e-larte-ne-kosove\/#breadcrumb","itemListElement":[{"@type":"ListItem","position":1,"name":"Home","item":"https:\/\/unhz.eu\/"},{"@type":"ListItem","position":2,"name":"P\u00ebrmir\u00ebsimi i kultur\u00ebs s\u00eb k\u00ebrkimit n\u00eb arsimin e lart\u00eb n\u00eb Kosov\u00eb"}]},{"@type":"WebSite","@id":"https:\/\/unhz.eu\/#website","url":"https:\/\/unhz.eu\/","name":"Univerzitet &quot;Had\u017ei Zeka&quot;\u201c","description":"Posve\u0107eni kvaliteti, standardima i uspjehu","publisher":{"@id":"https:\/\/unhz.eu\/#organization"},"alternateName":"Universiteti Haxhi Zeka","potentialAction":[{"@type":"SearchAction","target":{"@type":"EntryPoint","urlTemplate":"https:\/\/unhz.eu\/?s={search_term_string}"},"query-input":{"@type":"PropertyValueSpecification","valueRequired":true,"valueName":"search_term_string"}}],"inLanguage":"bs-BA"},{"@type":"Organization","@id":"https:\/\/unhz.eu\/#organization","name":"Univerzitet &quot;Had\u017ei Zeka&quot;\u201c","alternateName":"Universiteti Haxhi Zeka","url":"https:\/\/unhz.eu\/","logo":{"@type":"ImageObject","inLanguage":"bs-BA","@id":"https:\/\/unhz.eu\/#\/schema\/logo\/image\/","url":"https:\/\/unhz.eu\/wp-content\/uploads\/2025\/04\/logo-unhz.webp","contentUrl":"https:\/\/unhz.eu\/wp-content\/uploads\/2025\/04\/logo-unhz.webp","width":1024,"height":260,"caption":"Universiteti \u201cHaxhi Zeka\u201d"},"image":{"@id":"https:\/\/unhz.eu\/#\/schema\/logo\/image\/"},"sameAs":["https:\/\/www.facebook.com\/uni.haxhizeka","https:\/\/x.com\/uni_haxhizeka","https:\/\/www.linkedin.com\/school\/haxhi-zeka-university","https:\/\/www.instagram.com\/uni_haxhizeka\/"],"description":"Univerzitet &quot;Had\u017ei Zeka&quot; u Pe\u0107i je javna visoko\u0161kolska ustanova koja nudi dodiplomske, master i doktorske studije u raznim oblastima kao \u0161to su menad\u017ement, turizam, ekonomija, poljoprivreda, umjetnost i pravo. Univerzitet ima za cilj akademski razvoj, nau\u010dna istra\u017eivanja i doprinos zajednici.","email":"info@unhz.eu","telephone":"+38339410970","legalName":"Universiteti \u201cHaxhi Zeka\u201d n\u00eb Pej\u00eb","foundingDate":"2011-11-14","numberOfEmployees":{"@type":"QuantitativeValue","minValue":"201","maxValue":"500"}}]}},"acf":[],"_links":{"self":[{"href":"https:\/\/unhz.eu\/bs\/wp-json\/wp\/v2\/pages\/23870","targetHints":{"allow":["GET"]}}],"collection":[{"href":"https:\/\/unhz.eu\/bs\/wp-json\/wp\/v2\/pages"}],"about":[{"href":"https:\/\/unhz.eu\/bs\/wp-json\/wp\/v2\/types\/page"}],"author":[{"embeddable":true,"href":"https:\/\/unhz.eu\/bs\/wp-json\/wp\/v2\/users\/1"}],"replies":[{"embeddable":true,"href":"https:\/\/unhz.eu\/bs\/wp-json\/wp\/v2\/comments?post=23870"}],"version-history":[{"count":2,"href":"https:\/\/unhz.eu\/bs\/wp-json\/wp\/v2\/pages\/23870\/revisions"}],"predecessor-version":[{"id":57070,"href":"https:\/\/unhz.eu\/bs\/wp-json\/wp\/v2\/pages\/23870\/revisions\/57070"}],"wp:featuredmedia":[{"embeddable":true,"href":"https:\/\/unhz.eu\/bs\/wp-json\/wp\/v2\/media\/50754"}],"wp:attachment":[{"href":"https:\/\/unhz.eu\/bs\/wp-json\/wp\/v2\/media?parent=23870"}],"curies":[{"name":"radni list","href":"https:\/\/api.w.org\/{rel}","templated":true}]}}