{"id":23864,"date":"2024-04-29T11:27:40","date_gmt":"2024-04-29T11:27:40","guid":{"rendered":"https:\/\/unhz.eu\/?page_id=23864"},"modified":"2025-07-29T11:09:34","modified_gmt":"2025-07-29T09:09:34","slug":"projekti-nderkombetar-competent-student-experienced-graduate-student-kompetent-i-diplomuar-me-pervoje","status":"publish","type":"page","link":"https:\/\/unhz.eu\/bs\/projekti-nderkombetar-competent-student-experienced-graduate-student-kompetent-i-diplomuar-me-pervoje\/","title":{"rendered":"Projekti Nd\u00ebrkomb\u00ebtar \u201cCompetent student Experienced graduate\u201d (Student kompetent \u2013 i diplomuar me p\u00ebrvoj\u00eb)"},"content":{"rendered":"<div data-elementor-type=\"wp-page\" data-elementor-id=\"23864\" class=\"elementor elementor-23864\" data-elementor-post-type=\"page\">\n\t\t\t\t\t\t<section class=\"elementor-section elementor-top-section elementor-element elementor-element-0f90d7a elementor-section-boxed elementor-section-height-default elementor-section-height-default sc_fly_static\" data-id=\"0f90d7a\" data-element_type=\"section\" data-e-type=\"section\">\n\t\t\t\t\t\t<div class=\"elementor-container elementor-column-gap-extended\">\n\t\t\t\t\t<div class=\"elementor-column elementor-col-100 elementor-top-column elementor-element elementor-element-b3ce4d4 sc_content_align_inherit sc_layouts_column_icons_position_left sc_fly_static\" data-id=\"b3ce4d4\" data-element_type=\"column\" data-e-type=\"column\">\n\t\t\t<div class=\"elementor-widget-wrap elementor-element-populated\">\n\t\t\t\t\t\t<div class=\"elementor-element elementor-element-8b8ff9d sc_fly_static elementor-widget elementor-widget-trx_sc_title\" data-id=\"8b8ff9d\" data-element_type=\"widget\" data-e-type=\"widget\" data-widget_type=\"trx_sc_title.default\">\n\t\t\t\t<div class=\"elementor-widget-container\">\n\t\t\t\t\t<div\t\tclass=\"sc_title sc_title_default\" ><span class=\"sc_item_subtitle sc_title_subtitle sc_item_subtitle_above sc_item_title_style_default\">rRETH<\/span><h4 class=\"sc_item_title sc_title_title sc_item_title_style_default sc_item_title_tag\"\n\t\t\t><span class=\"sc_item_title_text\">PROJEKTIt ND\u00cbRKOMB\u00cbTAR \u201cCOMPETENT STUDENT EXPERIENCED GRADUATE\u201d (STUDENT KOMPETENT \u2013 I DIPLOMUAR ME P\u00cbRVOJ\u00cb)<\/span><\/h4><\/div>\t\t\t\t<\/div>\n\t\t\t\t<\/div>\n\t\t\t\t<div class=\"elementor-element elementor-element-bdb1a5d sc_fly_static elementor-widget elementor-widget-spacer\" data-id=\"bdb1a5d\" data-element_type=\"widget\" data-e-type=\"widget\" data-widget_type=\"spacer.default\">\n\t\t\t\t<div class=\"elementor-widget-container\">\n\t\t\t\t\t\t\t<div class=\"elementor-spacer\">\n\t\t\t<div class=\"elementor-spacer-inner\"><\/div>\n\t\t<\/div>\n\t\t\t\t\t\t<\/div>\n\t\t\t\t<\/div>\n\t\t\t\t<div class=\"elementor-element elementor-element-9f0571a sc_fly_static elementor-widget elementor-widget-text-editor\" data-id=\"9f0571a\" data-element_type=\"widget\" data-e-type=\"widget\" data-widget_type=\"text-editor.default\">\n\t\t\t\t<div class=\"elementor-widget-container\">\n\t\t\t\t\t\t\t\t\t<p>Projekti Nd\u00ebrkomb\u00ebtar financohet nga Agjencia Komb\u00ebtare Polake p\u00ebr Shk\u00ebmbim Akademik (NAWA) dhe koordinohet nga Universiteti i Opol\u00ebs.<br \/>Q\u00ebllimet e projektit:<br \/>Projekti \u00ebsht\u00eb nj\u00eb p\u00ebrgjigje ndaj sfidave bashk\u00ebkohore t\u00eb tregut nd\u00ebrkomb\u00ebtar t\u00eb pun\u00ebs dhe nevoj\u00ebs p\u00ebr t\u00eb zhvilluar nj\u00eb formul\u00eb t\u00eb re p\u00ebr nd\u00ebrtimin e kompetenc\u00ebs s\u00eb student\u00ebve dhe p\u00ebr ta testuar at\u00eb n\u00eb kushte praktike. Q\u00ebllimi i projektit \u00ebsht\u00eb t\u00eb zhvilloj\u00eb kompetencat kryesore t\u00eb tregut t\u00eb pun\u00ebs me pjes\u00ebmarrjen e student\u00ebve n\u00eb pun\u00ebtorit\u00eb nd\u00ebrkomb\u00ebtare dhe vizitat studimore n\u00eb kompanit\u00eb nd\u00ebrkomb\u00ebtare, si dhe kryerjen e detyrave praktike n\u00eb grupet multikulturore.<br \/>N\u00eb k\u00ebt\u00eb projekt p\u00ebrfshihen pes\u00eb (5) Universitete: Universiteti i Opoles (Poloni), Universiteti i Malt\u00ebs (Malt\u00eb), Universiteti Katolik i Leuven-it (Belgjik\u00eb), Universiteti Haxhi Zeka (Kosov\u00eb), dhe Universiteti Tomas Bata n\u00eb Zlin (Republika \u00c7eke). Do t\u00eb ket\u00eb pjes\u00ebmarrjen n\u00eb leksione, seminare, pun\u00ebtori , dhe vizita studimore te pun\u00ebdh\u00ebn\u00ebsit lokal\u00eb n\u00eb \u00e7do Universitet dhe secili Universitet do t\u00eb p\u00ebrfaq\u00ebsohet nga 9 student\u00eb, secili prej tyre do t\u2019u jap\u00eb student\u00ebve nj\u00eb mund\u00ebsi p\u00ebr t\u2019u takuar me nj\u00eb kultur\u00eb t\u00eb ndryshme biznesi t\u00eb vendit prit\u00ebs.<\/p><p>P\u00ebr m\u00eb shum\u00eb informacion rreth projektit ju lutemi klikoni k\u00ebtu:<\/p><p><a href=\"http:\/\/competentstudent.wfil.uni.opole.pl\/recruitment-documents\/\" target=\"_blank\" rel=\"noopener\">http:\/\/competentstudent.wfil.uni.opole.pl\/recruitment-documents\/<\/a><\/p>\t\t\t\t\t\t\t\t<\/div>\n\t\t\t\t<\/div>\n\t\t\t\t\t<\/div>\n\t\t<\/div>\n\t\t\t\t\t<\/div>\n\t\t<\/section>\n\t\t\t\t<\/div>","protected":false},"excerpt":{"rendered":"<p>rRETH PROJEKTIt ND\u00cbRKOMB\u00cbTAR \u201cCOMPETENT STUDENT EXPERIENCED GRADUATE\u201d (STUDENT KOMPETENT \u2013 I DIPLOMUAR ME P\u00cbRVOJ\u00cb) Projekti&hellip;<\/p>","protected":false},"author":1,"featured_media":50754,"parent":0,"menu_order":0,"comment_status":"closed","ping_status":"closed","template":"","meta":{"_acf_changed":false,"footnotes":""},"class_list":["post-23864","page","type-page","status-publish","has-post-thumbnail","hentry"],"yoast_head":"<!-- This site is optimized with the Yoast SEO Premium plugin v27.2 (Yoast SEO v27.2) - https:\/\/yoast.com\/product\/yoast-seo-premium-wordpress\/ -->\n<title>Projekti Nd\u00ebrkomb\u00ebtar \u201cCompetent student Experienced graduate\u201d (Student kompetent \u2013 i diplomuar me p\u00ebrvoj\u00eb) - University Haxhi Zeka<\/title>\n<meta name=\"description\" content=\"Projekti nd\u00ebrkomb\u00ebtar \u201cCompetent Student \u2013 Experienced Graduate\u201d zhvillon kompetenca ky\u00e7e p\u00ebr tregun e pun\u00ebs p\u00ebrmes pun\u00ebtorive nd\u00ebrkomb\u00ebtare dhe vizitave studimore.\" \/>\n<meta name=\"robots\" content=\"index, follow, max-snippet:-1, max-image-preview:large, max-video-preview:-1\" \/>\n<link rel=\"canonical\" href=\"https:\/\/unhz.eu\/bs\/projekti-nderkombetar-competent-student-experienced-graduate-student-kompetent-i-diplomuar-me-pervoje\/\" \/>\n<meta property=\"og:locale\" content=\"bs_BA\" \/>\n<meta property=\"og:type\" content=\"article\" \/>\n<meta property=\"og:title\" content=\"Projekti Nd\u00ebrkomb\u00ebtar \u201cCompetent student Experienced graduate\u201d (Student kompetent \u2013 i diplomuar me p\u00ebrvoj\u00eb)\" \/>\n<meta property=\"og:description\" content=\"Projekti nd\u00ebrkomb\u00ebtar \u201cCompetent Student \u2013 Experienced Graduate\u201d zhvillon kompetenca ky\u00e7e p\u00ebr tregun e pun\u00ebs p\u00ebrmes pun\u00ebtorive nd\u00ebrkomb\u00ebtare dhe vizitave studimore.\" \/>\n<meta property=\"og:url\" content=\"https:\/\/unhz.eu\/bs\/projekti-nderkombetar-competent-student-experienced-graduate-student-kompetent-i-diplomuar-me-pervoje\/\" \/>\n<meta property=\"og:site_name\" content=\"University Haxhi Zeka\" \/>\n<meta property=\"article:publisher\" content=\"https:\/\/www.facebook.com\/uni.haxhizeka\" \/>\n<meta property=\"article:modified_time\" content=\"2025-07-29T09:09:34+00:00\" \/>\n<meta property=\"og:image\" content=\"https:\/\/unhz.eu\/wp-content\/uploads\/2025\/04\/Dizajn-me-logo-te-UHZ.webp\" \/>\n\t<meta property=\"og:image:width\" content=\"1000\" \/>\n\t<meta property=\"og:image:height\" content=\"1000\" \/>\n\t<meta property=\"og:image:type\" content=\"image\/webp\" \/>\n<meta name=\"twitter:card\" content=\"summary_large_image\" \/>\n<meta name=\"twitter:site\" content=\"@uni_haxhizeka\" \/>\n<meta name=\"twitter:label1\" content=\"Est. reading time\" \/>\n\t<meta name=\"twitter:data1\" content=\"2 minute\" \/>\n<script type=\"application\/ld+json\" class=\"yoast-schema-graph\">{\"@context\":\"https:\/\/schema.org\",\"@graph\":[{\"@type\":\"WebPage\",\"@id\":\"https:\/\/unhz.eu\/projekti-nderkombetar-competent-student-experienced-graduate-student-kompetent-i-diplomuar-me-pervoje\/\",\"url\":\"https:\/\/unhz.eu\/projekti-nderkombetar-competent-student-experienced-graduate-student-kompetent-i-diplomuar-me-pervoje\/\",\"name\":\"Projekti Nd\u00ebrkomb\u00ebtar \u201cCompetent student Experienced graduate\u201d (Student kompetent \u2013 i diplomuar me p\u00ebrvoj\u00eb) - University Haxhi Zeka\",\"isPartOf\":{\"@id\":\"https:\/\/unhz.eu\/#website\"},\"primaryImageOfPage\":{\"@id\":\"https:\/\/unhz.eu\/projekti-nderkombetar-competent-student-experienced-graduate-student-kompetent-i-diplomuar-me-pervoje\/#primaryimage\"},\"image\":{\"@id\":\"https:\/\/unhz.eu\/projekti-nderkombetar-competent-student-experienced-graduate-student-kompetent-i-diplomuar-me-pervoje\/#primaryimage\"},\"thumbnailUrl\":\"https:\/\/unhz.eu\/wp-content\/uploads\/2025\/04\/Dizajn-me-logo-te-UHZ.webp\",\"datePublished\":\"2024-04-29T11:27:40+00:00\",\"dateModified\":\"2025-07-29T09:09:34+00:00\",\"description\":\"Projekti nd\u00ebrkomb\u00ebtar \u201cCompetent Student \u2013 Experienced Graduate\u201d zhvillon kompetenca ky\u00e7e p\u00ebr tregun e pun\u00ebs p\u00ebrmes pun\u00ebtorive nd\u00ebrkomb\u00ebtare dhe vizitave studimore.\",\"breadcrumb\":{\"@id\":\"https:\/\/unhz.eu\/projekti-nderkombetar-competent-student-experienced-graduate-student-kompetent-i-diplomuar-me-pervoje\/#breadcrumb\"},\"inLanguage\":\"bs-BA\",\"potentialAction\":[{\"@type\":\"ReadAction\",\"target\":[\"https:\/\/unhz.eu\/projekti-nderkombetar-competent-student-experienced-graduate-student-kompetent-i-diplomuar-me-pervoje\/\"]}]},{\"@type\":\"ImageObject\",\"inLanguage\":\"bs-BA\",\"@id\":\"https:\/\/unhz.eu\/projekti-nderkombetar-competent-student-experienced-graduate-student-kompetent-i-diplomuar-me-pervoje\/#primaryimage\",\"url\":\"https:\/\/unhz.eu\/wp-content\/uploads\/2025\/04\/Dizajn-me-logo-te-UHZ.webp\",\"contentUrl\":\"https:\/\/unhz.eu\/wp-content\/uploads\/2025\/04\/Dizajn-me-logo-te-UHZ.webp\",\"width\":1000,\"height\":1000,\"caption\":\"Universiteti Haxhi Zeka, UHZ logo me background te kuq\"},{\"@type\":\"BreadcrumbList\",\"@id\":\"https:\/\/unhz.eu\/projekti-nderkombetar-competent-student-experienced-graduate-student-kompetent-i-diplomuar-me-pervoje\/#breadcrumb\",\"itemListElement\":[{\"@type\":\"ListItem\",\"position\":1,\"name\":\"Home\",\"item\":\"https:\/\/unhz.eu\/\"},{\"@type\":\"ListItem\",\"position\":2,\"name\":\"Projekti Nd\u00ebrkomb\u00ebtar \u201cCompetent student Experienced graduate\u201d (Student kompetent \u2013 i diplomuar me p\u00ebrvoj\u00eb)\"}]},{\"@type\":\"WebSite\",\"@id\":\"https:\/\/unhz.eu\/#website\",\"url\":\"https:\/\/unhz.eu\/\",\"name\":\"Universiteti \u201cHaxhi Zeka\u201d\",\"description\":\"I dedikuar p\u00ebr cil\u00ebsi, standarde dhe suksese\",\"publisher\":{\"@id\":\"https:\/\/unhz.eu\/#organization\"},\"alternateName\":\"Universiteti Haxhi Zeka\",\"potentialAction\":[{\"@type\":\"SearchAction\",\"target\":{\"@type\":\"EntryPoint\",\"urlTemplate\":\"https:\/\/unhz.eu\/?s={search_term_string}\"},\"query-input\":{\"@type\":\"PropertyValueSpecification\",\"valueRequired\":true,\"valueName\":\"search_term_string\"}}],\"inLanguage\":\"bs-BA\"},{\"@type\":\"Organization\",\"@id\":\"https:\/\/unhz.eu\/#organization\",\"name\":\"Universiteti \u201cHaxhi Zeka\u201d\",\"alternateName\":\"Universiteti Haxhi Zeka\",\"url\":\"https:\/\/unhz.eu\/\",\"logo\":{\"@type\":\"ImageObject\",\"inLanguage\":\"bs-BA\",\"@id\":\"https:\/\/unhz.eu\/#\/schema\/logo\/image\/\",\"url\":\"https:\/\/unhz.eu\/wp-content\/uploads\/2025\/04\/logo-unhz.webp\",\"contentUrl\":\"https:\/\/unhz.eu\/wp-content\/uploads\/2025\/04\/logo-unhz.webp\",\"width\":1024,\"height\":260,\"caption\":\"Universiteti \u201cHaxhi Zeka\u201d\"},\"image\":{\"@id\":\"https:\/\/unhz.eu\/#\/schema\/logo\/image\/\"},\"sameAs\":[\"https:\/\/www.facebook.com\/uni.haxhizeka\",\"https:\/\/x.com\/uni_haxhizeka\",\"https:\/\/www.linkedin.com\/school\/haxhi-zeka-university\",\"https:\/\/www.instagram.com\/uni_haxhizeka\/\"],\"description\":\"Universiteti \u201cHaxhi Zeka\u201d n\u00eb Pej\u00eb \u00ebsht\u00eb institucion publik i arsimit t\u00eb lart\u00eb, q\u00eb ofron studime bachelor, master dhe doktorat\u00eb n\u00eb fusha t\u00eb ndryshme si menaxhimi, turizmi, ekonomia, bujq\u00ebsia, arti dhe drejt\u00ebsia. Universiteti synon zhvillimin akademik, hulumtimin shkencor dhe kontributin n\u00eb komunitet.\",\"email\":\"info@unhz.eu\",\"telephone\":\"+38339410970\",\"legalName\":\"Universiteti \u201cHaxhi Zeka\u201d n\u00eb Pej\u00eb\",\"foundingDate\":\"2011-11-14\",\"numberOfEmployees\":{\"@type\":\"QuantitativeValue\",\"minValue\":\"201\",\"maxValue\":\"500\"}}]}<\/script>\n<!-- \/ Yoast SEO Premium plugin. -->","yoast_head_json":{"title":"Projekti Nd\u00ebrkomb\u00ebtar \u201cCompetent student Experienced graduate\u201d (Student kompetent \u2013 i diplomuar me p\u00ebrvoj\u00eb) - University Haxhi Zeka","description":"Projekti nd\u00ebrkomb\u00ebtar \u201cCompetent Student \u2013 Experienced Graduate\u201d zhvillon kompetenca ky\u00e7e p\u00ebr tregun e pun\u00ebs p\u00ebrmes pun\u00ebtorive nd\u00ebrkomb\u00ebtare dhe vizitave studimore.","robots":{"index":"index","follow":"follow","max-snippet":"max-snippet:-1","max-image-preview":"max-image-preview:large","max-video-preview":"max-video-preview:-1"},"canonical":"https:\/\/unhz.eu\/bs\/projekti-nderkombetar-competent-student-experienced-graduate-student-kompetent-i-diplomuar-me-pervoje\/","og_locale":"bs_BA","og_type":"article","og_title":"Projekti Nd\u00ebrkomb\u00ebtar \u201cCompetent student Experienced graduate\u201d (Student kompetent \u2013 i diplomuar me p\u00ebrvoj\u00eb)","og_description":"Projekti nd\u00ebrkomb\u00ebtar \u201cCompetent Student \u2013 Experienced Graduate\u201d zhvillon kompetenca ky\u00e7e p\u00ebr tregun e pun\u00ebs p\u00ebrmes pun\u00ebtorive nd\u00ebrkomb\u00ebtare dhe vizitave studimore.","og_url":"https:\/\/unhz.eu\/bs\/projekti-nderkombetar-competent-student-experienced-graduate-student-kompetent-i-diplomuar-me-pervoje\/","og_site_name":"University Haxhi Zeka","article_publisher":"https:\/\/www.facebook.com\/uni.haxhizeka","article_modified_time":"2025-07-29T09:09:34+00:00","og_image":[{"width":1000,"height":1000,"url":"https:\/\/unhz.eu\/wp-content\/uploads\/2025\/04\/Dizajn-me-logo-te-UHZ.webp","type":"image\/webp"}],"twitter_card":"summary_large_image","twitter_site":"@uni_haxhizeka","twitter_misc":{"Est. reading time":"2 minute"},"schema":{"@context":"https:\/\/schema.org","@graph":[{"@type":"WebPage","@id":"https:\/\/unhz.eu\/projekti-nderkombetar-competent-student-experienced-graduate-student-kompetent-i-diplomuar-me-pervoje\/","url":"https:\/\/unhz.eu\/projekti-nderkombetar-competent-student-experienced-graduate-student-kompetent-i-diplomuar-me-pervoje\/","name":"Projekti Nd\u00ebrkomb\u00ebtar \u201cCompetent student Experienced graduate\u201d (Student kompetent \u2013 i diplomuar me p\u00ebrvoj\u00eb) - University Haxhi Zeka","isPartOf":{"@id":"https:\/\/unhz.eu\/#website"},"primaryImageOfPage":{"@id":"https:\/\/unhz.eu\/projekti-nderkombetar-competent-student-experienced-graduate-student-kompetent-i-diplomuar-me-pervoje\/#primaryimage"},"image":{"@id":"https:\/\/unhz.eu\/projekti-nderkombetar-competent-student-experienced-graduate-student-kompetent-i-diplomuar-me-pervoje\/#primaryimage"},"thumbnailUrl":"https:\/\/unhz.eu\/wp-content\/uploads\/2025\/04\/Dizajn-me-logo-te-UHZ.webp","datePublished":"2024-04-29T11:27:40+00:00","dateModified":"2025-07-29T09:09:34+00:00","description":"Projekti nd\u00ebrkomb\u00ebtar \u201cCompetent Student \u2013 Experienced Graduate\u201d zhvillon kompetenca ky\u00e7e p\u00ebr tregun e pun\u00ebs p\u00ebrmes pun\u00ebtorive nd\u00ebrkomb\u00ebtare dhe vizitave studimore.","breadcrumb":{"@id":"https:\/\/unhz.eu\/projekti-nderkombetar-competent-student-experienced-graduate-student-kompetent-i-diplomuar-me-pervoje\/#breadcrumb"},"inLanguage":"bs-BA","potentialAction":[{"@type":"ReadAction","target":["https:\/\/unhz.eu\/projekti-nderkombetar-competent-student-experienced-graduate-student-kompetent-i-diplomuar-me-pervoje\/"]}]},{"@type":"ImageObject","inLanguage":"bs-BA","@id":"https:\/\/unhz.eu\/projekti-nderkombetar-competent-student-experienced-graduate-student-kompetent-i-diplomuar-me-pervoje\/#primaryimage","url":"https:\/\/unhz.eu\/wp-content\/uploads\/2025\/04\/Dizajn-me-logo-te-UHZ.webp","contentUrl":"https:\/\/unhz.eu\/wp-content\/uploads\/2025\/04\/Dizajn-me-logo-te-UHZ.webp","width":1000,"height":1000,"caption":"Universiteti Haxhi Zeka, UHZ logo me background te kuq"},{"@type":"BreadcrumbList","@id":"https:\/\/unhz.eu\/projekti-nderkombetar-competent-student-experienced-graduate-student-kompetent-i-diplomuar-me-pervoje\/#breadcrumb","itemListElement":[{"@type":"ListItem","position":1,"name":"Home","item":"https:\/\/unhz.eu\/"},{"@type":"ListItem","position":2,"name":"Projekti Nd\u00ebrkomb\u00ebtar \u201cCompetent student Experienced graduate\u201d (Student kompetent \u2013 i diplomuar me p\u00ebrvoj\u00eb)"}]},{"@type":"WebSite","@id":"https:\/\/unhz.eu\/#website","url":"https:\/\/unhz.eu\/","name":"Univerzitet &quot;Had\u017ei Zeka&quot;\u201c","description":"Posve\u0107eni kvaliteti, standardima i uspjehu","publisher":{"@id":"https:\/\/unhz.eu\/#organization"},"alternateName":"Universiteti Haxhi Zeka","potentialAction":[{"@type":"SearchAction","target":{"@type":"EntryPoint","urlTemplate":"https:\/\/unhz.eu\/?s={search_term_string}"},"query-input":{"@type":"PropertyValueSpecification","valueRequired":true,"valueName":"search_term_string"}}],"inLanguage":"bs-BA"},{"@type":"Organization","@id":"https:\/\/unhz.eu\/#organization","name":"Univerzitet &quot;Had\u017ei Zeka&quot;\u201c","alternateName":"Universiteti Haxhi Zeka","url":"https:\/\/unhz.eu\/","logo":{"@type":"ImageObject","inLanguage":"bs-BA","@id":"https:\/\/unhz.eu\/#\/schema\/logo\/image\/","url":"https:\/\/unhz.eu\/wp-content\/uploads\/2025\/04\/logo-unhz.webp","contentUrl":"https:\/\/unhz.eu\/wp-content\/uploads\/2025\/04\/logo-unhz.webp","width":1024,"height":260,"caption":"Universiteti \u201cHaxhi Zeka\u201d"},"image":{"@id":"https:\/\/unhz.eu\/#\/schema\/logo\/image\/"},"sameAs":["https:\/\/www.facebook.com\/uni.haxhizeka","https:\/\/x.com\/uni_haxhizeka","https:\/\/www.linkedin.com\/school\/haxhi-zeka-university","https:\/\/www.instagram.com\/uni_haxhizeka\/"],"description":"Univerzitet &quot;Had\u017ei Zeka&quot; u Pe\u0107i je javna visoko\u0161kolska ustanova koja nudi dodiplomske, master i doktorske studije u raznim oblastima kao \u0161to su menad\u017ement, turizam, ekonomija, poljoprivreda, umjetnost i pravo. Univerzitet ima za cilj akademski razvoj, nau\u010dna istra\u017eivanja i doprinos zajednici.","email":"info@unhz.eu","telephone":"+38339410970","legalName":"Universiteti \u201cHaxhi Zeka\u201d n\u00eb Pej\u00eb","foundingDate":"2011-11-14","numberOfEmployees":{"@type":"QuantitativeValue","minValue":"201","maxValue":"500"}}]}},"acf":[],"_links":{"self":[{"href":"https:\/\/unhz.eu\/bs\/wp-json\/wp\/v2\/pages\/23864","targetHints":{"allow":["GET"]}}],"collection":[{"href":"https:\/\/unhz.eu\/bs\/wp-json\/wp\/v2\/pages"}],"about":[{"href":"https:\/\/unhz.eu\/bs\/wp-json\/wp\/v2\/types\/page"}],"author":[{"embeddable":true,"href":"https:\/\/unhz.eu\/bs\/wp-json\/wp\/v2\/users\/1"}],"replies":[{"embeddable":true,"href":"https:\/\/unhz.eu\/bs\/wp-json\/wp\/v2\/comments?post=23864"}],"version-history":[{"count":2,"href":"https:\/\/unhz.eu\/bs\/wp-json\/wp\/v2\/pages\/23864\/revisions"}],"predecessor-version":[{"id":57073,"href":"https:\/\/unhz.eu\/bs\/wp-json\/wp\/v2\/pages\/23864\/revisions\/57073"}],"wp:featuredmedia":[{"embeddable":true,"href":"https:\/\/unhz.eu\/bs\/wp-json\/wp\/v2\/media\/50754"}],"wp:attachment":[{"href":"https:\/\/unhz.eu\/bs\/wp-json\/wp\/v2\/media?parent=23864"}],"curies":[{"name":"radni list","href":"https:\/\/api.w.org\/{rel}","templated":true}]}}