{"id":23830,"date":"2024-04-29T10:08:51","date_gmt":"2024-04-29T10:08:51","guid":{"rendered":"https:\/\/unhz.eu\/?page_id=23830"},"modified":"2025-06-03T15:20:11","modified_gmt":"2025-06-03T13:20:11","slug":"projektet","status":"publish","type":"page","link":"https:\/\/unhz.eu\/bs\/projektet\/","title":{"rendered":"PROJEKTI"},"content":{"rendered":"<div data-elementor-type=\"wp-page\" data-elementor-id=\"23830\" class=\"elementor elementor-23830\" data-elementor-post-type=\"page\">\n\t\t\t\t\t\t<section class=\"elementor-section elementor-top-section elementor-element elementor-element-3b5c8de elementor-section-boxed elementor-section-height-default elementor-section-height-default sc_fly_static\" data-id=\"3b5c8de\" data-element_type=\"section\" data-e-type=\"section\">\n\t\t\t\t\t\t<div class=\"elementor-container elementor-column-gap-extended\">\n\t\t\t\t\t<div class=\"elementor-column elementor-col-100 elementor-top-column elementor-element elementor-element-2167a9d sc_content_align_inherit sc_layouts_column_icons_position_left sc_fly_static\" data-id=\"2167a9d\" data-element_type=\"column\" data-e-type=\"column\">\n\t\t\t<div class=\"elementor-widget-wrap elementor-element-populated\">\n\t\t\t\t\t\t<div class=\"elementor-element elementor-element-493e28a sc_fly_static elementor-widget elementor-widget-trx_sc_title\" data-id=\"493e28a\" data-element_type=\"widget\" data-e-type=\"widget\" data-widget_type=\"trx_sc_title.default\">\n\t\t\t\t<div class=\"elementor-widget-container\">\n\t\t\t\t\t<div\t\tclass=\"sc_title sc_title_default\" ><span class=\"sc_item_subtitle sc_title_subtitle sc_item_subtitle_above sc_item_title_style_default\">O nama<\/span><h5 class=\"sc_item_title sc_title_title sc_item_title_style_default sc_item_title_tag\"\n\t\t\t><span class=\"sc_item_title_text\">PROJEKTEVE<\/span><\/h5><\/div>\t\t\t\t<\/div>\n\t\t\t\t<\/div>\n\t\t\t\t<div class=\"elementor-element elementor-element-085de4c sc_fly_static elementor-widget elementor-widget-spacer\" data-id=\"085de4c\" data-element_type=\"widget\" data-e-type=\"widget\" data-widget_type=\"spacer.default\">\n\t\t\t\t<div class=\"elementor-widget-container\">\n\t\t\t\t\t\t\t<div class=\"elementor-spacer\">\n\t\t\t<div class=\"elementor-spacer-inner\"><\/div>\n\t\t<\/div>\n\t\t\t\t\t\t<\/div>\n\t\t\t\t<\/div>\n\t\t\t\t\t<\/div>\n\t\t<\/div>\n\t\t\t\t\t<\/div>\n\t\t<\/section>\n\t\t\t\t<section class=\"elementor-section elementor-top-section elementor-element elementor-element-b472bb1 elementor-section-boxed elementor-section-height-default elementor-section-height-default sc_fly_static\" data-id=\"b472bb1\" data-element_type=\"section\" data-e-type=\"section\">\n\t\t\t\t\t\t<div class=\"elementor-container elementor-column-gap-extended\">\n\t\t\t\t\t<div class=\"elementor-column elementor-col-100 elementor-top-column elementor-element elementor-element-4bfef13 sc_content_align_inherit sc_layouts_column_icons_position_left sc_fly_static\" data-id=\"4bfef13\" data-element_type=\"column\" data-e-type=\"column\">\n\t\t\t<div class=\"elementor-widget-wrap elementor-element-populated\">\n\t\t\t\t\t\t<div class=\"elementor-element elementor-element-8a6f027 sc_fly_static elementor-widget elementor-widget-text-editor\" data-id=\"8a6f027\" data-element_type=\"widget\" data-e-type=\"widget\" data-widget_type=\"text-editor.default\">\n\t\t\t\t<div class=\"elementor-widget-container\">\n\t\t\t\t\t\t\t\t\t<table class=\"mtr-table mtr-tr-td\"><tbody><tr><td class=\"mtr-td-tag\" data-mtr-content=\"  Titulli  i Projektit  \"><div class=\"mtr-cell-content\"><strong>Titulli i Projektit<\/strong><\/div><\/td><td class=\"mtr-td-tag\" data-mtr-content=\"  \u201cKurse  t\u00eb shkurtra mbi dhun\u00ebn ndaj grave: T\u00eb drejtat e njeriut, politikat dhe  teknikat e k\u00ebrkimit\u201d  \"><div class=\"mtr-cell-content\"><strong>\u201cKurse t\u00eb shkurtra mbi dhun\u00ebn ndaj grave: T\u00eb drejtat e njeriut, politikat dhe teknikat e k\u00ebrkimit\u201d<\/strong><\/div><\/td><\/tr><tr><td class=\"mtr-td-tag\" data-mtr-content=\"  Titulli  i Projektit  \"><div class=\"mtr-cell-content\">Periudha e zbatimit<\/div><\/td><td class=\"mtr-td-tag\" data-mtr-content=\"  \u201cKurse  t\u00eb shkurtra mbi dhun\u00ebn ndaj grave: T\u00eb drejtat e njeriut, politikat dhe  teknikat e k\u00ebrkimit\u201d  \"><div class=\"mtr-cell-content\">Prill 2020 ose 2021<\/div><\/td><\/tr><tr><td class=\"mtr-td-tag\" data-mtr-content=\"  Titulli  i Projektit  \"><div class=\"mtr-cell-content\">Partner\u00ebt nd\u00ebrkomb\u00ebtar\u00eb<\/div><\/td><td class=\"mtr-td-tag\" data-mtr-content=\"  \u201cKurse  t\u00eb shkurtra mbi dhun\u00ebn ndaj grave: T\u00eb drejtat e njeriut, politikat dhe  teknikat e k\u00ebrkimit\u201d  \"><div class=\"mtr-cell-content\">Universiteti i Sapienzes, Itali<\/div><\/td><\/tr><tr><td class=\"mtr-td-tag\" data-mtr-content=\"  Titulli  i Projektit  \"><div class=\"mtr-cell-content\">Universiteti p\u00ebrfitues<\/div><\/td><td class=\"mtr-td-tag\" data-mtr-content=\"  \u201cKurse  t\u00eb shkurtra mbi dhun\u00ebn ndaj grave: T\u00eb drejtat e njeriut, politikat dhe  teknikat e k\u00ebrkimit\u201d  \"><div class=\"mtr-cell-content\">Universiteti Sapienzes, Itali<\/div><\/td><\/tr><tr><td class=\"mtr-td-tag\" data-mtr-content=\"  Titulli  i Projektit  \"><div class=\"mtr-cell-content\">Q\u00ebllimi i projektit<\/div><\/td><td class=\"mtr-td-tag\" data-mtr-content=\"  \u201cKurse  t\u00eb shkurtra mbi dhun\u00ebn ndaj grave: T\u00eb drejtat e njeriut, politikat dhe  teknikat e k\u00ebrkimit\u201d  \"><div class=\"mtr-cell-content\">T\u00eb njoh\u00eb student\u00ebt me metodologjit\u00eb m\u00eb t\u00eb p\u00ebrparuara p\u00ebr t\u00eb hartuar sondazhe mbi dhun\u00ebn ndaj grave, sipas udh\u00ebzimeve t\u00eb KBP\u00ebrmir\u00ebsimi i ngritjes s\u00eb kapaciteteve statistikoreT\u2019u siguroj\u00eb an\u00ebtar\u00ebve t\u00eb organizatave dhe institucioneve q\u00eb i p\u00ebrkasin organeve publike dhe private njohuri shtes\u00eb mbi barazin\u00eb gjinore dhe fuqizimin e grave p\u00ebrmes trajnimeve k\u00ebrkimore dhe debatit publik<\/div><\/td><\/tr><\/tbody><\/table>\t\t\t\t\t\t\t\t<\/div>\n\t\t\t\t<\/div>\n\t\t\t\t\t<\/div>\n\t\t<\/div>\n\t\t\t\t\t<\/div>\n\t\t<\/section>\n\t\t\t\t<\/div>","protected":false},"excerpt":{"rendered":"<p>Rreth PROJEKTEVE Titulli i Projektit \u201cKurse t\u00eb shkurtra mbi dhun\u00ebn ndaj grave: T\u00eb drejtat e&hellip;<\/p>","protected":false},"author":1,"featured_media":0,"parent":0,"menu_order":0,"comment_status":"closed","ping_status":"closed","template":"","meta":{"_acf_changed":false,"footnotes":""},"class_list":["post-23830","page","type-page","status-publish","hentry"],"yoast_head":"<!-- This site is optimized with the Yoast SEO Premium plugin v27.2 (Yoast SEO v27.2) - https:\/\/yoast.com\/product\/yoast-seo-premium-wordpress\/ -->\n<title>Projektet - University Haxhi Zeka<\/title>\n<meta name=\"robots\" content=\"index, follow, max-snippet:-1, max-image-preview:large, max-video-preview:-1\" \/>\n<link rel=\"canonical\" href=\"https:\/\/unhz.eu\/bs\/projektet\/\" \/>\n<meta property=\"og:locale\" content=\"bs_BA\" \/>\n<meta property=\"og:type\" content=\"article\" \/>\n<meta property=\"og:title\" content=\"Projektet\" \/>\n<meta property=\"og:description\" content=\"Rreth PROJEKTEVE Titulli i Projektit \u201cKurse t\u00eb shkurtra mbi dhun\u00ebn ndaj grave: T\u00eb drejtat e&hellip;\" \/>\n<meta property=\"og:url\" content=\"https:\/\/unhz.eu\/bs\/projektet\/\" \/>\n<meta property=\"og:site_name\" content=\"University Haxhi Zeka\" \/>\n<meta property=\"article:publisher\" content=\"https:\/\/www.facebook.com\/uni.haxhizeka\" \/>\n<meta property=\"article:modified_time\" content=\"2025-06-03T13:20:11+00:00\" \/>\n<meta name=\"twitter:card\" content=\"summary_large_image\" \/>\n<meta name=\"twitter:site\" content=\"@uni_haxhizeka\" \/>\n<meta name=\"twitter:label1\" content=\"Est. reading time\" \/>\n\t<meta name=\"twitter:data1\" content=\"1 minuta\" \/>\n<script type=\"application\/ld+json\" class=\"yoast-schema-graph\">{\"@context\":\"https:\/\/schema.org\",\"@graph\":[{\"@type\":\"WebPage\",\"@id\":\"https:\/\/unhz.eu\/projektet\/\",\"url\":\"https:\/\/unhz.eu\/projektet\/\",\"name\":\"Projektet - University Haxhi Zeka\",\"isPartOf\":{\"@id\":\"https:\/\/unhz.eu\/#website\"},\"datePublished\":\"2024-04-29T10:08:51+00:00\",\"dateModified\":\"2025-06-03T13:20:11+00:00\",\"breadcrumb\":{\"@id\":\"https:\/\/unhz.eu\/projektet\/#breadcrumb\"},\"inLanguage\":\"bs-BA\",\"potentialAction\":[{\"@type\":\"ReadAction\",\"target\":[\"https:\/\/unhz.eu\/projektet\/\"]}]},{\"@type\":\"BreadcrumbList\",\"@id\":\"https:\/\/unhz.eu\/projektet\/#breadcrumb\",\"itemListElement\":[{\"@type\":\"ListItem\",\"position\":1,\"name\":\"Home\",\"item\":\"https:\/\/unhz.eu\/\"},{\"@type\":\"ListItem\",\"position\":2,\"name\":\"Projektet\"}]},{\"@type\":\"WebSite\",\"@id\":\"https:\/\/unhz.eu\/#website\",\"url\":\"https:\/\/unhz.eu\/\",\"name\":\"Universiteti \u201cHaxhi Zeka\u201d\",\"description\":\"I dedikuar p\u00ebr cil\u00ebsi, standarde dhe suksese\",\"publisher\":{\"@id\":\"https:\/\/unhz.eu\/#organization\"},\"alternateName\":\"Universiteti Haxhi Zeka\",\"potentialAction\":[{\"@type\":\"SearchAction\",\"target\":{\"@type\":\"EntryPoint\",\"urlTemplate\":\"https:\/\/unhz.eu\/?s={search_term_string}\"},\"query-input\":{\"@type\":\"PropertyValueSpecification\",\"valueRequired\":true,\"valueName\":\"search_term_string\"}}],\"inLanguage\":\"bs-BA\"},{\"@type\":\"Organization\",\"@id\":\"https:\/\/unhz.eu\/#organization\",\"name\":\"Universiteti \u201cHaxhi Zeka\u201d\",\"alternateName\":\"Universiteti Haxhi Zeka\",\"url\":\"https:\/\/unhz.eu\/\",\"logo\":{\"@type\":\"ImageObject\",\"inLanguage\":\"bs-BA\",\"@id\":\"https:\/\/unhz.eu\/#\/schema\/logo\/image\/\",\"url\":\"https:\/\/unhz.eu\/wp-content\/uploads\/2025\/04\/logo-unhz.webp\",\"contentUrl\":\"https:\/\/unhz.eu\/wp-content\/uploads\/2025\/04\/logo-unhz.webp\",\"width\":1024,\"height\":260,\"caption\":\"Universiteti \u201cHaxhi Zeka\u201d\"},\"image\":{\"@id\":\"https:\/\/unhz.eu\/#\/schema\/logo\/image\/\"},\"sameAs\":[\"https:\/\/www.facebook.com\/uni.haxhizeka\",\"https:\/\/x.com\/uni_haxhizeka\",\"https:\/\/www.linkedin.com\/school\/haxhi-zeka-university\",\"https:\/\/www.instagram.com\/uni_haxhizeka\/\"],\"description\":\"Universiteti \u201cHaxhi Zeka\u201d n\u00eb Pej\u00eb \u00ebsht\u00eb institucion publik i arsimit t\u00eb lart\u00eb, q\u00eb ofron studime bachelor, master dhe doktorat\u00eb n\u00eb fusha t\u00eb ndryshme si menaxhimi, turizmi, ekonomia, bujq\u00ebsia, arti dhe drejt\u00ebsia. Universiteti synon zhvillimin akademik, hulumtimin shkencor dhe kontributin n\u00eb komunitet.\",\"email\":\"info@unhz.eu\",\"telephone\":\"+38339410970\",\"legalName\":\"Universiteti \u201cHaxhi Zeka\u201d n\u00eb Pej\u00eb\",\"foundingDate\":\"2011-11-14\",\"numberOfEmployees\":{\"@type\":\"QuantitativeValue\",\"minValue\":\"201\",\"maxValue\":\"500\"}}]}<\/script>\n<!-- \/ Yoast SEO Premium plugin. -->","yoast_head_json":{"title":"Projektet - University Haxhi Zeka","robots":{"index":"index","follow":"follow","max-snippet":"max-snippet:-1","max-image-preview":"max-image-preview:large","max-video-preview":"max-video-preview:-1"},"canonical":"https:\/\/unhz.eu\/bs\/projektet\/","og_locale":"bs_BA","og_type":"article","og_title":"Projektet","og_description":"Rreth PROJEKTEVE Titulli i Projektit \u201cKurse t\u00eb shkurtra mbi dhun\u00ebn ndaj grave: T\u00eb drejtat e&hellip;","og_url":"https:\/\/unhz.eu\/bs\/projektet\/","og_site_name":"University Haxhi Zeka","article_publisher":"https:\/\/www.facebook.com\/uni.haxhizeka","article_modified_time":"2025-06-03T13:20:11+00:00","twitter_card":"summary_large_image","twitter_site":"@uni_haxhizeka","twitter_misc":{"Est. reading time":"1 minuta"},"schema":{"@context":"https:\/\/schema.org","@graph":[{"@type":"WebPage","@id":"https:\/\/unhz.eu\/projektet\/","url":"https:\/\/unhz.eu\/projektet\/","name":"Projektet - University Haxhi Zeka","isPartOf":{"@id":"https:\/\/unhz.eu\/#website"},"datePublished":"2024-04-29T10:08:51+00:00","dateModified":"2025-06-03T13:20:11+00:00","breadcrumb":{"@id":"https:\/\/unhz.eu\/projektet\/#breadcrumb"},"inLanguage":"bs-BA","potentialAction":[{"@type":"ReadAction","target":["https:\/\/unhz.eu\/projektet\/"]}]},{"@type":"BreadcrumbList","@id":"https:\/\/unhz.eu\/projektet\/#breadcrumb","itemListElement":[{"@type":"ListItem","position":1,"name":"Home","item":"https:\/\/unhz.eu\/"},{"@type":"ListItem","position":2,"name":"Projektet"}]},{"@type":"WebSite","@id":"https:\/\/unhz.eu\/#website","url":"https:\/\/unhz.eu\/","name":"Univerzitet &quot;Had\u017ei Zeka&quot;\u201c","description":"Posve\u0107eni kvaliteti, standardima i uspjehu","publisher":{"@id":"https:\/\/unhz.eu\/#organization"},"alternateName":"Universiteti Haxhi Zeka","potentialAction":[{"@type":"SearchAction","target":{"@type":"EntryPoint","urlTemplate":"https:\/\/unhz.eu\/?s={search_term_string}"},"query-input":{"@type":"PropertyValueSpecification","valueRequired":true,"valueName":"search_term_string"}}],"inLanguage":"bs-BA"},{"@type":"Organization","@id":"https:\/\/unhz.eu\/#organization","name":"Univerzitet &quot;Had\u017ei Zeka&quot;\u201c","alternateName":"Universiteti Haxhi Zeka","url":"https:\/\/unhz.eu\/","logo":{"@type":"ImageObject","inLanguage":"bs-BA","@id":"https:\/\/unhz.eu\/#\/schema\/logo\/image\/","url":"https:\/\/unhz.eu\/wp-content\/uploads\/2025\/04\/logo-unhz.webp","contentUrl":"https:\/\/unhz.eu\/wp-content\/uploads\/2025\/04\/logo-unhz.webp","width":1024,"height":260,"caption":"Universiteti \u201cHaxhi Zeka\u201d"},"image":{"@id":"https:\/\/unhz.eu\/#\/schema\/logo\/image\/"},"sameAs":["https:\/\/www.facebook.com\/uni.haxhizeka","https:\/\/x.com\/uni_haxhizeka","https:\/\/www.linkedin.com\/school\/haxhi-zeka-university","https:\/\/www.instagram.com\/uni_haxhizeka\/"],"description":"Univerzitet &quot;Had\u017ei Zeka&quot; u Pe\u0107i je javna visoko\u0161kolska ustanova koja nudi dodiplomske, master i doktorske studije u raznim oblastima kao \u0161to su menad\u017ement, turizam, ekonomija, poljoprivreda, umjetnost i pravo. Univerzitet ima za cilj akademski razvoj, nau\u010dna istra\u017eivanja i doprinos zajednici.","email":"info@unhz.eu","telephone":"+38339410970","legalName":"Universiteti \u201cHaxhi Zeka\u201d n\u00eb Pej\u00eb","foundingDate":"2011-11-14","numberOfEmployees":{"@type":"QuantitativeValue","minValue":"201","maxValue":"500"}}]}},"acf":[],"_links":{"self":[{"href":"https:\/\/unhz.eu\/bs\/wp-json\/wp\/v2\/pages\/23830","targetHints":{"allow":["GET"]}}],"collection":[{"href":"https:\/\/unhz.eu\/bs\/wp-json\/wp\/v2\/pages"}],"about":[{"href":"https:\/\/unhz.eu\/bs\/wp-json\/wp\/v2\/types\/page"}],"author":[{"embeddable":true,"href":"https:\/\/unhz.eu\/bs\/wp-json\/wp\/v2\/users\/1"}],"replies":[{"embeddable":true,"href":"https:\/\/unhz.eu\/bs\/wp-json\/wp\/v2\/comments?post=23830"}],"version-history":[{"count":1,"href":"https:\/\/unhz.eu\/bs\/wp-json\/wp\/v2\/pages\/23830\/revisions"}],"predecessor-version":[{"id":52715,"href":"https:\/\/unhz.eu\/bs\/wp-json\/wp\/v2\/pages\/23830\/revisions\/52715"}],"wp:attachment":[{"href":"https:\/\/unhz.eu\/bs\/wp-json\/wp\/v2\/media?parent=23830"}],"curies":[{"name":"radni list","href":"https:\/\/api.w.org\/{rel}","templated":true}]}}