{"id":23828,"date":"2024-04-29T10:08:31","date_gmt":"2024-04-29T10:08:31","guid":{"rendered":"https:\/\/unhz.eu\/?page_id=23828"},"modified":"2025-07-17T09:36:56","modified_gmt":"2025-07-17T07:36:56","slug":"anetarsimet","status":"publish","type":"page","link":"https:\/\/unhz.eu\/bs\/anetarsimet\/","title":{"rendered":"\u010clanstva"},"content":{"rendered":"<div data-elementor-type=\"wp-page\" data-elementor-id=\"23828\" class=\"elementor elementor-23828\" data-elementor-post-type=\"page\">\n\t\t\t\t\t\t<section class=\"elementor-section elementor-top-section elementor-element elementor-element-42bfd53 elementor-section-boxed elementor-section-height-default elementor-section-height-default sc_fly_static\" data-id=\"42bfd53\" data-element_type=\"section\" data-e-type=\"section\">\n\t\t\t\t\t\t<div class=\"elementor-container elementor-column-gap-extended\">\n\t\t\t\t\t<div class=\"elementor-column elementor-col-100 elementor-top-column elementor-element elementor-element-b14d35d sc_content_align_inherit sc_layouts_column_icons_position_left sc_fly_static\" data-id=\"b14d35d\" data-element_type=\"column\" data-e-type=\"column\">\n\t\t\t<div class=\"elementor-widget-wrap elementor-element-populated\">\n\t\t\t\t\t\t<div class=\"elementor-element elementor-element-250041a sc_fly_static elementor-widget elementor-widget-trx_sc_title\" data-id=\"250041a\" data-element_type=\"widget\" data-e-type=\"widget\" data-widget_type=\"trx_sc_title.default\">\n\t\t\t\t<div class=\"elementor-widget-container\">\n\t\t\t\t\t<div\t\tclass=\"sc_title sc_title_default\" ><span class=\"sc_item_subtitle sc_title_subtitle sc_item_subtitle_above sc_item_title_style_default\">O nama<\/span><h5 class=\"sc_item_title sc_title_title sc_item_title_style_default sc_item_title_tag\"\n\t\t\t><span class=\"sc_item_title_text\">AN\u00cbTARSIMEVE<\/span><\/h5><\/div>\t\t\t\t<\/div>\n\t\t\t\t<\/div>\n\t\t\t\t<div class=\"elementor-element elementor-element-6f7469f sc_fly_static elementor-widget elementor-widget-spacer\" data-id=\"6f7469f\" data-element_type=\"widget\" data-e-type=\"widget\" data-widget_type=\"spacer.default\">\n\t\t\t\t<div class=\"elementor-widget-container\">\n\t\t\t\t\t\t\t<div class=\"elementor-spacer\">\n\t\t\t<div class=\"elementor-spacer-inner\"><\/div>\n\t\t<\/div>\n\t\t\t\t\t\t<\/div>\n\t\t\t\t<\/div>\n\t\t\t\t\t<\/div>\n\t\t<\/div>\n\t\t\t\t\t<\/div>\n\t\t<\/section>\n\t\t\t\t<section class=\"elementor-section elementor-top-section elementor-element elementor-element-dd314aa elementor-section-boxed elementor-section-height-default elementor-section-height-default sc_fly_static\" data-id=\"dd314aa\" data-element_type=\"section\" data-e-type=\"section\">\n\t\t\t\t\t\t<div class=\"elementor-container elementor-column-gap-extended\">\n\t\t\t\t\t<div class=\"elementor-column elementor-col-100 elementor-top-column elementor-element elementor-element-d1bb433 sc_content_align_inherit sc_layouts_column_icons_position_left sc_fly_static\" data-id=\"d1bb433\" data-element_type=\"column\" data-e-type=\"column\">\n\t\t\t<div class=\"elementor-widget-wrap elementor-element-populated\">\n\t\t\t\t\t\t<div class=\"elementor-element elementor-element-572a7ce sc_fly_static elementor-widget elementor-widget-text-editor\" data-id=\"572a7ce\" data-element_type=\"widget\" data-e-type=\"widget\" data-widget_type=\"text-editor.default\">\n\t\t\t\t<div class=\"elementor-widget-container\">\n\t\t\t\t\t\t\t\t\t<table class=\"mtr-table mtr-tr-td\"><tbody><tr><td class=\"mtr-td-tag\" width=\"35\" data-mtr-content=\"Nr.\"><div class=\"mtr-cell-content\"><strong>Nr.<\/strong><\/div><\/td><td class=\"mtr-td-tag\" width=\"290\" data-mtr-content=\"Institucioni\"><div class=\"mtr-cell-content\"><strong>Institucioni<\/strong><\/div><\/td><td class=\"mtr-td-tag\" width=\"146\" data-mtr-content=\"Vendi\"><div class=\"mtr-cell-content\"><strong>Vendi<\/strong><\/div><\/td><td class=\"mtr-td-tag\" width=\"153\" data-mtr-content=\"Website\"><div class=\"mtr-cell-content\"><strong>Website<\/strong><\/div><\/td><\/tr><tr><td class=\"mtr-td-tag\" width=\"35\" data-mtr-content=\"Nr.\"><div class=\"mtr-cell-content\">1<\/div><\/td><td class=\"mtr-td-tag\" width=\"290\" data-mtr-content=\"Institucioni\"><div class=\"mtr-cell-content\">European Network for Academic Integrity (ENAI)<\/div><\/td><td class=\"mtr-td-tag\" width=\"146\" data-mtr-content=\"Vendi\"><div class=\"mtr-cell-content\">Czech Republic<\/div><\/td><td class=\"mtr-td-tag\" width=\"153\" data-mtr-content=\"Website\"><div class=\"mtr-cell-content\"><a href=\"http:\/\/www.academicintegrity.eu\/wp\/\"><em>http:\/\/www.academicintegrity.eu\/wp\/<\/em><\/a><\/div><\/td><\/tr><tr><td class=\"mtr-td-tag\" width=\"35\" data-mtr-content=\"Nr.\"><div class=\"mtr-cell-content\">2<\/div><\/td><td class=\"mtr-td-tag\" width=\"290\" data-mtr-content=\"Institucioni\"><div class=\"mtr-cell-content\">Balkan Universities Association<\/div><\/td><td class=\"mtr-td-tag\" width=\"146\" data-mtr-content=\"Vendi\"><div class=\"mtr-cell-content\">\u00a0<\/div><\/td><td class=\"mtr-td-tag\" width=\"153\" data-mtr-content=\"Website\"><div class=\"mtr-cell-content\"><a href=\"http:\/\/www.baunas.org\/\">http:\/\/www.baunas.org\/<\/a><\/div><\/td><\/tr><tr><td class=\"mtr-td-tag\" width=\"35\" data-mtr-content=\"Nr.\"><div class=\"mtr-cell-content\">3<\/div><\/td><td class=\"mtr-td-tag\" width=\"290\" data-mtr-content=\"Institucioni\"><div class=\"mtr-cell-content\">Businet<\/div><\/td><td class=\"mtr-td-tag\" width=\"146\" data-mtr-content=\"Vendi\"><div class=\"mtr-cell-content\">\u00a0<\/div><\/td><td class=\"mtr-td-tag\" width=\"153\" data-mtr-content=\"Website\"><div class=\"mtr-cell-content\"><a href=\"https:\/\/unhz.eu\/wp-content\/uploads\/2025\/05\/businet-eng_merged.pdf\">PDF<\/a><\/div><\/td><\/tr><\/tbody><\/table>\t\t\t\t\t\t\t\t<\/div>\n\t\t\t\t<\/div>\n\t\t\t\t\t<\/div>\n\t\t<\/div>\n\t\t\t\t\t<\/div>\n\t\t<\/section>\n\t\t\t\t<\/div>","protected":false},"excerpt":{"rendered":"<p>Rreth AN\u00cbTARSIMEVE Nr. Institucioni Vendi Website 1 European Network for Academic Integrity (ENAI) Czech Republic&hellip;<\/p>","protected":false},"author":1,"featured_media":50754,"parent":0,"menu_order":0,"comment_status":"closed","ping_status":"closed","template":"","meta":{"_acf_changed":false,"footnotes":""},"class_list":["post-23828","page","type-page","status-publish","has-post-thumbnail","hentry"],"yoast_head":"<!-- This site is optimized with the Yoast SEO Premium plugin v27.2 (Yoast SEO v27.2) - https:\/\/yoast.com\/product\/yoast-seo-premium-wordpress\/ -->\n<title>An\u00ebtarsimet - University Haxhi Zeka<\/title>\n<meta name=\"description\" content=\"An\u00ebtar\u00ebsimet UHZ pasqyrojn\u00eb partneritete akademike, bashk\u00ebpunime me rrjete lokale dhe nd\u00ebrkomb\u00ebtare, duke forcuar pozicionin institucional t\u00eb Universitetit \u201cHaxhi Zeka\u201d.\" \/>\n<meta name=\"robots\" content=\"index, follow, max-snippet:-1, max-image-preview:large, max-video-preview:-1\" \/>\n<link rel=\"canonical\" href=\"https:\/\/unhz.eu\/bs\/anetarsimet\/\" \/>\n<meta property=\"og:locale\" content=\"bs_BA\" \/>\n<meta property=\"og:type\" content=\"article\" \/>\n<meta property=\"og:title\" content=\"An\u00ebtarsimet\" \/>\n<meta property=\"og:description\" content=\"An\u00ebtar\u00ebsimet UHZ pasqyrojn\u00eb partneritete akademike, bashk\u00ebpunime me rrjete lokale dhe nd\u00ebrkomb\u00ebtare, duke forcuar pozicionin institucional t\u00eb Universitetit \u201cHaxhi Zeka\u201d.\" \/>\n<meta property=\"og:url\" content=\"https:\/\/unhz.eu\/bs\/anetarsimet\/\" \/>\n<meta property=\"og:site_name\" content=\"University Haxhi Zeka\" \/>\n<meta property=\"article:publisher\" content=\"https:\/\/www.facebook.com\/uni.haxhizeka\" \/>\n<meta property=\"article:modified_time\" content=\"2025-07-17T07:36:56+00:00\" \/>\n<meta property=\"og:image\" content=\"https:\/\/unhz.eu\/wp-content\/uploads\/2025\/04\/Dizajn-me-logo-te-UHZ.webp\" \/>\n\t<meta property=\"og:image:width\" content=\"1000\" \/>\n\t<meta property=\"og:image:height\" content=\"1000\" \/>\n\t<meta property=\"og:image:type\" content=\"image\/webp\" \/>\n<meta name=\"twitter:card\" content=\"summary_large_image\" \/>\n<meta name=\"twitter:site\" content=\"@uni_haxhizeka\" \/>\n<meta name=\"twitter:label1\" content=\"Est. reading time\" \/>\n\t<meta name=\"twitter:data1\" content=\"1 minuta\" \/>\n<script type=\"application\/ld+json\" class=\"yoast-schema-graph\">{\"@context\":\"https:\/\/schema.org\",\"@graph\":[{\"@type\":\"WebPage\",\"@id\":\"https:\/\/unhz.eu\/anetarsimet\/\",\"url\":\"https:\/\/unhz.eu\/anetarsimet\/\",\"name\":\"An\u00ebtarsimet - University Haxhi Zeka\",\"isPartOf\":{\"@id\":\"https:\/\/unhz.eu\/#website\"},\"primaryImageOfPage\":{\"@id\":\"https:\/\/unhz.eu\/anetarsimet\/#primaryimage\"},\"image\":{\"@id\":\"https:\/\/unhz.eu\/anetarsimet\/#primaryimage\"},\"thumbnailUrl\":\"https:\/\/unhz.eu\/wp-content\/uploads\/2025\/04\/Dizajn-me-logo-te-UHZ.webp\",\"datePublished\":\"2024-04-29T10:08:31+00:00\",\"dateModified\":\"2025-07-17T07:36:56+00:00\",\"description\":\"An\u00ebtar\u00ebsimet UHZ pasqyrojn\u00eb partneritete akademike, bashk\u00ebpunime me rrjete lokale dhe nd\u00ebrkomb\u00ebtare, duke forcuar pozicionin institucional t\u00eb Universitetit \u201cHaxhi Zeka\u201d.\",\"breadcrumb\":{\"@id\":\"https:\/\/unhz.eu\/anetarsimet\/#breadcrumb\"},\"inLanguage\":\"bs-BA\",\"potentialAction\":[{\"@type\":\"ReadAction\",\"target\":[\"https:\/\/unhz.eu\/anetarsimet\/\"]}]},{\"@type\":\"ImageObject\",\"inLanguage\":\"bs-BA\",\"@id\":\"https:\/\/unhz.eu\/anetarsimet\/#primaryimage\",\"url\":\"https:\/\/unhz.eu\/wp-content\/uploads\/2025\/04\/Dizajn-me-logo-te-UHZ.webp\",\"contentUrl\":\"https:\/\/unhz.eu\/wp-content\/uploads\/2025\/04\/Dizajn-me-logo-te-UHZ.webp\",\"width\":1000,\"height\":1000,\"caption\":\"Universiteti Haxhi Zeka, UHZ logo me background te kuq\"},{\"@type\":\"BreadcrumbList\",\"@id\":\"https:\/\/unhz.eu\/anetarsimet\/#breadcrumb\",\"itemListElement\":[{\"@type\":\"ListItem\",\"position\":1,\"name\":\"Home\",\"item\":\"https:\/\/unhz.eu\/\"},{\"@type\":\"ListItem\",\"position\":2,\"name\":\"An\u00ebtarsimet\"}]},{\"@type\":\"WebSite\",\"@id\":\"https:\/\/unhz.eu\/#website\",\"url\":\"https:\/\/unhz.eu\/\",\"name\":\"Universiteti \u201cHaxhi Zeka\u201d\",\"description\":\"I dedikuar p\u00ebr cil\u00ebsi, standarde dhe suksese\",\"publisher\":{\"@id\":\"https:\/\/unhz.eu\/#organization\"},\"alternateName\":\"Universiteti Haxhi Zeka\",\"potentialAction\":[{\"@type\":\"SearchAction\",\"target\":{\"@type\":\"EntryPoint\",\"urlTemplate\":\"https:\/\/unhz.eu\/?s={search_term_string}\"},\"query-input\":{\"@type\":\"PropertyValueSpecification\",\"valueRequired\":true,\"valueName\":\"search_term_string\"}}],\"inLanguage\":\"bs-BA\"},{\"@type\":\"Organization\",\"@id\":\"https:\/\/unhz.eu\/#organization\",\"name\":\"Universiteti \u201cHaxhi Zeka\u201d\",\"alternateName\":\"Universiteti Haxhi Zeka\",\"url\":\"https:\/\/unhz.eu\/\",\"logo\":{\"@type\":\"ImageObject\",\"inLanguage\":\"bs-BA\",\"@id\":\"https:\/\/unhz.eu\/#\/schema\/logo\/image\/\",\"url\":\"https:\/\/unhz.eu\/wp-content\/uploads\/2025\/04\/logo-unhz.webp\",\"contentUrl\":\"https:\/\/unhz.eu\/wp-content\/uploads\/2025\/04\/logo-unhz.webp\",\"width\":1024,\"height\":260,\"caption\":\"Universiteti \u201cHaxhi Zeka\u201d\"},\"image\":{\"@id\":\"https:\/\/unhz.eu\/#\/schema\/logo\/image\/\"},\"sameAs\":[\"https:\/\/www.facebook.com\/uni.haxhizeka\",\"https:\/\/x.com\/uni_haxhizeka\",\"https:\/\/www.linkedin.com\/school\/haxhi-zeka-university\",\"https:\/\/www.instagram.com\/uni_haxhizeka\/\"],\"description\":\"Universiteti \u201cHaxhi Zeka\u201d n\u00eb Pej\u00eb \u00ebsht\u00eb institucion publik i arsimit t\u00eb lart\u00eb, q\u00eb ofron studime bachelor, master dhe doktorat\u00eb n\u00eb fusha t\u00eb ndryshme si menaxhimi, turizmi, ekonomia, bujq\u00ebsia, arti dhe drejt\u00ebsia. Universiteti synon zhvillimin akademik, hulumtimin shkencor dhe kontributin n\u00eb komunitet.\",\"email\":\"info@unhz.eu\",\"telephone\":\"+38339410970\",\"legalName\":\"Universiteti \u201cHaxhi Zeka\u201d n\u00eb Pej\u00eb\",\"foundingDate\":\"2011-11-14\",\"numberOfEmployees\":{\"@type\":\"QuantitativeValue\",\"minValue\":\"201\",\"maxValue\":\"500\"}}]}<\/script>\n<!-- \/ Yoast SEO Premium plugin. -->","yoast_head_json":{"title":"An\u00ebtarsimet - University Haxhi Zeka","description":"An\u00ebtar\u00ebsimet UHZ pasqyrojn\u00eb partneritete akademike, bashk\u00ebpunime me rrjete lokale dhe nd\u00ebrkomb\u00ebtare, duke forcuar pozicionin institucional t\u00eb Universitetit \u201cHaxhi Zeka\u201d.","robots":{"index":"index","follow":"follow","max-snippet":"max-snippet:-1","max-image-preview":"max-image-preview:large","max-video-preview":"max-video-preview:-1"},"canonical":"https:\/\/unhz.eu\/bs\/anetarsimet\/","og_locale":"bs_BA","og_type":"article","og_title":"An\u00ebtarsimet","og_description":"An\u00ebtar\u00ebsimet UHZ pasqyrojn\u00eb partneritete akademike, bashk\u00ebpunime me rrjete lokale dhe nd\u00ebrkomb\u00ebtare, duke forcuar pozicionin institucional t\u00eb Universitetit \u201cHaxhi Zeka\u201d.","og_url":"https:\/\/unhz.eu\/bs\/anetarsimet\/","og_site_name":"University Haxhi Zeka","article_publisher":"https:\/\/www.facebook.com\/uni.haxhizeka","article_modified_time":"2025-07-17T07:36:56+00:00","og_image":[{"width":1000,"height":1000,"url":"https:\/\/unhz.eu\/wp-content\/uploads\/2025\/04\/Dizajn-me-logo-te-UHZ.webp","type":"image\/webp"}],"twitter_card":"summary_large_image","twitter_site":"@uni_haxhizeka","twitter_misc":{"Est. reading time":"1 minuta"},"schema":{"@context":"https:\/\/schema.org","@graph":[{"@type":"WebPage","@id":"https:\/\/unhz.eu\/anetarsimet\/","url":"https:\/\/unhz.eu\/anetarsimet\/","name":"An\u00ebtarsimet - University Haxhi Zeka","isPartOf":{"@id":"https:\/\/unhz.eu\/#website"},"primaryImageOfPage":{"@id":"https:\/\/unhz.eu\/anetarsimet\/#primaryimage"},"image":{"@id":"https:\/\/unhz.eu\/anetarsimet\/#primaryimage"},"thumbnailUrl":"https:\/\/unhz.eu\/wp-content\/uploads\/2025\/04\/Dizajn-me-logo-te-UHZ.webp","datePublished":"2024-04-29T10:08:31+00:00","dateModified":"2025-07-17T07:36:56+00:00","description":"An\u00ebtar\u00ebsimet UHZ pasqyrojn\u00eb partneritete akademike, bashk\u00ebpunime me rrjete lokale dhe nd\u00ebrkomb\u00ebtare, duke forcuar pozicionin institucional t\u00eb Universitetit \u201cHaxhi Zeka\u201d.","breadcrumb":{"@id":"https:\/\/unhz.eu\/anetarsimet\/#breadcrumb"},"inLanguage":"bs-BA","potentialAction":[{"@type":"ReadAction","target":["https:\/\/unhz.eu\/anetarsimet\/"]}]},{"@type":"ImageObject","inLanguage":"bs-BA","@id":"https:\/\/unhz.eu\/anetarsimet\/#primaryimage","url":"https:\/\/unhz.eu\/wp-content\/uploads\/2025\/04\/Dizajn-me-logo-te-UHZ.webp","contentUrl":"https:\/\/unhz.eu\/wp-content\/uploads\/2025\/04\/Dizajn-me-logo-te-UHZ.webp","width":1000,"height":1000,"caption":"Universiteti Haxhi Zeka, UHZ logo me background te kuq"},{"@type":"BreadcrumbList","@id":"https:\/\/unhz.eu\/anetarsimet\/#breadcrumb","itemListElement":[{"@type":"ListItem","position":1,"name":"Home","item":"https:\/\/unhz.eu\/"},{"@type":"ListItem","position":2,"name":"An\u00ebtarsimet"}]},{"@type":"WebSite","@id":"https:\/\/unhz.eu\/#website","url":"https:\/\/unhz.eu\/","name":"Univerzitet &quot;Had\u017ei Zeka&quot;\u201c","description":"Posve\u0107eni kvaliteti, standardima i uspjehu","publisher":{"@id":"https:\/\/unhz.eu\/#organization"},"alternateName":"Universiteti Haxhi Zeka","potentialAction":[{"@type":"SearchAction","target":{"@type":"EntryPoint","urlTemplate":"https:\/\/unhz.eu\/?s={search_term_string}"},"query-input":{"@type":"PropertyValueSpecification","valueRequired":true,"valueName":"search_term_string"}}],"inLanguage":"bs-BA"},{"@type":"Organization","@id":"https:\/\/unhz.eu\/#organization","name":"Univerzitet &quot;Had\u017ei Zeka&quot;\u201c","alternateName":"Universiteti Haxhi Zeka","url":"https:\/\/unhz.eu\/","logo":{"@type":"ImageObject","inLanguage":"bs-BA","@id":"https:\/\/unhz.eu\/#\/schema\/logo\/image\/","url":"https:\/\/unhz.eu\/wp-content\/uploads\/2025\/04\/logo-unhz.webp","contentUrl":"https:\/\/unhz.eu\/wp-content\/uploads\/2025\/04\/logo-unhz.webp","width":1024,"height":260,"caption":"Universiteti \u201cHaxhi Zeka\u201d"},"image":{"@id":"https:\/\/unhz.eu\/#\/schema\/logo\/image\/"},"sameAs":["https:\/\/www.facebook.com\/uni.haxhizeka","https:\/\/x.com\/uni_haxhizeka","https:\/\/www.linkedin.com\/school\/haxhi-zeka-university","https:\/\/www.instagram.com\/uni_haxhizeka\/"],"description":"Univerzitet &quot;Had\u017ei Zeka&quot; u Pe\u0107i je javna visoko\u0161kolska ustanova koja nudi dodiplomske, master i doktorske studije u raznim oblastima kao \u0161to su menad\u017ement, turizam, ekonomija, poljoprivreda, umjetnost i pravo. Univerzitet ima za cilj akademski razvoj, nau\u010dna istra\u017eivanja i doprinos zajednici.","email":"info@unhz.eu","telephone":"+38339410970","legalName":"Universiteti \u201cHaxhi Zeka\u201d n\u00eb Pej\u00eb","foundingDate":"2011-11-14","numberOfEmployees":{"@type":"QuantitativeValue","minValue":"201","maxValue":"500"}}]}},"acf":[],"_links":{"self":[{"href":"https:\/\/unhz.eu\/bs\/wp-json\/wp\/v2\/pages\/23828","targetHints":{"allow":["GET"]}}],"collection":[{"href":"https:\/\/unhz.eu\/bs\/wp-json\/wp\/v2\/pages"}],"about":[{"href":"https:\/\/unhz.eu\/bs\/wp-json\/wp\/v2\/types\/page"}],"author":[{"embeddable":true,"href":"https:\/\/unhz.eu\/bs\/wp-json\/wp\/v2\/users\/1"}],"replies":[{"embeddable":true,"href":"https:\/\/unhz.eu\/bs\/wp-json\/wp\/v2\/comments?post=23828"}],"version-history":[{"count":5,"href":"https:\/\/unhz.eu\/bs\/wp-json\/wp\/v2\/pages\/23828\/revisions"}],"predecessor-version":[{"id":56711,"href":"https:\/\/unhz.eu\/bs\/wp-json\/wp\/v2\/pages\/23828\/revisions\/56711"}],"wp:featuredmedia":[{"embeddable":true,"href":"https:\/\/unhz.eu\/bs\/wp-json\/wp\/v2\/media\/50754"}],"wp:attachment":[{"href":"https:\/\/unhz.eu\/bs\/wp-json\/wp\/v2\/media?parent=23828"}],"curies":[{"name":"radni list","href":"https:\/\/api.w.org\/{rel}","templated":true}]}}